{"id":253965,"date":"2018-01-28T00:33:01","date_gmt":"2018-01-27T17:33:01","guid":{"rendered":"https:\/\/maybommini.com.vn\/?page_id=253965"},"modified":"2023-06-13T12:40:22","modified_gmt":"2023-06-13T05:40:22","slug":"chinh-sach-bao-hanh-doi-tra","status":"publish","type":"page","link":"https:\/\/maybommini.vn\/?page_id=253965","title":{"rendered":"Ch\u00ednh s\u00e1ch B\u1ea3o h\u00e0nh &#038; \u0110\u1ed5i tr\u1ea3"},"content":{"rendered":"<h2 style=\"text-align: center;\"><strong>Ch\u00ednh s\u00e1ch B\u1ea3o h\u00e0nh &amp; \u0110\u1ed5i tr\u1ea3<\/strong><\/h2>\n<p><strong>1. S\u1ea3n ph\u1ea9m v\u00e0 th\u1eddi h\u1ea1n b\u1ea3o h\u00e0nh<br \/>\n<\/strong>T\u1ea5t c\u1ea3 c\u00e1c s\u1ea3n ph\u1ea9m mua t\u1ea1i <strong>Maybommini.com<\/strong>\u00a0s\u1ebd \u0111\u01b0\u1ee3c b\u1ea3o h\u00e0nh t\u1eeb 1 th\u00e1ng \u0111\u1ebfn 12 th\u00e1ng t\u00f9y theo s\u1ea3n ph\u1ea9m.<br \/>\n&#8211; Th\u1eddi h\u1ea1n b\u1ea3o h\u00e0nh \u0111\u01b0\u1ee3c x\u00e1c nh\u1eadn tr\u00ean Phi\u1ebfu mua h\u00e0ng, t\u00ednh t\u1eeb th\u1eddi \u0111i\u1ec3m mua h\u00e0ng.<br \/>\n&#8211; V\u1edbi tr\u01b0\u1eddng h\u1ee3p m\u1ea5t Phi\u1ebfu mua h\u00e0ng, kh\u00e1ch h\u00e0ng cung c\u1ea5p \u0111\u00fang th\u00f4ng tin ng\u01b0\u1eddi mua h\u00e0ng, s\u1ed1 \u0111i\u1ec7n tho\u1ea1i ng\u01b0\u1eddi mua h\u00e0ng \u0111\u1ed3ng th\u1eddi kh\u00f4ng vi ph\u1ea1m \u0111i\u1ec1u 4, v\u1eabn s\u1ebd \u0111\u01b0\u1ee3c b\u1ea3o h\u00e0nh theo quy \u0111\u1ecbnh.<br \/>\n&#8211; S\u1ea3n ph\u1ea9m s\u1ebd \u0111\u01b0\u1ee3c b\u1ea3o h\u00e0nh trong th\u1eddi gian s\u1edbm nh\u1ea5t, v\u00e0 t\u00f9y thu\u1ed9c v\u00e0o m\u1ee9c \u0111\u1ed9 h\u01b0 h\u1ecfng.<br \/>\n<strong>2. Ch\u00ednh s\u00e1ch \u0111\u1ed5i m\u1edbi s\u1ea3n ph\u1ea9m v\u00e0 ho\u00e0n ti\u1ec1n.<br \/>\n<\/strong><strong>A\/ \u0110\u1ed5i m\u1edbi b\u1ea3o h\u00e0nh\u00a0<\/strong>:<br \/>\n&#8211; \u0110\u1ed5i m\u1edbi s\u1ea3n ph\u1ea9m b\u1ecb l\u1ed7i (do sai s\u00f3t c\u1ee7a nh\u00e0 s\u1ea3n xu\u1ea5t)- <strong><em>( xem them \u0111i\u1ec1u 3 \u2013 \u0110i\u1ec1u ki\u1ec7n b\u1ea3o h\u00e0nh )<\/em><\/strong><\/p>\n<p><strong>B\/ \u0110\u1ed5i m\u00e1y kh\u00e1c theo nhu c\u1ea7u c\u1ee7a kh\u00e1ch h\u00e0ng :<\/strong> Trong 03 ng\u00e0y s\u1eed d\u1ee5ng<br \/>\n&#8211; S\u1ea3n ph\u1ea9m mu\u1ed1n \u0111\u1ed5i m\u1edbi theo nhu c\u1ea7u kh\u00e1ch h\u00e0ng, \u0111\u01b0\u1ee3c <strong>Maybommini.com\u00a0<\/strong>nh\u1eadp l\u1ea1i s\u1ea3n ph\u1ea9m v\u1edbi m\u1ee9c gi\u00e1 th\u1ea5p h\u01a1n 30% &#8211; 50% tr\u00ean h\u00f3a \u0111\u01a1n.<br \/>\n&#8211; N\u1ebfu s\u1ea3n ph\u1ea9m \u0111\u1ed5i m\u1edbi c\u00f3 gi\u00e1 tr\u1ecb cao h\u01a1n s\u1ea3n ph\u1ea9m kh\u00e1ch h\u00e0ng \u0111\u00e3 mua \u0111\u01b0\u1ee3c <strong>Maybommini.com\u00a0<\/strong>nh\u1eadp l\u1ea1i s\u1ea3n ph\u1ea9m \u0111\u00e3 xu\u1ea5t b\u00e1n v\u00e0 kh\u00e1ch h\u00e0ng c\u00f3 tr\u00e1ch nhi\u1ec7m thanh to\u00e1n ph\u1ea7n gi\u00e1 tr\u1ecb ch\u00eanh l\u1ec7ch s\u1ea3n ph\u1ea9m \u0111\u1ed5i v\u00e0 b\u00f9 th\u00eam ph\u00ed cho s\u1ea3n ph\u1ea9m c\u1ee7.<br \/>\n<strong>&#8211; Kh\u00f4ng \u00e1p d\u1ee5ng \u0111\u1ed5i tr\u1ea3 v\u1edbi s\u1ea3n ph\u1ea9m \u0111\u1eb7t h\u00e0ng (h\u00e0ng \u0111\u1eb7t tr\u01b0\u1edbc, h\u00e0ng y\u00eau c\u1ea7u \u0111\u1eb7t)\u00a0<\/strong><\/p>\n<p>&#8211; \u0110i\u1ec1u ki\u1ec7n \u0111\u1ed5i m\u1edbi:<br \/>\n* L\u1ed7i do m\u00e1y ho\u1ea1t \u0111\u1ed9ng kh\u00f4ng \u0111\u00fang nh\u01b0 th\u00f4ng s\u1ed1 k\u1ef9 thu\u1eadt ghi tr\u00ean tem m\u00e1c s\u1ea3n ph\u1ea9m.<br \/>\n* S\u1ea3n ph\u1ea9m c\u00f2n nguy\u00ean h\u1ed9p, tem, m\u00e1c, \u0111\u1ea7y \u0111\u1ee7 c\u00e1c ph\u1ee5 ki\u1ec7n \u0111i k\u00e8m.<br \/>\n* S\u1ea3n ph\u1ea7m c\u00f2n \u0111\u1ea7y \u0111\u1ee7 ch\u1ee9ng t\u1eeb, bao g\u1ed3m phi\u1ebfu b\u1ea3o h\u00e0nh, h\u00f3a \u0111\u01a1n VAT (n\u1ebfu c\u00f3).<\/p>\n<p><strong>3. \u0110i\u1ec1u ki\u1ec7n b\u1ea3o h\u00e0nh<\/strong><br \/>\nS\u1ea3n ph\u1ea9m s\u1ebd \u0111\u01b0\u1ee3c b\u1ea3o h\u00e0nh n\u1ebfu th\u1ecfa m\u00e3n c\u00e1c \u0111i\u1ec1u ki\u1ec7n sau:<br \/>\n&#8211; S\u1ea3n ph\u1ea9m c\u00f2n th\u1eddi h\u1ea1n b\u1ea3o h\u00e0nh.<br \/>\n&#8211; Th\u00f4ng tin v\u1ec1 Model, Series, M\u00e1c tr\u00ean m\u00e1y v\u1eabn c\u00f2n nguy\u00ean v\u1eb9n<br \/>\n&#8211; H\u01b0 h\u1ecfng do ch\u1ea5t l\u01b0\u1ee3ng linh ki\u1ec7n, l\u1ed7i nh\u00e0 s\u1ea3n xu\u1ea5t.<br \/>\n&#8211; S\u1ea3n ph\u1ea9m kh\u00f4ng thu\u1ed9c tr\u01b0\u1eddng h\u1ee3p b\u1ecb t\u1eeb ch\u1ed1i b\u1ea3o h\u00e0nh t\u1ea1i \u0111i\u1ec1u 4.<\/p>\n<p><strong>4. \u0110i\u1ec1u ki\u1ec7n t\u1eeb ch\u1ed1i b\u1ea3o h\u00e0nh<\/strong><br \/>\nS\u1ea3n ph\u1ea9m thu\u1ed9c 1 trong c\u00e1c \u0111i\u1ec1u ki\u1ec7n sau s\u1ebd b\u1ecb t\u1eeb ch\u1ed1i b\u1ea3o h\u00e0nh<br \/>\n&#8211; Tem m\u00e1c tr\u00ean m\u00e1y b\u1ecb t\u1ea9y x\u00f3a, thay \u0111\u1ed5i, bong tr\u00f3c.<br \/>\n&#8211; S\u1ea3n ph\u1ea9m ch\u00e1y n\u1ed5, s\u1eed d\u1ee5ng sai ngu\u1ed3n \u0111i\u1ec7n, m\u00e1y b\u01a1m ch\u00ecm ch\u1ea1y kh\u00f4 kh\u00f4ng c\u00f3 n\u01b0\u1edbc, m\u00e1y ch\u1ea1y qu\u00e1 c\u00f4ng su\u1ea5t qu\u00e1 nhi\u1ec7t.<br \/>\n&#8211; S\u1ea3n ph\u1ea9m b\u1ecb h\u01b0 h\u1ecfng do t\u00e1c \u0111\u1ed9ng c\u01a1 h\u1ecdc (r\u01a1i v\u1ee1, va \u0111\u1eadp, ch\u00e8n, \u0111\u00e8,\u2026 ), m\u00f3p m\u00e9o kh\u00f4ng nh\u01b0 h\u00ecnh d\u1ea1ng nguy\u00ean b\u1ea3n. H\u01b0 h\u1ecfng do thi\u00ean tai, h\u1ecfa ho\u1ea1n, l\u1ee5t l\u1ed9i, s\u00e9t \u0111\u00e1nh,c\u00f4ng tr\u00f9ng, \u0111\u1ed9ng v\u1eadt t\u00e1c \u0111\u1ed9ng v\u00e0o.<br \/>\n&#8211; S\u1ea3n ph\u1ea9m b\u1ecb h\u01b0 h\u1ecfng do d\u00f9ng sai \u0111i\u1ec7n th\u1ebf ch\u1ec9 \u0111\u1ecbnh.<br \/>\n&#8211; S\u1ea3n ph\u1ea9m b\u1ecb thay \u0111\u1ed5i, s\u1eeda ch\u1eefa b\u1edfi k\u1ef9 thu\u1eadt vi\u00ean kh\u00f4ng thu\u1ed9c c\u1eeda h\u00e0ng<br \/>\n&#8211; S\u1ea3n ph\u1ea9m kh\u00f4ng mua t\u1eeb h\u1ec7 th\u1ed1ng b\u00e1n h\u00e0ng c\u1ee7a <strong>Maybommini.com<\/strong><br \/>\n&#8211; S\u1ea3n ph\u1ea9m h\u1ebft h\u1ea1n b\u1ea3o h\u00e0nh.<\/p>\n<p><strong>LI\u00caN H\u1ec6 TRUNG T\u00c2M B\u1ea2O H\u00c0NH &#8211; M\u00c1Y B\u01a0M MINI<br \/>\n<\/strong><strong>Zalo \/ Tel:<\/strong>\u00a002873031399 &#8211; 02873030399<br \/>\n<a title=\"18Bis\/22 Nguy\u1ec5n Th\u1ecb Minh Khai, P.\u0110a Kao, Q.1, HCM\" href=\"https:\/\/www.google.com\/maps?ll=10.785783,106.69951&amp;z=19&amp;t=m&amp;hl=vi&amp;gl=US&amp;mapclient=embed&amp;cid=10004088178005581267\" target=\"_blank\" rel=\"noopener\">\u0110\u1ecba ch\u1ec9: 18Bis\/22 Nguy\u1ec5n Th\u1ecb Minh Khai, P.\u0110a Kao, Q.1, HCM\u00a0\u00a0<\/a><\/p>\n","protected":false},"excerpt":{"rendered":"<p>Ch\u00ednh s\u00e1ch B\u1ea3o h\u00e0nh &amp; \u0110\u1ed5i tr\u1ea3 1. S\u1ea3n ph\u1ea9m v\u00e0 th\u1eddi h\u1ea1n b\u1ea3o h\u00e0nh T\u1ea5t c\u1ea3 c\u00e1c s\u1ea3n ph\u1ea9m<\/p>\n","protected":false},"author":1,"featured_media":259004,"parent":0,"menu_order":0,"comment_status":"closed","ping_status":"closed","template":"","meta":{"footnotes":""},"class_list":["post-253965","page","type-page","status-publish","has-post-thumbnail","hentry"],"rankMath":{"parentDomain":"maybommini.vn","noFollowDomains":[],"noFollowExcludeDomains":[],"noFollowExternalLinks":false,"featuredImageNotice":"H\u00ecnh \u1ea3nh n\u1ed5i b\u1eadt n\u00ean c\u00f3 k\u00edch th\u01b0\u1edbc \u00edt nh\u1ea5t 200 x 200 pixel \u0111\u1ec3 \u0111\u01b0\u1ee3c Facebook v\u00e0 c\u00e1c trang m\u1ea1ng x\u00e3 h\u1ed9i kh\u00e1c ch\u1ecdn.","pluginReviewed":false,"postSettings":{"linkSuggestions":true,"useFocusKeyword":false},"frontEndScore":false,"postName":"chinh-sach-bao-hanh-doi-tra","permalinkFormat":"https:\/\/maybommini.vn\/?page_id=253965","showLockModifiedDate":true,"assessor":{"focusKeywordLink":"https:\/\/maybommini.vn\/wp-admin\/edit.php?focus_keyword=%focus_keyword%&post_type=%post_type%","hasTOCPlugin":false,"primaryTaxonomy":false,"serpData":{"title":"","description":"T\u1ea5t c\u1ea3 c\u00e1c s\u1ea3n ph\u1ea9m mua t\u1ea1i Maybommini.com\u00a0s\u1ebd \u0111\u01b0\u1ee3c b\u1ea3o h\u00e0nh t\u1eeb 1 th\u00e1ng \u0111\u1ebfn 12 th\u00e1ng t\u00f9y theo s\u1ea3n ph\u1ea9m.","focusKeywords":"b\u1ea3o h\u00e0nh","pillarContent":false,"canonicalUrl":"","breadcrumbTitle":"","advancedRobots":{"max-snippet":"-1","max-video-preview":"-1","max-image-preview":"large"},"facebookTitle":"","facebookDescription":"","facebookImage":"","facebookImageID":"","facebookHasOverlay":false,"facebookImageOverlay":"","facebookAuthor":"","twitterCardType":"","twitterUseFacebook":true,"twitterTitle":"","twitterDescription":"","twitterImage":"","twitterImageID":"","twitterHasOverlay":false,"twitterImageOverlay":"","twitterPlayerUrl":"","twitterPlayerSize":"","twitterPlayerStream":"","twitterPlayerStreamCtype":"","twitterAppDescription":"","twitterAppIphoneName":"","twitterAppIphoneID":"","twitterAppIphoneUrl":"","twitterAppIpadName":"","twitterAppIpadID":"","twitterAppIpadUrl":"","twitterAppGoogleplayName":"","twitterAppGoogleplayID":"","twitterAppGoogleplayUrl":"","twitterAppCountry":"","robots":{"index":true},"twitterAuthor":"t\u00ean ng\u01b0\u1eddi d\u00f9ng","primaryTerm":0,"authorName":"admin","titleTemplate":"%title% %page% %sep% %sitename%","descriptionTemplate":"%excerpt%","showScoreFrontend":true,"lockModifiedDate":false},"powerWords":[],"diacritics":{"A":"[\\u0041\\u24B6\\uFF21\\u00C0\\u00C1\\u00C2\\u1EA6\\u1EA4\\u1EAA\\u1EA8\\u00C3\\u0100\\u0102\\u1EB0\\u1EAE\\u1EB4\\u1EB2\\u0226\\u01E0\\u00C4\\u01DE\\u1EA2\\u00C5\\u01FA\\u01CD\\u0200\\u0202\\u1EA0\\u1EAC\\u1EB6\\u1E00\\u0104\\u023A\\u2C6F]","AA":"[\\uA732]","AE":"[\\u00C6\\u01FC\\u01E2]","AO":"[\\uA734]","AU":"[\\uA736]","AV":"[\\uA738\\uA73A]","AY":"[\\uA73C]","B":"[\\u0042\\u24B7\\uFF22\\u1E02\\u1E04\\u1E06\\u0243\\u0182\\u0181]","C":"[\\u0043\\u24B8\\uFF23\\u0106\\u0108\\u010A\\u010C\\u00C7\\u1E08\\u0187\\u023B\\uA73E]","D":"[\\u0044\\u24B9\\uFF24\\u1E0A\\u010E\\u1E0C\\u1E10\\u1E12\\u1E0E\\u0110\\u018B\\u018A\\u0189\\uA779]","DZ":"[\\u01F1\\u01C4]","Dz":"[\\u01F2\\u01C5]","E":"[\\u0045\\u24BA\\uFF25\\u00C8\\u00C9\\u00CA\\u1EC0\\u1EBE\\u1EC4\\u1EC2\\u1EBC\\u0112\\u1E14\\u1E16\\u0114\\u0116\\u00CB\\u1EBA\\u011A\\u0204\\u0206\\u1EB8\\u1EC6\\u0228\\u1E1C\\u0118\\u1E18\\u1E1A\\u0190\\u018E]","F":"[\\u0046\\u24BB\\uFF26\\u1E1E\\u0191\\uA77B]","G":"[\\u0047\\u24BC\\uFF27\\u01F4\\u011C\\u1E20\\u011E\\u0120\\u01E6\\u0122\\u01E4\\u0193\\uA7A0\\uA77D\\uA77E]","H":"[\\u0048\\u24BD\\uFF28\\u0124\\u1E22\\u1E26\\u021E\\u1E24\\u1E28\\u1E2A\\u0126\\u2C67\\u2C75\\uA78D]","I":"[\\u0049\\u24BE\\uFF29\\u00CC\\u00CD\\u00CE\\u0128\\u012A\\u012C\\u0130\\u00CF\\u1E2E\\u1EC8\\u01CF\\u0208\\u020A\\u1ECA\\u012E\\u1E2C\\u0197]","J":"[\\u004A\\u24BF\\uFF2A\\u0134\\u0248]","K":"[\\u004B\\u24C0\\uFF2B\\u1E30\\u01E8\\u1E32\\u0136\\u1E34\\u0198\\u2C69\\uA740\\uA742\\uA744\\uA7A2]","L":"[\\u004C\\u24C1\\uFF2C\\u013F\\u0139\\u013D\\u1E36\\u1E38\\u013B\\u1E3C\\u1E3A\\u0141\\u023D\\u2C62\\u2C60\\uA748\\uA746\\uA780]","LJ":"[\\u01C7]","Lj":"[\\u01C8]","M":"[\\u004D\\u24C2\\uFF2D\\u1E3E\\u1E40\\u1E42\\u2C6E\\u019C]","N":"[\\u004E\\u24C3\\uFF2E\\u01F8\\u0143\\u00D1\\u1E44\\u0147\\u1E46\\u0145\\u1E4A\\u1E48\\u0220\\u019D\\uA790\\uA7A4]","NJ":"[\\u01CA]","Nj":"[\\u01CB]","O":"[\\u004F\\u24C4\\uFF2F\\u00D2\\u00D3\\u00D4\\u1ED2\\u1ED0\\u1ED6\\u1ED4\\u00D5\\u1E4C\\u022C\\u1E4E\\u014C\\u1E50\\u1E52\\u014E\\u022E\\u0230\\u00D6\\u022A\\u1ECE\\u0150\\u01D1\\u020C\\u020E\\u01A0\\u1EDC\\u1EDA\\u1EE0\\u1EDE\\u1EE2\\u1ECC\\u1ED8\\u01EA\\u01EC\\u00D8\\u01FE\\u0186\\u019F\\uA74A\\uA74C]","OI":"[\\u01A2]","OO":"[\\uA74E]","OU":"[\\u0222]","P":"[\\u0050\\u24C5\\uFF30\\u1E54\\u1E56\\u01A4\\u2C63\\uA750\\uA752\\uA754]","Q":"[\\u0051\\u24C6\\uFF31\\uA756\\uA758\\u024A]","R":"[\\u0052\\u24C7\\uFF32\\u0154\\u1E58\\u0158\\u0210\\u0212\\u1E5A\\u1E5C\\u0156\\u1E5E\\u024C\\u2C64\\uA75A\\uA7A6\\uA782]","S":"[\\u0053\\u24C8\\uFF33\\u1E9E\\u015A\\u1E64\\u015C\\u1E60\\u0160\\u1E66\\u1E62\\u1E68\\u0218\\u015E\\u2C7E\\uA7A8\\uA784]","T":"[\\u0054\\u24C9\\uFF34\\u1E6A\\u0164\\u1E6C\\u021A\\u0162\\u1E70\\u1E6E\\u0166\\u01AC\\u01AE\\u023E\\uA786]","TZ":"[\\uA728]","U":"[\\u0055\\u24CA\\uFF35\\u00D9\\u00DA\\u00DB\\u0168\\u1E78\\u016A\\u1E7A\\u016C\\u00DC\\u01DB\\u01D7\\u01D5\\u01D9\\u1EE6\\u016E\\u0170\\u01D3\\u0214\\u0216\\u01AF\\u1EEA\\u1EE8\\u1EEE\\u1EEC\\u1EF0\\u1EE4\\u1E72\\u0172\\u1E76\\u1E74\\u0244]","V":"[\\u0056\\u24CB\\uFF36\\u1E7C\\u1E7E\\u01B2\\uA75E\\u0245]","VY":"[\\uA760]","W":"[\\u0057\\u24CC\\uFF37\\u1E80\\u1E82\\u0174\\u1E86\\u1E84\\u1E88\\u2C72]","X":"[\\u0058\\u24CD\\uFF38\\u1E8A\\u1E8C]","Y":"[\\u0059\\u24CE\\uFF39\\u1EF2\\u00DD\\u0176\\u1EF8\\u0232\\u1E8E\\u0178\\u1EF6\\u1EF4\\u01B3\\u024E\\u1EFE]","Z":"[\\u005A\\u24CF\\uFF3A\\u0179\\u1E90\\u017B\\u017D\\u1E92\\u1E94\\u01B5\\u0224\\u2C7F\\u2C6B\\uA762]","a":"[\\u0061\\u24D0\\uFF41\\u1E9A\\u00E0\\u00E1\\u00E2\\u1EA7\\u1EA5\\u1EAB\\u1EA9\\u00E3\\u0101\\u0103\\u1EB1\\u1EAF\\u1EB5\\u1EB3\\u0227\\u01E1\\u00E4\\u01DF\\u1EA3\\u00E5\\u01FB\\u01CE\\u0201\\u0203\\u1EA1\\u1EAD\\u1EB7\\u1E01\\u0105\\u2C65\\u0250]","aa":"[\\uA733]","ae":"[\\u00E6\\u01FD\\u01E3]","ao":"[\\uA735]","au":"[\\uA737]","av":"[\\uA739\\uA73B]","ay":"[\\uA73D]","b":"[\\u0062\\u24D1\\uFF42\\u1E03\\u1E05\\u1E07\\u0180\\u0183\\u0253]","c":"[\\u0063\\u24D2\\uFF43\\u0107\\u0109\\u010B\\u010D\\u00E7\\u1E09\\u0188\\u023C\\uA73F\\u2184]","d":"[\\u0064\\u24D3\\uFF44\\u1E0B\\u010F\\u1E0D\\u1E11\\u1E13\\u1E0F\\u0111\\u018C\\u0256\\u0257\\uA77A]","dz":"[\\u01F3\\u01C6]","e":"[\\u0065\\u24D4\\uFF45\\u00E8\\u00E9\\u00EA\\u1EC1\\u1EBF\\u1EC5\\u1EC3\\u1EBD\\u0113\\u1E15\\u1E17\\u0115\\u0117\\u00EB\\u1EBB\\u011B\\u0205\\u0207\\u1EB9\\u1EC7\\u0229\\u1E1D\\u0119\\u1E19\\u1E1B\\u0247\\u025B\\u01DD]","f":"[\\u0066\\u24D5\\uFF46\\u1E1F\\u0192\\uA77C]","g":"[\\u0067\\u24D6\\uFF47\\u01F5\\u011D\\u1E21\\u011F\\u0121\\u01E7\\u0123\\u01E5\\u0260\\uA7A1\\u1D79\\uA77F]","h":"[\\u0068\\u24D7\\uFF48\\u0125\\u1E23\\u1E27\\u021F\\u1E25\\u1E29\\u1E2B\\u1E96\\u0127\\u2C68\\u2C76\\u0265]","hv":"[\\u0195]","i":"[\\u0069\\u24D8\\uFF49\\u00EC\\u00ED\\u00EE\\u0129\\u012B\\u012D\\u00EF\\u1E2F\\u1EC9\\u01D0\\u0209\\u020B\\u1ECB\\u012F\\u1E2D\\u0268\\u0131]","j":"[\\u006A\\u24D9\\uFF4A\\u0135\\u01F0\\u0249]","k":"[\\u006B\\u24DA\\uFF4B\\u1E31\\u01E9\\u1E33\\u0137\\u1E35\\u0199\\u2C6A\\uA741\\uA743\\uA745\\uA7A3]","l":"[\\u006C\\u24DB\\uFF4C\\u0140\\u013A\\u013E\\u1E37\\u1E39\\u013C\\u1E3D\\u1E3B\\u017F\\u0142\\u019A\\u026B\\u2C61\\uA749\\uA781\\uA747]","lj":"[\\u01C9]","m":"[\\u006D\\u24DC\\uFF4D\\u1E3F\\u1E41\\u1E43\\u0271\\u026F]","n":"[\\u006E\\u24DD\\uFF4E\\u01F9\\u0144\\u00F1\\u1E45\\u0148\\u1E47\\u0146\\u1E4B\\u1E49\\u019E\\u0272\\u0149\\uA791\\uA7A5]","nj":"[\\u01CC]","o":"[\\u006F\\u24DE\\uFF4F\\u00F2\\u00F3\\u00F4\\u1ED3\\u1ED1\\u1ED7\\u1ED5\\u00F5\\u1E4D\\u022D\\u1E4F\\u014D\\u1E51\\u1E53\\u014F\\u022F\\u0231\\u00F6\\u022B\\u1ECF\\u0151\\u01D2\\u020D\\u020F\\u01A1\\u1EDD\\u1EDB\\u1EE1\\u1EDF\\u1EE3\\u1ECD\\u1ED9\\u01EB\\u01ED\\u00F8\\u01FF\\u0254\\uA74B\\uA74D\\u0275]","oi":"[\\u01A3]","ou":"[\\u0223]","oo":"[\\uA74F]","p":"[\\u0070\\u24DF\\uFF50\\u1E55\\u1E57\\u01A5\\u1D7D\\uA751\\uA753\\uA755]","q":"[\\u0071\\u24E0\\uFF51\\u024B\\uA757\\uA759]","r":"[\\u0072\\u24E1\\uFF52\\u0155\\u1E59\\u0159\\u0211\\u0213\\u1E5B\\u1E5D\\u0157\\u1E5F\\u024D\\u027D\\uA75B\\uA7A7\\uA783]","s":"[\\u0073\\u24E2\\uFF53\\u015B\\u1E65\\u015D\\u1E61\\u0161\\u1E67\\u1E63\\u1E69\\u0219\\u015F\\u023F\\uA7A9\\uA785\\u1E9B]","ss":"[\\u00DF]","t":"[\\u0074\\u24E3\\uFF54\\u1E6B\\u1E97\\u0165\\u1E6D\\u021B\\u0163\\u1E71\\u1E6F\\u0167\\u01AD\\u0288\\u2C66\\uA787]","tz":"[\\uA729]","u":"[\\u0075\\u24E4\\uFF55\\u00F9\\u00FA\\u00FB\\u0169\\u1E79\\u016B\\u1E7B\\u016D\\u00FC\\u01DC\\u01D8\\u01D6\\u01DA\\u1EE7\\u016F\\u0171\\u01D4\\u0215\\u0217\\u01B0\\u1EEB\\u1EE9\\u1EEF\\u1EED\\u1EF1\\u1EE5\\u1E73\\u0173\\u1E77\\u1E75\\u0289]","v":"[\\u0076\\u24E5\\uFF56\\u1E7D\\u1E7F\\u028B\\uA75F\\u028C]","vy":"[\\uA761]","w":"[\\u0077\\u24E6\\uFF57\\u1E81\\u1E83\\u0175\\u1E87\\u1E85\\u1E98\\u1E89\\u2C73]","x":"[\\u0078\\u24E7\\uFF58\\u1E8B\\u1E8D]","y":"[\\u0079\\u24E8\\uFF59\\u1EF3\\u00FD\\u0177\\u1EF9\\u0233\\u1E8F\\u00FF\\u1EF7\\u1E99\\u1EF5\\u01B4\\u024F\\u1EFF]","z":"[\\u007A\\u24E9\\uFF5A\\u017A\\u1E91\\u017C\\u017E\\u1E93\\u1E95\\u01B6\\u0225\\u0240\\u2C6C\\uA763]"},"researchesTests":["contentHasTOC","contentHasShortParagraphs","contentHasAssets","keywordInTitle","keywordInMetaDescription","keywordInPermalink","keywordIn10Percent","keywordInContent","keywordInSubheadings","keywordInImageAlt","keywordDensity","keywordNotUsed","lengthContent","lengthPermalink","linksHasInternal","linksHasExternals","linksNotAllExternals","titleStartWithKeyword","titleSentiment","titleHasPowerWords","titleHasNumber","hasContentAI"],"hasRedirection":true,"hasBreadcrumb":false},"homeUrl":"https:\/\/maybommini.vn","objectID":253965,"objectType":"post","locale":"vi","localeFull":"vi","overlayImages":{"play":{"name":"Bi\u1ec3u t\u01b0\u1ee3ng ph\u00e1t","url":"https:\/\/maybommini.vn\/wp-content\/plugins\/seo-by-rank-math\/assets\/admin\/img\/icon-play.png","path":"\/home\/maybom\/domains\/maybommini.vn\/public_html\/wp-content\/plugins\/seo-by-rank-math\/assets\/admin\/img\/icon-play.png","position":"middle_center"},"gif":{"name":"Bi\u1ec3u t\u01b0\u1ee3ng GIF","url":"https:\/\/maybommini.vn\/wp-content\/plugins\/seo-by-rank-math\/assets\/admin\/img\/icon-gif.png","path":"\/home\/maybom\/domains\/maybommini.vn\/public_html\/wp-content\/plugins\/seo-by-rank-math\/assets\/admin\/img\/icon-gif.png","position":"middle_center"}},"defautOgImage":"https:\/\/maybommini.com\/wp-content\/uploads\/2020\/08\/may-bom-mini-mbm-chinh-hang.jpg","customPermalinks":false,"isUserRegistered":true,"autoSuggestKeywords":true,"connectSiteUrl":"https:\/\/rankmath.com\/auth?site=https%3A%2F%2Fmaybommini.vn&r=https%3A%2F%2Fmaybommini.vn%2Findex.php%3Frest_route%3D%252Fwp%252Fv2%252Fpages%252F253965%26nonce%3D98ba3eb8fa&pro=1","maxTags":100,"trendsIcon":"<svg viewBox=\"0 0 610 610\"><path d=\"M18.85,446,174.32,290.48l58.08,58.08L76.93,504a14.54,14.54,0,0,1-20.55,0L18.83,466.48a14.54,14.54,0,0,1,0-20.55Z\" style=\"fill:#4285f4\"\/><path d=\"M242.65,242.66,377.59,377.6l-47.75,47.75a14.54,14.54,0,0,1-20.55,0L174.37,290.43l47.75-47.75A14.52,14.52,0,0,1,242.65,242.66Z\" style=\"fill:#ea4335\"\/><polygon points=\"319.53 319.53 479.26 159.8 537.34 217.88 377.61 377.62 319.53 319.53\" style=\"fill:#fabb05\"\/><path d=\"M594.26,262.73V118.61h0a16.94,16.94,0,0,0-16.94-16.94H433.2a16.94,16.94,0,0,0-12,28.92L565.34,274.71h0a16.94,16.94,0,0,0,28.92-12Z\" style=\"fill:#34a853\"\/><rect width=\"610\" height=\"610\" style=\"fill:none\"\/><\/svg>","showScore":true,"siteFavIcon":"https:\/\/maybommini.vn\/wp-content\/uploads\/2021\/12\/cropped-maybommini-icon-2021-32x32.png","canUser":{"general":false,"advanced":false,"snippet":false,"social":false,"analysis":false,"analytics":false,"content_ai":false},"isPro":true,"is_front_page":false,"trendsUpgradeLink":"https:\/\/rankmath.com\/pricing\/?utm_source=Plugin&utm_medium=CE%20General%20Tab%20Trends&utm_campaign=WP","trendsUpgradeLabel":"N\u00e2ng c\u1ea5p","trendsPreviewImage":"https:\/\/maybommini.vn\/wp-content\/plugins\/seo-by-rank-math\/assets\/admin\/img\/trends-preview.jpg","currentEditor":false,"homepageData":{"assessor":{"powerWords":[],"diacritics":true,"researchesTests":["contentHasTOC","contentHasShortParagraphs","contentHasAssets","keywordInTitle","keywordInMetaDescription","keywordInPermalink","keywordIn10Percent","keywordInContent","keywordInSubheadings","keywordInImageAlt","keywordDensity","keywordNotUsed","lengthContent","lengthPermalink","linksHasInternal","linksHasExternals","linksNotAllExternals","titleStartWithKeyword","titleSentiment","titleHasPowerWords","titleHasNumber","hasContentAI"],"hasBreadcrumb":false,"serpData":{"title":"%sitename% %page% %sep% %sitedesc%","description":"","titleTemplate":"%sitename% %page% %sep% %sitedesc%","descriptionTemplate":"","focusKeywords":"","breadcrumbTitle":"Home","robots":{"index":true},"advancedRobots":{"max-snippet":"-1","max-video-preview":"-1","max-image-preview":"large"},"facebookTitle":"","facebookDescription":"","facebookImage":"","facebookImageID":""}}},"tocTitle":"Table of Contents","tocExcludeHeadings":[],"listStyle":"div"},"_links":{"self":[{"href":"https:\/\/maybommini.vn\/index.php?rest_route=\/wp\/v2\/pages\/253965","targetHints":{"allow":["GET"]}}],"collection":[{"href":"https:\/\/maybommini.vn\/index.php?rest_route=\/wp\/v2\/pages"}],"about":[{"href":"https:\/\/maybommini.vn\/index.php?rest_route=\/wp\/v2\/types\/page"}],"author":[{"embeddable":true,"href":"https:\/\/maybommini.vn\/index.php?rest_route=\/wp\/v2\/users\/1"}],"replies":[{"embeddable":true,"href":"https:\/\/maybommini.vn\/index.php?rest_route=%2Fwp%2Fv2%2Fcomments&post=253965"}],"version-history":[{"count":0,"href":"https:\/\/maybommini.vn\/index.php?rest_route=\/wp\/v2\/pages\/253965\/revisions"}],"wp:featuredmedia":[{"embeddable":true,"href":"https:\/\/maybommini.vn\/index.php?rest_route=\/wp\/v2\/media\/259004"}],"wp:attachment":[{"href":"https:\/\/maybommini.vn\/index.php?rest_route=%2Fwp%2Fv2%2Fmedia&parent=253965"}],"curies":[{"name":"wp","href":"https:\/\/api.w.org\/{rel}","templated":true}]}}