{"id":255650,"date":"2018-04-12T19:23:40","date_gmt":"2018-04-12T12:23:40","guid":{"rendered":"https:\/\/maybommini.com\/san-pham\/import-placeholder-for-251903"},"modified":"2025-10-31T19:20:16","modified_gmt":"2025-10-31T12:20:16","slug":"bom-ap-luc-12v","status":"publish","type":"product","link":"https:\/\/maybommini.vn\/?product=bom-ap-luc-12v","title":{"rendered":"B\u01a1m \u00e1p l\u1ef1c 12V"},"content":{"rendered":"<p><strong>D\u00f9ng m\u00e1y b\u01a1m \u00e1p l\u1ef1c 12v \u0111\u1ec3 r\u1eeda xe th\u1eadt thu\u1eadn ti\u1ec7n v\u00e0 ti\u1ebft ki\u1ec7m chi ph\u00ed. B\u1ea1n c\u00f3 th\u1ec3 d\u1ec3 d\u00e0ng s\u1eed d\u1ee5ng b\u00ecnh \u1eafc qui ngay tr\u00ean xe \u0111\u1ec3 k\u1ebft n\u1ed1i c\u1ea5p ngu\u1ed3n cho m\u00e1y b\u01a1m ho\u1ea1t \u0111\u1ed9ng.\u00a0M\u00e1y B\u01a1m n\u01b0\u1edbc \u00e1p l\u1ef1c 12v mini 5L 60w c\u00f3 b\u00e1n t\u1ea1i maybomnuocmini.com<br \/>\n<\/strong><br \/>\n<iframe src=\"\/\/www.youtube.com\/embed\/wJ8VC_C2BYc\" width=\"640\" height=\"360\" frameborder=\"0\"><\/iframe><\/p>\n<h2><strong>B\u01a1m n\u01b0\u1edbc \u00e1p l\u1ef1c 12V<\/strong><\/h2>\n<p>&#8211; D\u1ec5 d\u00e0ng c\u00e0i \u0111\u1eb7t.<br \/>\n&#8211; Ch\u1ea1y kh\u00f4 m\u00e0 kh\u00f4ng c\u00f3 h\u1ec7 th\u1ed1ng<br \/>\n&#8211; Ho\u00e0n to\u00e0n k\u00edn, \u00e1p su\u1ea5t \u1ed5n \u0111\u1ecbnh cao<br \/>\n&#8211; T\u1ef1 m\u1ed3i, ti\u1ebfng \u1ed3n nh\u1ecf, ti\u00eau th\u1ee5 \u0111i\u1ec7n n\u0103ng th\u1ea5p<\/p>\n<div id=\"attachment_331\" style=\"width: 550px\" class=\"wp-caption aligncenter\"><a href=\"http:\/\/maybommini.com\/wp-content\/uploads\/2014\/10\/bom-ap-luc-12v-5l-60w1.jpg\" target=\"_blank\" rel=\"noopener\"><img decoding=\"async\" aria-describedby=\"caption-attachment-331\" class=\" wp-image-331\" src=\"http:\/\/maybommini.com\/wp-content\/uploads\/2014\/10\/bom-ap-luc-12v-5l-60w1.jpg\" alt=\"bom ap luc 12v\" width=\"540\" height=\"540\" \/><\/a><p id=\"caption-attachment-331\" class=\"wp-caption-text\">bom ap luc 12v<\/p><\/div>\n<h2><strong>M\u00e1y B\u01a1m \u00e1p l\u1ef1c 12V mini H\u1ec7 th\u1ed1ng k\u1ebft n\u1ed1i d\u1ec5 d\u00e0ng<\/strong><\/h2>\n<p>Nhi\u1ec7m v\u1ee5 chu k\u1ef3 \u0111\u1ed9ng c\u01a1 s\u1ebd thay \u0111\u1ed5i theo t\u1ea3i v\u00e0 nhi\u1ec7t \u0111\u1ed9 m\u00f4i tr\u01b0\u1eddng. Khi n\u01b0\u1edbc b\u1ecb t\u1eaft, s\u1ee9c m\u1ea1nh c\u0169ng s\u1ebd b\u1ecb c\u1eaft b\u1ecf t\u1ef1 \u0111\u1ed9ng v\u00e0 \u0111\u1ed9ng c\u01a1 \u0111\u01b0\u1ee3c tr\u00ec ho\u00e3n. Khi c\u00f3 n\u01b0\u1edbc m\u00e1y B\u01a1m n\u01b0\u1edbc \u00e1p l\u1ef1c mini\u00a0s\u1ebd t\u1ef1 \u0111\u1ed9ng b\u1eadt, \u0111\u1ed9ng c\u01a1 s\u1ebd ch\u1ea1y m\u1ed9t l\u1ea7n n\u1eefa.<\/p>\n<h2><strong>\u1ee8ng d\u1ee5ng m\u00e1y B\u01a1m n\u01b0\u1edbc \u00e1p l\u1ef1c mini<\/strong><\/h2>\n<p>M\u00e1y r\u1eeda xe m\u00e1, \u00f4 t\u00f4, n\u01b0\u1edbc n\u0103ng l\u01b0\u1ee3ng m\u1eb7t tr\u1eddi, thi\u1ebft b\u1ecb n\u01b0\u1edbc \u0111i\u1ec1u khi\u1ec3n t\u1eeb xa, m\u1ed9t s\u1ed1 n\u01a1i c\u1ea7n ph\u1ea3i ki\u1ec3m so\u00e1t vi\u1ec7c chuy\u1ec3n \u0111\u1ed5i th\u01b0\u1eddng xuy\u00ean, m\u1ed9t n\u01a1i n\u00e0o \u0111\u00f3 ti\u1ebft ki\u1ec7m n\u0103ng l\u01b0\u1ee3ng, vv<\/p>\n<div id=\"attachment_330\" style=\"width: 532px\" class=\"wp-caption aligncenter\"><a href=\"http:\/\/maybommini.com\/wp-content\/uploads\/2014\/10\/bom-ap-luc-12v-5l1.jpg\" target=\"_blank\" rel=\"noopener\"><img decoding=\"async\" aria-describedby=\"caption-attachment-330\" class=\" wp-image-330\" src=\"http:\/\/maybommini.com\/wp-content\/uploads\/2014\/10\/bom-ap-luc-12v-5l1.jpg\" alt=\"bom ap luc 12v\" width=\"522\" height=\"522\" \/><\/a><p id=\"caption-attachment-330\" class=\"wp-caption-text\">bom ap luc 12v<\/p><\/div>\n<h2><strong>Th\u00f4ng s\u1ed1 k\u1ef9 thu\u1eadt m\u00e1y B\u01a1m \u00e1p l\u1ef1c 12V<\/strong><\/h2>\n<p><strong>\u0110\u1ed9ng c\u01a1:<\/strong> 0142 <strong>\u0110i\u1ec7n \u00e1p:<\/strong> DC12V<br \/>\n<strong>C\u00f4ng su\u1ea5t (t\u1ed1i \u0111a):<\/strong>\u00a060W<br \/>\n<strong>\u00c1p l\u1ef1c n\u01b0\u1edbc \u0111\u1ea7u v\u00e0o:<\/strong> 0.2Mpa<br \/>\n<strong>\u00c1p su\u1ea5t n\u01b0\u1edbc ra:<\/strong> 0.9Mpa<br \/>\n<strong>L\u01b0u l\u01b0\u1ee3ng:<\/strong>\u00a05L \/ ph\u00fat<br \/>\n<strong>B\u1ea3o v\u1ec7 Van Lo\u1ea1i:<\/strong> van th\u00f4ng minh (v\u1edbi c\u00f4ng t\u1eafc \u00e1p su\u1ea5t)<br \/>\n<strong>Qu\u00e1 tr\u00ecnh h\u1ea5p th\u1ee5:<\/strong> 2,5 m<br \/>\n<strong>\u1ed0ng d\u1eabn:<\/strong> 90 m\u00e9t (chi\u1ec1u d\u00e0i d\u00f2ng n\u01b0\u1edbc c\u1ee7a \u0111\u01b0\u1eddng \u1ed1ng)<br \/>\n<strong>Ph\u1ea1m vi:<\/strong> 9 m\u00e9t (\u0111\u00e2y l\u00e0 b\u1eafn Ch\u1ec9 c\u1ea7n kh\u00f4ng \u0111i qua!)<br \/>\n<strong>K\u00edch th\u01b0\u1edbc:<\/strong> 16.5cm (L) x 9.6cm (W) x 6cm (H)<\/p>\n<h2><strong>T\u1ed5ng quan v\u1ec1 s\u1ea3n ph\u1ea9m\u00a0M\u00e1y B\u01a1m n\u01b0\u1edbc \u00e1p l\u1ef1c mini 12V 5L 60W<\/strong><\/h2>\n<p>S\u1ea3n ph\u1ea9m c\u00f3 \u0111\u1ed9ng c\u01a1 nam ch\u00e2m v\u0129nh c\u1eedu \u1ed5 \u0111\u0129a m\u00e1y b\u01a1m \u00e1p l\u1ef1c cao, k\u00edch th\u01b0\u1edbc nh\u1ecf, tr\u1ecdng l\u01b0\u1ee3ng nh\u1eb9, m\u00f4-men xo\u1eafn l\u1edbn, \u00e1p su\u1ea5t cao, ho\u1ea1t \u0111\u1ed9ng \u1ed5n \u0111\u1ecbnh, l\u1eafp \u0111\u1eb7t d\u1ec5 d\u00e0ng, b\u01a1m t\u1ef1 m\u1ed3i \u0111\u01b0\u1ee3c x\u00e2y d\u1ef1ng v\u1edbi c\u00f4ng t\u1eafc \u00e1p su\u1ea5t t\u1ef1 \u0111\u1ed9ng, ch\u1ee9c n\u0103ng b\u1ea3o v\u1ec7 qu\u00e1 nhi\u1ec7t, ti\u1ebfng \u1ed3n th\u1ea5p, axit, ki\u1ec1m, ch\u1ed1ng \u0103n m\u00f2n&#8230;<\/p>\n<div id=\"attachment_329\" style=\"width: 533px\" class=\"wp-caption aligncenter\"><a href=\"http:\/\/maybommini.com\/wp-content\/uploads\/2014\/10\/bom-ap-luc-12v2.jpg\" target=\"_blank\" rel=\"noopener\"><img decoding=\"async\" aria-describedby=\"caption-attachment-329\" class=\" wp-image-329\" src=\"http:\/\/maybommini.com\/wp-content\/uploads\/2014\/10\/bom-ap-luc-12v2.jpg\" alt=\"bom ap luc 12v\" width=\"523\" height=\"523\" \/><\/a><p id=\"caption-attachment-329\" class=\"wp-caption-text\">bom ap luc 12v<\/p><\/div>\n<h2><strong>T\u00ednh n\u0103ng s\u1ea3n ph\u1ea9m M\u00e1y B\u01a1m n\u01b0\u1edbc \u00e1p l\u1ef1c mini 12V 5L 60W :<\/strong><\/h2>\n<p><strong>1) M\u00e1y b\u01a1m c\u00f3 m\u1ed9t c\u00f4ng t\u1eafc \u00e1p l\u1ef1c, \u00e1p l\u1ef1c l\u00e0m vi\u1ec7c qu\u00e1 cao, n\u00f3 s\u1ebd t\u1ef1 \u0111\u1ed9ng ng\u1eebng ho\u1ea1t \u0111\u1ed9ng; <\/strong><br \/>\n<strong>2) C\u00f3 th\u1ec3 ch\u1ea1y kh\u00f4 m\u00e0 kh\u00f4ng c\u00f3 thi\u1ec7t h\u1ea1i cho \u0111\u1ed9ng c\u01a1.<\/strong><\/p>\n<h2><strong>C\u00e1ch s\u1eed d\u1ee5ng m\u00e1y b\u01a1m M\u00e1y B\u01a1m n\u01b0\u1edbc \u00e1p l\u1ef1c mini 12V 5L 60W:<\/strong><\/h2>\n<p><strong>1) Kh\u00f4ng ph\u00e2n bi\u1ec7t d\u00e2y \u00e2m (-) v\u00e0 d\u00e2y d\u01b0\u01a1ng ( ). <\/strong><br \/>\n<strong>2) M\u00e1y b\u01a1m c\u00f3 th\u1ec3 \u0111\u01b0\u1ee3c \u0111\u1eb7t trong b\u1ea5t k\u1ef3 h\u01b0\u1edbng n\u00e0o.<\/strong><\/p>\n<h2><strong>Ch\u00fa \u00fd M\u00e1y B\u01a1m n\u01b0\u1edbc \u00e1p l\u1ef1c mini 12V 5L 60W:<\/strong><\/h2>\n<p>1) Kh\u00f4ng th\u1ec3 ch\u00ecm trong n\u01b0\u1edbc. 2) V\u00edt \u0111i\u1ec1u ch\u1ec9nh \u00e1p l\u1ef1c kh\u00f4ng th\u1ec3 \u0111\u01b0\u1ee3c \u0111i\u1ec1u ch\u1ec9nh. T\u1ea1i nh\u00e0 m\u00e1y s\u1ea3n xu\u1ea5t, \u00e1p l\u1ef1c \u0111\u00e3 \u0111\u01b0\u1ee3c \u0111i\u1ec1u ch\u1ec9nh, n\u00ean kh\u00f4ng c\u1ea7n ph\u1ea3i ch\u1ec9nh l\u1ea1i, n\u1ebfu ch\u1ec9nh sai \u00e1p l\u1ef1c c\u00f3 th\u1ec3 l\u00e0 b\u1ec3 \u0111\u01b0\u1eddng \u1ed1ng. 3) B\u1ed9 l\u1ecdc \u0111\u1ea7u v\u00e0o ph\u1ea3i \u0111\u01b0\u1ee3c c\u00e0i \u0111\u1eb7t tr\u00ean thi\u1ebft b\u1ecb, b\u1ea1n kh\u00f4ng th\u1ec3 cho c\u00e1c t\u1ea1p ch\u1ea5t v\u00e0o m\u00e1y. N\u1ebfu kh\u00f4ng, n\u00f3 r\u1ea5t d\u1ec5 d\u00e0ng l\u00e0m b\u01a1m b\u1ecb ngh\u1eb9t, d\u1eabn \u0111\u1ebfn gi\u1ea3m ho\u1eb7c th\u1eadm ch\u00ed kh\u00f4ng c\u00f3 \u00e1p l\u1ef1c n\u01b0\u1edbc.<\/p>\n<div id=\"attachment_332\" style=\"width: 559px\" class=\"wp-caption aligncenter\"><a href=\"http:\/\/maybommini.com\/wp-content\/uploads\/2014\/10\/may-bom-ap-luc-12v1.jpg\" target=\"_blank\" rel=\"noopener\"><img decoding=\"async\" aria-describedby=\"caption-attachment-332\" class=\" wp-image-332\" src=\"http:\/\/maybommini.com\/wp-content\/uploads\/2014\/10\/may-bom-ap-luc-12v1.jpg\" alt=\"bom ap luc 12v\" width=\"549\" height=\"549\" \/><\/a><p id=\"caption-attachment-332\" class=\"wp-caption-text\">bom ap luc 12v<\/p><\/div>\n<h2><strong>\u1ee8ng d\u1ee5ng M\u00e1y B\u01a1m n\u01b0\u1edbc \u00e1p l\u1ef1c mini 12V 5L 60W:<\/strong><\/h2>\n<p><strong>S\u1eed d\u1ee5ng r\u1ed9ng r\u00e3i trong chung thi\u1ebft b\u1ecb c\u00f4ng nghi\u1ec7p, thi\u1ebft b\u1ecb y t\u1ebf, thi\u1ebft b\u1ecb h\u00f3a ch\u1ea5t, n\u00f4ng nghi\u1ec7p (b\u00e3i c\u1ecf v\u00e0 v\u01b0\u1eddn), xe du l\u1ecbch, xe \u0111\u1eb7c bi\u1ec7t, t\u00e0u, n\u01b0\u1edbc gi\u1ea3i kh\u00e1t, xe v\u1ec7 sinh, l\u00e0m s\u1ea1ch th\u1ea3m, l\u00e0m s\u1ea1ch s\u00e0n, l\u1ecdc n\u01b0\u1edbc v\u00e0 thi\u1ebft b\u1ecb x\u1eed l\u00fd n\u01b0\u1edbc.<\/strong><br \/>\n<strong> 1) Vi\u1ec7c s\u1ea3n xu\u1ea5t phun \u0111i\u1ec7n s\u1eed d\u1ee5ng n\u00f4ng nghi\u1ec7p, c\u00f3 th\u1ec3 thay b\u1eb1ng c\u1ea7n phun thu\u1ed1c tr\u1ef1c ti\u1ebfp, \u0111\u1ea7u phun s\u01b0\u01a1ng \u0111\u1ec3 phun cho c\u00e2y c\u1ea3nh&#8230;<\/strong><br \/>\n<strong> 2) \u0110\u1ec3 gi\u1ea3i quy\u1ebft v\u1ea5n \u0111\u1ec1 l\u00e0m v\u1ec7 sinh tr\u00ean xe, t\u00e0u, du thuy\u1ec1n, t\u00e0u thuy\u1ec1n&#8230; s\u1eed d\u1ee5ng r\u1eeda l\u01b0\u1edbi l\u1ecdc, ph\u00f2ng t\u1eafm, nh\u00e0 v\u1ec7 sinh, r\u1eeda m\u00e1y l\u1ea1nh, r\u1eeda xe \u00f4 t\u00f4, r\u1eeda xe m\u00e1y&#8230;<\/strong><br \/>\n<strong> 3) Th\u1ef1c ph\u1ea9m v\u00e0 \u0111\u1ed3 u\u1ed1ng ch\u1ebf bi\u1ebfn v\u00e0 thi\u1ebft b\u1ecb x\u1eed l\u00fd, di chuy\u1ec3n c\u00e1c s\u1ea3n ph\u1ea9m th\u1ee9c \u0103n l\u1ecfng, ph\u00e2n ph\u1ed1i v\u00e0 \u0111\u00f3ng chai s\u1ea3n ph\u1ea9m&#8230;.<\/strong><br \/>\n<strong> 4) Thu, c\u1ea5p n\u01b0\u1edbc sinh ho\u1ea1t, h\u1ec7 th\u1ed1ng \u0111i\u1ec1u \u00e1p h\u1ec7 th\u1ed1ng \u1ed1ng n\u01b0\u1edbc v\u00ec \u00e1p l\u1ef1c n\u01b0\u1edbc t\u1ea1i nh\u00e0 qu\u00e1 y\u1ebfu, b\u1ed3n n\u01b0\u1edbc qu\u00e1 th\u1ea5p (hay kh\u00f4ng c\u00f3 b\u1ed3n ch\u1ee9a n\u01b0\u1edbc), s\u1eed d\u1ee5ng t\u1ea1i m\u00e1y gi\u1eb7t, v\u00f2i sen t\u1eafm&#8230;<\/strong><br \/>\n<strong> 5) C\u00e1c ng\u00e0nh c\u00f4ng nghi\u1ec7p n\u0103ng l\u01b0\u1ee3ng m\u1eb7t tr\u1eddi, \u0111\u00e2y l\u00e0 th\u1ebf m\u1ea1nh kh\u00f4ng c\u00f3 s\u1ea3n ph\u1ea9m thi\u1ebft b\u1ecb n\u00e0o c\u00f3 th\u1ec3 thay th\u1ebf \u0111\u01b0\u1ee3c&#8230; v\u00ec s\u1eed d\u1ee5ng d\u00f2ng \u0111i\u1ec7n DC, \u0111i\u1ec7n 1 chi\u1ec1u.<\/strong><br \/>\n<strong> 6) Ng\u00e0nh c\u00f4ng nghi\u1ec7p l\u1ecdc n\u01b0\u1edbc. V\u00ed d\u1ee5: Thi\u1ebft b\u1ecb l\u1ecdc, thi\u1ebft b\u1ecb x\u1eed l\u00fd n\u01b0\u1edbc, m\u00e1y n\u01b0\u1edbc u\u1ed1ng. Chuy\u1ec3n ch\u1ea5t l\u1ecfng c\u1ea7n thi\u1ebft kh\u00e1c, phun.<\/strong><br \/>\n<strong> 7) S\u1eed d\u1ee5ng cho c\u00e1c c\u00f4ng vi\u1ec7c th\u01b0\u1eddng ng\u00e0y hay c\u00f4ng vi\u1ec7c quy m\u00f4 l\u1edbn nh\u01b0: V\u1ec7 sinh xe t\u1ea3i ch\u1edf r\u00e1c, xe t\u01b0\u1edbi n\u01b0\u1edbc c\u00e2y, thi\u1ebft b\u1ecb l\u00e0m s\u1ea1ch th\u1ea3m, thi\u1ebft b\u1ecb l\u00e0m s\u1ea1ch s\u00e0n nh\u00e0, thi\u1ebft b\u1ecb r\u1eeda xe, thi\u1ebft b\u1ecb x\u00e2y d\u1ef1ng \u0111\u01b0\u1eddng b\u1ed9, m\u00e1y r\u1eeda b\u00e1t, thi\u1ebft b\u1ecb y t\u1ebf, thi\u1ebft b\u1ecb h\u00f3a ch\u1ea5t, \u1ee9ng d\u1ee5ng phun h\u00f3a ch\u1ea5t t\u1ea1i ph\u00f2ng th\u00ed nghi\u1ec7m, m\u00e1y u\u1ed1ng n\u01b0\u1edbc ng\u1ecdt, m\u00e1y r\u1eeda b\u00e1t, thi\u1ebft b\u1ecb kh\u1eed tr\u00f9ng, t\u01b0\u1edbi c\u00e2y c\u1ea3nh n\u0103ng l\u01b0\u1ee3ng m\u1eb7t tr\u1eddi, t\u01b0\u1edbi c\u00e2y tr\u1ed3ng c\u1ea7n m\u00f4i tr\u01b0\u1eddng c\u00f3 \u0111\u1ed9 \u1ea9m cao, r\u1eeda xe&#8230;.<\/strong><\/p>\n<p><a title=\"m\u00e1y b\u01a1m mini\" href=\"https:\/\/maybommini.com\/\" target=\"_blank\" rel=\"noopener\">M\u00e1y B\u01a1m Mini \u2013 MBM<\/a> nh\u00e0 cung c\u1ea5p h\u00e0ng \u0111\u1ea7u v\u1ec1 m\u00e1y b\u01a1m \u00e1p l\u1ef1c mini, b\u01a1m n\u01b0\u1edbc mini, thi\u1ebft b\u1ecb ph\u1ee5 ki\u1ec7n x\u1ecbt r\u1eeda xe chuy\u1ec7n nghi\u1ec7p cho gia \u0111\u00ecnh tr\u00ean to\u00e0n qu\u1ed1c v\u1edbi gi\u00e1 t\u1edbt ch\u00ednh h\u00e3ng. M\u00e1y r\u1eeda xe \u00e1p l\u1ef1c cao, d\u00e2y r\u1eeda xe, s\u00fang x\u1ecbt r\u1eeda xe, b\u00e9c x\u1ecbt r\u1eeda, b\u00ecnh phun b\u1ecdt tuy\u1ebft, dung d\u1ecbch n\u01b0\u1edbc r\u1eeda xe v\u00e0 nhi\u1ec1u ph\u1ee5 ki\u1ec7n kh\u00e1c.<br \/>\n<strong>Website:<\/strong>\u00a0<a href=\"https:\/\/maybommini.com\/\" target=\"_blank\" rel=\"noopener\">https:\/\/maybommini.com<\/a><br \/>\n<strong>Email:<\/strong>\u00a0maybommini.com@gmail.com<br \/>\n<strong>Tel Zalo:<\/strong>\u00a0<a href=\"tel:02873030399\">02873030399<\/a>\u00a0\u2013\u00a0<a href=\"tel:0907294310\">0907294310<\/a>\u00a0\u2013\u00a0<a href=\"tel:0908997823\">0908997823<\/a>\u00a0\u2013\u00a0<a href=\"tel:0908997872\">0908997872<\/a><\/p>\n<p><a class=\"swipebox\" title=\"\" href=\"https:\/\/maybommini.com\/wp-content\/uploads\/2022\/07\/thong-tin-lien-he-may-bom-mini.jpg\" data-rel=\"lightbox-image-bGlnaHRib3gtaW1hZ2UtYkdsbmFIUmliM2d0YVcxaFoyVXRNVEk9\" data-rl_title=\"\" data-rl_caption=\"\" data-rl_ target=\"_blank\" rel=\"noopener\"><img decoding=\"async\" class=\"size-full wp-image-270584 aligncenter lazyloaded\" src=\"https:\/\/maybommini.com\/wp-content\/uploads\/2022\/07\/thong-tin-lien-he-may-bom-mini.jpg\" sizes=\"(max-width: 750px) 100vw, 750px\" srcset=\"https:\/\/maybommini.com\/wp-content\/uploads\/2022\/07\/thong-tin-lien-he-may-bom-mini.jpg 750w, https:\/\/maybommini.com\/wp-content\/uploads\/2022\/07\/thong-tin-lien-he-may-bom-mini-300x202.jpg 300w, https:\/\/maybommini.com\/wp-content\/uploads\/2022\/07\/thong-tin-lien-he-may-bom-mini-600x405.jpg 600w\" alt=\"Thong Tin Lien He May Bom Mini\" width=\"750\" height=\"506\" data-lazy-srcset=\"https:\/\/maybommini.com\/wp-content\/uploads\/2022\/07\/thong-tin-lien-he-may-bom-mini.jpg 750w, https:\/\/maybommini.com\/wp-content\/uploads\/2022\/07\/thong-tin-lien-he-may-bom-mini-300x202.jpg 300w, https:\/\/maybommini.com\/wp-content\/uploads\/2022\/07\/thong-tin-lien-he-may-bom-mini-600x405.jpg 600w\" data-lazy-sizes=\"(max-width: 750px) 100vw, 750px\" data-lazy-src=\"https:\/\/maybommini.com\/wp-content\/uploads\/2022\/07\/thong-tin-lien-he-may-bom-mini.jpg\" data-was-processed=\"true\" \/><\/a><\/p>\n","protected":false},"excerpt":{"rendered":"<p>SUK:\u00a0MB01-12V5L60W<br \/>\nT\u00ecnh tr\u1ea1ng : C\u00f2n h\u00e0ng<br \/>\n\u0110\u1ed9ng c\u01a1: 0142<br \/>\n\u0110i\u1ec7n \u00e1p: DC12V<br \/>\nC\u00f4ng su\u1ea5t (t\u1ed1i \u0111a): 60W<br \/>\n\u00c1p l\u1ef1c n\u01b0\u1edbc \u0111\u1ea7u v\u00e0o: 0.2Mpa<br \/>\n\u00c1p su\u1ea5t n\u01b0\u1edbc ra: 0.9Mpa<br \/>\nL\u01b0u l\u01b0\u1ee3ng: 5L \/ ph\u00fat<br \/>\nB\u1ea3o v\u1ec7 Van Lo\u1ea1i: van th\u00f4ng minh (v\u1edbi c\u00f4ng t\u1eafc \u00e1p su\u1ea5t)<br \/>\n\u1ed0ng d\u1eabn: 90 m\u00e9t<br \/>\nPh\u1ea1m vi: 9 m\u00e9t<br \/>\nK\u00edch th\u01b0\u1edbc: 16.5cm x 9.6 x 6 cm<br \/>\nCh\u1ea5t l\u01b0\u1ee3ng s\u1ea3n ph\u1ea9m v\u1edbi ng\u01b0\u1eddi ti\u00eau d\u00f9ng.<br \/>\n<strong>H\u00f4\u0309 tr\u01a1\u0323 ky\u0303 thu\u00e2\u0323t vi\u0303nh vi\u00ea\u0303n.<\/strong><br \/>\n<strong>T\u01af V\u1ea4N K\u1ef8 THU\u1eacT \u2013 MUA H\u00c0NG<br \/>\n0908997823 \u2013 0908997872<br \/>\n0907294310 \u2013 02873030399<\/strong><\/p>\n","protected":false},"featured_media":255664,"comment_status":"open","ping_status":"closed","template":"","meta":[],"product_brand":[69],"product_cat":[197,196,224,225],"product_tag":[198,199,200,201,202,203,204],"class_list":{"0":"post-255650","1":"product","2":"type-product","3":"status-publish","4":"has-post-thumbnail","6":"product_brand-propumps","7":"product_cat-may-bom-ap-luc-12v","8":"product_cat-may-bom-ap-luc-mini","9":"product_cat-may-bom-nuoc","10":"product_cat-may-bom-nuoc-mini-12v","11":"product_tag-bom-nuoc-ap-luc","12":"product_tag-bom-nuoc-ap-luc-mini","13":"product_tag-bom-nuoc-mini-12v","14":"product_tag-bom-nuoc-mini-rua-xe","15":"product_tag-bom-rua-xe-12v","16":"product_tag-may-bom","17":"product_tag-may-bom-mini-12v","19":"first","20":"instock","21":"sale","22":"featured","23":"shipping-taxable","24":"purchasable","25":"product-type-simple"},"_links":{"self":[{"href":"https:\/\/maybommini.vn\/index.php?rest_route=\/wp\/v2\/product\/255650","targetHints":{"allow":["GET"]}}],"collection":[{"href":"https:\/\/maybommini.vn\/index.php?rest_route=\/wp\/v2\/product"}],"about":[{"href":"https:\/\/maybommini.vn\/index.php?rest_route=\/wp\/v2\/types\/product"}],"replies":[{"embeddable":true,"href":"https:\/\/maybommini.vn\/index.php?rest_route=%2Fwp%2Fv2%2Fcomments&post=255650"}],"wp:featuredmedia":[{"embeddable":true,"href":"https:\/\/maybommini.vn\/index.php?rest_route=\/wp\/v2\/media\/255664"}],"wp:attachment":[{"href":"https:\/\/maybommini.vn\/index.php?rest_route=%2Fwp%2Fv2%2Fmedia&parent=255650"}],"wp:term":[{"taxonomy":"product_brand","embeddable":true,"href":"https:\/\/maybommini.vn\/index.php?rest_route=%2Fwp%2Fv2%2Fproduct_brand&post=255650"},{"taxonomy":"product_cat","embeddable":true,"href":"https:\/\/maybommini.vn\/index.php?rest_route=%2Fwp%2Fv2%2Fproduct_cat&post=255650"},{"taxonomy":"product_tag","embeddable":true,"href":"https:\/\/maybommini.vn\/index.php?rest_route=%2Fwp%2Fv2%2Fproduct_tag&post=255650"}],"curies":[{"name":"wp","href":"https:\/\/api.w.org\/{rel}","templated":true}]}}