{"id":255652,"date":"2018-04-12T19:23:40","date_gmt":"2018-04-12T12:23:40","guid":{"rendered":"https:\/\/maybommini.com\/san-pham\/import-placeholder-for-251905"},"modified":"2025-03-25T20:44:48","modified_gmt":"2025-03-25T13:44:48","slug":"sung-xit-rua-xe-may-lanh","status":"publish","type":"product","link":"https:\/\/maybommini.vn\/?product=sung-xit-rua-xe-may-lanh","title":{"rendered":"S\u00fang x\u1ecbt r\u1eeda xe m\u00e1y l\u1ea1nh"},"content":{"rendered":"<h3><em><strong>Chuy\u00ean b\u00e1n s\u00fang x\u1ecbt r\u1eeda \u00e1p l\u1ef1c ch\u1ec9nh tia\u00a0s\u1eed d\u1ee5ng v\u1ec7 sinh xe m\u00e1y l\u1ea1nh v\u1edbi thi\u1ec7t k\u1ebf nh\u1eb9 v\u1eeba tay c\u1ea7m gi\u00fap d\u1ec3 d\u00e0ng s\u1eed d\u1ee5ng. S\u00fang x\u1ecbt d\u00f9ng cho m\u00e1y b\u01a1m n\u01b0\u1edbc mini \u0111\u1ec3 r\u1eeda xe m\u00e1y l\u1ea1nh c\u00f3 th\u1ec3 \u0111\u1ec1u ch\u1ec9nh l\u01b0u l\u01b0\u1ee3ng ki\u1ec1u phun theo \u00fd mu\u1ed1n.<\/strong><\/em><\/h3>\n<p><a href=\"https:\/\/maybommini.com\/wp-content\/uploads\/2018\/04\/Sung-xit-ap-luc-cao-chinh-tia-gia-re.jpg\" target=\"_blank\" rel=\"noopener\"><img decoding=\"async\" class=\"size-full wp-image-262814 aligncenter\" src=\"https:\/\/maybommini.com\/wp-content\/uploads\/2018\/04\/Sung-xit-ap-luc-cao-chinh-tia-gia-re.jpg\" alt=\"Sung Xit Ap Luc Cao Chinh Tia Gia Re\" width=\"750\" height=\"750\" srcset=\"https:\/\/maybommini.vn\/wp-content\/uploads\/2018\/04\/Sung-xit-ap-luc-cao-chinh-tia-gia-re.jpg 750w, https:\/\/maybommini.vn\/wp-content\/uploads\/2018\/04\/Sung-xit-ap-luc-cao-chinh-tia-gia-re-300x300.jpg 300w, https:\/\/maybommini.vn\/wp-content\/uploads\/2018\/04\/Sung-xit-ap-luc-cao-chinh-tia-gia-re-150x150.jpg 150w, https:\/\/maybommini.vn\/wp-content\/uploads\/2018\/04\/Sung-xit-ap-luc-cao-chinh-tia-gia-re-600x600.jpg 600w\" sizes=\"(max-width: 750px) 100vw, 750px\" \/><\/a><\/p>\n<p><strong>TH\u00d4NG S\u1ed0 K\u1ef8 THU\u1eacT<\/strong><br \/>\nModel: SR-01<br \/>\nLo\u1ea1i s\u00fang x\u1ecbt ch\u1ec9nh tia \u00e1p l\u1ef1c.<br \/>\nRen trong 13mm.<br \/>\nN\u1ed1i \u1ed1ng nhanh ki\u1ec1u g\u00e0i 12mm.<br \/>\nCh\u1ebf \u0111\u1ed9 \u0111i\u1ec1u ch\u1ec9nh\u00a0tia phun.<br \/>\nPhun 1 tia v\u00e0 phun s\u01b0\u01a1ng.<br \/>\nCh\u1ea5t li\u1ec7u: Gang, \u0110\u1ed3ng, Nh\u1ef1a.<br \/>\nK\u00edch th\u01b0\u1edbc: 26 x 16 x 4 cm.<br \/>\nTr\u1ecdng l\u01b0\u1ee3ng: 260 gam.<\/p>\n<p><a href=\"https:\/\/maybommini.com\/wp-content\/uploads\/2018\/04\/Voi-xit-rua-ap-luc-cao.jpg\" target=\"_blank\" rel=\"noopener\"><img decoding=\"async\" class=\"size-full wp-image-262817 aligncenter\" src=\"https:\/\/maybommini.com\/wp-content\/uploads\/2018\/04\/Voi-xit-rua-ap-luc-cao.jpg\" alt=\"Voi Xit Rua Ap Luc Cao\" width=\"750\" height=\"750\" srcset=\"https:\/\/maybommini.vn\/wp-content\/uploads\/2018\/04\/Voi-xit-rua-ap-luc-cao.jpg 750w, https:\/\/maybommini.vn\/wp-content\/uploads\/2018\/04\/Voi-xit-rua-ap-luc-cao-300x300.jpg 300w, https:\/\/maybommini.vn\/wp-content\/uploads\/2018\/04\/Voi-xit-rua-ap-luc-cao-150x150.jpg 150w, https:\/\/maybommini.vn\/wp-content\/uploads\/2018\/04\/Voi-xit-rua-ap-luc-cao-600x600.jpg 600w\" sizes=\"(max-width: 750px) 100vw, 750px\" \/><\/a><br \/>\n<a href=\"https:\/\/maybommini.com\/wp-content\/uploads\/2018\/04\/Sung-nhua-chinh-tia.jpg\" target=\"_blank\" rel=\"noopener\"><img decoding=\"async\" class=\"size-full wp-image-262813 aligncenter\" src=\"https:\/\/maybommini.com\/wp-content\/uploads\/2018\/04\/Sung-nhua-chinh-tia.jpg\" alt=\"Sung Nhua Chinh Tia\" width=\"750\" height=\"750\" srcset=\"https:\/\/maybommini.vn\/wp-content\/uploads\/2018\/04\/Sung-nhua-chinh-tia.jpg 750w, https:\/\/maybommini.vn\/wp-content\/uploads\/2018\/04\/Sung-nhua-chinh-tia-300x300.jpg 300w, https:\/\/maybommini.vn\/wp-content\/uploads\/2018\/04\/Sung-nhua-chinh-tia-150x150.jpg 150w, https:\/\/maybommini.vn\/wp-content\/uploads\/2018\/04\/Sung-nhua-chinh-tia-600x600.jpg 600w\" sizes=\"(max-width: 750px) 100vw, 750px\" \/><\/a> <a href=\"https:\/\/maybommini.com\/wp-content\/uploads\/2018\/04\/Dau-chinh-tia-sung-xit-ap-luc.jpg\" target=\"_blank\" rel=\"noopener\"><img decoding=\"async\" class=\"size-full wp-image-262811 aligncenter\" src=\"https:\/\/maybommini.com\/wp-content\/uploads\/2018\/04\/Dau-chinh-tia-sung-xit-ap-luc.jpg\" alt=\"Dau Chinh Tia Sung Xit Ap Luc\" width=\"750\" height=\"750\" srcset=\"https:\/\/maybommini.vn\/wp-content\/uploads\/2018\/04\/Dau-chinh-tia-sung-xit-ap-luc.jpg 750w, https:\/\/maybommini.vn\/wp-content\/uploads\/2018\/04\/Dau-chinh-tia-sung-xit-ap-luc-300x300.jpg 300w, https:\/\/maybommini.vn\/wp-content\/uploads\/2018\/04\/Dau-chinh-tia-sung-xit-ap-luc-150x150.jpg 150w, https:\/\/maybommini.vn\/wp-content\/uploads\/2018\/04\/Dau-chinh-tia-sung-xit-ap-luc-600x600.jpg 600w\" sizes=\"(max-width: 750px) 100vw, 750px\" \/><\/a> <a href=\"https:\/\/maybommini.com\/wp-content\/uploads\/2018\/04\/Ban-sung-rua-xe-mini-12v.jpg\" target=\"_blank\" rel=\"noopener\"><img decoding=\"async\" class=\"size-full wp-image-262809 aligncenter\" src=\"https:\/\/maybommini.com\/wp-content\/uploads\/2018\/04\/Ban-sung-rua-xe-mini-12v.jpg\" alt=\"Ban Sung Rua Xe Mini 12v\" width=\"750\" height=\"750\" srcset=\"https:\/\/maybommini.vn\/wp-content\/uploads\/2018\/04\/Ban-sung-rua-xe-mini-12v.jpg 750w, https:\/\/maybommini.vn\/wp-content\/uploads\/2018\/04\/Ban-sung-rua-xe-mini-12v-300x300.jpg 300w, https:\/\/maybommini.vn\/wp-content\/uploads\/2018\/04\/Ban-sung-rua-xe-mini-12v-150x150.jpg 150w, https:\/\/maybommini.vn\/wp-content\/uploads\/2018\/04\/Ban-sung-rua-xe-mini-12v-600x600.jpg 600w\" sizes=\"(max-width: 750px) 100vw, 750px\" \/><\/a><\/p>\n<p><strong>S\u1eec D\u1ee4NG V\u00d2I X\u1ecaT S\u00daNG X\u1ecaT \u00c1P L\u1ef0C CAO<\/strong><br \/>\nV\u1edbi thi\u1ebft k\u1ebf s\u00fang \u00e1p l\u1ef1c n\u01b0\u1edbc r\u1eeda xe b\u1ea1n c\u00f3 th\u1ec3 l\u1eafp m\u1ed9t c\u00e1ch d\u1ec3 d\u00e0ng v\u1edbi d\u00e2y \u00e1p l\u1ef1c r\u1eeda xe.<br \/>\nS\u00fang x\u1ecbt c\u00f3 n\u1ed1i cao\u00a0c\u1ea5p \u0111\u1ec3 n\u1ed1i\u00a0d\u00e2y \u00e1p l\u1ef1c. Ch\u1ecbu \u0111\u01b0\u1ee3c \u00e1p l\u1ef1c n\u01b0\u1edbc r\u1ea5t cao ph\u00f9 h\u1ecdp cho m\u00e1y b\u01a1m n\u01b0\u1edbc mini, m\u00e1y r\u1eeda xe.<br \/>\nS\u00fang x\u1ecbt \u00e1p l\u1ef1c cao v\u1edbi thi\u1ebft k\u1ebf b\u00ean ngo\u00e0i b\u1eb1ng nh\u1ef1a cao c\u1ea5p n\u00ean nh\u1eb9 gi\u00fap b\u1ea1n d\u1ec3 d\u00e0ng khi s\u1eed\u00a0d\u1ee5ng.<\/p>\n<p><a href=\"https:\/\/maybommini.com\/wp-content\/uploads\/2018\/04\/Chinh-tia-phin-phun-xit.jpg\" target=\"_blank\" rel=\"noopener\"><img decoding=\"async\" class=\"size-full wp-image-262810 aligncenter\" src=\"https:\/\/maybommini.com\/wp-content\/uploads\/2018\/04\/Chinh-tia-phin-phun-xit.jpg\" alt=\"Chinh Tia Phin Phun Xit\" width=\"750\" height=\"750\" srcset=\"https:\/\/maybommini.vn\/wp-content\/uploads\/2018\/04\/Chinh-tia-phin-phun-xit.jpg 750w, https:\/\/maybommini.vn\/wp-content\/uploads\/2018\/04\/Chinh-tia-phin-phun-xit-300x300.jpg 300w, https:\/\/maybommini.vn\/wp-content\/uploads\/2018\/04\/Chinh-tia-phin-phun-xit-150x150.jpg 150w, https:\/\/maybommini.vn\/wp-content\/uploads\/2018\/04\/Chinh-tia-phin-phun-xit-600x600.jpg 600w\" sizes=\"(max-width: 750px) 100vw, 750px\" \/><\/a><\/p>\n<p>V\u1edbi thi\u1ebft k\u1ebf g\u1ecdn nh\u1eb9 theo ti\u00eau chu\u1ea9n s\u00fang \u00e1p l\u1ef1c n\u01b0\u1edbc gi\u00e0nh cho c\u00e1c m\u00e1y b\u01a1m n\u01b0\u1edbc \u00e1p l\u1ef1c cao.<br \/>\nS\u00fang x\u1ecbt r\u1eeda xe m\u00e1y l\u1ea1nh c\u1ee7a ch\u00fang t\u00f4i c\u00f3 th\u1ec3 \u0111\u00e1p \u1ee9ng c\u00e1c nhu c\u1ea7u d\u00f9ng cho vi\u1ec7c v\u1ec7 sinh, r\u1eeda xe, r\u1eeda m\u00e1y l\u1ea1nh, v\u1ec7 sinh thi\u1ebft b\u1ecb.<br \/>\nS\u1ea3n ph\u1ea9m s\u00fang x\u1ecbt \u00e1p l\u1ef1c c\u1ee7a ch\u00fang t\u00f4i \u0111\u01b0\u1ee3c nh\u1eadp kh\u1ea9u tr\u1ef1c ti\u1ebfp, m\u1edbi 100% theo ti\u00eau chu\u1ea9n.<br \/>\nS\u00fang x\u1ecbt r\u1eeda \u00e1p l\u1ef1c ch\u1ec9nh tia\u00a0s\u1eed d\u1ee5ng v\u1ec7 sinh xe m\u00e1y l\u1ea1nh<\/p>\n<p><a href=\"https:\/\/maybommini.com\/wp-content\/uploads\/2018\/04\/Su-dung-sung-xit-ap-luc-cao-chinh-tia.jpg\" target=\"_blank\" rel=\"noopener\"><img decoding=\"async\" class=\"size-full wp-image-262812 aligncenter\" src=\"https:\/\/maybommini.com\/wp-content\/uploads\/2018\/04\/Su-dung-sung-xit-ap-luc-cao-chinh-tia.jpg\" alt=\"Su Dung Sung Xit Ap Luc Cao Chinh Tia\" width=\"750\" height=\"750\" srcset=\"https:\/\/maybommini.vn\/wp-content\/uploads\/2018\/04\/Su-dung-sung-xit-ap-luc-cao-chinh-tia.jpg 750w, https:\/\/maybommini.vn\/wp-content\/uploads\/2018\/04\/Su-dung-sung-xit-ap-luc-cao-chinh-tia-300x300.jpg 300w, https:\/\/maybommini.vn\/wp-content\/uploads\/2018\/04\/Su-dung-sung-xit-ap-luc-cao-chinh-tia-150x150.jpg 150w, https:\/\/maybommini.vn\/wp-content\/uploads\/2018\/04\/Su-dung-sung-xit-ap-luc-cao-chinh-tia-600x600.jpg 600w\" sizes=\"(max-width: 750px) 100vw, 750px\" \/><\/a><\/p>\n<h3 style=\"text-align: center;\"><em><strong>S\u00fang x\u1ecbt r\u1eeda xe m\u00e1y l\u1ea1nh<\/strong><\/em><\/h3>\n<p>&nbsp;<\/p>\n<p><a href=\"http:\/\/maybommini.com\/wp-content\/uploads\/2014\/10\/sung-ap-luc-rua-xe-bom-nuoc-mini.jpg\" target=\"_blank\" rel=\"noopener\"><img decoding=\"async\" class=\"wp-image-929 aligncenter\" src=\"http:\/\/maybommini.com\/wp-content\/uploads\/2014\/10\/sung-ap-luc-rua-xe-bom-nuoc-mini.jpg\" alt=\"sung-ap-luc-rua-xe-bom-nuoc-mini\" width=\"650\" height=\"554\" srcset=\"https:\/\/maybommini.vn\/wp-content\/uploads\/2014\/10\/sung-ap-luc-rua-xe-bom-nuoc-mini.jpg 1200w, https:\/\/maybommini.vn\/wp-content\/uploads\/2014\/10\/sung-ap-luc-rua-xe-bom-nuoc-mini-600x512.jpg 600w, https:\/\/maybommini.vn\/wp-content\/uploads\/2014\/10\/sung-ap-luc-rua-xe-bom-nuoc-mini-300x256.jpg 300w, https:\/\/maybommini.vn\/wp-content\/uploads\/2014\/10\/sung-ap-luc-rua-xe-bom-nuoc-mini-768x655.jpg 768w, https:\/\/maybommini.vn\/wp-content\/uploads\/2014\/10\/sung-ap-luc-rua-xe-bom-nuoc-mini-1024x873.jpg 1024w\" sizes=\"(max-width: 650px) 100vw, 650px\" \/><\/a><\/p>\n<p>&nbsp;<\/p>\n<p><a href=\"http:\/\/maybommini.com\/wp-content\/uploads\/2014\/10\/sung-rua-xe-bom-nuoc-mini.jpg\" target=\"_blank\" rel=\"noopener\"><img decoding=\"async\" class=\"wp-image-930 aligncenter\" src=\"http:\/\/maybommini.com\/wp-content\/uploads\/2014\/10\/sung-rua-xe-bom-nuoc-mini-1024x714.jpg\" alt=\"sung-rua-xe-bom-nuoc-mini\" width=\"650\" height=\"453\" srcset=\"https:\/\/maybommini.vn\/wp-content\/uploads\/2014\/10\/sung-rua-xe-bom-nuoc-mini-1024x714.jpg 1024w, https:\/\/maybommini.vn\/wp-content\/uploads\/2014\/10\/sung-rua-xe-bom-nuoc-mini-600x419.jpg 600w, https:\/\/maybommini.vn\/wp-content\/uploads\/2014\/10\/sung-rua-xe-bom-nuoc-mini-300x209.jpg 300w, https:\/\/maybommini.vn\/wp-content\/uploads\/2014\/10\/sung-rua-xe-bom-nuoc-mini-768x536.jpg 768w, https:\/\/maybommini.vn\/wp-content\/uploads\/2014\/10\/sung-rua-xe-bom-nuoc-mini-220x154.jpg 220w, https:\/\/maybommini.vn\/wp-content\/uploads\/2014\/10\/sung-rua-xe-bom-nuoc-mini.jpg 1200w\" sizes=\"(max-width: 650px) 100vw, 650px\" \/><\/a><\/p>\n<p><a href=\"http:\/\/maybommini.com\/wp-content\/uploads\/2014\/10\/sung-rua-xe-bom-nuoc-mini-12v.jpg\" target=\"_blank\" rel=\"noopener\"><img decoding=\"async\" class=\"wp-image-931 aligncenter\" src=\"http:\/\/maybommini.com\/wp-content\/uploads\/2014\/10\/sung-rua-xe-bom-nuoc-mini-12v-1024x669.jpg\" alt=\"sung-rua-xe-bom-nuoc-mini-12v\" width=\"649\" height=\"424\" srcset=\"https:\/\/maybommini.vn\/wp-content\/uploads\/2014\/10\/sung-rua-xe-bom-nuoc-mini-12v-1024x669.jpg 1024w, https:\/\/maybommini.vn\/wp-content\/uploads\/2014\/10\/sung-rua-xe-bom-nuoc-mini-12v-600x392.jpg 600w, https:\/\/maybommini.vn\/wp-content\/uploads\/2014\/10\/sung-rua-xe-bom-nuoc-mini-12v-300x196.jpg 300w, https:\/\/maybommini.vn\/wp-content\/uploads\/2014\/10\/sung-rua-xe-bom-nuoc-mini-12v-768x502.jpg 768w, https:\/\/maybommini.vn\/wp-content\/uploads\/2014\/10\/sung-rua-xe-bom-nuoc-mini-12v.jpg 1200w\" sizes=\"(max-width: 649px) 100vw, 649px\" \/><\/a><\/p>\n<p><a href=\"http:\/\/maybommini.com\/wp-content\/uploads\/2014\/10\/sung-xit-rua-xe-may-lanh.jpg\" target=\"_blank\" rel=\"noopener\"><img decoding=\"async\" class=\"wp-image-932 aligncenter\" src=\"http:\/\/maybommini.com\/wp-content\/uploads\/2014\/10\/sung-xit-rua-xe-may-lanh-1024x1024.jpg\" alt=\"sung-xit-rua-xe-may-lanh\" width=\"649\" height=\"649\" srcset=\"https:\/\/maybommini.vn\/wp-content\/uploads\/2014\/10\/sung-xit-rua-xe-may-lanh-1024x1024.jpg 1024w, https:\/\/maybommini.vn\/wp-content\/uploads\/2014\/10\/sung-xit-rua-xe-may-lanh-300x300.jpg 300w, https:\/\/maybommini.vn\/wp-content\/uploads\/2014\/10\/sung-xit-rua-xe-may-lanh-600x600.jpg 600w, https:\/\/maybommini.vn\/wp-content\/uploads\/2014\/10\/sung-xit-rua-xe-may-lanh-150x150.jpg 150w, https:\/\/maybommini.vn\/wp-content\/uploads\/2014\/10\/sung-xit-rua-xe-may-lanh-768x768.jpg 768w, https:\/\/maybommini.vn\/wp-content\/uploads\/2014\/10\/sung-xit-rua-xe-may-lanh.jpg 1200w\" sizes=\"(max-width: 649px) 100vw, 649px\" \/><\/a><\/p>\n<p><a title=\"m\u00e1y b\u01a1m mini\" href=\"https:\/\/maybommini.com\/\" target=\"_blank\" rel=\"noopener\">M\u00e1y B\u01a1m Mini \u2013 MBM<\/a>\u00a0nh\u00e0 cung c\u1ea5p h\u00e0ng \u0111\u1ea7u v\u1ec1 thi\u1ebft b\u1ecb ph\u1ee5 ki\u1ec7n x\u1ecbt r\u1eeda xe chuy\u1ec7n nghi\u1ec7p cho gia \u0111\u00ecnh tr\u00ean to\u00e0n qu\u1ed1c v\u1edbi gi\u00e1 t\u1edbt ch\u00ednh h\u00e3ng. M\u00e1y r\u1eeda xe \u00e1p l\u1ef1c cao, d\u00e2y r\u1eeda xe, s\u00fang x\u1ecbt r\u1eeda xe, b\u00e9c x\u1ecbt r\u1eeda, b\u00ecnh phun b\u1ecdt tuy\u1ebft, dung d\u1ecbch n\u01b0\u1edbc r\u1eeda xe v\u00e0 nhi\u1ec1u ph\u1ee5 ki\u1ec7n kh\u00e1c.<br \/>\n<strong>Website:<\/strong>\u00a0<a href=\"https:\/\/maybommini.com\/\" target=\"_blank\" rel=\"noopener\">https:\/\/maybommini.com<\/a><br \/>\n<strong>Email:<\/strong>\u00a0maybommini.com@gmail.com<br \/>\n<strong>Tel Zalo:<\/strong>\u00a0<a href=\"tel:02873030399\">02873030399<\/a>\u00a0\u2013\u00a0<a href=\"tel:0907294310\">0907294310<\/a>\u00a0\u2013\u00a0<a href=\"tel:0908997823\">0908997823<\/a>\u00a0\u2013\u00a0<a href=\"tel:0908997872\">0908997872<\/a><\/p>\n<p><a class=\"swipebox\" title=\"\" href=\"https:\/\/maybommini.com\/wp-content\/uploads\/2022\/07\/thong-tin-lien-he-may-bom-mini.jpg\" data-rel=\"lightbox-image-bGlnaHRib3gtaW1hZ2UtYkdsbmFIUmliM2d0YVcxaFoyVXRNVEk9\" data-rl_title=\"\" data-rl_caption=\"\" data-rl_ target=\"_blank\" rel=\"noopener\"><img decoding=\"async\" class=\"size-full wp-image-270584 aligncenter lazyloaded\" src=\"https:\/\/maybommini.com\/wp-content\/uploads\/2022\/07\/thong-tin-lien-he-may-bom-mini.jpg\" sizes=\"(max-width: 750px) 100vw, 750px\" srcset=\"https:\/\/maybommini.com\/wp-content\/uploads\/2022\/07\/thong-tin-lien-he-may-bom-mini.jpg 750w, https:\/\/maybommini.com\/wp-content\/uploads\/2022\/07\/thong-tin-lien-he-may-bom-mini-300x202.jpg 300w, https:\/\/maybommini.com\/wp-content\/uploads\/2022\/07\/thong-tin-lien-he-may-bom-mini-600x405.jpg 600w\" alt=\"Thong Tin Lien He May Bom Mini\" width=\"750\" height=\"506\" data-lazy-srcset=\"https:\/\/maybommini.com\/wp-content\/uploads\/2022\/07\/thong-tin-lien-he-may-bom-mini.jpg 750w, https:\/\/maybommini.com\/wp-content\/uploads\/2022\/07\/thong-tin-lien-he-may-bom-mini-300x202.jpg 300w, https:\/\/maybommini.com\/wp-content\/uploads\/2022\/07\/thong-tin-lien-he-may-bom-mini-600x405.jpg 600w\" data-lazy-sizes=\"(max-width: 750px) 100vw, 750px\" data-lazy-src=\"https:\/\/maybommini.com\/wp-content\/uploads\/2022\/07\/thong-tin-lien-he-may-bom-mini.jpg\" data-was-processed=\"true\" \/><\/a><\/p>\n","protected":false},"excerpt":{"rendered":"<p>Model: SR-01<br \/>\nLo\u1ea1i sungg x\u1ecbt ch\u1ec9nh tia \u00e1p l\u1ef1c.<br \/>\nRen trong 13mm.<br \/>\nN\u1ed1i \u1ed1ng nhanh ki\u1ec1u g\u00e0i 12mm.<br \/>\nCh\u1ebf \u0111\u1ed9 \u0111i\u1ec1u ch\u1ec9nh\u00a0tia phun.<br \/>\nPhun 1 tia v\u00e0 phun s\u01b0\u01a1ng.<br \/>\nCh\u1ea5t li\u1ec7u: Gang, \u0110\u1ed3ng, Nh\u1ef1a.<br \/>\nK\u00edch th\u01b0\u1edbc: 26 x 16 x 4 cm.<br \/>\nTr\u1ecdng l\u01b0\u1ee3ng: 260 gam.<br \/>\nS\u1ea3n ph\u1ea9m cao c\u1ea5p<br \/>\nKh\u1eb3ng \u0111\u1ecbnh \u0111\u1ed9 an to\u00e0n.<br \/>\nCh\u1ea5t l\u01b0\u1ee3ng s\u1ea3n ph\u1ea9m v\u1edbi ng\u01b0\u1eddi ti\u00eau d\u00f9ng.<br \/>\n<strong>H\u00f4\u0309 tr\u01a1\u0323 ky\u0303 thu\u00e2\u0323t vi\u0303nh vi\u00ea\u0303n.<\/strong><br \/>\n<strong>T\u01af V\u1ea4N K\u1ef8 THU\u1eacT \u2013 MUA H\u00c0NG<br \/>\n0908997823 \u2013 0908997872<br \/>\n0907294310 \u2013 02873030399<\/strong><\/p>\n","protected":false},"featured_media":255673,"comment_status":"open","ping_status":"closed","template":"","meta":[],"product_brand":[2227],"product_cat":[216,215,214],"product_tag":[217,2941,218,2939,219,220,2940,221,222,223,1736],"class_list":{"0":"post-255652","1":"product","2":"type-product","3":"status-publish","4":"has-post-thumbnail","6":"product_brand-mtm","7":"product_cat-sung-phun-xit-ap-luc-cao","8":"product_cat-phu-kien-xit-rua-ap-luc","9":"product_cat-phu-kien-bom-nuoc","10":"product_tag-sung-ap-luc","11":"product_tag-sung-chinh-tia","12":"product_tag-sung-nuoc-ap-luc","13":"product_tag-sung-rua-ap-luc-cao","14":"product_tag-sung-rua-xe","15":"product_tag-sung-rua-xe-may-dung-cho-may-bom-12v","16":"product_tag-sung-rua-xe-mini","17":"product_tag-sung-xit-ap-luc","18":"product_tag-sung-xit-nuoc","19":"product_tag-sung-xit-rua-may-lanh","20":"product_tag-sung-xit-rua-xe","22":"first","23":"instock","24":"sale","25":"featured","26":"shipping-taxable","27":"purchasable","28":"product-type-simple"},"_links":{"self":[{"href":"https:\/\/maybommini.vn\/index.php?rest_route=\/wp\/v2\/product\/255652","targetHints":{"allow":["GET"]}}],"collection":[{"href":"https:\/\/maybommini.vn\/index.php?rest_route=\/wp\/v2\/product"}],"about":[{"href":"https:\/\/maybommini.vn\/index.php?rest_route=\/wp\/v2\/types\/product"}],"replies":[{"embeddable":true,"href":"https:\/\/maybommini.vn\/index.php?rest_route=%2Fwp%2Fv2%2Fcomments&post=255652"}],"wp:featuredmedia":[{"embeddable":true,"href":"https:\/\/maybommini.vn\/index.php?rest_route=\/wp\/v2\/media\/255673"}],"wp:attachment":[{"href":"https:\/\/maybommini.vn\/index.php?rest_route=%2Fwp%2Fv2%2Fmedia&parent=255652"}],"wp:term":[{"taxonomy":"product_brand","embeddable":true,"href":"https:\/\/maybommini.vn\/index.php?rest_route=%2Fwp%2Fv2%2Fproduct_brand&post=255652"},{"taxonomy":"product_cat","embeddable":true,"href":"https:\/\/maybommini.vn\/index.php?rest_route=%2Fwp%2Fv2%2Fproduct_cat&post=255652"},{"taxonomy":"product_tag","embeddable":true,"href":"https:\/\/maybommini.vn\/index.php?rest_route=%2Fwp%2Fv2%2Fproduct_tag&post=255652"}],"curies":[{"name":"wp","href":"https:\/\/api.w.org\/{rel}","templated":true}]}}