{"id":255655,"date":"2018-04-12T19:23:42","date_gmt":"2018-04-12T12:23:42","guid":{"rendered":"https:\/\/maybommini.com\/san-pham\/import-placeholder-for-251908"},"modified":"2023-02-28T22:40:07","modified_gmt":"2023-02-28T15:40:07","slug":"bom-nuoc-ap-luc-mini-12v","status":"publish","type":"product","link":"https:\/\/maybommini.vn\/?product=bom-nuoc-ap-luc-mini-12v","title":{"rendered":"B\u01a1m n\u01b0\u1edbc \u00e1p l\u1ef1c mini 12V"},"content":{"rendered":"<p><strong>\u0110\u00e2y l\u00e0 lo\u1ea1i b\u01a1m n\u01b0\u1edbc\u00a0\u00e1p l\u1ef1c mini 12V d\u00f9ng cho xe\u00a0\u00f4t\u00f4, t\u00e0u thu\u1ef7, m\u00e1y n\u00f4ng nghi\u1ec7p, c\u00f4ng nghi\u1ec7p hay d\u00f9ng\u00a0\u0111\u1ec3 r\u1eeda xe m\u00e1y l\u1ea1nh. V\u1edbi c\u00f4ng su\u1ea5t 50W s\u1eed d\u1ee5ng ngu\u1ed3n 3.5A r\u1ea5t ph\u00f9 h\u1ee3p khi d\u00f9ng b\u1eb1ng b\u00ecnh\u00a0\u00e1c quy.<\/strong><\/p>\n<p><a href=\"http:\/\/maybommini.com\/wp-content\/uploads\/2014\/10\/bom-nuoc-mini-12v-rua-xe.jpg\" target=\"_blank\" rel=\"noopener\"><img decoding=\"async\" class=\"size-full wp-image-1005 aligncenter\" src=\"http:\/\/maybommini.com\/wp-content\/uploads\/2014\/10\/bom-nuoc-mini-12v-rua-xe.jpg\" alt=\"bom-nuoc-mini-12v-rua-xe\" width=\"700\" height=\"700\" \/><\/a><\/p>\n<p>\u0110\u01b0\u1ee3c s\u1ea3n xu\u1ea5t tr\u00ean c\u00f4ng\u00a0ngh\u1ec7 hi\u1ec7n\u00a0\u0111\u1ea1i motor m\u00e1y b\u01a1m n\u01b0\u1edbc \u00e1p l\u1ef1c mini 12V r\u1ea5t b\u1ec1n khi b\u01a1m, c\u00f3 tu\u1ed5i th\u1ecd cao.<\/p>\n<p><a href=\"http:\/\/maybommini.com\/wp-content\/uploads\/2014\/10\/bom-nuoc-mini.jpg\" target=\"_blank\" rel=\"noopener\"><img decoding=\"async\" class=\"size-full wp-image-1003 aligncenter\" src=\"http:\/\/maybommini.com\/wp-content\/uploads\/2014\/10\/bom-nuoc-mini.jpg\" alt=\"bom-nuoc-mini\" width=\"700\" height=\"700\" srcset=\"https:\/\/maybommini.vn\/wp-content\/uploads\/2014\/10\/bom-nuoc-mini.jpg 700w, https:\/\/maybommini.vn\/wp-content\/uploads\/2014\/10\/bom-nuoc-mini-300x300.jpg 300w, https:\/\/maybommini.vn\/wp-content\/uploads\/2014\/10\/bom-nuoc-mini-600x600.jpg 600w, https:\/\/maybommini.vn\/wp-content\/uploads\/2014\/10\/bom-nuoc-mini-150x150.jpg 150w\" sizes=\"(max-width: 700px) 100vw, 700px\" \/><\/a><\/p>\n<p>Th\u00e2n m\u00e1y\u00a0\u0111\u01b0\u1ee3c s\u1ea3n xu\u1ea5t b\u1eb1ng nh\u1ef1a cao c\u1ea5p l\u00e0m vi\u1ec7c\u00a0\u1edf nhi\u1ec7t\u00a0\u0111\u1ed9 cao.<\/p>\n<p><a href=\"http:\/\/maybommini.com\/wp-content\/uploads\/2014\/10\/bom-nuoc-mini-12v.jpg\" target=\"_blank\" rel=\"noopener\"><img decoding=\"async\" class=\"size-full wp-image-1004 aligncenter\" src=\"http:\/\/maybommini.com\/wp-content\/uploads\/2014\/10\/bom-nuoc-mini-12v.jpg\" alt=\"bom-nuoc-mini-12v\" width=\"700\" height=\"700\" \/><\/a><\/p>\n<p>B\u01a1m n\u01b0\u1edbc \u00e1p l\u1ef1c mini 12V l\u00e0 lo\u1ea1i m\u00e1y b\u01a1m theo c\u00f4ng ngh\u1ec7 b\u01a1m m\u00e0ng ti\u00ean ti\u1ebfn hi\u1ec7n nay. Do v\u1eady m\u00e1y b\u01a1m n\u00e0y cho ra\u00a0\u00e1p l\u1ef1c n\u01b0\u1edbc l\u1edbn khi b\u01a1m.<\/p>\n<p><a href=\"http:\/\/maybommini.com\/wp-content\/uploads\/2014\/10\/may-bom-nuoc-12v-rua-xe.jpg\" target=\"_blank\" rel=\"noopener\"><img decoding=\"async\" class=\"size-full wp-image-1007 aligncenter\" src=\"http:\/\/maybommini.com\/wp-content\/uploads\/2014\/10\/may-bom-nuoc-12v-rua-xe.jpg\" alt=\"may-bom-nuoc-12v-rua-xe\" width=\"700\" height=\"700\" srcset=\"https:\/\/maybommini.vn\/wp-content\/uploads\/2014\/10\/may-bom-nuoc-12v-rua-xe.jpg 700w, https:\/\/maybommini.vn\/wp-content\/uploads\/2014\/10\/may-bom-nuoc-12v-rua-xe-300x300.jpg 300w, https:\/\/maybommini.vn\/wp-content\/uploads\/2014\/10\/may-bom-nuoc-12v-rua-xe-600x600.jpg 600w, https:\/\/maybommini.vn\/wp-content\/uploads\/2014\/10\/may-bom-nuoc-12v-rua-xe-150x150.jpg 150w\" sizes=\"(max-width: 700px) 100vw, 700px\" \/><\/a><\/p>\n<p>B\u1ea1n c\u00f3 th\u1ec3 s\u1eed d\u1ee5ng m\u00e1y l\u1eafp trong xe ho\u1eb7c d\u00f9ng m\u00e1y b\u01a1m n\u01b0\u1edbc \u00e1p l\u1ef1c mini 12V n\u00e0y l\u00e0m m\u00e1y r\u1eeda xe mini 12V r\u1ea5t ti\u1ec7n l\u1ee3i v\u00e0 h\u1ee3p l\u00fd.<\/p>\n<p><a href=\"http:\/\/maybommini.com\/wp-content\/uploads\/2014\/10\/may-bom-nuoc12v.jpg\" target=\"_blank\" rel=\"noopener\"><img decoding=\"async\" class=\"size-full wp-image-1006 aligncenter\" src=\"http:\/\/maybommini.com\/wp-content\/uploads\/2014\/10\/may-bom-nuoc12v.jpg\" alt=\"may-bom-nuoc12v\" width=\"700\" height=\"700\" srcset=\"https:\/\/maybommini.vn\/wp-content\/uploads\/2014\/10\/may-bom-nuoc12v.jpg 700w, https:\/\/maybommini.vn\/wp-content\/uploads\/2014\/10\/may-bom-nuoc12v-300x300.jpg 300w, https:\/\/maybommini.vn\/wp-content\/uploads\/2014\/10\/may-bom-nuoc12v-600x600.jpg 600w, https:\/\/maybommini.vn\/wp-content\/uploads\/2014\/10\/may-bom-nuoc12v-150x150.jpg 150w\" sizes=\"(max-width: 700px) 100vw, 700px\" \/><\/a><a href=\"http:\/\/maybommini.com\/wp-content\/uploads\/2014\/10\/phu-kien-bom-nuoc-mini-12v.jpg\" target=\"_blank\" rel=\"noopener\"><br \/>\n<\/a><\/p>\n<p>Chung t\u00f4i lu\u00f4n cung c\u1ea5p cho kh\u00e1ch h\u00e0ng\u00a0B\u01a1m n\u01b0\u1edbc \u00e1p l\u1ef1c mini 12V ch\u1ea5t l\u01b0\u1ee3ng cao, ch\u00ednh h\u00e3ng, b\u00e0o h\u00e0nh\u00a0\u0111\u1ea7y\u00a0\u0111\u1ee7.<\/p>\n<p><a href=\"http:\/\/maybommini.com\/wp-content\/uploads\/2014\/10\/bom-nuoc-mini-12v-rua-xe.jpg\" target=\"_blank\" rel=\"noopener\"><img decoding=\"async\" class=\"size-full wp-image-1005 aligncenter\" src=\"http:\/\/maybommini.com\/wp-content\/uploads\/2014\/10\/bom-nuoc-mini-12v-rua-xe.jpg\" alt=\"bom-nuoc-mini-12v-rua-xe\" width=\"700\" height=\"700\" \/><\/a><\/p>\n<h2>Kh\u00e1ch h\u00e0ng\u00a0mua m\u00e1y b\u01a1m r\u1eeda xe 12v vui l\u00f2ng li\u00ean h\u1ec7 <span style=\"color: #ff0000;\">Hotline 090 729 4310<\/span>\u00a0\u0111\u1ec3\u00a0\u0111\u01b0\u1ee3c t\u01b0 v\u1ea5n mi\u1ec5n ph\u00ed.<\/h2>\n<p><a href=\"http:\/\/maybommini.com\/wp-content\/uploads\/2014\/10\/bom-nuoc-mini-12v.jpg\" target=\"_blank\" rel=\"noopener\"><img decoding=\"async\" class=\"size-full wp-image-1004 aligncenter\" src=\"http:\/\/maybommini.com\/wp-content\/uploads\/2014\/10\/bom-nuoc-mini-12v.jpg\" alt=\"bom-nuoc-mini-12v\" width=\"700\" height=\"700\" \/><\/a><\/p>\n<h2>M\u00e1y b\u01a1m n\u01b0\u1edbc r\u1eeda xe 12V c\u00f3 gi\u00e1 t\u1ed1t nh\u1ea5t b\u1ea3o h\u00e0nh ch\u00ednh h\u00e3ng.<\/h2>\n<h2>Ch\u1ed7 b\u00e1n m\u00e1y b\u01a1m mini &#8211; Gi\u00e1 m\u00e1y b\u01a1m mini \u00a0&#8211;\u00a0gia m\u00e1y b\u01a1m h\u01a1i mini<\/h2>\n<p><strong>CTY TNHH TH\u01af\u01a0NG M\u1ea0I D\u1ecaCH V\u1ee4 \u0110I\u1ec6N M\u00c1Y TH\u00d4NG MINH<\/strong><br \/>\n18Bis\/22\/3 Nguy\u1ec5n Th\u1ecb Minh Khai, Ph\u01b0\u1eddng \u0110akao, Qu\u1eadn 1 , H\u1ed3 Ch\u00ed Minh.<br \/>\nHotline : 090 729 4310<br \/>\nEmail : maybommini.com@gmail.com<br \/>\nWebsite : http:\/\/maybommini.com<br \/>\nFacebook : https:\/\/www.facebook.com\/maybommini<br \/>\nGoogle : https:\/\/plus.google.com\/ Maybomnuocminiruaxe<br \/>\nYoutube demo : https:\/\/www.youtube.com\/bahamasali<\/p>\n<p><a title=\"m\u00e1y b\u01a1m mini\" href=\"https:\/\/maybommini.com\/\" target=\"_blank\" rel=\"noopener\">M\u00e1y B\u01a1m Mini \u2013 MBM<\/a>\u00a0nh\u00e0 cung c\u1ea5p h\u00e0ng \u0111\u1ea7u v\u1ec1 thi\u1ebft b\u1ecb ph\u1ee5 ki\u1ec7n x\u1ecbt r\u1eeda xe chuy\u1ec7n nghi\u1ec7p cho gia \u0111\u00ecnh tr\u00ean to\u00e0n qu\u1ed1c v\u1edbi gi\u00e1 t\u1edbt ch\u00ednh h\u00e3ng. M\u00e1y r\u1eeda xe \u00e1p l\u1ef1c cao, d\u00e2y r\u1eeda xe, s\u00fang x\u1ecbt r\u1eeda xe, b\u00e9c x\u1ecbt r\u1eeda, b\u00ecnh phun b\u1ecdt tuy\u1ebft, dung d\u1ecbch n\u01b0\u1edbc r\u1eeda xe v\u00e0 nhi\u1ec1u ph\u1ee5 ki\u1ec7n kh\u00e1c.<br \/>\n<strong>Website:<\/strong>\u00a0<a href=\"https:\/\/maybommini.com\/\" target=\"_blank\" rel=\"noopener\">https:\/\/maybommini.com<\/a><br \/>\n<strong>Email:<\/strong>\u00a0maybommini.com@gmail.com<br \/>\n<strong>Tel Zalo:<\/strong>\u00a0<a href=\"tel:02873030399\">02873030399<\/a>\u00a0\u2013\u00a0<a href=\"tel:0907294310\">0907294310<\/a>\u00a0\u2013\u00a0<a href=\"tel:0908997823\">0908997823<\/a>\u00a0\u2013\u00a0<a href=\"tel:0908997872\">0908997872<\/a><\/p>\n<p><a class=\"swipebox\" title=\"\" href=\"https:\/\/maybommini.com\/wp-content\/uploads\/2022\/07\/thong-tin-lien-he-may-bom-mini.jpg\" data-rel=\"lightbox-image-bGlnaHRib3gtaW1hZ2UtYkdsbmFIUmliM2d0YVcxaFoyVXRNVEk9\" data-rl_title=\"\" data-rl_caption=\"\" data-rl_ target=\"_blank\" rel=\"noopener\"><img decoding=\"async\" class=\"size-full wp-image-270584 aligncenter lazyloaded\" src=\"https:\/\/maybommini.com\/wp-content\/uploads\/2022\/07\/thong-tin-lien-he-may-bom-mini.jpg\" sizes=\"(max-width: 750px) 100vw, 750px\" srcset=\"https:\/\/maybommini.com\/wp-content\/uploads\/2022\/07\/thong-tin-lien-he-may-bom-mini.jpg 750w, https:\/\/maybommini.com\/wp-content\/uploads\/2022\/07\/thong-tin-lien-he-may-bom-mini-300x202.jpg 300w, https:\/\/maybommini.com\/wp-content\/uploads\/2022\/07\/thong-tin-lien-he-may-bom-mini-600x405.jpg 600w\" alt=\"Thong Tin Lien He May Bom Mini\" width=\"750\" height=\"506\" data-lazy-srcset=\"https:\/\/maybommini.com\/wp-content\/uploads\/2022\/07\/thong-tin-lien-he-may-bom-mini.jpg 750w, https:\/\/maybommini.com\/wp-content\/uploads\/2022\/07\/thong-tin-lien-he-may-bom-mini-300x202.jpg 300w, https:\/\/maybommini.com\/wp-content\/uploads\/2022\/07\/thong-tin-lien-he-may-bom-mini-600x405.jpg 600w\" data-lazy-sizes=\"(max-width: 750px) 100vw, 750px\" data-lazy-src=\"https:\/\/maybommini.com\/wp-content\/uploads\/2022\/07\/thong-tin-lien-he-may-bom-mini.jpg\" data-was-processed=\"true\" \/><\/a><\/p>\n","protected":false},"excerpt":{"rendered":"<p><strong>100% ch\u1ea5t l\u01b0\u1ee3ng th\u01b0\u01a1ng hi\u1ec7u m\u1edbi v\u00e0 cao c\u1ea5p.<\/strong><br \/>\n<strong>Ch\u1ea5t li\u1ec7u:<\/strong> nh\u1ef1a cao c\u1ea5p v\u00e0 kim lo\u1ea1i.<br \/>\n<strong>M\u00e0u s\u1eafc:<\/strong> m\u00e0u v\u00e0ng.<br \/>\n<strong>\u0110i\u1ec7n \u00e1p:<\/strong> DC 12V.<br \/>\n<strong>Amp :<\/strong> 3.5AMP<br \/>\n<strong>\u0110\u1ea7u v\u00e0o \/ \u0111\u1ea7u ra:<\/strong> 10mm \/ 18mm \u1ed1ng h\u00f4<br \/>\n<strong>L\u01b0u l\u01b0\u1ee3ng:<\/strong> 3-4L \/ ph\u00fat<br \/>\n<strong>\u00c1p l\u1ef1c:<\/strong> 0.6MPa.<br \/>\n<strong>Ph\u00f9 h\u1ee3p cho Thuy\u1ec1n, t\u00e0u bi\u1ec3n, m\u00e1y phun s\u01b0\u1edbng, r\u1eeda xe m\u00e1y.<\/strong><br \/>\n<strong>K\u00edch th\u01b0\u1edbc:<\/strong> 16x10x5cm.<br \/>\nTr\u1ecdng l\u01b0\u1ee3ng: kho\u1ea3ng 590g.<br \/>\nD\u1ec5 d\u00e0ng v\u00e0 thu\u1eadn ti\u1ec7n \u0111\u1ec3 s\u1eed d\u1ee5ng.<br \/>\nB\u1ea3o h\u00e0nh: 6 th\u00e1ng<br \/>\nPh\u00e2n ph\u1ed1i: Maybommini.com<br \/>\nH\u00f4\u0309 tr\u01a1\u0323 ky\u0303 thu\u00e2\u0323t vi\u0303nh vi\u00ea\u0303n.<br \/>\n<strong>T\u01af V\u1ea4N K\u1ef8 THU\u1eacT \u2013 MUA H\u00c0NG<br \/>\nMUA S\u1ed0 L\u01af\u1ee2NG C\u00d3 GI\u00c1 S\u1ec8<\/strong><br \/>\n0908997823 \u2013 0908997872<br \/>\n0907294310 \u2013 02873030399<\/p>\n","protected":false},"featured_media":1880,"comment_status":"open","ping_status":"closed","template":"","meta":[],"product_brand":[3113],"product_cat":[197,196,224,225,334,1442],"product_tag":[226,198,235,202,240,241,242,243,2133],"class_list":{"0":"post-255655","1":"product","2":"type-product","3":"status-publish","4":"has-post-thumbnail","6":"product_brand-shell","7":"product_cat-may-bom-ap-luc-12v","8":"product_cat-may-bom-ap-luc-mini","9":"product_cat-may-bom-nuoc","10":"product_cat-may-bom-nuoc-mini-12v","11":"product_cat-may-bom-tro-luc-tang-ap","12":"product_cat-may-bom-tro-luc-12v","13":"product_tag-bom-mini-12v","14":"product_tag-bom-nuoc-ap-luc","15":"product_tag-bom-nuoc-mini","16":"product_tag-bom-rua-xe-12v","17":"product_tag-cho-ban-may-bom-mini","18":"product_tag-gia-may-bom-hoi-mini","19":"product_tag-gia-may-bom-mini","20":"product_tag-may-bom-nuoc-rua-xe","21":"product_tag-may-bom-shell","23":"first","24":"instock","25":"sale","26":"shipping-taxable","27":"purchasable","28":"product-type-simple"},"_links":{"self":[{"href":"https:\/\/maybommini.vn\/index.php?rest_route=\/wp\/v2\/product\/255655","targetHints":{"allow":["GET"]}}],"collection":[{"href":"https:\/\/maybommini.vn\/index.php?rest_route=\/wp\/v2\/product"}],"about":[{"href":"https:\/\/maybommini.vn\/index.php?rest_route=\/wp\/v2\/types\/product"}],"replies":[{"embeddable":true,"href":"https:\/\/maybommini.vn\/index.php?rest_route=%2Fwp%2Fv2%2Fcomments&post=255655"}],"wp:featuredmedia":[{"embeddable":true,"href":"https:\/\/maybommini.vn\/index.php?rest_route=\/wp\/v2\/media\/1880"}],"wp:attachment":[{"href":"https:\/\/maybommini.vn\/index.php?rest_route=%2Fwp%2Fv2%2Fmedia&parent=255655"}],"wp:term":[{"taxonomy":"product_brand","embeddable":true,"href":"https:\/\/maybommini.vn\/index.php?rest_route=%2Fwp%2Fv2%2Fproduct_brand&post=255655"},{"taxonomy":"product_cat","embeddable":true,"href":"https:\/\/maybommini.vn\/index.php?rest_route=%2Fwp%2Fv2%2Fproduct_cat&post=255655"},{"taxonomy":"product_tag","embeddable":true,"href":"https:\/\/maybommini.vn\/index.php?rest_route=%2Fwp%2Fv2%2Fproduct_tag&post=255655"}],"curies":[{"name":"wp","href":"https:\/\/api.w.org\/{rel}","templated":true}]}}