{"id":255662,"date":"2018-04-12T19:23:44","date_gmt":"2018-04-12T12:23:44","guid":{"rendered":"https:\/\/maybommini.com\/san-pham\/import-placeholder-for-251915"},"modified":"2025-09-22T04:58:28","modified_gmt":"2025-09-21T21:58:28","slug":"bom-nuoc-mini-12v-80w","status":"publish","type":"product","link":"https:\/\/maybommini.vn\/?product=bom-nuoc-mini-12v-80w","title":{"rendered":"B\u01a1m N\u01b0\u1edbc Mini 12V 80W"},"content":{"rendered":"<h3><strong>B\u1ea1n c\u1ea7n m\u1ed9t m\u00e1y b\u01a1m n\u01b0\u1edbc mini nh\u1ecf g\u1ecdn m\u00e0 c\u00f3 \u00e1p l\u1ef1c l\u1edbn v\u00e0 \u0111\u00e2y l\u00e0 l\u1ef1a ch\u1ecdn ho\u00e0n to\u00e0n \u0111\u00e1p \u1ee9ng \u0111\u01b0\u1ee3c nhu c\u1ea7u c\u1ee7a b\u1ea1n v\u1edbi m\u00e1y b\u01a1m n\u01b0\u1edbc mini 12V 80W<\/strong><\/h3>\n<p><a href=\"http:\/\/maybommini.com\/wp-content\/uploads\/2014\/11\/may-bom-mini-12v-80w-ap-luc.jpg\" target=\"_blank\" rel=\"noopener\"><img decoding=\"async\" class=\"wp-image-1162 aligncenter\" src=\"http:\/\/maybommini.com\/wp-content\/uploads\/2014\/11\/may-bom-mini-12v-80w-ap-luc-1024x829.jpg\" alt=\"may-bom-mini-12v-80w-ap-luc\" width=\"750\" height=\"607\" srcset=\"https:\/\/maybommini.vn\/wp-content\/uploads\/2014\/11\/may-bom-mini-12v-80w-ap-luc-1024x829.jpg 1024w, https:\/\/maybommini.vn\/wp-content\/uploads\/2014\/11\/may-bom-mini-12v-80w-ap-luc-600x486.jpg 600w, https:\/\/maybommini.vn\/wp-content\/uploads\/2014\/11\/may-bom-mini-12v-80w-ap-luc-300x243.jpg 300w, https:\/\/maybommini.vn\/wp-content\/uploads\/2014\/11\/may-bom-mini-12v-80w-ap-luc-768x622.jpg 768w, https:\/\/maybommini.vn\/wp-content\/uploads\/2014\/11\/may-bom-mini-12v-80w-ap-luc.jpg 1200w\" sizes=\"(max-width: 750px) 100vw, 750px\" \/><\/a><\/p>\n<p><strong>TH\u00d4NG S\u1ed0 K\u1ef8 THU\u1eacT<\/strong><br \/>\n\u0110\u1ed9ng c\u01a1: 0142<br \/>\n\u0110i\u1ec7n \u00e1p: DC12V<br \/>\nC\u00f4ng su\u1ea5t (t\u1ed1i \u0111a): 80W<br \/>\n\u00c1p l\u1ef1c n\u01b0\u1edbc \u0111\u1ea7u v\u00e0o: 0.2Mpa<br \/>\n\u00c1p su\u1ea5t n\u01b0\u1edbc ra: 0.9 Mpa<br \/>\nL\u01b0u l\u01b0\u1ee3ng: 6L \/ ph\u00fat<br \/>\nB\u1ea3o v\u1ec7 Van Lo\u1ea1i: van th\u00f4ng minh (v\u1edbi c\u00f4ng t\u1eafc \u00e1p su\u1ea5t t\u1ef1 \u0111\u1ed9ng)<br \/>\nK\u00edch th\u01b0\u1edbc: 16.5cm (L) x 9.5cm (W) x 6cm (H)<br \/>\nV\u1ecf b\u00ean ngo\u00e0i b\u1eb1ng nh\u1ef1a cao c\u1ea5p t\u1ea3n nhi\u1ec7t t\u1ed1t.<\/p>\n<p><a href=\"http:\/\/maybommini.com\/wp-content\/uploads\/2014\/11\/may-bom-mini-12v-80w-ap-luc.jpg\" target=\"_blank\" rel=\"noopener\"><img decoding=\"async\" class=\"wp-image-1162 aligncenter\" src=\"http:\/\/maybommini.com\/wp-content\/uploads\/2014\/11\/may-bom-mini-12v-80w-ap-luc-1024x829.jpg\" alt=\"may-bom-mini-12v-80w-ap-luc\" width=\"750\" height=\"607\" srcset=\"https:\/\/maybommini.vn\/wp-content\/uploads\/2014\/11\/may-bom-mini-12v-80w-ap-luc-1024x829.jpg 1024w, https:\/\/maybommini.vn\/wp-content\/uploads\/2014\/11\/may-bom-mini-12v-80w-ap-luc-600x486.jpg 600w, https:\/\/maybommini.vn\/wp-content\/uploads\/2014\/11\/may-bom-mini-12v-80w-ap-luc-300x243.jpg 300w, https:\/\/maybommini.vn\/wp-content\/uploads\/2014\/11\/may-bom-mini-12v-80w-ap-luc-768x622.jpg 768w, https:\/\/maybommini.vn\/wp-content\/uploads\/2014\/11\/may-bom-mini-12v-80w-ap-luc.jpg 1200w\" sizes=\"(max-width: 750px) 100vw, 750px\" \/><\/a><\/p>\n<h2>Nguy\u00ean l\u00fd ho\u1ea1t \u0111\u1ed9ng b\u01a1m n\u01b0\u1edbc mini 12V 80W<\/h2>\n<p>M\u00e1y c\u00f3 th\u1ec3 ch\u1ea1y kh\u00f4 m\u00e0 kh\u00f4ng \u1ea3nh h\u01b0\u1edbng t\u1edbi \u0111\u1ed9ng c\u01a1 khi kh\u00f4ng c\u00f3 n\u01b0\u1edbc b\u01a1m. V\u1edbi c\u00e1c m\u00e1y l\u1edbn th\u00ec c\u00f3 th\u1ec3 g\u00e2y h\u1ea1i d\u1eabn t\u1edbi ch\u00e1y \u0111\u1ed9ng c\u01a1.<\/p>\n<p>B\u01a1m n\u01b0\u1edbc mini 12V 80W d\u00f9ng tr\u1ef1c ti\u1ebfp ngu\u1ed3n \u0111i\u1ec7n 12V t\u1eeb b\u00ecnh \u1eafc quy xe m\u00e1y Oto, Adapter 220 ra 12V 5A 10A 15A v\u00e0 c\u00e1c lo\u1ea1i ngu\u1ed3n chu\u1ea9n 12V d\u00f9ng cho b\u01a1m n\u01b0\u1edbc mini.<\/p>\n<p>M\u00e1y b\u01a1m mini kh\u00f4ng ph\u00e2n bi\u1ec7t c\u1ef1c \u00e2m hay d\u01b0\u01a1ng c\u1ee7a ngu\u1ed3n \u0111i\u1ec7n c\u1ea5p.<\/p>\n<p>M\u00e1y ch\u1ea1y ho\u1ea1t \u0111\u1ed9ng v\u1edbi ti\u1ebfng \u1ed3n nh\u1ecf v\u00e0 \u00eam \u00e1i.<\/p>\n<p>M\u00e1y c\u00f3 kh\u1ea3 n\u0103ng b\u01a1m n\u01b0\u1edbc tr\u1ef1c ti\u1ebfp m\u00e0 kh\u00f4ng c\u1ea7n n\u01b0\u1edbc m\u1ed3i v\u00ec d\u00f9ng c\u00f4ng ngh\u1ec7 b\u01a1m \u00e1p l\u1ef1c.<\/p>\n<p>M\u00e1y c\u00f3 th\u1ec3 \u0111\u1eb7t b\u1ea5t k\u1ef3 h\u01b0\u1edbng n\u00e0o b\u1ea1n th\u00edch.<\/p>\n<p><a href=\"http:\/\/maybommini.com\/wp-content\/uploads\/2014\/11\/may-bom-mini-12v-80w.jpg\" target=\"_blank\" rel=\"noopener\"><img decoding=\"async\" class=\"wp-image-1161 aligncenter\" src=\"http:\/\/maybommini.com\/wp-content\/uploads\/2014\/11\/may-bom-mini-12v-80w-1024x814.jpg\" alt=\"may-bom-mini-12v-80w\" width=\"749\" height=\"595\" srcset=\"https:\/\/maybommini.vn\/wp-content\/uploads\/2014\/11\/may-bom-mini-12v-80w-1024x814.jpg 1024w, https:\/\/maybommini.vn\/wp-content\/uploads\/2014\/11\/may-bom-mini-12v-80w-600x477.jpg 600w, https:\/\/maybommini.vn\/wp-content\/uploads\/2014\/11\/may-bom-mini-12v-80w-300x239.jpg 300w, https:\/\/maybommini.vn\/wp-content\/uploads\/2014\/11\/may-bom-mini-12v-80w-768x611.jpg 768w, https:\/\/maybommini.vn\/wp-content\/uploads\/2014\/11\/may-bom-mini-12v-80w.jpg 1200w\" sizes=\"(max-width: 749px) 100vw, 749px\" \/><\/a><\/p>\n<h2>\u01afng d\u1ee5ng c\u1ee7a b\u01a1m n\u01b0\u1edbc mini 12V 80W<\/h2>\n<p>B\u1ea1n c\u00f3 th\u1ec3 d\u00f9ng m\u00e1y b\u01a1m n\u00e0y \u0111\u1ec3 r\u1eeda xe, r\u1eeda m\u00e1y l\u1ea1nh, t\u01b0\u1edbi v\u01b0\u1eddn, l\u00e0m h\u1ec7 th\u1ed1ng phun s\u01b0\u01a1ng &#8230;.<\/p>\n<p>M\u00e1y \u0111\u01b0\u1ee3c s\u1eed d\u1ee5ng trong m\u00e1y c\u00f4ng nghi\u1ec7p, n\u00f4ng nghi\u1ec7p, y t\u1ebf, t\u00e0u thu\u1ef7, b\u01a1m ho\u00e1 ch\u1ea5t&#8230;.<\/p>\n<p>\u0110\u1eb7c bi\u1ec7t m\u00e1y c\u00f3 kh\u1ea3 n\u0103ng b\u01a1m c\u00e1c lo\u1ea1i ho\u00e1 ch\u1ea5t.<\/p>\n<p><a href=\"http:\/\/maybommini.com\/wp-content\/uploads\/2014\/11\/may-bom-mini-12v.jpg\" target=\"_blank\" rel=\"noopener\"><img decoding=\"async\" class=\"wp-image-1160 aligncenter\" src=\"http:\/\/maybommini.com\/wp-content\/uploads\/2014\/11\/may-bom-mini-12v-1024x958.jpg\" alt=\"may-bom-mini-12v\" width=\"751\" height=\"702\" \/><\/a><\/p>\n<p>1) Vi\u1ec7c s\u1ea3n xu\u1ea5t phun \u0111i\u1ec7n s\u1eed d\u1ee5ng n\u00f4ng nghi\u1ec7p, c\u00f3 th\u1ec3 thay b\u1eb1ng c\u1ea7n phun thu\u1ed1c tr\u1ef1c ti\u1ebfp, \u0111\u1ea7u phun s\u01b0\u01a1ng \u0111\u1ec3 phun cho c\u00e2y c\u1ea3nh\u2026<br \/>\n2) \u0110\u1ec3 gi\u1ea3i quy\u1ebft v\u1ea5n \u0111\u1ec1 l\u00e0m v\u1ec7 sinh tr\u00ean xe, t\u00e0u, du thuy\u1ec1n, t\u00e0u thuy\u1ec1n\u2026 s\u1eed d\u1ee5ng r\u1eeda l\u01b0\u1edbi l\u1ecdc, ph\u00f2ng t\u1eafm, nh\u00e0 v\u1ec7 sinh, r\u1eeda m\u00e1y l\u1ea1nh, r\u1eeda xe \u00f4 t\u00f4, r\u1eeda xe m\u00e1y\u2026<br \/>\n3) Th\u1ef1c ph\u1ea9m v\u00e0 \u0111\u1ed3 u\u1ed1ng ch\u1ebf bi\u1ebfn v\u00e0 thi\u1ebft b\u1ecb x\u1eed l\u00fd, di chuy\u1ec3n c\u00e1c s\u1ea3n ph\u1ea9m th\u1ee9c \u0103n l\u1ecfng, ph\u00e2n ph\u1ed1i v\u00e0 \u0111\u00f3ng chai s\u1ea3n ph\u1ea9m\u2026.<br \/>\n4) Thu, c\u1ea5p n\u01b0\u1edbc sinh ho\u1ea1t, h\u1ec7 th\u1ed1ng \u0111i\u1ec1u \u00e1p h\u1ec7 th\u1ed1ng \u1ed1ng n\u01b0\u1edbc v\u00ec \u00e1p l\u1ef1c n\u01b0\u1edbc t\u1ea1i nh\u00e0 qu\u00e1 y\u1ebfu, b\u1ed3n n\u01b0\u1edbc qu\u00e1 th\u1ea5p (hay kh\u00f4ng c\u00f3 b\u1ed3n ch\u1ee9a n\u01b0\u1edbc), s\u1eed d\u1ee5ng t\u1ea1i m\u00e1y gi\u1eb7t, v\u00f2i sen t\u1eafm\u2026<br \/>\n5) C\u00e1c ng\u00e0nh c\u00f4ng nghi\u1ec7p n\u0103ng l\u01b0\u1ee3ng m\u1eb7t tr\u1eddi, \u0111\u00e2y l\u00e0 th\u1ebf m\u1ea1nh kh\u00f4ng c\u00f3 s\u1ea3n ph\u1ea9m thi\u1ebft b\u1ecb n\u00e0o c\u00f3 th\u1ec3 thay th\u1ebf \u0111\u01b0\u1ee3c\u2026 v\u00ec s\u1eed d\u1ee5ng d\u00f2ng \u0111i\u1ec7n DC, \u0111i\u1ec7n 1 chi\u1ec1u.<br \/>\n6) Ng\u00e0nh c\u00f4ng nghi\u1ec7p l\u1ecdc n\u01b0\u1edbc. V\u00ed d\u1ee5: Thi\u1ebft b\u1ecb l\u1ecdc, thi\u1ebft b\u1ecb x\u1eed l\u00fd n\u01b0\u1edbc, m\u00e1y n\u01b0\u1edbc u\u1ed1ng. Chuy\u1ec3n ch\u1ea5t l\u1ecfng c\u1ea7n thi\u1ebft kh\u00e1c, phun.<br \/>\n7) S\u1eed d\u1ee5ng cho c\u00e1c c\u00f4ng vi\u1ec7c th\u01b0\u1eddng ng\u00e0y hay c\u00f4ng vi\u1ec7c quy m\u00f4 l\u1edbn nh\u01b0: V\u1ec7 sinh xe t\u1ea3i ch\u1edf r\u00e1c, xe t\u01b0\u1edbi n\u01b0\u1edbc c\u00e2y, thi\u1ebft b\u1ecb l\u00e0m s\u1ea1ch th\u1ea3m, thi\u1ebft b\u1ecb l\u00e0m s\u1ea1ch s\u00e0n nh\u00e0, thi\u1ebft b\u1ecb r\u1eeda xe, thi\u1ebft b\u1ecb x\u00e2y d\u1ef1ng \u0111\u01b0\u1eddng b\u1ed9, m\u00e1y r\u1eeda b\u00e1t, thi\u1ebft b\u1ecb y t\u1ebf, thi\u1ebft b\u1ecb h\u00f3a ch\u1ea5t, \u1ee9ng d\u1ee5ng phun h\u00f3a ch\u1ea5t t\u1ea1i ph\u00f2ng th\u00ed nghi\u1ec7m, m\u00e1y u\u1ed1ng n\u01b0\u1edbc ng\u1ecdt, m\u00e1y r\u1eeda b\u00e1t, thi\u1ebft b\u1ecb kh\u1eed tr\u00f9ng, t\u01b0\u1edbi c\u00e2y c\u1ea3nh n\u0103ng l\u01b0\u1ee3ng m\u1eb7t tr\u1eddi, t\u01b0\u1edbi c\u00e2y tr\u1ed3ng c\u1ea7n m\u00f4i tr\u01b0\u1eddng c\u00f3 \u0111\u1ed9 \u1ea9m cao, r\u1eeda xe\u2026.<\/p>\n<p><a href=\"http:\/\/maybommini.com\/wp-content\/uploads\/2014\/11\/bom-nuoc-mini-12V-rua-xe.jpg\" target=\"_blank\" rel=\"noopener\"><img decoding=\"async\" class=\"wp-image-1159 aligncenter\" src=\"http:\/\/maybommini.com\/wp-content\/uploads\/2014\/11\/bom-nuoc-mini-12V-rua-xe-1024x893.jpg\" alt=\"bom-nuoc-mini-12V-rua-xe\" width=\"751\" height=\"655\" srcset=\"https:\/\/maybommini.vn\/wp-content\/uploads\/2014\/11\/bom-nuoc-mini-12V-rua-xe-1024x893.jpg 1024w, https:\/\/maybommini.vn\/wp-content\/uploads\/2014\/11\/bom-nuoc-mini-12V-rua-xe-600x524.jpg 600w, https:\/\/maybommini.vn\/wp-content\/uploads\/2014\/11\/bom-nuoc-mini-12V-rua-xe-300x262.jpg 300w, https:\/\/maybommini.vn\/wp-content\/uploads\/2014\/11\/bom-nuoc-mini-12V-rua-xe-768x670.jpg 768w, https:\/\/maybommini.vn\/wp-content\/uploads\/2014\/11\/bom-nuoc-mini-12V-rua-xe.jpg 1200w\" sizes=\"(max-width: 751px) 100vw, 751px\" \/><\/a><\/p>\n<h2>Video Demo b\u01a1m n\u01b0\u1edbc mini 12V 60W (12V 80W \u0111ang c\u1eadp nh\u1eadt)<\/h2>\n<p><iframe width=\"720\" height=\"400\" frameborder=\"0\" src=\"\/\/www.youtube.com\/embed\/e0x9prBRgUE\"><\/iframe><\/p>\n<h2>MUA M\u00c1Y B\u01a0M N\u01af\u1edaC\u00a0MINI 12V 80W \u1ede \u0110\u00c2U ?<\/h2>\n<p>M\u1ecdi chi ti\u1ebft vui l\u00f2ng li\u00ean h\u1ec7 tr\u1ef1c ti\u1ebfp cho ch\u00fang t\u00f4i \u0111\u1ec3 \u0111\u01b0\u1ee3c t\u01b0 v\u1ea5n theo nhu c\u1ea7u \u0111\u1ec3 c\u00f3 \u0111\u01b0\u1ee3c b\u1ed9 s\u1ea3n ph\u1ea9m t\u1ed1t nh\u1ea5t v\u00e0 ti\u1ebft ki\u1ec7m.<\/p>\n<h3>B\u1ea1n \u1edf xa v\u1eabn c\u00f3 th\u1ec3 mua h\u00e0ng v\u00e0 giao to\u00e0n qu\u1ed1c<\/h3>\n<p>Hotline : 090 729 4310 \u00a024\/24<br \/>\nEmail : maybommini.com@gmail.com<br \/>\nWebsite : <a title=\"May bom mini\" href=\"http:\/\/maybommini.com\/\" target=\"_blank\" rel=\"noopener\">http:\/\/maybommini.com<\/a><br \/>\nFacebook :\u00a0<a title=\"m\u00e1y b\u01a1m mini\" href=\"https:\/\/www.facebook.com\/maybommini\" target=\"_blank\" rel=\"noopener\">https:\/\/www.facebook.com\/maybommini<\/a><br \/>\nGoogle :\u00a0<a title=\"May bom nuoc mini rua xe\" href=\"https:\/\/plus.google.com\/ Maybomnuocminiruaxe\" target=\"_blank\" rel=\"noopener\">https:\/\/plus.google.com\/ Maybomnuocminiruaxe<\/a><br \/>\nYoutube demo :\u00a0<a title=\"Rua xe bang may bom mini\" href=\"https:\/\/www.youtube.com\/bahamasali\" target=\"_blank\" rel=\"noopener\">https:\/\/www.youtube.com\/bahamasali<\/a><\/p>\n<p><strong>Bu\u1ed5i chi\u1ec1u 18 gi\u1edd \u0111\u1ebfn 24 gi\u1edd<\/strong><\/p>\n<p>64 \u0110\u01b0\u1eddng 79, P.T\u00e2n Qui, Q.7, HCM<\/p>\n<p><a title=\"Mua m\u00e1y b\u01a1m n\u01b0\u1edbc mini\" href=\"http:\/\/maybommini.com\/lien-he-mua-mua-bom-mini\" target=\"_blank\" rel=\"noopener\">Xem b\u1ea3n \u0111\u1ed3 \u0111\u1ebfn mua m\u00e1y b\u01a1m n\u01b0\u1edbc mini<\/a><\/p>\n<h3><a title=\"Li\u00ean h\u1ec7 mua m\u00e1y b\u01a1m mini 12v\" href=\"http:\/\/maybommini.com\/lien-he-mua-mua-bom-mini\" target=\"_blank\" rel=\"noopener\">Xem b\u1ea3n \u0111\u1ed3 \u0111\u01b0\u1eddng \u0111i<\/a><\/h3>\n<p><a href=\"http:\/\/maybommini.com\/wp-content\/uploads\/2014\/11\/may-bom-nuoc-mini-12v.jpg\" target=\"_blank\" rel=\"noopener\"><img decoding=\"async\" class=\"wp-image-1163 aligncenter\" src=\"http:\/\/maybommini.com\/wp-content\/uploads\/2014\/11\/may-bom-nuoc-mini-12v-820x1024.jpg\" alt=\"may-bom-nuoc-mini-12v\" width=\"695\" height=\"868\" srcset=\"https:\/\/maybommini.vn\/wp-content\/uploads\/2014\/11\/may-bom-nuoc-mini-12v-820x1024.jpg 820w, https:\/\/maybommini.vn\/wp-content\/uploads\/2014\/11\/may-bom-nuoc-mini-12v-600x749.jpg 600w, https:\/\/maybommini.vn\/wp-content\/uploads\/2014\/11\/may-bom-nuoc-mini-12v-240x300.jpg 240w, https:\/\/maybommini.vn\/wp-content\/uploads\/2014\/11\/may-bom-nuoc-mini-12v-768x959.jpg 768w, https:\/\/maybommini.vn\/wp-content\/uploads\/2014\/11\/may-bom-nuoc-mini-12v.jpg 941w\" sizes=\"(max-width: 695px) 100vw, 695px\" \/><\/a><\/p>\n","protected":false},"excerpt":{"rendered":"<p>\u0110\u1ed9ng c\u01a1: 0142<br \/>\n\u0110i\u1ec7n \u00e1p: DC12V<br \/>\nC\u00f4ng su\u1ea5t (t\u1ed1i \u0111a): 80W<br \/>\n\u00c1p l\u1ef1c n\u01b0\u1edbc \u0111\u1ea7u v\u00e0o: 0.2 Mpa<br \/>\n\u00c1p su\u1ea5t n\u01b0\u1edbc ra: 0.9 Mpa<br \/>\nL\u01b0u l\u01b0\u1ee3ng: 6L \/ ph\u00fat<br \/>\nB\u1ea3o v\u1ec7 Van Lo\u1ea1i: van th\u00f4ng minh (v\u1edbi c\u00f4ng t\u1eafc \u00e1p su\u1ea5t t\u1ef1 \u0111\u1ed9ng)<br \/>\nK\u00edch th\u01b0\u1edbc: 16.5 x 9.6 x 6 CM<br \/>\nCh\u1ea5t l\u01b0\u1ee3ng s\u1ea3n ph\u1ea9m v\u1edbi ng\u01b0\u1eddi ti\u00eau d\u00f9ng.<br \/>\n<strong>H\u00f4\u0309 tr\u01a1\u0323 ky\u0303 thu\u00e2\u0323t vi\u0303nh vi\u00ea\u0303n.<\/strong><br \/>\n<strong>T\u01af V\u1ea4N K\u1ef8 THU\u1eacT \u2013 MUA H\u00c0NG<br \/>\n0908997823 \u2013 0908997872<br \/>\n0907294310 \u2013 02873030399<\/strong><\/p>\n","protected":false},"featured_media":255742,"comment_status":"open","ping_status":"closed","template":"","meta":[],"product_brand":[69],"product_cat":[197],"product_tag":[266,267,232,284,285,268,282,235,269,270,283,271,272,273,274,275,276,277,278,279,239,210,280,281],"class_list":{"0":"post-255662","1":"product","2":"type-product","3":"status-publish","4":"has-post-thumbnail","6":"product_brand-propumps","7":"product_cat-may-bom-ap-luc-12v","8":"product_tag-0142-motor","9":"product_tag-12v","10":"product_tag-bec","11":"product_tag-bom-12v-80w","12":"product_tag-bom-ap-luc","13":"product_tag-bom-ap-luc-nho-nhat","14":"product_tag-bom-mini-12v-70w","15":"product_tag-bom-nuoc-mini","16":"product_tag-bom-nuoc-nho-nhat","17":"product_tag-dc-12v-60w","18":"product_tag-dc-12v-70w","19":"product_tag-high-pressure-diaphragm","20":"product_tag-high-pressure-diaphragm-water","21":"product_tag-high-pressure-diaphragm-water-self-priming-pump","22":"product_tag-http-maybommini-com","23":"product_tag-mini","24":"product_tag-mini-12v-60w","25":"product_tag-phun-suong","26":"product_tag-propumps","27":"product_tag-pump","28":"product_tag-rua-may-lanh","29":"product_tag-rua-xe","30":"product_tag-self-priming","31":"product_tag-tuoi-vuon","33":"first","34":"instock","35":"sale","36":"featured","37":"shipping-taxable","38":"purchasable","39":"product-type-simple"},"_links":{"self":[{"href":"https:\/\/maybommini.vn\/index.php?rest_route=\/wp\/v2\/product\/255662","targetHints":{"allow":["GET"]}}],"collection":[{"href":"https:\/\/maybommini.vn\/index.php?rest_route=\/wp\/v2\/product"}],"about":[{"href":"https:\/\/maybommini.vn\/index.php?rest_route=\/wp\/v2\/types\/product"}],"replies":[{"embeddable":true,"href":"https:\/\/maybommini.vn\/index.php?rest_route=%2Fwp%2Fv2%2Fcomments&post=255662"}],"wp:featuredmedia":[{"embeddable":true,"href":"https:\/\/maybommini.vn\/index.php?rest_route=\/wp\/v2\/media\/255742"}],"wp:attachment":[{"href":"https:\/\/maybommini.vn\/index.php?rest_route=%2Fwp%2Fv2%2Fmedia&parent=255662"}],"wp:term":[{"taxonomy":"product_brand","embeddable":true,"href":"https:\/\/maybommini.vn\/index.php?rest_route=%2Fwp%2Fv2%2Fproduct_brand&post=255662"},{"taxonomy":"product_cat","embeddable":true,"href":"https:\/\/maybommini.vn\/index.php?rest_route=%2Fwp%2Fv2%2Fproduct_cat&post=255662"},{"taxonomy":"product_tag","embeddable":true,"href":"https:\/\/maybommini.vn\/index.php?rest_route=%2Fwp%2Fv2%2Fproduct_tag&post=255662"}],"curies":[{"name":"wp","href":"https:\/\/api.w.org\/{rel}","templated":true}]}}