{"id":255663,"date":"2018-04-12T19:23:44","date_gmt":"2018-04-12T12:23:44","guid":{"rendered":"https:\/\/maybommini.com\/san-pham\/import-placeholder-for-251916"},"modified":"2018-05-09T16:35:39","modified_gmt":"2018-05-09T09:35:39","slug":"loc-nuoc-may-bom-mini","status":"publish","type":"product","link":"https:\/\/maybommini.vn\/?product=loc-nuoc-may-bom-mini","title":{"rendered":"L\u1ecdc n\u01b0\u1edbc m\u00e1y b\u01a1m mini"},"content":{"rendered":"<h3><strong>L\u1ecdc d\u00f9ng cho <a title=\\\"&quot;m\u00e1y\\\" href=\\\"\/\/maybommini.com\/may-bom&quot;\\\">m\u00e1y b\u01a1m<\/a> n\u01b0\u1edbc mini l\u00e0 ph\u1ee5 ki\u1ec7n kh\u00f4ng th\u1ec3 thi\u1ebfu khi b\u1ea1n s\u1eed d\u1ee5ng m\u00e1y b\u01a1m n\u01b0\u1edbc mini \u0111\u00e2y l\u00e0 ph\u1ee5 ki\u1ec7n tuy nh\u1ecf nh\u01b0ng c\u00f3 nhi\u1ec7m v\u1ee5 l\u1ecdc c\u00e1c b\u1ea9n c\u1ee7a \u1ed1ng v\u00e0o m\u00e1y b\u01a1m m\u1ed9t c\u00e1ch t\u1ed1t nh\u1ea5t.\u00a0<\/strong><\/h3>\n<h2>B\u1ed9 l\u1ecdc d\u00f9ng cho m\u00e1y b\u01a1m n\u01b0\u1edbc mini<\/h2>\n<p><a href=\\\"\/\/maybommini.com\/wp-content\/uploads\/2014\/11\/bo-loc-nuoc-may-bom-12v.jpg&quot;\\\"><img class=\\\"&quot;size-full\\\" title=\\\"&quot;B\u1ed9\\\" src=\\\"\/\/maybommini.com\/wp-content\/uploads\/2014\/11\/bo-loc-nuoc-may-bom-12v.jpg&quot;\\\" alt=\\\"&quot;bo\\\" width=\\\"&quot;800&quot;\\\" height=\\\"&quot;512&quot;\\\" \/><\/a><\/p>\n<h2>K\u00edch th\u01b0\u1edbc<\/h2>\n<p>\u1ed0ng n\u1ed1i g\u1eafn v\u00e0o c\u00f3 \u0111\u01b0\u1eddng k\u00ednh 9,5 mm th\u00edch h\u1ee3p cho c\u00e1c lo\u1ea1i \u1ed1ng n\u01b0\u1edbc 8 mm \u2013 10mm c\u00f3 th\u1ec3 g\u1eafn v\u00e0o \u0111\u01b0\u1ee3c m\u1ed9t c\u00e1ch d\u1ec5\u00a0d\u00e0ng. C\u00f3 thi\u1ebft k\u1ebf\u00a0nh\u1ecf g\u1ecdn th\u00edch h\u1ee3p cho c\u00e1c lo\u1ea1i m\u00e1y b\u01a1m n\u01b0\u1edbc mini 12V 24V<\/p>\n<p><a href=\\\"\/\/maybommini.com\/wp-content\/uploads\/2014\/11\/loc-nuoc-may-bom-ap-luc-mini-12v.jpg&quot;\\\"><img class=\\\"&quot;size-full\\\" title=\\\"&quot;B\u1ed9\\\" src=\\\"\/\/maybommini.com\/wp-content\/uploads\/2014\/11\/loc-nuoc-may-bom-ap-luc-mini-12v.jpg&quot;\\\" alt=\\\"&quot;loc\\\" width=\\\"&quot;1023&quot;\\\" height=\\\"&quot;630&quot;\\\" \/><\/a><\/p>\n<h2>M\u1ee5c \u0111\u00edch s\u1eed d\u1ee5ng b\u1ed9 l\u1ecdc d\u00f9ng cho m\u00e1y b\u01a1m n\u01b0\u1edbc mini<\/h2>\n<p>D\u00f9ng cho m\u00e1y gi\u1eb7t, m\u00e1y r\u1eeda xe chuy\u00ean d\u1ee5ng, l\u1ecdc n\u01b0\u1edbc, gi\u00fap b\u1ea3o v\u1ec7 m\u00e1y\u00a0<a title=\\\"&quot;B\u1ed9\\\" href=\\\"\/\/maybommini.com\/bo-rua-xe-mini-12v-option-1.html&quot;\\\">r\u1eeda xe mini 12V<\/a> kh\u00f4ng v\u00e0o b\u1ee5i b\u1ea9n, b\u1ec1n h\u01a1n.<\/p>\n<p><a href=\\\"\/\/maybommini.com\/wp-content\/uploads\/2014\/11\/loc-nuoc-may-bom-mini.jpg&quot;\\\"><img class=\\\"&quot;size-full\\\" title=\\\"&quot;B\u1ed9\\\" src=\\\"\/\/maybommini.com\/wp-content\/uploads\/2014\/11\/loc-nuoc-may-bom-mini.jpg&quot;\\\" alt=\\\"&quot;loc\\\" width=\\\"&quot;800&quot;\\\" height=\\\"&quot;800&quot;\\\" \/><\/a><\/p>\n<p>B\u1ea1n c\u00f3 th\u1ec3 g\u1eafn k\u00e8m b\u1ed9 l\u1ecdc n\u00e0y cho m\u00e1y <a title=\\\"&quot;B\u01a1m\\\" href=\\\"\/\/maybommini.com\/may-bom-mini\/bom-ap-luc-mini&quot;\\\" target=\\\"&quot;_blank&quot;\\\" rel=\\\"&quot;noopener&quot;\\\">b\u01a1m n\u01b0\u1edbc \u00e1p l\u1ef1c mini<\/a> 12V 24V \u0111\u1ec3 r\u1eeda xe gi\u00fap m\u00e1y ho\u1ea1t \u0111\u1ed9ng t\u1ed1t h\u01a1n v\u00e0 b\u1ec1n h\u01a1n<\/p>\n<p><a href=\\\"\/\/maybommini.com\/wp-content\/uploads\/2014\/11\/phu-kien-may-bom-mini.jpg&quot;\\\"><img class=\\\"&quot;size-large\\\" title=\\\"&quot;B\u1ed9\\\" src=\\\"\/\/maybommini.com\/wp-content\/uploads\/2014\/11\/phu-kien-may-bom-mini-1024x526.jpg&quot;\\\" alt=\\\"&quot;phu\\\" width=\\\"&quot;1000&quot;\\\" height=\\\"&quot;513&quot;\\\" \/><\/a><\/p>\n<h2>Ch\u1ea5t li\u1ec7u b\u1ed9 l\u1ecdc d\u00f9ng cho m\u00e1y b\u01a1m n\u01b0\u1edbc mini<\/h2>\n<p>Ch\u1ea5t li\u1ec7u nh\u1ef1a \u0111\u1eb7c bi\u1ec7t, l\u01b0\u1edbi th\u00e9p kh\u00f4ng r\u1ec9.<\/p>\n<p><img class=\\\"&quot;size-large\\\" title=\\\"&quot;B\u1ed9\\\" src=\\\"\/\/maybommini.com\/wp-content\/uploads\/2014\/11\/loc-nuoc-may-rua-xe-mini-12v-1024x611.jpg&quot;\\\" alt=\\\"&quot;loc\\\" width=\\\"&quot;1000&quot;\\\" height=\\\"&quot;596&quot;\\\" \/><\/p>\n<h2>MUA L\u1eccC N\u01af\u1edaC M\u00c1Y B\u01a0M MINI \u1ede \u0110\u00c2U ?<\/h2>\n<p>M\u1ecdi chi ti\u1ebft vui l\u00f2ng li\u00ean h\u1ec7 tr\u1ef1c ti\u1ebfp cho ch\u00fang t\u00f4i \u0111\u1ec3 \u0111\u01b0\u1ee3c t\u01b0 v\u1ea5n theo nhu c\u1ea7u \u0111\u1ec3 c\u00f3 \u0111\u01b0\u1ee3c b\u1ed9 s\u1ea3n ph\u1ea9m t\u1ed1t nh\u1ea5t v\u00e0 ti\u1ebft ki\u1ec7m.<\/p>\n<h3>B\u1ea1n \u1edf xa v\u1eabn c\u00f3 th\u1ec3 mua h\u00e0ng v\u00e0 giao to\u00e0n qu\u1ed1c<\/h3>\n<p>Hotline : 090 729 4310 \u00a0(24\/24)<br \/>\nEmail : maybommini.com@gmail.com<br \/>\nWebsite : <a title=\\\"&quot;May\\\" href=\\\"\/\/maybommini.com\/&quot;\\\" target=\\\"&quot;_blank&quot;\\\" rel=\\\"&quot;noopener&quot;\\\">http:\/\/maybommini.com<\/a><br \/>\nFacebook :\u00a0<a title=\\\"&quot;m\u00e1y\\\" href=\\\"\/\/www.facebook.com\/maybommini&quot;\\\" target=\\\"&quot;_blank&quot;\\\" rel=\\\"&quot;noopener&quot;\\\">https:\/\/www.facebook.com\/maybommini<\/a><br \/>\nGoogle :\u00a0<a title=\\\"&quot;May\\\" href=\\\"\/\/plus.google.com\/\\\" target=\\\"&quot;_blank&quot;\\\" rel=\\\"&quot;noopener&quot;\\\">https:\/\/plus.google.com\/ Maybomnuocminiruaxe<\/a><br \/>\nYoutube demo :\u00a0<a title=\\\"&quot;Rua\\\" href=\\\"\/\/www.youtube.com\/bahamasali&quot;\\\" target=\\\"&quot;_blank&quot;\\\" rel=\\\"&quot;noopener&quot;\\\">https:\/\/www.youtube.com\/bahamasali<\/a><\/p>\n<p><strong>CTY TNHH TH\u01af\u01a0NG M\u1ea0I D\u1ecaCH V\u1ee4 \u0110I\u1ec6N M\u00c1Y TH\u00d4NG MINH<\/strong><br \/>\nHotline : 090 729 4310<br \/>\nEmail : maybommini.com@gmail.com<br \/>\nWebsite : http:\/\/maybommini.com<br \/>\nFacebook : <a href=\\\"\/\/www.facebook.com\/maybommini&quot;\\\" target=\\\"&quot;_blank&quot;\\\" rel=\\\"&quot;noopener&quot;\\\">https:\/\/www.facebook.com\/maybommini<\/a><br \/>\nGoogle : <a href=\\\"\/\/plus.google.com\/\\\" target=\\\"&quot;_blank&quot;\\\" rel=\\\"&quot;noopener&quot;\\\">https:\/\/plus.google.com\/ Maybomnuocminiruaxe<\/a><br \/>\nYoutube demo : <a href=\\\"\/\/www.youtube.com\/bahamasali&quot;\\\" target=\\\"&quot;_blank&quot;\\\" rel=\\\"&quot;noopener&quot;\\\">https:\/\/www.youtube.com\/bahamasali<\/a><\/p>\n","protected":false},"excerpt":{"rendered":"<p>H\u00e0ng m\u1edbi 100%<br \/>\nNh\u1eadp \u0110\u00e0i Loan<br \/>\nTh\u00e9p ch\u1ed1ng r\u1ec9<br \/>\nG\u1eafn cho \u1ed1ng d\u00e2y 8mm \u0111\u1ebfn 12mm<br \/>\nD\u00f9ng cho m\u00e1y b\u01a1m mini \u00e1p l\u1ef1c 12V 24V d\u00f9ng r\u1eeda xe m\u00e1y l\u1ea1nh, t\u01b0\u1edbi v\u01b0\u1eddn &#8230;<\/p>\n","protected":false},"featured_media":255747,"comment_status":"open","ping_status":"closed","template":"","meta":[],"product_brand":[],"product_cat":[215,214],"product_tag":[286,287,285,235,288,289,275,290,291,249,210],"class_list":{"0":"post-255663","1":"product","2":"type-product","3":"status-publish","4":"has-post-thumbnail","6":"product_cat-phu-kien-xit-rua-ap-luc","7":"product_cat-phu-kien-bom-nuoc","8":"product_tag-bao-ve","9":"product_tag-bo-loc","10":"product_tag-bom-ap-luc","11":"product_tag-bom-nuoc-mini","12":"product_tag-loc-ban","13":"product_tag-loc-nuoc","14":"product_tag-mini","15":"product_tag-ong","16":"product_tag-phu-kien","17":"product_tag-phu-kien-rua-xe","18":"product_tag-rua-xe","20":"first","21":"instock","22":"sale","23":"shipping-taxable","24":"purchasable","25":"product-type-simple"},"_links":{"self":[{"href":"https:\/\/maybommini.vn\/index.php?rest_route=\/wp\/v2\/product\/255663","targetHints":{"allow":["GET"]}}],"collection":[{"href":"https:\/\/maybommini.vn\/index.php?rest_route=\/wp\/v2\/product"}],"about":[{"href":"https:\/\/maybommini.vn\/index.php?rest_route=\/wp\/v2\/types\/product"}],"replies":[{"embeddable":true,"href":"https:\/\/maybommini.vn\/index.php?rest_route=%2Fwp%2Fv2%2Fcomments&post=255663"}],"wp:featuredmedia":[{"embeddable":true,"href":"https:\/\/maybommini.vn\/index.php?rest_route=\/wp\/v2\/media\/255747"}],"wp:attachment":[{"href":"https:\/\/maybommini.vn\/index.php?rest_route=%2Fwp%2Fv2%2Fmedia&parent=255663"}],"wp:term":[{"taxonomy":"product_brand","embeddable":true,"href":"https:\/\/maybommini.vn\/index.php?rest_route=%2Fwp%2Fv2%2Fproduct_brand&post=255663"},{"taxonomy":"product_cat","embeddable":true,"href":"https:\/\/maybommini.vn\/index.php?rest_route=%2Fwp%2Fv2%2Fproduct_cat&post=255663"},{"taxonomy":"product_tag","embeddable":true,"href":"https:\/\/maybommini.vn\/index.php?rest_route=%2Fwp%2Fv2%2Fproduct_tag&post=255663"}],"curies":[{"name":"wp","href":"https:\/\/api.w.org\/{rel}","templated":true}]}}