{"id":255687,"date":"2018-04-12T19:24:09","date_gmt":"2018-04-12T12:24:09","guid":{"rendered":"https:\/\/maybommini.com\/san-pham\/import-placeholder-for-251936"},"modified":"2025-02-28T18:31:18","modified_gmt":"2025-02-28T11:31:18","slug":"bo-rua-xe-mini-12v-80w-sung-ap-luc","status":"publish","type":"product","link":"https:\/\/maybommini.vn\/?product=bo-rua-xe-mini-12v-80w-sung-ap-luc","title":{"rendered":"B\u1ed9 r\u1eeda xe mini 12V 80W S\u00fang \u00e1p l\u1ef1c"},"content":{"rendered":"<p><iframe width=\"749\" height=\"420\" frameborder=\"0\" src=\"\/\/www.youtube.com\/embed\/sy69HQ2On_8?list=UUPfk_19_yzXjbmI1j42t-JQ\"><\/iframe><\/p>\n<h2><strong>Vi\u1ec7c r\u1eeda xe r\u1eeda m\u00e1y l\u1ea1nh\u00a0ho\u00e0n to\u00e0n d\u1ec3 d\u00e0ng v\u00e0 g\u1ecdn nh\u1eb9 ti\u1ebft ki\u1ec7m \u0111\u01b0\u1ee3c nhi\u1ec1u chi ph\u00ed cho gia \u0111\u00ecnh khi s\u1eed d\u1ee5ng b\u1ed9 r\u1eeda xe mini 12v c\u1ee7a ch\u00fang t\u00f4i.<\/strong><\/h2>\n<p><img decoding=\"async\" class=\"size-full wp-image-254351 aligncenter\" src=\"https:\/\/maybommini.com.vn\/wp-content\/uploads\/2018\/01\/bo-xit-rua-ap-luc-12v-mini.jpg\" alt=\"Bo Xit Rua Ap Luc 12v Mini\" width=\"750\" height=\"750\" srcset=\"https:\/\/maybommini.vn\/wp-content\/uploads\/2018\/01\/bo-xit-rua-ap-luc-12v-mini.jpg 750w, https:\/\/maybommini.vn\/wp-content\/uploads\/2018\/01\/bo-xit-rua-ap-luc-12v-mini-300x300.jpg 300w, https:\/\/maybommini.vn\/wp-content\/uploads\/2018\/01\/bo-xit-rua-ap-luc-12v-mini-600x600.jpg 600w, https:\/\/maybommini.vn\/wp-content\/uploads\/2018\/01\/bo-xit-rua-ap-luc-12v-mini-150x150.jpg 150w\" sizes=\"(max-width: 750px) 100vw, 750px\" \/><\/p>\n<h2 style=\"text-align: center;\">B\u1ed9 r\u1eeda xe 12v 80w S\u00fang \u00e1p l\u1ef1c cao c\u1ea5p<\/h2>\n<h2><img decoding=\"async\" class=\"size-full wp-image-254356 aligncenter\" src=\"https:\/\/maybommini.com.vn\/wp-content\/uploads\/2018\/01\/may-bom-nuoc-mini-12v-ap-luc-1.jpg\" alt=\"May Bom Nuoc Mini 12v Ap Luc\" width=\"750\" height=\"750\" \/><\/h2>\n<h2>\u0110\u00e2y l\u00e0 b\u1ed9 r\u1eeda xe r\u1eeda m\u00e1y l\u1ea1nh ho\u00e0n ch\u1ec9nh c\u00f3 th\u1ec3 s\u1eed d\u1ee5ng \u0111\u01b0\u1ee3c b\u1eb1ng ngu\u1ed3n \u1eafc quy 12v t\u1eeb xe m\u00e1y v\u00e0 ngu\u1ed3n 220v th\u00f4ng qua Adapter 220v ra 12v 10A.<\/h2>\n<p>M\u00e1y c\u00f3 thi\u1ebft k\u1ebf nh\u1ecf g\u1ecdn, ti\u1ebfng \u1ed3n nh\u1ecf, d\u1ec3 s\u1eed d\u1ee5ng, l\u1eafp \u0111\u1eb7t \u0111\u01a1n gi\u1ea3n.<\/p>\n<p><img decoding=\"async\" class=\"size-full wp-image-254355 aligncenter\" src=\"https:\/\/maybommini.com.vn\/wp-content\/uploads\/2018\/01\/may-bom-nuoc-12v-ap-luc-80w-1.jpg\" alt=\"May Bom Nuoc 12v Ap Luc 80w\" width=\"750\" height=\"750\" srcset=\"https:\/\/maybommini.vn\/wp-content\/uploads\/2018\/01\/may-bom-nuoc-12v-ap-luc-80w-1.jpg 750w, https:\/\/maybommini.vn\/wp-content\/uploads\/2018\/01\/may-bom-nuoc-12v-ap-luc-80w-1-300x300.jpg 300w, https:\/\/maybommini.vn\/wp-content\/uploads\/2018\/01\/may-bom-nuoc-12v-ap-luc-80w-1-600x600.jpg 600w, https:\/\/maybommini.vn\/wp-content\/uploads\/2018\/01\/may-bom-nuoc-12v-ap-luc-80w-1-150x150.jpg 150w, https:\/\/maybommini.vn\/wp-content\/uploads\/2018\/01\/may-bom-nuoc-12v-ap-luc-80w-1-270x270.jpg 270w, https:\/\/maybommini.vn\/wp-content\/uploads\/2018\/01\/may-bom-nuoc-12v-ap-luc-80w-1-375x375.jpg 375w, https:\/\/maybommini.vn\/wp-content\/uploads\/2018\/01\/may-bom-nuoc-12v-ap-luc-80w-1-140x140.jpg 140w, https:\/\/maybommini.vn\/wp-content\/uploads\/2018\/01\/may-bom-nuoc-12v-ap-luc-80w-1-131x131.jpg 131w, https:\/\/maybommini.vn\/wp-content\/uploads\/2018\/01\/may-bom-nuoc-12v-ap-luc-80w-1-142x142.jpg 142w, https:\/\/maybommini.vn\/wp-content\/uploads\/2018\/01\/may-bom-nuoc-12v-ap-luc-80w-1-164x164.jpg 164w, https:\/\/maybommini.vn\/wp-content\/uploads\/2018\/01\/may-bom-nuoc-12v-ap-luc-80w-1-175x175.jpg 175w, https:\/\/maybommini.vn\/wp-content\/uploads\/2018\/01\/may-bom-nuoc-12v-ap-luc-80w-1-193x193.jpg 193w, https:\/\/maybommini.vn\/wp-content\/uploads\/2018\/01\/may-bom-nuoc-12v-ap-luc-80w-1-200x200.jpg 200w, https:\/\/maybommini.vn\/wp-content\/uploads\/2018\/01\/may-bom-nuoc-12v-ap-luc-80w-1-204x204.jpg 204w, https:\/\/maybommini.vn\/wp-content\/uploads\/2018\/01\/may-bom-nuoc-12v-ap-luc-80w-1-213x213.jpg 213w, https:\/\/maybommini.vn\/wp-content\/uploads\/2018\/01\/may-bom-nuoc-12v-ap-luc-80w-1-248x248.jpg 248w, https:\/\/maybommini.vn\/wp-content\/uploads\/2018\/01\/may-bom-nuoc-12v-ap-luc-80w-1-260x260.jpg 260w\" sizes=\"(max-width: 750px) 100vw, 750px\" \/><\/p>\n<p>B\u1ed9 r\u1eeda xe mini 12V n\u00e0y c\u00f3 k\u00e8m theo <a title=\"S\u00fang x\u1ecbt r\u1eeda xe \u00e1p l\u1ef1c d\u00f9ng cho m\u00e1y b\u01a1m n\u01b0\u1edbc mini\" href=\"http:\/\/maybommini.com\/may-bom-mini\/sung-xit-rua-xe-ap-luc-dung-cho-may-bom-nuoc-mini\" target=\"_blank\" rel=\"noopener\">s\u00fang \u00e1p l\u1ef1c cao c\u1ea5p<\/a> c\u1ee7a \u0110\u00e0i Loan s\u1ea3n xu\u1ea5t.<\/p>\n<p style=\"text-align: center;\"><img decoding=\"async\" class=\"size-full wp-image-254353 aligncenter\" src=\"https:\/\/maybommini.com.vn\/wp-content\/uploads\/2018\/01\/may-bom-ap-luc-mini-80w-12v.jpg\" alt=\"May Bom Ap Luc Mini 80w 12v\" width=\"750\" height=\"750\" srcset=\"https:\/\/maybommini.vn\/wp-content\/uploads\/2018\/01\/may-bom-ap-luc-mini-80w-12v.jpg 750w, https:\/\/maybommini.vn\/wp-content\/uploads\/2018\/01\/may-bom-ap-luc-mini-80w-12v-300x300.jpg 300w, https:\/\/maybommini.vn\/wp-content\/uploads\/2018\/01\/may-bom-ap-luc-mini-80w-12v-600x600.jpg 600w, https:\/\/maybommini.vn\/wp-content\/uploads\/2018\/01\/may-bom-ap-luc-mini-80w-12v-150x150.jpg 150w, https:\/\/maybommini.vn\/wp-content\/uploads\/2018\/01\/may-bom-ap-luc-mini-80w-12v-270x270.jpg 270w, https:\/\/maybommini.vn\/wp-content\/uploads\/2018\/01\/may-bom-ap-luc-mini-80w-12v-375x375.jpg 375w, https:\/\/maybommini.vn\/wp-content\/uploads\/2018\/01\/may-bom-ap-luc-mini-80w-12v-140x140.jpg 140w, https:\/\/maybommini.vn\/wp-content\/uploads\/2018\/01\/may-bom-ap-luc-mini-80w-12v-131x131.jpg 131w, https:\/\/maybommini.vn\/wp-content\/uploads\/2018\/01\/may-bom-ap-luc-mini-80w-12v-142x142.jpg 142w, https:\/\/maybommini.vn\/wp-content\/uploads\/2018\/01\/may-bom-ap-luc-mini-80w-12v-164x164.jpg 164w, https:\/\/maybommini.vn\/wp-content\/uploads\/2018\/01\/may-bom-ap-luc-mini-80w-12v-175x175.jpg 175w, https:\/\/maybommini.vn\/wp-content\/uploads\/2018\/01\/may-bom-ap-luc-mini-80w-12v-193x193.jpg 193w, https:\/\/maybommini.vn\/wp-content\/uploads\/2018\/01\/may-bom-ap-luc-mini-80w-12v-200x200.jpg 200w, https:\/\/maybommini.vn\/wp-content\/uploads\/2018\/01\/may-bom-ap-luc-mini-80w-12v-204x204.jpg 204w, https:\/\/maybommini.vn\/wp-content\/uploads\/2018\/01\/may-bom-ap-luc-mini-80w-12v-213x213.jpg 213w, https:\/\/maybommini.vn\/wp-content\/uploads\/2018\/01\/may-bom-ap-luc-mini-80w-12v-248x248.jpg 248w, https:\/\/maybommini.vn\/wp-content\/uploads\/2018\/01\/may-bom-ap-luc-mini-80w-12v-260x260.jpg 260w\" sizes=\"(max-width: 750px) 100vw, 750px\" \/>M\u00e1y b\u01a1m n\u01b0\u1edbc mini 12V 80W \u00e1p l\u1ef1c cao.<\/p>\n<p><img decoding=\"async\" class=\"size-full wp-image-254354 aligncenter\" src=\"https:\/\/maybommini.com.vn\/wp-content\/uploads\/2018\/01\/may-bom-mini-ap-luc-12v-24v-80w.jpg\" alt=\"May Bom Mini Ap Luc 12v 24v 80w\" width=\"750\" height=\"750\" srcset=\"https:\/\/maybommini.vn\/wp-content\/uploads\/2018\/01\/may-bom-mini-ap-luc-12v-24v-80w.jpg 750w, https:\/\/maybommini.vn\/wp-content\/uploads\/2018\/01\/may-bom-mini-ap-luc-12v-24v-80w-300x300.jpg 300w, https:\/\/maybommini.vn\/wp-content\/uploads\/2018\/01\/may-bom-mini-ap-luc-12v-24v-80w-600x600.jpg 600w, https:\/\/maybommini.vn\/wp-content\/uploads\/2018\/01\/may-bom-mini-ap-luc-12v-24v-80w-150x150.jpg 150w, https:\/\/maybommini.vn\/wp-content\/uploads\/2018\/01\/may-bom-mini-ap-luc-12v-24v-80w-270x270.jpg 270w, https:\/\/maybommini.vn\/wp-content\/uploads\/2018\/01\/may-bom-mini-ap-luc-12v-24v-80w-375x375.jpg 375w, https:\/\/maybommini.vn\/wp-content\/uploads\/2018\/01\/may-bom-mini-ap-luc-12v-24v-80w-140x140.jpg 140w, https:\/\/maybommini.vn\/wp-content\/uploads\/2018\/01\/may-bom-mini-ap-luc-12v-24v-80w-131x131.jpg 131w, https:\/\/maybommini.vn\/wp-content\/uploads\/2018\/01\/may-bom-mini-ap-luc-12v-24v-80w-142x142.jpg 142w, https:\/\/maybommini.vn\/wp-content\/uploads\/2018\/01\/may-bom-mini-ap-luc-12v-24v-80w-164x164.jpg 164w, https:\/\/maybommini.vn\/wp-content\/uploads\/2018\/01\/may-bom-mini-ap-luc-12v-24v-80w-175x175.jpg 175w, https:\/\/maybommini.vn\/wp-content\/uploads\/2018\/01\/may-bom-mini-ap-luc-12v-24v-80w-193x193.jpg 193w, https:\/\/maybommini.vn\/wp-content\/uploads\/2018\/01\/may-bom-mini-ap-luc-12v-24v-80w-200x200.jpg 200w, https:\/\/maybommini.vn\/wp-content\/uploads\/2018\/01\/may-bom-mini-ap-luc-12v-24v-80w-204x204.jpg 204w, https:\/\/maybommini.vn\/wp-content\/uploads\/2018\/01\/may-bom-mini-ap-luc-12v-24v-80w-213x213.jpg 213w, https:\/\/maybommini.vn\/wp-content\/uploads\/2018\/01\/may-bom-mini-ap-luc-12v-24v-80w-248x248.jpg 248w, https:\/\/maybommini.vn\/wp-content\/uploads\/2018\/01\/may-bom-mini-ap-luc-12v-24v-80w-260x260.jpg 260w\" sizes=\"(max-width: 750px) 100vw, 750px\" \/>\u1ed0ng n\u01b0\u1edbc \u00e1p l\u1ef1c v\u00e0 \u1ed1ng n\u01b0\u1edbc v\u00e0o.<\/p>\n<p><img decoding=\"async\" class=\"size-full wp-image-254356 aligncenter\" src=\"https:\/\/maybommini.com.vn\/wp-content\/uploads\/2018\/01\/may-bom-nuoc-mini-12v-ap-luc-1.jpg\" alt=\"May Bom Nuoc Mini 12v Ap Luc\" width=\"750\" height=\"750\" \/><\/p>\n<h2>GI\u00c1 TR\u1eccN B\u1ed8 12V 80W : 1.350.000<\/h2>\n<h2><span style=\"color: #ff0000;\">Gi\u00e1 khuy\u1ebfn m\u00e3i tr\u1ecdn b\u1ed9 r\u1eeda xe mini 12v : 1.250.000 \u0111\u1ed3ng\u00a0<\/span><\/h2>\n<p><img decoding=\"async\" class=\"size-full wp-image-254351 aligncenter\" src=\"https:\/\/maybommini.com.vn\/wp-content\/uploads\/2018\/01\/bo-xit-rua-ap-luc-12v-mini.jpg\" alt=\"Bo Xit Rua Ap Luc 12v Mini\" width=\"750\" height=\"750\" srcset=\"https:\/\/maybommini.vn\/wp-content\/uploads\/2018\/01\/bo-xit-rua-ap-luc-12v-mini.jpg 750w, https:\/\/maybommini.vn\/wp-content\/uploads\/2018\/01\/bo-xit-rua-ap-luc-12v-mini-300x300.jpg 300w, https:\/\/maybommini.vn\/wp-content\/uploads\/2018\/01\/bo-xit-rua-ap-luc-12v-mini-600x600.jpg 600w, https:\/\/maybommini.vn\/wp-content\/uploads\/2018\/01\/bo-xit-rua-ap-luc-12v-mini-150x150.jpg 150w\" sizes=\"(max-width: 750px) 100vw, 750px\" \/><\/p>\n<h2>MUA M\u00c1Y R\u1eecA XE R\u1eecA M\u00c1Y L\u1ea0NH MINI 12V \u1ede \u0110\u00c2U ?<\/h2>\n<p>M\u1ecdi chi ti\u1ebft vui l\u00f2ng li\u00ean h\u1ec7 tr\u1ef1c ti\u1ebfp cho ch\u00fang t\u00f4i \u0111\u1ec3 \u0111\u01b0\u1ee3c t\u01b0 v\u1ea5n theo nhu c\u1ea7u \u0111\u1ec3 c\u00f3 \u0111\u01b0\u1ee3c b\u1ed9 s\u1ea3n ph\u1ea9m t\u1ed1t nh\u1ea5t v\u00e0 ti\u1ebft ki\u1ec7m.<\/p>\n<p><img decoding=\"async\" class=\"size-full wp-image-254359 aligncenter\" src=\"https:\/\/maybommini.com.vn\/wp-content\/uploads\/2018\/01\/sung-rua-xe-ap-luc-mini-bomnuocmini-768x681-1.jpg\" alt=\"Sung Rua Xe Ap Luc Mini Bomnuocmini 768x681\" width=\"768\" height=\"681\" srcset=\"https:\/\/maybommini.vn\/wp-content\/uploads\/2018\/01\/sung-rua-xe-ap-luc-mini-bomnuocmini-768x681-1.jpg 768w, https:\/\/maybommini.vn\/wp-content\/uploads\/2018\/01\/sung-rua-xe-ap-luc-mini-bomnuocmini-768x681-1-600x532.jpg 600w, https:\/\/maybommini.vn\/wp-content\/uploads\/2018\/01\/sung-rua-xe-ap-luc-mini-bomnuocmini-768x681-1-300x266.jpg 300w, https:\/\/maybommini.vn\/wp-content\/uploads\/2018\/01\/sung-rua-xe-ap-luc-mini-bomnuocmini-768x681-1-375x333.jpg 375w\" sizes=\"(max-width: 768px) 100vw, 768px\" \/>B\u1ea1n \u1edf xa v\u1eabn c\u00f3 th\u1ec3 mua h\u00e0ng v\u00e0 giao to\u00e0n qu\u1ed1c h\u1ea3y li\u00ean h\u1ec7 ch\u00fang t\u00f4i \u0111\u1ec3 \u0111\u01b0\u1ee3c t\u01b0 v\u1ea5n v\u00e0 c\u00f3 gi\u00e1 t\u1ed1t nh\u1ea5t hi\u1ec7n nay.<br \/>\nB\u1ea1n c\u00f3 th\u1ec3 \u0111\u1eb7t h\u00e0ng Online \u0111\u1ec3 nh\u00e2n vi\u00ean g\u00f4i \u0111i\u1ec7n t\u01b0 v\u1ea5n tr\u1ef1c ti\u1ebfp.<\/p>\n<p><strong>CTY TNHH TH\u01af\u01a0NG M\u1ea0I D\u1ecaCH V\u1ee4 \u0110I\u1ec6N M\u00c1Y TH\u00d4NG MINH<\/strong><br \/>\nHotline : 090 729 4310<br \/>\nEmail : maybommini.com@gmail.com<br \/>\nWebsite : http:\/\/maybommini.com<br \/>\nFacebook : <a href=\"https:\/\/www.facebook.com\/maybommini\" target=\"_blank\" rel=\"noopener\">https:\/\/www.facebook.com\/maybommini<\/a><br \/>\nGoogle : <a href=\"https:\/\/plus.google.com\/ Maybomnuocminiruaxe\" target=\"_blank\" rel=\"noopener\">https:\/\/plus.google.com\/ Maybomnuocminiruaxe<\/a><br \/>\nYoutube demo : <a href=\"https:\/\/www.youtube.com\/bahamasali\" target=\"_blank\" rel=\"noopener\">https:\/\/www.youtube.com\/bahamasali<\/a><\/p>\n","protected":false},"excerpt":{"rendered":"<p>M\u00e1y b\u01a1m \u00e1p l\u1ef1c 12V 80W<br \/>\nNgu\u1ed3n \u0111i\u1ec7n 12V 10A<br \/>\nV\u00f2i x\u1ecbt \u00e1p l\u1ef1c kim lo\u1ea1i<br \/>\nB\u00e9c x\u1ecbt 1 tia \u0111\u1ed3ng<br \/>\n\u1ed0ng d\u00e2y ra\u00a012mm 6 m\u00e9t<br \/>\n\u1ed0ng d\u00e2y v\u00e0o 12mm 2 m\u00e9t<br \/>\nN\u1ed1i \u1ed1ng nhanh<br \/>\nD\u00e2y ngu\u1ed3nS\u1ea3n ph\u1ea9m cao c\u1ea5p<br \/>\nKh\u1eb3ng \u0111\u1ecbnh \u0111\u1ed9 an to\u00e0n<br \/>\nCh\u1ea5t l\u01b0\u1ee3ng s\u1ea3n ph\u1ea9m v\u1edbi ng\u01b0\u1eddi ti\u00eau d\u00f9ng.<br \/>\n<strong>H\u00f4\u0309 tr\u01a1\u0323 ky\u0303 thu\u00e2\u0323t vi\u0303nh vi\u00ea\u0303n.<\/strong><br \/>\n<strong>T\u01af V\u1ea4N K\u1ef8 THU\u1eacT \u2013 MUA H\u00c0NG<br \/>\n0908997823 \u2013 0908997872<br \/>\n0907294310 \u2013 02873030399<\/strong><\/p>\n","protected":false},"featured_media":255766,"comment_status":"open","ping_status":"closed","template":"","meta":[],"product_brand":[44],"product_cat":[293],"product_tag":[310,311,199,235,206,312,313,314,315,316],"class_list":{"0":"post-255687","1":"product","2":"type-product","3":"status-publish","4":"has-post-thumbnail","6":"product_brand-smartpumps","7":"product_cat-bo-rua-xe-mini","8":"product_tag-12v-80w","9":"product_tag-ap-luc-mini","10":"product_tag-bom-nuoc-ap-luc-mini","11":"product_tag-bom-nuoc-mini","12":"product_tag-may-bom-12v","13":"product_tag-may-bom-propums","14":"product_tag-may-xit-rua-may-lanh","15":"product_tag-smart-pumps","16":"product_tag-tron-bo-xit-rua","17":"product_tag-ve-sinh-may-lanh","19":"first","20":"instock","21":"sale","22":"featured","23":"shipping-taxable","24":"purchasable","25":"product-type-simple"},"_links":{"self":[{"href":"https:\/\/maybommini.vn\/index.php?rest_route=\/wp\/v2\/product\/255687","targetHints":{"allow":["GET"]}}],"collection":[{"href":"https:\/\/maybommini.vn\/index.php?rest_route=\/wp\/v2\/product"}],"about":[{"href":"https:\/\/maybommini.vn\/index.php?rest_route=\/wp\/v2\/types\/product"}],"replies":[{"embeddable":true,"href":"https:\/\/maybommini.vn\/index.php?rest_route=%2Fwp%2Fv2%2Fcomments&post=255687"}],"wp:featuredmedia":[{"embeddable":true,"href":"https:\/\/maybommini.vn\/index.php?rest_route=\/wp\/v2\/media\/255766"}],"wp:attachment":[{"href":"https:\/\/maybommini.vn\/index.php?rest_route=%2Fwp%2Fv2%2Fmedia&parent=255687"}],"wp:term":[{"taxonomy":"product_brand","embeddable":true,"href":"https:\/\/maybommini.vn\/index.php?rest_route=%2Fwp%2Fv2%2Fproduct_brand&post=255687"},{"taxonomy":"product_cat","embeddable":true,"href":"https:\/\/maybommini.vn\/index.php?rest_route=%2Fwp%2Fv2%2Fproduct_cat&post=255687"},{"taxonomy":"product_tag","embeddable":true,"href":"https:\/\/maybommini.vn\/index.php?rest_route=%2Fwp%2Fv2%2Fproduct_tag&post=255687"}],"curies":[{"name":"wp","href":"https:\/\/api.w.org\/{rel}","templated":true}]}}