{"id":255697,"date":"2018-04-12T19:24:12","date_gmt":"2018-04-12T12:24:12","guid":{"rendered":"https:\/\/maybommini.com\/san-pham\/import-placeholder-for-251946"},"modified":"2026-02-24T12:00:31","modified_gmt":"2026-02-24T05:00:31","slug":"doi-dien-nang-xe-o-to-12v-mini-option-1","status":"publish","type":"product","link":"https:\/\/maybommini.vn\/?product=doi-dien-nang-xe-o-to-12v-mini-option-1","title":{"rendered":"\u0110\u1ed9i \u0111i\u1ec7n n\u00e2ng xe \u00d4 t\u00f4 12V mini &#8211; Option 1"},"content":{"rendered":"<h3><strong>Con \u0110\u1ed9i \u0111i\u1ec7n n\u00e2ng xe \u00d4 t\u00f4 12v l\u00e0 con\u00a0\u0111\u1ed9i s\u1eed d\u1ee5ng\u00a0\u0111i\u1ec7n tr\u1ef1c ti\u1ebfp t\u1eeb\u00a0\u00d4 t\u00f4 b\u1eb1ng\u00a0\u1ed5 m\u1ed3i thu\u1ed1c l\u00e1 ho\u1eb7c d\u00f9ng tr\u1ef1c ti\u1ebfp b\u00ecnh\u00a0\u1eafc quy tr\u00ean xe.<\/strong><\/h3>\n<p><a href=\"http:\/\/maybommini.com\/wp-content\/uploads\/2016\/01\/doi-dien-nang-oto-12v.jpg\" rel=\"attachment wp-att-244617 noopener\" target=\"_blank\"><img decoding=\"async\" class=\"size-large wp-image-244617 aligncenter\" src=\"http:\/\/maybommini.com\/wp-content\/uploads\/2016\/01\/doi-dien-nang-oto-12v-1024x550.jpg\" alt=\"doi dien nang oto 12v\" width=\"1024\" height=\"550\" srcset=\"https:\/\/maybommini.vn\/wp-content\/uploads\/2016\/01\/doi-dien-nang-oto-12v-1024x550.jpg 1024w, https:\/\/maybommini.vn\/wp-content\/uploads\/2016\/01\/doi-dien-nang-oto-12v-600x322.jpg 600w, https:\/\/maybommini.vn\/wp-content\/uploads\/2016\/01\/doi-dien-nang-oto-12v-300x161.jpg 300w, https:\/\/maybommini.vn\/wp-content\/uploads\/2016\/01\/doi-dien-nang-oto-12v-768x412.jpg 768w, https:\/\/maybommini.vn\/wp-content\/uploads\/2016\/01\/doi-dien-nang-oto-12v.jpg 1200w\" sizes=\"(max-width: 1024px) 100vw, 1024px\" \/><\/a><\/p>\n<h2><strong>Th\u00f4ng s\u1ed1 k\u1ef9 thu\u1eadt\u00a0\u0110\u1ed9i \u0111i\u1ec7n n\u00e2ng xe \u00d4 t\u00f4 12V &#8211; Option 1<\/strong><\/h2>\n<p>Con\u00a0\u0111\u1ed9i\u00a0\u0111i\u1ec7n 12v<br \/>\nD\u00e2y ngu\u1ed3n c\u1ea5m\u00a0\u1ed5 m\u1ed3i thu\u1ed1c\u00a0\u00d4 t\u00f4<br \/>\nD\u00e2y ngu\u1ed3n k\u1eb9p b\u00ecnh\u00a0\u1eafc quy<br \/>\nRemote \u0111i\u1ec1u khi\u1ec3n\u00a0d\u00e2y<br \/>\nB\u1ed9 g\u0103ng tay<br \/>\nVali ch\u1ee9a\u00a0b\u1ed9 n\u00e2ng\u00a0\u0111i\u1ec7n<br \/>\nTr\u1ecdng l\u01b0\u1ee3ng : 3,7 kg<\/p>\n<h2><strong>Th\u00f4ng s\u1ed1 con n\u00e2ng\u00a0\u0111i\u1ec7n 12v<\/strong><\/h2>\n<p>Motor n\u00e2ng 12V 10A<br \/>\nChi\u1ec7u t\u1ea3i n\u00e2ng : 2.000 kg (d\u00f9ng t\u1ed1t xe 4\u00a0\u0111\u1ebfn 16 ch\u1ed5)<br \/>\nKh\u1ea3 n\u0103ng n\u00e2ng :\u00a012 &#8211; 35cm<br \/>\nTh\u1eddi gian n\u00e2ng: trong v\u00f2ng 80 gi\u00e2y.<br \/>\nK\u00edch th\u01b0\u1edbc m\u00e1y: 47*29*12.5cm<\/p>\n<p><a href=\"http:\/\/maybommini.com\/wp-content\/uploads\/2016\/01\/doi-nang-xe-thay-banh-xe-12v.jpg\" rel=\"attachment wp-att-244618 noopener\" target=\"_blank\"><img decoding=\"async\" class=\"size-large wp-image-244618 aligncenter\" src=\"http:\/\/maybommini.com\/wp-content\/uploads\/2016\/01\/doi-nang-xe-thay-banh-xe-12v-1024x681.jpg\" alt=\"doi nang xe oto 12v\" width=\"1024\" height=\"681\" srcset=\"https:\/\/maybommini.vn\/wp-content\/uploads\/2016\/01\/doi-nang-xe-thay-banh-xe-12v-1024x681.jpg 1024w, https:\/\/maybommini.vn\/wp-content\/uploads\/2016\/01\/doi-nang-xe-thay-banh-xe-12v-600x399.jpg 600w, https:\/\/maybommini.vn\/wp-content\/uploads\/2016\/01\/doi-nang-xe-thay-banh-xe-12v-300x200.jpg 300w, https:\/\/maybommini.vn\/wp-content\/uploads\/2016\/01\/doi-nang-xe-thay-banh-xe-12v-768x511.jpg 768w, https:\/\/maybommini.vn\/wp-content\/uploads\/2016\/01\/doi-nang-xe-thay-banh-xe-12v.jpg 1200w\" sizes=\"(max-width: 1024px) 100vw, 1024px\" \/><\/a><\/p>\n<p>\u0110\u1ed9i\u00a0\u0111i\u1ec7n nh\u1ecf g\u1ecdn d\u00f9ng thay l\u1ed1p xe ho\u1eb7c khi xe c\u00f3 s\u1ef1 c\u1ed1 m\u00e0 kh\u00f4ng c\u1ea7n m\u1ea5t nhi\u1ec1u c\u00f4ng s\u1ee9c nh\u01b0 con\u00a0\u0111\u1ed9i n\u00e2ng th\u01b0\u1eddng ph\u1ea3i quay b\u1eb1ng tay.<\/p>\n<p><a href=\"http:\/\/maybommini.com\/wp-content\/uploads\/2016\/01\/con-doi-dien-12v-oto.jpg\" rel=\"attachment wp-att-244621 noopener\" target=\"_blank\"><img decoding=\"async\" class=\"size-large wp-image-244621 aligncenter\" src=\"http:\/\/maybommini.com\/wp-content\/uploads\/2016\/01\/con-doi-dien-12v-oto-1024x683.jpg\" alt=\"con doi dien 12v oto\" width=\"1024\" height=\"683\" srcset=\"https:\/\/maybommini.vn\/wp-content\/uploads\/2016\/01\/con-doi-dien-12v-oto-1024x683.jpg 1024w, https:\/\/maybommini.vn\/wp-content\/uploads\/2016\/01\/con-doi-dien-12v-oto-600x400.jpg 600w, https:\/\/maybommini.vn\/wp-content\/uploads\/2016\/01\/con-doi-dien-12v-oto-300x200.jpg 300w, https:\/\/maybommini.vn\/wp-content\/uploads\/2016\/01\/con-doi-dien-12v-oto-768x512.jpg 768w, https:\/\/maybommini.vn\/wp-content\/uploads\/2016\/01\/con-doi-dien-12v-oto.jpg 1200w\" sizes=\"(max-width: 1024px) 100vw, 1024px\" \/><\/a><\/p>\n<p>B\u1ed9 n\u00e2ng con\u00a0\u0111\u1ed9i\u00a0\u00d4 t\u00f4 r\u1ea5t nh\u1ecf g\u1ecdn\u00a0\u0111\u01b0\u1ee3c b\u1ecf trong th\u00f9ng vali cho n\u00ean b\u1ea1n c\u00f3 th\u1ec3\u00a0\u0111em theo xe r\u1ea5t ti\u1ec7n l\u1ee3i.<\/p>\n<p><a href=\"http:\/\/maybommini.com\/wp-content\/uploads\/2016\/01\/bo-doi-dien-nang-xe-oto.jpg\" rel=\"attachment wp-att-244622 noopener\" target=\"_blank\"><img decoding=\"async\" class=\"size-large wp-image-244622 aligncenter\" src=\"http:\/\/maybommini.com\/wp-content\/uploads\/2016\/01\/bo-doi-dien-nang-xe-oto-1024x652.jpg\" alt=\"bo doi dien nang xe oto\" width=\"1024\" height=\"652\" srcset=\"https:\/\/maybommini.vn\/wp-content\/uploads\/2016\/01\/bo-doi-dien-nang-xe-oto-1024x652.jpg 1024w, https:\/\/maybommini.vn\/wp-content\/uploads\/2016\/01\/bo-doi-dien-nang-xe-oto-600x382.jpg 600w, https:\/\/maybommini.vn\/wp-content\/uploads\/2016\/01\/bo-doi-dien-nang-xe-oto-300x191.jpg 300w, https:\/\/maybommini.vn\/wp-content\/uploads\/2016\/01\/bo-doi-dien-nang-xe-oto-768x489.jpg 768w, https:\/\/maybommini.vn\/wp-content\/uploads\/2016\/01\/bo-doi-dien-nang-xe-oto.jpg 1200w\" sizes=\"(max-width: 1024px) 100vw, 1024px\" \/><\/a><\/p>\n<p>Thi\u1ebft B\u1ecb N\u00e2ng g\u1ea7m b\u1eb1ng \u0110i\u1ec7n n\u00ean b\u1ea1n ch\u1ec9 c\u1ea7n v\u00e0i thao t\u00e1c \u0111\u01a1n gi\u00e3n l\u00e0 c\u00f3 th\u1ec3 n\u00e2ng xe \u00f4 t\u00f4 l\u00ean m\u1ed9t c\u00e1ch d\u1ec3 d\u00e0ng \u0111\u1ec3 thay l\u1ed1p xe.<\/p>\n<p>Thi\u1ebft b\u1ecb thay L\u1ed1p xe \u00f4 t\u00f4 b\u1eb1ng \u0111i\u1ec7n s\u1eed d\u1ee5ng Romete\u00a0\u0111i\u1ec1u khi\u1ec1n t\u1eeb xa c\u00f3 d\u00e2y v\u00e0 kh\u00f4ng d\u00e2y tu\u1ef3 theo Option c\u1ee7a b\u1ed9 n\u00e2ng.<\/p>\n<p><a href=\"http:\/\/maybommini.com\/wp-content\/uploads\/2016\/01\/con-nang-xe-oto-12v.jpg\" rel=\"attachment wp-att-244619 noopener\" target=\"_blank\"><img decoding=\"async\" class=\"size-large wp-image-244619 aligncenter\" src=\"http:\/\/maybommini.com\/wp-content\/uploads\/2016\/01\/con-nang-xe-oto-12v-1024x683.jpg\" alt=\"Con doi nang xe oto bang dien\" width=\"1024\" height=\"683\" srcset=\"https:\/\/maybommini.vn\/wp-content\/uploads\/2016\/01\/con-nang-xe-oto-12v-1024x683.jpg 1024w, https:\/\/maybommini.vn\/wp-content\/uploads\/2016\/01\/con-nang-xe-oto-12v-600x400.jpg 600w, https:\/\/maybommini.vn\/wp-content\/uploads\/2016\/01\/con-nang-xe-oto-12v-300x200.jpg 300w, https:\/\/maybommini.vn\/wp-content\/uploads\/2016\/01\/con-nang-xe-oto-12v-768x512.jpg 768w, https:\/\/maybommini.vn\/wp-content\/uploads\/2016\/01\/con-nang-xe-oto-12v.jpg 1200w\" sizes=\"(max-width: 1024px) 100vw, 1024px\" \/><\/a><\/p>\n<h2>MUA CON \u0110\u1ed8I \u0110I\u1ec6N \u00d4 T\u1ed4 12V \u1ede \u0110\u00c2U ?<\/h2>\n<p><strong>CTY TNHH TH\u01af\u01a0NG M\u1ea0I D\u1ecaCH V\u1ee4 \u0110I\u1ec6N M\u00c1Y TH\u00d4NG MINH<\/strong><br \/>\nHotline : 090 729 4310<br \/>\nEmail : maybommini.com@gmail.com<br \/>\nWebsite : http:\/\/maybommini.com<br \/>\nFacebook : <a href=\"https:\/\/www.facebook.com\/maybommini\" target=\"_blank\" rel=\"noopener\">https:\/\/www.facebook.com\/maybommini<\/a><br \/>\nGoogle   : <a href=\"https:\/\/plus.google.com\/ Maybomnuocminiruaxe\" target=\"_blank\" rel=\"noopener\">https:\/\/plus.google.com\/ Maybomnuocminiruaxe<\/a><br \/>\nYoutube demo : <a href=\"https:\/\/www.youtube.com\/bahamasali\" target=\"_blank\" rel=\"noopener\">https:\/\/www.youtube.com\/bahamasali<\/a><\/p>\n","protected":false},"excerpt":{"rendered":"<p>Con\u00a0\u0111\u1ed9i\u00a0\u0111i\u1ec7n 12v &#8211; Option 1<br \/>\nD\u00e2y ngu\u1ed3n c\u1ea5m\u00a0\u1ed5 m\u1ed3i thu\u1ed1c\u00a0\u00d4 t\u00f4<br \/>\nD\u00e2y ngu\u1ed3n k\u1eb9p b\u00ecnh\u00a0\u1eafc quy<br \/>\nRemote \u0111i\u1ec1u khi\u1ec3n\u00a0d\u00e2y<br \/>\nB\u1ed9 g\u0103ng tay<br \/>\nVali ch\u1ee9a\u00a0b\u1ed9 n\u00e2ng\u00a0\u0111i\u1ec7n<br \/>\nTr\u1ecdng l\u01b0\u1ee3ng : 3,7 kg<br \/>\nMotor n\u00e2ng 12A 10A<br \/>\nChi\u1ec7u t\u1ea3i n\u00e2ng : 2.000 kg (d\u00f9ng t\u1ed1t xe 4\u00a0\u0111\u1ebfn 16 ch\u1ed5)<br \/>\nKh\u1ea3 n\u0103ng n\u00e2ng :\u00a012 &#8211; 35cm<br \/>\nTh\u1eddi gian n\u00e2ng: trong v\u00f2ng 80 gi\u00e2y.<br \/>\nK\u00edch th\u01b0\u1edbc m\u00e1y: 47*29*12.5cm<br \/>\nB\u1ea3o h\u00e0nh : 12 th\u00e1ng\u00a0Ch\u00ednh H\u00e3ng<br \/>\nH\u00e0ng cao c\u1ea5p Trung Qu\u1ed1c<\/p>\n","protected":false},"featured_media":255810,"comment_status":"open","ping_status":"closed","template":"","meta":[],"product_brand":[],"product_cat":[343],"product_tag":[344,345,346,347,348,349,350,351,352,353,354,355,356,357],"class_list":{"0":"post-255697","1":"product","2":"type-product","3":"status-publish","4":"has-post-thumbnail","6":"product_cat-thiet-bi-do-choi-oto","7":"product_tag-ban-con-doi-xe-hoi","8":"product_tag-can-ban-con-doi-xe-hoi","9":"product_tag-con-doi-oto","10":"product_tag-con-doi-bo-kich-dien-nang-xe-hoi","11":"product_tag-con-doi-dien","12":"product_tag-con-doi-dien-dung-nang-xe-hoi-xe-khach","13":"product_tag-con-doi-dien-dieu-khien-tu-xa","14":"product_tag-con-doi-dien-o-to","15":"product_tag-doi-dien","16":"product_tag-nang-xe","17":"product_tag-o-to-12v","18":"product_tag-thiet-bi-nang-gam-bang-dien","19":"product_tag-thiet-bi-nang-gam-xe-hoi","20":"product_tag-thiet-bi-thay-lop-xe-o-to-bang-dien-con-doi-dien-o-to","22":"first","23":"instock","24":"sale","25":"featured","26":"shipping-taxable","27":"purchasable","28":"product-type-simple"},"_links":{"self":[{"href":"https:\/\/maybommini.vn\/index.php?rest_route=\/wp\/v2\/product\/255697","targetHints":{"allow":["GET"]}}],"collection":[{"href":"https:\/\/maybommini.vn\/index.php?rest_route=\/wp\/v2\/product"}],"about":[{"href":"https:\/\/maybommini.vn\/index.php?rest_route=\/wp\/v2\/types\/product"}],"replies":[{"embeddable":true,"href":"https:\/\/maybommini.vn\/index.php?rest_route=%2Fwp%2Fv2%2Fcomments&post=255697"}],"wp:featuredmedia":[{"embeddable":true,"href":"https:\/\/maybommini.vn\/index.php?rest_route=\/wp\/v2\/media\/255810"}],"wp:attachment":[{"href":"https:\/\/maybommini.vn\/index.php?rest_route=%2Fwp%2Fv2%2Fmedia&parent=255697"}],"wp:term":[{"taxonomy":"product_brand","embeddable":true,"href":"https:\/\/maybommini.vn\/index.php?rest_route=%2Fwp%2Fv2%2Fproduct_brand&post=255697"},{"taxonomy":"product_cat","embeddable":true,"href":"https:\/\/maybommini.vn\/index.php?rest_route=%2Fwp%2Fv2%2Fproduct_cat&post=255697"},{"taxonomy":"product_tag","embeddable":true,"href":"https:\/\/maybommini.vn\/index.php?rest_route=%2Fwp%2Fv2%2Fproduct_tag&post=255697"}],"curies":[{"name":"wp","href":"https:\/\/api.w.org\/{rel}","templated":true}]}}