{"id":255698,"date":"2018-04-12T19:24:12","date_gmt":"2018-04-12T12:24:12","guid":{"rendered":"https:\/\/maybommini.com\/san-pham\/import-placeholder-for-251947"},"modified":"2019-06-22T11:18:07","modified_gmt":"2019-06-22T04:18:07","slug":"may-bom-ap-luc-12v-220w-20l","status":"publish","type":"product","link":"https:\/\/maybommini.vn\/?product=may-bom-ap-luc-12v-220w-20l","title":{"rendered":"M\u00e1y b\u01a1m \u00e1p l\u1ef1c 12V 220W 20L Smartpumps Auto On-off"},"content":{"rendered":"<h3><em><strong>Chuy\u00ean cung c\u1ea5p b\u00e1n m\u00e1y b\u01a1m \u00e1p l\u1ef1c 12V 220W 20L Smartpumps Auto On-off ch\u1ea5t l\u01b0\u1ee3ng gi\u00e1 t\u1ed1t b\u1ea3o h\u00e0nh l\u00e2u d\u00e0i. \u0110\u00e2y l\u00e0 m\u00e1y b\u01a1m \u00e1p l\u1ef1c d\u00f9ng t\u1ed1t cho nhi\u1ec1u m\u1ee5c \u0111\u00edch kh\u00e1c nhau nh\u01b0 r\u1eeda xe, phun thu\u1ed1c s\u00e2u, phun s\u01b0\u01a1ng, v\u1ec7 sinh m\u00e1y l\u1ea1nh, h\u1ec7 th\u1ed1ng b\u01a1m t\u01b0\u1edbi c\u00e2y nh\u1ecf gi\u1ecdt v\u00e0 t\u1ef1 \u0111\u1ed9ng.<\/strong><\/em><\/h3>\n<p><a href=\"https:\/\/maybommini.com\/wp-content\/uploads\/2018\/04\/May-bom-ap-luc-12V-220W-20L-Smartpumps.jpg\" target=\"_blank\" rel=\"noopener\"><img decoding=\"async\" class=\"size-full wp-image-262308 aligncenter\" src=\"https:\/\/maybommini.com\/wp-content\/uploads\/2018\/04\/May-bom-ap-luc-12V-220W-20L-Smartpumps.jpg\" alt=\"May Bom Ap Luc 12V 220W 20L Smartpumps\" width=\"750\" height=\"750\" srcset=\"https:\/\/maybommini.vn\/wp-content\/uploads\/2018\/04\/May-bom-ap-luc-12V-220W-20L-Smartpumps.jpg 750w, https:\/\/maybommini.vn\/wp-content\/uploads\/2018\/04\/May-bom-ap-luc-12V-220W-20L-Smartpumps-300x300.jpg 300w, https:\/\/maybommini.vn\/wp-content\/uploads\/2018\/04\/May-bom-ap-luc-12V-220W-20L-Smartpumps-150x150.jpg 150w, https:\/\/maybommini.vn\/wp-content\/uploads\/2018\/04\/May-bom-ap-luc-12V-220W-20L-Smartpumps-600x600.jpg 600w\" sizes=\"(max-width: 750px) 100vw, 750px\" \/><\/a><\/p>\n<p><strong>TH\u00d4NG S\u1ed0 K\u1ef8 THU\u1eacT<br \/>\n<\/strong>Th\u01b0\u01a1ng hi\u1ec7u: SMARTPUMPS<br \/>\nModel: DP-220<br \/>\n\u0110i\u1ec7n\u00a0\u00e1p : 12V DC.<br \/>\nC\u00f4ng xu\u1ea5t : 220 W<br \/>\n\u00c1p l\u1ef1c : 18kg (1.8 Mpa).<br \/>\nL\u01b0u l\u01b0\u1ee3ng : 20 L\/ph\u00fat.<br \/>\nB\u01a1m t\u1ef1 h\u00fat s\u00e2u: 3 m\u00e9t.<br \/>\nB\u01a1m \u0111\u1ea9y cao tr\u00ean: 10 m\u00e9t.<br \/>\nT\u1ef1\u00a0\u0111\u1ed9ng ng\u1eaft \u0111i\u1ec7n\u00a0khi kho\u00e1 n\u01b0\u1edbc ra.<br \/>\nQu\u1ea1t t\u1ea3n nhi\u1ec7t m\u00e1y b\u01a1m.<br \/>\nMotor l\u00f5i \u0111\u1ed3ng 100%.<br \/>\nMotor ch\u1ed5i than cao c\u1ea5p.<br \/>\nM\u00e1y b\u01a1m m\u00e0ng cao c\u1ea5p.<br \/>\nCh\u1ea5t li\u1ec7u: \u0110\u1ed3ng &#8211; Th\u00e9p &#8211; Nh\u1ef1a.<br \/>\nK\u00edch th\u01b0\u1edbc: 250 x 130 x 150 mm.<br \/>\nTr\u1ecdng l\u01b0\u1ee3ng: 3.2 Kg.<\/p>\n<p><a href=\"https:\/\/maybommini.com\/wp-content\/uploads\/2018\/04\/May-bom-ap-luc-mini-12v.jpg\" target=\"_blank\" rel=\"noopener\"><img decoding=\"async\" class=\"size-full wp-image-262310 aligncenter\" src=\"https:\/\/maybommini.com\/wp-content\/uploads\/2018\/04\/May-bom-ap-luc-mini-12v.jpg\" alt=\"May Bom Ap Luc Mini 12v\" width=\"750\" height=\"750\" srcset=\"https:\/\/maybommini.vn\/wp-content\/uploads\/2018\/04\/May-bom-ap-luc-mini-12v.jpg 750w, https:\/\/maybommini.vn\/wp-content\/uploads\/2018\/04\/May-bom-ap-luc-mini-12v-300x300.jpg 300w, https:\/\/maybommini.vn\/wp-content\/uploads\/2018\/04\/May-bom-ap-luc-mini-12v-150x150.jpg 150w, https:\/\/maybommini.vn\/wp-content\/uploads\/2018\/04\/May-bom-ap-luc-mini-12v-600x600.jpg 600w\" sizes=\"(max-width: 750px) 100vw, 750px\" \/><\/a> <a href=\"https:\/\/maybommini.com\/wp-content\/uploads\/2018\/04\/May-bom-rua-xe-12V-220W.jpg\" target=\"_blank\" rel=\"noopener\"><img decoding=\"async\" class=\"size-full wp-image-262312 aligncenter\" src=\"https:\/\/maybommini.com\/wp-content\/uploads\/2018\/04\/May-bom-rua-xe-12V-220W.jpg\" alt=\"May Bom Rua Xe 12V 220W\" width=\"750\" height=\"750\" srcset=\"https:\/\/maybommini.vn\/wp-content\/uploads\/2018\/04\/May-bom-rua-xe-12V-220W.jpg 750w, https:\/\/maybommini.vn\/wp-content\/uploads\/2018\/04\/May-bom-rua-xe-12V-220W-300x300.jpg 300w, https:\/\/maybommini.vn\/wp-content\/uploads\/2018\/04\/May-bom-rua-xe-12V-220W-150x150.jpg 150w, https:\/\/maybommini.vn\/wp-content\/uploads\/2018\/04\/May-bom-rua-xe-12V-220W-600x600.jpg 600w\" sizes=\"(max-width: 750px) 100vw, 750px\" \/><\/a><a href=\"https:\/\/maybommini.com\/wp-content\/uploads\/2018\/04\/May-bom-phun-thuoc-sau-12v.jpg\" target=\"_blank\" rel=\"noopener\"><img decoding=\"async\" class=\"size-full wp-image-262311 aligncenter\" src=\"https:\/\/maybommini.com\/wp-content\/uploads\/2018\/04\/May-bom-phun-thuoc-sau-12v.jpg\" alt=\"May Bom Phun Thuoc Sau 12v\" width=\"750\" height=\"750\" srcset=\"https:\/\/maybommini.vn\/wp-content\/uploads\/2018\/04\/May-bom-phun-thuoc-sau-12v.jpg 750w, https:\/\/maybommini.vn\/wp-content\/uploads\/2018\/04\/May-bom-phun-thuoc-sau-12v-300x300.jpg 300w, https:\/\/maybommini.vn\/wp-content\/uploads\/2018\/04\/May-bom-phun-thuoc-sau-12v-150x150.jpg 150w, https:\/\/maybommini.vn\/wp-content\/uploads\/2018\/04\/May-bom-phun-thuoc-sau-12v-600x600.jpg 600w\" sizes=\"(max-width: 750px) 100vw, 750px\" \/><\/a> <a href=\"https:\/\/maybommini.com\/wp-content\/uploads\/2018\/04\/Bo-phu-kien-may-bom-ap-luc-12V-24V-Smartpumps.jpg\" target=\"_blank\" rel=\"noopener\"><img decoding=\"async\" class=\"size-full wp-image-262313 aligncenter\" src=\"https:\/\/maybommini.com\/wp-content\/uploads\/2018\/04\/Bo-phu-kien-may-bom-ap-luc-12V-24V-Smartpumps.jpg\" alt=\"Bo Phu Kien May Bom Ap Luc 12V 24V Smartpumps\" width=\"750\" height=\"750\" srcset=\"https:\/\/maybommini.vn\/wp-content\/uploads\/2018\/04\/Bo-phu-kien-may-bom-ap-luc-12V-24V-Smartpumps.jpg 750w, https:\/\/maybommini.vn\/wp-content\/uploads\/2018\/04\/Bo-phu-kien-may-bom-ap-luc-12V-24V-Smartpumps-300x300.jpg 300w, https:\/\/maybommini.vn\/wp-content\/uploads\/2018\/04\/Bo-phu-kien-may-bom-ap-luc-12V-24V-Smartpumps-150x150.jpg 150w, https:\/\/maybommini.vn\/wp-content\/uploads\/2018\/04\/Bo-phu-kien-may-bom-ap-luc-12V-24V-Smartpumps-600x600.jpg 600w\" sizes=\"(max-width: 750px) 100vw, 750px\" \/><\/a> <a href=\"https:\/\/maybommini.com\/wp-content\/uploads\/2018\/04\/Bom-nuoc-phun-suong-tuoi-cay.jpg\" target=\"_blank\" rel=\"noopener\"><img decoding=\"async\" class=\"size-full wp-image-262307 aligncenter\" src=\"https:\/\/maybommini.com\/wp-content\/uploads\/2018\/04\/Bom-nuoc-phun-suong-tuoi-cay.jpg\" alt=\"Bom Nuoc Phun Suong Tuoi Cay\" width=\"750\" height=\"750\" srcset=\"https:\/\/maybommini.vn\/wp-content\/uploads\/2018\/04\/Bom-nuoc-phun-suong-tuoi-cay.jpg 750w, https:\/\/maybommini.vn\/wp-content\/uploads\/2018\/04\/Bom-nuoc-phun-suong-tuoi-cay-300x300.jpg 300w, https:\/\/maybommini.vn\/wp-content\/uploads\/2018\/04\/Bom-nuoc-phun-suong-tuoi-cay-150x150.jpg 150w, https:\/\/maybommini.vn\/wp-content\/uploads\/2018\/04\/Bom-nuoc-phun-suong-tuoi-cay-600x600.jpg 600w\" sizes=\"(max-width: 750px) 100vw, 750px\" \/><\/a> <a href=\"https:\/\/maybommini.com\/wp-content\/uploads\/2018\/04\/Bom-nuoc-ap-luc-12V-220W-20L.jpg\" target=\"_blank\" rel=\"noopener\"><img decoding=\"async\" class=\"size-full wp-image-262306 aligncenter\" src=\"https:\/\/maybommini.com\/wp-content\/uploads\/2018\/04\/Bom-nuoc-ap-luc-12V-220W-20L.jpg\" alt=\"Bom Nuoc Ap Luc 12V 220W 20L\" width=\"750\" height=\"750\" srcset=\"https:\/\/maybommini.vn\/wp-content\/uploads\/2018\/04\/Bom-nuoc-ap-luc-12V-220W-20L.jpg 750w, https:\/\/maybommini.vn\/wp-content\/uploads\/2018\/04\/Bom-nuoc-ap-luc-12V-220W-20L-300x300.jpg 300w, https:\/\/maybommini.vn\/wp-content\/uploads\/2018\/04\/Bom-nuoc-ap-luc-12V-220W-20L-150x150.jpg 150w, https:\/\/maybommini.vn\/wp-content\/uploads\/2018\/04\/Bom-nuoc-ap-luc-12V-220W-20L-600x600.jpg 600w\" sizes=\"(max-width: 750px) 100vw, 750px\" \/><\/a><\/p>\n<p><strong>S\u1eec D\u1ee4NG M\u00c1Y B\u01a0M \u00c1P L\u1ef0C MINI 12V 24V<\/strong><br \/>\nS\u1eed d\u1ee5ng b\u01a1m c\u1ea5p n\u01b0\u1edbc.<br \/>\nB\u01a1m n\u01b0\u1edbc l\u00ean cao \u00e1p l\u1ef1c.<br \/>\nM\u00e1y b\u01a1m \u00e1p l\u1ef1c mini r\u1eeda xe.<br \/>\nB\u01a1m n\u01b0\u1edbc h\u1ec7 th\u1ed1ng t\u01b0\u1edbi t\u1ef1 \u0111\u1ed9ng.<br \/>\nM\u00e1y b\u01a1m phun s\u01b0\u01a1ng t\u01b0\u1edbi c\u00e2y nh\u00e0 v\u01b0\u1eddn.<br \/>\nB\u01a1m dung d\u1ecbch h\u00f3a ch\u1ea5t kh\u00f4ng \u0103n m\u00f2n.<br \/>\nM\u00e1y b\u01a1m phun thu\u1ed1c s\u00e2u.<br \/>\nM\u00e1y b\u01a1m \u00e1p l\u1ef1c v\u1ec7 sinh m\u00e1y l\u1ea1nh \u0111i\u1ec1u h\u00f3a chuy\u00ean nghi\u1ec7p.<br \/>\nB\u01a1m tr\u1ee3 l\u1ef1c m\u00e1y gi\u1eb7t, v\u00f2i n\u01b0\u1edbc.<br \/>\nM\u00e1y b\u01a1m n\u01b0\u1edbc xe b\u1ed3n.<br \/>\nM\u00e1y b\u01a1m \u00e1p l\u1ef1c phun x\u1ecbt h\u1ec7 th\u1ed1ng m\u00e1y m\u00f3c.<\/p>\n<p><a href=\"https:\/\/maybommini.com\/wp-content\/uploads\/2018\/04\/Bom-ve-sinh-may-lanh-dieu-hoa.jpg\" target=\"_blank\" rel=\"noopener\"><img decoding=\"async\" class=\"size-full wp-image-262314 aligncenter\" src=\"https:\/\/maybommini.com\/wp-content\/uploads\/2018\/04\/Bom-ve-sinh-may-lanh-dieu-hoa.jpg\" alt=\"Bom Ve Sinh May Lanh Dieu Hoa\" width=\"750\" height=\"750\" srcset=\"https:\/\/maybommini.vn\/wp-content\/uploads\/2018\/04\/Bom-ve-sinh-may-lanh-dieu-hoa.jpg 750w, https:\/\/maybommini.vn\/wp-content\/uploads\/2018\/04\/Bom-ve-sinh-may-lanh-dieu-hoa-300x300.jpg 300w, https:\/\/maybommini.vn\/wp-content\/uploads\/2018\/04\/Bom-ve-sinh-may-lanh-dieu-hoa-150x150.jpg 150w, https:\/\/maybommini.vn\/wp-content\/uploads\/2018\/04\/Bom-ve-sinh-may-lanh-dieu-hoa-600x600.jpg 600w\" sizes=\"(max-width: 750px) 100vw, 750px\" \/><\/a> <a href=\"https:\/\/maybommini.com\/wp-content\/uploads\/2018\/04\/Bo-phu-kien-may-bom-ap-luc-12V-24V-Smartpumps-1.jpg\" target=\"_blank\" rel=\"noopener\"><img decoding=\"async\" class=\"size-full wp-image-262315 aligncenter\" src=\"https:\/\/maybommini.com\/wp-content\/uploads\/2018\/04\/Bo-phu-kien-may-bom-ap-luc-12V-24V-Smartpumps-1.jpg\" alt=\"Bo Phu Kien May Bom Ap Luc 12V 24V Smartpumps\" width=\"750\" height=\"750\" srcset=\"https:\/\/maybommini.vn\/wp-content\/uploads\/2018\/04\/Bo-phu-kien-may-bom-ap-luc-12V-24V-Smartpumps-1.jpg 750w, https:\/\/maybommini.vn\/wp-content\/uploads\/2018\/04\/Bo-phu-kien-may-bom-ap-luc-12V-24V-Smartpumps-1-300x300.jpg 300w, https:\/\/maybommini.vn\/wp-content\/uploads\/2018\/04\/Bo-phu-kien-may-bom-ap-luc-12V-24V-Smartpumps-1-150x150.jpg 150w, https:\/\/maybommini.vn\/wp-content\/uploads\/2018\/04\/Bo-phu-kien-may-bom-ap-luc-12V-24V-Smartpumps-1-600x600.jpg 600w\" sizes=\"(max-width: 750px) 100vw, 750px\" \/><\/a> <a href=\"https:\/\/maybommini.com\/wp-content\/uploads\/2018\/04\/May-bom-ap-luc-phun-thuoc-sau-trong-nong-nghiep.jpg\" target=\"_blank\" rel=\"noopener\"><img decoding=\"async\" class=\"size-full wp-image-262316 aligncenter\" src=\"https:\/\/maybommini.com\/wp-content\/uploads\/2018\/04\/May-bom-ap-luc-phun-thuoc-sau-trong-nong-nghiep.jpg\" alt=\"May Bom Ap Luc Phun Thuoc Sau Trong Nong Nghiep\" width=\"750\" height=\"750\" srcset=\"https:\/\/maybommini.vn\/wp-content\/uploads\/2018\/04\/May-bom-ap-luc-phun-thuoc-sau-trong-nong-nghiep.jpg 750w, https:\/\/maybommini.vn\/wp-content\/uploads\/2018\/04\/May-bom-ap-luc-phun-thuoc-sau-trong-nong-nghiep-300x300.jpg 300w, https:\/\/maybommini.vn\/wp-content\/uploads\/2018\/04\/May-bom-ap-luc-phun-thuoc-sau-trong-nong-nghiep-150x150.jpg 150w, https:\/\/maybommini.vn\/wp-content\/uploads\/2018\/04\/May-bom-ap-luc-phun-thuoc-sau-trong-nong-nghiep-600x600.jpg 600w\" sizes=\"(max-width: 750px) 100vw, 750px\" \/><\/a> <a href=\"https:\/\/maybommini.com\/wp-content\/uploads\/2018\/04\/Su-dung-may-bom-ap-luc-12v-24v.jpg\" target=\"_blank\" rel=\"noopener\"><img decoding=\"async\" class=\"size-full wp-image-262317 aligncenter\" src=\"https:\/\/maybommini.com\/wp-content\/uploads\/2018\/04\/Su-dung-may-bom-ap-luc-12v-24v.jpg\" alt=\"Su Dung May Bom Ap Luc 12v 24v\" width=\"750\" height=\"750\" srcset=\"https:\/\/maybommini.vn\/wp-content\/uploads\/2018\/04\/Su-dung-may-bom-ap-luc-12v-24v.jpg 750w, https:\/\/maybommini.vn\/wp-content\/uploads\/2018\/04\/Su-dung-may-bom-ap-luc-12v-24v-300x300.jpg 300w, https:\/\/maybommini.vn\/wp-content\/uploads\/2018\/04\/Su-dung-may-bom-ap-luc-12v-24v-150x150.jpg 150w, https:\/\/maybommini.vn\/wp-content\/uploads\/2018\/04\/Su-dung-may-bom-ap-luc-12v-24v-600x600.jpg 600w\" sizes=\"(max-width: 750px) 100vw, 750px\" \/><\/a> <a href=\"https:\/\/maybommini.com\/wp-content\/uploads\/2018\/04\/Su-dung-may-bom-phun-xit-rua.jpg\" target=\"_blank\" rel=\"noopener\"><img decoding=\"async\" class=\"size-full wp-image-262318 aligncenter\" src=\"https:\/\/maybommini.com\/wp-content\/uploads\/2018\/04\/Su-dung-may-bom-phun-xit-rua.jpg\" alt=\"Su Dung May Bom Phun Xit Rua\" width=\"750\" height=\"750\" srcset=\"https:\/\/maybommini.vn\/wp-content\/uploads\/2018\/04\/Su-dung-may-bom-phun-xit-rua.jpg 750w, https:\/\/maybommini.vn\/wp-content\/uploads\/2018\/04\/Su-dung-may-bom-phun-xit-rua-300x300.jpg 300w, https:\/\/maybommini.vn\/wp-content\/uploads\/2018\/04\/Su-dung-may-bom-phun-xit-rua-150x150.jpg 150w, https:\/\/maybommini.vn\/wp-content\/uploads\/2018\/04\/Su-dung-may-bom-phun-xit-rua-600x600.jpg 600w\" sizes=\"(max-width: 750px) 100vw, 750px\" \/><\/a><\/p>\n<p><strong>MUA M\u00c1Y B\u01a0M N\u01af\u1edaC MINI 12V 24V 220W \u1ede \u0110\u00c2U ?<\/strong><br \/>\nM\u1ecdi chi ti\u1ebft vui l\u00f2ng li\u00ean h\u1ec7 tr\u1ef1c ti\u1ebfp cho ch\u00fang t\u00f4i \u0111\u1ec3 \u0111\u01b0\u1ee3c t\u01b0 v\u1ea5n theo nhu c\u1ea7u \u0111\u1ec3 c\u00f3 \u0111\u01b0\u1ee3c b\u1ed9 s\u1ea3n ph\u1ea9m t\u1ed1t nh\u1ea5t v\u00e0 ti\u1ebft ki\u1ec7m.\u00a0B\u1ea1n \u1edf xa v\u1eabn c\u00f3 th\u1ec3 mua h\u00e0ng v\u00e0 giao h\u00e0ng thanh to\u00e1n ti\u1ec1n t\u1ea1i nh\u00e0.<br \/>\n<strong>CTY TNHH TH\u01af\u01a0NG M\u1ea0I D\u1ecaCH V\u1ee4 \u0110I\u1ec6N M\u00c1Y\u00a0<\/strong><br \/>\n<strong>Hotline:<\/strong> 02873030399 &#8211; 090 729 4310<br \/>\n<strong>Email:<\/strong> maybommini.com@gmail.com<br \/>\n<strong>Website:<\/strong> http:\/\/maybommini.com<br \/>\n<strong>Facebook:<\/strong> https:\/\/www.facebook.com\/maybommini<br \/>\n<strong>Google:<\/strong> https:\/\/plus.google.com\/ Maybomnuocminiruaxe<br \/>\n<strong>Youtube demo:<\/strong> https:\/\/www.youtube.com\/bahamasali<\/p>\n<p><a href=\"http:\/\/maybommini.com\/wp-content\/uploads\/2016\/01\/may-bom-ap-luc-mini-12v-220w-20L.jpg\" rel=\"attachment wp-att-244599 noopener\" target=\"_blank\"><img decoding=\"async\" class=\"aligncenter wp-image-244599\" src=\"http:\/\/maybommini.com\/wp-content\/uploads\/2016\/01\/may-bom-ap-luc-mini-12v-220w-20L-1024x655.jpg\" alt=\"may bom ap luc 12v\" width=\"750\" height=\"479\" srcset=\"https:\/\/maybommini.vn\/wp-content\/uploads\/2016\/01\/may-bom-ap-luc-mini-12v-220w-20L-1024x655.jpg 1024w, https:\/\/maybommini.vn\/wp-content\/uploads\/2016\/01\/may-bom-ap-luc-mini-12v-220w-20L-600x384.jpg 600w, https:\/\/maybommini.vn\/wp-content\/uploads\/2016\/01\/may-bom-ap-luc-mini-12v-220w-20L-300x192.jpg 300w, https:\/\/maybommini.vn\/wp-content\/uploads\/2016\/01\/may-bom-ap-luc-mini-12v-220w-20L-768x491.jpg 768w, https:\/\/maybommini.vn\/wp-content\/uploads\/2016\/01\/may-bom-ap-luc-mini-12v-220w-20L.jpg 1200w\" sizes=\"(max-width: 750px) 100vw, 750px\" \/><\/a><\/p>\n<p><a href=\"http:\/\/maybommini.com\/wp-content\/uploads\/2016\/01\/rua-xe-mini-12v-ap-luc-cao.jpg\" rel=\"attachment wp-att-244601 noopener\" target=\"_blank\"><img decoding=\"async\" class=\"size-full wp-image-244601 aligncenter\" src=\"http:\/\/maybommini.com\/wp-content\/uploads\/2016\/01\/rua-xe-mini-12v-ap-luc-cao.jpg\" alt=\"rua xe mini 12v ap luc cao\" width=\"750\" height=\"668\" srcset=\"https:\/\/maybommini.vn\/wp-content\/uploads\/2016\/01\/rua-xe-mini-12v-ap-luc-cao.jpg 750w, https:\/\/maybommini.vn\/wp-content\/uploads\/2016\/01\/rua-xe-mini-12v-ap-luc-cao-600x534.jpg 600w, https:\/\/maybommini.vn\/wp-content\/uploads\/2016\/01\/rua-xe-mini-12v-ap-luc-cao-300x267.jpg 300w\" sizes=\"(max-width: 750px) 100vw, 750px\" \/><\/a><\/p>\n<h3 style=\"text-align: center;\"><em><strong>M\u00e1y b\u01a1m \u00e1p l\u1ef1c 12V 220W 20L Smartpumps Auto On-off<br \/>\n<a href=\"https:\/\/maybommini.com\/san-pham\/may-bom-ap-luc-24v-220w-20l-smartpumps-auto-on-off\" target=\"_blank\" rel=\"noopener\">M\u00e1y B\u01a1m \u00c1p L\u1ef1c 24V 220W 20L Smartpumps Auto On-Off<\/a><br \/>\n<\/strong><\/em><\/h3>\n","protected":false},"excerpt":{"rendered":"<p>Th\u01b0\u01a1ng hi\u1ec7u: SMARTPUMPS<br \/>\nModel: DP-220<br \/>\n\u0110i\u1ec7n\u00a0\u00e1p : 12V DC.<br \/>\nC\u00f4ng xu\u1ea5t : 220 W<br \/>\n\u00c1p l\u1ef1c : 18kg (1.8 Mpa).<br \/>\nL\u01b0u l\u01b0\u1ee3ng : 20 L\/ph\u00fat.<br \/>\nB\u01a1m t\u1ef1 h\u00fat s\u00e2u: 3 m\u00e9t.<br \/>\nB\u01a1m \u0111\u1ea9y cao tr\u00ean: 10 m\u00e9t.<br \/>\nT\u1ef1\u00a0\u0111\u1ed9ng ng\u1eaft \u0111i\u1ec7n\u00a0khi kho\u00e1 n\u01b0\u1edbc ra.<br \/>\nQu\u1ea1t t\u1ea3n nhi\u1ec7t m\u00e1y b\u01a1m.<br \/>\nMotor l\u00f5i \u0111\u1ed3ng 100%.<br \/>\nMotor ch\u1ed5i than cao c\u1ea5p.<br \/>\nM\u00e1y b\u01a1m m\u00e0ng cao c\u1ea5p.<br \/>\nCh\u1ea5t li\u1ec7u: \u0110\u1ed3ng &#8211; Th\u00e9p &#8211; Nh\u1ef1a.<br \/>\nK\u00edch th\u01b0\u1edbc: 250 x 130 x 150 mm.<br \/>\nTr\u1ecdng l\u01b0\u1ee3ng: 3.2 Kg.<br \/>\nB\u1ea3o h\u00e0nh: 6 th\u00e1ng.<br \/>\n<strong>Ph\u00e2n ph\u1ed1i:\u00a0<a href=\"https:\/\/maybomminimbm.vn\/\">M\u00e1y B\u01a1m Mini MBM<\/a><br \/>\nH\u00f4\u0309 tr\u01a1\u0323 ky\u0303 thu\u00e2\u0323t vi\u0303nh vi\u00ea\u0303n.<\/strong><br \/>\n<strong>T\u01af V\u1ea4N K\u1ef8 THU\u1eacT \u2013 MUA H\u00c0NG<br \/>\n0908997823 \u2013 0908997872<br \/>\n0907294310 \u2013 02873030399<\/strong><\/p>\n","protected":false},"featured_media":262308,"comment_status":"open","ping_status":"closed","template":"","meta":[],"product_brand":[44],"product_cat":[197,225],"product_tag":[2882,2883,2884,880,244,235,358,207,359,204,360,304,362,363,420],"class_list":{"0":"post-255698","1":"product","2":"type-product","3":"status-publish","4":"has-post-thumbnail","6":"product_brand-smartpumps","7":"product_cat-may-bom-ap-luc-12v","8":"product_cat-may-bom-nuoc-mini-12v","9":"product_tag-12v-220w","10":"product_tag-20l","11":"product_tag-220w","12":"product_tag-220w-12v","13":"product_tag-bom-nuoc-12v","14":"product_tag-bom-nuoc-mini","15":"product_tag-may-bom-12v-220w","16":"product_tag-may-bom-ap-luc","17":"product_tag-may-bom-ap-luc-12v","18":"product_tag-may-bom-mini-12v","19":"product_tag-may-bom-ve-sinh-may-lanh","20":"product_tag-may-rua-xe-mini","21":"product_tag-may-rua-xe-oto","22":"product_tag-phun-thuoc-tru-sau","23":"product_tag-smartpumps","25":"first","26":"instock","27":"sale","28":"shipping-taxable","29":"purchasable","30":"product-type-simple"},"_links":{"self":[{"href":"https:\/\/maybommini.vn\/index.php?rest_route=\/wp\/v2\/product\/255698","targetHints":{"allow":["GET"]}}],"collection":[{"href":"https:\/\/maybommini.vn\/index.php?rest_route=\/wp\/v2\/product"}],"about":[{"href":"https:\/\/maybommini.vn\/index.php?rest_route=\/wp\/v2\/types\/product"}],"replies":[{"embeddable":true,"href":"https:\/\/maybommini.vn\/index.php?rest_route=%2Fwp%2Fv2%2Fcomments&post=255698"}],"wp:featuredmedia":[{"embeddable":true,"href":"https:\/\/maybommini.vn\/index.php?rest_route=\/wp\/v2\/media\/262308"}],"wp:attachment":[{"href":"https:\/\/maybommini.vn\/index.php?rest_route=%2Fwp%2Fv2%2Fmedia&parent=255698"}],"wp:term":[{"taxonomy":"product_brand","embeddable":true,"href":"https:\/\/maybommini.vn\/index.php?rest_route=%2Fwp%2Fv2%2Fproduct_brand&post=255698"},{"taxonomy":"product_cat","embeddable":true,"href":"https:\/\/maybommini.vn\/index.php?rest_route=%2Fwp%2Fv2%2Fproduct_cat&post=255698"},{"taxonomy":"product_tag","embeddable":true,"href":"https:\/\/maybommini.vn\/index.php?rest_route=%2Fwp%2Fv2%2Fproduct_tag&post=255698"}],"curies":[{"name":"wp","href":"https:\/\/api.w.org\/{rel}","templated":true}]}}