{"id":255722,"date":"2018-04-12T19:24:34","date_gmt":"2018-04-12T12:24:34","guid":{"rendered":"https:\/\/maybommini.com\/san-pham\/import-placeholder-for-251972"},"modified":"2020-02-21T16:14:24","modified_gmt":"2020-02-21T09:14:24","slug":"bom-nuoc-mini-ap-luc-fl-100-12v-12l","status":"publish","type":"product","link":"https:\/\/maybommini.vn\/?product=bom-nuoc-mini-ap-luc-fl-100-12v-12l","title":{"rendered":"B\u01a1m N\u01b0\u1edbc Mini \u00c1p L\u1ef1c FL-100 12V 12L"},"content":{"rendered":"<p><strong><a href=\"https:\/\/maybommini.com\/danh-muc\/may-bom-ap-luc-mini\" target=\"_blank\" rel=\"noopener\">M\u00e1y b\u01a1m n\u01b0\u1edbc mini \u00e1p l\u1ef1c<\/a> FL-100 12V 12L l\u00e0 d\u00f2ng m\u00e1y b\u01a1m\u00a0\u00e1p l\u1ef1c cao c\u1ea5p chuy\u00ean d\u1ee5ng v\u1edbi\u00a0\u00e1p l\u1ef1c cao v\u00e0 l\u01b0u l\u01b0\u1ee3ng l\u1edbn, r\u1ea5t th\u00edch h\u1ee3p s\u1eed d\u1ee5ng trong c\u00e1c h\u1ec7 th\u1ed1ng m\u00e1y c\u00f4ng nhi\u1ec7p, v\u1ec7 sinh xe, v\u1ec7 sinh m\u00e1y l\u1ea1nh, phun thu\u1ed1c, h\u1ec7 th\u1ed1ng t\u01b0\u1edbi thu\u1ef7 canh, phun s\u01b0\u01a1ng&#8230;.\u00a0\u0110\u00e2y l\u00e0 d\u00f2ng m\u00e1y b\u01a1m cao c\u1ea5p c\u1ee7a h\u00e3ng m\u00e1y b\u01a1m n\u1ed7i ti\u1ebfng\u00a0SURGEFLO\u00a0\u0111\u01b0\u1ee3c ph\u00e2n ph\u1ed1i\u00a0\u0111\u1ed9c quy\u1ec1n b\u1edfi <a href=\"https:\/\/maybommini.com\/\" target=\"_blank\" rel=\"noopener\">MBM &#8211; MAYBOMMINI.COM<\/a>.<\/strong><a href=\"http:\/\/maybommini.com\/wp-content\/uploads\/2016\/01\/may-bom-mini-12v-24v-rua-xe-ap-luc.jpg\" rel=\"attachment wp-att-244615 noopener\" target=\"_blank\"><img decoding=\"async\" class=\"size-full wp-image-244615 aligncenter\" src=\"http:\/\/maybommini.com\/wp-content\/uploads\/2016\/01\/may-bom-mini-12v-24v-rua-xe-ap-luc.jpg\" alt=\"may bom mini 12v 24v rua xe\" width=\"738\" height=\"956\" srcset=\"https:\/\/maybommini.vn\/wp-content\/uploads\/2016\/01\/may-bom-mini-12v-24v-rua-xe-ap-luc.jpg 738w, https:\/\/maybommini.vn\/wp-content\/uploads\/2016\/01\/may-bom-mini-12v-24v-rua-xe-ap-luc-600x777.jpg 600w, https:\/\/maybommini.vn\/wp-content\/uploads\/2016\/01\/may-bom-mini-12v-24v-rua-xe-ap-luc-232x300.jpg 232w\" sizes=\"(max-width: 738px) 100vw, 738px\" \/><\/a><\/p>\n<p><strong>TH\u00d4NG S\u1ed0 K\u1ef8 THU\u1eacT<br \/>\n<\/strong>Th\u01b0\u01a1ng hi\u1ec7u:\u00a0SURGEFLO<br \/>\nModel: FL-100<br \/>\n\u0110i\u1ec7n\u00a0\u00e1p: 12V DC<br \/>\nC\u00f4ng xu\u1ea5t: 15A &#8211; 180W<br \/>\nL\u01b0u l\u01b0\u1ee3ng: 12 L\/ph\u00fat<br \/>\n\u00c1p l\u1ef1c: 7 Bar &#8211; 100 psi.<br \/>\n\u0110\u1ea9y cao tr\u00ean 40 met.<br \/>\nT\u1ef1 m\u1ed3i h\u00fat n\u01b0\u1edbc.<br \/>\nC\u00f4ng t\u1eaft\u00a0\u00e1p l\u1ef1c ng\u1eaft\u00a0\u0111i\u1ec7n khi kho\u00e1 n\u01b0\u1edbc ra.<br \/>\nCh\u1ea5t li\u1ec7u: \u0110\u1ed3ng &#8211; Gang &#8211; Nh\u1ef1a ABS.<br \/>\nMotor l\u00f5i \u0111\u1ed3ng cao c\u1ea5p.<br \/>\n\u0110\u1ea7u b\u01a1m \u00e1p l\u1ef1c c\u00f4ng ngh\u1ec7 m\u1edbi.<br \/>\nK\u00edch th\u01b0\u1edbc: 25 x 11 x 8.5 cm.<br \/>\nTr\u1ecdng l\u01b0\u1ee3ng: 1.94 kg<\/p>\n<p><a href=\"http:\/\/maybommini.com\/wp-content\/uploads\/2016\/01\/may-bom-mini-12v-24v-rua-xe-ap-luc.jpg\" rel=\"attachment wp-att-244615 noopener\" target=\"_blank\"><img decoding=\"async\" class=\"size-full wp-image-244615 aligncenter\" src=\"http:\/\/maybommini.com\/wp-content\/uploads\/2016\/01\/may-bom-mini-12v-24v-rua-xe-ap-luc.jpg\" alt=\"may bom mini 12v 24v rua xe\" width=\"738\" height=\"956\" srcset=\"https:\/\/maybommini.vn\/wp-content\/uploads\/2016\/01\/may-bom-mini-12v-24v-rua-xe-ap-luc.jpg 738w, https:\/\/maybommini.vn\/wp-content\/uploads\/2016\/01\/may-bom-mini-12v-24v-rua-xe-ap-luc-600x777.jpg 600w, https:\/\/maybommini.vn\/wp-content\/uploads\/2016\/01\/may-bom-mini-12v-24v-rua-xe-ap-luc-232x300.jpg 232w\" sizes=\"(max-width: 738px) 100vw, 738px\" \/><\/a><\/p>\n<h3><strong>\u1ee8NG D\u1ee4NG C\u1ee6A B\u01a0M N\u01af\u1edaC MINI\u00a0SURGEFLO\u00a0FL-100 12V 12L<\/strong><\/h3>\n<p>B\u1ea1n c\u00f3 th\u1ec3 d\u00f9ng m\u00e1y b\u01a1m n\u00e0y \u0111\u1ec3 r\u1eeda xe, r\u1eeda m\u00e1y l\u1ea1nh, t\u01b0\u1edbi v\u01b0\u1eddn, l\u00e0m h\u1ec7 th\u1ed1ng phun s\u01b0\u01a1ng &#8230;.<br \/>\nM\u00e1y \u0111\u01b0\u1ee3c s\u1eed d\u1ee5ng trong m\u00e1y c\u00f4ng nghi\u1ec7p, n\u00f4ng nghi\u1ec7p, y t\u1ebf, t\u00e0u thu\u1ef7, b\u01a1m ho\u00e1 ch\u1ea5t&#8230;.<\/p>\n<p>\u0110\u1eb7c bi\u1ec7t m\u00e1y c\u00f3 kh\u1ea3 n\u0103ng b\u01a1m c\u00e1c lo\u1ea1i ho\u00e1 ch\u1ea5t.<\/p>\n<p>1) Vi\u1ec7c s\u1ea3n xu\u1ea5t phun \u0111i\u1ec7n s\u1eed d\u1ee5ng n\u00f4ng nghi\u1ec7p, c\u00f3 th\u1ec3 thay b\u1eb1ng c\u1ea7n phun thu\u1ed1c tr\u1ef1c ti\u1ebfp, \u0111\u1ea7u phun s\u01b0\u01a1ng \u0111\u1ec3 phun cho c\u00e2y c\u1ea3nh\u2026<br \/>\n2) \u0110\u1ec3 gi\u1ea3i quy\u1ebft v\u1ea5n \u0111\u1ec1 l\u00e0m v\u1ec7 sinh tr\u00ean xe, t\u00e0u, du thuy\u1ec1n, t\u00e0u thuy\u1ec1n\u2026 s\u1eed d\u1ee5ng r\u1eeda l\u01b0\u1edbi l\u1ecdc, ph\u00f2ng t\u1eafm, nh\u00e0 v\u1ec7 sinh, r\u1eeda m\u00e1y l\u1ea1nh, r\u1eeda xe \u00f4 t\u00f4, r\u1eeda xe m\u00e1y\u2026<br \/>\n3) Th\u1ef1c ph\u1ea9m v\u00e0 \u0111\u1ed3 u\u1ed1ng ch\u1ebf bi\u1ebfn v\u00e0 thi\u1ebft b\u1ecb x\u1eed l\u00fd, di chuy\u1ec3n c\u00e1c s\u1ea3n ph\u1ea9m th\u1ee9c \u0103n l\u1ecfng, ph\u00e2n ph\u1ed1i v\u00e0 \u0111\u00f3ng chai s\u1ea3n ph\u1ea9m\u2026.<br \/>\n4) Thu, c\u1ea5p n\u01b0\u1edbc sinh ho\u1ea1t, h\u1ec7 th\u1ed1ng \u0111i\u1ec1u \u00e1p h\u1ec7 th\u1ed1ng \u1ed1ng n\u01b0\u1edbc v\u00ec \u00e1p l\u1ef1c n\u01b0\u1edbc t\u1ea1i nh\u00e0 qu\u00e1 y\u1ebfu, b\u1ed3n n\u01b0\u1edbc qu\u00e1 th\u1ea5p (hay kh\u00f4ng c\u00f3 b\u1ed3n ch\u1ee9a n\u01b0\u1edbc), s\u1eed d\u1ee5ng t\u1ea1i m\u00e1y gi\u1eb7t, v\u00f2i sen t\u1eafm\u2026<br \/>\n5) C\u00e1c ng\u00e0nh c\u00f4ng nghi\u1ec7p n\u0103ng l\u01b0\u1ee3ng m\u1eb7t tr\u1eddi, \u0111\u00e2y l\u00e0 th\u1ebf m\u1ea1nh kh\u00f4ng c\u00f3 s\u1ea3n ph\u1ea9m thi\u1ebft b\u1ecb n\u00e0o c\u00f3 th\u1ec3 thay th\u1ebf \u0111\u01b0\u1ee3c\u2026 v\u00ec s\u1eed d\u1ee5ng d\u00f2ng \u0111i\u1ec7n DC, \u0111i\u1ec7n 1 chi\u1ec1u.<br \/>\n6) Ng\u00e0nh c\u00f4ng nghi\u1ec7p l\u1ecdc n\u01b0\u1edbc. V\u00ed d\u1ee5: Thi\u1ebft b\u1ecb l\u1ecdc, thi\u1ebft b\u1ecb x\u1eed l\u00fd n\u01b0\u1edbc, m\u00e1y n\u01b0\u1edbc u\u1ed1ng. Chuy\u1ec3n ch\u1ea5t l\u1ecfng c\u1ea7n thi\u1ebft kh\u00e1c, phun.<br \/>\n7) S\u1eed d\u1ee5ng cho c\u00e1c c\u00f4ng vi\u1ec7c th\u01b0\u1eddng ng\u00e0y hay c\u00f4ng vi\u1ec7c quy m\u00f4 l\u1edbn nh\u01b0: V\u1ec7 sinh xe t\u1ea3i ch\u1edf r\u00e1c, xe t\u01b0\u1edbi n\u01b0\u1edbc c\u00e2y, thi\u1ebft b\u1ecb l\u00e0m s\u1ea1ch th\u1ea3m, thi\u1ebft b\u1ecb l\u00e0m s\u1ea1ch s\u00e0n nh\u00e0, thi\u1ebft b\u1ecb r\u1eeda xe, thi\u1ebft b\u1ecb x\u00e2y d\u1ef1ng \u0111\u01b0\u1eddng b\u1ed9, m\u00e1y r\u1eeda b\u00e1t, thi\u1ebft b\u1ecb y t\u1ebf, thi\u1ebft b\u1ecb h\u00f3a ch\u1ea5t, \u1ee9ng d\u1ee5ng phun h\u00f3a ch\u1ea5t t\u1ea1i ph\u00f2ng th\u00ed nghi\u1ec7m, m\u00e1y u\u1ed1ng n\u01b0\u1edbc ng\u1ecdt, m\u00e1y r\u1eeda b\u00e1t, thi\u1ebft b\u1ecb kh\u1eed tr\u00f9ng, t\u01b0\u1edbi c\u00e2y c\u1ea3nh n\u0103ng l\u01b0\u1ee3ng m\u1eb7t tr\u1eddi, t\u01b0\u1edbi c\u00e2y tr\u1ed3ng c\u1ea7n m\u00f4i tr\u01b0\u1eddng c\u00f3 \u0111\u1ed9 \u1ea9m cao, r\u1eeda xe\u2026.<\/p>\n<h3><strong>MUA M\u00c1Y B\u01a0M N\u01af\u1edaC MINI SURGEFLO\u00a0FL-100 12V 12L ?<\/strong><\/h3>\n<p>M\u1ecdi chi ti\u1ebft vui l\u00f2ng li\u00ean h\u1ec7 tr\u1ef1c ti\u1ebfp cho ch\u00fang t\u00f4i \u0111\u1ec3 \u0111\u01b0\u1ee3c t\u01b0 v\u1ea5n theo nhu c\u1ea7u \u0111\u1ec3 c\u00f3 \u0111\u01b0\u1ee3c b\u1ed9 s\u1ea3n ph\u1ea9m t\u1ed1t nh\u1ea5t v\u00e0 ti\u1ebft ki\u1ec7m.\u00a0B\u1ea1n \u1edf xa v\u1eabn c\u00f3 th\u1ec3 mua h\u00e0ng v\u00e0 giao h\u00e0ng thanh to\u00e1n ti\u1ec1n t\u1ea1i nh\u00e0.<\/p>\n<p><a href=\"http:\/\/maybommini.com\/wp-content\/uploads\/2016\/01\/may-bom-mini-fl100-12v-12l.jpg\" rel=\"attachment wp-att-244612 noopener\" target=\"_blank\"><img decoding=\"async\" class=\"size-full wp-image-244612 aligncenter\" src=\"http:\/\/maybommini.com\/wp-content\/uploads\/2016\/01\/may-bom-mini-fl100-12v-12l.jpg\" alt=\"may bom mini fl-100 12v 12l\" width=\"550\" height=\"550\" srcset=\"https:\/\/maybommini.vn\/wp-content\/uploads\/2016\/01\/may-bom-mini-fl100-12v-12l.jpg 550w, https:\/\/maybommini.vn\/wp-content\/uploads\/2016\/01\/may-bom-mini-fl100-12v-12l-300x300.jpg 300w, https:\/\/maybommini.vn\/wp-content\/uploads\/2016\/01\/may-bom-mini-fl100-12v-12l-150x150.jpg 150w\" sizes=\"(max-width: 550px) 100vw, 550px\" \/><\/a><\/p>\n<p><strong>CTY TNHH TH\u01af\u01a0NG M\u1ea0I D\u1ecaCH V\u1ee4 \u0110I\u1ec6N M\u00c1Y TH\u00d4NG MINH<\/strong><br \/>\n18Bis\/22\/3 Nguy\u1ec5n Th\u1ecb Minh Khai, Ph\u01b0\u1eddng \u0110akao, Qu\u1eadn 1 , H\u1ed3 Ch\u00ed Minh.<br \/>\nHotline: 02873030399 &#8211;\u00a0 090 729 4310<br \/>\nEmail : maybommini.com@gmail.com<br \/>\nWebsite : http:\/\/maybommini.com<br \/>\nFacebook : https:\/\/www.facebook.com\/maybommini<br \/>\nGoogle : https:\/\/plus.google.com\/ Maybomnuocminiruaxe<br \/>\nYoutube demo : https:\/\/www.youtube.com\/bahamasali<\/p>\n","protected":false},"excerpt":{"rendered":"<p>Th\u01b0\u01a1ng hi\u1ec7u:\u00a0SURGEFLO<br \/>\nModel: FL-100<br \/>\n\u0110i\u1ec7n\u00a0\u00e1p: 12V DC<br \/>\nC\u00f4ng xu\u1ea5t: 15A &#8211; 180W<br \/>\nL\u01b0u l\u01b0\u1ee3ng: 12 L\/ph\u00fat<br \/>\n\u00c1p l\u1ef1c: 7 Bar &#8211; 100 psi.<br \/>\n\u0110\u1ea9y cao tr\u00ean 40 met.<br \/>\nT\u1ef1 m\u1ed3i h\u00fat n\u01b0\u1edbc.<br \/>\nC\u00f4ng t\u1eaft\u00a0\u00e1p l\u1ef1c ng\u1eaft\u00a0\u0111i\u1ec7n khi kho\u00e1 n\u01b0\u1edbc ra.<br \/>\nCh\u1ea5t li\u1ec7u: \u0110\u1ed3ng &#8211; Gang &#8211; Nh\u1ef1a ABS.<br \/>\nMotor l\u00f5i \u0111\u1ed3ng cao c\u1ea5p.<br \/>\n\u0110\u1ea7u b\u01a1m \u00e1p l\u1ef1c c\u00f4ng ngh\u1ec7 m\u1edbi.<br \/>\nK\u00edch th\u01b0\u1edbc: 25 x 11 x 8.5 cm.<br \/>\nTr\u1ecdng l\u01b0\u1ee3ng: 1.94 kg<br \/>\nB\u1ea3o h\u00e0nh : 6 th\u00e1ng<br \/>\n<strong>Ph\u00e2n ph\u1ed1i: Maybommini.com<\/strong><br \/>\n<strong>T\u01af V\u1ea4N K\u1ef8 THU\u1eacT \u2013 MUA H\u00c0NG<br \/>\n0908997823 \u2013 0908997872<br \/>\n0907294310 \u2013 02873030399<\/strong><\/p>\n","protected":false},"featured_media":255831,"comment_status":"open","ping_status":"closed","template":"","meta":[],"product_brand":[86],"product_cat":[197,196,224,225],"product_tag":[371,372,373,235,374,207,375,376,377,210,378,379,380],"class_list":{"0":"post-255722","1":"product","2":"type-product","3":"status-publish","4":"has-post-thumbnail","6":"product_brand-surgeflo","7":"product_cat-may-bom-ap-luc-12v","8":"product_cat-may-bom-ap-luc-mini","9":"product_cat-may-bom-nuoc","10":"product_cat-may-bom-nuoc-mini-12v","11":"product_tag-12v-12l","12":"product_tag-ap-luc-cao","13":"product_tag-binh-xit","14":"product_tag-bom-nuoc-mini","15":"product_tag-fl-100","16":"product_tag-may-bom-ap-luc","17":"product_tag-may-bom-nuoc","18":"product_tag-may-bom-tang-ap","19":"product_tag-mbm","20":"product_tag-rua-xe","21":"product_tag-rv","22":"product_tag-surgeflo","23":"product_tag-surgeflo-fl-100","25":"first","26":"instock","27":"sale","28":"shipping-taxable","29":"purchasable","30":"product-type-simple"},"_links":{"self":[{"href":"https:\/\/maybommini.vn\/index.php?rest_route=\/wp\/v2\/product\/255722","targetHints":{"allow":["GET"]}}],"collection":[{"href":"https:\/\/maybommini.vn\/index.php?rest_route=\/wp\/v2\/product"}],"about":[{"href":"https:\/\/maybommini.vn\/index.php?rest_route=\/wp\/v2\/types\/product"}],"replies":[{"embeddable":true,"href":"https:\/\/maybommini.vn\/index.php?rest_route=%2Fwp%2Fv2%2Fcomments&post=255722"}],"wp:featuredmedia":[{"embeddable":true,"href":"https:\/\/maybommini.vn\/index.php?rest_route=\/wp\/v2\/media\/255831"}],"wp:attachment":[{"href":"https:\/\/maybommini.vn\/index.php?rest_route=%2Fwp%2Fv2%2Fmedia&parent=255722"}],"wp:term":[{"taxonomy":"product_brand","embeddable":true,"href":"https:\/\/maybommini.vn\/index.php?rest_route=%2Fwp%2Fv2%2Fproduct_brand&post=255722"},{"taxonomy":"product_cat","embeddable":true,"href":"https:\/\/maybommini.vn\/index.php?rest_route=%2Fwp%2Fv2%2Fproduct_cat&post=255722"},{"taxonomy":"product_tag","embeddable":true,"href":"https:\/\/maybommini.vn\/index.php?rest_route=%2Fwp%2Fv2%2Fproduct_tag&post=255722"}],"curies":[{"name":"wp","href":"https:\/\/api.w.org\/{rel}","templated":true}]}}