{"id":255723,"date":"2018-04-12T19:24:34","date_gmt":"2018-04-12T12:24:34","guid":{"rendered":"https:\/\/maybommini.com\/san-pham\/import-placeholder-for-251973"},"modified":"2018-08-03T10:18:21","modified_gmt":"2018-08-03T03:18:21","slug":"may-bom-chim-do-12v-30l","status":"publish","type":"product","link":"https:\/\/maybommini.vn\/?product=may-bom-chim-do-12v-30l","title":{"rendered":"M\u00e1y b\u01a1m ch\u00ecm DO 12V 30L"},"content":{"rendered":"<h3><strong>M\u00e1y b\u01a1m ch\u00ecm 12V DO 30L l\u00e0 lo\u1ea1i m\u00e1y b\u01a1m ch\u00ecm chuy\u00ean d\u1ee5ng\u00a0\u0111\u1ec3 b\u01a1m n\u01b0\u1edbc, b\u01a1m D\u1ea7u Diesel, b\u01a1m nh\u1edbt. M\u00e1y b\u01a1m ch\u00ecm DO 12V 30L do maybommini.com ph\u00e2n ph\u1ed1i\u00a0\u0111\u1ed9c quy\u1ec1n to\u00e0n qu\u1ed1c.<\/strong><\/h3>\n<div id=\"attachment_244627\" style=\"width: 847px\" class=\"wp-caption aligncenter\"><a href=\"http:\/\/maybommini.com\/wp-content\/uploads\/2016\/01\/may-bom-chim-12v.jpg\" rel=\"attachment wp-att-244627 noopener\" target=\"_blank\"><img decoding=\"async\" aria-describedby=\"caption-attachment-244627\" class=\"size-full wp-image-244627\" src=\"http:\/\/maybommini.com\/wp-content\/uploads\/2016\/01\/may-bom-chim-12v.jpg\" alt=\"M\u00e1y b\u01a1m ch\u00ecm 12V\" width=\"837\" height=\"820\" srcset=\"https:\/\/maybommini.vn\/wp-content\/uploads\/2016\/01\/may-bom-chim-12v.jpg 837w, https:\/\/maybommini.vn\/wp-content\/uploads\/2016\/01\/may-bom-chim-12v-600x588.jpg 600w, https:\/\/maybommini.vn\/wp-content\/uploads\/2016\/01\/may-bom-chim-12v-300x294.jpg 300w, https:\/\/maybommini.vn\/wp-content\/uploads\/2016\/01\/may-bom-chim-12v-768x752.jpg 768w\" sizes=\"(max-width: 837px) 100vw, 837px\" \/><\/a><p id=\"caption-attachment-244627\" class=\"wp-caption-text\">M\u00e1y b\u01a1m ch\u00ecm 12V<\/p><\/div>\n<h3><strong>TH\u00d4NG S\u1ed0 K\u1ef8 THU\u1eacT M\u00c1Y B\u01a0M CH\u00ccM 12V 30L<\/strong><\/h3>\n<p>\u0110i\u1ec7n \u00e1p: 12V DC<br \/>\nC\u00f4ng su\u1ea5t: 60W<br \/>\nL\u01b0u l\u01b0\u1ee3ng: 30L \/ ph\u00fat<br \/>\nB\u01a1m cao: 3m<br \/>\n\u0110\u01b0\u1eddng k\u00ednh \u1ed1ng ra: 1\/2 inch (1,27 centim\u00e9t)<br \/>\n\u0110\u01b0\u1eddng k\u00ednh ngo\u00e0i t\u1eeb: 51 mm<br \/>\nT\u1ed1c \u0111\u1ed9: 8500r \/ min.<\/p>\n<p><a href=\"http:\/\/maybommini.com\/wp-content\/uploads\/2016\/01\/may-bom-nhien-lieu-12v.jpg\" rel=\"attachment wp-att-244629 noopener\" target=\"_blank\"><img decoding=\"async\" class=\"size-full wp-image-244629 aligncenter\" src=\"http:\/\/maybommini.com\/wp-content\/uploads\/2016\/01\/may-bom-nhien-lieu-12v.jpg\" alt=\"may bom nhien lieu\" width=\"750\" height=\"750\" srcset=\"https:\/\/maybommini.vn\/wp-content\/uploads\/2016\/01\/may-bom-nhien-lieu-12v.jpg 750w, https:\/\/maybommini.vn\/wp-content\/uploads\/2016\/01\/may-bom-nhien-lieu-12v-300x300.jpg 300w, https:\/\/maybommini.vn\/wp-content\/uploads\/2016\/01\/may-bom-nhien-lieu-12v-600x600.jpg 600w, https:\/\/maybommini.vn\/wp-content\/uploads\/2016\/01\/may-bom-nhien-lieu-12v-150x150.jpg 150w\" sizes=\"(max-width: 750px) 100vw, 750px\" \/><\/a><\/p>\n<h3><strong>\u1ee8NG D\u1ee4NG M\u00c1Y B\u01a0M CH\u00ccM DO 12V 30L<\/strong><\/h3>\n<p>M\u00e1y b\u01a1m Diesel b\u01a1m ho\u1ea1t \u0111\u1ed9ng DC 12\u00a0v Motor<br \/>\nKh\u00f4ng b\u01a1m x\u0103ng d\u1ea7u, r\u01b0\u1ee3u v\u00e0 c\u00e1c ch\u1ea5t l\u1ecfng d\u1ec5 ch\u00e1y kh\u00e1c.<br \/>\nC\u00e1c m\u00e1y b\u01a1m \u0111\u01b0\u1ee3c s\u1eed d\u1ee5ng ch\u1ee7 y\u1ebfu cho \u0111\u1ed9ng c\u01a1 diesel. T\u1ed1c \u0111\u1ed9 d\u00f2ng ch\u1ea3y: 30 l \/ min<br \/>\nD\u00f9ng b\u00ecnh\u00a0\u00e1c qui 12V ho\u1eb7c Adapter 12V 5A.<\/p>\n<p><a href=\"http:\/\/maybommini.com\/wp-content\/uploads\/2016\/01\/ung-may-bom-chim-12v.jpg\" rel=\"attachment wp-att-244633 noopener\" target=\"_blank\"><img decoding=\"async\" class=\"size-full wp-image-244633 aligncenter\" src=\"http:\/\/maybommini.com\/wp-content\/uploads\/2016\/01\/ung-may-bom-chim-12v.jpg\" alt=\"ung dung may bom chim 12v\" width=\"750\" height=\"851\" srcset=\"https:\/\/maybommini.vn\/wp-content\/uploads\/2016\/01\/ung-may-bom-chim-12v.jpg 750w, https:\/\/maybommini.vn\/wp-content\/uploads\/2016\/01\/ung-may-bom-chim-12v-600x681.jpg 600w, https:\/\/maybommini.vn\/wp-content\/uploads\/2016\/01\/ung-may-bom-chim-12v-264x300.jpg 264w\" sizes=\"(max-width: 750px) 100vw, 750px\" \/><\/a><\/p>\n<p><a href=\"http:\/\/maybommini.com\/wp-content\/uploads\/2016\/01\/may-bom-dau-nhot-12v.jpg\" rel=\"attachment wp-att-244631 noopener\" target=\"_blank\"><img decoding=\"async\" class=\"size-full wp-image-244631 aligncenter\" src=\"http:\/\/maybommini.com\/wp-content\/uploads\/2016\/01\/may-bom-dau-nhot-12v.jpg\" alt=\"bom dau nhot 12v\" width=\"750\" height=\"433\" srcset=\"https:\/\/maybommini.vn\/wp-content\/uploads\/2016\/01\/may-bom-dau-nhot-12v.jpg 750w, https:\/\/maybommini.vn\/wp-content\/uploads\/2016\/01\/may-bom-dau-nhot-12v-600x346.jpg 600w, https:\/\/maybommini.vn\/wp-content\/uploads\/2016\/01\/may-bom-dau-nhot-12v-300x173.jpg 300w\" sizes=\"(max-width: 750px) 100vw, 750px\" \/><\/a><\/p>\n<p><a href=\"http:\/\/maybommini.com\/wp-content\/uploads\/2016\/01\/may-bom-chim-12v-30l.jpg\" rel=\"attachment wp-att-244630 noopener\" target=\"_blank\"><img decoding=\"async\" class=\"size-full wp-image-244630 aligncenter\" src=\"http:\/\/maybommini.com\/wp-content\/uploads\/2016\/01\/may-bom-chim-12v-30l.jpg\" alt=\"May bom chim 12V 30L\" width=\"800\" height=\"800\" srcset=\"https:\/\/maybommini.vn\/wp-content\/uploads\/2016\/01\/may-bom-chim-12v-30l.jpg 800w, https:\/\/maybommini.vn\/wp-content\/uploads\/2016\/01\/may-bom-chim-12v-30l-300x300.jpg 300w, https:\/\/maybommini.vn\/wp-content\/uploads\/2016\/01\/may-bom-chim-12v-30l-600x600.jpg 600w, https:\/\/maybommini.vn\/wp-content\/uploads\/2016\/01\/may-bom-chim-12v-30l-150x150.jpg 150w, https:\/\/maybommini.vn\/wp-content\/uploads\/2016\/01\/may-bom-chim-12v-30l-768x768.jpg 768w\" sizes=\"(max-width: 800px) 100vw, 800px\" \/><\/a><\/p>\n<h3><strong>MUA M\u00c1Y B\u01a0M N\u01af\u1edaC MINI\u00a0<\/strong><strong>CH\u00ccM DO 12V 30L\u00a0<\/strong><strong>\u1ede \u0110\u00c2U ?<\/strong><\/h3>\n<p>M\u1ecdi chi ti\u1ebft vui l\u00f2ng li\u00ean h\u1ec7 tr\u1ef1c ti\u1ebfp cho ch\u00fang t\u00f4i \u0111\u1ec3 \u0111\u01b0\u1ee3c t\u01b0 v\u1ea5n theo nhu c\u1ea7u \u0111\u1ec3 c\u00f3 \u0111\u01b0\u1ee3c b\u1ed9 s\u1ea3n ph\u1ea9m t\u1ed1t nh\u1ea5t v\u00e0 ti\u1ebft ki\u1ec7m.\u00a0B\u1ea1n \u1edf xa v\u1eabn c\u00f3 th\u1ec3 mua h\u00e0ng v\u00e0 giao h\u00e0ng <a title=\"thanh to\u00e1n\" href=\"http:\/\/maybommini.com\/thanh-toan\" target=\"_blank\" rel=\"noopener\">thanh to\u00e1n<\/a> ti\u1ec1n t\u1ea1i nh\u00e0.<\/p>\n<div id=\"attachment_244626\" style=\"width: 560px\" class=\"wp-caption aligncenter\"><a href=\"http:\/\/maybommini.com\/wp-content\/uploads\/2016\/01\/may-bom-dau-nhon-12v-24v.jpg\" rel=\"attachment wp-att-244626 noopener\" target=\"_blank\"><img decoding=\"async\" aria-describedby=\"caption-attachment-244626\" class=\"size-full wp-image-244626\" src=\"http:\/\/maybommini.com\/wp-content\/uploads\/2016\/01\/may-bom-dau-nhon-12v-24v.jpg\" alt=\"m\u00e1y b\u01a1m ch\u00ecm 12v\" width=\"550\" height=\"550\" srcset=\"https:\/\/maybommini.vn\/wp-content\/uploads\/2016\/01\/may-bom-dau-nhon-12v-24v.jpg 550w, https:\/\/maybommini.vn\/wp-content\/uploads\/2016\/01\/may-bom-dau-nhon-12v-24v-300x300.jpg 300w, https:\/\/maybommini.vn\/wp-content\/uploads\/2016\/01\/may-bom-dau-nhon-12v-24v-150x150.jpg 150w\" sizes=\"(max-width: 550px) 100vw, 550px\" \/><\/a><p id=\"caption-attachment-244626\" class=\"wp-caption-text\">m\u00e1y b\u01a1m ch\u00ecm 12v<\/p><\/div>\n<p><a href=\"http:\/\/maybommini.com\/wp-content\/uploads\/2016\/01\/may-bom-dau-do-12v.jpg\" rel=\"attachment wp-att-244632 noopener\" target=\"_blank\"><img decoding=\"async\" class=\"size-full wp-image-244632 aligncenter\" src=\"http:\/\/maybommini.com\/wp-content\/uploads\/2016\/01\/may-bom-dau-do-12v.jpg\" alt=\"may bom dau do 12v\" width=\"750\" height=\"440\" srcset=\"https:\/\/maybommini.vn\/wp-content\/uploads\/2016\/01\/may-bom-dau-do-12v.jpg 750w, https:\/\/maybommini.vn\/wp-content\/uploads\/2016\/01\/may-bom-dau-do-12v-600x352.jpg 600w, https:\/\/maybommini.vn\/wp-content\/uploads\/2016\/01\/may-bom-dau-do-12v-300x176.jpg 300w\" sizes=\"(max-width: 750px) 100vw, 750px\" \/><\/a><\/p>\n<p><a href=\"http:\/\/maybommini.com\/wp-content\/uploads\/2016\/01\/bom-chim-12v.jpg\" rel=\"attachment wp-att-244634 noopener\" target=\"_blank\"><img decoding=\"async\" class=\"size-full wp-image-244634 aligncenter\" src=\"http:\/\/maybommini.com\/wp-content\/uploads\/2016\/01\/bom-chim-12v.jpg\" alt=\"bom chim 12v\" width=\"750\" height=\"666\" srcset=\"https:\/\/maybommini.vn\/wp-content\/uploads\/2016\/01\/bom-chim-12v.jpg 750w, https:\/\/maybommini.vn\/wp-content\/uploads\/2016\/01\/bom-chim-12v-600x533.jpg 600w, https:\/\/maybommini.vn\/wp-content\/uploads\/2016\/01\/bom-chim-12v-300x266.jpg 300w\" sizes=\"(max-width: 750px) 100vw, 750px\" \/><\/a><\/p>\n<p><strong>CTY TNHH TH\u01af\u01a0NG M\u1ea0I D\u1ecaCH V\u1ee4 \u0110I\u1ec6N M\u00c1Y TH\u00d4NG MINH<\/strong><br \/>\nHotline : 090 729 4310<br \/>\nEmail : maybommini.com@gmail.com<br \/>\nWebsite : http:\/\/maybommini.com<br \/>\nFacebook : <a href=\"https:\/\/www.facebook.com\/maybommini\" target=\"_blank\" rel=\"noopener\">https:\/\/www.facebook.com\/maybommini<\/a><br \/>\nGoogle : <a href=\"https:\/\/plus.google.com\/ Maybomnuocminiruaxe\" target=\"_blank\" rel=\"noopener\">https:\/\/plus.google.com\/ Maybomnuocminiruaxe<\/a><br \/>\nYoutube demo : <a href=\"https:\/\/www.youtube.com\/bahamasali\" target=\"_blank\" rel=\"noopener\">https:\/\/www.youtube.com\/bahamasali<\/a><\/p>\n","protected":false},"excerpt":{"rendered":"<p>\u0110i\u1ec7n \u00e1p: 12V DC<br \/>\nC\u00f4ng su\u1ea5t: 60W<br \/>\nL\u01b0u l\u01b0\u1ee3ng: 30L \/ ph\u00fat<br \/>\nB\u01a1m cao: 3m<br \/>\n\u0110\u01b0\u1eddng k\u00ednh \u1ed1ng ra: 1\/2 inch (1,27 centim\u00e9t)<br \/>\n\u0110\u01b0\u1eddng k\u00ednh ngo\u00e0i t\u1eeb: 51 mm<br \/>\nT\u1ed1c \u0111\u1ed9: 8500r \/ min.<br \/>\nB\u1ea3o h\u00e0nh: 6 th\u00e1ng<\/p>\n","protected":false},"featured_media":255832,"comment_status":"open","ping_status":"closed","template":"","meta":[],"product_brand":[],"product_cat":[381,382,225,383],"product_tag":[384,385,386,387,388,206,389,390],"class_list":{"0":"post-255723","1":"product","2":"type-product","3":"status-publish","4":"has-post-thumbnail","6":"product_cat-may-bom-chim","7":"product_cat-may-bom-chim-12v","8":"product_cat-may-bom-nuoc-mini-12v","9":"product_cat-may-bom-xang-dau-nhot","10":"product_tag-bom","11":"product_tag-bom-12v-dc","12":"product_tag-bom-chi","13":"product_tag-bom-dau","14":"product_tag-bom-dau-diesel","15":"product_tag-may-bom-12v","16":"product_tag-may-bom-chim","17":"product_tag-may-bom-chim-12v","19":"first","20":"instock","21":"sale","22":"shipping-taxable","23":"purchasable","24":"product-type-simple"},"_links":{"self":[{"href":"https:\/\/maybommini.vn\/index.php?rest_route=\/wp\/v2\/product\/255723","targetHints":{"allow":["GET"]}}],"collection":[{"href":"https:\/\/maybommini.vn\/index.php?rest_route=\/wp\/v2\/product"}],"about":[{"href":"https:\/\/maybommini.vn\/index.php?rest_route=\/wp\/v2\/types\/product"}],"replies":[{"embeddable":true,"href":"https:\/\/maybommini.vn\/index.php?rest_route=%2Fwp%2Fv2%2Fcomments&post=255723"}],"wp:featuredmedia":[{"embeddable":true,"href":"https:\/\/maybommini.vn\/index.php?rest_route=\/wp\/v2\/media\/255832"}],"wp:attachment":[{"href":"https:\/\/maybommini.vn\/index.php?rest_route=%2Fwp%2Fv2%2Fmedia&parent=255723"}],"wp:term":[{"taxonomy":"product_brand","embeddable":true,"href":"https:\/\/maybommini.vn\/index.php?rest_route=%2Fwp%2Fv2%2Fproduct_brand&post=255723"},{"taxonomy":"product_cat","embeddable":true,"href":"https:\/\/maybommini.vn\/index.php?rest_route=%2Fwp%2Fv2%2Fproduct_cat&post=255723"},{"taxonomy":"product_tag","embeddable":true,"href":"https:\/\/maybommini.vn\/index.php?rest_route=%2Fwp%2Fv2%2Fproduct_tag&post=255723"}],"curies":[{"name":"wp","href":"https:\/\/api.w.org\/{rel}","templated":true}]}}