{"id":255725,"date":"2018-04-12T19:24:35","date_gmt":"2018-04-12T12:24:35","guid":{"rendered":"https:\/\/maybommini.com\/san-pham\/import-placeholder-for-251975"},"modified":"2024-07-26T12:10:31","modified_gmt":"2024-07-26T05:10:31","slug":"xo-dung-nuoc-gap-gon-13l","status":"publish","type":"product","link":"https:\/\/maybommini.vn\/?product=xo-dung-nuoc-gap-gon-13l","title":{"rendered":"X\u00f4 \u0111\u1ef1ng n\u01b0\u1edbc g\u1ea5p g\u1ecdn 13L"},"content":{"rendered":"<p><em><strong>Chuy\u00ean b\u00e1n x\u00f4 \u0111\u1ef1ng n\u01b0\u1edbc g\u1ea5p g\u1ecdn 13L lo\u00e0i lo\u1ea1i x\u00f4 g\u1ea5p l\u1ea1i\u00a0\u0111\u01b0\u1ee3cr\u1ea5t ti\u1ec7n d\u1ee5ng v\u00e0 nh\u1eb9 nh\u00e0ng khi mang theo tr\u00ean xe\u00a0\u00d4t\u00f4, du l\u1ecbch, d\u00e3 ngo\u1ea1i, x\u1ecbt r\u1eeda xe, x\u00e1ch n\u01b0\u1edbc.<\/strong><\/em><\/p>\n<p><a href=\"https:\/\/maybommini.com\/wp-content\/uploads\/2018\/04\/xo-gap-gon-13l.jpg\" target=\"_blank\" rel=\"noopener\"><img decoding=\"async\" class=\"size-full wp-image-255840 aligncenter\" src=\"https:\/\/maybommini.com\/wp-content\/uploads\/2018\/04\/xo-gap-gon-13l.jpg\" alt=\"Xo Gap Gon 13l.jpg\" width=\"600\" height=\"600\" srcset=\"https:\/\/maybommini.vn\/wp-content\/uploads\/2018\/04\/xo-gap-gon-13l.jpg 600w, https:\/\/maybommini.vn\/wp-content\/uploads\/2018\/04\/xo-gap-gon-13l-300x300.jpg 300w, https:\/\/maybommini.vn\/wp-content\/uploads\/2018\/04\/xo-gap-gon-13l-150x150.jpg 150w\" sizes=\"(max-width: 600px) 100vw, 600px\" \/><\/a><\/p>\n<p><strong>TH\u00d4NG S\u1ed0 K\u1ef8 THU\u1eacT<\/strong><br \/>\nModel: XGG-13L<br \/>\nTh\u1ec3 t\u00edch: 13 l\u00edt.<br \/>\nCh\u1ea5t li\u1ec7u:\u00a0l\u00e0m b\u1eb1ng nh\u1ef1a (PP).<br \/>\nNhi\u1ec7t \u0111\u1ed9 ph\u00f9 h\u1ee3p v\u1edbi 0 \u0111\u1ed9 65 \u0111\u1ed9.<br \/>\nCh\u1ed1ng th\u1ea5m n\u01b0\u1edbc cao c\u1ea5p.<br \/>\nCh\u1ea5t li\u1ec7u si\u00eau b\u1ec1n.<br \/>\nG\u1ecdn nh\u1eb9 d\u1ec3 mang theo.<br \/>\nCh\u1ee9a n\u01b0\u1edbc v\u00e0 ch\u1ea5t l\u1ecfng.<br \/>\nTr\u1ecdng l\u01b0\u1ee3ng: 0.58 Kg.<\/p>\n<p><a href=\"https:\/\/maybommini.com\/wp-content\/uploads\/2018\/04\/Xo-gap-gon-gia-re.jpg\" target=\"_blank\" rel=\"noopener\"><img decoding=\"async\" class=\"size-full wp-image-262353 aligncenter\" src=\"https:\/\/maybommini.com\/wp-content\/uploads\/2018\/04\/Xo-gap-gon-gia-re.jpg\" alt=\"Xo Gap Gon Gia Re\" width=\"750\" height=\"750\" srcset=\"https:\/\/maybommini.vn\/wp-content\/uploads\/2018\/04\/Xo-gap-gon-gia-re.jpg 750w, https:\/\/maybommini.vn\/wp-content\/uploads\/2018\/04\/Xo-gap-gon-gia-re-300x300.jpg 300w, https:\/\/maybommini.vn\/wp-content\/uploads\/2018\/04\/Xo-gap-gon-gia-re-150x150.jpg 150w, https:\/\/maybommini.vn\/wp-content\/uploads\/2018\/04\/Xo-gap-gon-gia-re-600x600.jpg 600w\" sizes=\"(max-width: 750px) 100vw, 750px\" \/><\/a><a href=\"https:\/\/maybommini.com\/wp-content\/uploads\/2018\/04\/Xo-nuoc-picnic-da-ngoai.jpg\" target=\"_blank\" rel=\"noopener\"><img decoding=\"async\" class=\"size-full wp-image-262355 aligncenter\" src=\"https:\/\/maybommini.com\/wp-content\/uploads\/2018\/04\/Xo-nuoc-picnic-da-ngoai.jpg\" alt=\"Xo Nuoc Picnic Da Ngoai\" width=\"750\" height=\"750\" srcset=\"https:\/\/maybommini.vn\/wp-content\/uploads\/2018\/04\/Xo-nuoc-picnic-da-ngoai.jpg 750w, https:\/\/maybommini.vn\/wp-content\/uploads\/2018\/04\/Xo-nuoc-picnic-da-ngoai-300x300.jpg 300w, https:\/\/maybommini.vn\/wp-content\/uploads\/2018\/04\/Xo-nuoc-picnic-da-ngoai-150x150.jpg 150w, https:\/\/maybommini.vn\/wp-content\/uploads\/2018\/04\/Xo-nuoc-picnic-da-ngoai-600x600.jpg 600w\" sizes=\"(max-width: 750px) 100vw, 750px\" \/><\/a> <a href=\"https:\/\/maybommini.com\/wp-content\/uploads\/2018\/04\/ban-xo-dung-nuoc-gap-gon-gia-re.jpg\" target=\"_blank\" rel=\"noopener\"><img decoding=\"async\" class=\"size-full wp-image-262357 aligncenter\" src=\"https:\/\/maybommini.com\/wp-content\/uploads\/2018\/04\/ban-xo-dung-nuoc-gap-gon-gia-re.jpg\" alt=\"Ban Xo Dung Nuoc Gap Gon Gia Re\" width=\"750\" height=\"750\" srcset=\"https:\/\/maybommini.vn\/wp-content\/uploads\/2018\/04\/ban-xo-dung-nuoc-gap-gon-gia-re.jpg 750w, https:\/\/maybommini.vn\/wp-content\/uploads\/2018\/04\/ban-xo-dung-nuoc-gap-gon-gia-re-300x300.jpg 300w, https:\/\/maybommini.vn\/wp-content\/uploads\/2018\/04\/ban-xo-dung-nuoc-gap-gon-gia-re-150x150.jpg 150w, https:\/\/maybommini.vn\/wp-content\/uploads\/2018\/04\/ban-xo-dung-nuoc-gap-gon-gia-re-600x600.jpg 600w\" sizes=\"(max-width: 750px) 100vw, 750px\" \/><\/a><\/p>\n<p><strong>S\u1eec D\u1ee4NG X\u00d4 G\u1ea4P\u00a0\u0110\u1ef0NG N\u01af\u1edaC 13L<br \/>\n<\/strong>S\u1ebd r\u1ea5t ti\u1ec7n d\u1ee5ng n\u1ebfu b\u1ea1n c\u00f3 m\u1ed9t chi\u1ebfc x\u00f4 \u0111\u1ef1ng n\u01b0\u1edbc m\u00e0 l\u1ea1i c\u00f3 th\u1ec3 g\u1ea5p g\u1ecdn \u0111\u1ec3 ti\u1ec7n mang \u0111i \u0111\u00fang kh\u00f4ng? H\u01a1n n\u1eefa tr\u1ecdng l\u01b0\u1ee3ng l\u1ea1i nh\u1eb9 v\u00e0 c\u00f3 th\u1ec3 thu g\u1ecdn r\u1ea5t nhi\u1ec1u \u0111\u1ec3 ti\u1ebft ki\u1ec7m di\u1ec7n t\u00edch khi kh\u00f4ng s\u1eed d\u1ee5ng\u2026<br \/>\nTh\u00e2n x\u00f4 \u0111\u01b0\u1ee3c l\u00e0m b\u1eb1ng v\u1ea3i ch\u1ed1ng th\u1ea5m d\u00e0y v\u00e0 b\u1ec1n n\u00ean ng\u01b0\u1eddi s\u1eed d\u1ee5ng c\u00f3 th\u1ec3 \u0111\u1ed5 n\u01b0\u1edbc v\u00e0o trong x\u00f4. Ph\u1ea7n \u0111\u00e1y v\u00e0 vi\u1ec1n \u0111\u01b0\u1ee3c l\u00e0m b\u1eb1ng nh\u1ef1a PP. V\u00ec th\u1ebf kh\u1ed1i l\u01b0\u1ee3ng c\u1ee7a x\u00f4 r\u1ea5t nh\u1ecf. Quai x\u00e1ch \u0111\u01b0\u1ee3c l\u00e0m t\u1eeb th\u00e9p kh\u00f4ng r\u1ec9.<br \/>\nDung t\u00edch c\u1ee7a x\u00f4 l\u00e0 13 l\u00edt. S\u1ea3n ph\u1ea9m \u0111\u01b0\u1ee3c thi\u1ebft k\u1ebf th\u00f4ng minh \u0111\u1ec3 b\u1ea1n c\u00f3 th\u1ec3 g\u1ea5p g\u1ecdn v\u00e0 c\u1ea5t nh\u01b0 m\u1ed9t cu\u1ed1n s\u00e1ch khi kh\u00f4ng c\u00f3 nhu c\u1ea7u s\u1eed d\u1ee5ng. M\u1ed7i khi \u0111i xa b\u1ea1n ch\u1ec9 vi\u1ec7c l\u00f4i t\u1ea5m v\u1ea3i l\u00ean \u0111\u1ec3 \u0111\u1ef1ng, x\u00e1ch n\u01b0\u1edbc.<br \/>\nLo\u1ea1i x\u00f4 n\u00e0y l\u00e0 d\u1ee5ng c\u1ee5 r\u1ea5t h\u1eefu \u00edch \u0111\u1ed1i v\u1edbi ho\u1ea1t \u0111\u1ed9ng du l\u1ecbch, c\u1eafm tr\u1ea1i, leo n\u00fai hay c\u00e2u c\u00e1. B\u1ea1n c\u00f3 th\u1ec3 mang theo n\u00f3 r\u1ea5t d\u1ec5 d\u00e0ng d\u00f9 \u0111i b\u1ed9 hay di chuy\u1ec3n b\u1eb1ng ph\u01b0\u01a1ng ti\u1ec7n c\u01a1 gi\u1edbi. N\u00f3 c\u0169ng l\u00e0 v\u1eadt d\u1ee5ng ph\u00f9 h\u1ee3p v\u1edbi nh\u1eefng gia \u0111\u00ecnh kh\u00f4ng c\u00f3 nhi\u1ec1u kh\u00f4ng gian trong bu\u1ed3ng t\u1eafm,&#8230;<\/p>\n<p><a href=\"https:\/\/maybommini.com\/wp-content\/uploads\/2018\/04\/Xo-nuoc-gia-re-gap-gon-tien-dung.jpg\" target=\"_blank\" rel=\"noopener\"><img decoding=\"async\" class=\"size-full wp-image-262354 aligncenter\" src=\"https:\/\/maybommini.com\/wp-content\/uploads\/2018\/04\/Xo-nuoc-gia-re-gap-gon-tien-dung.jpg\" alt=\"Xo Nuoc Gia Re Gap Gon Tien Dung\" width=\"750\" height=\"750\" srcset=\"https:\/\/maybommini.vn\/wp-content\/uploads\/2018\/04\/Xo-nuoc-gia-re-gap-gon-tien-dung.jpg 750w, https:\/\/maybommini.vn\/wp-content\/uploads\/2018\/04\/Xo-nuoc-gia-re-gap-gon-tien-dung-300x300.jpg 300w, https:\/\/maybommini.vn\/wp-content\/uploads\/2018\/04\/Xo-nuoc-gia-re-gap-gon-tien-dung-150x150.jpg 150w, https:\/\/maybommini.vn\/wp-content\/uploads\/2018\/04\/Xo-nuoc-gia-re-gap-gon-tien-dung-600x600.jpg 600w\" sizes=\"(max-width: 750px) 100vw, 750px\" \/><\/a><\/p>\n<p><strong>L\u01b0u \u00fd:<\/strong> Vi\u1ec7c s\u1eed d\u1ee5ng \u0111\u1ea7u ti\u00ean s\u1ebd \u0111\u01b0\u1ee3c th\u1ea5m nh\u1eb9, ch\u1ee9a \u0111\u1ea7y n\u01b0\u1edbc trong m\u1ed9t th\u1eddi gian d\u00e0i ho\u1eb7c l\u1eb7p \u0111i l\u1eb7p l\u1ea1i s\u1eed d\u1ee5ng s\u1ebd d\u1ea7n d\u1ea7n bi\u1ebfn m\u1ea5t.Kh\u00f4ng th\u1ec3 gi\u1eef ch\u1ea5t l\u1ecfng \u0103n m\u00f2n.<br \/>\nV\u1eadt li\u1ec7u th\u00e2n thi\u1ec7n v\u1edbi m\u00f4i tr\u01b0\u1eddng, kh\u00f4ng m\u00f9i, kh\u00f4ng \u0111\u1ed9c h\u1ea1i, kh\u00f4ng g\u00e2y \u00f4 nhi\u1ec5m.<br \/>\nThi\u1ebft k\u1ebf c\u1ee7a con ng\u01b0\u1eddi, d\u1ec5 th\u1ef1c hi\u1ec7n, kh\u00f4ng ph\u1ea3i l\u00e0 kh\u00f4ng gian, m\u1ed9t ph\u1ea1m vi r\u1ed9ng.<br \/>\nSau khi d\u1ec5 d\u00e0ng cu\u1ed9n ch\u1ee9a \u0111\u1ea7y n\u01b0\u1edbc, m\u1ea1 x\u1eed l\u00fd ki\u00ean quy\u1ebft v\u00e0 s\u1ebd kh\u00f4ng r\u01a1i v\u00e0o trong n\u01b0\u1edbc.<br \/>\nC\u00f3 th\u1ec3 g\u1eadp l\u1ea1i, d\u1ec5 th\u1ef1c hi\u1ec7n v\u00e0 l\u01b0u tr\u1eef.\u00a0S\u1eed d\u1ee5ng m\u1ed9t lo\u1ea1t c\u00e1c thi\u1ebft b\u1ecb, ph\u1ee5 t\u00f9ng xe r\u1eeda, c\u1eafm tr\u1ea1i, c\u00e2u c\u00e1, nh\u00e0 v\u00e0 nh\u01b0 v\u1eady.<\/p>\n<p><a href=\"https:\/\/maybommini.com\/wp-content\/uploads\/2018\/04\/Su-dung-xo-dung-nuoc-gap-gon.jpg\" target=\"_blank\" rel=\"noopener\"><img decoding=\"async\" class=\"size-full wp-image-262358 aligncenter\" src=\"https:\/\/maybommini.com\/wp-content\/uploads\/2018\/04\/Su-dung-xo-dung-nuoc-gap-gon.jpg\" alt=\"Su Dung Xo Dung Nuoc Gap Gon\" width=\"750\" height=\"750\" srcset=\"https:\/\/maybommini.vn\/wp-content\/uploads\/2018\/04\/Su-dung-xo-dung-nuoc-gap-gon.jpg 750w, https:\/\/maybommini.vn\/wp-content\/uploads\/2018\/04\/Su-dung-xo-dung-nuoc-gap-gon-300x300.jpg 300w, https:\/\/maybommini.vn\/wp-content\/uploads\/2018\/04\/Su-dung-xo-dung-nuoc-gap-gon-150x150.jpg 150w, https:\/\/maybommini.vn\/wp-content\/uploads\/2018\/04\/Su-dung-xo-dung-nuoc-gap-gon-600x600.jpg 600w\" sizes=\"(max-width: 750px) 100vw, 750px\" \/><\/a> <a href=\"https:\/\/maybommini.com\/wp-content\/uploads\/2018\/04\/Xo-nuoc-rua-xe-gia-dinh.jpg\" target=\"_blank\" rel=\"noopener\"><img decoding=\"async\" class=\"size-full wp-image-262356 aligncenter\" src=\"https:\/\/maybommini.com\/wp-content\/uploads\/2018\/04\/Xo-nuoc-rua-xe-gia-dinh.jpg\" alt=\"Xo Nuoc Rua Xe Gia Dinh\" width=\"750\" height=\"750\" srcset=\"https:\/\/maybommini.vn\/wp-content\/uploads\/2018\/04\/Xo-nuoc-rua-xe-gia-dinh.jpg 750w, https:\/\/maybommini.vn\/wp-content\/uploads\/2018\/04\/Xo-nuoc-rua-xe-gia-dinh-300x300.jpg 300w, https:\/\/maybommini.vn\/wp-content\/uploads\/2018\/04\/Xo-nuoc-rua-xe-gia-dinh-150x150.jpg 150w, https:\/\/maybommini.vn\/wp-content\/uploads\/2018\/04\/Xo-nuoc-rua-xe-gia-dinh-600x600.jpg 600w\" sizes=\"(max-width: 750px) 100vw, 750px\" \/><\/a><\/p>\n<p><strong>MUA X\u00d4 G\u1ea4P G\u1eccN X\u00c1CH N\u01af\u1edaC 13L\u00a0\u1ede \u0110\u00c2U ?<\/strong><br \/>\nM\u1ecdi chi ti\u1ebft vui l\u00f2ng li\u00ean h\u1ec7 tr\u1ef1c ti\u1ebfp cho ch\u00fang t\u00f4i \u0111\u1ec3 \u0111\u01b0\u1ee3c t\u01b0 v\u1ea5n theo nhu c\u1ea7u \u0111\u1ec3 c\u00f3 \u0111\u01b0\u1ee3c b\u1ed9 s\u1ea3n ph\u1ea9m t\u1ed1t nh\u1ea5t v\u00e0 ti\u1ebft ki\u1ec7m.\u00a0B\u1ea1n \u1edf xa v\u1eabn c\u00f3 th\u1ec3 mua h\u00e0ng v\u00e0 giao h\u00e0ng <a title=\"thanh to\u00e1n\" href=\"http:\/\/maybommini.com\/thanh-toan\" target=\"_blank\" rel=\"noopener\">thanh to\u00e1n<\/a> ti\u1ec1n t\u1ea1i nh\u00e0.<br \/>\n<strong>CTY TNHH TH\u01af\u01a0NG M\u1ea0I D\u1ecaCH V\u1ee4 \u0110I\u1ec6N M\u00c1Y TH\u00d4NG MINH<\/strong><br \/>\nHotline : 02873030399 &#8211; 090 729 4310<br \/>\nEmail : maybommini.com@gmail.com<br \/>\nWebsite : http:\/\/maybommini.com<br \/>\nFacebook : <a href=\"https:\/\/www.facebook.com\/maybommini\" target=\"_blank\" rel=\"noopener\">https:\/\/www.facebook.com\/maybommini<\/a><br \/>\nGoogle : <a href=\"https:\/\/plus.google.com\/ Maybomnuocminiruaxe\" target=\"_blank\" rel=\"noopener\">https:\/\/plus.google.com\/ Maybomnuocminiruaxe<\/a><br \/>\nYoutube demo : <a href=\"https:\/\/www.youtube.com\/bahamasali\" target=\"_blank\" rel=\"noopener\">https:\/\/www.youtube.com\/bahamasali<\/a><\/p>\n<p><a href=\"http:\/\/maybommini.com\/wp-content\/uploads\/2016\/01\/xo-gap-gon-13l.jpg\" rel=\"attachment wp-att-244639 noopener\" target=\"_blank\"><img decoding=\"async\" class=\"size-full wp-image-244639 aligncenter\" src=\"http:\/\/maybommini.com\/wp-content\/uploads\/2016\/01\/xo-gap-gon-13l.jpg\" alt=\"X\u00f4 g\u1ea5p g\u1ecdn 13L\" width=\"600\" height=\"600\" srcset=\"https:\/\/maybommini.vn\/wp-content\/uploads\/2016\/01\/xo-gap-gon-13l.jpg 600w, https:\/\/maybommini.vn\/wp-content\/uploads\/2016\/01\/xo-gap-gon-13l-300x300.jpg 300w, https:\/\/maybommini.vn\/wp-content\/uploads\/2016\/01\/xo-gap-gon-13l-150x150.jpg 150w\" sizes=\"(max-width: 600px) 100vw, 600px\" \/><\/a><\/p>\n<p><a href=\"http:\/\/maybommini.com\/wp-content\/uploads\/2016\/01\/chat-lieu-xo-gap-gon-chong-tham-nuoc.jpg\" rel=\"attachment wp-att-244641 noopener\" target=\"_blank\"><img decoding=\"async\" class=\"size-large wp-image-244641 aligncenter\" src=\"http:\/\/maybommini.com\/wp-content\/uploads\/2016\/01\/chat-lieu-xo-gap-gon-chong-tham-nuoc-1024x731.jpg\" alt=\"chat-lieu-xo-gap-gon-chong-tham-nuoc\" width=\"1024\" height=\"731\" srcset=\"https:\/\/maybommini.vn\/wp-content\/uploads\/2016\/01\/chat-lieu-xo-gap-gon-chong-tham-nuoc-1024x731.jpg 1024w, https:\/\/maybommini.vn\/wp-content\/uploads\/2016\/01\/chat-lieu-xo-gap-gon-chong-tham-nuoc-600x428.jpg 600w, https:\/\/maybommini.vn\/wp-content\/uploads\/2016\/01\/chat-lieu-xo-gap-gon-chong-tham-nuoc-300x214.jpg 300w, https:\/\/maybommini.vn\/wp-content\/uploads\/2016\/01\/chat-lieu-xo-gap-gon-chong-tham-nuoc-768x548.jpg 768w, https:\/\/maybommini.vn\/wp-content\/uploads\/2016\/01\/chat-lieu-xo-gap-gon-chong-tham-nuoc.jpg 1233w\" sizes=\"(max-width: 1024px) 100vw, 1024px\" \/><\/a><\/p>\n<p><img decoding=\"async\" class=\"size-large wp-image-244642 aligncenter\" src=\"http:\/\/maybommini.com\/wp-content\/uploads\/2016\/01\/xo-dung-nuoc-gap-gon.jpg\" alt=\"xo-dung-nuoc-gap-gon\" width=\"600\" height=\"597\" srcset=\"https:\/\/maybommini.vn\/wp-content\/uploads\/2016\/01\/xo-dung-nuoc-gap-gon.jpg 600w, https:\/\/maybommini.vn\/wp-content\/uploads\/2016\/01\/xo-dung-nuoc-gap-gon-300x300.jpg 300w, https:\/\/maybommini.vn\/wp-content\/uploads\/2016\/01\/xo-dung-nuoc-gap-gon-150x150.jpg 150w\" sizes=\"(max-width: 600px) 100vw, 600px\" \/><\/p>\n<p><img decoding=\"async\" class=\"size-large wp-image-244644 aligncenter\" src=\"http:\/\/maybommini.com\/wp-content\/uploads\/2016\/01\/xo-gap-gon-rua-xe.jpg\" alt=\"xo-gap-gon-rua-xe\" width=\"750\" height=\"578\" srcset=\"https:\/\/maybommini.vn\/wp-content\/uploads\/2016\/01\/xo-gap-gon-rua-xe.jpg 750w, https:\/\/maybommini.vn\/wp-content\/uploads\/2016\/01\/xo-gap-gon-rua-xe-600x462.jpg 600w, https:\/\/maybommini.vn\/wp-content\/uploads\/2016\/01\/xo-gap-gon-rua-xe-300x231.jpg 300w\" sizes=\"(max-width: 750px) 100vw, 750px\" \/><\/p>\n<p><img decoding=\"async\" class=\"size-large wp-image-244643 aligncenter\" src=\"http:\/\/maybommini.com\/wp-content\/uploads\/2016\/01\/xo-gap-13l.jpg\" alt=\"xo-gap-13l\" width=\"500\" height=\"500\" srcset=\"https:\/\/maybommini.vn\/wp-content\/uploads\/2016\/01\/xo-gap-13l.jpg 500w, https:\/\/maybommini.vn\/wp-content\/uploads\/2016\/01\/xo-gap-13l-300x300.jpg 300w, https:\/\/maybommini.vn\/wp-content\/uploads\/2016\/01\/xo-gap-13l-150x150.jpg 150w\" sizes=\"(max-width: 500px) 100vw, 500px\" \/><\/p>\n<p><a href=\"http:\/\/maybommini.com\/wp-content\/uploads\/2016\/01\/xo-dung-nuoc-gap-gon-13l.jpg\" rel=\"attachment wp-att-244645 noopener\" target=\"_blank\"><img decoding=\"async\" class=\"size-full wp-image-244645 aligncenter\" src=\"http:\/\/maybommini.com\/wp-content\/uploads\/2016\/01\/xo-dung-nuoc-gap-gon-13l.jpg\" alt=\"xo dung nuoc gap gon 13L\" width=\"550\" height=\"397\" srcset=\"https:\/\/maybommini.vn\/wp-content\/uploads\/2016\/01\/xo-dung-nuoc-gap-gon-13l.jpg 550w, https:\/\/maybommini.vn\/wp-content\/uploads\/2016\/01\/xo-dung-nuoc-gap-gon-13l-300x217.jpg 300w\" sizes=\"(max-width: 550px) 100vw, 550px\" \/><\/a><\/p>\n<h3 style=\"text-align: center;\"><strong>X\u00f4 \u0111\u1ef1ng n\u01b0\u1edbc g\u1ea5p g\u1ecdn 13L<\/strong><\/h3>\n","protected":false},"excerpt":{"rendered":"<p>Model: XGG-13L<br \/>\nTh\u1ec3 t\u00edch: 13 l\u00edt.<br \/>\nCh\u1ea5t li\u1ec7u:\u00a0l\u00e0m b\u1eb1ng nh\u1ef1a (PP).<br \/>\nNhi\u1ec7t \u0111\u1ed9 ph\u00f9 h\u1ee3p v\u1edbi 0 \u0111\u1ed9 65 \u0111\u1ed9.<br \/>\nCh\u1ed1ng th\u1ea5m n\u01b0\u1edbc cao c\u1ea5p.<br \/>\nCh\u1ea5t li\u1ec7u si\u00eau b\u1ec1n.<br \/>\nG\u1ecdn nh\u1eb9 d\u1ec3 mang theo.<br \/>\nCh\u1ee9a n\u01b0\u1edbc v\u00e0 ch\u1ea5t l\u1ecfng.<br \/>\nTr\u1ecdng l\u01b0\u1ee3ng: 0.58 Kg.<br \/>\nB\u1ea3o h\u00e0nh: 1 th\u00e1ng.<br \/>\n<strong>Ph\u00e2n ph\u1ed1i:\u00a0<a href=\"https:\/\/maybomminimbm.vn\/\">M\u00e1y B\u01a1m Mini MBM<\/a><br \/>\nH\u00f4\u0309 tr\u01a1\u0323 ky\u0303 thu\u00e2\u0323t vi\u0303nh vi\u00ea\u0303n.<\/strong><br \/>\n<strong>T\u01af V\u1ea4N K\u1ef8 THU\u1eacT \u2013 MUA H\u00c0NG<br \/>\n0908997823 \u2013 0908997872<br \/>\n0907294310 \u2013 02873030399<\/strong><\/p>\n","protected":false},"featured_media":262357,"comment_status":"open","ping_status":"closed","template":"","meta":[],"product_brand":[2227],"product_cat":[215],"product_tag":[395,396,397,398,399,2888,400,401,2889],"class_list":{"0":"post-255725","1":"product","2":"type-product","3":"status-publish","4":"has-post-thumbnail","6":"product_brand-mtm","7":"product_cat-phu-kien-xit-rua-ap-luc","8":"product_tag-gap-gon","9":"product_tag-xo-dung-nuoc","10":"product_tag-xo-gap","11":"product_tag-xo-gap-dung-nuoc-13l","12":"product_tag-xo-gap-gon","13":"product_tag-xo-nuoc","14":"product_tag-xo-nuoc-13l","15":"product_tag-xo-rua-xe","16":"product_tag-xo-vai","18":"first","19":"instock","20":"sale","21":"shipping-taxable","22":"purchasable","23":"product-type-simple"},"_links":{"self":[{"href":"https:\/\/maybommini.vn\/index.php?rest_route=\/wp\/v2\/product\/255725","targetHints":{"allow":["GET"]}}],"collection":[{"href":"https:\/\/maybommini.vn\/index.php?rest_route=\/wp\/v2\/product"}],"about":[{"href":"https:\/\/maybommini.vn\/index.php?rest_route=\/wp\/v2\/types\/product"}],"replies":[{"embeddable":true,"href":"https:\/\/maybommini.vn\/index.php?rest_route=%2Fwp%2Fv2%2Fcomments&post=255725"}],"wp:featuredmedia":[{"embeddable":true,"href":"https:\/\/maybommini.vn\/index.php?rest_route=\/wp\/v2\/media\/262357"}],"wp:attachment":[{"href":"https:\/\/maybommini.vn\/index.php?rest_route=%2Fwp%2Fv2%2Fmedia&parent=255725"}],"wp:term":[{"taxonomy":"product_brand","embeddable":true,"href":"https:\/\/maybommini.vn\/index.php?rest_route=%2Fwp%2Fv2%2Fproduct_brand&post=255725"},{"taxonomy":"product_cat","embeddable":true,"href":"https:\/\/maybommini.vn\/index.php?rest_route=%2Fwp%2Fv2%2Fproduct_cat&post=255725"},{"taxonomy":"product_tag","embeddable":true,"href":"https:\/\/maybommini.vn\/index.php?rest_route=%2Fwp%2Fv2%2Fproduct_tag&post=255725"}],"curies":[{"name":"wp","href":"https:\/\/api.w.org\/{rel}","templated":true}]}}