{"id":255726,"date":"2018-04-12T19:24:35","date_gmt":"2018-04-12T12:24:35","guid":{"rendered":"https:\/\/maybommini.com\/san-pham\/import-placeholder-for-251976"},"modified":"2020-01-02T10:35:38","modified_gmt":"2020-01-02T03:35:38","slug":"may-bom-chim-12v-70m-surgeflo","status":"publish","type":"product","link":"https:\/\/maybommini.vn\/?product=may-bom-chim-12v-70m-surgeflo","title":{"rendered":"M\u00e1y b\u01a1m ch\u00ecm SURGEFLO 12V 96W 6.5L SP-12"},"content":{"rendered":"<h3><em><strong>M\u00e1y b\u01a1m ch\u00ecm SURGEFLO 12V 96W 6.5L SP-12 \u0111\u00e2y l\u00e0 lo\u1ea1i m\u00e1y b\u01a1m th\u01b0\u1eddng \u0111\u01b0\u1ee3c d\u00f9ng b\u01a1m n\u01b0\u1edbc l\u00ean cao t\u1eeb c\u00e1c gi\u1ebfng b\u1eb1ng h\u1ec7 th\u1ed1ng n\u0103ng l\u01b0\u1ee3ng m\u1eb7t tr\u1eddi 12V m\u00e0 c\u00f3 th\u1ec3 \u0111\u1ea9y l\u00ean cao 70 m\u00e9t. Ch\u1ea5t li\u1ec7u cao c\u1ea5p t\u1ed1n n\u0103ng l\u01b0\u1ee3ng ti\u00eau hao \u00edt khi ho\u1ea1t \u0111\u1ed9ng li\u00ean t\u1ee5c th\u1eddi gian d\u00e0i.<\/strong><\/em><\/h3>\n<p><a href=\"https:\/\/maybommini.com\/wp-content\/uploads\/2018\/04\/May-bom-chim-SURGEFLO-12V-SP-12.jpg\" target=\"_blank\" rel=\"noopener\"><img decoding=\"async\" class=\"size-full wp-image-263074 aligncenter\" src=\"https:\/\/maybommini.com\/wp-content\/uploads\/2018\/04\/May-bom-chim-SURGEFLO-12V-SP-12.jpg\" alt=\"May Bom Chim SURGEFLO 12V SP 12\" width=\"750\" height=\"750\" srcset=\"https:\/\/maybommini.vn\/wp-content\/uploads\/2018\/04\/May-bom-chim-SURGEFLO-12V-SP-12.jpg 750w, https:\/\/maybommini.vn\/wp-content\/uploads\/2018\/04\/May-bom-chim-SURGEFLO-12V-SP-12-300x300.jpg 300w, https:\/\/maybommini.vn\/wp-content\/uploads\/2018\/04\/May-bom-chim-SURGEFLO-12V-SP-12-150x150.jpg 150w, https:\/\/maybommini.vn\/wp-content\/uploads\/2018\/04\/May-bom-chim-SURGEFLO-12V-SP-12-600x600.jpg 600w\" sizes=\"(max-width: 750px) 100vw, 750px\" \/><\/a><\/p>\n<p><strong>TH\u00d4NG S\u1ed0 K\u1ef8 THU\u1eacT<\/strong><br \/>\nTh\u01b0\u01a1ng hi\u1ec7u:\u00a0SURGEFLO<strong><br \/>\n<\/strong>Model:\u00a0SP-12<br \/>\n\u0110i\u1ec7n\u00a0\u00e1p: 12V DC<br \/>\nC\u00f4ng xu\u1ea5t: 96W<br \/>\nL\u01b0u l\u01b0\u1ee3ng: 6.5 L\/ph\u00fat.<br \/>\nB\u01a1m \u0111\u1ea9y cao: 70 m\u00e9t.<br \/>\nChi\u1ec1u d\u00e0i: 329 mm<br \/>\n\u0110\u01b0\u1eddng k\u00ednh: 140 mm<br \/>\n\u1ed0ng ra: 13 mm<br \/>\nCh\u1ea5t li\u1ec7u: Inox \u2013 \u0110\u1ed3ng &#8211; Nh\u1ef1a.<br \/>\nM\u00e1y b\u01a1m tr\u1ef1c \u0111\u1ee9ng h\u1ecfa ti\u1ec5n.<br \/>\nMotor c\u00f4ng ngh\u1ec7 m\u1edbi si\u00eau b\u1ec1n.<br \/>\nMotor l\u00f5i \u0111\u1ed3ng cao c\u1ea5p.<br \/>\nTi\u1ebft ki\u1ec7m n\u0103ng l\u01b0\u1ee3ng.<br \/>\nB\u01a1m li\u00ean t\u1ee5c 24\/24 t\u1ed1t.<br \/>\nTr\u1ecdng l\u01b0\u1ee3ng: 2.5 Kg<\/p>\n<p><a href=\"https:\/\/maybommini.com\/wp-content\/uploads\/2018\/04\/kich-thuoc-bom-nuoc-bang-luong-mat-troi-SURGEFLO-SP-12.jpg\" target=\"_blank\" rel=\"noopener\"><img decoding=\"async\" class=\"size-full wp-image-263081 aligncenter\" src=\"https:\/\/maybommini.com\/wp-content\/uploads\/2018\/04\/kich-thuoc-bom-nuoc-bang-luong-mat-troi-SURGEFLO-SP-12.jpg\" alt=\"Kich Thuoc Bom Nuoc Bang Luong Mat Troi SURGEFLO SP 12\" width=\"750\" height=\"750\" srcset=\"https:\/\/maybommini.vn\/wp-content\/uploads\/2018\/04\/kich-thuoc-bom-nuoc-bang-luong-mat-troi-SURGEFLO-SP-12.jpg 750w, https:\/\/maybommini.vn\/wp-content\/uploads\/2018\/04\/kich-thuoc-bom-nuoc-bang-luong-mat-troi-SURGEFLO-SP-12-300x300.jpg 300w, https:\/\/maybommini.vn\/wp-content\/uploads\/2018\/04\/kich-thuoc-bom-nuoc-bang-luong-mat-troi-SURGEFLO-SP-12-150x150.jpg 150w, https:\/\/maybommini.vn\/wp-content\/uploads\/2018\/04\/kich-thuoc-bom-nuoc-bang-luong-mat-troi-SURGEFLO-SP-12-600x600.jpg 600w\" sizes=\"(max-width: 750px) 100vw, 750px\" \/><\/a> <a href=\"https:\/\/maybommini.com\/wp-content\/uploads\/2018\/04\/bom-nuoc-gieng-sau.jpg\" target=\"_blank\" rel=\"noopener\"><img decoding=\"async\" class=\"size-full wp-image-263078 aligncenter\" src=\"https:\/\/maybommini.com\/wp-content\/uploads\/2018\/04\/bom-nuoc-gieng-sau.jpg\" alt=\"Bom Nuoc Gieng Sau\" width=\"750\" height=\"750\" srcset=\"https:\/\/maybommini.vn\/wp-content\/uploads\/2018\/04\/bom-nuoc-gieng-sau.jpg 750w, https:\/\/maybommini.vn\/wp-content\/uploads\/2018\/04\/bom-nuoc-gieng-sau-300x300.jpg 300w, https:\/\/maybommini.vn\/wp-content\/uploads\/2018\/04\/bom-nuoc-gieng-sau-150x150.jpg 150w, https:\/\/maybommini.vn\/wp-content\/uploads\/2018\/04\/bom-nuoc-gieng-sau-600x600.jpg 600w\" sizes=\"(max-width: 750px) 100vw, 750px\" \/><\/a> <a href=\"https:\/\/maybommini.com\/wp-content\/uploads\/2018\/04\/may-bom-nuoc-he-thong-nang-luong-mat-troi.jpg\" target=\"_blank\" rel=\"noopener\"><img decoding=\"async\" class=\"size-full wp-image-263076 aligncenter\" src=\"https:\/\/maybommini.com\/wp-content\/uploads\/2018\/04\/may-bom-nuoc-he-thong-nang-luong-mat-troi.jpg\" alt=\"May Bom Nuoc He Thong Nang Luong Mat Troi\" width=\"750\" height=\"750\" srcset=\"https:\/\/maybommini.vn\/wp-content\/uploads\/2018\/04\/may-bom-nuoc-he-thong-nang-luong-mat-troi.jpg 750w, https:\/\/maybommini.vn\/wp-content\/uploads\/2018\/04\/may-bom-nuoc-he-thong-nang-luong-mat-troi-300x300.jpg 300w, https:\/\/maybommini.vn\/wp-content\/uploads\/2018\/04\/may-bom-nuoc-he-thong-nang-luong-mat-troi-150x150.jpg 150w, https:\/\/maybommini.vn\/wp-content\/uploads\/2018\/04\/may-bom-nuoc-he-thong-nang-luong-mat-troi-600x600.jpg 600w\" sizes=\"(max-width: 750px) 100vw, 750px\" \/><\/a> <a href=\"https:\/\/maybommini.com\/wp-content\/uploads\/2018\/04\/may-bom-nuoc-day-cao-12v-gia-re.jpg\" target=\"_blank\" rel=\"noopener\"><img decoding=\"async\" class=\"size-full wp-image-263075 aligncenter\" src=\"https:\/\/maybommini.com\/wp-content\/uploads\/2018\/04\/may-bom-nuoc-day-cao-12v-gia-re.jpg\" alt=\"May Bom Nuoc Day Cao 12v Gia Re\" width=\"750\" height=\"750\" srcset=\"https:\/\/maybommini.vn\/wp-content\/uploads\/2018\/04\/may-bom-nuoc-day-cao-12v-gia-re.jpg 750w, https:\/\/maybommini.vn\/wp-content\/uploads\/2018\/04\/may-bom-nuoc-day-cao-12v-gia-re-300x300.jpg 300w, https:\/\/maybommini.vn\/wp-content\/uploads\/2018\/04\/may-bom-nuoc-day-cao-12v-gia-re-150x150.jpg 150w, https:\/\/maybommini.vn\/wp-content\/uploads\/2018\/04\/may-bom-nuoc-day-cao-12v-gia-re-600x600.jpg 600w\" sizes=\"(max-width: 750px) 100vw, 750px\" \/><\/a><\/p>\n<p><a href=\"https:\/\/maybommini.com\/wp-content\/uploads\/2019\/08\/SURGEFLO-may-bom-loi-dong-cao-cap.jpg\" target=\"_blank\" rel=\"noopener\"><img decoding=\"async\" class=\"size-full wp-image-263063 aligncenter\" src=\"https:\/\/maybommini.com\/wp-content\/uploads\/2019\/08\/SURGEFLO-may-bom-loi-dong-cao-cap.jpg\" alt=\"SURGEFLO May Bom Loi Dong Cao Cap\" width=\"750\" height=\"750\" srcset=\"https:\/\/maybommini.vn\/wp-content\/uploads\/2019\/08\/SURGEFLO-may-bom-loi-dong-cao-cap.jpg 750w, https:\/\/maybommini.vn\/wp-content\/uploads\/2019\/08\/SURGEFLO-may-bom-loi-dong-cao-cap-300x300.jpg 300w, https:\/\/maybommini.vn\/wp-content\/uploads\/2019\/08\/SURGEFLO-may-bom-loi-dong-cao-cap-150x150.jpg 150w, https:\/\/maybommini.vn\/wp-content\/uploads\/2019\/08\/SURGEFLO-may-bom-loi-dong-cao-cap-600x600.jpg 600w\" sizes=\"(max-width: 750px) 100vw, 750px\" \/><\/a><\/p>\n<p><strong>H\u01af\u1edaNG D\u1ea8N S\u1eec D\u1ee4NG\u00a0<a href=\"https:\/\/maybommini.com\/danh-muc\/may-bom-chim\" target=\"_blank\" rel=\"noopener\">M\u00c1Y B\u01a0M CH\u00ccM<\/a>\u00a0SURGEFLO<\/strong><br \/>\nM\u00e1y b\u01a1m s\u1eed d\u1ee5ng \u0111i\u1ec7n th\u1ebf 12V DC.<br \/>\nS\u1eed d\u1ee5ng \u1eafc quy 12V ho\u1eb7c h\u1ec7 th\u1ed1ng n\u0103ng l\u01b0\u1ee3ng m\u1eb7t tr\u1eddi.<br \/>\nC\u00f3 th\u1ec3 d\u1ee5ng bi\u1ebfn th\u1ebf 220V ra 12V 10A tr\u1edf l\u00ean \u0111\u1ec3 s\u1eed d\u1ee5ng.<br \/>\nKh\u00f4ng s\u1eed d\u1ee5ng \u0111i\u1ec7n th\u1ebf tr\u00ean 12V.<br \/>\nM\u00e1y b\u01a1m \u0111\u01b0\u1ee3c th\u1ea3 ch\u00ecm ho\u00e0n to\u00e0n trong n\u01b0\u1edbc.<br \/>\nS\u1eed d\u1ee5ng \u1ed1ng n\u01b0\u1edbc c\u00f3 \u0111\u01b0\u1eddng k\u00ednh trong 13mm.<br \/>\nKh\u00f4ng s\u1eed d\u1ee5ng b\u01a1m h\u00f3a ch\u1ea5t \u0103n m\u00f2n.<br \/>\nKh\u00f4ng b\u01a1m n\u01b0\u1edbc n\u00f3ng tr\u00ean 60 \u0111\u1ed9 C.<\/p>\n<p><a href=\"https:\/\/maybommini.com\/wp-content\/uploads\/2018\/04\/Bom-nuoc-nang-luong-mat-troi-12v-SURGEFLO.jpg\" target=\"_blank\" rel=\"noopener\"><img decoding=\"async\" class=\"size-full wp-image-263079 aligncenter\" src=\"https:\/\/maybommini.com\/wp-content\/uploads\/2018\/04\/Bom-nuoc-nang-luong-mat-troi-12v-SURGEFLO.jpg\" alt=\"Bom Nuoc Nang Luong Mat Troi 12v SURGEFLO\" width=\"750\" height=\"750\" srcset=\"https:\/\/maybommini.vn\/wp-content\/uploads\/2018\/04\/Bom-nuoc-nang-luong-mat-troi-12v-SURGEFLO.jpg 750w, https:\/\/maybommini.vn\/wp-content\/uploads\/2018\/04\/Bom-nuoc-nang-luong-mat-troi-12v-SURGEFLO-300x300.jpg 300w, https:\/\/maybommini.vn\/wp-content\/uploads\/2018\/04\/Bom-nuoc-nang-luong-mat-troi-12v-SURGEFLO-150x150.jpg 150w, https:\/\/maybommini.vn\/wp-content\/uploads\/2018\/04\/Bom-nuoc-nang-luong-mat-troi-12v-SURGEFLO-600x600.jpg 600w\" sizes=\"(max-width: 750px) 100vw, 750px\" \/><\/a> <a href=\"https:\/\/maybommini.com\/wp-content\/uploads\/2018\/04\/bom-nuoc-nang-luong-mat-troi-gia-re.jpg\" target=\"_blank\" rel=\"noopener\"><img decoding=\"async\" class=\"size-full wp-image-263080 aligncenter\" src=\"https:\/\/maybommini.com\/wp-content\/uploads\/2018\/04\/bom-nuoc-nang-luong-mat-troi-gia-re.jpg\" alt=\"Bom Nuoc Nang Luong Mat Troi Gia Re\" width=\"750\" height=\"750\" srcset=\"https:\/\/maybommini.vn\/wp-content\/uploads\/2018\/04\/bom-nuoc-nang-luong-mat-troi-gia-re.jpg 750w, https:\/\/maybommini.vn\/wp-content\/uploads\/2018\/04\/bom-nuoc-nang-luong-mat-troi-gia-re-300x300.jpg 300w, https:\/\/maybommini.vn\/wp-content\/uploads\/2018\/04\/bom-nuoc-nang-luong-mat-troi-gia-re-150x150.jpg 150w, https:\/\/maybommini.vn\/wp-content\/uploads\/2018\/04\/bom-nuoc-nang-luong-mat-troi-gia-re-600x600.jpg 600w\" sizes=\"(max-width: 750px) 100vw, 750px\" \/><\/a> <a href=\"https:\/\/maybommini.com\/wp-content\/uploads\/2018\/04\/Sola-pump-SURGEFLO.jpg\" target=\"_blank\" rel=\"noopener\"><img decoding=\"async\" class=\"size-full wp-image-263077 aligncenter\" src=\"https:\/\/maybommini.com\/wp-content\/uploads\/2018\/04\/Sola-pump-SURGEFLO.jpg\" alt=\"Sola Pump SURGEFLO\" width=\"750\" height=\"750\" srcset=\"https:\/\/maybommini.vn\/wp-content\/uploads\/2018\/04\/Sola-pump-SURGEFLO.jpg 750w, https:\/\/maybommini.vn\/wp-content\/uploads\/2018\/04\/Sola-pump-SURGEFLO-300x300.jpg 300w, https:\/\/maybommini.vn\/wp-content\/uploads\/2018\/04\/Sola-pump-SURGEFLO-150x150.jpg 150w, https:\/\/maybommini.vn\/wp-content\/uploads\/2018\/04\/Sola-pump-SURGEFLO-600x600.jpg 600w\" sizes=\"(max-width: 750px) 100vw, 750px\" \/><\/a><\/p>\n<p><strong>\u1ee8NG D\u1ee4NG M\u00c1Y B\u01a0M CH\u00ccM\u00a0SURGEFLO<br \/>\n<\/strong>D\u00f9ng\u00a0\u0111\u1ec3 b\u01a1m n\u01b0\u1edbc sinh ho\u1ea1t.<br \/>\nB\u01a1m n\u01b0\u1edbc gi\u1ebfng s\u00e2u<br \/>\nB\u01a1m n\u01b0\u1edbc ng\u1eadp trong nh\u00e0.<br \/>\nB\u01a1m n\u01b0\u1edbc t\u00e0u thuy\u1ec1n tr\u00ean s\u00f4ng bi\u1ec3n.<br \/>\nB\u01a1m t\u01b0\u1edbi ti\u00eau hoa m\u00e0u tr\u00ean ru\u1ed9ng\u00a0\u0111\u1ed3ng.<br \/>\nB\u01a1m c\u1ea5p n\u01b0\u1edbc v\u00e0o b\u1ec3 ch\u1ee9a.<br \/>\nD\u00f9ng\u00a0\u0111\u1ec3 b\u01a1m n\u01b0\u1edbc sinh ho\u1ea1t.<br \/>\nB\u01a1m n\u01b0\u1edbc h\u1ed3 b\u1ec3 ch\u1ee9a.<br \/>\nH\u1ec7 th\u1ed1ng b\u01a1m n\u01b0\u1edbc\u00a0n\u0103ng l\u01b0\u1ee3ng m\u1eb7t tr\u1eddi.<br \/>\nB\u01a1m n\u01b0\u1edbc t\u00e0u thuy\u1ec1n tr\u00ean s\u00f4ng bi\u1ec3n.<br \/>\nB\u01a1m t\u01b0\u1edbi ti\u00eau hoa m\u00e0u tr\u00ean ru\u1ed9ng\u00a0\u0111\u1ed3ng.<br \/>\nB\u01a1m n\u01b0\u1edbc cho h\u1ec7 th\u1ed1ng t\u01b0\u1edbi.<br \/>\nB\u01a1m c\u1ea5p n\u01b0\u1edbc v\u00e0o b\u1ec3 ch\u1ee9a.<br \/>\nB\u01a1m n\u01b0\u1edbc b\u00ecnh \u1eafc quy 12V.<br \/>\nM\u00e1y b\u01a1m \u0111i\u1ec7n 1 chi\u1ec1u 12V DC.<\/p>\n<p><a href=\"https:\/\/maybommini.com\/wp-content\/uploads\/2019\/08\/su-dung-bom-nang-luong-mat-troi-cao-cap.jpg\" target=\"_blank\" rel=\"noopener\"><img decoding=\"async\" class=\"size-full wp-image-263061 aligncenter\" src=\"https:\/\/maybommini.com\/wp-content\/uploads\/2019\/08\/su-dung-bom-nang-luong-mat-troi-cao-cap.jpg\" alt=\"Su Dung Bom Nang Luong Mat Troi Cao Cap\" width=\"750\" height=\"750\" srcset=\"https:\/\/maybommini.vn\/wp-content\/uploads\/2019\/08\/su-dung-bom-nang-luong-mat-troi-cao-cap.jpg 750w, https:\/\/maybommini.vn\/wp-content\/uploads\/2019\/08\/su-dung-bom-nang-luong-mat-troi-cao-cap-300x300.jpg 300w, https:\/\/maybommini.vn\/wp-content\/uploads\/2019\/08\/su-dung-bom-nang-luong-mat-troi-cao-cap-150x150.jpg 150w, https:\/\/maybommini.vn\/wp-content\/uploads\/2019\/08\/su-dung-bom-nang-luong-mat-troi-cao-cap-600x600.jpg 600w\" sizes=\"(max-width: 750px) 100vw, 750px\" \/><\/a> <a href=\"https:\/\/maybommini.com\/wp-content\/uploads\/2019\/08\/cach-lap-dat-may-bom-nang-luong-mat-troi-12v-SURGEFLO.jpg\" target=\"_blank\" rel=\"noopener\"><img decoding=\"async\" class=\"size-full wp-image-263055 aligncenter\" src=\"https:\/\/maybommini.com\/wp-content\/uploads\/2019\/08\/cach-lap-dat-may-bom-nang-luong-mat-troi-12v-SURGEFLO.jpg\" alt=\"Cach Lap Dat May Bom Nang Luong Mat Troi 12v SURGEFLO\" width=\"750\" height=\"750\" srcset=\"https:\/\/maybommini.vn\/wp-content\/uploads\/2019\/08\/cach-lap-dat-may-bom-nang-luong-mat-troi-12v-SURGEFLO.jpg 750w, https:\/\/maybommini.vn\/wp-content\/uploads\/2019\/08\/cach-lap-dat-may-bom-nang-luong-mat-troi-12v-SURGEFLO-300x300.jpg 300w, https:\/\/maybommini.vn\/wp-content\/uploads\/2019\/08\/cach-lap-dat-may-bom-nang-luong-mat-troi-12v-SURGEFLO-150x150.jpg 150w, https:\/\/maybommini.vn\/wp-content\/uploads\/2019\/08\/cach-lap-dat-may-bom-nang-luong-mat-troi-12v-SURGEFLO-600x600.jpg 600w\" sizes=\"(max-width: 750px) 100vw, 750px\" \/><\/a><\/p>\n<p><strong>NH\u00c0 CUNG C\u1ea4P M\u00c1Y B\u01a0M\u00a0SURGEFLO<\/strong><br \/>\n<a href=\"https:\/\/maybommini.com\/\" target=\"_blank\" rel=\"noopener\"><strong>MBM \u2013 MAYBOMMINI.COM<\/strong><\/a>\u00a0l\u00e0 nh\u00e0 cung c\u1ea5p c\u00e1c lo\u1ea1i m\u00e1y b\u01a1m \u00e1p l\u1ef1c mini h\u00e0ng \u0111\u1ea7u Vi\u1ec7t Nam ch\u00ednh h\u00e3ng gi\u00e1 t\u1ed1t b\u1ea3o h\u00e0nh l\u00e2u d\u00e0i v\u00e0 kh\u00e1ch h\u00e0ng \u0111\u01b0\u1ee3c h\u1ed5 tr\u1ee3 k\u1ef9 thu\u1eadt tr\u1ecdn \u0111\u1eddi.<br \/>\n<strong>Website:<\/strong>\u00a0https:\/\/maybommini.com<br \/>\n<strong>Email:<\/strong>\u00a0maybommini.com@gmail.com<br \/>\n<strong>Facebook:<\/strong>\u00a0https:\/\/www.facebook.com\/maybommini<br \/>\n<strong>Tel Zalo:<\/strong>\u00a002873030399 \u2013 0907294310<\/p>\n<h3 style=\"text-align: center;\">M\u00e1y b\u01a1m ch\u00ecm SURGEFLO 12V 120W 12L SP-12<br \/>\n<a href=\"https:\/\/maybommini.com\/san-pham\/may-bom-chim-12v-96w-8l-spx-12-08\" target=\"_blank\" rel=\"noopener\">M\u00e1y b\u01a1m ch\u00ecm SURGEFLO 12V 96W 8L SPX-12-08<\/a><br \/>\n<a href=\"https:\/\/maybommini.com\/san-pham\/may-bom-chim-surgeflo-12v-120w-12l-spx-12-12\" target=\"_blank\" rel=\"noopener\">M\u00e1y b\u01a1m ch\u00ecm SURGEFLO 12V 120W 12L SPX-12-12<\/a><\/h3>\n<h3><a href=\"https:\/\/maybommini.com\/wp-content\/uploads\/2018\/04\/May-bom-chim-SURGEFLO-12V-SP-12.jpg\" target=\"_blank\" rel=\"noopener\"><img decoding=\"async\" class=\"alignnone size-full wp-image-263074\" src=\"https:\/\/maybommini.com\/wp-content\/uploads\/2018\/04\/May-bom-chim-SURGEFLO-12V-SP-12.jpg\" alt=\"May Bom Chim SURGEFLO 12V SP 12\" width=\"750\" height=\"750\" srcset=\"https:\/\/maybommini.vn\/wp-content\/uploads\/2018\/04\/May-bom-chim-SURGEFLO-12V-SP-12.jpg 750w, https:\/\/maybommini.vn\/wp-content\/uploads\/2018\/04\/May-bom-chim-SURGEFLO-12V-SP-12-300x300.jpg 300w, https:\/\/maybommini.vn\/wp-content\/uploads\/2018\/04\/May-bom-chim-SURGEFLO-12V-SP-12-150x150.jpg 150w, https:\/\/maybommini.vn\/wp-content\/uploads\/2018\/04\/May-bom-chim-SURGEFLO-12V-SP-12-600x600.jpg 600w\" sizes=\"(max-width: 750px) 100vw, 750px\" \/><\/a><\/h3>\n<p><a href=\"http:\/\/maybommini.com\/wp-content\/uploads\/2016\/01\/may-bom-chim-nang-luong-mat-troi.jpg\" rel=\"attachment wp-att-244648 noopener\" target=\"_blank\"><img decoding=\"async\" class=\"size-full wp-image-244648 aligncenter\" src=\"http:\/\/maybommini.com\/wp-content\/uploads\/2016\/01\/may-bom-chim-nang-luong-mat-troi.jpg\" alt=\"may bom chim nang luong mat troi\" width=\"750\" height=\"918\" srcset=\"https:\/\/maybommini.vn\/wp-content\/uploads\/2016\/01\/may-bom-chim-nang-luong-mat-troi.jpg 750w, https:\/\/maybommini.vn\/wp-content\/uploads\/2016\/01\/may-bom-chim-nang-luong-mat-troi-600x734.jpg 600w, https:\/\/maybommini.vn\/wp-content\/uploads\/2016\/01\/may-bom-chim-nang-luong-mat-troi-245x300.jpg 245w\" sizes=\"(max-width: 750px) 100vw, 750px\" \/><\/a><\/p>\n<p><a href=\"http:\/\/maybommini.com\/wp-content\/uploads\/2016\/01\/may-bom-gieng-khoan-12v.jpg\" rel=\"attachment wp-att-244649 noopener\" target=\"_blank\"><img decoding=\"async\" class=\"size-large wp-image-244649 aligncenter\" src=\"http:\/\/maybommini.com\/wp-content\/uploads\/2016\/01\/may-bom-gieng-khoan-12v-1024x1024.jpg\" alt=\"may bom gieng khoan 12v\" width=\"1024\" height=\"1024\" srcset=\"https:\/\/maybommini.vn\/wp-content\/uploads\/2016\/01\/may-bom-gieng-khoan-12v-1024x1024.jpg 1024w, https:\/\/maybommini.vn\/wp-content\/uploads\/2016\/01\/may-bom-gieng-khoan-12v-300x300.jpg 300w, https:\/\/maybommini.vn\/wp-content\/uploads\/2016\/01\/may-bom-gieng-khoan-12v-600x600.jpg 600w, https:\/\/maybommini.vn\/wp-content\/uploads\/2016\/01\/may-bom-gieng-khoan-12v-150x150.jpg 150w, https:\/\/maybommini.vn\/wp-content\/uploads\/2016\/01\/may-bom-gieng-khoan-12v-768x768.jpg 768w, https:\/\/maybommini.vn\/wp-content\/uploads\/2016\/01\/may-bom-gieng-khoan-12v.jpg 1920w\" sizes=\"(max-width: 1024px) 100vw, 1024px\" \/><\/a><\/p>\n<p><a href=\"http:\/\/maybommini.com\/wp-content\/uploads\/2016\/01\/may-bom-hoa-tien-12v-nang-luong-mat-troi.jpg\" rel=\"attachment wp-att-244650 noopener\" target=\"_blank\"><img decoding=\"async\" class=\"size-full wp-image-244650 aligncenter\" src=\"http:\/\/maybommini.com\/wp-content\/uploads\/2016\/01\/may-bom-hoa-tien-12v-nang-luong-mat-troi.jpg\" alt=\"may bom hoa tien 12v\" width=\"728\" height=\"378\" srcset=\"https:\/\/maybommini.vn\/wp-content\/uploads\/2016\/01\/may-bom-hoa-tien-12v-nang-luong-mat-troi.jpg 728w, https:\/\/maybommini.vn\/wp-content\/uploads\/2016\/01\/may-bom-hoa-tien-12v-nang-luong-mat-troi-600x312.jpg 600w, https:\/\/maybommini.vn\/wp-content\/uploads\/2016\/01\/may-bom-hoa-tien-12v-nang-luong-mat-troi-300x156.jpg 300w\" sizes=\"(max-width: 728px) 100vw, 728px\" \/><\/a><\/p>\n","protected":false},"excerpt":{"rendered":"<p>Th\u01b0\u01a1ng hi\u1ec7u:\u00a0SURGEFLO<strong><br \/>\n<\/strong>Model:\u00a0SP-12<br \/>\n\u0110i\u1ec7n\u00a0\u00e1p: 12V DC<br \/>\nC\u00f4ng xu\u1ea5t: 96W<br \/>\nL\u01b0u l\u01b0\u1ee3ng: 6.5 L\/ph\u00fat.<br \/>\nB\u01a1m \u0111\u1ea9y cao: 70 m\u00e9t.<br \/>\nChi\u1ec1u d\u00e0i: 329 mm<br \/>\n\u0110\u01b0\u1eddng k\u00ednh: 140 mm<br \/>\n\u1ed0ng ra: 13 mm<br \/>\nCh\u1ea5t li\u1ec7u: Inox \u2013 \u0110\u1ed3ng &#8211; Nh\u1ef1a.<br \/>\nM\u00e1y b\u01a1m tr\u1ef1c \u0111\u1ee9ng h\u1ecfa ti\u1ec5n.<br \/>\nMotor c\u00f4ng ngh\u1ec7 m\u1edbi si\u00eau b\u1ec1n.<br \/>\nMotor l\u00f5i \u0111\u1ed3ng cao c\u1ea5p.<br \/>\nTi\u1ebft ki\u1ec7m n\u0103ng l\u01b0\u1ee3ng.<br \/>\nB\u01a1m li\u00ean t\u1ee5c 24\/24 t\u1ed1t.<br \/>\nTr\u1ecdng l\u01b0\u1ee3ng: 2.5 Kg<br \/>\nB\u1ea3o h\u00e0nh: 6 th\u00e1ng<br \/>\nPh\u00e2n ph\u1ed1i: Maybommini.com<br \/>\nS\u1ea3n ph\u1ea9m cao c\u1ea5p<br \/>\nKh\u1eb3ng \u0111\u1ecbnh \u0111\u1ed9 an to\u00e0n v\u00e0 ch\u1ea5t l\u01b0\u1ee3ng.<br \/>\n<strong>H\u00f4\u0309 tr\u01a1\u0323 ky\u0303 thu\u00e2\u0323t vi\u0303nh vi\u00ea\u0303n.<\/strong><br \/>\n<strong>T\u01af V\u1ea4N K\u1ef8 THU\u1eacT \u2013 MUA H\u00c0NG<br \/>\n0908997823 \u2013 0908997872<br \/>\n0907294310 \u2013 02873030399<\/strong><\/p>\n","protected":false},"featured_media":263074,"comment_status":"open","ping_status":"closed","template":"","meta":[],"product_brand":[86],"product_cat":[381,382],"product_tag":[392,402,2977,2978,2976,403,404,406,389,407,408,409,379],"class_list":{"0":"post-255726","1":"product","2":"type-product","3":"status-publish","4":"has-post-thumbnail","6":"product_brand-surgeflo","7":"product_cat-may-bom-chim","8":"product_cat-may-bom-chim-12v","9":"product_tag-bom-chim-12v","10":"product_tag-bom-hoa-tien","11":"product_tag-bom-nag-luong-mat-troi","12":"product_tag-bom-nuoc-day-cao","13":"product_tag-bom-nuoc-gieng","14":"product_tag-bom-nuoc-gieng-khoan","15":"product_tag-bom-nuoc-sinh-hoat","16":"product_tag-hoa-tien","17":"product_tag-may-bom-chim","18":"product_tag-may-bom-gieng-khoan-12v","19":"product_tag-may-bom-hoa-tien","20":"product_tag-nang-luong-mat-troi","21":"product_tag-surgeflo","23":"first","24":"instock","25":"sale","26":"shipping-taxable","27":"purchasable","28":"product-type-simple"},"_links":{"self":[{"href":"https:\/\/maybommini.vn\/index.php?rest_route=\/wp\/v2\/product\/255726","targetHints":{"allow":["GET"]}}],"collection":[{"href":"https:\/\/maybommini.vn\/index.php?rest_route=\/wp\/v2\/product"}],"about":[{"href":"https:\/\/maybommini.vn\/index.php?rest_route=\/wp\/v2\/types\/product"}],"replies":[{"embeddable":true,"href":"https:\/\/maybommini.vn\/index.php?rest_route=%2Fwp%2Fv2%2Fcomments&post=255726"}],"wp:featuredmedia":[{"embeddable":true,"href":"https:\/\/maybommini.vn\/index.php?rest_route=\/wp\/v2\/media\/263074"}],"wp:attachment":[{"href":"https:\/\/maybommini.vn\/index.php?rest_route=%2Fwp%2Fv2%2Fmedia&parent=255726"}],"wp:term":[{"taxonomy":"product_brand","embeddable":true,"href":"https:\/\/maybommini.vn\/index.php?rest_route=%2Fwp%2Fv2%2Fproduct_brand&post=255726"},{"taxonomy":"product_cat","embeddable":true,"href":"https:\/\/maybommini.vn\/index.php?rest_route=%2Fwp%2Fv2%2Fproduct_cat&post=255726"},{"taxonomy":"product_tag","embeddable":true,"href":"https:\/\/maybommini.vn\/index.php?rest_route=%2Fwp%2Fv2%2Fproduct_tag&post=255726"}],"curies":[{"name":"wp","href":"https:\/\/api.w.org\/{rel}","templated":true}]}}