{"id":255786,"date":"2018-04-12T19:25:27","date_gmt":"2018-04-12T12:25:27","guid":{"rendered":"https:\/\/maybommini.com\/san-pham\/import-placeholder-for-252028"},"modified":"2024-08-15T08:40:15","modified_gmt":"2024-08-15T01:40:15","slug":"bec-phun-suong-so-5","status":"publish","type":"product","link":"https:\/\/maybommini.vn\/?product=bec-phun-suong-so-5","title":{"rendered":"B\u00e9c phun s\u01b0\u01a1ng s\u1ed1 5"},"content":{"rendered":"<h3><strong>Chuy\u00ean cung c\u1ea5p ph\u00e2n ph\u1ed1i b\u00e9c phun s\u01b0\u01a1ng s\u1ed1 5 s\u1eed d\u1ee5ng phun s\u01b0\u01a1ng l\u00e0m m\u00e1t t\u1ea1o \u1ea9m t\u01b0\u1edbi lan nh\u00e0 v\u01b0\u1eddn, phun s\u01b0\u01a1ng nh\u00e0 y\u1ebfn, phun s\u01b0\u01a1ng qu\u00e1n c\u00e0 ph\u00ea nh\u00e0 h\u00e0ng qu\u00e1n \u0103n v\u00e0 gia \u0111\u00ecnh. \u0110\u00e2y l\u00e0 b\u00e9c phun s\u01b0\u01a1ng cao c\u1ea5p ch\u1ea5t li\u1ec7u \u0111\u1ed3ng \u0111\u01b0\u1ee3c thi\u1ebft k\u1ebf ti\u00eau ch\u1ea9n n\u00ean s\u1eed d\u1ee5ng phun ra \u0111\u1ec1u m\u1ecbn \u00edt b\u1ecb ngh\u1eb9t h\u01a1n c\u00e1c lo\u1ea1i b\u00e9c kh\u00e1c v\u00e0 nh\u1ea5t l\u00e0 tu\u1ed5i th\u1ecd s\u1eed d\u1ee5ng l\u00e2u d\u00e0i.<\/strong><\/h3>\n<p><a href=\"https:\/\/maybommini.com\/wp-content\/uploads\/2018\/04\/bec-phun-suong-so-5.jpg\" target=\"_blank\" rel=\"noopener\"><img decoding=\"async\" class=\"size-full wp-image-255890 aligncenter\" src=\"https:\/\/maybommini.com\/wp-content\/uploads\/2018\/04\/bec-phun-suong-so-5.jpg\" alt=\"Bec Phun Suong So 5.jpg\" width=\"550\" height=\"550\" srcset=\"https:\/\/maybommini.vn\/wp-content\/uploads\/2018\/04\/bec-phun-suong-so-5.jpg 550w, https:\/\/maybommini.vn\/wp-content\/uploads\/2018\/04\/bec-phun-suong-so-5-300x300.jpg 300w, https:\/\/maybommini.vn\/wp-content\/uploads\/2018\/04\/bec-phun-suong-so-5-150x150.jpg 150w\" sizes=\"(max-width: 550px) 100vw, 550px\" \/><\/a><\/p>\n<p><strong>TH\u00d4NG S\u1ed0 K\u1ef8 THU\u1eacT<\/strong><br \/>\nModel: BPS-05<br \/>\nB\u00e9c phun s\u01b0\u01a1ng s\u1ed1 5<br \/>\nCh\u1ea5t li\u1ec7u: kim lo\u1ea1i \u0111\u1ed3ng thau.<br \/>\nRen g\u1eafn: 4.5mm &#8211; 3\/16 in.<br \/>\nH\u1ea1t phun 1 ~ 7 micro.<br \/>\n\u00c1p l\u1ef1c l\u00e0m vi\u1ec7c: 3 kg\/cm2 &#8211; 50 PSI.<br \/>\nK\u00edch th\u01b0\u1edbc: 24.5 x 9.4 x 9.4 mm<br \/>\nTr\u1ecdng l\u01b0\u1ee3ng: 10 gam.<\/p>\n<p><a href=\"https:\/\/maybommini.com\/wp-content\/uploads\/2018\/04\/kich-thuoc-bec-phun-suong-bang-dong.jpg\" target=\"_blank\" rel=\"noopener\"><img decoding=\"async\" class=\"size-full wp-image-263430 aligncenter\" src=\"https:\/\/maybommini.com\/wp-content\/uploads\/2018\/04\/kich-thuoc-bec-phun-suong-bang-dong.jpg\" alt=\"Kich Thuoc Bec Phun Suong Bang Dong\" width=\"750\" height=\"750\" srcset=\"https:\/\/maybommini.vn\/wp-content\/uploads\/2018\/04\/kich-thuoc-bec-phun-suong-bang-dong.jpg 750w, https:\/\/maybommini.vn\/wp-content\/uploads\/2018\/04\/kich-thuoc-bec-phun-suong-bang-dong-300x300.jpg 300w, https:\/\/maybommini.vn\/wp-content\/uploads\/2018\/04\/kich-thuoc-bec-phun-suong-bang-dong-150x150.jpg 150w, https:\/\/maybommini.vn\/wp-content\/uploads\/2018\/04\/kich-thuoc-bec-phun-suong-bang-dong-600x600.jpg 600w\" sizes=\"(max-width: 750px) 100vw, 750px\" \/><\/a><\/p>\n<p><a href=\"https:\/\/maybommini.com\/wp-content\/uploads\/2018\/04\/bang-thong-so-ky-thuat-luu-luong-bec-phun-suong.jpg\" target=\"_blank\" rel=\"noopener\"><img decoding=\"async\" class=\"size-full wp-image-263407 aligncenter\" src=\"https:\/\/maybommini.com\/wp-content\/uploads\/2018\/04\/bang-thong-so-ky-thuat-luu-luong-bec-phun-suong.jpg\" alt=\"Bang Thong So Ky Thuat Luu Luong Bec Phun Suong\" width=\"750\" height=\"750\" srcset=\"https:\/\/maybommini.vn\/wp-content\/uploads\/2018\/04\/bang-thong-so-ky-thuat-luu-luong-bec-phun-suong.jpg 750w, https:\/\/maybommini.vn\/wp-content\/uploads\/2018\/04\/bang-thong-so-ky-thuat-luu-luong-bec-phun-suong-300x300.jpg 300w, https:\/\/maybommini.vn\/wp-content\/uploads\/2018\/04\/bang-thong-so-ky-thuat-luu-luong-bec-phun-suong-150x150.jpg 150w, https:\/\/maybommini.vn\/wp-content\/uploads\/2018\/04\/bang-thong-so-ky-thuat-luu-luong-bec-phun-suong-600x600.jpg 600w\" sizes=\"(max-width: 750px) 100vw, 750px\" \/><\/a> <a href=\"https:\/\/maybommini.com\/wp-content\/uploads\/2018\/04\/chuyen-phan-phoi-bec-phun-suong.jpg\" target=\"_blank\" rel=\"noopener\"><img decoding=\"async\" class=\"size-full wp-image-263422 aligncenter\" src=\"https:\/\/maybommini.com\/wp-content\/uploads\/2018\/04\/chuyen-phan-phoi-bec-phun-suong.jpg\" alt=\"Chuyen Phan Phoi Bec Phun Suong\" width=\"750\" height=\"750\" srcset=\"https:\/\/maybommini.vn\/wp-content\/uploads\/2018\/04\/chuyen-phan-phoi-bec-phun-suong.jpg 750w, https:\/\/maybommini.vn\/wp-content\/uploads\/2018\/04\/chuyen-phan-phoi-bec-phun-suong-300x300.jpg 300w, https:\/\/maybommini.vn\/wp-content\/uploads\/2018\/04\/chuyen-phan-phoi-bec-phun-suong-150x150.jpg 150w, https:\/\/maybommini.vn\/wp-content\/uploads\/2018\/04\/chuyen-phan-phoi-bec-phun-suong-600x600.jpg 600w\" sizes=\"(max-width: 750px) 100vw, 750px\" \/><\/a> <a href=\"https:\/\/maybommini.com\/wp-content\/uploads\/2018\/04\/chi-tiet-bec-phun-suong.jpg\" target=\"_blank\" rel=\"noopener\"><img decoding=\"async\" class=\"size-full wp-image-263421 aligncenter\" src=\"https:\/\/maybommini.com\/wp-content\/uploads\/2018\/04\/chi-tiet-bec-phun-suong.jpg\" alt=\"Chi Tiet Bec Phun Suong\" width=\"750\" height=\"750\" srcset=\"https:\/\/maybommini.vn\/wp-content\/uploads\/2018\/04\/chi-tiet-bec-phun-suong.jpg 750w, https:\/\/maybommini.vn\/wp-content\/uploads\/2018\/04\/chi-tiet-bec-phun-suong-300x300.jpg 300w, https:\/\/maybommini.vn\/wp-content\/uploads\/2018\/04\/chi-tiet-bec-phun-suong-150x150.jpg 150w, https:\/\/maybommini.vn\/wp-content\/uploads\/2018\/04\/chi-tiet-bec-phun-suong-600x600.jpg 600w\" sizes=\"(max-width: 750px) 100vw, 750px\" \/><\/a> <a href=\"https:\/\/maybommini.com\/wp-content\/uploads\/2018\/04\/bec-phun-suong-lam-mat-tuoi-cay.jpg\" target=\"_blank\" rel=\"noopener\"><img decoding=\"async\" class=\"size-full wp-image-263410 aligncenter\" src=\"https:\/\/maybommini.com\/wp-content\/uploads\/2018\/04\/bec-phun-suong-lam-mat-tuoi-cay.jpg\" alt=\"Bec Phun Suong Lam Mat Tuoi Cay\" width=\"750\" height=\"750\" srcset=\"https:\/\/maybommini.vn\/wp-content\/uploads\/2018\/04\/bec-phun-suong-lam-mat-tuoi-cay.jpg 750w, https:\/\/maybommini.vn\/wp-content\/uploads\/2018\/04\/bec-phun-suong-lam-mat-tuoi-cay-300x300.jpg 300w, https:\/\/maybommini.vn\/wp-content\/uploads\/2018\/04\/bec-phun-suong-lam-mat-tuoi-cay-150x150.jpg 150w, https:\/\/maybommini.vn\/wp-content\/uploads\/2018\/04\/bec-phun-suong-lam-mat-tuoi-cay-600x600.jpg 600w\" sizes=\"(max-width: 750px) 100vw, 750px\" \/><\/a> <a href=\"https:\/\/maybommini.com\/wp-content\/uploads\/2018\/04\/lap-dat-bec-phun-suong-bang-dong.jpg\" target=\"_blank\" rel=\"noopener\"><img decoding=\"async\" class=\"size-full wp-image-263424 aligncenter\" src=\"https:\/\/maybommini.com\/wp-content\/uploads\/2018\/04\/lap-dat-bec-phun-suong-bang-dong.jpg\" alt=\"Lap Dat Bec Phun Suong Bang Dong\" width=\"750\" height=\"750\" srcset=\"https:\/\/maybommini.vn\/wp-content\/uploads\/2018\/04\/lap-dat-bec-phun-suong-bang-dong.jpg 750w, https:\/\/maybommini.vn\/wp-content\/uploads\/2018\/04\/lap-dat-bec-phun-suong-bang-dong-300x300.jpg 300w, https:\/\/maybommini.vn\/wp-content\/uploads\/2018\/04\/lap-dat-bec-phun-suong-bang-dong-150x150.jpg 150w, https:\/\/maybommini.vn\/wp-content\/uploads\/2018\/04\/lap-dat-bec-phun-suong-bang-dong-600x600.jpg 600w\" sizes=\"(max-width: 750px) 100vw, 750px\" \/><\/a> <a href=\"https:\/\/maybommini.com\/wp-content\/uploads\/2018\/04\/phan-phoi-bec-phun-suong.jpg\" target=\"_blank\" rel=\"noopener\"><img decoding=\"async\" class=\"size-full wp-image-263425 aligncenter\" src=\"https:\/\/maybommini.com\/wp-content\/uploads\/2018\/04\/phan-phoi-bec-phun-suong.jpg\" alt=\"Phan Phoi Bec Phun Suong\" width=\"750\" height=\"750\" srcset=\"https:\/\/maybommini.vn\/wp-content\/uploads\/2018\/04\/phan-phoi-bec-phun-suong.jpg 750w, https:\/\/maybommini.vn\/wp-content\/uploads\/2018\/04\/phan-phoi-bec-phun-suong-300x300.jpg 300w, https:\/\/maybommini.vn\/wp-content\/uploads\/2018\/04\/phan-phoi-bec-phun-suong-150x150.jpg 150w, https:\/\/maybommini.vn\/wp-content\/uploads\/2018\/04\/phan-phoi-bec-phun-suong-600x600.jpg 600w\" sizes=\"(max-width: 750px) 100vw, 750px\" \/><\/a><\/p>\n<p><strong>C\u00c1CH S\u1eec D\u1ee4NG B\u00c9C PHUN S\u01af\u01a0NG<\/strong><br \/>\nS\u1eed d\u1ee5ng b\u00e9c phun s\u01b0\u01a1ng ph\u1ea3i c\u00f3 m\u00e1y b\u01a1m \u00e1p l\u1ef1c \u0111\u1ee7 c\u00f4ng su\u1ea5t \u00e1p l\u00e0m vi\u1ec7c theo t\u1eebng lo\u1ea1i b\u00e9c.<br \/>\nS\u1eed d\u1ee5ng <a href=\"https:\/\/maybommini.com\/san-pham\/binh-loc-nuoc-cao-cap-phun-suong-loc-nuoc-ro\" target=\"_blank\" rel=\"noopener\">b\u00ecnh l\u1ecdc n\u01b0\u1edbc phun s\u01b0\u01a1ng<\/a> \u0111\u1ec3 tr\u00e1nh l\u00e0m ngh\u1eb9t b\u00e9c khi s\u1eed d\u1ee5ng l\u00e2u d\u00e0i.<br \/>\nG\u1eafn b\u00e9c v\u00e0o <a href=\"https:\/\/maybommini.com\/san-pham\/de-gan-bec-phun-suong\" target=\"_blank\" rel=\"noopener\">\u0111\u1ebf phun s\u01b0\u01a1ng<\/a> \u0111\u1ec3 l\u1eafp v\u00e0o <a href=\"https:\/\/maybommini.com\/san-pham\/ong-day-phun-suong-pu-8mm\" target=\"_blank\" rel=\"noopener\">\u1ed1ng phun s\u01b0\u01a1ng<\/a>.<br \/>\n\u0110\u1eb7t b\u00e9c phun s\u01b0\u01a1ng theo kho\u1ea3ng c\u00e1ch t\u1ee7y \u00fd mu\u1ed1n.<br \/>\nKh\u00f4ng s\u1eed d\u1ee5ng b\u00e9c \u0111\u1ec3 phun h\u00f3a ch\u1ea5t \u0103n m\u00f2n.<br \/>\nD\u00f9ng n\u01b0\u1edbc s\u1ea1ch \u0111\u1ec3 phun.<\/p>\n<p><a href=\"https:\/\/maybommini.com\/wp-content\/uploads\/2018\/04\/su-dung-bec-phun-suong.jpg\" target=\"_blank\" rel=\"noopener\"><img decoding=\"async\" class=\"size-full wp-image-263428 aligncenter\" src=\"https:\/\/maybommini.com\/wp-content\/uploads\/2018\/04\/su-dung-bec-phun-suong.jpg\" alt=\"Su Dung Bec Phun Suong\" width=\"750\" height=\"750\" srcset=\"https:\/\/maybommini.vn\/wp-content\/uploads\/2018\/04\/su-dung-bec-phun-suong.jpg 750w, https:\/\/maybommini.vn\/wp-content\/uploads\/2018\/04\/su-dung-bec-phun-suong-300x300.jpg 300w, https:\/\/maybommini.vn\/wp-content\/uploads\/2018\/04\/su-dung-bec-phun-suong-150x150.jpg 150w, https:\/\/maybommini.vn\/wp-content\/uploads\/2018\/04\/su-dung-bec-phun-suong-600x600.jpg 600w\" sizes=\"(max-width: 750px) 100vw, 750px\" \/><\/a><\/p>\n<p><strong>S\u1eec D\u1ee4NG B\u00c9C PHUN S\u01af\u01a0NG L\u00c0M M\u00c1T T\u01af\u1edaI C\u00c2Y<\/strong><br \/>\nS\u1eed d\u1ee5ng phun s\u01b0\u01a1ng l\u00e0m m\u00e1t cho gia \u0111\u00ecnh s\u00e2n v\u01b0\u1eddn trong nh\u00e0.<br \/>\nPhun s\u01b0\u01a1ng l\u00e0m m\u00e1t qu\u00e1n c\u00e0 ph\u00ea.<br \/>\nPhun s\u01b0\u01a1ng l\u00e0m m\u00e1t nh\u00e0 h\u00e0ng qu\u00e1n \u0103n.<br \/>\nPhun s\u01b0\u01a1ng l\u00e0m m\u00e1t c\u1eeda h\u00e0ng.<br \/>\nB\u00e9c phun s\u01b0\u01a1ng t\u01b0\u1edbi lan nh\u00e0 v\u01b0\u1eddn nh\u00e0 n\u1ea5m.<br \/>\nPhun s\u01b0\u01a1ng t\u1ea1o \u1ea9m nh\u00e0 y\u1ebfn.<br \/>\nPhun s\u01b0\u01a1ng khu vui ch\u01a1i ph\u1ed1 \u0111i b\u1ed9.<br \/>\nV\u00e0 phun s\u01b0\u01a1ng cho nhi\u1ec1u \u1ee9ng d\u1ee5ng kh\u00e1c.<\/p>\n<p><a href=\"https:\/\/maybommini.com\/wp-content\/uploads\/2018\/04\/bec-phun-suong-tuoi-lan-nha-vuon.jpg\" target=\"_blank\" rel=\"noopener\"><img decoding=\"async\" class=\"size-full wp-image-263420 aligncenter\" src=\"https:\/\/maybommini.com\/wp-content\/uploads\/2018\/04\/bec-phun-suong-tuoi-lan-nha-vuon.jpg\" alt=\"Bec Phun Suong Tuoi Lan Nha Vuon\" width=\"750\" height=\"750\" srcset=\"https:\/\/maybommini.vn\/wp-content\/uploads\/2018\/04\/bec-phun-suong-tuoi-lan-nha-vuon.jpg 750w, https:\/\/maybommini.vn\/wp-content\/uploads\/2018\/04\/bec-phun-suong-tuoi-lan-nha-vuon-300x300.jpg 300w, https:\/\/maybommini.vn\/wp-content\/uploads\/2018\/04\/bec-phun-suong-tuoi-lan-nha-vuon-150x150.jpg 150w, https:\/\/maybommini.vn\/wp-content\/uploads\/2018\/04\/bec-phun-suong-tuoi-lan-nha-vuon-600x600.jpg 600w\" sizes=\"(max-width: 750px) 100vw, 750px\" \/><\/a> <a href=\"https:\/\/maybommini.com\/wp-content\/uploads\/2018\/04\/bec-phun-suong-lam-mat-1.jpg\" target=\"_blank\" rel=\"noopener\"><img decoding=\"async\" class=\"size-full wp-image-263409 aligncenter\" src=\"https:\/\/maybommini.com\/wp-content\/uploads\/2018\/04\/bec-phun-suong-lam-mat-1.jpg\" alt=\"Bec Phun Suong Lam Mat\" width=\"750\" height=\"750\" srcset=\"https:\/\/maybommini.vn\/wp-content\/uploads\/2018\/04\/bec-phun-suong-lam-mat-1.jpg 750w, https:\/\/maybommini.vn\/wp-content\/uploads\/2018\/04\/bec-phun-suong-lam-mat-1-300x300.jpg 300w, https:\/\/maybommini.vn\/wp-content\/uploads\/2018\/04\/bec-phun-suong-lam-mat-1-150x150.jpg 150w, https:\/\/maybommini.vn\/wp-content\/uploads\/2018\/04\/bec-phun-suong-lam-mat-1-600x600.jpg 600w\" sizes=\"(max-width: 750px) 100vw, 750px\" \/><\/a><\/p>\n<h3 style=\"text-align: center\">B\u00e9c phun s\u01b0\u01a1ng s\u1ed1 5<br \/>\nFogging Spray Head<br \/>\n<span data-spm-anchor-id=\"a2g0o.detail.1000023.i0.18321923ykR68B\">High Pressure\u00a0Misting nozzles<\/span><\/h3>\n<h3><strong>B\u00e9c phun s\u01b0\u01a1ng s\u1ed1 5 chuy\u00ean d\u00f9ng\u00a0\u0111\u1ec3 phun l\u00e0m m\u00e1t n\u00f3c nh\u00e0, s\u00e2n v\u01b0\u1eddn, phun s\u01b0\u01a1ng l\u00e0m m\u00e1t lan can, phun s\u01b0\u01a1ng t\u01b0\u1edbi lan, phun s\u01b0\u01a1ng l\u00e0m m\u00e1t nh\u00e0 y\u1ebfn, phun s\u01b0\u01a1ng l\u00e0m m\u00e1t nh\u00e0 x\u01b0\u1ee1ng, h\u1ec7 th\u1ed1ng t\u01b0\u1edbi thu\u1ef7 canh, phun s\u01b0\u01a1ng s\u00e2n th\u01b0\u1ee3ng, phun s\u01b0\u01a1ng tr\u1ed3ng n\u1ea5m.<\/strong><\/h3>\n<p><a href=\"http:\/\/maybommini.com\/wp-content\/uploads\/2016\/01\/bec-phun-suong-quan-cafe.jpg\" rel=\"attachment wp-att-244699 noopener\" target=\"_blank\"><img decoding=\"async\" class=\"size-large wp-image-244699 aligncenter\" src=\"http:\/\/maybommini.com\/wp-content\/uploads\/2016\/01\/bec-phun-suong-quan-cafe-1024x664.jpg\" alt=\"bec-phun-suong-quan-cafe\" width=\"1024\" height=\"664\" srcset=\"https:\/\/maybommini.vn\/wp-content\/uploads\/2016\/01\/bec-phun-suong-quan-cafe-1024x664.jpg 1024w, https:\/\/maybommini.vn\/wp-content\/uploads\/2016\/01\/bec-phun-suong-quan-cafe-600x389.jpg 600w, https:\/\/maybommini.vn\/wp-content\/uploads\/2016\/01\/bec-phun-suong-quan-cafe-300x195.jpg 300w, https:\/\/maybommini.vn\/wp-content\/uploads\/2016\/01\/bec-phun-suong-quan-cafe-768x498.jpg 768w, https:\/\/maybommini.vn\/wp-content\/uploads\/2016\/01\/bec-phun-suong-quan-cafe.jpg 1200w\" sizes=\"(max-width: 1024px) 100vw, 1024px\" \/><\/a><\/p>\n<h2><strong>B\u00e9c phun s\u01b0\u01a1ng s\u1ed1 5<\/strong><\/h2>\n<p>H\u1ea1t phun s\u01b0\u01a1ng l\u1edbn t\u1ea1o\u00a0\u01b0\u1edbt c\u00f3 th\u1ec3 d\u00f9ng\u00a0\u0111\u1ec3 t\u01b0\u1edbi lan, l\u00e0m m\u00e1t tr\u00ean n\u00f3c nh\u00e0 &#8230;<\/p>\n<p><a href=\"http:\/\/maybommini.com\/wp-content\/uploads\/2016\/01\/he-thong-phun-suong-lam-mat.jpg\" rel=\"attachment wp-att-244700 noopener\" target=\"_blank\"><img decoding=\"async\" class=\"size-large wp-image-244700 aligncenter\" src=\"http:\/\/maybommini.com\/wp-content\/uploads\/2016\/01\/he-thong-phun-suong-lam-mat-1024x806.jpg\" alt=\"he-thong-phun-suong-lam-mat\" width=\"1024\" height=\"806\" srcset=\"https:\/\/maybommini.vn\/wp-content\/uploads\/2016\/01\/he-thong-phun-suong-lam-mat-1024x806.jpg 1024w, https:\/\/maybommini.vn\/wp-content\/uploads\/2016\/01\/he-thong-phun-suong-lam-mat-600x473.jpg 600w, https:\/\/maybommini.vn\/wp-content\/uploads\/2016\/01\/he-thong-phun-suong-lam-mat-300x236.jpg 300w, https:\/\/maybommini.vn\/wp-content\/uploads\/2016\/01\/he-thong-phun-suong-lam-mat-768x605.jpg 768w, https:\/\/maybommini.vn\/wp-content\/uploads\/2016\/01\/he-thong-phun-suong-lam-mat.jpg 1200w\" sizes=\"(max-width: 1024px) 100vw, 1024px\" \/><\/a><\/p>\n<p>B\u00e9c phun s\u01b0\u01a1ng s\u1ed1 5 th\u00edch h\u1ee3p phun s\u00e2n v\u01b0\u1eddn, nh\u00e0 s\u01b0\u1edfng, nh\u00e0 nu\u00f4i chim y\u1ebfn, trang tr\u1ea1i &#8230;. nh\u1ea5t l\u00e0 th\u00edch h\u1ee3p t\u01b0\u1edbi Lan.<\/p>\n<p><a href=\"http:\/\/maybommini.com\/wp-content\/uploads\/2016\/01\/phun-suong-tuoi-lan.jpg\" rel=\"attachment wp-att-244701 noopener\" target=\"_blank\"><img decoding=\"async\" class=\"size-large wp-image-244701 aligncenter\" src=\"http:\/\/maybommini.com\/wp-content\/uploads\/2016\/01\/phun-suong-tuoi-lan-1024x534.jpg\" alt=\"phun-suong-tuoi-lan\" width=\"1024\" height=\"534\" srcset=\"https:\/\/maybommini.vn\/wp-content\/uploads\/2016\/01\/phun-suong-tuoi-lan-1024x534.jpg 1024w, https:\/\/maybommini.vn\/wp-content\/uploads\/2016\/01\/phun-suong-tuoi-lan-600x313.jpg 600w, https:\/\/maybommini.vn\/wp-content\/uploads\/2016\/01\/phun-suong-tuoi-lan-300x157.jpg 300w, https:\/\/maybommini.vn\/wp-content\/uploads\/2016\/01\/phun-suong-tuoi-lan-768x401.jpg 768w, https:\/\/maybommini.vn\/wp-content\/uploads\/2016\/01\/phun-suong-tuoi-lan.jpg 1200w\" sizes=\"(max-width: 1024px) 100vw, 1024px\" \/><\/a><\/p>\n<p>B\u1ea1n c\u00f3 th\u1ec3 d\u00f9ng c\u00e1c lo\u1ea1i m\u00e1y b\u01a1m\u00a0\u00e1p l\u1ef1c mini 12v 24v\u00a0\u0111\u1ec3 t\u1ea1o ra\u00a0\u00e1p l\u1ef1c phun.<\/p>\n<h3><strong>MUA B\u00c9C PHUN S\u01af\u01a0NG\u00a0\u1ede \u0110\u00c2U ?<\/strong><\/h3>\n<p>M\u1ecdi chi ti\u1ebft vui l\u00f2ng li\u00ean h\u1ec7 tr\u1ef1c ti\u1ebfp cho ch\u00fang t\u00f4i \u0111\u1ec3 \u0111\u01b0\u1ee3c t\u01b0 v\u1ea5n theo nhu c\u1ea7u \u0111\u1ec3 c\u00f3 \u0111\u01b0\u1ee3c b\u1ed9 s\u1ea3n ph\u1ea9m t\u1ed1t nh\u1ea5t v\u00e0 ti\u1ebft ki\u1ec7m.\u00a0B\u1ea1n \u1edf xa v\u1eabn c\u00f3 th\u1ec3 mua h\u00e0ng v\u00e0 giao h\u00e0ng <a title=\"thanh to\u00e1n\" href=\"http:\/\/maybommini.com\/thanh-toan\" target=\"_blank\" rel=\"noopener\">thanh to\u00e1n<\/a> ti\u1ec1n t\u1ea1i nh\u00e0.<\/p>\n<p><strong>CTY TNHH TH\u01af\u01a0NG M\u1ea0I D\u1ecaCH V\u1ee4 \u0110I\u1ec6N M\u00c1Y TH\u00d4NG MINH<\/strong><br \/>\nHotline : 090 729 4310<br \/>\nEmail : maybommini.com@gmail.com<br \/>\nWebsite : http:\/\/maybommini.com<br \/>\nFacebook : <a href=\"https:\/\/www.facebook.com\/maybommini\" target=\"_blank\" rel=\"noopener\">https:\/\/www.facebook.com\/maybommini<\/a><br \/>\nGoogle : <a href=\"https:\/\/plus.google.com\/ Maybomnuocminiruaxe\" target=\"_blank\" rel=\"noopener\">https:\/\/plus.google.com\/ Maybomnuocminiruaxe<\/a><br \/>\nYoutube demo : <a href=\"https:\/\/www.youtube.com\/bahamasali\" target=\"_blank\" rel=\"noopener\">https:\/\/www.youtube.com\/bahamasali<\/a><\/p>\n","protected":false},"excerpt":{"rendered":"<p>Model: BPS-05<br \/>\nB\u00e9c phun s\u01b0\u01a1ng s\u1ed1 5<br \/>\nCh\u1ea5t li\u1ec7u: kim lo\u1ea1i \u0111\u1ed3ng thau.<br \/>\nRen g\u1eafn: 4.5mm &#8211; 3\/16 in.<br \/>\nH\u1ea1t phun 1 ~ 7 micro.<br \/>\n\u00c1p l\u1ef1c l\u00e0m vi\u1ec7c: 3 kg\/cm2 &#8211; 50 PSI.<br \/>\nK\u00edch th\u01b0\u1edbc: 24.5 x 9.4 x 9.4 mm<br \/>\nTr\u1ecdng l\u01b0\u1ee3ng: 10 gam.<br \/>\n<strong>Ph\u00e2n ph\u1ed1i: Maybommini.com<\/strong><br \/>\n<strong>T\u01af V\u1ea4N K\u1ef8 THU\u1eacT \u2013 MUA H\u00c0NG<br \/>\n0908997823 \u2013 0908997872<br \/>\n0907294310 \u2013 02873030399<\/strong><\/p>\n","protected":false},"featured_media":255890,"comment_status":"open","ping_status":"closed","template":"","meta":[],"product_brand":[2227],"product_cat":[444,367],"product_tag":[3055,232,3056,466,1188,1189,467,277,2666,468,469],"class_list":{"0":"post-255786","1":"product","2":"type-product","3":"status-publish","4":"has-post-thumbnail","6":"product_brand-mtm","7":"product_cat-phu-kien-phun-suong","8":"product_cat-he-thong-phun-suong","9":"product_tag-be-phn-suong","10":"product_tag-bec","11":"product_tag-bec-lam-mat","12":"product_tag-bec-phun-suong-so-5","13":"product_tag-bec-tuoi-cay","14":"product_tag-bec-tuoi-lan","15":"product_tag-phun-san-vuon","16":"product_tag-phun-suong","17":"product_tag-phun-tuoi-cay","18":"product_tag-so-5","19":"product_tag-tuoi-lan","21":"first","22":"instock","23":"sale","24":"shipping-taxable","25":"purchasable","26":"product-type-simple"},"_links":{"self":[{"href":"https:\/\/maybommini.vn\/index.php?rest_route=\/wp\/v2\/product\/255786","targetHints":{"allow":["GET"]}}],"collection":[{"href":"https:\/\/maybommini.vn\/index.php?rest_route=\/wp\/v2\/product"}],"about":[{"href":"https:\/\/maybommini.vn\/index.php?rest_route=\/wp\/v2\/types\/product"}],"replies":[{"embeddable":true,"href":"https:\/\/maybommini.vn\/index.php?rest_route=%2Fwp%2Fv2%2Fcomments&post=255786"}],"wp:featuredmedia":[{"embeddable":true,"href":"https:\/\/maybommini.vn\/index.php?rest_route=\/wp\/v2\/media\/255890"}],"wp:attachment":[{"href":"https:\/\/maybommini.vn\/index.php?rest_route=%2Fwp%2Fv2%2Fmedia&parent=255786"}],"wp:term":[{"taxonomy":"product_brand","embeddable":true,"href":"https:\/\/maybommini.vn\/index.php?rest_route=%2Fwp%2Fv2%2Fproduct_brand&post=255786"},{"taxonomy":"product_cat","embeddable":true,"href":"https:\/\/maybommini.vn\/index.php?rest_route=%2Fwp%2Fv2%2Fproduct_cat&post=255786"},{"taxonomy":"product_tag","embeddable":true,"href":"https:\/\/maybommini.vn\/index.php?rest_route=%2Fwp%2Fv2%2Fproduct_tag&post=255786"}],"curies":[{"name":"wp","href":"https:\/\/api.w.org\/{rel}","templated":true}]}}