{"id":255787,"date":"2018-04-12T19:25:28","date_gmt":"2018-04-12T12:25:28","guid":{"rendered":"https:\/\/maybommini.com\/san-pham\/import-placeholder-for-252029"},"modified":"2024-07-10T13:43:57","modified_gmt":"2024-07-10T06:43:57","slug":"may-bom-ap-luc-12v-130w-15l","status":"publish","type":"product","link":"https:\/\/maybommini.vn\/?product=may-bom-ap-luc-12v-130w-15l","title":{"rendered":"M\u00e1y b\u01a1m \u00e1p l\u1ef1c 12V 130W 15L t\u1ef1 \u0111\u1ed9ng Smartpumps DP-130"},"content":{"rendered":"<h3><strong>M\u00e1y b\u01a1m \u00e1p l\u1ef1c 12V 130W 15L t\u1ef1 \u0111\u1ed9ng Smartpumps DP-130 l\u00e0 d\u00f2ng m\u00e1y b\u01a1m n\u01b0\u1edbc \u00e1p l\u1ef1c mini 12V c\u00f3 c\u00f4ng xu\u1ea5t l\u1edbn do Maybommini.com \u0111\u1ed9c quy\u1ec1n ph\u00e2n ph\u1ed1i t\u1ea1i Vi\u1ec7t Nam v\u1edbi th\u01b0\u01a1ng hi\u1ec7u SmartPumps.<\/strong><\/h3>\n<p><strong><a href=\"https:\/\/maybommini.com\/wp-content\/uploads\/2018\/04\/May-bom-ap-luc-tu-dong-12V-130W-15L-Smartpumps-chinh-hang.jpg\" target=\"_blank\" rel=\"noopener\"><img decoding=\"async\" class=\"size-full wp-image-276381 aligncenter\" src=\"https:\/\/maybommini.com\/wp-content\/uploads\/2018\/04\/May-bom-ap-luc-tu-dong-12V-130W-15L-Smartpumps-chinh-hang.jpg\" alt=\"May Bom Ap Luc Tu Dong 12V 130W 15L Smartpumps Chinh Hang\" width=\"750\" height=\"750\" srcset=\"https:\/\/maybommini.vn\/wp-content\/uploads\/2018\/04\/May-bom-ap-luc-tu-dong-12V-130W-15L-Smartpumps-chinh-hang.jpg 750w, https:\/\/maybommini.vn\/wp-content\/uploads\/2018\/04\/May-bom-ap-luc-tu-dong-12V-130W-15L-Smartpumps-chinh-hang-300x300.jpg 300w, https:\/\/maybommini.vn\/wp-content\/uploads\/2018\/04\/May-bom-ap-luc-tu-dong-12V-130W-15L-Smartpumps-chinh-hang-150x150.jpg 150w, https:\/\/maybommini.vn\/wp-content\/uploads\/2018\/04\/May-bom-ap-luc-tu-dong-12V-130W-15L-Smartpumps-chinh-hang-600x600.jpg 600w\" sizes=\"(max-width: 750px) 100vw, 750px\" \/><\/a>TH\u00d4NG S\u1ed0 K\u1ef8 THU\u1eacT<br \/>\n<\/strong>Th\u01b0\u01a1ng hi\u1ec7u: SmartPumps<br \/>\nModel: DP-130-12V<br \/>\n\u0110i\u1ec7n \u00e1p: 12V DC<br \/>\nC\u00f4ng xu\u1ea5t: 130W<br \/>\n\u00c1p l\u1ef1c: 14kg &#8211; 1.4 Mpa<br \/>\n\u0110\u1ea9y cao tr\u00ean 5 m\u00e9t.<br \/>\nT\u1ef1 h\u00fat n\u01b0\u1edbc s\u00e2u 2 m\u00e9t.<br \/>\nL\u01b0u l\u01b0\u1ee3ng t\u1ef1 do: 15 L\/ph\u00fat<br \/>\nC\u00f4ng t\u1eaft \u00e1p l\u1ef1c t\u1ef1 \u0111\u1ed9ng ng\u1eaft \u0111i\u1ec7n khi kho\u00e1 n\u01b0\u1edbc ra.<br \/>\nM\u00e1y b\u01a1m ch\u1ed5i than cao c\u1ea5p.<br \/>\nMotor d\u00e2y \u0111\u1ed3ng.<br \/>\nLo\u1ea1i m\u00e1y b\u01a1m m\u00e0ng t\u1ef1 \u0111\u1ed9ng.<br \/>\nCh\u1eadt li\u1ec7u: \u0110\u1ed3ng &#8211; Gang &#8211; Nh\u1ef1a<br \/>\nK\u00edch th\u01b0\u1edbc: 18 x 7.5 cm<br \/>\nTr\u1ecdng l\u01b0\u1ee3ng: 2.9 kg<\/p>\n<p><strong><a href=\"https:\/\/maybommini.com\/wp-content\/uploads\/2018\/04\/May-bom-ap-luc-tu-dong-12V-130W-15L-Smartpumps-chinh-hang-cao-cap.jpg\" target=\"_blank\" rel=\"noopener\"><img decoding=\"async\" class=\"size-full wp-image-276382 aligncenter\" src=\"https:\/\/maybommini.com\/wp-content\/uploads\/2018\/04\/May-bom-ap-luc-tu-dong-12V-130W-15L-Smartpumps-chinh-hang-cao-cap.jpg\" alt=\"May Bom Ap Luc Tu Dong 12V 130W 15L Smartpumps Chinh Hang Cao Cap\" width=\"750\" height=\"750\" srcset=\"https:\/\/maybommini.vn\/wp-content\/uploads\/2018\/04\/May-bom-ap-luc-tu-dong-12V-130W-15L-Smartpumps-chinh-hang-cao-cap.jpg 750w, https:\/\/maybommini.vn\/wp-content\/uploads\/2018\/04\/May-bom-ap-luc-tu-dong-12V-130W-15L-Smartpumps-chinh-hang-cao-cap-300x300.jpg 300w, https:\/\/maybommini.vn\/wp-content\/uploads\/2018\/04\/May-bom-ap-luc-tu-dong-12V-130W-15L-Smartpumps-chinh-hang-cao-cap-150x150.jpg 150w, https:\/\/maybommini.vn\/wp-content\/uploads\/2018\/04\/May-bom-ap-luc-tu-dong-12V-130W-15L-Smartpumps-chinh-hang-cao-cap-600x600.jpg 600w\" sizes=\"(max-width: 750px) 100vw, 750px\" \/><\/a><br \/>\nPH\u1ee4 KI\u1ec6N M\u00c1Y B\u01a0M \u00c1P L\u1ef0C SMARTPUMS DP-130<br \/>\n<\/strong>&#8211; Role \u00e1p l\u1ef1c.<br \/>\n&#8211; N\u1ed1i \u1ed1ng ra ren 21mm-13.8mm<br \/>\n&#8211; N\u1ed1i \u1ed1ng v\u00e0o.<br \/>\n<strong><a href=\"https:\/\/maybommini.com\/wp-content\/uploads\/2018\/04\/ban-may-bom-ap-luc-tu-dong-12V-130W-15L-Smartpumps-chinh-hang.jpg\" target=\"_blank\" rel=\"noopener\"><img decoding=\"async\" class=\"size-full wp-image-276379 aligncenter\" src=\"https:\/\/maybommini.com\/wp-content\/uploads\/2018\/04\/ban-may-bom-ap-luc-tu-dong-12V-130W-15L-Smartpumps-chinh-hang.jpg\" alt=\"Ban May Bom Ap Luc Tu Dong 12V 130W 15L Smartpumps Chinh Hang\" width=\"750\" height=\"750\" srcset=\"https:\/\/maybommini.vn\/wp-content\/uploads\/2018\/04\/ban-may-bom-ap-luc-tu-dong-12V-130W-15L-Smartpumps-chinh-hang.jpg 750w, https:\/\/maybommini.vn\/wp-content\/uploads\/2018\/04\/ban-may-bom-ap-luc-tu-dong-12V-130W-15L-Smartpumps-chinh-hang-300x300.jpg 300w, https:\/\/maybommini.vn\/wp-content\/uploads\/2018\/04\/ban-may-bom-ap-luc-tu-dong-12V-130W-15L-Smartpumps-chinh-hang-150x150.jpg 150w, https:\/\/maybommini.vn\/wp-content\/uploads\/2018\/04\/ban-may-bom-ap-luc-tu-dong-12V-130W-15L-Smartpumps-chinh-hang-600x600.jpg 600w\" sizes=\"(max-width: 750px) 100vw, 750px\" \/><\/a><\/strong><br \/>\n<strong>H\u01af\u1edaNG D\u1eaaN S\u1eec D\u1ee4NG M\u00c1Y B\u01a0M \u00c1P L\u1ef0C MINI<\/strong><br \/>\n&#8211; L\u1eafp Role t\u1ef1 \u0111\u1ed9ng v\u00e0o \u0111\u1ea7u m\u00e1y b\u01a1m.<br \/>\n&#8211; K\u1ebft n\u1ed1i 1 s\u1ee3i d\u00e2y ngu\u1ed3n Role v\u00e0o d\u00e2y ngu\u1ed3n \u00e2m m\u00e1y b\u01a1m, 1 d\u00e2y c\u00f2n l\u1ea1i v\u00e0o ngu\u1ed3n \u00e2m \u0111i\u1ec7n.<br \/>\n&#8211; M\u00e1y t\u1ef1 ng\u1eaft \u0111i\u1ec7n th\u00f4ng qua role khi \u00e1p l\u1ef1c \u0111\u1ea7u ra t\u0103ng cao, kh\u00f3a n\u01b0\u1edbc \u0111\u1ea7u ra.<br \/>\n&#8211; S\u1eed d\u1ee5ng ngu\u1ed3n \u0111i\u1ec7n b\u00ecnh \u1eafc quy 12V t\u1eeb 7Ah tr\u1edf l\u00ean.<br \/>\n&#8211; N\u1ebfu s\u1eed d\u1ee5ng ngu\u1ed3n 220V th\u00f4ng qua bi\u1ebfn th\u1ebf, ngu\u1ed3n t\u1ed5 ong th\u00ec s\u1eed d\u1ee5ng lo\u1ea1i 12V 20A tr\u1edf l\u00ean.<br \/>\n&#8211; S\u1eed d\u1ee5ng ph\u1ea3i c\u00f3 l\u1ecdc n\u01b0\u1edbc \u0111\u1ea7u v\u00e0o tr\u00e1nh c\u1eb7n b\u1ea9n h\u01b0 h\u1ecfng \u0111\u1ea7u b\u01a1m.<br \/>\n&#8211; S\u1eed d\u1ee5ng li\u00ean l\u1ee5c tr\u00ean 180 ph\u00fat ph\u1ea3i cho m\u00e1y ngh\u1ec9 20 &#8211; 45 ph\u00fat.<br \/>\n&#8211; \u1ed0ng n\u01b0\u1edbc ra ch\u1ecbu \u0111\u01b0\u1ee3c \u00e1p l\u1ef1c cao n\u1ebfu d\u00f9ng phun x\u1ecbt v\u1edbi v\u00f2i x\u1ecbt \u00e1p l\u1ef1c, s\u00fang x\u1ecbt \u00e1p l\u1ef1c.<\/p>\n<p><strong><a href=\"https:\/\/maybommini.com\/wp-content\/uploads\/2018\/04\/cho-ban-may-bom-ap-luc-tu-dong-12V-130W-15L-Smartpumps-chinh-hang.jpg\" target=\"_blank\" rel=\"noopener\"><img decoding=\"async\" class=\"size-full wp-image-276380 aligncenter\" src=\"https:\/\/maybommini.com\/wp-content\/uploads\/2018\/04\/cho-ban-may-bom-ap-luc-tu-dong-12V-130W-15L-Smartpumps-chinh-hang.jpg\" alt=\"Cho Ban May Bom Ap Luc Tu Dong 12V 130W 15L Smartpumps Chinh Hang\" width=\"750\" height=\"750\" srcset=\"https:\/\/maybommini.vn\/wp-content\/uploads\/2018\/04\/cho-ban-may-bom-ap-luc-tu-dong-12V-130W-15L-Smartpumps-chinh-hang.jpg 750w, https:\/\/maybommini.vn\/wp-content\/uploads\/2018\/04\/cho-ban-may-bom-ap-luc-tu-dong-12V-130W-15L-Smartpumps-chinh-hang-300x300.jpg 300w, https:\/\/maybommini.vn\/wp-content\/uploads\/2018\/04\/cho-ban-may-bom-ap-luc-tu-dong-12V-130W-15L-Smartpumps-chinh-hang-150x150.jpg 150w, https:\/\/maybommini.vn\/wp-content\/uploads\/2018\/04\/cho-ban-may-bom-ap-luc-tu-dong-12V-130W-15L-Smartpumps-chinh-hang-600x600.jpg 600w\" sizes=\"(max-width: 750px) 100vw, 750px\" \/><\/a><a href=\"https:\/\/maybommini.com\/wp-content\/uploads\/2018\/04\/motor-may-bom-ap-luc-tu-dong-12V-130W-15L-Smartpumps-chinh-hang.jpg\" target=\"_blank\" rel=\"noopener\"><img decoding=\"async\" class=\"size-full wp-image-276376 aligncenter\" src=\"https:\/\/maybommini.com\/wp-content\/uploads\/2018\/04\/motor-may-bom-ap-luc-tu-dong-12V-130W-15L-Smartpumps-chinh-hang.jpg\" alt=\"Motor May Bom Ap Luc Tu Dong 12V 130W 15L Smartpumps Chinh Hang\" width=\"750\" height=\"750\" srcset=\"https:\/\/maybommini.vn\/wp-content\/uploads\/2018\/04\/motor-may-bom-ap-luc-tu-dong-12V-130W-15L-Smartpumps-chinh-hang.jpg 750w, https:\/\/maybommini.vn\/wp-content\/uploads\/2018\/04\/motor-may-bom-ap-luc-tu-dong-12V-130W-15L-Smartpumps-chinh-hang-300x300.jpg 300w, https:\/\/maybommini.vn\/wp-content\/uploads\/2018\/04\/motor-may-bom-ap-luc-tu-dong-12V-130W-15L-Smartpumps-chinh-hang-150x150.jpg 150w, https:\/\/maybommini.vn\/wp-content\/uploads\/2018\/04\/motor-may-bom-ap-luc-tu-dong-12V-130W-15L-Smartpumps-chinh-hang-600x600.jpg 600w\" sizes=\"(max-width: 750px) 100vw, 750px\" \/><\/a><a href=\"https:\/\/maybommini.com\/wp-content\/uploads\/2018\/04\/May-bom-ap-luc-tu-dong-12V-130W-15L-Smartpumps-chinh-hang-motor-day-dong-cao-cap.jpg\" target=\"_blank\" rel=\"noopener\"><img decoding=\"async\" class=\"size-full wp-image-276383 aligncenter\" src=\"https:\/\/maybommini.com\/wp-content\/uploads\/2018\/04\/May-bom-ap-luc-tu-dong-12V-130W-15L-Smartpumps-chinh-hang-motor-day-dong-cao-cap.jpg\" alt=\"May Bom Ap Luc Tu Dong 12V 130W 15L Smartpumps Chinh Hang Motor Day Dong Cao Cap\" width=\"750\" height=\"750\" srcset=\"https:\/\/maybommini.vn\/wp-content\/uploads\/2018\/04\/May-bom-ap-luc-tu-dong-12V-130W-15L-Smartpumps-chinh-hang-motor-day-dong-cao-cap.jpg 750w, https:\/\/maybommini.vn\/wp-content\/uploads\/2018\/04\/May-bom-ap-luc-tu-dong-12V-130W-15L-Smartpumps-chinh-hang-motor-day-dong-cao-cap-300x300.jpg 300w, https:\/\/maybommini.vn\/wp-content\/uploads\/2018\/04\/May-bom-ap-luc-tu-dong-12V-130W-15L-Smartpumps-chinh-hang-motor-day-dong-cao-cap-150x150.jpg 150w, https:\/\/maybommini.vn\/wp-content\/uploads\/2018\/04\/May-bom-ap-luc-tu-dong-12V-130W-15L-Smartpumps-chinh-hang-motor-day-dong-cao-cap-600x600.jpg 600w\" sizes=\"(max-width: 750px) 100vw, 750px\" \/><\/a>S\u1eec D\u1ee4NG M\u00c1Y B\u01a0M N\u01af\u1edaC \u00c1P L\u1ef0C 12V 130W 15L<br \/>\n<\/strong>M\u00e1y th\u00edch h\u1ee3p d\u00f9ng \u0111\u1ec3 phun x\u1ecbt r\u1eeda xe m\u00e1y, r\u1eeda xe \u00d4 t\u00f4, v\u1ec7 sinh nh\u00e0 c\u1eeda, v\u1ec7 sinh nh\u00e0 h\u00e0ng qu\u00e1n \u0103n, phun thu\u1ed1c tr\u1eeb s\u00e2u v\u00e0 b\u01a1m ho\u00e1 ch\u1ea5t kh\u00f4ng \u0103n m\u00f2n, phun s\u01b0\u01a1ng t\u01b0\u1edbi lan l\u00e0m v\u01b0\u1eddn.<br \/>\nM\u00e1y c\u00f3 kh\u1ea3 n\u0103ng t\u1ef1 h\u00fat kh\u00f4ng c\u1ea7n m\u1ed3i n\u01b0\u1edbc v\u00e0o n\u00ean r\u1ea5t thu\u1eadn ti\u1ec7n.<br \/>\nC\u00f3 kh\u1ea3 n\u0103ng h\u00fat v\u1edbi\u00a0\u0111\u1ed9 cao 5\u00a0\u0111\u1ebfn 9 m\u00e9t v\u00e0 h\u00fat xa 8\u00a0\u0111\u1ebfn 15 m\u00e9t.<br \/>\nM\u00e1y c\u00f3\u00a0\u00e1p l\u1ef1c cao\u00a0\u0111\u1ea9y xa v\u1edbi\u00a0\u0111\u01b0\u1eddng\u00a0\u1ed1ng 150 m\u00e9t\u00a0\u00e1p l\u1ef1c kh\u00f4ng gi\u00e3m.<\/p>\n<p><strong><a href=\"https:\/\/maybommini.com\/wp-content\/uploads\/2018\/04\/phan-phoi-may-bom-ap-luc-tu-dong-12V-130W-15L-Smartpumps-chinh-hang.jpg\" target=\"_blank\" rel=\"noopener\"><img decoding=\"async\" class=\"size-full wp-image-276377 aligncenter\" src=\"https:\/\/maybommini.com\/wp-content\/uploads\/2018\/04\/phan-phoi-may-bom-ap-luc-tu-dong-12V-130W-15L-Smartpumps-chinh-hang.jpg\" alt=\"Phan Phoi May Bom Ap Luc Tu Dong 12V 130W 15L Smartpumps Chinh Hang\" width=\"750\" height=\"750\" srcset=\"https:\/\/maybommini.vn\/wp-content\/uploads\/2018\/04\/phan-phoi-may-bom-ap-luc-tu-dong-12V-130W-15L-Smartpumps-chinh-hang.jpg 750w, https:\/\/maybommini.vn\/wp-content\/uploads\/2018\/04\/phan-phoi-may-bom-ap-luc-tu-dong-12V-130W-15L-Smartpumps-chinh-hang-300x300.jpg 300w, https:\/\/maybommini.vn\/wp-content\/uploads\/2018\/04\/phan-phoi-may-bom-ap-luc-tu-dong-12V-130W-15L-Smartpumps-chinh-hang-150x150.jpg 150w, https:\/\/maybommini.vn\/wp-content\/uploads\/2018\/04\/phan-phoi-may-bom-ap-luc-tu-dong-12V-130W-15L-Smartpumps-chinh-hang-600x600.jpg 600w\" sizes=\"(max-width: 750px) 100vw, 750px\" \/><\/a><a href=\"https:\/\/maybommini.com\/wp-content\/uploads\/2018\/04\/su-dung-may-bom-ap-luc-tu-dong-12V-130W-15L-Smartpumps-chinh-hang.jpg\" target=\"_blank\" rel=\"noopener\"><img decoding=\"async\" class=\"size-full wp-image-276378 aligncenter\" src=\"https:\/\/maybommini.com\/wp-content\/uploads\/2018\/04\/su-dung-may-bom-ap-luc-tu-dong-12V-130W-15L-Smartpumps-chinh-hang.jpg\" alt=\"Su Dung May Bom Ap Luc Tu Dong 12V 130W 15L Smartpumps Chinh Hang\" width=\"750\" height=\"750\" srcset=\"https:\/\/maybommini.vn\/wp-content\/uploads\/2018\/04\/su-dung-may-bom-ap-luc-tu-dong-12V-130W-15L-Smartpumps-chinh-hang.jpg 750w, https:\/\/maybommini.vn\/wp-content\/uploads\/2018\/04\/su-dung-may-bom-ap-luc-tu-dong-12V-130W-15L-Smartpumps-chinh-hang-300x300.jpg 300w, https:\/\/maybommini.vn\/wp-content\/uploads\/2018\/04\/su-dung-may-bom-ap-luc-tu-dong-12V-130W-15L-Smartpumps-chinh-hang-150x150.jpg 150w, https:\/\/maybommini.vn\/wp-content\/uploads\/2018\/04\/su-dung-may-bom-ap-luc-tu-dong-12V-130W-15L-Smartpumps-chinh-hang-600x600.jpg 600w\" sizes=\"(max-width: 750px) 100vw, 750px\" \/><\/a>MUA M\u00c1Y B\u01a0M N\u01af\u1edaC MINI 12V 24V 130W \u1ede \u0110\u00c2U ?<br \/>\n<\/strong>M\u1ecdi chi ti\u1ebft vui l\u00f2ng li\u00ean h\u1ec7 tr\u1ef1c ti\u1ebfp cho ch\u00fang t\u00f4i \u0111\u1ec3 \u0111\u01b0\u1ee3c t\u01b0 v\u1ea5n theo nhu c\u1ea7u \u0111\u1ec3 c\u00f3 \u0111\u01b0\u1ee3c b\u1ed9 s\u1ea3n ph\u1ea9m t\u1ed1t nh\u1ea5t v\u00e0 ti\u1ebft ki\u1ec7m. B\u1ea1n \u1edf xa v\u1eabn c\u00f3 th\u1ec3 mua h\u00e0ng v\u00e0 giao h\u00e0ng thanh to\u00e1n ti\u1ec1n t\u1ea1i nh\u00e0. Chuy\u00ean c\u00e1c lo\u1ea1i m\u00e1y b\u01a1m n\u01b0\u1edbc, b\u01a1m \u00e1p l\u1ef1c, m\u00e1y r\u1eeda xe, r\u1eeda m\u00e1y l\u1ea1nh, phun thu\u1ed1c tr\u1eeb s\u00e2u, phun s\u01b0\u01a1ng, m\u00e1y b\u01a1m h\u00f3a ch\u1ea5t.<\/p>\n<p><strong>CTY TNHH TH\u01af\u01a0NG M\u1ea0I D\u1ecaCH V\u1ee4 \u0110I\u1ec6N M\u00c1Y TH\u00d4NG MINH<\/strong><br \/>\n18Bis\/22\/3 Nguy\u1ec5n Th\u1ecb Minh Khai, Ph\u01b0\u1eddng \u0110akao, Qu\u1eadn 1 , H\u1ed3 Ch\u00ed Minh.<br \/>\nHotline: 0907294310 &#8211; 02873030399<br \/>\nEmail: maybommini.com@gmail.com<br \/>\nWebsite : https:\/\/maybommini.com<br \/>\nYoutube demo : https:\/\/www.youtube.com\/bahamasali<\/p>\n<h3 style=\"text-align: center;\">M\u00e1y b\u01a1m \u00e1p l\u1ef1c 12V 130W 15L t\u1ef1 \u0111\u1ed9ng Smartpumps DP-130<\/h3>\n<p><a href=\"https:\/\/maybommini.com\/wp-content\/uploads\/2016\/01\/rua-xe-mini-12v-ap-luc-cao.jpg\" rel=\"attachment wp-att-244601 noopener\" target=\"_blank\"><img decoding=\"async\" class=\"size-full wp-image-244601 aligncenter\" src=\"https:\/\/maybommini.com\/wp-content\/uploads\/2016\/01\/rua-xe-mini-12v-ap-luc-cao.jpg\" alt=\"rua xe mini 12v ap luc cao\" width=\"750\" height=\"668\" srcset=\"https:\/\/maybommini.vn\/wp-content\/uploads\/2016\/01\/rua-xe-mini-12v-ap-luc-cao.jpg 750w, https:\/\/maybommini.vn\/wp-content\/uploads\/2016\/01\/rua-xe-mini-12v-ap-luc-cao-600x534.jpg 600w, https:\/\/maybommini.vn\/wp-content\/uploads\/2016\/01\/rua-xe-mini-12v-ap-luc-cao-300x267.jpg 300w\" sizes=\"(max-width: 750px) 100vw, 750px\" \/><\/a><\/p>\n<p>&nbsp;<\/p>\n","protected":false},"excerpt":{"rendered":"<p>Th\u01b0\u01a1ng hi\u1ec7u: SmartPumps<br \/>\nModel: DP-130-12V<br \/>\n\u0110i\u1ec7n \u00e1p: 12V DC<br \/>\nC\u00f4ng xu\u1ea5t: 130W<br \/>\n\u00c1p l\u1ef1c: 14kg &#8211; 1.4 Mpa<br \/>\n\u0110\u1ea9y cao tr\u00ean 5 m\u00e9t.<br \/>\nT\u1ef1 h\u00fat n\u01b0\u1edbc s\u00e2u 2 m\u00e9t.<br \/>\nL\u01b0u l\u01b0\u1ee3ng t\u1ef1 do: 15 L\/ph\u00fat<br \/>\nC\u00f4ng t\u1eaft \u00e1p l\u1ef1c t\u1ef1 \u0111\u1ed9ng ng\u1eaft \u0111i\u1ec7n khi kho\u00e1 n\u01b0\u1edbc ra.<br \/>\nM\u00e1y b\u01a1m ch\u1ed5i than cao c\u1ea5p.<br \/>\nMotor d\u00e2y \u0111\u1ed3ng.<br \/>\nLo\u1ea1i m\u00e1y b\u01a1m m\u00e0ng t\u1ef1 \u0111\u1ed9ng.<br \/>\nCh\u1eadt li\u1ec7u: \u0110\u1ed3ng &#8211; Gang &#8211; Nh\u1ef1a<br \/>\nK\u00edch th\u01b0\u1edbc: 18 x 7.5 cm<br \/>\nTr\u1ecdng l\u01b0\u1ee3ng: 2.9 kg<br \/>\nB\u1ea3o h\u00e0nh 6 th\u00e1ng.<\/p>\n","protected":false},"featured_media":276381,"comment_status":"open","ping_status":"closed","template":"","meta":[],"product_brand":[],"product_cat":[197,225],"product_tag":[267,1741,285,235,4612,207,231,1742,420,316,471],"class_list":{"0":"post-255787","1":"product","2":"type-product","3":"status-publish","4":"has-post-thumbnail","6":"product_cat-may-bom-ap-luc-12v","7":"product_cat-may-bom-nuoc-mini-12v","8":"product_tag-12v","9":"product_tag-12v-130w","10":"product_tag-bom-ap-luc","11":"product_tag-bom-nuoc-mini","12":"product_tag-dp-1130","13":"product_tag-may-bom-ap-luc","14":"product_tag-may-bom-mini","15":"product_tag-may-bom-rua-xe","16":"product_tag-smartpumps","17":"product_tag-ve-sinh-may-lanh","18":"product_tag-xit-rua-xe-mini","20":"first","21":"instock","22":"sale","23":"shipping-taxable","24":"purchasable","25":"product-type-simple"},"_links":{"self":[{"href":"https:\/\/maybommini.vn\/index.php?rest_route=\/wp\/v2\/product\/255787","targetHints":{"allow":["GET"]}}],"collection":[{"href":"https:\/\/maybommini.vn\/index.php?rest_route=\/wp\/v2\/product"}],"about":[{"href":"https:\/\/maybommini.vn\/index.php?rest_route=\/wp\/v2\/types\/product"}],"replies":[{"embeddable":true,"href":"https:\/\/maybommini.vn\/index.php?rest_route=%2Fwp%2Fv2%2Fcomments&post=255787"}],"wp:featuredmedia":[{"embeddable":true,"href":"https:\/\/maybommini.vn\/index.php?rest_route=\/wp\/v2\/media\/276381"}],"wp:attachment":[{"href":"https:\/\/maybommini.vn\/index.php?rest_route=%2Fwp%2Fv2%2Fmedia&parent=255787"}],"wp:term":[{"taxonomy":"product_brand","embeddable":true,"href":"https:\/\/maybommini.vn\/index.php?rest_route=%2Fwp%2Fv2%2Fproduct_brand&post=255787"},{"taxonomy":"product_cat","embeddable":true,"href":"https:\/\/maybommini.vn\/index.php?rest_route=%2Fwp%2Fv2%2Fproduct_cat&post=255787"},{"taxonomy":"product_tag","embeddable":true,"href":"https:\/\/maybommini.vn\/index.php?rest_route=%2Fwp%2Fv2%2Fproduct_tag&post=255787"}],"curies":[{"name":"wp","href":"https:\/\/api.w.org\/{rel}","templated":true}]}}