{"id":255788,"date":"2018-04-12T19:25:28","date_gmt":"2018-04-12T12:25:28","guid":{"rendered":"https:\/\/maybommini.com\/san-pham\/import-placeholder-for-252030"},"modified":"2018-05-15T11:12:16","modified_gmt":"2018-05-15T04:12:16","slug":"bo-sung-xit-va-ong-day-10-met-cao-cap","status":"publish","type":"product","link":"https:\/\/maybommini.vn\/?product=bo-sung-xit-va-ong-day-10-met-cao-cap","title":{"rendered":"B\u1ed9 s\u00fang x\u1ecbt v\u00e0 \u1ed1ng d\u00e2y 10 m\u00e9t cao c\u1ea5p"},"content":{"rendered":"<p><strong>B\u1ed9 s\u00fang x\u1ecbt v\u00e0 \u1ed1ng d\u00e2y 10 m\u00e9t cao c\u1ea5p chuy\u00ean d\u1ee5ng\u00a0\u0111\u1ec3 x\u1ecbt r\u1eeda\u00a0\u00e1p l\u1ef1c cao r\u1ea5t th\u00edch h\u1ee3p v\u1edbi c\u00e1c lo\u1ea1i m\u00e1y b\u01a1m gia\u00a0\u0111\u00ecnh, h\u1ec7 th\u1ed1ng n\u01b0\u1edbc sinh ho\u1ea1t, n\u01b0\u1edbc m\u00e1y\u00a0\u00e1p l\u1ef1c d\u00f9ng v\u1ec7 sinh nh\u00e0 c\u1eeda r\u1eeda xe v\u1ec7 sinh m\u00e1y l\u1ea1nh\u00a0v\u00e0 t\u01b0\u1edbi c\u00e2y.<\/strong><\/p>\n<p><a href=\"http:\/\/maybommini.com\/wp-content\/uploads\/2016\/01\/bo-ong-day-va-sung-xit-ap-luc.jpg\" rel=\"attachment wp-att-244712 noopener\" target=\"_blank\"><img decoding=\"async\" class=\"size-full wp-image-244712 aligncenter\" src=\"http:\/\/maybommini.com\/wp-content\/uploads\/2016\/01\/bo-ong-day-va-sung-xit-ap-luc.jpg\" alt=\"bo ong day va sung xit ap luc\" width=\"750\" height=\"815\" srcset=\"https:\/\/maybommini.vn\/wp-content\/uploads\/2016\/01\/bo-ong-day-va-sung-xit-ap-luc.jpg 750w, https:\/\/maybommini.vn\/wp-content\/uploads\/2016\/01\/bo-ong-day-va-sung-xit-ap-luc-600x652.jpg 600w, https:\/\/maybommini.vn\/wp-content\/uploads\/2016\/01\/bo-ong-day-va-sung-xit-ap-luc-276x300.jpg 276w\" sizes=\"(max-width: 750px) 100vw, 750px\" \/><\/a><\/p>\n<h2><strong>B\u1ed9 s\u00fang x\u1ecbt v\u00e0 \u1ed1ng d\u00e2y 10 m\u00e9t cao c\u1ea5p<\/strong><\/h2>\n<p>S\u00fang x\u1ecbt \u00e1p l\u1ef1c<br \/>\n\u1ed0ng d\u00e2y 10 m\u00e9t<br \/>\nCh\u1ea5t li\u1ec7u PVC cao c\u1ea5p<br \/>\nPh\u1ee5 ki\u1ec7n n\u1ed1i\u00a0\u1ed1ng<\/p>\n<p><a href=\"http:\/\/maybommini.com\/wp-content\/uploads\/2016\/01\/sung-xit-ap-luc-chinh-nhieu-tia.gif\" rel=\"attachment wp-att-244714 noopener\" target=\"_blank\"><img decoding=\"async\" class=\"size-full wp-image-244714 aligncenter\" src=\"http:\/\/maybommini.com\/wp-content\/uploads\/2016\/01\/sung-xit-ap-luc-chinh-nhieu-tia.gif\" alt=\"sung xit ap luc chinh tia\" width=\"750\" height=\"750\" \/><\/a><\/p>\n<p><a href=\"http:\/\/maybommini.com\/wp-content\/uploads\/2016\/01\/sung-xit-ap-luc-cao-cap.gif\" rel=\"attachment wp-att-244715 noopener\" target=\"_blank\"><img decoding=\"async\" class=\"size-full wp-image-244715 aligncenter\" src=\"http:\/\/maybommini.com\/wp-content\/uploads\/2016\/01\/sung-xit-ap-luc-cao-cap.gif\" alt=\"sung xit ap luc cao cap\" width=\"750\" height=\"600\" \/><\/a>S\u00fang x\u1ecbt c\u00f3 kh\u1ea3 n\u0103ng ch\u1ecbu l\u1ef1c r\u1ea5t cao.<\/p>\n<p><a href=\"http:\/\/maybommini.com\/wp-content\/uploads\/2016\/01\/sung-xit-ap-luc-cao.jpg\" rel=\"attachment wp-att-244716 noopener\" target=\"_blank\"><img decoding=\"async\" class=\"size-full wp-image-244716 aligncenter\" src=\"http:\/\/maybommini.com\/wp-content\/uploads\/2016\/01\/sung-xit-ap-luc-cao.jpg\" alt=\"sung xit ap luc cao\" width=\"790\" height=\"592\" srcset=\"https:\/\/maybommini.vn\/wp-content\/uploads\/2016\/01\/sung-xit-ap-luc-cao.jpg 790w, https:\/\/maybommini.vn\/wp-content\/uploads\/2016\/01\/sung-xit-ap-luc-cao-600x450.jpg 600w, https:\/\/maybommini.vn\/wp-content\/uploads\/2016\/01\/sung-xit-ap-luc-cao-300x225.jpg 300w, https:\/\/maybommini.vn\/wp-content\/uploads\/2016\/01\/sung-xit-ap-luc-cao-768x576.jpg 768w\" sizes=\"(max-width: 790px) 100vw, 790px\" \/><\/a><\/p>\n<p>\u1ed0ng d\u00e2y\u00a0\u0111\u01b0\u1ee3c l\u00e0m b\u1eb1ng 3 l\u1edbp c\u00f3 kh\u1ea3 n\u0103ng ch\u1ecbu\u00a0\u0111\u01b0\u1ee3c c\u00e1c l\u1ef1c m\u00e1y b\u01a1m.<br \/>\n<a href=\"http:\/\/maybommini.com\/wp-content\/uploads\/2016\/01\/cau-tao-ong-day-ap-luc-1.jpg\" rel=\"attachment wp-att-244718 noopener\" target=\"_blank\"><img decoding=\"async\" class=\"size-full wp-image-244718 aligncenter\" src=\"http:\/\/maybommini.com\/wp-content\/uploads\/2016\/01\/cau-tao-ong-day-ap-luc-1.jpg\" alt=\"cau tao ong day ap luc rua xe\" width=\"790\" height=\"391\" srcset=\"https:\/\/maybommini.vn\/wp-content\/uploads\/2016\/01\/cau-tao-ong-day-ap-luc-1.jpg 790w, https:\/\/maybommini.vn\/wp-content\/uploads\/2016\/01\/cau-tao-ong-day-ap-luc-1-600x297.jpg 600w, https:\/\/maybommini.vn\/wp-content\/uploads\/2016\/01\/cau-tao-ong-day-ap-luc-1-300x148.jpg 300w, https:\/\/maybommini.vn\/wp-content\/uploads\/2016\/01\/cau-tao-ong-day-ap-luc-1-768x380.jpg 768w\" sizes=\"(max-width: 790px) 100vw, 790px\" \/><\/a><\/p>\n<p><a href=\"http:\/\/maybommini.com\/wp-content\/uploads\/2016\/01\/voi-xit-ap-luc-cao.jpg\" rel=\"attachment wp-att-244723 noopener\" target=\"_blank\"><img decoding=\"async\" class=\"size-full wp-image-244723 aligncenter\" src=\"http:\/\/maybommini.com\/wp-content\/uploads\/2016\/01\/voi-xit-ap-luc-cao.jpg\" alt=\"voi xit ap luc cao\" width=\"790\" height=\"873\" srcset=\"https:\/\/maybommini.vn\/wp-content\/uploads\/2016\/01\/voi-xit-ap-luc-cao.jpg 790w, https:\/\/maybommini.vn\/wp-content\/uploads\/2016\/01\/voi-xit-ap-luc-cao-600x663.jpg 600w, https:\/\/maybommini.vn\/wp-content\/uploads\/2016\/01\/voi-xit-ap-luc-cao-271x300.jpg 271w, https:\/\/maybommini.vn\/wp-content\/uploads\/2016\/01\/voi-xit-ap-luc-cao-768x849.jpg 768w\" sizes=\"(max-width: 790px) 100vw, 790px\" \/><\/a><\/p>\n<p><a href=\"http:\/\/maybommini.com\/wp-content\/uploads\/2016\/01\/sung-xit-rua-ap-luc.jpg\" rel=\"attachment wp-att-244719 noopener\" target=\"_blank\"><img decoding=\"async\" class=\"size-full wp-image-244719 aligncenter\" src=\"http:\/\/maybommini.com\/wp-content\/uploads\/2016\/01\/sung-xit-rua-ap-luc.jpg\" alt=\"sung xit rua ap luc\" width=\"750\" height=\"600\" srcset=\"https:\/\/maybommini.vn\/wp-content\/uploads\/2016\/01\/sung-xit-rua-ap-luc.jpg 750w, https:\/\/maybommini.vn\/wp-content\/uploads\/2016\/01\/sung-xit-rua-ap-luc-600x480.jpg 600w, https:\/\/maybommini.vn\/wp-content\/uploads\/2016\/01\/sung-xit-rua-ap-luc-300x240.jpg 300w\" sizes=\"(max-width: 750px) 100vw, 750px\" \/>S\u00fa<\/a>ng x\u1ecbt c\u00f3 kh\u1ea3 n\u0103ng ch\u1ec9nh\u00a0\u0111\u01b0\u1ee3c nhi\u1ec1u tia r\u1ea5t thu\u1eadn ti\u1ec7n trong vi\u1ec7c x\u1ecbt r\u1eeda xe v\u00e0 c\u00e1c v\u1eadt d\u1ee5ng gia\u00a0\u0111\u00ecnh.<\/p>\n<p><a href=\"http:\/\/maybommini.com\/wp-content\/uploads\/2016\/01\/voi-xit-ap-luc-rua-xe.jpg\" rel=\"attachment wp-att-244720 noopener\" target=\"_blank\"><img decoding=\"async\" class=\"size-full wp-image-244720 aligncenter\" src=\"http:\/\/maybommini.com\/wp-content\/uploads\/2016\/01\/voi-xit-ap-luc-rua-xe.jpg\" alt=\"voi xit ap luc rua xe\" width=\"1001\" height=\"637\" srcset=\"https:\/\/maybommini.vn\/wp-content\/uploads\/2016\/01\/voi-xit-ap-luc-rua-xe.jpg 1001w, https:\/\/maybommini.vn\/wp-content\/uploads\/2016\/01\/voi-xit-ap-luc-rua-xe-600x382.jpg 600w, https:\/\/maybommini.vn\/wp-content\/uploads\/2016\/01\/voi-xit-ap-luc-rua-xe-300x191.jpg 300w, https:\/\/maybommini.vn\/wp-content\/uploads\/2016\/01\/voi-xit-ap-luc-rua-xe-768x489.jpg 768w\" sizes=\"(max-width: 1001px) 100vw, 1001px\" \/><\/a><\/p>\n<p><a href=\"http:\/\/maybommini.com\/wp-content\/uploads\/2016\/01\/sung-xit-va-ong-day-ap-luc-cao.jpg\" rel=\"attachment wp-att-244721 noopener\" target=\"_blank\"><img decoding=\"async\" class=\"size-full wp-image-244721 aligncenter\" src=\"http:\/\/maybommini.com\/wp-content\/uploads\/2016\/01\/sung-xit-va-ong-day-ap-luc-cao.jpg\" alt=\"sung xit va ong day ap luc\" width=\"1000\" height=\"735\" srcset=\"https:\/\/maybommini.vn\/wp-content\/uploads\/2016\/01\/sung-xit-va-ong-day-ap-luc-cao.jpg 1000w, https:\/\/maybommini.vn\/wp-content\/uploads\/2016\/01\/sung-xit-va-ong-day-ap-luc-cao-600x441.jpg 600w, https:\/\/maybommini.vn\/wp-content\/uploads\/2016\/01\/sung-xit-va-ong-day-ap-luc-cao-300x221.jpg 300w, https:\/\/maybommini.vn\/wp-content\/uploads\/2016\/01\/sung-xit-va-ong-day-ap-luc-cao-768x564.jpg 768w\" sizes=\"(max-width: 1000px) 100vw, 1000px\" \/><\/a><\/p>\n<p><a href=\"http:\/\/maybommini.com\/wp-content\/uploads\/2016\/01\/ong-day-ap-luc-cao.jpg\" rel=\"attachment wp-att-244722 noopener\" target=\"_blank\"><img decoding=\"async\" class=\"size-full wp-image-244722 aligncenter\" src=\"http:\/\/maybommini.com\/wp-content\/uploads\/2016\/01\/ong-day-ap-luc-cao.jpg\" alt=\"cong day ap luc cao\" width=\"790\" height=\"457\" srcset=\"https:\/\/maybommini.vn\/wp-content\/uploads\/2016\/01\/ong-day-ap-luc-cao.jpg 790w, https:\/\/maybommini.vn\/wp-content\/uploads\/2016\/01\/ong-day-ap-luc-cao-600x347.jpg 600w, https:\/\/maybommini.vn\/wp-content\/uploads\/2016\/01\/ong-day-ap-luc-cao-300x174.jpg 300w, https:\/\/maybommini.vn\/wp-content\/uploads\/2016\/01\/ong-day-ap-luc-cao-768x444.jpg 768w\" sizes=\"(max-width: 790px) 100vw, 790px\" \/><\/a><\/p>\n<p><strong>Mua\u00a0B\u1ed9 s\u00fang x\u1ecbt v\u00e0 \u1ed1ng d\u00e2y 10 m\u00e9t cao c\u1ea5p\u00a0\u1edf\u00a0\u0111\u00e2u ?<\/strong><\/p>\n<p>M\u1ecdi chi ti\u1ebft vui l\u00f2ng li\u00ean h\u1ec7 tr\u1ef1c ti\u1ebfp cho ch\u00fang t\u00f4i \u0111\u1ec3 \u0111\u01b0\u1ee3c t\u01b0 v\u1ea5n theo nhu c\u1ea7u \u0111\u1ec3 c\u00f3 \u0111\u01b0\u1ee3c b\u1ed9 s\u1ea3n ph\u1ea9m t\u1ed1t nh\u1ea5t v\u00e0 ti\u1ebft ki\u1ec7m.\u00a0B\u1ea1n \u1edf xa v\u1eabn c\u00f3 th\u1ec3 mua h\u00e0ng v\u00e0 giao h\u00e0ng <a title=\"thanh to\u00e1n\" href=\"http:\/\/maybommini.com\/thanh-toan\" target=\"_blank\" rel=\"noopener\">thanh to\u00e1n<\/a> ti\u1ec1n t\u1ea1i nh\u00e0.<\/p>\n<p><strong>CTY TNHH TH\u01af\u01a0NG M\u1ea0I D\u1ecaCH V\u1ee4 \u0110I\u1ec6N M\u00c1Y TH\u00d4NG MINH<\/strong><br \/>\nHotline : 090 729 4310<br \/>\nEmail : maybommini.com@gmail.com<br \/>\nWebsite : http:\/\/maybommini.com<br \/>\nFacebook : <a href=\"https:\/\/www.facebook.com\/maybommini\" target=\"_blank\" rel=\"noopener\">https:\/\/www.facebook.com\/maybommini<\/a><br \/>\nGoogle : <a href=\"https:\/\/plus.google.com\/ Maybomnuocminiruaxe\" target=\"_blank\" rel=\"noopener\">https:\/\/plus.google.com\/ Maybomnuocminiruaxe<\/a><br \/>\nYoutube demo : <a href=\"https:\/\/www.youtube.com\/bahamasali\" target=\"_blank\" rel=\"noopener\">https:\/\/www.youtube.com\/bahamasali<\/a><\/p>\n<p><a href=\"https:\/\/maybommini.com\/wp-content\/uploads\/2018\/04\/sung-xit-ap-luc-va-ong-day-1.jpg\" target=\"_blank\" rel=\"noopener\"><img decoding=\"async\" class=\"size-full wp-image-258525 aligncenter\" src=\"https:\/\/maybommini.com\/wp-content\/uploads\/2018\/04\/sung-xit-ap-luc-va-ong-day-1.jpg\" alt=\"Sung Xit Ap Luc Va Ong Day\" width=\"820\" height=\"820\" srcset=\"https:\/\/maybommini.vn\/wp-content\/uploads\/2018\/04\/sung-xit-ap-luc-va-ong-day-1.jpg 820w, https:\/\/maybommini.vn\/wp-content\/uploads\/2018\/04\/sung-xit-ap-luc-va-ong-day-1-300x300.jpg 300w, https:\/\/maybommini.vn\/wp-content\/uploads\/2018\/04\/sung-xit-ap-luc-va-ong-day-1-150x150.jpg 150w, https:\/\/maybommini.vn\/wp-content\/uploads\/2018\/04\/sung-xit-ap-luc-va-ong-day-1-600x600.jpg 600w\" sizes=\"(max-width: 820px) 100vw, 820px\" \/><\/a><\/p>\n<h3 style=\"text-align: center;\">May Bom Mini<\/h3>\n","protected":false},"excerpt":{"rendered":"<p>S\u00fang x\u1ecbt \u00e1p l\u1ef1c<br \/>\n\u1ed0ng d\u00e2y 10 m\u00e9t<br \/>\nCh\u1ea5t li\u1ec7u PVC cao c\u1ea5p<br \/>\nPh\u1ee5 ki\u1ec7n n\u1ed1i\u00a0\u1ed1ng<br \/>\nB\u1ea3o h\u00e0nh 3 th\u00e1ng<\/p>\n","protected":false},"featured_media":258525,"comment_status":"open","ping_status":"closed","template":"","meta":[],"product_brand":[],"product_cat":[216,215],"product_tag":[472,473,252,246,247,210,217,250,219,220,253,222,474,475],"class_list":{"0":"post-255788","1":"product","2":"type-product","3":"status-publish","4":"has-post-thumbnail","6":"product_cat-sung-phun-xit-ap-luc-cao","7":"product_cat-phu-kien-xit-rua-ap-luc","8":"product_tag-10-met","9":"product_tag-bo-sung-ong-tuoi-vuon","10":"product_tag-mua-sung-xit","11":"product_tag-ong-day","12":"product_tag-ong-day-rua-xe","13":"product_tag-rua-xe","14":"product_tag-sung-ap-luc","15":"product_tag-sung-phun-nuoc-ap-luc","16":"product_tag-sung-rua-xe","17":"product_tag-sung-rua-xe-may-dung-cho-may-bom-12v","18":"product_tag-sung-xit","19":"product_tag-sung-xit-nuoc","20":"product_tag-tuoi-cay","21":"product_tag-ve-sinh-nha-cua","23":"first","24":"instock","25":"sale","26":"shipping-taxable","27":"purchasable","28":"product-type-simple"},"_links":{"self":[{"href":"https:\/\/maybommini.vn\/index.php?rest_route=\/wp\/v2\/product\/255788","targetHints":{"allow":["GET"]}}],"collection":[{"href":"https:\/\/maybommini.vn\/index.php?rest_route=\/wp\/v2\/product"}],"about":[{"href":"https:\/\/maybommini.vn\/index.php?rest_route=\/wp\/v2\/types\/product"}],"replies":[{"embeddable":true,"href":"https:\/\/maybommini.vn\/index.php?rest_route=%2Fwp%2Fv2%2Fcomments&post=255788"}],"wp:featuredmedia":[{"embeddable":true,"href":"https:\/\/maybommini.vn\/index.php?rest_route=\/wp\/v2\/media\/258525"}],"wp:attachment":[{"href":"https:\/\/maybommini.vn\/index.php?rest_route=%2Fwp%2Fv2%2Fmedia&parent=255788"}],"wp:term":[{"taxonomy":"product_brand","embeddable":true,"href":"https:\/\/maybommini.vn\/index.php?rest_route=%2Fwp%2Fv2%2Fproduct_brand&post=255788"},{"taxonomy":"product_cat","embeddable":true,"href":"https:\/\/maybommini.vn\/index.php?rest_route=%2Fwp%2Fv2%2Fproduct_cat&post=255788"},{"taxonomy":"product_tag","embeddable":true,"href":"https:\/\/maybommini.vn\/index.php?rest_route=%2Fwp%2Fv2%2Fproduct_tag&post=255788"}],"curies":[{"name":"wp","href":"https:\/\/api.w.org\/{rel}","templated":true}]}}