{"id":255789,"date":"2018-04-12T19:25:28","date_gmt":"2018-04-12T12:25:28","guid":{"rendered":"https:\/\/maybommini.com\/san-pham\/import-placeholder-for-252046"},"modified":"2018-04-12T19:27:04","modified_gmt":"2018-04-12T12:27:04","slug":"ong-day-ap-luc-luoi-xanh","status":"publish","type":"product","link":"https:\/\/maybommini.vn\/?product=ong-day-ap-luc-luoi-xanh","title":{"rendered":"\u1ed0ng d\u00e2y \u00e1p l\u1ef1c l\u01b0\u1edbi xanh"},"content":{"rendered":"<h3><strong>\u1ed0ng d\u00e2y \u00e1p l\u1ef1c l\u01b0\u1edbi xanh l\u00e0 lo\u1ea1i\u00a0\u1ed1ng 2 l\u1edbp c\u00f3 l\u01b0\u1edbi ch\u1ecbu\u00a0\u00e1p l\u1ef1c.\u00a0\u1ed0ng c\u00f3 kh\u1ea3 n\u0103ng ch\u1ecbu\u00a0\u00e1p l\u1ef1c 8kg (100 psi),\u00a0\u0111\u1eb7t t\u00ednh d\u1ebbo l\u00e0m b\u1eb1ng nh\u1ef1a cao c\u1ea5p 2 l\u1edbi.<\/strong><\/h3>\n<p><img decoding=\"async\" class=\"size-full wp-image-254334 aligncenter\" src=\"https:\/\/maybommini.com.vn\/wp-content\/uploads\/2018\/01\/ong-nuoc-deo-2-lop-1024x753-1.jpg\" alt=\"Ong Nuoc Deo 2 Lop 1024x753\" width=\"750\" height=\"750\" srcset=\"https:\/\/maybommini.vn\/wp-content\/uploads\/2018\/01\/ong-nuoc-deo-2-lop-1024x753-1.jpg 750w, https:\/\/maybommini.vn\/wp-content\/uploads\/2018\/01\/ong-nuoc-deo-2-lop-1024x753-1-300x300.jpg 300w, https:\/\/maybommini.vn\/wp-content\/uploads\/2018\/01\/ong-nuoc-deo-2-lop-1024x753-1-600x600.jpg 600w, https:\/\/maybommini.vn\/wp-content\/uploads\/2018\/01\/ong-nuoc-deo-2-lop-1024x753-1-150x150.jpg 150w, https:\/\/maybommini.vn\/wp-content\/uploads\/2018\/01\/ong-nuoc-deo-2-lop-1024x753-1-270x270.jpg 270w, https:\/\/maybommini.vn\/wp-content\/uploads\/2018\/01\/ong-nuoc-deo-2-lop-1024x753-1-375x375.jpg 375w, https:\/\/maybommini.vn\/wp-content\/uploads\/2018\/01\/ong-nuoc-deo-2-lop-1024x753-1-140x140.jpg 140w, https:\/\/maybommini.vn\/wp-content\/uploads\/2018\/01\/ong-nuoc-deo-2-lop-1024x753-1-131x131.jpg 131w, https:\/\/maybommini.vn\/wp-content\/uploads\/2018\/01\/ong-nuoc-deo-2-lop-1024x753-1-142x142.jpg 142w, https:\/\/maybommini.vn\/wp-content\/uploads\/2018\/01\/ong-nuoc-deo-2-lop-1024x753-1-164x164.jpg 164w, https:\/\/maybommini.vn\/wp-content\/uploads\/2018\/01\/ong-nuoc-deo-2-lop-1024x753-1-175x175.jpg 175w, https:\/\/maybommini.vn\/wp-content\/uploads\/2018\/01\/ong-nuoc-deo-2-lop-1024x753-1-193x193.jpg 193w, https:\/\/maybommini.vn\/wp-content\/uploads\/2018\/01\/ong-nuoc-deo-2-lop-1024x753-1-200x200.jpg 200w, https:\/\/maybommini.vn\/wp-content\/uploads\/2018\/01\/ong-nuoc-deo-2-lop-1024x753-1-204x204.jpg 204w, https:\/\/maybommini.vn\/wp-content\/uploads\/2018\/01\/ong-nuoc-deo-2-lop-1024x753-1-213x213.jpg 213w, https:\/\/maybommini.vn\/wp-content\/uploads\/2018\/01\/ong-nuoc-deo-2-lop-1024x753-1-248x248.jpg 248w, https:\/\/maybommini.vn\/wp-content\/uploads\/2018\/01\/ong-nuoc-deo-2-lop-1024x753-1-260x260.jpg 260w\" sizes=\"(max-width: 750px) 100vw, 750px\" \/><\/p>\n<h2><strong>\u0110\u1eb6T T\u00cdNH K\u1ef8 THU\u1eacT\u00a0\u1ed0NG L\u01af\u1edaI\u00a0D\u1ebaO 12MM<\/strong><\/h2>\n<p>\u1ed0ng l\u01b0\u1edbi m\u00e0u xanh.<br \/>\nCh\u1ea5t li\u1ec7u nh\u1ef1a d\u1ebbo cao c\u1ea5p<br \/>\n\u0110\u01b0\u1eddng k\u00edn trong : 8 mm<br \/>\n\u0110\u01b0\u1eddng k\u00edn ngo\u00e0i : 12mm<br \/>\nChi\u1ec1u d\u00e0i : 43m\/ cu\u1ed9n.<br \/>\nCh\u1ecbu l\u1ef1c : 8 kg<br \/>\nS\u1ea3n xu\u1ea5t : H\u00e0ng Vi\u1ec7t Nam Ch\u1ea5t L\u01b0\u1ee3ng Cao<\/p>\n<p><img decoding=\"async\" class=\"size-full wp-image-254333 aligncenter\" src=\"https:\/\/maybommini.com.vn\/wp-content\/uploads\/2018\/01\/ong-nuoc-2-lop-luoi.jpg\" alt=\"Ong Nuoc 2 Lop Luoi\" width=\"750\" height=\"750\" srcset=\"https:\/\/maybommini.vn\/wp-content\/uploads\/2018\/01\/ong-nuoc-2-lop-luoi.jpg 750w, https:\/\/maybommini.vn\/wp-content\/uploads\/2018\/01\/ong-nuoc-2-lop-luoi-300x300.jpg 300w, https:\/\/maybommini.vn\/wp-content\/uploads\/2018\/01\/ong-nuoc-2-lop-luoi-600x600.jpg 600w, https:\/\/maybommini.vn\/wp-content\/uploads\/2018\/01\/ong-nuoc-2-lop-luoi-150x150.jpg 150w, https:\/\/maybommini.vn\/wp-content\/uploads\/2018\/01\/ong-nuoc-2-lop-luoi-270x270.jpg 270w, https:\/\/maybommini.vn\/wp-content\/uploads\/2018\/01\/ong-nuoc-2-lop-luoi-375x375.jpg 375w, https:\/\/maybommini.vn\/wp-content\/uploads\/2018\/01\/ong-nuoc-2-lop-luoi-140x140.jpg 140w, https:\/\/maybommini.vn\/wp-content\/uploads\/2018\/01\/ong-nuoc-2-lop-luoi-131x131.jpg 131w, https:\/\/maybommini.vn\/wp-content\/uploads\/2018\/01\/ong-nuoc-2-lop-luoi-142x142.jpg 142w, https:\/\/maybommini.vn\/wp-content\/uploads\/2018\/01\/ong-nuoc-2-lop-luoi-164x164.jpg 164w, https:\/\/maybommini.vn\/wp-content\/uploads\/2018\/01\/ong-nuoc-2-lop-luoi-175x175.jpg 175w, https:\/\/maybommini.vn\/wp-content\/uploads\/2018\/01\/ong-nuoc-2-lop-luoi-193x193.jpg 193w, https:\/\/maybommini.vn\/wp-content\/uploads\/2018\/01\/ong-nuoc-2-lop-luoi-200x200.jpg 200w, https:\/\/maybommini.vn\/wp-content\/uploads\/2018\/01\/ong-nuoc-2-lop-luoi-204x204.jpg 204w, https:\/\/maybommini.vn\/wp-content\/uploads\/2018\/01\/ong-nuoc-2-lop-luoi-213x213.jpg 213w, https:\/\/maybommini.vn\/wp-content\/uploads\/2018\/01\/ong-nuoc-2-lop-luoi-248x248.jpg 248w, https:\/\/maybommini.vn\/wp-content\/uploads\/2018\/01\/ong-nuoc-2-lop-luoi-260x260.jpg 260w\" sizes=\"(max-width: 750px) 100vw, 750px\" \/><br \/>\n<strong>S\u1eec\u00a0D\u1ee4NG\u00a0\u1ed0NG L\u01af\u1edaI D\u1ebaO 2 L\u1edaP<br \/>\n<\/strong>D\u00f9ng t\u1ed1t cho c\u00e1c lo\u1ea1i m\u00e1y b\u01a1m n\u01b0\u1edbc mini, m\u00e1y b\u01a1m\u00a0\u00e1p l\u1ef1c mini 12v 24v.<br \/>\nD\u00f9ng x\u1ecbt r\u1eeda xe, v\u1ec7 sinh m\u00e1y l\u1ea1nh, phun thu\u1ed1c tr\u1eeb s\u00e2u,\u00a0\u1ed1ng d\u1eabn n\u01b0\u1edbc h\u1ec7 th\u1ed1ng.<\/p>\n<p><img decoding=\"async\" class=\"size-full wp-image-254334 aligncenter\" src=\"https:\/\/maybommini.com.vn\/wp-content\/uploads\/2018\/01\/ong-nuoc-deo-2-lop-1024x753-1.jpg\" alt=\"Ong Nuoc Deo 2 Lop 1024x753\" width=\"750\" height=\"750\" srcset=\"https:\/\/maybommini.vn\/wp-content\/uploads\/2018\/01\/ong-nuoc-deo-2-lop-1024x753-1.jpg 750w, https:\/\/maybommini.vn\/wp-content\/uploads\/2018\/01\/ong-nuoc-deo-2-lop-1024x753-1-300x300.jpg 300w, https:\/\/maybommini.vn\/wp-content\/uploads\/2018\/01\/ong-nuoc-deo-2-lop-1024x753-1-600x600.jpg 600w, https:\/\/maybommini.vn\/wp-content\/uploads\/2018\/01\/ong-nuoc-deo-2-lop-1024x753-1-150x150.jpg 150w, https:\/\/maybommini.vn\/wp-content\/uploads\/2018\/01\/ong-nuoc-deo-2-lop-1024x753-1-270x270.jpg 270w, https:\/\/maybommini.vn\/wp-content\/uploads\/2018\/01\/ong-nuoc-deo-2-lop-1024x753-1-375x375.jpg 375w, https:\/\/maybommini.vn\/wp-content\/uploads\/2018\/01\/ong-nuoc-deo-2-lop-1024x753-1-140x140.jpg 140w, https:\/\/maybommini.vn\/wp-content\/uploads\/2018\/01\/ong-nuoc-deo-2-lop-1024x753-1-131x131.jpg 131w, https:\/\/maybommini.vn\/wp-content\/uploads\/2018\/01\/ong-nuoc-deo-2-lop-1024x753-1-142x142.jpg 142w, https:\/\/maybommini.vn\/wp-content\/uploads\/2018\/01\/ong-nuoc-deo-2-lop-1024x753-1-164x164.jpg 164w, https:\/\/maybommini.vn\/wp-content\/uploads\/2018\/01\/ong-nuoc-deo-2-lop-1024x753-1-175x175.jpg 175w, https:\/\/maybommini.vn\/wp-content\/uploads\/2018\/01\/ong-nuoc-deo-2-lop-1024x753-1-193x193.jpg 193w, https:\/\/maybommini.vn\/wp-content\/uploads\/2018\/01\/ong-nuoc-deo-2-lop-1024x753-1-200x200.jpg 200w, https:\/\/maybommini.vn\/wp-content\/uploads\/2018\/01\/ong-nuoc-deo-2-lop-1024x753-1-204x204.jpg 204w, https:\/\/maybommini.vn\/wp-content\/uploads\/2018\/01\/ong-nuoc-deo-2-lop-1024x753-1-213x213.jpg 213w, https:\/\/maybommini.vn\/wp-content\/uploads\/2018\/01\/ong-nuoc-deo-2-lop-1024x753-1-248x248.jpg 248w, https:\/\/maybommini.vn\/wp-content\/uploads\/2018\/01\/ong-nuoc-deo-2-lop-1024x753-1-260x260.jpg 260w\" sizes=\"(max-width: 750px) 100vw, 750px\" \/><\/p>\n<p>&nbsp;<\/p>\n<p><strong>Mua\u00a0\u1ed1ng\u00a0d\u00e2y \u00e1p l\u1ef1c\u00a0r\u1eeda xe cho b\u01a1m n\u01b0\u1edbc mini 12V\u00a0\u1edf\u00a0\u0111\u00e2u ?<br \/>\n<\/strong>Ch\u00fang t\u00f4i chuy\u00ean cung c\u1ea5p c\u00e1c thi\u1ebft b\u1ecb\u00a0\u0111i\u1ec7n n\u01b0\u1edbc,\u00a0\u1ed1ng d\u00e2y\u00a0\u00e1p l\u1ef1c cao,\u00a0\u1ed1ng n\u01b0\u1edbc c\u00e1c lo\u1ea1i d\u00f9ng cho m\u00e1y b\u01a1m n\u01b0\u1edbc v\u00e0 b\u01a1m h\u01a1i.<\/p>\n<p><strong>CTY TNHH TH\u01af\u01a0NG M\u1ea0I D\u1ecaCH V\u1ee4 \u0110I\u1ec6N M\u00c1Y TH\u00d4NG MINH<\/strong><br \/>\nHotline : 090 729 4310<br \/>\nEmail : maybommini.com@gmail.com<br \/>\nWebsite : http:\/\/maybommini.com<br \/>\nFacebook : <a href=\"https:\/\/www.facebook.com\/maybommini\" target=\"_blank\" rel=\"noopener\">https:\/\/www.facebook.com\/maybommini<\/a><br \/>\nGoogle   : <a href=\"https:\/\/plus.google.com\/ Maybomnuocminiruaxe\" target=\"_blank\" rel=\"noopener\">https:\/\/plus.google.com\/ Maybomnuocminiruaxe<\/a><br \/>\nYoutube demo : <a href=\"https:\/\/www.youtube.com\/bahamasali\" target=\"_blank\" rel=\"noopener\">https:\/\/www.youtube.com\/bahamasali<\/a><\/p>\n","protected":false},"excerpt":{"rendered":"<p>\u1ed0ng l\u01b0\u1edbi m\u00e0u xanh.<br \/>\nCh\u1ea5t li\u1ec7u nh\u1ef1a d\u1ebbo cao c\u1ea5p<br \/>\n\u0110\u01b0\u1eddng k\u00edn trong : 8 mm<br \/>\n\u0110\u01b0\u1eddng k\u00edn ngo\u00e0i : 12mm<br \/>\nChi\u1ec1u d\u00e0i : 43m\/ cu\u1ed9n.<br \/>\nCh\u1ecbu l\u1ef1c : 8 kg<br \/>\nS\u1ea3n xu\u1ea5t : H\u00e0ng Vi\u1ec7t Nam Ch\u1ea5t L\u01b0\u1ee3ng Cao<br \/>\nTel : 090 729 4310<\/p>\n","protected":false},"featured_media":255897,"comment_status":"open","ping_status":"closed","template":"","meta":[],"product_brand":[],"product_cat":[215,214],"product_tag":[251,285,246,247,210,316],"class_list":{"0":"post-255789","1":"product","2":"type-product","3":"status-publish","4":"has-post-thumbnail","6":"product_cat-phu-kien-xit-rua-ap-luc","7":"product_cat-phu-kien-bom-nuoc","8":"product_tag-ap-luc","9":"product_tag-bom-ap-luc","10":"product_tag-ong-day","11":"product_tag-ong-day-rua-xe","12":"product_tag-rua-xe","13":"product_tag-ve-sinh-may-lanh","15":"first","16":"instock","17":"sale","18":"shipping-taxable","19":"purchasable","20":"product-type-simple"},"_links":{"self":[{"href":"https:\/\/maybommini.vn\/index.php?rest_route=\/wp\/v2\/product\/255789","targetHints":{"allow":["GET"]}}],"collection":[{"href":"https:\/\/maybommini.vn\/index.php?rest_route=\/wp\/v2\/product"}],"about":[{"href":"https:\/\/maybommini.vn\/index.php?rest_route=\/wp\/v2\/types\/product"}],"replies":[{"embeddable":true,"href":"https:\/\/maybommini.vn\/index.php?rest_route=%2Fwp%2Fv2%2Fcomments&post=255789"}],"wp:featuredmedia":[{"embeddable":true,"href":"https:\/\/maybommini.vn\/index.php?rest_route=\/wp\/v2\/media\/255897"}],"wp:attachment":[{"href":"https:\/\/maybommini.vn\/index.php?rest_route=%2Fwp%2Fv2%2Fmedia&parent=255789"}],"wp:term":[{"taxonomy":"product_brand","embeddable":true,"href":"https:\/\/maybommini.vn\/index.php?rest_route=%2Fwp%2Fv2%2Fproduct_brand&post=255789"},{"taxonomy":"product_cat","embeddable":true,"href":"https:\/\/maybommini.vn\/index.php?rest_route=%2Fwp%2Fv2%2Fproduct_cat&post=255789"},{"taxonomy":"product_tag","embeddable":true,"href":"https:\/\/maybommini.vn\/index.php?rest_route=%2Fwp%2Fv2%2Fproduct_tag&post=255789"}],"curies":[{"name":"wp","href":"https:\/\/api.w.org\/{rel}","templated":true}]}}