{"id":255791,"date":"2018-04-12T19:25:29","date_gmt":"2018-04-12T12:25:29","guid":{"rendered":"https:\/\/maybommini.com\/san-pham\/import-placeholder-for-252048"},"modified":"2019-07-25T09:00:41","modified_gmt":"2019-07-25T02:00:41","slug":"bom-nuoc-mini-ap-luc-24v-100w-8l","status":"publish","type":"product","link":"https:\/\/maybommini.vn\/?product=bom-nuoc-mini-ap-luc-24v-100w-8l","title":{"rendered":"B\u01a1m n\u01b0\u1edbc mini \u00e1p l\u1ef1c 24V 100W 8L"},"content":{"rendered":"<p><strong>B\u01a1m n\u01b0\u1edbc mini \u00e1p l\u1ef1c 24V 100W l\u00e0 lo\u1ea1i b\u01a1m nh\u1ecf g\u1ecdn d\u00f9ng ngu\u1ed3n 24v r\u1ea5t th\u00edch h\u1ee3p xe t\u1ea3i, xe b\u1ed3n\u00a0v\u00e0 xe 50 ch\u1ed5 \u0111\u1ec3 x\u1ecbt r\u1eeda,\u00a0phun thu\u1ed1c tr\u1eeb s\u00e2u, phun s\u01b0\u01a1ng t\u01b0\u1edbi lan v\u00e0 v\u1ec7 sinh m\u00e1y l\u1ea1nh, r\u1eeda xe m\u00e1y.\u00a0\u00a0M\u00e1y b\u01a1m n\u01b0\u1edbc mini 24v 100w\u00a0do maybommini.com\u00a0\u0111\u1ed9c quy\u1ec1n ph\u00e2n ph\u1ed1i t\u1ea1i Vi\u1ec7t Nam v\u1edbi th\u01b0\u01a1ng hi\u1ec7u SmartPumps.<\/strong><\/p>\n<p><img decoding=\"async\" class=\"size-full wp-image-254419 aligncenter\" src=\"https:\/\/maybommini.com.vn\/wp-content\/uploads\/2018\/01\/may-bom-mini-24v-100w.jpg\" alt=\"May Bom Mini 24v 100w\" width=\"750\" height=\"750\" srcset=\"https:\/\/maybommini.vn\/wp-content\/uploads\/2018\/01\/may-bom-mini-24v-100w.jpg 750w, https:\/\/maybommini.vn\/wp-content\/uploads\/2018\/01\/may-bom-mini-24v-100w-300x300.jpg 300w, https:\/\/maybommini.vn\/wp-content\/uploads\/2018\/01\/may-bom-mini-24v-100w-600x600.jpg 600w, https:\/\/maybommini.vn\/wp-content\/uploads\/2018\/01\/may-bom-mini-24v-100w-150x150.jpg 150w, https:\/\/maybommini.vn\/wp-content\/uploads\/2018\/01\/may-bom-mini-24v-100w-270x270.jpg 270w, https:\/\/maybommini.vn\/wp-content\/uploads\/2018\/01\/may-bom-mini-24v-100w-375x375.jpg 375w, https:\/\/maybommini.vn\/wp-content\/uploads\/2018\/01\/may-bom-mini-24v-100w-140x140.jpg 140w, https:\/\/maybommini.vn\/wp-content\/uploads\/2018\/01\/may-bom-mini-24v-100w-131x131.jpg 131w, https:\/\/maybommini.vn\/wp-content\/uploads\/2018\/01\/may-bom-mini-24v-100w-142x142.jpg 142w, https:\/\/maybommini.vn\/wp-content\/uploads\/2018\/01\/may-bom-mini-24v-100w-164x164.jpg 164w, https:\/\/maybommini.vn\/wp-content\/uploads\/2018\/01\/may-bom-mini-24v-100w-175x175.jpg 175w, https:\/\/maybommini.vn\/wp-content\/uploads\/2018\/01\/may-bom-mini-24v-100w-193x193.jpg 193w, https:\/\/maybommini.vn\/wp-content\/uploads\/2018\/01\/may-bom-mini-24v-100w-200x200.jpg 200w, https:\/\/maybommini.vn\/wp-content\/uploads\/2018\/01\/may-bom-mini-24v-100w-204x204.jpg 204w, https:\/\/maybommini.vn\/wp-content\/uploads\/2018\/01\/may-bom-mini-24v-100w-213x213.jpg 213w, https:\/\/maybommini.vn\/wp-content\/uploads\/2018\/01\/may-bom-mini-24v-100w-248x248.jpg 248w, https:\/\/maybommini.vn\/wp-content\/uploads\/2018\/01\/may-bom-mini-24v-100w-260x260.jpg 260w\" sizes=\"(max-width: 750px) 100vw, 750px\" \/><\/p>\n<p>&nbsp;<\/p>\n<h3><strong>TH\u00d4NG S\u1ed0 K\u1ef8 THU\u1eacT M\u00c1Y B\u01a0M\u00a0\u00c1P L\u1ef0C 24V 100W 8L<\/strong><\/h3>\n<p>M\u00e1y b\u01a1m \u00e1p l\u1ef1c SmartPumps 12V 100W 8L<br \/>\n\u0110i\u1ec7n\u00a0\u00e1p : 24V<br \/>\nC\u00f4ng xu\u1ea5t : 100W<br \/>\n\u00c1p l\u1ef1c : 11kg (1.1 Mpa)<br \/>\nL\u01b0u l\u01b0\u1ee3ng : 8L\/ph\u00fat<br \/>\nTr\u1ecdng l\u01b0\u1ee3ng : 1 Kg<br \/>\nC\u00f4ng t\u1eaft\u00a0\u00e1p l\u1ef1c t\u1ef1\u00a0\u0111\u1ed9ng ng\u1eaft \u0111i\u1ec7n\u00a0khi kho\u00e1 n\u01b0\u1edbc ra.<br \/>\n<img decoding=\"async\" class=\"size-full wp-image-254417 aligncenter\" src=\"https:\/\/maybommini.com.vn\/wp-content\/uploads\/2018\/01\/bom-nuoc-mini-24v-2.jpg\" alt=\"Bom Nuoc Mini 24v\" width=\"750\" height=\"750\" srcset=\"https:\/\/maybommini.vn\/wp-content\/uploads\/2018\/01\/bom-nuoc-mini-24v-2.jpg 750w, https:\/\/maybommini.vn\/wp-content\/uploads\/2018\/01\/bom-nuoc-mini-24v-2-300x300.jpg 300w, https:\/\/maybommini.vn\/wp-content\/uploads\/2018\/01\/bom-nuoc-mini-24v-2-600x600.jpg 600w, https:\/\/maybommini.vn\/wp-content\/uploads\/2018\/01\/bom-nuoc-mini-24v-2-150x150.jpg 150w\" sizes=\"(max-width: 750px) 100vw, 750px\" \/> <img decoding=\"async\" class=\"size-full wp-image-254420 aligncenter\" src=\"https:\/\/maybommini.com.vn\/wp-content\/uploads\/2018\/01\/may-bom-mini-24v-ap-luc-1.jpg\" alt=\"May Bom Mini 24v Ap Luc\" width=\"750\" height=\"750\" srcset=\"https:\/\/maybommini.vn\/wp-content\/uploads\/2018\/01\/may-bom-mini-24v-ap-luc-1.jpg 750w, https:\/\/maybommini.vn\/wp-content\/uploads\/2018\/01\/may-bom-mini-24v-ap-luc-1-300x300.jpg 300w, https:\/\/maybommini.vn\/wp-content\/uploads\/2018\/01\/may-bom-mini-24v-ap-luc-1-600x600.jpg 600w, https:\/\/maybommini.vn\/wp-content\/uploads\/2018\/01\/may-bom-mini-24v-ap-luc-1-150x150.jpg 150w, https:\/\/maybommini.vn\/wp-content\/uploads\/2018\/01\/may-bom-mini-24v-ap-luc-1-270x270.jpg 270w, https:\/\/maybommini.vn\/wp-content\/uploads\/2018\/01\/may-bom-mini-24v-ap-luc-1-375x375.jpg 375w, https:\/\/maybommini.vn\/wp-content\/uploads\/2018\/01\/may-bom-mini-24v-ap-luc-1-140x140.jpg 140w, https:\/\/maybommini.vn\/wp-content\/uploads\/2018\/01\/may-bom-mini-24v-ap-luc-1-131x131.jpg 131w, https:\/\/maybommini.vn\/wp-content\/uploads\/2018\/01\/may-bom-mini-24v-ap-luc-1-142x142.jpg 142w, https:\/\/maybommini.vn\/wp-content\/uploads\/2018\/01\/may-bom-mini-24v-ap-luc-1-164x164.jpg 164w, https:\/\/maybommini.vn\/wp-content\/uploads\/2018\/01\/may-bom-mini-24v-ap-luc-1-175x175.jpg 175w, https:\/\/maybommini.vn\/wp-content\/uploads\/2018\/01\/may-bom-mini-24v-ap-luc-1-193x193.jpg 193w, https:\/\/maybommini.vn\/wp-content\/uploads\/2018\/01\/may-bom-mini-24v-ap-luc-1-200x200.jpg 200w, https:\/\/maybommini.vn\/wp-content\/uploads\/2018\/01\/may-bom-mini-24v-ap-luc-1-204x204.jpg 204w, https:\/\/maybommini.vn\/wp-content\/uploads\/2018\/01\/may-bom-mini-24v-ap-luc-1-213x213.jpg 213w, https:\/\/maybommini.vn\/wp-content\/uploads\/2018\/01\/may-bom-mini-24v-ap-luc-1-248x248.jpg 248w, https:\/\/maybommini.vn\/wp-content\/uploads\/2018\/01\/may-bom-mini-24v-ap-luc-1-260x260.jpg 260w\" sizes=\"(max-width: 750px) 100vw, 750px\" \/><br \/>\n<strong>S\u1eec D\u1ee4NG M\u00c1Y B\u01a0M\u00a0\u00c1P L\u1ef0C 24V 100W<\/strong><\/p>\n<p>C\u00e1c d\u00f2ng m\u00e1y b\u01a1m 24V c\u00f3 v\u1ebb\u00a0\u00edt\u00a0\u0111\u01b0\u1ee3c s\u1eed d\u1ee5ng nhi\u1ec1u v\u00ec l\u00fd do ngu\u1ed3n c\u1ea5p l\u00e0 24v. Do\u00a0\u0111\u00f3 n\u00f3 kh\u00f4ng th\u00f4ng d\u1ee5ng b\u1eb1ng c\u00e1c lo\u1ea1i m\u00e1y b\u01a1m n\u01b0\u1edbc mini 12v kh\u00e1c.<br \/>\nNh\u01b0ng c\u00e1c lo\u1ea1i m\u00e1y b\u01a1m 24V\u00a0\u0111\u1eb7c bi\u1ec7t s\u1eed d\u1ee5ng nhi\u1ec1u cho c\u00e1c lo\u1ea1i xe l\u1edbn nh\u01b0 xe b\u1ed3n, xe tr\u1ed9n b\u00ea t\u00f4ng, xe 50 ch\u1ed5 ho\u1eb7c trong c\u00e1c h\u1ec7 th\u1ed1ng m\u00e1y c\u00f4ng nhi\u1ec7p, m\u00e1y t\u1ef1 \u0111\u1ed9ng.<br \/>\nB\u01a1m \u00e1p l\u1ef1c 24v 100w 8l\/p c\u00f3 kh\u1ea3 n\u0103ng b\u01a1m v\u1edbi \u00e1p l\u1ef1c l\u1edbn. V\u00e0 ngo\u00e0i ra b\u01a1m \u0111\u01b0\u1ee3c ho\u00e1 ch\u1ea5t c\u00e1c lo\u1ea1i, keo, &#8230;.<br \/>\n<img decoding=\"async\" class=\"size-full wp-image-254418 aligncenter\" src=\"https:\/\/maybommini.com.vn\/wp-content\/uploads\/2018\/01\/may-bom-hoa-chat-mini-24v-12v-1.jpg\" alt=\"May Bom Hoa Chat Mini 24v 12v\" width=\"750\" height=\"750\" srcset=\"https:\/\/maybommini.vn\/wp-content\/uploads\/2018\/01\/may-bom-hoa-chat-mini-24v-12v-1.jpg 750w, https:\/\/maybommini.vn\/wp-content\/uploads\/2018\/01\/may-bom-hoa-chat-mini-24v-12v-1-300x300.jpg 300w, https:\/\/maybommini.vn\/wp-content\/uploads\/2018\/01\/may-bom-hoa-chat-mini-24v-12v-1-600x600.jpg 600w, https:\/\/maybommini.vn\/wp-content\/uploads\/2018\/01\/may-bom-hoa-chat-mini-24v-12v-1-150x150.jpg 150w, https:\/\/maybommini.vn\/wp-content\/uploads\/2018\/01\/may-bom-hoa-chat-mini-24v-12v-1-270x270.jpg 270w, https:\/\/maybommini.vn\/wp-content\/uploads\/2018\/01\/may-bom-hoa-chat-mini-24v-12v-1-375x375.jpg 375w, https:\/\/maybommini.vn\/wp-content\/uploads\/2018\/01\/may-bom-hoa-chat-mini-24v-12v-1-140x140.jpg 140w, https:\/\/maybommini.vn\/wp-content\/uploads\/2018\/01\/may-bom-hoa-chat-mini-24v-12v-1-131x131.jpg 131w, https:\/\/maybommini.vn\/wp-content\/uploads\/2018\/01\/may-bom-hoa-chat-mini-24v-12v-1-142x142.jpg 142w, https:\/\/maybommini.vn\/wp-content\/uploads\/2018\/01\/may-bom-hoa-chat-mini-24v-12v-1-164x164.jpg 164w, https:\/\/maybommini.vn\/wp-content\/uploads\/2018\/01\/may-bom-hoa-chat-mini-24v-12v-1-175x175.jpg 175w, https:\/\/maybommini.vn\/wp-content\/uploads\/2018\/01\/may-bom-hoa-chat-mini-24v-12v-1-193x193.jpg 193w, https:\/\/maybommini.vn\/wp-content\/uploads\/2018\/01\/may-bom-hoa-chat-mini-24v-12v-1-200x200.jpg 200w, https:\/\/maybommini.vn\/wp-content\/uploads\/2018\/01\/may-bom-hoa-chat-mini-24v-12v-1-204x204.jpg 204w, https:\/\/maybommini.vn\/wp-content\/uploads\/2018\/01\/may-bom-hoa-chat-mini-24v-12v-1-213x213.jpg 213w, https:\/\/maybommini.vn\/wp-content\/uploads\/2018\/01\/may-bom-hoa-chat-mini-24v-12v-1-248x248.jpg 248w, https:\/\/maybommini.vn\/wp-content\/uploads\/2018\/01\/may-bom-hoa-chat-mini-24v-12v-1-260x260.jpg 260w\" sizes=\"(max-width: 750px) 100vw, 750px\" \/><\/p>\n<p><strong>MUA M\u00c1Y B\u01a0M N\u01af\u1edaC MINI 12V 100W \u1ede \u0110\u00c2U ?<\/strong><\/p>\n<p>M\u1ecdi chi ti\u1ebft vui l\u00f2ng li\u00ean h\u1ec7 tr\u1ef1c ti\u1ebfp cho ch\u00fang t\u00f4i \u0111\u1ec3 \u0111\u01b0\u1ee3c t\u01b0 v\u1ea5n theo nhu c\u1ea7u \u0111\u1ec3 c\u00f3 \u0111\u01b0\u1ee3c b\u1ed9 s\u1ea3n ph\u1ea9m t\u1ed1t nh\u1ea5t v\u00e0 ti\u1ebft ki\u1ec7m.\u00a0B\u1ea1n \u1edf xa v\u1eabn c\u00f3 th\u1ec3 mua h\u00e0ng v\u00e0 giao h\u00e0ng thanh to\u00e1n ti\u1ec1n t\u1ea1i nh\u00e0.<\/p>\n<p><strong>CTY TNHH TH\u01af\u01a0NG M\u1ea0I D\u1ecaCH V\u1ee4 \u0110I\u1ec6N M\u00c1Y TH\u00d4NG MINH<\/strong><br \/>\nHotline : 090 729 4310<br \/>\nEmail : maybommini.com@gmail.com<br \/>\nWebsite : http:\/\/maybommini.com<br \/>\nFacebook : <a href=\"https:\/\/www.facebook.com\/maybommini\" target=\"_blank\" rel=\"noopener\">https:\/\/www.facebook.com\/maybommini<\/a><br \/>\nGoogle : <a href=\"https:\/\/plus.google.com\/ Maybomnuocminiruaxe\" target=\"_blank\" rel=\"noopener\">https:\/\/plus.google.com\/ Maybomnuocminiruaxe<\/a><br \/>\nYoutube demo : <a href=\"https:\/\/www.youtube.com\/bahamasali\" target=\"_blank\" rel=\"noopener\">https:\/\/www.youtube.com\/bahamasali<\/a><\/p>\n","protected":false},"excerpt":{"rendered":"<p>M\u00e1y b\u01a1m \u00e1p l\u1ef1c SmartPumps 12V 100W 8L<br \/>\n\u0110i\u1ec7n\u00a0\u00e1p : 24V<br \/>\nC\u00f4ng xu\u1ea5t : 100W<br \/>\n\u00c1p l\u1ef1c : 10kg (1.0 Mpa)<br \/>\nL\u01b0u l\u01b0\u1ee3ng : 8L\/ph\u00fat<br \/>\nTr\u1ecdng l\u01b0\u1ee3ng : 1 Kg<br \/>\nC\u00f4ng t\u1eaft\u00a0\u00e1p l\u1ef1c t\u1ef1\u00a0\u0111\u1ed9ng ng\u1eaft \u0111i\u1ec7n.<br \/>\nB\u1ea3o h\u00e0ng 6 th\u00e1ng<br \/>\nKh\u1eb3ng \u0111\u1ecbnh \u0111\u1ed9 an to\u00e0n<br \/>\nCh\u1ea5t l\u01b0\u1ee3ng s\u1ea3n ph\u1ea9m v\u1edbi ng\u01b0\u1eddi ti\u00eau d\u00f9ng.<br \/>\n<strong>H\u00f4\u0309 tr\u01a1\u0323 ky\u0303 thu\u00e2\u0323t vi\u0303nh vi\u00ea\u0303n.<\/strong><br \/>\n<strong>T\u01af V\u1ea4N K\u1ef8 THU\u1eacT \u2013 MUA H\u00c0NG<br \/>\n0908997823 \u2013 0908997872<br \/>\n0907294310 \u2013 02873030399<\/strong><\/p>\n","protected":false},"featured_media":255901,"comment_status":"open","ping_status":"closed","template":"","meta":[],"product_brand":[],"product_cat":[485,486],"product_tag":[487,488,251,489,490,275,491,420,492],"class_list":{"0":"post-255791","1":"product","2":"type-product","3":"status-publish","4":"has-post-thumbnail","6":"product_cat-may-bom-ap-luc-24v","7":"product_cat-may-bom-nuoc-mini-24v","8":"product_tag-100w","9":"product_tag-24v","10":"product_tag-ap-luc","11":"product_tag-bom-nuoc","12":"product_tag-may-bom-xe-bon","13":"product_tag-mini","14":"product_tag-nguon-24v","15":"product_tag-smartpumps","16":"product_tag-xe-50-cho","18":"first","19":"instock","20":"sale","21":"shipping-taxable","22":"purchasable","23":"product-type-simple"},"_links":{"self":[{"href":"https:\/\/maybommini.vn\/index.php?rest_route=\/wp\/v2\/product\/255791","targetHints":{"allow":["GET"]}}],"collection":[{"href":"https:\/\/maybommini.vn\/index.php?rest_route=\/wp\/v2\/product"}],"about":[{"href":"https:\/\/maybommini.vn\/index.php?rest_route=\/wp\/v2\/types\/product"}],"replies":[{"embeddable":true,"href":"https:\/\/maybommini.vn\/index.php?rest_route=%2Fwp%2Fv2%2Fcomments&post=255791"}],"wp:featuredmedia":[{"embeddable":true,"href":"https:\/\/maybommini.vn\/index.php?rest_route=\/wp\/v2\/media\/255901"}],"wp:attachment":[{"href":"https:\/\/maybommini.vn\/index.php?rest_route=%2Fwp%2Fv2%2Fmedia&parent=255791"}],"wp:term":[{"taxonomy":"product_brand","embeddable":true,"href":"https:\/\/maybommini.vn\/index.php?rest_route=%2Fwp%2Fv2%2Fproduct_brand&post=255791"},{"taxonomy":"product_cat","embeddable":true,"href":"https:\/\/maybommini.vn\/index.php?rest_route=%2Fwp%2Fv2%2Fproduct_cat&post=255791"},{"taxonomy":"product_tag","embeddable":true,"href":"https:\/\/maybommini.vn\/index.php?rest_route=%2Fwp%2Fv2%2Fproduct_tag&post=255791"}],"curies":[{"name":"wp","href":"https:\/\/api.w.org\/{rel}","templated":true}]}}