{"id":255792,"date":"2018-04-12T19:25:30","date_gmt":"2018-04-12T12:25:30","guid":{"rendered":"https:\/\/maybommini.com\/san-pham\/import-placeholder-for-252049"},"modified":"2019-10-25T15:09:46","modified_gmt":"2019-10-25T08:09:46","slug":"de-gan-bec-phun-suong","status":"publish","type":"product","link":"https:\/\/maybommini.vn\/?product=de-gan-bec-phun-suong","title":{"rendered":"\u0110\u1ebf g\u1eafn b\u00e9c phun s\u01b0\u01a1ng gi\u1eefa 1 l\u1ed5"},"content":{"rendered":"<h3><strong>Chuy\u00ean b\u00e1n \u0111\u1ebf g\u1eafn b\u00e9c phun s\u01b0\u01a1ng gi\u1eefa 1 l\u1ed5 v\u1edbi thi\u1ebft k\u1ebf b\u1eb1ng\u00a0\u0111\u1ed3ng v\u00e0 n\u1ed1i nhanh r\u1ea5t ti\u1ec7n l\u1eafp\u00a0\u0111\u1eb7t v\u00e0 b\u1ea3o tr\u00ec h\u1ec7 th\u1ed1ng phun s\u01b0\u01a1ng cho qu\u00e1n cafe, l\u00e0m m\u00e1t nh\u00e0, phun s\u01b0\u01a1ng t\u01b0\u1edbi lan, nh\u00e0 nu\u00f4i chim\u00a0\u00e9n, &#8230;<\/strong>.<\/h3>\n<p><a href=\"http:\/\/maybommini.com\/wp-content\/uploads\/2016\/01\/de-bec-phun-suong.jpg\" rel=\"attachment wp-att-244744 noopener\" target=\"_blank\"><img decoding=\"async\" class=\"size-large wp-image-244744 aligncenter\" src=\"http:\/\/maybommini.com\/wp-content\/uploads\/2016\/01\/de-bec-phun-suong-1024x672.jpg\" alt=\"de bec phun suong\" width=\"1024\" height=\"672\" srcset=\"https:\/\/maybommini.vn\/wp-content\/uploads\/2016\/01\/de-bec-phun-suong-1024x672.jpg 1024w, https:\/\/maybommini.vn\/wp-content\/uploads\/2016\/01\/de-bec-phun-suong-600x394.jpg 600w, https:\/\/maybommini.vn\/wp-content\/uploads\/2016\/01\/de-bec-phun-suong-300x197.jpg 300w, https:\/\/maybommini.vn\/wp-content\/uploads\/2016\/01\/de-bec-phun-suong-768x504.jpg 768w, https:\/\/maybommini.vn\/wp-content\/uploads\/2016\/01\/de-bec-phun-suong.jpg 1200w\" sizes=\"(max-width: 1024px) 100vw, 1024px\" \/><\/a><\/p>\n<p><strong>TH\u00d4NG S\u1ed0 K\u1ef8 THU\u1eacT<br \/>\n<\/strong>\u0110\u1ebf g\u1eafn b\u00e9c phun s\u01b0\u01a1ng gi\u1eefa 1 l\u1ed5.<br \/>\nG\u1eafn\u00a0\u1ed1ng 8 mm.<br \/>\nG\u1eafn 1 b\u00e9c gi\u1eefa<br \/>\nLo\u1ea1i n\u1ed1i th\u1eb3ng.<br \/>\nN\u1ed1i nhanh cao c\u1ea5p ch\u1ed1ng r\u1ec9 n\u01b0\u1edbc.<br \/>\nCh\u1ea5t li\u1ec7u \u0111\u1ed3ng thau.<br \/>\nCh\u1ed1ng r\u1ec9 s\u00e9t.<br \/>\nK\u00edch th\u01b0\u1edbc: 35 x 15 x 15 mm.<br \/>\nTr\u1ecdng l\u01b0\u1ee3ng: 18 gam.<\/p>\n<h3><a href=\"http:\/\/maybommini.com\/wp-content\/uploads\/2016\/01\/bec-phun-suong-tuoi-lan.jpg\" rel=\"attachment wp-att-244743 noopener\" target=\"_blank\"><img decoding=\"async\" class=\"size-large wp-image-244743 aligncenter\" src=\"http:\/\/maybommini.com\/wp-content\/uploads\/2016\/01\/bec-phun-suong-tuoi-lan-1024x646.jpg\" alt=\"bec phun suong tuoi lan\" width=\"1024\" height=\"646\" srcset=\"https:\/\/maybommini.vn\/wp-content\/uploads\/2016\/01\/bec-phun-suong-tuoi-lan-1024x646.jpg 1024w, https:\/\/maybommini.vn\/wp-content\/uploads\/2016\/01\/bec-phun-suong-tuoi-lan-600x379.jpg 600w, https:\/\/maybommini.vn\/wp-content\/uploads\/2016\/01\/bec-phun-suong-tuoi-lan-300x189.jpg 300w, https:\/\/maybommini.vn\/wp-content\/uploads\/2016\/01\/bec-phun-suong-tuoi-lan-768x484.jpg 768w, https:\/\/maybommini.vn\/wp-content\/uploads\/2016\/01\/bec-phun-suong-tuoi-lan.jpg 1200w\" sizes=\"(max-width: 1024px) 100vw, 1024px\" \/><\/a><\/h3>\n<p><strong>S\u1eec D\u1ee4NG \u0110\u1ebe\u00a0B\u00c9C PHUN S\u01af\u01a0NG<br \/>\n<\/strong>D\u00f9ng g\u1eafn c\u00e1c lo\u1ea1i b\u00e9c phun s\u01b0\u01a1ng t\u1eeb b\u00e9c s\u1ed1 1 \u0111\u1ebfn b\u00e9c s\u1ed1 5.<br \/>\nN\u1ed1i \u1ed1ng nhanh cao c\u1ea5p ch\u1ed1ng r\u1ec9 n\u01b0\u1edbc kh\u00f4ng c\u1ea7n b\u1ea3o tr\u00ec khi s\u1eed d\u1ee5ng l\u00e2u d\u00e0i nh\u01b0 c\u00e1c lo\u1ea1i \u0111\u1ebf b\u00e9c th\u01b0\u1eddng kh\u00e1c.<\/p>\n<p><a href=\"http:\/\/maybommini.com\/wp-content\/uploads\/2016\/01\/bec-phun-suong-quan-cafe-1.jpg\" rel=\"attachment wp-att-244742 noopener\" target=\"_blank\"><img decoding=\"async\" class=\"size-large wp-image-244742 aligncenter\" src=\"http:\/\/maybommini.com\/wp-content\/uploads\/2016\/01\/bec-phun-suong-quan-cafe-1-1024x658.jpg\" alt=\"bec phun suong quan cafe\" width=\"1024\" height=\"658\" srcset=\"https:\/\/maybommini.vn\/wp-content\/uploads\/2016\/01\/bec-phun-suong-quan-cafe-1-1024x658.jpg 1024w, https:\/\/maybommini.vn\/wp-content\/uploads\/2016\/01\/bec-phun-suong-quan-cafe-1-600x386.jpg 600w, https:\/\/maybommini.vn\/wp-content\/uploads\/2016\/01\/bec-phun-suong-quan-cafe-1-300x193.jpg 300w, https:\/\/maybommini.vn\/wp-content\/uploads\/2016\/01\/bec-phun-suong-quan-cafe-1-768x493.jpg 768w, https:\/\/maybommini.vn\/wp-content\/uploads\/2016\/01\/bec-phun-suong-quan-cafe-1.jpg 1200w\" sizes=\"(max-width: 1024px) 100vw, 1024px\" \/><\/a><\/p>\n<p><strong>MUA\u00a0\u0110\u1ebe G\u1eaeN B\u00c9C PHUN S\u01af\u01a0NG\u00a0\u1ede\u00a0\u0110\u00c2U ?<br \/>\n<\/strong>M\u1ecdi chi ti\u1ebft vui l\u00f2ng li\u00ean h\u1ec7 tr\u1ef1c ti\u1ebfp cho ch\u00fang t\u00f4i \u0111\u1ec3 \u0111\u01b0\u1ee3c t\u01b0 v\u1ea5n theo nhu c\u1ea7u \u0111\u1ec3 c\u00f3 \u0111\u01b0\u1ee3c b\u1ed9 s\u1ea3n ph\u1ea9m t\u1ed1t nh\u1ea5t v\u00e0 ti\u1ebft ki\u1ec7m.\u00a0B\u1ea1n \u1edf xa v\u1eabn c\u00f3 th\u1ec3 mua h\u00e0ng v\u00e0 giao h\u00e0ng thanh to\u00e1n ti\u1ec1n t\u1ea1i nh\u00e0.<\/p>\n<p><a href=\"http:\/\/maybommini.com\/wp-content\/uploads\/2016\/01\/bec-phun-suong-lam-mat.jpg\" rel=\"attachment wp-att-244741 noopener\" target=\"_blank\"><img decoding=\"async\" class=\"size-large wp-image-244741 aligncenter\" src=\"http:\/\/maybommini.com\/wp-content\/uploads\/2016\/01\/bec-phun-suong-lam-mat-1024x724.jpg\" alt=\"bec phun suong lam mat\" width=\"1024\" height=\"724\" srcset=\"https:\/\/maybommini.vn\/wp-content\/uploads\/2016\/01\/bec-phun-suong-lam-mat-1024x724.jpg 1024w, https:\/\/maybommini.vn\/wp-content\/uploads\/2016\/01\/bec-phun-suong-lam-mat-600x425.jpg 600w, https:\/\/maybommini.vn\/wp-content\/uploads\/2016\/01\/bec-phun-suong-lam-mat-300x212.jpg 300w, https:\/\/maybommini.vn\/wp-content\/uploads\/2016\/01\/bec-phun-suong-lam-mat-768x543.jpg 768w, https:\/\/maybommini.vn\/wp-content\/uploads\/2016\/01\/bec-phun-suong-lam-mat.jpg 1200w\" sizes=\"(max-width: 1024px) 100vw, 1024px\" \/><\/a><\/p>\n<p><strong>CTY TNHH TH\u01af\u01a0NG M\u1ea0I D\u1ecaCH V\u1ee4 \u0110I\u1ec6N M\u00c1Y TH\u00d4NG MINH<\/strong><br \/>\nHotline : 090 729 4310<br \/>\nEmail : maybommini.com@gmail.com<br \/>\nWebsite : http:\/\/maybommini.com<br \/>\nFacebook : <a href=\"https:\/\/www.facebook.com\/maybommini\" target=\"_blank\" rel=\"noopener\">https:\/\/www.facebook.com\/maybommini<\/a><br \/>\nGoogle : <a href=\"https:\/\/plus.google.com\/ Maybomnuocminiruaxe\" target=\"_blank\" rel=\"noopener\">https:\/\/plus.google.com\/ Maybomnuocminiruaxe<\/a><br \/>\nYoutube demo : <a href=\"https:\/\/www.youtube.com\/bahamasali\" target=\"_blank\" rel=\"noopener\">https:\/\/www.youtube.com\/bahamasali<\/a><\/p>\n<h3 style=\"text-align: center;\"><strong>\u0110\u1ebf g\u1eafn b\u00e9c phun s\u01b0\u01a1ng gi\u1eefa 1 l\u1ed5<\/strong><\/h3>\n","protected":false},"excerpt":{"rendered":"<p>\u0110\u1ebf g\u1eafn b\u00e9c phun s\u01b0\u01a1ng gi\u1eefa 1 l\u1ed5.<br \/>\nG\u1eafn\u00a0\u1ed1ng 8 mm.<br \/>\nG\u1eafn 1 b\u00e9c gi\u1eefa<br \/>\nLo\u1ea1i n\u1ed1i th\u1eb3ng.<br \/>\nN\u1ed1i nhanh cao c\u1ea5p ch\u1ed1ng r\u1ec9 n\u01b0\u1edbc.<br \/>\nCh\u1ea5t li\u1ec7u \u0111\u1ed3ng thau.<br \/>\nCh\u1ed1ng r\u1ec9 s\u00e9t.<br \/>\nK\u00edch th\u01b0\u1edbc: 35 x 15 x 15 mm.<br \/>\nTr\u1ecdng l\u01b0\u1ee3ng: 18 gam.<br \/>\nPh\u00e2n ph\u1ed1i: Maybommini.com<br \/>\nH\u00f4\u0309 tr\u01a1\u0323 ky\u0303 thu\u00e2\u0323t vi\u0303nh vi\u00ea\u0303n.<br \/>\n<strong>T\u01af V\u1ea4N K\u1ef8 THU\u1eacT \u2013 MUA H\u00c0NG<br \/>\nMUA S\u1ed0 L\u01af\u1ee2NG C\u00d3 GI\u00c1 S\u1ec8<\/strong><br \/>\n0908997823 \u2013 0908997872<br \/>\n0907294310 \u2013 02873030399<\/p>\n","protected":false},"featured_media":255916,"comment_status":"open","ping_status":"closed","template":"","meta":[],"product_brand":[2227],"product_cat":[444,367],"product_tag":[232,3097,3094,3095,3096,493,464,494,361,495,277,459,496],"class_list":{"0":"post-255792","1":"product","2":"type-product","3":"status-publish","4":"has-post-thumbnail","6":"product_brand-mtm","7":"product_cat-phu-kien-phun-suong","8":"product_cat-he-thong-phun-suong","9":"product_tag-bec","10":"product_tag-de-dong-gan-bec","11":"product_tag-de-gan-bec-phun-suong","12":"product_tag-de-giua-phun-suong","13":"product_tag-de-thang-1-bec","14":"product_tag-de-gan-bec","15":"product_tag-he-thong-phun-suong","16":"product_tag-lam-mat-nha","17":"product_tag-may-phun-suong","18":"product_tag-nha-nuoi-chim-en","19":"product_tag-phun-suong","20":"product_tag-phun-suong-tuoi-lan","21":"product_tag-quan-cafe","23":"first","24":"instock","25":"sale","26":"shipping-taxable","27":"purchasable","28":"product-type-simple"},"_links":{"self":[{"href":"https:\/\/maybommini.vn\/index.php?rest_route=\/wp\/v2\/product\/255792","targetHints":{"allow":["GET"]}}],"collection":[{"href":"https:\/\/maybommini.vn\/index.php?rest_route=\/wp\/v2\/product"}],"about":[{"href":"https:\/\/maybommini.vn\/index.php?rest_route=\/wp\/v2\/types\/product"}],"replies":[{"embeddable":true,"href":"https:\/\/maybommini.vn\/index.php?rest_route=%2Fwp%2Fv2%2Fcomments&post=255792"}],"wp:featuredmedia":[{"embeddable":true,"href":"https:\/\/maybommini.vn\/index.php?rest_route=\/wp\/v2\/media\/255916"}],"wp:attachment":[{"href":"https:\/\/maybommini.vn\/index.php?rest_route=%2Fwp%2Fv2%2Fmedia&parent=255792"}],"wp:term":[{"taxonomy":"product_brand","embeddable":true,"href":"https:\/\/maybommini.vn\/index.php?rest_route=%2Fwp%2Fv2%2Fproduct_brand&post=255792"},{"taxonomy":"product_cat","embeddable":true,"href":"https:\/\/maybommini.vn\/index.php?rest_route=%2Fwp%2Fv2%2Fproduct_cat&post=255792"},{"taxonomy":"product_tag","embeddable":true,"href":"https:\/\/maybommini.vn\/index.php?rest_route=%2Fwp%2Fv2%2Fproduct_tag&post=255792"}],"curies":[{"name":"wp","href":"https:\/\/api.w.org\/{rel}","templated":true}]}}