{"id":255815,"date":"2018-04-12T19:25:51","date_gmt":"2018-04-12T12:25:51","guid":{"rendered":"https:\/\/maybommini.com\/san-pham\/import-placeholder-for-252050"},"modified":"2020-01-18T16:00:55","modified_gmt":"2020-01-18T09:00:55","slug":"bo-rua-xe-mini-12v-60w-bec-xit-option-3","status":"publish","type":"product","link":"https:\/\/maybommini.vn\/?product=bo-rua-xe-mini-12v-60w-bec-xit-option-3","title":{"rendered":"B\u1ed9 r\u1eeda xe mini 12V 60W B\u00e9c x\u1ecbt &#8211; Option 3"},"content":{"rendered":"<h3><em><strong>B\u00e1n m\u00e1y r\u1eeda xe mini 12v ti\u1ec7n l\u1ee3i vi\u1ec7c r\u1eeda xe ho\u00e0n to\u00e0n d\u1ec3 d\u00e0ng v\u00e0 g\u1ecdn nh\u1eb9 ti\u1ebft ki\u1ec7m \u0111\u01b0\u1ee3c kh\u00e1 nhi\u1ec1u chi ph\u00ed cho gia \u0111\u00ecnh khi s\u1eed d\u1ee5ng b\u1ed9 r\u1eeda xe mini 12v c\u1ee7a ch\u00fang t\u00f4i.\u00a0\u0110\u00e2y l\u00e0 b\u1ed9 r\u1eeda xe r\u1eeda m\u00e1y l\u1ea1nh ho\u00e0n ch\u1ec9nh c\u00f3 th\u1ec3 s\u1eed d\u1ee5ng \u0111\u01b0\u1ee3c b\u1eb1ng ngu\u1ed3n \u1eafc quy 12V t\u1eeb xe m\u00e1y v\u00e0 ngu\u1ed3n 220V. M\u00e1y c\u00f3 thi\u1ebft k\u1ebf nh\u1ecf g\u1ecdn, ti\u1ebfng \u1ed3n nh\u1ecf, d\u1ec3 s\u1eed d\u1ee5ng, l\u1eafp \u0111\u1eb7t \u0111\u01a1n gi\u1ea3n ti\u1ec7n l\u1ee3i.<\/strong><\/em><\/h3>\n<p><a href=\"https:\/\/maybommini.com\/wp-content\/uploads\/2018\/04\/bo-xit-rua-xe-ap-luc-mini-12V-60W-option-3.jpg\" target=\"_blank\" rel=\"noopener\"><img decoding=\"async\" class=\"size-full wp-image-263222 aligncenter\" src=\"https:\/\/maybommini.com\/wp-content\/uploads\/2018\/04\/bo-xit-rua-xe-ap-luc-mini-12V-60W-option-3.jpg\" alt=\"Bo Xit Rua Xe Ap Luc Mini 12V 60W Option 3\" width=\"750\" height=\"750\" srcset=\"https:\/\/maybommini.vn\/wp-content\/uploads\/2018\/04\/bo-xit-rua-xe-ap-luc-mini-12V-60W-option-3.jpg 750w, https:\/\/maybommini.vn\/wp-content\/uploads\/2018\/04\/bo-xit-rua-xe-ap-luc-mini-12V-60W-option-3-300x300.jpg 300w, https:\/\/maybommini.vn\/wp-content\/uploads\/2018\/04\/bo-xit-rua-xe-ap-luc-mini-12V-60W-option-3-150x150.jpg 150w, https:\/\/maybommini.vn\/wp-content\/uploads\/2018\/04\/bo-xit-rua-xe-ap-luc-mini-12V-60W-option-3-600x600.jpg 600w\" sizes=\"(max-width: 750px) 100vw, 750px\" \/><\/a><\/p>\n<h3 style=\"text-align: center;\"><em><strong>VIDEO X\u1ecaT R\u1eecA XE B\u1eb0NG M\u00c1Y B\u01a0M \u00c1P L\u1ef0C MINI<\/strong><\/em><br \/>\n<iframe width=\"740\" height=\"420\" frameborder=\"0\" src=\"\/\/www.youtube.com\/embed\/EBaCjEuR6h4?list=UUPfk_19_yzXjbmI1j42t-JQ\"><\/iframe><\/h3>\n<p><strong>TR\u1eccN B\u1ed8 X\u1ecaT R\u1eecA \u00c1P L\u1ef0C<\/strong><br \/>\n1.\u00a0M\u00e1y b\u01a1m mini 12V 60W 5L Smartpumps<br \/>\n2.\u00a0Adapter 220V &#8211; 12V 6A<br \/>\n3.\u00a0B\u00e9c x\u1ecbt r\u1eeda xe 1 tia.<br \/>\n4. \u1ed0ng n\u01b0\u1edbc \u00e1p l\u1ef1c 8 m\u00e9t 12mm xanh l\u01b0\u1edbi.<br \/>\n5. \u1ed0ng n\u01b0\u1edbc v\u00e0o 2 m\u00e9t 12mm nh\u1ef1a trong.<br \/>\n6. Co n\u1ed1i cao c\u1ea5p 12mm 2 c\u00e1i.<br \/>\n7. D\u00e2y ngu\u1ed3n adapter.<br \/>\n8. Jack c\u1ea5m ngu\u1ed3n DC c\u00e1i.<br \/>\n9. N\u1ed1i \u1ed1ng ren ngo\u00e0i 13mm \u1ed1ng 12mm.<br \/>\n10. L\u1ecdc n\u01b0\u1edbc mini.<\/p>\n<p><a href=\"https:\/\/maybommini.com\/wp-content\/uploads\/2018\/04\/bom-nuoc-mini-ap-luc-12v-60w-5L.jpg\" target=\"_blank\" rel=\"noopener\"><img decoding=\"async\" class=\"size-full wp-image-263221 aligncenter\" src=\"https:\/\/maybommini.com\/wp-content\/uploads\/2018\/04\/bom-nuoc-mini-ap-luc-12v-60w-5L.jpg\" alt=\"Bom Nuoc Mini Ap Luc 12v 60w 5L\" width=\"750\" height=\"750\" srcset=\"https:\/\/maybommini.vn\/wp-content\/uploads\/2018\/04\/bom-nuoc-mini-ap-luc-12v-60w-5L.jpg 750w, https:\/\/maybommini.vn\/wp-content\/uploads\/2018\/04\/bom-nuoc-mini-ap-luc-12v-60w-5L-300x300.jpg 300w, https:\/\/maybommini.vn\/wp-content\/uploads\/2018\/04\/bom-nuoc-mini-ap-luc-12v-60w-5L-150x150.jpg 150w, https:\/\/maybommini.vn\/wp-content\/uploads\/2018\/04\/bom-nuoc-mini-ap-luc-12v-60w-5L-600x600.jpg 600w\" sizes=\"(max-width: 750px) 100vw, 750px\" \/><\/a><\/p>\n<p><strong>TH\u00d4NG S\u1ed0 K\u1ef8 THU\u1eacT M\u00c1Y B\u01a0M \u00c1P L\u1ef0C MINI<br \/>\n<\/strong>Th\u01b0\u01a1ng hi\u1ec7u: SmartPumps<br \/>\n\u0110i\u1ec7n\u00a0\u00e1p: 12V DC<br \/>\nC\u00f4ng xu\u1ea5t : 60W<br \/>\n\u00c1p l\u1ef1c: 0.8 Mpa.<br \/>\nL\u01b0u l\u01b0\u1ee3ng: 5.0 L\/ph\u00fat<br \/>\nTr\u1ecdng l\u01b0\u1ee3ng: 0.6 Kg<br \/>\n\u0110\u1ea7u g\u1eafn \u1ed1ng: 12 mm.<br \/>\nT\u1ef1 h\u00fat n\u01b0\u1edbc s\u00e2u 1 m\u00e9t.<br \/>\nM\u00e1y b\u01a1m t\u1ef1 \u0111\u1ed9ng ng\u1eaft \u0111i\u1ec7n kh\u00f3a n\u01b0\u1edbc ra.<\/p>\n<p><a href=\"https:\/\/maybommini.com\/wp-content\/uploads\/2018\/04\/nguon-dien-may-bom-mini-12v-6a.jpg\" target=\"_blank\" rel=\"noopener\"><img decoding=\"async\" class=\"size-full wp-image-263225 aligncenter\" src=\"https:\/\/maybommini.com\/wp-content\/uploads\/2018\/04\/nguon-dien-may-bom-mini-12v-6a.jpg\" alt=\"Nguon Dien May Bom Mini 12v 6a\" width=\"750\" height=\"750\" srcset=\"https:\/\/maybommini.vn\/wp-content\/uploads\/2018\/04\/nguon-dien-may-bom-mini-12v-6a.jpg 750w, https:\/\/maybommini.vn\/wp-content\/uploads\/2018\/04\/nguon-dien-may-bom-mini-12v-6a-300x300.jpg 300w, https:\/\/maybommini.vn\/wp-content\/uploads\/2018\/04\/nguon-dien-may-bom-mini-12v-6a-150x150.jpg 150w, https:\/\/maybommini.vn\/wp-content\/uploads\/2018\/04\/nguon-dien-may-bom-mini-12v-6a-600x600.jpg 600w\" sizes=\"(max-width: 750px) 100vw, 750px\" \/><\/a> <a href=\"https:\/\/maybommini.com\/wp-content\/uploads\/2018\/04\/bec-xit-rua-ap-luc-cao-1-tia.jpg\" target=\"_blank\" rel=\"noopener\"><img decoding=\"async\" class=\"size-full wp-image-263220 aligncenter\" src=\"https:\/\/maybommini.com\/wp-content\/uploads\/2018\/04\/bec-xit-rua-ap-luc-cao-1-tia.jpg\" alt=\"Bec Xit Rua Ap Luc Cao 1 Tia\" width=\"750\" height=\"750\" srcset=\"https:\/\/maybommini.vn\/wp-content\/uploads\/2018\/04\/bec-xit-rua-ap-luc-cao-1-tia.jpg 750w, https:\/\/maybommini.vn\/wp-content\/uploads\/2018\/04\/bec-xit-rua-ap-luc-cao-1-tia-300x300.jpg 300w, https:\/\/maybommini.vn\/wp-content\/uploads\/2018\/04\/bec-xit-rua-ap-luc-cao-1-tia-150x150.jpg 150w, https:\/\/maybommini.vn\/wp-content\/uploads\/2018\/04\/bec-xit-rua-ap-luc-cao-1-tia-600x600.jpg 600w\" sizes=\"(max-width: 750px) 100vw, 750px\" \/><\/a> <a href=\"https:\/\/maybommini.com\/wp-content\/uploads\/2018\/04\/loc-nuoc-mini-may-bom.jpg\" target=\"_blank\" rel=\"noopener\"><img decoding=\"async\" class=\"size-full wp-image-263223 aligncenter\" src=\"https:\/\/maybommini.com\/wp-content\/uploads\/2018\/04\/loc-nuoc-mini-may-bom.jpg\" alt=\"Loc Nuoc Mini May Bom\" width=\"750\" height=\"750\" srcset=\"https:\/\/maybommini.vn\/wp-content\/uploads\/2018\/04\/loc-nuoc-mini-may-bom.jpg 750w, https:\/\/maybommini.vn\/wp-content\/uploads\/2018\/04\/loc-nuoc-mini-may-bom-300x300.jpg 300w, https:\/\/maybommini.vn\/wp-content\/uploads\/2018\/04\/loc-nuoc-mini-may-bom-150x150.jpg 150w, https:\/\/maybommini.vn\/wp-content\/uploads\/2018\/04\/loc-nuoc-mini-may-bom-600x600.jpg 600w\" sizes=\"(max-width: 750px) 100vw, 750px\" \/><\/a> <a href=\"https:\/\/maybommini.com\/wp-content\/uploads\/2018\/04\/ong-day-ap-luc-2-lop-luoi.jpg\" target=\"_blank\" rel=\"noopener\"><img decoding=\"async\" class=\"size-full wp-image-263226 aligncenter\" src=\"https:\/\/maybommini.com\/wp-content\/uploads\/2018\/04\/ong-day-ap-luc-2-lop-luoi.jpg\" alt=\"Ong Day Ap Luc 2 Lop Luoi\" width=\"750\" height=\"750\" srcset=\"https:\/\/maybommini.vn\/wp-content\/uploads\/2018\/04\/ong-day-ap-luc-2-lop-luoi.jpg 750w, https:\/\/maybommini.vn\/wp-content\/uploads\/2018\/04\/ong-day-ap-luc-2-lop-luoi-300x300.jpg 300w, https:\/\/maybommini.vn\/wp-content\/uploads\/2018\/04\/ong-day-ap-luc-2-lop-luoi-150x150.jpg 150w, https:\/\/maybommini.vn\/wp-content\/uploads\/2018\/04\/ong-day-ap-luc-2-lop-luoi-600x600.jpg 600w\" sizes=\"(max-width: 750px) 100vw, 750px\" \/><\/a> <a href=\"https:\/\/maybommini.com\/wp-content\/uploads\/2018\/04\/ong-day-nuoc-vao-may-bom-mini.jpg\" target=\"_blank\" rel=\"noopener\"><img decoding=\"async\" class=\"size-full wp-image-263227 aligncenter\" src=\"https:\/\/maybommini.com\/wp-content\/uploads\/2018\/04\/ong-day-nuoc-vao-may-bom-mini.jpg\" alt=\"Ong Day Nuoc Vao May Bom Mini\" width=\"750\" height=\"750\" srcset=\"https:\/\/maybommini.vn\/wp-content\/uploads\/2018\/04\/ong-day-nuoc-vao-may-bom-mini.jpg 750w, https:\/\/maybommini.vn\/wp-content\/uploads\/2018\/04\/ong-day-nuoc-vao-may-bom-mini-300x300.jpg 300w, https:\/\/maybommini.vn\/wp-content\/uploads\/2018\/04\/ong-day-nuoc-vao-may-bom-mini-150x150.jpg 150w, https:\/\/maybommini.vn\/wp-content\/uploads\/2018\/04\/ong-day-nuoc-vao-may-bom-mini-600x600.jpg 600w\" sizes=\"(max-width: 750px) 100vw, 750px\" \/><\/a><\/p>\n<p><strong>S\u1eec D\u1ee4NG B\u1ed8 X\u1ecaT R\u1eecA \u00c1P L\u1ef0C MINI<\/strong><br \/>\nS\u1eed d\u1ee5ng x\u1ecbt r\u1eeda v\u1ec7 sinh m\u00e1y l\u1ea1nh gia\u00a0\u0111\u00ecnh.<br \/>\nD\u00f9ng l\u00e0m m\u00e1y b\u01a1m v\u1ec7 sinh xe, r\u1eeda xe.<br \/>\nD\u00f9ng l\u00e0m m\u00e1y phun thu\u1ed1c tr\u1eeb s\u00e2u, t\u01b0\u1edbi c\u00e2y.<br \/>\nD\u00f9ng l\u00e0m m\u00e1y b\u01a1m phun s\u01b0\u01a1ng, t\u01b0\u1edbi lan,\u2026<br \/>\nD\u00f9ng l\u00e0m m\u00e1y b\u01a1m n\u01b0\u1edbc v\u00e0o b\u1ec3\u00a0ch\u1ee9a.<br \/>\nX\u1ecbt r\u1eeda v\u1ec7 sinh nh\u00e0 c\u1eeda s\u00e2n v\u01b0\u1eddn.<br \/>\nX\u1ecbt r\u1eeda m\u00e1y m\u00f3c thi\u1ebft b\u1ecb.<\/p>\n<p><a href=\"https:\/\/maybommini.com\/wp-content\/uploads\/2018\/04\/may-rua-xe-mini-12v-gia-re.jpg\" target=\"_blank\" rel=\"noopener\"><img decoding=\"async\" class=\"size-full wp-image-263224 aligncenter\" src=\"https:\/\/maybommini.com\/wp-content\/uploads\/2018\/04\/may-rua-xe-mini-12v-gia-re.jpg\" alt=\"May Rua Xe Mini 12v Gia Re\" width=\"750\" height=\"750\" srcset=\"https:\/\/maybommini.vn\/wp-content\/uploads\/2018\/04\/may-rua-xe-mini-12v-gia-re.jpg 750w, https:\/\/maybommini.vn\/wp-content\/uploads\/2018\/04\/may-rua-xe-mini-12v-gia-re-300x300.jpg 300w, https:\/\/maybommini.vn\/wp-content\/uploads\/2018\/04\/may-rua-xe-mini-12v-gia-re-150x150.jpg 150w, https:\/\/maybommini.vn\/wp-content\/uploads\/2018\/04\/may-rua-xe-mini-12v-gia-re-600x600.jpg 600w\" sizes=\"(max-width: 750px) 100vw, 750px\" \/><\/a> <a href=\"https:\/\/maybommini.com\/wp-content\/uploads\/2018\/04\/xit-rua-ve-sinh-may-lanh-dieu-hoa.jpg\" target=\"_blank\" rel=\"noopener\"><img decoding=\"async\" class=\"size-full wp-image-263229 aligncenter\" src=\"https:\/\/maybommini.com\/wp-content\/uploads\/2018\/04\/xit-rua-ve-sinh-may-lanh-dieu-hoa.jpg\" alt=\"Xit Rua Ve Sinh May Lanh Dieu Hoa\" width=\"750\" height=\"750\" srcset=\"https:\/\/maybommini.vn\/wp-content\/uploads\/2018\/04\/xit-rua-ve-sinh-may-lanh-dieu-hoa.jpg 750w, https:\/\/maybommini.vn\/wp-content\/uploads\/2018\/04\/xit-rua-ve-sinh-may-lanh-dieu-hoa-300x300.jpg 300w, https:\/\/maybommini.vn\/wp-content\/uploads\/2018\/04\/xit-rua-ve-sinh-may-lanh-dieu-hoa-150x150.jpg 150w, https:\/\/maybommini.vn\/wp-content\/uploads\/2018\/04\/xit-rua-ve-sinh-may-lanh-dieu-hoa-600x600.jpg 600w\" sizes=\"(max-width: 750px) 100vw, 750px\" \/><\/a> <a href=\"https:\/\/maybommini.com\/wp-content\/uploads\/2018\/04\/su-dung-xit-rua-ap-luc-mini-12v.jpg\" target=\"_blank\" rel=\"noopener\"><img decoding=\"async\" class=\"size-full wp-image-263228 aligncenter\" src=\"https:\/\/maybommini.com\/wp-content\/uploads\/2018\/04\/su-dung-xit-rua-ap-luc-mini-12v.jpg\" alt=\"Su Dung Xit Rua Ap Luc Mini 12v\" width=\"750\" height=\"750\" srcset=\"https:\/\/maybommini.vn\/wp-content\/uploads\/2018\/04\/su-dung-xit-rua-ap-luc-mini-12v.jpg 750w, https:\/\/maybommini.vn\/wp-content\/uploads\/2018\/04\/su-dung-xit-rua-ap-luc-mini-12v-300x300.jpg 300w, https:\/\/maybommini.vn\/wp-content\/uploads\/2018\/04\/su-dung-xit-rua-ap-luc-mini-12v-150x150.jpg 150w, https:\/\/maybommini.vn\/wp-content\/uploads\/2018\/04\/su-dung-xit-rua-ap-luc-mini-12v-600x600.jpg 600w\" sizes=\"(max-width: 750px) 100vw, 750px\" \/><\/a><\/p>\n<p><em><strong>MUA M\u00c1Y R\u1eecA XE R\u1eecA M\u00c1Y L\u1ea0NH MINI 12V \u1ede \u0110\u00c2U ?<\/strong><\/em><br \/>\nM\u1ecdi chi ti\u1ebft vui l\u00f2ng li\u00ean h\u1ec7 tr\u1ef1c ti\u1ebfp cho ch\u00fang t\u00f4i \u0111\u1ec3 \u0111\u01b0\u1ee3c t\u01b0 v\u1ea5n theo nhu c\u1ea7u \u0111\u1ec3 c\u00f3 \u0111\u01b0\u1ee3c b\u1ed9 s\u1ea3n ph\u1ea9m t\u1ed1t nh\u1ea5t v\u00e0 ti\u1ebft ki\u1ec7m.<br \/>\n<strong>CTY TNHH TH\u01af\u01a0NG M\u1ea0I D\u1ecaCH V\u1ee4 \u0110I\u1ec6N M\u00c1Y TH\u00d4NG MINH<\/strong><br \/>\n<strong>Hotline:<\/strong> 02873030399 &#8211; 090 729 4310<br \/>\n<strong>Email:<\/strong> maybommini.com@gmail.com<br \/>\n<strong>Website:<\/strong> http:\/\/maybommini.com<br \/>\n<strong>Facebook:<\/strong> https:\/\/www.facebook.com\/maybommini<br \/>\n<strong>Google:<\/strong> https:\/\/plus.google.com\/ Maybomnuocminiruaxe<br \/>\n<strong>Youtube demo:<\/strong> https:\/\/www.youtube.com\/bahamasali<\/p>\n<h3 style=\"text-align: center;\"><em><strong>B\u00c1N M\u00c1Y R\u1eecA XE MINI 12V 60W GI\u00c1 R\u1eba B\u1ea2O H\u00c0NH TO\u00c0N QU\u1ed0C<br \/>\nB\u1ed9 r\u1eeda xe mini 12V 60W B\u00e9c x\u1ecbt &#8211; Option 3<br \/>\n<\/strong><\/em><\/h3>\n<p>&nbsp;<\/p>\n<p>&nbsp;<\/p>\n<p><strong>B\u00e1n m\u00e1y r\u1eeda xe mini 12v ti\u1ec7n l\u1ee3i vi\u1ec7c r\u1eeda xe ho\u00e0n to\u00e0n d\u1ec3 d\u00e0ng v\u00e0 g\u1ecdn nh\u1eb9 ti\u1ebft ki\u1ec7m \u0111\u01b0\u1ee3c kh\u00e1 nhi\u1ec1u chi ph\u00ed cho gia \u0111\u00ecnh khi s\u1eed d\u1ee5ng b\u1ed9 r\u1eeda xe mini 12v c\u1ee7a ch\u00fang t\u00f4i.\u00a0\u0110\u00e2y l\u00e0 b\u1ed9 r\u1eeda xe r\u1eeda m\u00e1y l\u1ea1nh ho\u00e0n ch\u1ec9nh c\u00f3 th\u1ec3 s\u1eed d\u1ee5ng \u0111\u01b0\u1ee3c b\u1eb1ng ngu\u1ed3n \u1eafc quy 12V t\u1eeb xe m\u00e1y v\u00e0 ngu\u1ed3n 220V. M\u00e1y c\u00f3 thi\u1ebft k\u1ebf nh\u1ecf g\u1ecdn, ti\u1ebfng \u1ed3n nh\u1ecf, d\u1ec3 s\u1eed d\u1ee5ng, l\u1eafp \u0111\u1eb7t \u0111\u01a1n gi\u1ea3n ti\u1ec7n l\u1ee3i.<\/strong><\/p>\n<p style=\"text-align: center;\"><strong>B\u1ed9 r\u1eeda xe mini 12V 60W B\u00e9c x\u1ecbt &#8211; Option 3<\/strong><\/p>\n<p><img decoding=\"async\" class=\"size-full wp-image-255766 aligncenter\" src=\"https:\/\/maybommini.com.vn\/wp-content\/uploads\/2018\/01\/bo-rua-xe-mini-12v-60w-option-3.jpg\" alt=\"Bo Rua Xe Mini 12v 60w Option 3\" width=\"750\" height=\"750\" \/><\/p>\n<p><a href=\"http:\/\/maybommini.com\/wp-content\/uploads\/2016\/01\/bo-rua-xe-mini-12v.jpg\" rel=\"attachment wp-att-244749 noopener\" target=\"_blank\"><img decoding=\"async\" class=\"size-large wp-image-244749 aligncenter\" src=\"http:\/\/maybommini.com\/wp-content\/uploads\/2016\/01\/bo-rua-xe-mini-12v-1024x576.jpg\" alt=\"bo-rua-xe-mini-12v\" width=\"1024\" height=\"576\" srcset=\"https:\/\/maybommini.vn\/wp-content\/uploads\/2016\/01\/bo-rua-xe-mini-12v-1024x576.jpg 1024w, https:\/\/maybommini.vn\/wp-content\/uploads\/2016\/01\/bo-rua-xe-mini-12v-600x338.jpg 600w, https:\/\/maybommini.vn\/wp-content\/uploads\/2016\/01\/bo-rua-xe-mini-12v-300x169.jpg 300w, https:\/\/maybommini.vn\/wp-content\/uploads\/2016\/01\/bo-rua-xe-mini-12v-768x432.jpg 768w, https:\/\/maybommini.vn\/wp-content\/uploads\/2016\/01\/bo-rua-xe-mini-12v.jpg 1200w\" sizes=\"(max-width: 1024px) 100vw, 1024px\" \/><\/a><\/p>\n<p><strong>CTY TNHH TH\u01af\u01a0NG M\u1ea0I D\u1ecaCH V\u1ee4 \u0110I\u1ec6N M\u00c1Y TH\u00d4NG MINH<\/strong><br \/>\nHotline : 090 729 4310<br \/>\nEmail : maybommini.com@gmail.com<br \/>\nWebsite : http:\/\/maybommini.com<br \/>\nFacebook : <a href=\"https:\/\/www.facebook.com\/maybommini\" target=\"_blank\" rel=\"noopener\">https:\/\/www.facebook.com\/maybommini<\/a><br \/>\nGoogle : <a href=\"https:\/\/plus.google.com\/ Maybomnuocminiruaxe\" target=\"_blank\" rel=\"noopener\">https:\/\/plus.google.com\/ Maybomnuocminiruaxe<\/a><br \/>\nYoutube demo : <a href=\"https:\/\/www.youtube.com\/bahamasali\" target=\"_blank\" rel=\"noopener\">https:\/\/www.youtube.com\/bahamasali<\/a><\/p>\n<h3 style=\"text-align: center;\"><strong>B\u00c1N M\u00c1Y R\u1eecA XE MINI 12V 60W GI\u00c1 R\u1eba B\u1ea2O H\u00c0NH TO\u00c0N QU\u1ed0C<\/strong><\/h3>\n","protected":false},"excerpt":{"rendered":"<p>1.\u00a0M\u00e1y b\u01a1m mini 12V 60W 5L Smartpumps<br \/>\n2.\u00a0Adapter 220V &#8211; 12V 6A<br \/>\n3.\u00a0B\u00e9c x\u1ecbt r\u1eeda xe 1 tia.<br \/>\n4. \u1ed0ng n\u01b0\u1edbc \u00e1p l\u1ef1c 8 m\u00e9t 12mm xanh l\u01b0\u1edbi.<br \/>\n5. \u1ed0ng n\u01b0\u1edbc v\u00e0o 2 m\u00e9t 12mm nh\u1ef1a trong.<br \/>\n6. Co n\u1ed1i cao c\u1ea5p 12mm 2 c\u00e1i.<br \/>\n7. D\u00e2y ngu\u1ed3n adapter.<br \/>\n8. Jack c\u1ea5m ngu\u1ed3n DC c\u00e1i.<br \/>\n9. N\u1ed1i \u1ed1ng ren ngo\u00e0i 13mm \u1ed1ng 12mm.<br \/>\n10. L\u1ecdc n\u01b0\u1edbc mini.<br \/>\nTr\u1ecdng l\u01b0\u1ee3ng: 3 Kg<br \/>\n<strong>B\u1ea3o h\u00e0nh: 6 th\u00e1ng.<\/strong><br \/>\n<strong>H\u00f4\u0309 tr\u01a1\u0323 ky\u0303 thu\u00e2\u0323t vi\u0303nh vi\u00ea\u0303n.<\/strong><br \/>\n<strong>Ph\u00e2n ph\u1ed1i: Maybommini.com<\/strong><br \/>\n<strong>T\u01af V\u1ea4N K\u1ef8 THU\u1eacT \u2013 MUA H\u00c0NG<br \/>\n0908997823 \u2013 0908997872<br \/>\n0907294310 \u2013 02873030399<\/strong><\/p>\n","protected":false},"featured_media":263222,"comment_status":"open","ping_status":"closed","template":"","meta":[],"product_brand":[44],"product_cat":[293],"product_tag":[267,497,488,251,232,498,301,2019,235,231,304,499,316],"class_list":{"0":"post-255815","1":"product","2":"type-product","3":"status-publish","4":"has-post-thumbnail","6":"product_brand-smartpumps","7":"product_cat-bo-rua-xe-mini","8":"product_tag-12v","9":"product_tag-12v-60w","10":"product_tag-24v","11":"product_tag-ap-luc","12":"product_tag-bec","13":"product_tag-bec-xit","14":"product_tag-bo-rua-xe-mini","15":"product_tag-bo-rua-xe-tien-loi","16":"product_tag-bom-nuoc-mini","17":"product_tag-may-bom-mini","18":"product_tag-may-rua-xe-mini","19":"product_tag-option-3","20":"product_tag-ve-sinh-may-lanh","22":"first","23":"instock","24":"sale","25":"shipping-taxable","26":"purchasable","27":"product-type-simple"},"_links":{"self":[{"href":"https:\/\/maybommini.vn\/index.php?rest_route=\/wp\/v2\/product\/255815","targetHints":{"allow":["GET"]}}],"collection":[{"href":"https:\/\/maybommini.vn\/index.php?rest_route=\/wp\/v2\/product"}],"about":[{"href":"https:\/\/maybommini.vn\/index.php?rest_route=\/wp\/v2\/types\/product"}],"replies":[{"embeddable":true,"href":"https:\/\/maybommini.vn\/index.php?rest_route=%2Fwp%2Fv2%2Fcomments&post=255815"}],"wp:featuredmedia":[{"embeddable":true,"href":"https:\/\/maybommini.vn\/index.php?rest_route=\/wp\/v2\/media\/263222"}],"wp:attachment":[{"href":"https:\/\/maybommini.vn\/index.php?rest_route=%2Fwp%2Fv2%2Fmedia&parent=255815"}],"wp:term":[{"taxonomy":"product_brand","embeddable":true,"href":"https:\/\/maybommini.vn\/index.php?rest_route=%2Fwp%2Fv2%2Fproduct_brand&post=255815"},{"taxonomy":"product_cat","embeddable":true,"href":"https:\/\/maybommini.vn\/index.php?rest_route=%2Fwp%2Fv2%2Fproduct_cat&post=255815"},{"taxonomy":"product_tag","embeddable":true,"href":"https:\/\/maybommini.vn\/index.php?rest_route=%2Fwp%2Fv2%2Fproduct_tag&post=255815"}],"curies":[{"name":"wp","href":"https:\/\/api.w.org\/{rel}","templated":true}]}}