{"id":255816,"date":"2018-04-12T19:25:52","date_gmt":"2018-04-12T12:25:52","guid":{"rendered":"https:\/\/maybommini.com\/san-pham\/import-placeholder-for-252051"},"modified":"2018-07-10T09:37:45","modified_gmt":"2018-07-10T02:37:45","slug":"may-bom-tro-luc-nuoc-nong-220v-100w-10l","status":"publish","type":"product","link":"https:\/\/maybommini.vn\/?product=may-bom-tro-luc-nuoc-nong-220v-100w-10l","title":{"rendered":"M\u00e1y b\u01a1m tr\u1ee3 l\u1ef1c n\u01b0\u1edbc n\u00f3ng 220V 100W 10L"},"content":{"rendered":"<p><em><strong>Nh\u00e0 cung c\u1ea5p h\u00e0ng \u0111\u1ea7u m\u00e1y b\u01a1m tr\u1ee3 l\u1ef1c n\u01b0\u1edbc n\u00f3ng 220V 100W 10L l\u00e0 lo\u1ea1i m\u00e1y b\u01a1m chuy\u00ean d\u1ee5ng d\u00f9ng\u00a0\u0111\u1ec3 tr\u1ee3 l\u1ef1c m\u00e1y n\u00f3ng l\u1ea1nh gia\u00a0\u0111\u00ecnh. C\u00f3 th\u1ec3 d\u00f9ng tr\u1ee3 l\u1ef1c h\u1ec7 th\u1ed1ng n\u01b0\u1edbc trong gia\u00a0\u0111\u00ecnh do n\u01b0\u1edbc y\u1ebfu v\u00ec h\u1ec7 th\u1ed1ng b\u1ed3n n\u01b0\u1edbc th\u1ea5p ho\u1eb7c n\u01b0\u1edbc thu\u1ef7 c\u1ee5c y\u1ebfu.<\/strong><\/em><\/p>\n<p><img decoding=\"async\" class=\"size-full wp-image-255308 aligncenter\" src=\"http:\/\/maybommini.com.vn\/wp-content\/uploads\/2018\/01\/may-bom-tro-luc-gia-dinh.jpg\" alt=\"May Bom Tro Luc Gia Dinh\" width=\"750\" height=\"750\" srcset=\"https:\/\/maybommini.vn\/wp-content\/uploads\/2018\/01\/may-bom-tro-luc-gia-dinh.jpg 750w, https:\/\/maybommini.vn\/wp-content\/uploads\/2018\/01\/may-bom-tro-luc-gia-dinh-300x300.jpg 300w, https:\/\/maybommini.vn\/wp-content\/uploads\/2018\/01\/may-bom-tro-luc-gia-dinh-600x600.jpg 600w, https:\/\/maybommini.vn\/wp-content\/uploads\/2018\/01\/may-bom-tro-luc-gia-dinh-150x150.jpg 150w\" sizes=\"(max-width: 750px) 100vw, 750px\" \/><\/p>\n<p><strong>TH\u00d4NG S\u1ed0 K\u1ef8 THU\u1eacT M\u00c1Y B\u01a0M TR\u1ee2 L\u1ef0C<br \/>\n<\/strong>\u0110i\u1ec7n \u00e1p: AC 220V<br \/>\nC\u00f4ng su\u1ea5t (t\u1ed1i \u0111a): 100W<br \/>\nL\u01b0u l\u01b0\u1ee3ng: 10L \/ ph\u00fat<br \/>\nB\u01a1m cao: 8 m\u00e9t<br \/>\nTr\u1ecdng l\u01b0\u1ee3ng: 2.5 kg<br \/>\nC\u00f4ng t\u1eaft : van th\u00f4ng minh (v\u1edbi c\u00f4ng t\u1eafc \u00e1p su\u1ea5t)<br \/>\nH\u1ea3ng ch\u00ednh h\u00e3ng<br \/>\nB\u1ea3o h\u00e0nh: 6 th\u00e1ng<br \/>\nShip h\u00e0ng \u0111i to\u00e0n qu\u1ed1c<br \/>\nG\u1ecdi : 090 729 4310<\/p>\n<p><img decoding=\"async\" class=\"size-full wp-image-255309 aligncenter\" src=\"http:\/\/maybommini.com.vn\/wp-content\/uploads\/2018\/01\/may-bom-tro-luc-gia-dinh-thong-minh.jpg\" alt=\"May Bom Tro Luc Gia Dinh Thong Minh\" width=\"750\" height=\"750\" srcset=\"https:\/\/maybommini.vn\/wp-content\/uploads\/2018\/01\/may-bom-tro-luc-gia-dinh-thong-minh.jpg 750w, https:\/\/maybommini.vn\/wp-content\/uploads\/2018\/01\/may-bom-tro-luc-gia-dinh-thong-minh-300x300.jpg 300w, https:\/\/maybommini.vn\/wp-content\/uploads\/2018\/01\/may-bom-tro-luc-gia-dinh-thong-minh-600x600.jpg 600w, https:\/\/maybommini.vn\/wp-content\/uploads\/2018\/01\/may-bom-tro-luc-gia-dinh-thong-minh-150x150.jpg 150w\" sizes=\"(max-width: 750px) 100vw, 750px\" \/><\/p>\n<h4 style=\"text-align: center\"><em><strong>m\u00e1y b\u01a1m tr\u1ee3 l\u1ef1c n\u01b0\u1edbc n\u00f3ng 220V<\/strong><\/em><\/h4>\n<p><img decoding=\"async\" class=\"size-full wp-image-255307 aligncenter\" src=\"http:\/\/maybommini.com.vn\/wp-content\/uploads\/2018\/01\/may-bom-tang-ap-thong-minh-tu-dong.jpg\" alt=\"May Bom Tang Ap Thong Minh Tu Dong\" width=\"750\" height=\"750\" srcset=\"https:\/\/maybommini.vn\/wp-content\/uploads\/2018\/01\/may-bom-tang-ap-thong-minh-tu-dong.jpg 750w, https:\/\/maybommini.vn\/wp-content\/uploads\/2018\/01\/may-bom-tang-ap-thong-minh-tu-dong-300x300.jpg 300w, https:\/\/maybommini.vn\/wp-content\/uploads\/2018\/01\/may-bom-tang-ap-thong-minh-tu-dong-600x600.jpg 600w, https:\/\/maybommini.vn\/wp-content\/uploads\/2018\/01\/may-bom-tang-ap-thong-minh-tu-dong-150x150.jpg 150w\" sizes=\"(max-width: 750px) 100vw, 750px\" \/> <img decoding=\"async\" class=\"size-full wp-image-255306 aligncenter\" src=\"http:\/\/maybommini.com.vn\/wp-content\/uploads\/2018\/01\/may-bom-tang-ap-gia-dinh-220v-2.jpg\" alt=\"May Bom Tang Ap Gia Dinh 220v\" width=\"800\" height=\"800\" srcset=\"https:\/\/maybommini.vn\/wp-content\/uploads\/2018\/01\/may-bom-tang-ap-gia-dinh-220v-2.jpg 800w, https:\/\/maybommini.vn\/wp-content\/uploads\/2018\/01\/may-bom-tang-ap-gia-dinh-220v-2-300x300.jpg 300w, https:\/\/maybommini.vn\/wp-content\/uploads\/2018\/01\/may-bom-tang-ap-gia-dinh-220v-2-600x600.jpg 600w, https:\/\/maybommini.vn\/wp-content\/uploads\/2018\/01\/may-bom-tang-ap-gia-dinh-220v-2-150x150.jpg 150w, https:\/\/maybommini.vn\/wp-content\/uploads\/2018\/01\/may-bom-tang-ap-gia-dinh-220v-2-768x768.jpg 768w\" sizes=\"(max-width: 800px) 100vw, 800px\" \/> <img decoding=\"async\" class=\"size-full wp-image-255310 aligncenter\" src=\"http:\/\/maybommini.com.vn\/wp-content\/uploads\/2018\/01\/may-bom-tro-luc-may-nuoc-nong-2.jpg\" alt=\"May Bom Tro Luc May Nuoc Nong\" width=\"800\" height=\"800\" srcset=\"https:\/\/maybommini.vn\/wp-content\/uploads\/2018\/01\/may-bom-tro-luc-may-nuoc-nong-2.jpg 800w, https:\/\/maybommini.vn\/wp-content\/uploads\/2018\/01\/may-bom-tro-luc-may-nuoc-nong-2-300x300.jpg 300w, https:\/\/maybommini.vn\/wp-content\/uploads\/2018\/01\/may-bom-tro-luc-may-nuoc-nong-2-600x600.jpg 600w, https:\/\/maybommini.vn\/wp-content\/uploads\/2018\/01\/may-bom-tro-luc-may-nuoc-nong-2-150x150.jpg 150w, https:\/\/maybommini.vn\/wp-content\/uploads\/2018\/01\/may-bom-tro-luc-may-nuoc-nong-2-768x768.jpg 768w\" sizes=\"(max-width: 800px) 100vw, 800px\" \/> <img decoding=\"async\" class=\"size-full wp-image-255311 aligncenter\" src=\"http:\/\/maybommini.com.vn\/wp-content\/uploads\/2018\/01\/may-bom-tu-dong-tang-ap.jpg\" alt=\"May Bom Tu Dong Tang Ap\" width=\"750\" height=\"750\" srcset=\"https:\/\/maybommini.vn\/wp-content\/uploads\/2018\/01\/may-bom-tu-dong-tang-ap.jpg 750w, https:\/\/maybommini.vn\/wp-content\/uploads\/2018\/01\/may-bom-tu-dong-tang-ap-300x300.jpg 300w, https:\/\/maybommini.vn\/wp-content\/uploads\/2018\/01\/may-bom-tu-dong-tang-ap-600x600.jpg 600w, https:\/\/maybommini.vn\/wp-content\/uploads\/2018\/01\/may-bom-tu-dong-tang-ap-150x150.jpg 150w\" sizes=\"(max-width: 750px) 100vw, 750px\" \/> <img decoding=\"async\" class=\"size-full wp-image-255312 aligncenter\" src=\"http:\/\/maybommini.com.vn\/wp-content\/uploads\/2018\/01\/may-tang-ap-luc-tu-dong.jpg\" alt=\"May Tang Ap Luc Tu Dong\" width=\"750\" height=\"750\" srcset=\"https:\/\/maybommini.vn\/wp-content\/uploads\/2018\/01\/may-tang-ap-luc-tu-dong.jpg 750w, https:\/\/maybommini.vn\/wp-content\/uploads\/2018\/01\/may-tang-ap-luc-tu-dong-300x300.jpg 300w, https:\/\/maybommini.vn\/wp-content\/uploads\/2018\/01\/may-tang-ap-luc-tu-dong-600x600.jpg 600w, https:\/\/maybommini.vn\/wp-content\/uploads\/2018\/01\/may-tang-ap-luc-tu-dong-150x150.jpg 150w\" sizes=\"(max-width: 750px) 100vw, 750px\" \/> <img decoding=\"async\" class=\"size-full wp-image-255313 aligncenter\" src=\"http:\/\/maybommini.com.vn\/wp-content\/uploads\/2018\/01\/tro-luc-may-nuoc-nong.jpg\" alt=\"Tro Luc May Nuoc Nong\" width=\"750\" height=\"750\" srcset=\"https:\/\/maybommini.vn\/wp-content\/uploads\/2018\/01\/tro-luc-may-nuoc-nong.jpg 750w, https:\/\/maybommini.vn\/wp-content\/uploads\/2018\/01\/tro-luc-may-nuoc-nong-150x150.jpg 150w, https:\/\/maybommini.vn\/wp-content\/uploads\/2018\/01\/tro-luc-may-nuoc-nong-300x300.jpg 300w, https:\/\/maybommini.vn\/wp-content\/uploads\/2018\/01\/tro-luc-may-nuoc-nong-600x600.jpg 600w, https:\/\/maybommini.vn\/wp-content\/uploads\/2018\/01\/tro-luc-may-nuoc-nong-100x100.jpg 100w\" sizes=\"(max-width: 750px) 100vw, 750px\" \/> <img decoding=\"async\" class=\"size-full wp-image-255314 aligncenter\" src=\"http:\/\/maybommini.com.vn\/wp-content\/uploads\/2018\/01\/tro-luc-nuoc-may-giat.jpg\" alt=\"Tro Luc Nuoc May Giat\" width=\"750\" height=\"750\" srcset=\"https:\/\/maybommini.vn\/wp-content\/uploads\/2018\/01\/tro-luc-nuoc-may-giat.jpg 750w, https:\/\/maybommini.vn\/wp-content\/uploads\/2018\/01\/tro-luc-nuoc-may-giat-150x150.jpg 150w, https:\/\/maybommini.vn\/wp-content\/uploads\/2018\/01\/tro-luc-nuoc-may-giat-300x300.jpg 300w, https:\/\/maybommini.vn\/wp-content\/uploads\/2018\/01\/tro-luc-nuoc-may-giat-600x600.jpg 600w, https:\/\/maybommini.vn\/wp-content\/uploads\/2018\/01\/tro-luc-nuoc-may-giat-100x100.jpg 100w\" sizes=\"(max-width: 750px) 100vw, 750px\" \/><br \/>\nM\u00e1y c\u00f3 th\u1ec3 d\u00f9ng tr\u1ee3 l\u1ef1c h\u1ec7 th\u1ed1ng n\u01b0\u1edbc gia\u00a0\u0111\u00ecnh do b\u1ecb y\u1ebfu ho\u1eb7c b\u1ed3n ch\u1ee9a n\u01b0\u1edbc th\u1ea5p kh\u00f4ng\u00a0\u0111\u1ee7\u00a0\u00e1p l\u1ef1c\u00a0\u0111\u1ec3 t\u1eafm, m\u00e1y n\u01b0\u1edbc n\u00f3ng, m\u00e1y gi\u1eb7t, t\u01b0\u1edbi c\u00e2y,&#8230;.<\/p>\n<p>M\u00e1y b\u01a1m tr\u1ee3 l\u1ef1c\u00a0ho\u1ea1t\u00a0\u0111\u1ed9ng ho\u00e0n to\u00e0n t\u1ef1\u00a0\u0111\u1ed9ng v\u00e0 im\u00a0\u00e1i kh\u00f4ng nh\u01b0 c\u00e1c l\u1ea1o m\u00e1y b\u01a1m th\u00f4ng th\u01b0\u1eddng tr\u00ean th\u1ecb tr\u01b0\u1eddng c\u00f3 ti\u1ebfng k\u00eau kh\u00f3 ch\u1ecbu.<\/p>\n<p><img decoding=\"async\" class=\"size-full wp-image-255305 aligncenter\" src=\"http:\/\/maybommini.com.vn\/wp-content\/uploads\/2018\/01\/cach-tang-ap-luc-nuoc.jpg\" alt=\"Cach Tang Ap Luc Nuoc\" width=\"750\" height=\"750\" srcset=\"https:\/\/maybommini.vn\/wp-content\/uploads\/2018\/01\/cach-tang-ap-luc-nuoc.jpg 750w, https:\/\/maybommini.vn\/wp-content\/uploads\/2018\/01\/cach-tang-ap-luc-nuoc-300x300.jpg 300w, https:\/\/maybommini.vn\/wp-content\/uploads\/2018\/01\/cach-tang-ap-luc-nuoc-600x600.jpg 600w, https:\/\/maybommini.vn\/wp-content\/uploads\/2018\/01\/cach-tang-ap-luc-nuoc-150x150.jpg 150w\" sizes=\"(max-width: 750px) 100vw, 750px\" \/><\/p>\n<p><em><strong>MUA M\u00c1Y B\u01a0M TR\u1ee2 L\u1ef0C N\u00d3NG L\u1ea0NH \u1ede\u00a0\u0110\u00c2U ?\u00a0<\/strong><\/em><\/p>\n<p><img decoding=\"async\" class=\"size-full wp-image-255311 aligncenter\" src=\"http:\/\/maybommini.com.vn\/wp-content\/uploads\/2018\/01\/may-bom-tu-dong-tang-ap.jpg\" alt=\"May Bom Tu Dong Tang Ap\" width=\"750\" height=\"750\" srcset=\"https:\/\/maybommini.vn\/wp-content\/uploads\/2018\/01\/may-bom-tu-dong-tang-ap.jpg 750w, https:\/\/maybommini.vn\/wp-content\/uploads\/2018\/01\/may-bom-tu-dong-tang-ap-300x300.jpg 300w, https:\/\/maybommini.vn\/wp-content\/uploads\/2018\/01\/may-bom-tu-dong-tang-ap-600x600.jpg 600w, https:\/\/maybommini.vn\/wp-content\/uploads\/2018\/01\/may-bom-tu-dong-tang-ap-150x150.jpg 150w\" sizes=\"(max-width: 750px) 100vw, 750px\" \/><\/p>\n<p><strong>CTY TNHH TH\u01af\u01a0NG M\u1ea0I D\u1ecaCH V\u1ee4 \u0110I\u1ec6N M\u00c1Y TH\u00d4NG MINH<\/strong><br \/>\nHotline : 090 729 4310<br \/>\nEmail : maybommini.com@gmail.com<br \/>\nWebsite : http:\/\/maybommini.com<br \/>\nFacebook : <a href=\"https:\/\/www.facebook.com\/maybommini\" target=\"_blank\" rel=\"noopener\">https:\/\/www.facebook.com\/maybommini<\/a><br \/>\nGoogle : <a href=\"https:\/\/plus.google.com\/ Maybomnuocminiruaxe\" target=\"_blank\" rel=\"noopener\">https:\/\/plus.google.com\/ Maybomnuocminiruaxe<\/a><br \/>\nYoutube demo : <a href=\"https:\/\/www.youtube.com\/bahamasali\" target=\"_blank\" rel=\"noopener\">https:\/\/www.youtube.com\/bahamasali<\/a><\/p>\n","protected":false},"excerpt":{"rendered":"<p>\u0110i\u1ec7n \u00e1p: AC 220V<br \/>\nC\u00f4ng su\u1ea5t (t\u1ed1i \u0111a): 100W<br \/>\nL\u01b0u l\u01b0\u1ee3ng: 10L \/ ph\u00fat<br \/>\nB\u01a1m cao: 8 m\u00e9t<br \/>\nTr\u1ecdng l\u01b0\u1ee3ng: 2.5 kg<br \/>\nC\u00f4ng t\u1eaft : van th\u00f4ng minh (v\u1edbi c\u00f4ng t\u1eafc \u00e1p su\u1ea5t)<br \/>\nH\u1ea3ng ch\u00ednh h\u00e3ng<br \/>\nB\u1ea3o h\u00e0nh: 6 th\u00e1ng<br \/>\nShip h\u00e0ng \u0111i to\u00e0n qu\u1ed1c<br \/>\nG\u1ecdi : 090 729 4310<\/p>\n","protected":false},"featured_media":255923,"comment_status":"open","ping_status":"closed","template":"","meta":[],"product_brand":[],"product_cat":[1515],"product_tag":[500,501,337,338,502,503,504,505,506,507],"class_list":{"0":"post-255816","1":"product","2":"type-product","3":"status-publish","4":"has-post-thumbnail","6":"product_cat-may-bom-tro-luc-220v","7":"product_tag-220v","8":"product_tag-bom-nuoc-gia-dinh","9":"product_tag-may-bom-nuoc-nong","10":"product_tag-may-nong-lanh","11":"product_tag-nong-lanh","12":"product_tag-nuoc-yeu","13":"product_tag-tang-ap","14":"product_tag-tang-ap-nong-lanh","15":"product_tag-tro-luc","16":"product_tag-voi-sen-yeu","18":"first","19":"instock","20":"sale","21":"shipping-taxable","22":"purchasable","23":"product-type-simple"},"_links":{"self":[{"href":"https:\/\/maybommini.vn\/index.php?rest_route=\/wp\/v2\/product\/255816","targetHints":{"allow":["GET"]}}],"collection":[{"href":"https:\/\/maybommini.vn\/index.php?rest_route=\/wp\/v2\/product"}],"about":[{"href":"https:\/\/maybommini.vn\/index.php?rest_route=\/wp\/v2\/types\/product"}],"replies":[{"embeddable":true,"href":"https:\/\/maybommini.vn\/index.php?rest_route=%2Fwp%2Fv2%2Fcomments&post=255816"}],"wp:featuredmedia":[{"embeddable":true,"href":"https:\/\/maybommini.vn\/index.php?rest_route=\/wp\/v2\/media\/255923"}],"wp:attachment":[{"href":"https:\/\/maybommini.vn\/index.php?rest_route=%2Fwp%2Fv2%2Fmedia&parent=255816"}],"wp:term":[{"taxonomy":"product_brand","embeddable":true,"href":"https:\/\/maybommini.vn\/index.php?rest_route=%2Fwp%2Fv2%2Fproduct_brand&post=255816"},{"taxonomy":"product_cat","embeddable":true,"href":"https:\/\/maybommini.vn\/index.php?rest_route=%2Fwp%2Fv2%2Fproduct_cat&post=255816"},{"taxonomy":"product_tag","embeddable":true,"href":"https:\/\/maybommini.vn\/index.php?rest_route=%2Fwp%2Fv2%2Fproduct_tag&post=255816"}],"curies":[{"name":"wp","href":"https:\/\/api.w.org\/{rel}","templated":true}]}}