{"id":255817,"date":"2018-04-12T19:25:52","date_gmt":"2018-04-12T12:25:52","guid":{"rendered":"https:\/\/maybommini.com\/san-pham\/import-placeholder-for-252071"},"modified":"2021-02-27T08:03:24","modified_gmt":"2021-02-27T01:03:24","slug":"may-bom-ap-luc-220v-170m","status":"publish","type":"product","link":"https:\/\/maybommini.vn\/?product=may-bom-ap-luc-220v-170m","title":{"rendered":"M\u00e1y b\u01a1m \u00e1p l\u1ef1c 220V 170M"},"content":{"rendered":"<p><strong>M\u00e1y b\u01a1m \u00e1p l\u1ef1c 220V 170M \u0111\u00e2y l\u00e0 lo\u1ea1i m\u00e1y c\u00f3 \u00e1p l\u1ef1c cao chuy\u00ean d\u1ee5ng x\u1ecbt r\u1eeda v\u1ec7 sinh xe, nh\u00e0 c\u1eeda, phun thu\u1ed1c s\u00e2u, b\u01a1m ho\u00e1 ch\u1ea5t r\u1ea5t t\u1ed1t. M\u00e1y B\u01a1m Mini nh\u00e0 cung c\u1ea5p h\u00e0ng\u00a0\u0111\u1ea7u v\u1ec1 c\u00e1c lo\u1ea1i m\u00e1y b\u01a1m mini, m\u00e1y b\u01a1m\u00a0\u00e1p l\u1ef1c gia t\u1ed1t giao h\u00e0ng to\u00e0n qu\u1ed1c.<\/strong><\/p>\n<p><a href=\"http:\/\/maybommini.com\/wp-content\/uploads\/2016\/02\/may-bom-ap-luc-rua-xe-ve-sinh-may-lanh.jpg\" rel=\"attachment wp-att-244771 noopener\" target=\"_blank\"><img decoding=\"async\" class=\"size-full wp-image-244771 aligncenter\" src=\"http:\/\/maybommini.com\/wp-content\/uploads\/2016\/02\/may-bom-ap-luc-rua-xe-ve-sinh-may-lanh.jpg\" alt=\"may-bom-ap-luc-rua-xe-ve-sinh-may-lanh\" width=\"750\" height=\"581\" srcset=\"https:\/\/maybommini.vn\/wp-content\/uploads\/2016\/02\/may-bom-ap-luc-rua-xe-ve-sinh-may-lanh.jpg 750w, https:\/\/maybommini.vn\/wp-content\/uploads\/2016\/02\/may-bom-ap-luc-rua-xe-ve-sinh-may-lanh-600x465.jpg 600w, https:\/\/maybommini.vn\/wp-content\/uploads\/2016\/02\/may-bom-ap-luc-rua-xe-ve-sinh-may-lanh-300x232.jpg 300w\" sizes=\"(max-width: 750px) 100vw, 750px\" \/><\/a><\/p>\n<p>M\u00e1y b\u01a1m \u00e1p l\u1ef1c 220V 170M\u00a0\u0111\u01b0\u1ee3c s\u1ea3n xu\u1ea5t v\u1edbi c\u00f4ng ngh\u1ec7 b\u01a1m m\u00e0ng ti\u00ean ti\u1ebfn nh\u1ea5t, ho\u1ea1t\u00a0\u0111\u1ed9ng b\u1ec1n b\u1ec9 v\u00e0 ch\u1ed1ng\u00a0\u0103n m\u00f2n.<\/p>\n<p><a href=\"http:\/\/maybommini.com\/wp-content\/uploads\/2016\/02\/bom-nuoc-ap-luc-220v.jpg\" rel=\"attachment wp-att-244770 noopener\" target=\"_blank\"><img decoding=\"async\" class=\"size-full wp-image-244770 aligncenter\" src=\"http:\/\/maybommini.com\/wp-content\/uploads\/2016\/02\/bom-nuoc-ap-luc-220v.jpg\" alt=\"bom-nuoc-ap-luc-220v\" width=\"750\" height=\"532\" srcset=\"https:\/\/maybommini.vn\/wp-content\/uploads\/2016\/02\/bom-nuoc-ap-luc-220v.jpg 750w, https:\/\/maybommini.vn\/wp-content\/uploads\/2016\/02\/bom-nuoc-ap-luc-220v-600x426.jpg 600w, https:\/\/maybommini.vn\/wp-content\/uploads\/2016\/02\/bom-nuoc-ap-luc-220v-300x213.jpg 300w\" sizes=\"(max-width: 750px) 100vw, 750px\" \/><\/a><\/p>\n<p><strong>TH\u00d4NG S\u1ed0 K\u1ef8 THU\u1eacT<\/strong><br \/>\nLo\u1ea1i b\u01a1m m\u00e0ng cao c\u1ea5p<br \/>\n\u0110i\u1ec7n th\u1ebf: 220V<br \/>\n\u00c1p l\u1ef1c: 12kg t\u01b0\u01a1ng\u00a0\u0111\u01b0\u01a1ng 170PSI (1.2 MPA)<br \/>\nT\u1ef1 h\u00fat : cao 3 m\u00e9t<br \/>\n\u0110\u1ea9y xa: 110 m\u00e9t<br \/>\nTi\u1ebfng\u00a0\u1ed3n:\u00a0\u226438db<br \/>\nK\u00edch th\u01b0\u1edbc: 26cm x 10cm x 10cm<br \/>\n\u0110\u01b0\u1eddng k\u00ednh c\u01a1 7.6CM<br \/>\nTr\u1ecdng l\u01b0\u1ee3ng: 2.69 Kg<br \/>\nT\u1ef1\u00a0\u0111\u1ed9ng t\u1eaft khi kho\u00e1 n\u01b0\u1edbc ra (c\u00f3 c\u00f4ng t\u1eaft\u00a0\u00e1p l\u1ef1c t\u1ef1\u00a0\u0111\u1ed9ng)<\/p>\n<p><a href=\"http:\/\/maybommini.com\/wp-content\/uploads\/2016\/02\/may-bom-mang-ap-luc-cao.jpg\" rel=\"attachment wp-att-244772 noopener\" target=\"_blank\"><img decoding=\"async\" class=\"size-full wp-image-244772 aligncenter\" src=\"http:\/\/maybommini.com\/wp-content\/uploads\/2016\/02\/may-bom-mang-ap-luc-cao.jpg\" alt=\"may-bom-mang-ap-luc-cao\" width=\"750\" height=\"699\" srcset=\"https:\/\/maybommini.vn\/wp-content\/uploads\/2016\/02\/may-bom-mang-ap-luc-cao.jpg 750w, https:\/\/maybommini.vn\/wp-content\/uploads\/2016\/02\/may-bom-mang-ap-luc-cao-600x559.jpg 600w, https:\/\/maybommini.vn\/wp-content\/uploads\/2016\/02\/may-bom-mang-ap-luc-cao-300x280.jpg 300w\" sizes=\"(max-width: 750px) 100vw, 750px\" \/><\/a> <a href=\"http:\/\/maybommini.com\/wp-content\/uploads\/2016\/02\/may-bom-ve-sinh-may-lanh.jpg\" rel=\"attachment wp-att-244773 noopener\" target=\"_blank\"><img decoding=\"async\" class=\"size-full wp-image-244773 aligncenter\" src=\"http:\/\/maybommini.com\/wp-content\/uploads\/2016\/02\/may-bom-ve-sinh-may-lanh.jpg\" alt=\"may-bom-ve-sinh-may-lanh\" width=\"750\" height=\"491\" srcset=\"https:\/\/maybommini.vn\/wp-content\/uploads\/2016\/02\/may-bom-ve-sinh-may-lanh.jpg 750w, https:\/\/maybommini.vn\/wp-content\/uploads\/2016\/02\/may-bom-ve-sinh-may-lanh-600x393.jpg 600w, https:\/\/maybommini.vn\/wp-content\/uploads\/2016\/02\/may-bom-ve-sinh-may-lanh-300x196.jpg 300w\" sizes=\"(max-width: 750px) 100vw, 750px\" \/><\/a> <a href=\"http:\/\/maybommini.com\/wp-content\/uploads\/2016\/02\/may-rua-xe-ap-luc-cao.jpg\" rel=\"attachment wp-att-244774 noopener\" target=\"_blank\"><img decoding=\"async\" class=\"size-full wp-image-244774 aligncenter\" src=\"http:\/\/maybommini.com\/wp-content\/uploads\/2016\/02\/may-rua-xe-ap-luc-cao.jpg\" alt=\"may-rua-xe-ap-luc-cao\" width=\"750\" height=\"524\" srcset=\"https:\/\/maybommini.vn\/wp-content\/uploads\/2016\/02\/may-rua-xe-ap-luc-cao.jpg 750w, https:\/\/maybommini.vn\/wp-content\/uploads\/2016\/02\/may-rua-xe-ap-luc-cao-600x419.jpg 600w, https:\/\/maybommini.vn\/wp-content\/uploads\/2016\/02\/may-rua-xe-ap-luc-cao-300x210.jpg 300w, https:\/\/maybommini.vn\/wp-content\/uploads\/2016\/02\/may-rua-xe-ap-luc-cao-220x154.jpg 220w\" sizes=\"(max-width: 750px) 100vw, 750px\" \/><\/a><\/p>\n<p><strong>\u1ee8NG D\u1ee4NG M\u00c1Y B\u01a0M\u00a0\u00c1P L\u1ef0C 220V<\/strong><br \/>\n&#8211; D\u00f9ng x\u1ecbt r\u1eeda xe m\u00e1y, xe o6to.<br \/>\n&#8211; D\u00f9ng v\u1ec7 sinh m\u00e1y l\u1ea1nh.<br \/>\n&#8211; D\u00f9ng phun x\u1ecbt thu\u1ed1c tr\u1eeba s\u00e2u.<br \/>\n&#8211; D\u00f9ng b\u01a1m ho\u00e1 ch\u1ea5t c\u00e1c lo\u1ea1i.<br \/>\n&#8211; Phun s\u01b0\u01a1ng t\u01b0\u1edbi Hoa Lan.<br \/>\n&#8211; B\u01a1m t\u01b0\u1edbi h\u1ec7 th\u1ed1ng thu\u1ef7 canh.<br \/>\n&#8211; H\u1ec7 th\u1ed1ng b\u01a1m t\u1ef1\u00a0\u0111\u1ed9ng.<br \/>\n&#8211; B\u01a1m tr\u1ee3 l\u1ef1c n\u01b0\u1edbc trong nh\u00e0.<br \/>\n&#8211; X\u1ecbt r\u1eeda x\u1ec7 sinh nh\u00e0 c\u1eeda, nh\u00e0 h\u00e0ng, b\u1ebfp &#8230;.<br \/>\n&#8211; B\u01a1m th\u1ef1c ph\u1ea9m, r\u01b0\u1ee3u, &#8230;.<\/p>\n<p><img decoding=\"async\" class=\"size-full wp-image-244775 aligncenter\" src=\"http:\/\/maybommini.com\/wp-content\/uploads\/2016\/02\/may-xit-rua-ve-ap-luc-220v.jpg\" alt=\"may-xit-rua-ve-ap-luc-220v\" width=\"750\" height=\"757\" srcset=\"https:\/\/maybommini.vn\/wp-content\/uploads\/2016\/02\/may-xit-rua-ve-ap-luc-220v.jpg 750w, https:\/\/maybommini.vn\/wp-content\/uploads\/2016\/02\/may-xit-rua-ve-ap-luc-220v-600x606.jpg 600w, https:\/\/maybommini.vn\/wp-content\/uploads\/2016\/02\/may-xit-rua-ve-ap-luc-220v-150x150.jpg 150w, https:\/\/maybommini.vn\/wp-content\/uploads\/2016\/02\/may-xit-rua-ve-ap-luc-220v-297x300.jpg 297w\" sizes=\"(max-width: 750px) 100vw, 750px\" \/><\/p>\n<p><strong>MUA M\u00c1Y B\u01a0M N\u01af\u1edaC MINI 220V 170M \u1ede \u0110\u00c2U ?<br \/>\n<\/strong>M\u1ecdi chi ti\u1ebft vui l\u00f2ng li\u00ean h\u1ec7 tr\u1ef1c ti\u1ebfp cho ch\u00fang t\u00f4i \u0111\u1ec3 \u0111\u01b0\u1ee3c t\u01b0 v\u1ea5n theo nhu c\u1ea7u \u0111\u1ec3 c\u00f3 \u0111\u01b0\u1ee3c b\u1ed9 s\u1ea3n ph\u1ea9m t\u1ed1t nh\u1ea5t v\u00e0 ti\u1ebft ki\u1ec7m. B\u1ea1n \u1edf xa v\u1eabn c\u00f3 th\u1ec3 mua h\u00e0ng v\u00e0 giao h\u00e0ng thanh to\u00e1n ti\u1ec1n t\u1ea1i nh\u00e0.<\/p>\n<p><a href=\"https:\/\/maybommini.com\/wp-content\/uploads\/2018\/04\/may-bom-ap-luc-mini-220v-170m-1.jpg\" target=\"_blank\" rel=\"noopener\"><img decoding=\"async\" class=\"size-full wp-image-258492 aligncenter\" src=\"https:\/\/maybommini.com\/wp-content\/uploads\/2018\/04\/may-bom-ap-luc-mini-220v-170m-1.jpg\" alt=\"May Bom Ap Luc Mini 220v 170m\" width=\"750\" height=\"750\" srcset=\"https:\/\/maybommini.vn\/wp-content\/uploads\/2018\/04\/may-bom-ap-luc-mini-220v-170m-1.jpg 750w, https:\/\/maybommini.vn\/wp-content\/uploads\/2018\/04\/may-bom-ap-luc-mini-220v-170m-1-300x300.jpg 300w, https:\/\/maybommini.vn\/wp-content\/uploads\/2018\/04\/may-bom-ap-luc-mini-220v-170m-1-150x150.jpg 150w, https:\/\/maybommini.vn\/wp-content\/uploads\/2018\/04\/may-bom-ap-luc-mini-220v-170m-1-600x600.jpg 600w\" sizes=\"(max-width: 750px) 100vw, 750px\" \/><\/a><\/p>\n<p>Email : maybommini.com@gmail.com<br \/>\nWebsite : http:\/\/maybommini.com<br \/>\nFacebook : https:\/\/www.facebook.com\/maybommini<br \/>\nGoogle : https:\/\/plus.google.com\/ Maybomnuocminiruaxe<br \/>\nYoutube demo : https:\/\/www.youtube.com\/bahamasali<\/p>\n<h3 style=\"text-align: center;\">M\u00e1y b\u01a1m \u00e1p l\u1ef1c 220V 170M<\/h3>\n","protected":false},"excerpt":{"rendered":"<p>Lo\u1ea1i b\u01a1m m\u00e0ng cao c\u1ea5p<br \/>\n\u0110i\u1ec7n th\u1ebf: 220V<br \/>\n\u00c1p l\u1ef1c: 12kg t\u01b0\u01a1ng\u00a0\u0111\u01b0\u01a1ng 170PSI (1.2 MPA)<br \/>\nT\u1ef1 h\u00fat : cao 3 m\u00e9t<br \/>\n\u0110\u1ea9y xa: 110 m\u00e9t<br \/>\nTi\u1ebfng\u00a0\u1ed3n:\u00a0\u226438db<br \/>\nK\u00edch th\u01b0\u1edbc: 26cm x 10cm x 10cm<br \/>\n\u0110\u01b0\u1eddng k\u00ednh c\u01a1 7.6CM<br \/>\nTr\u1ecdng l\u01b0\u1ee3ng: 2.69 Kg<br \/>\nT\u1ef1\u00a0\u0111\u1ed9ng t\u1eaft khi kho\u00e1 n\u01b0\u1edbc ra (c\u00f3 c\u00f4ng t\u1eaft\u00a0\u00e1p l\u1ef1c t\u1ef1\u00a0\u0111\u1ed9ng)<\/p>\n","protected":false},"featured_media":258492,"comment_status":"open","ping_status":"closed","template":"","meta":[],"product_brand":[],"product_cat":[508,509],"product_tag":[500,372,285,203,630,646,849,275,278,443,420],"class_list":{"0":"post-255817","1":"product","2":"type-product","3":"status-publish","4":"has-post-thumbnail","6":"product_cat-may-bom-ap-luc-220v","7":"product_cat-may-bom-nuoc-mini-220v","8":"product_tag-220v","9":"product_tag-ap-luc-cao","10":"product_tag-bom-ap-luc","11":"product_tag-may-bom","12":"product_tag-may-bom-220v","13":"product_tag-may-bom-tro-luc","14":"product_tag-may-bom-tu-dong","15":"product_tag-mini","16":"product_tag-propumps","17":"product_tag-rua-xe-mini","18":"product_tag-smartpumps","20":"first","21":"instock","22":"shipping-taxable","23":"product-type-simple"},"_links":{"self":[{"href":"https:\/\/maybommini.vn\/index.php?rest_route=\/wp\/v2\/product\/255817","targetHints":{"allow":["GET"]}}],"collection":[{"href":"https:\/\/maybommini.vn\/index.php?rest_route=\/wp\/v2\/product"}],"about":[{"href":"https:\/\/maybommini.vn\/index.php?rest_route=\/wp\/v2\/types\/product"}],"replies":[{"embeddable":true,"href":"https:\/\/maybommini.vn\/index.php?rest_route=%2Fwp%2Fv2%2Fcomments&post=255817"}],"wp:featuredmedia":[{"embeddable":true,"href":"https:\/\/maybommini.vn\/index.php?rest_route=\/wp\/v2\/media\/258492"}],"wp:attachment":[{"href":"https:\/\/maybommini.vn\/index.php?rest_route=%2Fwp%2Fv2%2Fmedia&parent=255817"}],"wp:term":[{"taxonomy":"product_brand","embeddable":true,"href":"https:\/\/maybommini.vn\/index.php?rest_route=%2Fwp%2Fv2%2Fproduct_brand&post=255817"},{"taxonomy":"product_cat","embeddable":true,"href":"https:\/\/maybommini.vn\/index.php?rest_route=%2Fwp%2Fv2%2Fproduct_cat&post=255817"},{"taxonomy":"product_tag","embeddable":true,"href":"https:\/\/maybommini.vn\/index.php?rest_route=%2Fwp%2Fv2%2Fproduct_tag&post=255817"}],"curies":[{"name":"wp","href":"https:\/\/api.w.org\/{rel}","templated":true}]}}