{"id":255819,"date":"2018-04-12T19:25:53","date_gmt":"2018-04-12T12:25:53","guid":{"rendered":"https:\/\/maybommini.com\/san-pham\/import-placeholder-for-252073"},"modified":"2018-04-12T19:27:45","modified_gmt":"2018-04-12T12:27:45","slug":"pe-12-8-aks-noi-nhanh","status":"publish","type":"product","link":"https:\/\/maybommini.vn\/?product=pe-12-8-aks-noi-nhanh","title":{"rendered":"PE 12-8 AKS n\u1ed1i nhanh"},"content":{"rendered":"<h3><strong>PE 12-8 AKS n\u1ed1i nhanh l\u00e0 lo\u1ea1i n\u1ed1i nhanh th\u01b0\u1eddng d\u00f9ng trong c\u00e1c thi\u1ebft b\u1ecb s\u1eed d\u1ee5ng h\u01a1i v\u00e0 b\u01a1m n\u01b0\u1edbc\u00a0\u00e1p l\u1ef1c cao. C\u00f3 ch\u1ee9c n\u0103ng n\u1ed1i\u00a0\u1ed1ng nhanh v\u00e0 chuy\u1ec3n t\u1eeb c\u00e1c lo\u1ea1i\u00a0\u1ed1ng c\u00f3 phi 12mm xu\u1ed1ng\u00a0\u1ed1ng 8mm.<\/strong><\/h3>\n<p><a href=\"http:\/\/maybommini.com\/wp-content\/uploads\/2016\/02\/co-noi-nhanh-8-12.jpg\" rel=\"attachment wp-att-244787 noopener\" target=\"_blank\"><img decoding=\"async\" class=\"size-full wp-image-244787 aligncenter\" src=\"http:\/\/maybommini.com\/wp-content\/uploads\/2016\/02\/co-noi-nhanh-8-12.jpg\" alt=\"co-noi-nhanh-8-12\" width=\"550\" height=\"550\" srcset=\"https:\/\/maybommini.vn\/wp-content\/uploads\/2016\/02\/co-noi-nhanh-8-12.jpg 550w, https:\/\/maybommini.vn\/wp-content\/uploads\/2016\/02\/co-noi-nhanh-8-12-300x300.jpg 300w, https:\/\/maybommini.vn\/wp-content\/uploads\/2016\/02\/co-noi-nhanh-8-12-150x150.jpg 150w\" sizes=\"(max-width: 550px) 100vw, 550px\" \/><\/a><\/p>\n<h3><strong>TH\u00d4NG S\u1ed0 K\u1ef8\u00a0THU\u1eacT PE-12-8 AKS<\/strong><br \/>\nM\u00e3 : PE-12-8<br \/>\n\u0110\u1ea7u l\u1edbn: 12mm<br \/>\n\u0110\u1ea7u nh\u1ecf: 8mm<br \/>\n\u00c1p l\u1ef1c: 1 Mpa<br \/>\nNhi\u1ec7t\u00a0\u0111\u1ed9: 0-60\u00a0\u0111\u1ed9 C<br \/>\nLo\u1ea1i kh\u1edbp\u00a0n\u1ed1i nhanh cao c\u1ea5p<br \/>\nCh\u1ea5t li\u1ec7u : Nh\u1ef1a<br \/>\nNh\u00e0 s\u1ea3n xu\u1ea5t: AKS<\/h3>\n<p><a href=\"http:\/\/maybommini.com\/wp-content\/uploads\/2016\/02\/co-noi-ong-giam-12-xuong-8.jpg\" rel=\"attachment wp-att-244788 noopener\" target=\"_blank\"><img decoding=\"async\" class=\"size-full wp-image-244788 aligncenter\" src=\"http:\/\/maybommini.com\/wp-content\/uploads\/2016\/02\/co-noi-ong-giam-12-xuong-8.jpg\" alt=\"co-noi-ong-giam-12-xuong-8\" width=\"882\" height=\"888\" srcset=\"https:\/\/maybommini.vn\/wp-content\/uploads\/2016\/02\/co-noi-ong-giam-12-xuong-8.jpg 882w, https:\/\/maybommini.vn\/wp-content\/uploads\/2016\/02\/co-noi-ong-giam-12-xuong-8-600x604.jpg 600w, https:\/\/maybommini.vn\/wp-content\/uploads\/2016\/02\/co-noi-ong-giam-12-xuong-8-150x150.jpg 150w, https:\/\/maybommini.vn\/wp-content\/uploads\/2016\/02\/co-noi-ong-giam-12-xuong-8-298x300.jpg 298w, https:\/\/maybommini.vn\/wp-content\/uploads\/2016\/02\/co-noi-ong-giam-12-xuong-8-768x773.jpg 768w\" sizes=\"(max-width: 882px) 100vw, 882px\" \/><\/a><\/p>\n<p><a href=\"http:\/\/maybommini.com\/wp-content\/uploads\/2016\/02\/co-noi-nhanh-ong-hoi-PE-PU-PV-12-10-8-6.jpg\" rel=\"attachment wp-att-244790 noopener\" target=\"_blank\"><img decoding=\"async\" class=\"size-full wp-image-244790 aligncenter\" src=\"http:\/\/maybommini.com\/wp-content\/uploads\/2016\/02\/co-noi-nhanh-ong-hoi-PE-PU-PV-12-10-8-6.jpg\" alt=\"co-noi-nhanh-ong-hoi-PE-PU-PV-12-10-8-6\" width=\"704\" height=\"892\" srcset=\"https:\/\/maybommini.vn\/wp-content\/uploads\/2016\/02\/co-noi-nhanh-ong-hoi-PE-PU-PV-12-10-8-6.jpg 704w, https:\/\/maybommini.vn\/wp-content\/uploads\/2016\/02\/co-noi-nhanh-ong-hoi-PE-PU-PV-12-10-8-6-600x760.jpg 600w, https:\/\/maybommini.vn\/wp-content\/uploads\/2016\/02\/co-noi-nhanh-ong-hoi-PE-PU-PV-12-10-8-6-237x300.jpg 237w\" sizes=\"(max-width: 704px) 100vw, 704px\" \/><\/a><\/p>\n<h2><strong>MUA N\u1ed0I NHANH AKS PV PU PV\u00a0\u1ede\u00a0\u0110\u00c2U ?\u00a0<\/strong><\/h2>\n<p>Ch\u00fang t\u00f4i chuy\u00ean cung c\u1ea5p c\u00e1c thi\u1ebft b\u1ecb\u00a0\u0111i\u1ec7n n\u01b0\u1edbc h\u01a1i, thi\u1ebft b\u1ecb n\u1ed1i nhanh AKS ch\u00ednh h\u00e3ng tr\u00ean to\u00e0n qu\u1ed1c v\u1edbi gi\u00e1 h\u1ee3p l\u00fd v\u00e0 b\u1ea3o h\u00e0nh. Ch\u00fang t\u00f4i chuy\u00ean ph\u00e2n ph\u1ed1i c\u00e1c lo\u1ea1i n\u1ed1i nhanh AKS t\u1ea1i Vi\u1ec7t Nam v\u1edbi gi\u00e1 s\u1ec9 t\u1ed1t nh\u1ea5t th\u1ecb tr\u01b0\u1eddng hi\u1ec7n nay.<br \/>\nVui l\u00f2ng li\u1ec7n h\u1ec7 tr\u1ef1c ti\u1ebfp\u00a0\u0111\u1ec3 c\u00f3 gi\u00e1 c\u00e1c thi\u1ebft b\u1ecb ph\u1ee5 ki\u1ec7n AKS t\u1ed1t nh\u1eadt.<\/p>\n<p><strong>CTY TNHH TH\u01af\u01a0NG M\u1ea0I D\u1ecaCH V\u1ee4 \u0110I\u1ec6N M\u00c1Y TH\u00d4NG MINH<\/strong><br \/>\nHotline : 090 729 4310<br \/>\nEmail : maybommini.com@gmail.com<br \/>\nWebsite : http:\/\/maybommini.com<br \/>\nFacebook : <a href=\"https:\/\/www.facebook.com\/maybommini\" target=\"_blank\" rel=\"noopener\">https:\/\/www.facebook.com\/maybommini<\/a><br \/>\nGoogle   : <a href=\"https:\/\/plus.google.com\/ Maybomnuocminiruaxe\" target=\"_blank\" rel=\"noopener\">https:\/\/plus.google.com\/ Maybomnuocminiruaxe<\/a><br \/>\nYoutube demo : <a href=\"https:\/\/www.youtube.com\/bahamasali\" target=\"_blank\" rel=\"noopener\">https:\/\/www.youtube.com\/bahamasali<\/a><\/p>\n","protected":false},"excerpt":{"rendered":"<p>M\u00e3 : PE-12-8<br \/>\n\u0110\u1ea7u l\u1edbn: 12mm<br \/>\n\u0110\u1ea7u nh\u1ecf: 8mm<br \/>\n\u00c1p l\u1ef1c: 1 Mpa<br \/>\nNhi\u1ec7t\u00a0\u0111\u1ed9: 0-60\u00a0\u0111\u1ed9 C<br \/>\nLo\u1ea1i kh\u1edbp\u00a0n\u1ed1i nhanh cao c\u1ea5p<br \/>\nCh\u1ea5t li\u1ec7u : Nh\u1ef1a<br \/>\nNh\u00e0 s\u1ea3n xu\u1ea5t: AKS<br \/>\nPh\u00e2n ph\u1ed1i b\u1edfi MBM tr\u00ean to\u00e0n qu\u1ed1c.<\/p>\n","protected":false},"featured_media":255954,"comment_status":"open","ping_status":"closed","template":"","meta":[],"product_brand":[],"product_cat":[515],"product_tag":[516,517,518,519,520,481,521,522,249,277],"class_list":{"0":"post-255819","1":"product","2":"type-product","3":"status-publish","4":"has-post-thumbnail","6":"product_cat-noi-nhanh-aks","7":"product_tag-aks","8":"product_tag-co-noi-nhanh","9":"product_tag-noi-nhanh","10":"product_tag-ong-12mm","11":"product_tag-ong-8mm","12":"product_tag-ong-hoi","13":"product_tag-pe12-8","14":"product_tag-phu-kien-phun-suong","15":"product_tag-phu-kien-rua-xe","16":"product_tag-phun-suong","18":"first","19":"instock","20":"sale","21":"shipping-taxable","22":"purchasable","23":"product-type-simple"},"_links":{"self":[{"href":"https:\/\/maybommini.vn\/index.php?rest_route=\/wp\/v2\/product\/255819","targetHints":{"allow":["GET"]}}],"collection":[{"href":"https:\/\/maybommini.vn\/index.php?rest_route=\/wp\/v2\/product"}],"about":[{"href":"https:\/\/maybommini.vn\/index.php?rest_route=\/wp\/v2\/types\/product"}],"replies":[{"embeddable":true,"href":"https:\/\/maybommini.vn\/index.php?rest_route=%2Fwp%2Fv2%2Fcomments&post=255819"}],"wp:featuredmedia":[{"embeddable":true,"href":"https:\/\/maybommini.vn\/index.php?rest_route=\/wp\/v2\/media\/255954"}],"wp:attachment":[{"href":"https:\/\/maybommini.vn\/index.php?rest_route=%2Fwp%2Fv2%2Fmedia&parent=255819"}],"wp:term":[{"taxonomy":"product_brand","embeddable":true,"href":"https:\/\/maybommini.vn\/index.php?rest_route=%2Fwp%2Fv2%2Fproduct_brand&post=255819"},{"taxonomy":"product_cat","embeddable":true,"href":"https:\/\/maybommini.vn\/index.php?rest_route=%2Fwp%2Fv2%2Fproduct_cat&post=255819"},{"taxonomy":"product_tag","embeddable":true,"href":"https:\/\/maybommini.vn\/index.php?rest_route=%2Fwp%2Fv2%2Fproduct_tag&post=255819"}],"curies":[{"name":"wp","href":"https:\/\/api.w.org\/{rel}","templated":true}]}}