{"id":255844,"date":"2018-04-12T19:26:15","date_gmt":"2018-04-12T12:26:15","guid":{"rendered":"https:\/\/maybommini.com\/san-pham\/import-placeholder-for-252095"},"modified":"2024-07-07T02:05:17","modified_gmt":"2024-07-06T19:05:17","slug":"van-nuoc-dien-tu-12v-24v","status":"publish","type":"product","link":"https:\/\/maybommini.vn\/?product=van-nuoc-dien-tu-12v-24v","title":{"rendered":"Van n\u01b0\u1edbc \u0111i\u1ec7n t\u1eeb 12V 24V"},"content":{"rendered":"<h3><strong>Van n\u01b0\u1edbc \u0111i\u1ec7n t\u1eeb 12V 24V s\u1eed d\u1ee5ng trong c\u00e1c h\u1ec7 th\u1ed1ng b\u01a1m n\u01b0\u1edbc, m\u00e1y phun s\u01b0\u01a1ng, phun s\u01b0\u01a1ng t\u01b0\u1edbi lan, t\u01b0\u1edbi t\u1ef1\u00a0\u0111\u1ed9ng&#8230;.<\/strong><\/h3>\n<p><a href=\"http:\/\/maybommini.com\/wp-content\/uploads\/2016\/03\/van-dien-12v-24v-phun-suong.jpg\" rel=\"attachment wp-att-244811 noopener\" target=\"_blank\"><img decoding=\"async\" class=\"size-full wp-image-244811 aligncenter\" src=\"http:\/\/maybommini.com\/wp-content\/uploads\/2016\/03\/van-dien-12v-24v-phun-suong.jpg\" alt=\"van-dien-12v-24v-phun-suong\" width=\"790\" height=\"718\" srcset=\"https:\/\/maybommini.vn\/wp-content\/uploads\/2016\/03\/van-dien-12v-24v-phun-suong.jpg 790w, https:\/\/maybommini.vn\/wp-content\/uploads\/2016\/03\/van-dien-12v-24v-phun-suong-600x545.jpg 600w, https:\/\/maybommini.vn\/wp-content\/uploads\/2016\/03\/van-dien-12v-24v-phun-suong-300x273.jpg 300w, https:\/\/maybommini.vn\/wp-content\/uploads\/2016\/03\/van-dien-12v-24v-phun-suong-768x698.jpg 768w\" sizes=\"(max-width: 790px) 100vw, 790px\" \/><\/a><\/p>\n<h3><strong>Van n\u01b0\u1edbc \u0111i\u1ec7n cao c\u1ea5p<\/strong><br \/>\n<strong>Ngu\u1ed3n\u00a012V 24V<\/strong><br \/>\n<strong>S\u1eed d\u1ee5ng trong c\u00e1c h\u1ec7 th\u1ed1ng b\u01a1m n\u01b0\u1edbc, m\u00e1y phun s\u01b0\u01a1ng, phun s\u01b0\u01a1ng t\u01b0\u1edbi lan, t\u01b0\u1edbi t\u1ef1\u00a0\u0111\u1ed9ng&#8230;.<\/strong><br \/>\n<strong>Xu\u1ea5t s\u1ee9: Taiwan<\/strong><br \/>\n<strong>B\u1ea3o h\u00e0nh: 12 th\u00e1ng ch\u00ednh h\u00e3ng<\/strong><\/h3>\n<p><strong>\u1ee8NG D\u1ee4NG VAN \u0110I\u1ec6N T\u1eea<\/strong><br \/>\n\u2013 D\u00f9ng trong h\u1ec7 th\u1ed1ng m\u00e1y l\u1ecdc n\u01b0\u1edbc RO.<br \/>\n\u2013 D\u00f9ng kh\u00f3a n\u01b0\u1edbc trong h\u1ec7 th\u1ed1ng c\u1ea5p n\u01b0\u1edbc t\u1ef1 \u0111\u1ed9ng.<br \/>\n\u2013 D\u00f9ng trong h\u1ec7 th\u1ed1ng l\u00e0m m\u00e1t phun s\u01b0\u01a1ng.<br \/>\n\u2013 D\u00f9ng trong m\u00e1y l\u1ecdc n\u01b0\u1edbc tinh khi\u1ebft.<br \/>\n\u2013 D\u00f9ng trong h\u1ec7 th\u1ed1ng m\u00e1y c\u00f4ng nghi\u1ec7p.<\/p>\n<p><a href=\"http:\/\/maybommini.com\/wp-content\/uploads\/2016\/03\/van-dien-tu-12v-24v.jpg\" rel=\"attachment wp-att-244812 noopener\" target=\"_blank\"><img decoding=\"async\" class=\"size-large wp-image-244812 aligncenter\" src=\"http:\/\/maybommini.com\/wp-content\/uploads\/2016\/03\/van-dien-tu-12v-24v.jpg\" alt=\"van-dien-tu-12v-24v\" width=\"550\" height=\"550\" srcset=\"https:\/\/maybommini.vn\/wp-content\/uploads\/2016\/03\/van-dien-tu-12v-24v.jpg 550w, https:\/\/maybommini.vn\/wp-content\/uploads\/2016\/03\/van-dien-tu-12v-24v-300x300.jpg 300w, https:\/\/maybommini.vn\/wp-content\/uploads\/2016\/03\/van-dien-tu-12v-24v-150x150.jpg 150w\" sizes=\"(max-width: 550px) 100vw, 550px\" \/><br \/>\n<\/a><\/p>\n<p><strong>NH\u00c0 CUNG C\u1ea4P VAN \u0110I\u1ec6N T\u1eea SOLENOIDD VALUE<br \/>\n<\/strong>Ch\u00fang t\u00f4i chuy\u00ean cung c\u1ea5p c\u00e1c lo\u1ea1i van \u0111i\u1ec7n t\u1eeb 12V 24V 220V c\u00e1c lo\u1ea1i d\u00f9ng cho nhi\u1ec1u m\u1ee5c d\u0111\u00edch kh\u00e1c nhau trong l\u0129nh v\u1ef1c m\u00e1y l\u1ecdc n\u01b0\u1edbc, h\u1ec7 th\u1ed1ng phun s\u01b0\u01a1ng, h\u1ec7 th\u1ed1ng c\u1ea5p n\u01b0\u1edbc, h\u1ec7 th\u1ed1ng c\u00f4ng nghi\u1ec7p tr\u00ean to\u00e0n qu\u1ed1c.<br \/>\n<strong>CTY TNHH TH\u01af\u01a0NG M\u1ea0I D\u1ecaCH V\u1ee4 \u0110I\u1ec6N M\u00c1Y TH\u00d4NG MINH<\/strong><br \/>\nHotline : 090 729 4310<br \/>\nEmail : maybommini.com@gmail.com<br \/>\nWebsite : http:\/\/maybommini.com<br \/>\nFacebook : <a href=\"https:\/\/www.facebook.com\/maybommini\" target=\"_blank\" rel=\"noopener\">https:\/\/www.facebook.com\/maybommini<\/a><br \/>\nGoogle : <a href=\"https:\/\/plus.google.com\/ Maybomnuocminiruaxe\" target=\"_blank\" rel=\"noopener\">https:\/\/plus.google.com\/ Maybomnuocminiruaxe<\/a><br \/>\nYoutube demo : <a href=\"https:\/\/www.youtube.com\/bahamasali\" target=\"_blank\" rel=\"noopener\">https:\/\/www.youtube.com\/bahamasali<\/a><\/p>\n","protected":false},"excerpt":{"rendered":"<p>Van n\u01b0\u1edbc \u0111i\u1ec7n cao c\u1ea5p<br \/>\nNgu\u1ed3n\u00a012V 24V<br \/>\nS\u1eed d\u1ee5ng trong c\u00e1c h\u1ec7 th\u1ed1ng b\u01a1m n\u01b0\u1edbc, m\u00e1y phun s\u01b0\u01a1ng, phun s\u01b0\u01a1ng t\u01b0\u1edbi lan, t\u01b0\u1edbi t\u1ef1\u00a0\u0111\u1ed9ng&#8230;.<br \/>\nXu\u1ea5t s\u1ee9: Taiwan<br \/>\nB\u1ea3o h\u00e0nh: 12 th\u00e1ng ch\u00ednh h\u00e3ng<\/p>\n","protected":false},"featured_media":255966,"comment_status":"open","ping_status":"closed","template":"","meta":[],"product_brand":[],"product_cat":[444,214,543,3156,3157],"product_tag":[277,544,545,546,547],"class_list":{"0":"post-255844","1":"product","2":"type-product","3":"status-publish","4":"has-post-thumbnail","6":"product_cat-phu-kien-phun-suong","7":"product_cat-phu-kien-bom-nuoc","8":"product_cat-van-dien-tu-solenoid-vavle","9":"product_cat-van-dien-tu-12v","10":"product_cat-van-dien-tu-24v","11":"product_tag-phun-suong","12":"product_tag-van-12v-24v","13":"product_tag-van-dien","14":"product_tag-van-nuoc","15":"product_tag-van-nuoc-phun-suong","17":"first","18":"instock","19":"sale","20":"shipping-taxable","21":"purchasable","22":"product-type-simple"},"_links":{"self":[{"href":"https:\/\/maybommini.vn\/index.php?rest_route=\/wp\/v2\/product\/255844","targetHints":{"allow":["GET"]}}],"collection":[{"href":"https:\/\/maybommini.vn\/index.php?rest_route=\/wp\/v2\/product"}],"about":[{"href":"https:\/\/maybommini.vn\/index.php?rest_route=\/wp\/v2\/types\/product"}],"replies":[{"embeddable":true,"href":"https:\/\/maybommini.vn\/index.php?rest_route=%2Fwp%2Fv2%2Fcomments&post=255844"}],"wp:featuredmedia":[{"embeddable":true,"href":"https:\/\/maybommini.vn\/index.php?rest_route=\/wp\/v2\/media\/255966"}],"wp:attachment":[{"href":"https:\/\/maybommini.vn\/index.php?rest_route=%2Fwp%2Fv2%2Fmedia&parent=255844"}],"wp:term":[{"taxonomy":"product_brand","embeddable":true,"href":"https:\/\/maybommini.vn\/index.php?rest_route=%2Fwp%2Fv2%2Fproduct_brand&post=255844"},{"taxonomy":"product_cat","embeddable":true,"href":"https:\/\/maybommini.vn\/index.php?rest_route=%2Fwp%2Fv2%2Fproduct_cat&post=255844"},{"taxonomy":"product_tag","embeddable":true,"href":"https:\/\/maybommini.vn\/index.php?rest_route=%2Fwp%2Fv2%2Fproduct_tag&post=255844"}],"curies":[{"name":"wp","href":"https:\/\/api.w.org\/{rel}","templated":true}]}}