{"id":255847,"date":"2018-04-12T19:26:17","date_gmt":"2018-04-12T12:26:17","guid":{"rendered":"https:\/\/maybommini.com\/san-pham\/import-placeholder-for-252098"},"modified":"2019-10-06T17:34:01","modified_gmt":"2019-10-06T10:34:01","slug":"binh-loc-nuoc-cao-cap-phun-suong-loc-nuoc-ro","status":"publish","type":"product","link":"https:\/\/maybommini.vn\/?product=binh-loc-nuoc-cao-cap-phun-suong-loc-nuoc-ro","title":{"rendered":"B\u00ecnh l\u1ecdc n\u01b0\u1edbc cao c\u1ea5p phun s\u01b0\u01a1ng &#8211; l\u1ecdc n\u01b0\u1edbc RO"},"content":{"rendered":"<p><strong>B\u00e1n b\u00ecnh l\u1ecdc n\u01b0\u1edbc cao c\u1ea5p Phun s\u01b0\u01a1ng &#8211; l\u1ecdc n\u01b0\u1edbc RO gi\u00e1 r\u1ebb giao h\u00e0ng to\u00e0n qu\u1ed1c d\u00f9ng trong h\u1ec7 th\u1ed1ng phun s\u01b0\u01a1ng l\u00e0m m\u00e1t t\u01b0\u1edbi c\u00e2y ho\u1eb7c d\u00f9ng trong h\u1ec7 th\u1ed1ng l\u1ecdc n\u01b0\u1edbc RO gia\u00a0\u0111\u00ecnh. Vui l\u00f2ng li\u00ean h\u1ec7 mua b\u00ecnh l\u1ecdc n\u01b0\u1edbc v\u1edbi gi\u00e1 t\u1ed1t nh\u1ea5t v\u00e0 b\u1ea3o h\u00e0nh tr\u00ean to\u00e0n qu\u1ed1c t\u1ea1i Vi\u1ec7t Nam.<\/strong><\/p>\n<p><img decoding=\"async\" class=\"size-full wp-image-256109 aligncenter\" src=\"https:\/\/maybommini.com.vn\/wp-content\/uploads\/2018\/01\/binh-loc-nuoc-cao-cap-2.jpg\" alt=\"Binh Loc Nuoc Cao Cap\" width=\"750\" height=\"750\" \/><\/p>\n<p><strong>TH\u00d4NG S\u1ed0 K\u1ef8 THU\u1eacT<\/strong><br \/>\nModel: B\u00ecnh l\u1ecdc n\u01b0\u1edbc phun s\u01b0\u01a1ng &#8211; RO<br \/>\nCh\u1ea5t li\u1ec7u: Nh\u1ef1a cao c\u1ea5p.<br \/>\nL\u1ecfi l\u1ecdc: Ch\u1ea5t li\u1ec7u PP d\u00f9ng trong th\u1ef1c ph\u1ea9m<br \/>\nPart treo t\u01b0\u1eddng.<br \/>\nChi\u1ec1u cao : 25.4 cm<br \/>\nTr\u1ecdng l\u01b0\u1ee3ng: 1.5 Kg<\/p>\n<p><img decoding=\"async\" class=\"size-full wp-image-256110 aligncenter\" src=\"https:\/\/maybommini.com.vn\/wp-content\/uploads\/2018\/01\/binh-loc-nuoc-phun-suong-3.jpg\" alt=\"Binh Loc Nuoc Phun Suong\" width=\"750\" height=\"750\" \/><\/p>\n<p><strong>S\u1eec D\u1ee4NG B\u00ccNH L\u1eccC N\u01af\u1edaC PHUN S\u01af\u01a0NG &#8211; RO<\/strong><br \/>\n&#8211; D\u00f9ng l\u1ecdc n\u01b0\u1edbc phun s\u01b0\u01a1ng.<br \/>\n&#8211; D\u00f9ng trong h\u1ec7 th\u1ed1ng l\u1ecdc n\u01b0\u1edbc RO.<br \/>\n&#8211; D\u00f9ng trong h\u1ec7 th\u1ed3ng l\u1ecdc n\u01b0\u1edbc gia\u00a0\u0111\u00ecnh.<br \/>\n&#8211; D\u00f9ng trong h\u1ec7 th\u1ed1ng t\u01b0\u1edbi c\u00e2y.<br \/>\n&#8211; D\u00f9ng l\u1ecdc trong th\u1ef1c ph\u1ea9m.<br \/>\nV\u00e0\u00a0\u1ee9ng d\u1ee5ng trong nhi\u1ec1u l\u0129nh v\u1ef1c kh\u00e1c.<\/p>\n<p>&nbsp;<\/p>\n<p><img decoding=\"async\" class=\"size-full wp-image-256111 aligncenter\" src=\"https:\/\/maybommini.com.vn\/wp-content\/uploads\/2018\/01\/loi-binh-loc-nuoc-cao-cap.jpg\" alt=\"Loi Binh Loc Nuoc Cao Cap\" width=\"750\" height=\"750\" \/> <img decoding=\"async\" class=\"size-full wp-image-256112 aligncenter\" src=\"https:\/\/maybommini.com.vn\/wp-content\/uploads\/2018\/01\/part-gan-binh-loc-nuoc-2.jpg\" alt=\"Part Gan Binh Loc Nuoc\" width=\"750\" height=\"750\" \/><\/p>\n<p><a href=\"http:\/\/maybommini.com\/wp-content\/uploads\/2016\/03\/binh-loc-nuoc-cao-cap.jpg\" rel=\"attachment wp-att-244824 noopener\" target=\"_blank\"><img decoding=\"async\" class=\"size-full wp-image-244824 aligncenter\" src=\"http:\/\/maybommini.com\/wp-content\/uploads\/2016\/03\/binh-loc-nuoc-cao-cap.jpg\" alt=\"binh-loc-nuoc-cao-cap\" width=\"700\" height=\"500\" srcset=\"https:\/\/maybommini.vn\/wp-content\/uploads\/2016\/03\/binh-loc-nuoc-cao-cap.jpg 700w, https:\/\/maybommini.vn\/wp-content\/uploads\/2016\/03\/binh-loc-nuoc-cao-cap-600x429.jpg 600w, https:\/\/maybommini.vn\/wp-content\/uploads\/2016\/03\/binh-loc-nuoc-cao-cap-300x214.jpg 300w\" sizes=\"(max-width: 700px) 100vw, 700px\" \/><\/a> <a href=\"http:\/\/maybommini.com\/wp-content\/uploads\/2016\/03\/binh-loc-nuoc-phun-suong.jpg\" rel=\"attachment wp-att-244823 noopener\" target=\"_blank\"><img decoding=\"async\" class=\"size-full wp-image-244823 aligncenter\" src=\"http:\/\/maybommini.com\/wp-content\/uploads\/2016\/03\/binh-loc-nuoc-phun-suong.jpg\" alt=\"binh-loc-nuoc-phun-suong\" width=\"550\" height=\"550\" srcset=\"https:\/\/maybommini.vn\/wp-content\/uploads\/2016\/03\/binh-loc-nuoc-phun-suong.jpg 550w, https:\/\/maybommini.vn\/wp-content\/uploads\/2016\/03\/binh-loc-nuoc-phun-suong-300x300.jpg 300w, https:\/\/maybommini.vn\/wp-content\/uploads\/2016\/03\/binh-loc-nuoc-phun-suong-150x150.jpg 150w\" sizes=\"(max-width: 550px) 100vw, 550px\" \/><\/a><\/p>\n<p><a href=\"http:\/\/maybommini.com\/wp-content\/uploads\/2016\/03\/loi-binh-loc-nuoc-cao-cap.jpg\" rel=\"attachment wp-att-244825 noopener\" target=\"_blank\"><img decoding=\"async\" class=\"size-full wp-image-244825 aligncenter\" src=\"http:\/\/maybommini.com\/wp-content\/uploads\/2016\/03\/loi-binh-loc-nuoc-cao-cap.jpg\" alt=\"loi-binh-loc-nuoc-cao-cap\" width=\"700\" height=\"700\" srcset=\"https:\/\/maybommini.vn\/wp-content\/uploads\/2016\/03\/loi-binh-loc-nuoc-cao-cap.jpg 700w, https:\/\/maybommini.vn\/wp-content\/uploads\/2016\/03\/loi-binh-loc-nuoc-cao-cap-300x300.jpg 300w, https:\/\/maybommini.vn\/wp-content\/uploads\/2016\/03\/loi-binh-loc-nuoc-cao-cap-600x600.jpg 600w, https:\/\/maybommini.vn\/wp-content\/uploads\/2016\/03\/loi-binh-loc-nuoc-cao-cap-150x150.jpg 150w\" sizes=\"(max-width: 700px) 100vw, 700px\" \/><\/a> <a href=\"http:\/\/maybommini.com\/wp-content\/uploads\/2016\/03\/part-gan-binh-loc-nuoc.jpg\" rel=\"attachment wp-att-244826 noopener\" target=\"_blank\"><img decoding=\"async\" class=\"size-large wp-image-244826 aligncenter\" src=\"http:\/\/maybommini.com\/wp-content\/uploads\/2016\/03\/part-gan-binh-loc-nuoc.jpg\" alt=\"part-gan-binh-loc-nuoc\" width=\"400\" height=\"400\" srcset=\"https:\/\/maybommini.vn\/wp-content\/uploads\/2016\/03\/part-gan-binh-loc-nuoc.jpg 400w, https:\/\/maybommini.vn\/wp-content\/uploads\/2016\/03\/part-gan-binh-loc-nuoc-300x300.jpg 300w, https:\/\/maybommini.vn\/wp-content\/uploads\/2016\/03\/part-gan-binh-loc-nuoc-150x150.jpg 150w\" sizes=\"(max-width: 400px) 100vw, 400px\" \/><\/a><strong>MUA B\u00ccNH L\u1eccC N\u01af\u1edaC PHUN S\u01af\u01a0NG &#8211; RO<\/strong><br \/>\nCh\u00fang t\u00f4i chuy\u00ean cung c\u1ea5p c\u00e1c ph\u1ee5 ki\u1ec7n phun s\u01b0\u01a1ng, l\u1ecdc n\u01b0\u1edbc phun s\u01b0\u01a1ng, b\u00ecnh l\u1ecdc RO, b\u00e9c phun s\u01b0\u01a1ng,\u00a0\u0111\u1ebf g\u1eafn b\u00e9c, m\u00e1y b\u01a1m phun s\u01b0\u01a1ng v\u00e0 nhi\u1ec1u phun ki\u1ec7n phun s\u01b0\u01a1ng gi\u00e1 t\u1ed1t nh\u1ea5t. Giao h\u00e0ng to\u00e0n qu\u1ed1c gi\u00e1 r\u1ebb nh\u1ea5t t\u1ea1i Vi\u1ec7t Nam.<br \/>\n<strong>Website:<\/strong>\u00a0https:\/\/maybommini.com.vn<br \/>\n<strong>Email:<\/strong> maybommini.com@gmail.com<br \/>\n<strong>Tel:<\/strong> 0907294310<\/p>\n<p><img decoding=\"async\" class=\"size-full wp-image-256110 aligncenter\" src=\"https:\/\/maybommini.com.vn\/wp-content\/uploads\/2018\/01\/binh-loc-nuoc-phun-suong-3.jpg\" alt=\"Binh Loc Nuoc Phun Suong\" width=\"750\" height=\"750\" \/><\/p>\n<h3 style=\"text-align: center;\">B\u00c1N B\u00ccNH L\u1eccC N\u01af\u1edaC PHUN S\u01af\u01a0NG &#8211; RO<\/h3>\n","protected":false},"excerpt":{"rendered":"<p>Model: B\u00ecnh l\u1ecdc n\u01b0\u1edbc phun s\u01b0\u01a1ng &#8211; RO<br \/>\nCh\u1ea5t li\u1ec7u: Nh\u1ef1a cao c\u1ea5p.<br \/>\nL\u1ecfi l\u1ecdc: Ch\u1ea5t li\u1ec7u PP d\u00f9ng trong th\u1ef1c ph\u1ea9m<br \/>\nPart treo t\u01b0\u1eddng.<br \/>\nChi\u1ec1u cao : 25.4 cm<br \/>\nTr\u1ecdng l\u01b0\u1ee3ng: 1.5 Kg<\/p>\n","protected":false},"featured_media":255971,"comment_status":"open","ping_status":"closed","template":"","meta":[],"product_brand":[],"product_cat":[444],"product_tag":[2020,1074,1017,289,2021,2022],"class_list":{"0":"post-255847","1":"product","2":"type-product","3":"status-publish","4":"has-post-thumbnail","6":"product_cat-phu-kien-phun-suong","7":"product_tag-binh-loc","8":"product_tag-binh-loc-nuoc","9":"product_tag-binh-loc-phun-suong","10":"product_tag-loc-nuoc","11":"product_tag-loc-phun-suong","12":"product_tag-loc-ro","14":"first","15":"instock","16":"sale","17":"shipping-taxable","18":"purchasable","19":"product-type-simple"},"_links":{"self":[{"href":"https:\/\/maybommini.vn\/index.php?rest_route=\/wp\/v2\/product\/255847","targetHints":{"allow":["GET"]}}],"collection":[{"href":"https:\/\/maybommini.vn\/index.php?rest_route=\/wp\/v2\/product"}],"about":[{"href":"https:\/\/maybommini.vn\/index.php?rest_route=\/wp\/v2\/types\/product"}],"replies":[{"embeddable":true,"href":"https:\/\/maybommini.vn\/index.php?rest_route=%2Fwp%2Fv2%2Fcomments&post=255847"}],"wp:featuredmedia":[{"embeddable":true,"href":"https:\/\/maybommini.vn\/index.php?rest_route=\/wp\/v2\/media\/255971"}],"wp:attachment":[{"href":"https:\/\/maybommini.vn\/index.php?rest_route=%2Fwp%2Fv2%2Fmedia&parent=255847"}],"wp:term":[{"taxonomy":"product_brand","embeddable":true,"href":"https:\/\/maybommini.vn\/index.php?rest_route=%2Fwp%2Fv2%2Fproduct_brand&post=255847"},{"taxonomy":"product_cat","embeddable":true,"href":"https:\/\/maybommini.vn\/index.php?rest_route=%2Fwp%2Fv2%2Fproduct_cat&post=255847"},{"taxonomy":"product_tag","embeddable":true,"href":"https:\/\/maybommini.vn\/index.php?rest_route=%2Fwp%2Fv2%2Fproduct_tag&post=255847"}],"curies":[{"name":"wp","href":"https:\/\/api.w.org\/{rel}","templated":true}]}}