{"id":255875,"date":"2018-04-12T19:26:46","date_gmt":"2018-04-12T12:26:46","guid":{"rendered":"https:\/\/maybommini.com\/san-pham\/import-placeholder-for-252118"},"modified":"2018-04-12T19:28:11","modified_gmt":"2018-04-12T12:28:11","slug":"khoa-nuoc-bang-dong","status":"publish","type":"product","link":"https:\/\/maybommini.vn\/?product=khoa-nuoc-bang-dong","title":{"rendered":"Kho\u00e1 n\u01b0\u1edbc b\u1eb1ng \u0111\u1ed3ng"},"content":{"rendered":"<h3><strong>Kho\u00e1 n\u01b0\u1edbc b\u1eb1ng\u00a0\u0111\u1ed3ng c\u00f2n g\u1ecdi l\u00e0 Van n\u01b0\u1edbc d\u00f9ng trong c\u00e1c h\u1ec7 th\u1ed1ng phun s\u01b0\u01a1ng, m\u00e1y b\u01a1m\u00a0\u00e1p l\u1ef1c x\u1ecbt r\u1eeda c\u00f3 r\u0103ng trong v\u00e0 r\u0103ng ngo\u00e0i 13 mm. C\u00f3 th\u1ec3 g\u1eafn n\u1ed1i nhanh d\u00f9ng\u00a0\u1ed1ng 8 mm ho\u1eb7c\u00a0\u1ed1ng 12mm, 6 mm, 10 mm.<\/strong><\/h3>\n<p><img decoding=\"async\" class=\"size-large wp-image-244850 aligncenter\" src=\"http:\/\/maybommini.com\/wp-content\/uploads\/2016\/03\/khoa-nuoc-phun-suong.jpg\" alt=\"khoa-nuoc-phun-suong\" width=\"736\" height=\"445\" srcset=\"https:\/\/maybommini.vn\/wp-content\/uploads\/2016\/03\/khoa-nuoc-phun-suong.jpg 736w, https:\/\/maybommini.vn\/wp-content\/uploads\/2016\/03\/khoa-nuoc-phun-suong-600x363.jpg 600w, https:\/\/maybommini.vn\/wp-content\/uploads\/2016\/03\/khoa-nuoc-phun-suong-300x181.jpg 300w\" sizes=\"(max-width: 736px) 100vw, 736px\" \/><\/p>\n<p><strong>TH\u00d4NG S\u1ed0 K\u1ef8 THU\u1eacT<\/strong><br \/>\nModel: Van 1\/4<br \/>\nCh\u1ea5t li\u1ec7u: kim lo\u1ea1i<br \/>\nKho\u00e1 n\u01b0\u1edbc<br \/>\nR\u0103ng ngo\u00e0i 1\/4 in<\/p>\n<p><strong>\u1ee8NG D\u1ee4NG VAN KHO\u00c1 N\u01af\u1edaC<\/strong><br \/>\nD\u00f9ng kho\u00e1 n\u01b0\u1edbc h\u1ec7 th\u1ed1ng phun s\u01b0\u01a1ng.<br \/>\nKho\u00e1 n\u01b0\u1edbc b\u00e9c phun x\u1ecbt r\u1eeda xe m\u00e1y l\u1ea1nh.<br \/>\nKho\u00e1 n\u01b0\u1edbc phun thu\u1ed1c tr\u1eeb s\u00e2u.<br \/>\nV\u00e0 c\u00e1c\u00a0\u1ee9ng d\u1ee5ng kh\u00e1c.<\/p>\n<p><a href=\"http:\/\/maybommini.com\/wp-content\/uploads\/2016\/03\/khoa-nuoc-cao-cap.jpg\" rel=\"attachment wp-att-244849 noopener\" target=\"_blank\"><img decoding=\"async\" class=\"size-full wp-image-244849 aligncenter\" src=\"http:\/\/maybommini.com\/wp-content\/uploads\/2016\/03\/khoa-nuoc-cao-cap.jpg\" alt=\"khoa-nuoc-cao-cap\" width=\"550\" height=\"550\" srcset=\"https:\/\/maybommini.vn\/wp-content\/uploads\/2016\/03\/khoa-nuoc-cao-cap.jpg 550w, https:\/\/maybommini.vn\/wp-content\/uploads\/2016\/03\/khoa-nuoc-cao-cap-300x300.jpg 300w, https:\/\/maybommini.vn\/wp-content\/uploads\/2016\/03\/khoa-nuoc-cao-cap-150x150.jpg 150w\" sizes=\"(max-width: 550px) 100vw, 550px\" \/><\/a><br \/>\n<strong>MUA VAN KHO\u00c1 N\u01af\u1edaC\u00a0\u1ede \u0110\u00c2U ?<\/strong><br \/>\n<strong>CTY TNHH TH\u01af\u01a0NG M\u1ea0I D\u1ecaCH V\u1ee4 \u0110I\u1ec6N M\u00c1Y TH\u00d4NG MINH<\/strong><br \/>\nHotline : 090 729 4310<br \/>\nEmail : maybommini.com@gmail.com<br \/>\nWebsite : http:\/\/maybommini.com<br \/>\nFacebook : <a href=\"https:\/\/www.facebook.com\/maybommini\" target=\"_blank\" rel=\"noopener\">https:\/\/www.facebook.com\/maybommini<\/a><br \/>\nGoogle   : <a href=\"https:\/\/plus.google.com\/ Maybomnuocminiruaxe\" target=\"_blank\" rel=\"noopener\">https:\/\/plus.google.com\/ Maybomnuocminiruaxe<\/a><br \/>\nYoutube demo : <a href=\"https:\/\/www.youtube.com\/bahamasali\" target=\"_blank\" rel=\"noopener\">https:\/\/www.youtube.com\/bahamasali<\/a><\/p>\n","protected":false},"excerpt":{"rendered":"<p>Model: Van 1\/4<br \/>\nCh\u1ea5t li\u1ec7u: kim lo\u1ea1i<br \/>\nKho\u00e1 n\u01b0\u1edbc<br \/>\nR\u0103ng ngo\u00e0i 1\/4 in<br \/>\nRen ngo\u00e0i 13<\/p>\n","protected":false},"featured_media":255991,"comment_status":"open","ping_status":"closed","template":"","meta":[],"product_brand":[],"product_cat":[367,444,215],"product_tag":[557,277,558,559,560,561],"class_list":{"0":"post-255875","1":"product","2":"type-product","3":"status-publish","4":"has-post-thumbnail","6":"product_cat-he-thong-phun-suong","7":"product_cat-phu-kien-phun-suong","8":"product_cat-phu-kien-xit-rua-ap-luc","9":"product_tag-khoa-nuoc","10":"product_tag-phun-suong","11":"product_tag-rang-ngoai","12":"product_tag-rang-trong","13":"product_tag-van","14":"product_tag-van-1-4","16":"first","17":"instock","18":"sale","19":"shipping-taxable","20":"purchasable","21":"product-type-simple"},"_links":{"self":[{"href":"https:\/\/maybommini.vn\/index.php?rest_route=\/wp\/v2\/product\/255875","targetHints":{"allow":["GET"]}}],"collection":[{"href":"https:\/\/maybommini.vn\/index.php?rest_route=\/wp\/v2\/product"}],"about":[{"href":"https:\/\/maybommini.vn\/index.php?rest_route=\/wp\/v2\/types\/product"}],"replies":[{"embeddable":true,"href":"https:\/\/maybommini.vn\/index.php?rest_route=%2Fwp%2Fv2%2Fcomments&post=255875"}],"wp:featuredmedia":[{"embeddable":true,"href":"https:\/\/maybommini.vn\/index.php?rest_route=\/wp\/v2\/media\/255991"}],"wp:attachment":[{"href":"https:\/\/maybommini.vn\/index.php?rest_route=%2Fwp%2Fv2%2Fmedia&parent=255875"}],"wp:term":[{"taxonomy":"product_brand","embeddable":true,"href":"https:\/\/maybommini.vn\/index.php?rest_route=%2Fwp%2Fv2%2Fproduct_brand&post=255875"},{"taxonomy":"product_cat","embeddable":true,"href":"https:\/\/maybommini.vn\/index.php?rest_route=%2Fwp%2Fv2%2Fproduct_cat&post=255875"},{"taxonomy":"product_tag","embeddable":true,"href":"https:\/\/maybommini.vn\/index.php?rest_route=%2Fwp%2Fv2%2Fproduct_tag&post=255875"}],"curies":[{"name":"wp","href":"https:\/\/api.w.org\/{rel}","templated":true}]}}