{"id":255876,"date":"2018-04-12T19:26:47","date_gmt":"2018-04-12T12:26:47","guid":{"rendered":"https:\/\/maybommini.com\/san-pham\/import-placeholder-for-252119"},"modified":"2026-03-05T07:38:15","modified_gmt":"2026-03-05T00:38:15","slug":"may-bom-hoa-chat-220v-mp-6r","status":"publish","type":"product","link":"https:\/\/maybommini.vn\/?product=may-bom-hoa-chat-220v-mp-6r","title":{"rendered":"M\u00e1y B\u01a1m Ho\u00e1 Ch\u1ea5t 220V MP-6R"},"content":{"rendered":"<h3><strong>Nh\u00e0 cung c\u1ea5p c\u00e1c lo\u1ea1i <a href=\"https:\/\/maybommini.com\/danh-muc\/may-bom-hoa-chat\" target=\"_blank\" rel=\"noopener noreferrer\">m\u00e1y b\u01a1m h\u00f3a ch\u1ea5t<\/a> 220V 6W 8L MP-6R Smartpumps cao c\u1ea5p d\u00f9ng trong c\u00f4ng nghi\u1ec7p th\u1ef1c ph\u1ea9m, b\u01a1m h\u00f3a ch\u1ea5t \u0103n m\u00f2n, axit, ki\u1ec1m gi\u00e1 t\u1ed1t nh\u1eadt hi\u1ec7n nay t\u1ea1i Vi\u1ec7t Nam. T\u1ea5t c\u1ea3 c\u00e1c m\u00e1y b\u01a1m h\u00f3a ch\u1ea5t \u0111\u01b0\u1ee3c b\u1ea3o h\u00e0nh to\u00e0n qu\u1ed1c l\u00e2u d\u00e0i t\u1ea1i <a href=\"https:\/\/maybommini.com\" target=\"_blank\" rel=\"noopener noreferrer\">M\u00e1y B\u01a1m Mini &#8211; Maybommini.com<\/a>.<\/strong><\/h3>\n<p><a href=\"https:\/\/maybommini.com\/wp-content\/uploads\/2018\/04\/May-bom-hoa-chat-220V-6W-8L-MP-6R-SMARTPUMPS.jpg\" target=\"_blank\" rel=\"noopener\"><img decoding=\"async\" class=\"size-full wp-image-264484 aligncenter\" src=\"https:\/\/maybommini.com\/wp-content\/uploads\/2018\/04\/May-bom-hoa-chat-220V-6W-8L-MP-6R-SMARTPUMPS.jpg\" alt=\"May Bom Hoa Chat 220V 6W 8L MP 6R SMARTPUMPS\" width=\"750\" height=\"750\" srcset=\"https:\/\/maybommini.vn\/wp-content\/uploads\/2018\/04\/May-bom-hoa-chat-220V-6W-8L-MP-6R-SMARTPUMPS.jpg 750w, https:\/\/maybommini.vn\/wp-content\/uploads\/2018\/04\/May-bom-hoa-chat-220V-6W-8L-MP-6R-SMARTPUMPS-300x300.jpg 300w, https:\/\/maybommini.vn\/wp-content\/uploads\/2018\/04\/May-bom-hoa-chat-220V-6W-8L-MP-6R-SMARTPUMPS-150x150.jpg 150w, https:\/\/maybommini.vn\/wp-content\/uploads\/2018\/04\/May-bom-hoa-chat-220V-6W-8L-MP-6R-SMARTPUMPS-600x600.jpg 600w\" sizes=\"(max-width: 750px) 100vw, 750px\" \/><\/a><\/p>\n<p><strong>TH\u00d4NG S\u1ed0 K\u1ef6 THU\u1eacT<\/strong><br \/>\nTh\u01b0\u01a1ng hi\u1ec7u: SMARTPUMPS<br \/>\nModel: MP-6R<br \/>\n\u0110i\u1ec7n \u00e1p: 220V &#8211; 240V AC<br \/>\nT\u1ea7n s\u1ed1 d\u00f2ng \u0111i\u1ec7n: 50 &#8211; 60 Hz.<br \/>\nC\u00f4ng su\u1ea5t: 0.06A &#8211; 6W<br \/>\nL\u01b0u l\u01b0\u1ee3ng b\u01a1m : 8.0 LPM<br \/>\n\u0110\u01b0\u1eddng k\u00ednh \u1ed1ng h\u00fat: 14 mm.<br \/>\n\u0110\u01b0\u1eddng k\u00ednh \u1ed1ng x\u1ea3: 14 mm.<br \/>\nB\u01a1m \u0111\u1ea9y cao: 1.0 met<br \/>\nCh\u1ea5t li\u1ec7u: \u0110\u1ed3ng &#8211; Gang &#8211; Nh\u1ef1a PP<br \/>\nCh\u1ed1ng \u0103n m\u00f2n v\u00e0 r\u00f2 r\u1ec9.<br \/>\nLo\u1ea1i b\u01a1m tr\u1ee5c n\u1eb1m ngang.<br \/>\n\u0110\u1ed9ng c\u01a1 xoay chi\u1ec1u.<br \/>\nC\u1ea5p \u0111\u1ed9 b\u1ea3o v\u1ec7: IP44<br \/>\nL\u1edbp b\u1ea3o v\u1ec7: B<br \/>\nT\u1ee5 \u0111i\u1ec7n: 0.68\u00a0\u00b5F<br \/>\nK\u00edch th\u01b0\u1edbc: 130 x 71 x 70 mm<br \/>\nTr\u1ecdng l\u01b0\u1ee3ng: 0.85 kg<\/p>\n<p><a href=\"https:\/\/maybommini.com\/wp-content\/uploads\/2018\/04\/May-bom-hoa-chat-thuc-pham-cao-cap-MP6R.jpg\" target=\"_blank\" rel=\"noopener\"><img decoding=\"async\" class=\"size-full wp-image-264485 aligncenter\" src=\"https:\/\/maybommini.com\/wp-content\/uploads\/2018\/04\/May-bom-hoa-chat-thuc-pham-cao-cap-MP6R.jpg\" alt=\"May Bom Hoa Chat Thuc Pham Cao Cap MP6R\" width=\"750\" height=\"750\" srcset=\"https:\/\/maybommini.vn\/wp-content\/uploads\/2018\/04\/May-bom-hoa-chat-thuc-pham-cao-cap-MP6R.jpg 750w, https:\/\/maybommini.vn\/wp-content\/uploads\/2018\/04\/May-bom-hoa-chat-thuc-pham-cao-cap-MP6R-300x300.jpg 300w, https:\/\/maybommini.vn\/wp-content\/uploads\/2018\/04\/May-bom-hoa-chat-thuc-pham-cao-cap-MP6R-150x150.jpg 150w, https:\/\/maybommini.vn\/wp-content\/uploads\/2018\/04\/May-bom-hoa-chat-thuc-pham-cao-cap-MP6R-600x600.jpg 600w\" sizes=\"(max-width: 750px) 100vw, 750px\" \/><\/a> <a href=\"https:\/\/maybommini.com\/wp-content\/uploads\/2018\/04\/May-bom-hoa-chat-6R-chinh-hang.jpg\" target=\"_blank\" rel=\"noopener\"><img decoding=\"async\" class=\"size-full wp-image-264483 aligncenter\" src=\"https:\/\/maybommini.com\/wp-content\/uploads\/2018\/04\/May-bom-hoa-chat-6R-chinh-hang.jpg\" alt=\"May Bom Hoa Chat 6R Chinh Hang\" width=\"750\" height=\"750\" srcset=\"https:\/\/maybommini.vn\/wp-content\/uploads\/2018\/04\/May-bom-hoa-chat-6R-chinh-hang.jpg 750w, https:\/\/maybommini.vn\/wp-content\/uploads\/2018\/04\/May-bom-hoa-chat-6R-chinh-hang-300x300.jpg 300w, https:\/\/maybommini.vn\/wp-content\/uploads\/2018\/04\/May-bom-hoa-chat-6R-chinh-hang-150x150.jpg 150w, https:\/\/maybommini.vn\/wp-content\/uploads\/2018\/04\/May-bom-hoa-chat-6R-chinh-hang-600x600.jpg 600w\" sizes=\"(max-width: 750px) 100vw, 750px\" \/><\/a> <a href=\"https:\/\/maybommini.com\/wp-content\/uploads\/2018\/04\/Magnetic-Drive-MP-6R-Smartpumps.jpg\" target=\"_blank\" rel=\"noopener\"><img decoding=\"async\" class=\"size-full wp-image-264482 aligncenter\" src=\"https:\/\/maybommini.com\/wp-content\/uploads\/2018\/04\/Magnetic-Drive-MP-6R-Smartpumps.jpg\" alt=\"Magnetic Drive MP 6R Smartpumps\" width=\"750\" height=\"750\" srcset=\"https:\/\/maybommini.vn\/wp-content\/uploads\/2018\/04\/Magnetic-Drive-MP-6R-Smartpumps.jpg 750w, https:\/\/maybommini.vn\/wp-content\/uploads\/2018\/04\/Magnetic-Drive-MP-6R-Smartpumps-300x300.jpg 300w, https:\/\/maybommini.vn\/wp-content\/uploads\/2018\/04\/Magnetic-Drive-MP-6R-Smartpumps-150x150.jpg 150w, https:\/\/maybommini.vn\/wp-content\/uploads\/2018\/04\/Magnetic-Drive-MP-6R-Smartpumps-600x600.jpg 600w\" sizes=\"(max-width: 750px) 100vw, 750px\" \/><\/a> <a href=\"https:\/\/maybommini.com\/wp-content\/uploads\/2018\/04\/Bom-hoa-chat-axit-220v.jpg\" target=\"_blank\" rel=\"noopener\"><img decoding=\"async\" class=\"size-full wp-image-264481 aligncenter\" src=\"https:\/\/maybommini.com\/wp-content\/uploads\/2018\/04\/Bom-hoa-chat-axit-220v.jpg\" alt=\"Bom Hoa Chat Axit 220v\" width=\"750\" height=\"750\" srcset=\"https:\/\/maybommini.vn\/wp-content\/uploads\/2018\/04\/Bom-hoa-chat-axit-220v.jpg 750w, https:\/\/maybommini.vn\/wp-content\/uploads\/2018\/04\/Bom-hoa-chat-axit-220v-300x300.jpg 300w, https:\/\/maybommini.vn\/wp-content\/uploads\/2018\/04\/Bom-hoa-chat-axit-220v-150x150.jpg 150w, https:\/\/maybommini.vn\/wp-content\/uploads\/2018\/04\/Bom-hoa-chat-axit-220v-600x600.jpg 600w\" sizes=\"(max-width: 750px) 100vw, 750px\" \/><\/a> <a href=\"https:\/\/maybommini.com\/wp-content\/uploads\/2018\/04\/MP-6R-Plastic-Acid-Resistance-Magnetic-Drive-Water-Pump-Pure-Water-Production-Electromagnetic.jpg\" target=\"_blank\" rel=\"noopener\"><img decoding=\"async\" class=\"size-full wp-image-264486 aligncenter\" src=\"https:\/\/maybommini.com\/wp-content\/uploads\/2018\/04\/MP-6R-Plastic-Acid-Resistance-Magnetic-Drive-Water-Pump-Pure-Water-Production-Electromagnetic.jpg\" alt=\"MP 6R Plastic Acid Resistance Magnetic Drive Water Pump Pure Water Production Electromagnetic\" width=\"750\" height=\"750\" srcset=\"https:\/\/maybommini.vn\/wp-content\/uploads\/2018\/04\/MP-6R-Plastic-Acid-Resistance-Magnetic-Drive-Water-Pump-Pure-Water-Production-Electromagnetic.jpg 750w, https:\/\/maybommini.vn\/wp-content\/uploads\/2018\/04\/MP-6R-Plastic-Acid-Resistance-Magnetic-Drive-Water-Pump-Pure-Water-Production-Electromagnetic-300x300.jpg 300w, https:\/\/maybommini.vn\/wp-content\/uploads\/2018\/04\/MP-6R-Plastic-Acid-Resistance-Magnetic-Drive-Water-Pump-Pure-Water-Production-Electromagnetic-150x150.jpg 150w, https:\/\/maybommini.vn\/wp-content\/uploads\/2018\/04\/MP-6R-Plastic-Acid-Resistance-Magnetic-Drive-Water-Pump-Pure-Water-Production-Electromagnetic-600x600.jpg 600w\" sizes=\"(max-width: 750px) 100vw, 750px\" \/><\/a><\/p>\n<p><a href=\"https:\/\/maybommini.com\/wp-content\/uploads\/2018\/04\/Ban-may-bom-hoa-chat-MP-6R-chinh-hang.jpg\" target=\"_blank\" rel=\"noopener\"><img decoding=\"async\" class=\"size-full wp-image-264490 aligncenter\" src=\"https:\/\/maybommini.com\/wp-content\/uploads\/2018\/04\/Ban-may-bom-hoa-chat-MP-6R-chinh-hang.jpg\" alt=\"Ban May Bom Hoa Chat MP 6R Chinh Hang\" width=\"750\" height=\"750\" srcset=\"https:\/\/maybommini.vn\/wp-content\/uploads\/2018\/04\/Ban-may-bom-hoa-chat-MP-6R-chinh-hang.jpg 750w, https:\/\/maybommini.vn\/wp-content\/uploads\/2018\/04\/Ban-may-bom-hoa-chat-MP-6R-chinh-hang-300x300.jpg 300w, https:\/\/maybommini.vn\/wp-content\/uploads\/2018\/04\/Ban-may-bom-hoa-chat-MP-6R-chinh-hang-150x150.jpg 150w, https:\/\/maybommini.vn\/wp-content\/uploads\/2018\/04\/Ban-may-bom-hoa-chat-MP-6R-chinh-hang-600x600.jpg 600w\" sizes=\"(max-width: 750px) 100vw, 750px\" \/><\/a><\/p>\n<p><strong>\u1ee8NG D\u1ee4NG M\u00c1Y B\u01a0M HO\u00c1 CH\u1ea4T<\/strong><br \/>\nM\u00e1y c\u00f3 th\u1ec3 ch\u1ea1y kh\u00f4 m\u00e0 kh\u00f4ng \u1ea3nh h\u01b0\u1edbng t\u1edbi \u0111\u1ed9ng c\u01a1 khi kh\u00f4ng c\u00f3 n\u01b0\u1edbc b\u01a1m. V\u1edbi c\u00e1c m\u00e1y l\u1edbn th\u00ec c\u00f3 th\u1ec3 g\u00e2y h\u1ea1i d\u1eabn t\u1edbi ch\u00e1y \u0111\u1ed9ng c\u01a1.<br \/>\nB\u01a1m n\u01b0\u1edbc ho\u00e1 ch\u1ea5t\u00a0d\u00f9ng tr\u1ef1c ti\u1ebfp ngu\u1ed3n \u0111i\u1ec7n 220V .<br \/>\nM\u00e1y ch\u1ea1y ho\u1ea1t \u0111\u1ed9ng v\u1edbi ti\u1ebfng \u1ed3n nh\u1ecf v\u00e0 \u00eam \u00e1i.<br \/>\n\u0110\u1eb7c bi\u1ec7t m\u00e1y c\u00f3 kh\u1ea3 n\u0103ng b\u01a1m c\u00e1c lo\u1ea1i ho\u00e1 ch\u1ea5t\u00a0\u0103n m\u00f2n, axit, \u2026<br \/>\nB\u01a1m n\u01b0\u1edbc bi\u1ec3n, b\u01a1m dung d\u1ecbch \u0111\u1eb7t bi\u1ec7t, b\u01a1m n\u01b0\u1edbc, \u2026<\/p>\n<p><a href=\"https:\/\/maybommini.com\/wp-content\/uploads\/2018\/04\/Thong-so-ky-thuat-may-bom-hoa-chat-MP-Smatpumps.jpg\" target=\"_blank\" rel=\"noopener\"><img decoding=\"async\" class=\"size-full wp-image-264487 aligncenter\" src=\"https:\/\/maybommini.com\/wp-content\/uploads\/2018\/04\/Thong-so-ky-thuat-may-bom-hoa-chat-MP-Smatpumps.jpg\" alt=\"Thong So Ky Thuat May Bom Hoa Chat MP Smatpumps\" width=\"750\" height=\"1205\" srcset=\"https:\/\/maybommini.vn\/wp-content\/uploads\/2018\/04\/Thong-so-ky-thuat-may-bom-hoa-chat-MP-Smatpumps.jpg 750w, https:\/\/maybommini.vn\/wp-content\/uploads\/2018\/04\/Thong-so-ky-thuat-may-bom-hoa-chat-MP-Smatpumps-150x241.jpg 150w, https:\/\/maybommini.vn\/wp-content\/uploads\/2018\/04\/Thong-so-ky-thuat-may-bom-hoa-chat-MP-Smatpumps-600x964.jpg 600w\" sizes=\"(max-width: 750px) 100vw, 750px\" \/><\/a> <a href=\"https:\/\/maybommini.com\/wp-content\/uploads\/2018\/04\/Bieu-do-luu-luong-may-bom-hoa-chat-MP.jpg\" target=\"_blank\" rel=\"noopener\"><img decoding=\"async\" class=\"size-full wp-image-264488 aligncenter\" src=\"https:\/\/maybommini.com\/wp-content\/uploads\/2018\/04\/Bieu-do-luu-luong-may-bom-hoa-chat-MP.jpg\" alt=\"Bieu Do Luu Luong May Bom Hoa Chat MP\" width=\"750\" height=\"750\" srcset=\"https:\/\/maybommini.vn\/wp-content\/uploads\/2018\/04\/Bieu-do-luu-luong-may-bom-hoa-chat-MP.jpg 750w, https:\/\/maybommini.vn\/wp-content\/uploads\/2018\/04\/Bieu-do-luu-luong-may-bom-hoa-chat-MP-300x300.jpg 300w, https:\/\/maybommini.vn\/wp-content\/uploads\/2018\/04\/Bieu-do-luu-luong-may-bom-hoa-chat-MP-150x150.jpg 150w, https:\/\/maybommini.vn\/wp-content\/uploads\/2018\/04\/Bieu-do-luu-luong-may-bom-hoa-chat-MP-600x600.jpg 600w\" sizes=\"(max-width: 750px) 100vw, 750px\" \/><\/a> <a href=\"https:\/\/maybommini.com\/wp-content\/uploads\/2018\/04\/Cau-tao-may-bom-hoa-chat-MP-Smartpumps.jpg\" target=\"_blank\" rel=\"noopener\"><img decoding=\"async\" class=\"size-full wp-image-264489 aligncenter\" src=\"https:\/\/maybommini.com\/wp-content\/uploads\/2018\/04\/Cau-tao-may-bom-hoa-chat-MP-Smartpumps.jpg\" alt=\"Cau Tao May Bom Hoa Chat MP Smartpumps\" width=\"750\" height=\"750\" srcset=\"https:\/\/maybommini.vn\/wp-content\/uploads\/2018\/04\/Cau-tao-may-bom-hoa-chat-MP-Smartpumps.jpg 750w, https:\/\/maybommini.vn\/wp-content\/uploads\/2018\/04\/Cau-tao-may-bom-hoa-chat-MP-Smartpumps-300x300.jpg 300w, https:\/\/maybommini.vn\/wp-content\/uploads\/2018\/04\/Cau-tao-may-bom-hoa-chat-MP-Smartpumps-150x150.jpg 150w, https:\/\/maybommini.vn\/wp-content\/uploads\/2018\/04\/Cau-tao-may-bom-hoa-chat-MP-Smartpumps-600x600.jpg 600w\" sizes=\"(max-width: 750px) 100vw, 750px\" \/><\/a><\/p>\n<p>M\u1ecdi chi ti\u1ebft vui l\u00f2ng li\u00ean h\u1ec7 tr\u1ef1c ti\u1ebfp cho ch\u00fang t\u00f4i \u0111\u1ec3 \u0111\u01b0\u1ee3c t\u01b0 v\u1ea5n theo nhu c\u1ea7u \u0111\u1ec3 c\u00f3 \u0111\u01b0\u1ee3c b\u1ed9 s\u1ea3n ph\u1ea9m t\u1ed1t nh\u1ea5t v\u00e0 ti\u1ebft ki\u1ec7m. Giao h\u00e0ng v\u00e0 b\u1ea3o h\u00e0nh to\u00e0n qu\u1ed1c uy t\u00edn v\u00e0 ch\u1ea5t l\u01b0\u1ee3ng cho kh\u00e1ch h\u00e0ng.<br \/>\n<strong>CTY TNHH TH\u01af\u01a0NG M\u1ea0I D\u1ecaCH V\u1ee4 \u0110I\u1ec6N M\u00c1Y TH\u00d4NG MINH<\/strong><br \/>\n<strong>Hotline:<\/strong> 02873030399 &#8211;\u00a0 090 729 4310<br \/>\n<strong>Email:<\/strong> maybommini.com@gmail.com<br \/>\n<strong>Website:<\/strong> http:\/\/maybommini.com<br \/>\n<strong>Facebook:<\/strong>\u00a0https:\/\/www.facebook.com\/maybommini<br \/>\n<strong>Google:<\/strong>\u00a0https:\/\/plus.google.com\/ Maybomnuocminiruaxe<br \/>\n<strong>Youtube demo:<\/strong>\u00a0https:\/\/www.youtube.com\/bahamasali<\/p>\n<h3 style=\"text-align: center;\"><strong>M\u00e1y b\u01a1m h\u00f3a ch\u1ea5t 220V 6W 8L MP-6R SMARTPUMPS<\/strong><\/h3>\n","protected":false},"excerpt":{"rendered":"<p>Th\u01b0\u01a1ng hi\u1ec7u: SMARTPUMPS<br \/>\nModel: MP-6R<br \/>\n\u0110i\u1ec7n \u00e1p: 220V &#8211; 240V AC<br \/>\nT\u1ea7n s\u1ed1 d\u00f2ng \u0111i\u1ec7n: 50 &#8211; 60 Hz.<br \/>\nC\u00f4ng su\u1ea5t: 0.06A &#8211; 6W<br \/>\nL\u01b0u l\u01b0\u1ee3ng b\u01a1m : 8.0 LPM<br \/>\n\u0110\u01b0\u1eddng k\u00ednh \u1ed1ng h\u00fat: 14 mm.<br \/>\n\u0110\u01b0\u1eddng k\u00ednh \u1ed1ng x\u1ea3: 14 mm.<br \/>\nB\u01a1m \u0111\u1ea9y cao: 1.0 met<br \/>\nCh\u1ea5t li\u1ec7u: \u0110\u1ed3ng &#8211; Gang &#8211; Nh\u1ef1a PP<br \/>\nCh\u1ed1ng \u0103n m\u00f2n v\u00e0 r\u00f2 r\u1ec9.<br \/>\nLo\u1ea1i b\u01a1m tr\u1ee5c n\u1eb1m ngang.<br \/>\n\u0110\u1ed9ng c\u01a1 xoay chi\u1ec1u.<br \/>\nC\u1ea5p \u0111\u1ed9 b\u1ea3o v\u1ec7: IP44<br \/>\nL\u1edbp b\u1ea3o v\u1ec7: B<br \/>\nT\u1ee5 \u0111i\u1ec7n: 0.68\u00a0\u00b5F<br \/>\nK\u00edch th\u01b0\u1edbc: 130 x 71 x 70 mm<br \/>\nTr\u1ecdng l\u01b0\u1ee3ng: 0.85 kg<br \/>\nB\u1ea3o h\u00e0nh: 3 th\u00e1ng<br \/>\nPh\u00e2n ph\u1ed1i: Maybommini.com<br \/>\nH\u00f4\u0309 tr\u01a1\u0323 ky\u0303 thu\u00e2\u0323t vi\u0303nh vi\u00ea\u0303n.<br \/>\n<strong>T\u01af V\u1ea4N K\u1ef8 THU\u1eacT \u2013 MUA H\u00c0NG<br \/>\nMUA S\u1ed0 L\u01af\u1ee2NG C\u00d3 GI\u00c1 S\u1ec8<\/strong><br \/>\n0908997823 \u2013 0908997872<br \/>\n0907294310 \u2013 02873030399<\/p>\n","protected":false},"featured_media":264484,"comment_status":"open","ping_status":"closed","template":"","meta":[],"product_brand":[44],"product_cat":[2004,562],"product_tag":[500,563,268,439,235,269,564,271,272,273,565,566,567,275,568,239,210,280],"class_list":{"0":"post-255876","1":"product","2":"type-product","3":"status-publish","4":"has-post-thumbnail","6":"product_brand-smartpumps","7":"product_cat-may-bom-hoa-chat-220v","8":"product_cat-may-bom-hoa-chat","9":"product_tag-220v","10":"product_tag-6r","11":"product_tag-bom-ap-luc-nho-nhat","12":"product_tag-bom-hoa-chat","13":"product_tag-bom-nuoc-mini","14":"product_tag-bom-nuoc-nho-nhat","15":"product_tag-chong-an-mon","16":"product_tag-high-pressure-diaphragm","17":"product_tag-high-pressure-diaphragm-water","18":"product_tag-high-pressure-diaphragm-water-self-priming-pump","19":"product_tag-hoa-chat","20":"product_tag-may-bom-axit","21":"product_tag-may-bom-hoa-chat","22":"product_tag-mini","23":"product_tag-mp-6r","24":"product_tag-rua-may-lanh","25":"product_tag-rua-xe","26":"product_tag-self-priming","28":"first","29":"instock","30":"sale","31":"featured","32":"shipping-taxable","33":"purchasable","34":"product-type-simple"},"_links":{"self":[{"href":"https:\/\/maybommini.vn\/index.php?rest_route=\/wp\/v2\/product\/255876","targetHints":{"allow":["GET"]}}],"collection":[{"href":"https:\/\/maybommini.vn\/index.php?rest_route=\/wp\/v2\/product"}],"about":[{"href":"https:\/\/maybommini.vn\/index.php?rest_route=\/wp\/v2\/types\/product"}],"replies":[{"embeddable":true,"href":"https:\/\/maybommini.vn\/index.php?rest_route=%2Fwp%2Fv2%2Fcomments&post=255876"}],"wp:featuredmedia":[{"embeddable":true,"href":"https:\/\/maybommini.vn\/index.php?rest_route=\/wp\/v2\/media\/264484"}],"wp:attachment":[{"href":"https:\/\/maybommini.vn\/index.php?rest_route=%2Fwp%2Fv2%2Fmedia&parent=255876"}],"wp:term":[{"taxonomy":"product_brand","embeddable":true,"href":"https:\/\/maybommini.vn\/index.php?rest_route=%2Fwp%2Fv2%2Fproduct_brand&post=255876"},{"taxonomy":"product_cat","embeddable":true,"href":"https:\/\/maybommini.vn\/index.php?rest_route=%2Fwp%2Fv2%2Fproduct_cat&post=255876"},{"taxonomy":"product_tag","embeddable":true,"href":"https:\/\/maybommini.vn\/index.php?rest_route=%2Fwp%2Fv2%2Fproduct_tag&post=255876"}],"curies":[{"name":"wp","href":"https:\/\/api.w.org\/{rel}","templated":true}]}}