{"id":255984,"date":"2018-04-12T19:28:07","date_gmt":"2018-04-12T12:28:07","guid":{"rendered":"https:\/\/maybommini.com\/san-pham\/import-placeholder-for-252327"},"modified":"2025-07-10T03:25:30","modified_gmt":"2025-07-09T20:25:30","slug":"bo-rua-xe-mini-12v-120w-sung-ap-luc","status":"publish","type":"product","link":"https:\/\/maybommini.vn\/?product=bo-rua-xe-mini-12v-120w-sung-ap-luc","title":{"rendered":"B\u1ed9 r\u1eeda xe mini 12V 120W S\u00fang \u00e1p l\u1ef1c"},"content":{"rendered":"<p><strong>Vi\u1ec7c r\u1eeda xe r\u1eeda m\u00e1y l\u1ea1nh\u00a0ho\u00e0n to\u00e0n d\u1ec3 d\u00e0ng v\u00e0 g\u1ecdn nh\u1eb9 ti\u1ebft ki\u1ec7m \u0111\u01b0\u1ee3c nhi\u1ec1u chi ph\u00ed cho gia \u0111\u00ecnh khi s\u1eed d\u1ee5ng b\u1ed9 r\u1eeda xe mini 12v 120w c\u1ee7a ch\u00fang t\u00f4i.<\/strong><\/p>\n<h2><strong>B\u1ed9 r\u1eeda xe mini 12V 120W S\u00fang \u00e1p l\u1ef1c<\/strong><\/h2>\n<p><a href=\"http:\/\/maybommini.com\/wp-content\/uploads\/2016\/03\/bo-xit-rua-ap-luc-12v.jpg\" rel=\"attachment wp-att-244865 noopener\" target=\"_blank\"><img decoding=\"async\" class=\"size-large wp-image-244865 aligncenter\" src=\"http:\/\/maybommini.com\/wp-content\/uploads\/2016\/03\/bo-xit-rua-ap-luc-12v-1024x698.jpg\" alt=\"bo-xit-rua-ap-luc-12v\" width=\"1024\" height=\"698\" srcset=\"https:\/\/maybommini.vn\/wp-content\/uploads\/2016\/03\/bo-xit-rua-ap-luc-12v-1024x698.jpg 1024w, https:\/\/maybommini.vn\/wp-content\/uploads\/2016\/03\/bo-xit-rua-ap-luc-12v-600x409.jpg 600w, https:\/\/maybommini.vn\/wp-content\/uploads\/2016\/03\/bo-xit-rua-ap-luc-12v-300x205.jpg 300w, https:\/\/maybommini.vn\/wp-content\/uploads\/2016\/03\/bo-xit-rua-ap-luc-12v-768x524.jpg 768w, https:\/\/maybommini.vn\/wp-content\/uploads\/2016\/03\/bo-xit-rua-ap-luc-12v.jpg 1200w\" sizes=\"(max-width: 1024px) 100vw, 1024px\" \/><\/a><\/p>\n<p>\u0110\u00e2y l\u00e0 b\u1ed9 r\u1eeda xe r\u1eeda m\u00e1y l\u1ea1nh ho\u00e0n ch\u1ec9nh c\u00f3 th\u1ec3 s\u1eed d\u1ee5ng \u0111\u01b0\u1ee3c b\u1eb1ng ngu\u1ed3n \u1eafc quy 12v t\u1eeb xe m\u00e1y v\u00e0 ngu\u1ed3n 220v th\u00f4ng qua Adapter 220v ra 12v 15A.\u00a0M\u00e1y c\u00f3 thi\u1ebft k\u1ebf nh\u1ecf g\u1ecdn, ti\u1ebfng \u1ed3n nh\u1ecf, d\u1ec3 s\u1eed d\u1ee5ng, l\u1eafp \u0111\u1eb7t \u0111\u01a1n gi\u1ea3n.<\/p>\n<p><a href=\"http:\/\/maybommini.com\/wp-content\/uploads\/2016\/03\/may-rua-xe-mini-12v-tron-bo.jpg\" rel=\"attachment wp-att-244875 noopener\" target=\"_blank\"><img decoding=\"async\" class=\"size-large wp-image-244875 aligncenter\" src=\"http:\/\/maybommini.com\/wp-content\/uploads\/2016\/03\/may-rua-xe-mini-12v-tron-bo-1024x723.jpg\" alt=\"may-rua-xe-mini-12v-tron-bo\" width=\"1024\" height=\"723\" srcset=\"https:\/\/maybommini.vn\/wp-content\/uploads\/2016\/03\/may-rua-xe-mini-12v-tron-bo-1024x723.jpg 1024w, https:\/\/maybommini.vn\/wp-content\/uploads\/2016\/03\/may-rua-xe-mini-12v-tron-bo-600x424.jpg 600w, https:\/\/maybommini.vn\/wp-content\/uploads\/2016\/03\/may-rua-xe-mini-12v-tron-bo-300x212.jpg 300w, https:\/\/maybommini.vn\/wp-content\/uploads\/2016\/03\/may-rua-xe-mini-12v-tron-bo-768x542.jpg 768w, https:\/\/maybommini.vn\/wp-content\/uploads\/2016\/03\/may-rua-xe-mini-12v-tron-bo-220x154.jpg 220w, https:\/\/maybommini.vn\/wp-content\/uploads\/2016\/03\/may-rua-xe-mini-12v-tron-bo.jpg 1200w\" sizes=\"(max-width: 1024px) 100vw, 1024px\" \/><\/a>\u00a0<a href=\"http:\/\/maybommini.com\/wp-content\/uploads\/2016\/03\/bo-xit-rua-ap-luc-12v.jpg\" rel=\"attachment wp-att-244865 noopener\" target=\"_blank\"><img decoding=\"async\" class=\"size-large wp-image-244865 aligncenter\" src=\"http:\/\/maybommini.com\/wp-content\/uploads\/2016\/03\/bo-xit-rua-ap-luc-12v-1024x698.jpg\" alt=\"bo-xit-rua-ap-luc-12v\" width=\"1024\" height=\"698\" srcset=\"https:\/\/maybommini.vn\/wp-content\/uploads\/2016\/03\/bo-xit-rua-ap-luc-12v-1024x698.jpg 1024w, https:\/\/maybommini.vn\/wp-content\/uploads\/2016\/03\/bo-xit-rua-ap-luc-12v-600x409.jpg 600w, https:\/\/maybommini.vn\/wp-content\/uploads\/2016\/03\/bo-xit-rua-ap-luc-12v-300x205.jpg 300w, https:\/\/maybommini.vn\/wp-content\/uploads\/2016\/03\/bo-xit-rua-ap-luc-12v-768x524.jpg 768w, https:\/\/maybommini.vn\/wp-content\/uploads\/2016\/03\/bo-xit-rua-ap-luc-12v.jpg 1200w\" sizes=\"(max-width: 1024px) 100vw, 1024px\" \/><\/a> <a href=\"http:\/\/maybommini.com\/wp-content\/uploads\/2016\/03\/bo-xit-rua-ve-sinh-may-lanh-mini-12v.jpg\" rel=\"attachment wp-att-244866 noopener\" target=\"_blank\"><img decoding=\"async\" class=\"size-large wp-image-244866 aligncenter\" src=\"http:\/\/maybommini.com\/wp-content\/uploads\/2016\/03\/bo-xit-rua-ve-sinh-may-lanh-mini-12v-1024x661.jpg\" alt=\"bo-xit-rua-ve-sinh-may-lanh-mini-12v\" width=\"1024\" height=\"661\" srcset=\"https:\/\/maybommini.vn\/wp-content\/uploads\/2016\/03\/bo-xit-rua-ve-sinh-may-lanh-mini-12v-1024x661.jpg 1024w, https:\/\/maybommini.vn\/wp-content\/uploads\/2016\/03\/bo-xit-rua-ve-sinh-may-lanh-mini-12v-600x388.jpg 600w, https:\/\/maybommini.vn\/wp-content\/uploads\/2016\/03\/bo-xit-rua-ve-sinh-may-lanh-mini-12v-300x194.jpg 300w, https:\/\/maybommini.vn\/wp-content\/uploads\/2016\/03\/bo-xit-rua-ve-sinh-may-lanh-mini-12v-768x496.jpg 768w, https:\/\/maybommini.vn\/wp-content\/uploads\/2016\/03\/bo-xit-rua-ve-sinh-may-lanh-mini-12v.jpg 1200w\" sizes=\"(max-width: 1024px) 100vw, 1024px\" \/><\/a><\/p>\n<p>B\u1ed9 r\u1eeda xe mini 12V n\u00e0y c\u00f3 k\u00e8m theo <a title=\"S\u00fang x\u1ecbt r\u1eeda xe \u00e1p l\u1ef1c d\u00f9ng cho m\u00e1y b\u01a1m n\u01b0\u1edbc mini\" href=\"http:\/\/maybommini.com\/may-bom-mini\/sung-xit-rua-xe-ap-luc-dung-cho-may-bom-nuoc-mini\" target=\"_blank\" rel=\"noopener\">s\u00fang \u00e1p l\u1ef1c cao c\u1ea5p<\/a> c\u1ee7a \u0110\u00e0i Loan s\u1ea3n xu\u1ea5t.<\/p>\n<p><a href=\"http:\/\/maybommini.com\/wp-content\/uploads\/2014\/10\/sung-rua-xe-ap-luc-mini-bomnuocmini.jpg\" target=\"_blank\" rel=\"noopener\"><img decoding=\"async\" class=\"wp-image-1067 aligncenter\" src=\"http:\/\/maybommini.com\/wp-content\/uploads\/2014\/10\/sung-rua-xe-ap-luc-mini-bomnuocmini.jpg\" alt=\"sung-rua-xe-ap-luc-mini-bomnuocmini\" width=\"596\" height=\"528\" srcset=\"https:\/\/maybommini.vn\/wp-content\/uploads\/2014\/10\/sung-rua-xe-ap-luc-mini-bomnuocmini.jpg 800w, https:\/\/maybommini.vn\/wp-content\/uploads\/2014\/10\/sung-rua-xe-ap-luc-mini-bomnuocmini-600x532.jpg 600w, https:\/\/maybommini.vn\/wp-content\/uploads\/2014\/10\/sung-rua-xe-ap-luc-mini-bomnuocmini-300x266.jpg 300w, https:\/\/maybommini.vn\/wp-content\/uploads\/2014\/10\/sung-rua-xe-ap-luc-mini-bomnuocmini-768x681.jpg 768w\" sizes=\"(max-width: 596px) 100vw, 596px\" \/><br \/>\n<img decoding=\"async\" class=\" size-large wp-image-4718 aligncenter\" src=\"http:\/\/maybommini.com\/wp-content\/uploads\/2015\/06\/bo-nguon-may-bom-12v-10a-1024x658.jpg\" alt=\"bo-nguon-may-bom-12v-10a\" width=\"1024\" height=\"658\" srcset=\"https:\/\/maybommini.vn\/wp-content\/uploads\/2015\/06\/bo-nguon-may-bom-12v-10a-1024x658.jpg 1024w, https:\/\/maybommini.vn\/wp-content\/uploads\/2015\/06\/bo-nguon-may-bom-12v-10a-600x386.jpg 600w, https:\/\/maybommini.vn\/wp-content\/uploads\/2015\/06\/bo-nguon-may-bom-12v-10a-300x193.jpg 300w, https:\/\/maybommini.vn\/wp-content\/uploads\/2015\/06\/bo-nguon-may-bom-12v-10a-768x493.jpg 768w, https:\/\/maybommini.vn\/wp-content\/uploads\/2015\/06\/bo-nguon-may-bom-12v-10a.jpg 1200w\" sizes=\"(max-width: 1024px) 100vw, 1024px\" \/><\/a><\/p>\n<p>M\u00e1y b\u01a1m n\u01b0\u1edbc mini 12V 120W \u00e1p l\u1ef1c cao.<\/p>\n<p><a href=\"http:\/\/maybommini.com\/wp-content\/uploads\/2016\/03\/may-xit-rua-xe-mini-12v.jpg\" rel=\"attachment wp-att-244877 noopener\" target=\"_blank\"><img decoding=\"async\" class=\"size-large wp-image-244877 aligncenter\" src=\"http:\/\/maybommini.com\/wp-content\/uploads\/2016\/03\/may-xit-rua-xe-mini-12v-1024x683.jpg\" alt=\"may-xit-rua-xe-mini-12v\" width=\"1024\" height=\"683\" srcset=\"https:\/\/maybommini.vn\/wp-content\/uploads\/2016\/03\/may-xit-rua-xe-mini-12v-1024x683.jpg 1024w, https:\/\/maybommini.vn\/wp-content\/uploads\/2016\/03\/may-xit-rua-xe-mini-12v-600x400.jpg 600w, https:\/\/maybommini.vn\/wp-content\/uploads\/2016\/03\/may-xit-rua-xe-mini-12v-300x200.jpg 300w, https:\/\/maybommini.vn\/wp-content\/uploads\/2016\/03\/may-xit-rua-xe-mini-12v-768x512.jpg 768w, https:\/\/maybommini.vn\/wp-content\/uploads\/2016\/03\/may-xit-rua-xe-mini-12v.jpg 1200w\" sizes=\"(max-width: 1024px) 100vw, 1024px\" \/><\/a> <a href=\"http:\/\/maybommini.com\/wp-content\/uploads\/2016\/03\/may-xit-rua-xe-mini-12v-ap-luc-cao.jpg\" rel=\"attachment wp-att-244876 noopener\" target=\"_blank\"><img decoding=\"async\" class=\"size-large wp-image-244876 aligncenter\" src=\"http:\/\/maybommini.com\/wp-content\/uploads\/2016\/03\/may-xit-rua-xe-mini-12v-ap-luc-cao-1024x683.jpg\" alt=\"may-xit-rua-xe-mini-12v ap luc cao\" width=\"1024\" height=\"683\" srcset=\"https:\/\/maybommini.vn\/wp-content\/uploads\/2016\/03\/may-xit-rua-xe-mini-12v-ap-luc-cao-1024x683.jpg 1024w, https:\/\/maybommini.vn\/wp-content\/uploads\/2016\/03\/may-xit-rua-xe-mini-12v-ap-luc-cao-600x400.jpg 600w, https:\/\/maybommini.vn\/wp-content\/uploads\/2016\/03\/may-xit-rua-xe-mini-12v-ap-luc-cao-300x200.jpg 300w, https:\/\/maybommini.vn\/wp-content\/uploads\/2016\/03\/may-xit-rua-xe-mini-12v-ap-luc-cao-768x512.jpg 768w, https:\/\/maybommini.vn\/wp-content\/uploads\/2016\/03\/may-xit-rua-xe-mini-12v-ap-luc-cao.jpg 1200w\" sizes=\"(max-width: 1024px) 100vw, 1024px\" \/><\/a> <a href=\"http:\/\/maybommini.com\/wp-content\/uploads\/2016\/03\/may-bom-xit-rua-may-lanh-12v.jpg\" rel=\"attachment wp-att-244873 noopener\" target=\"_blank\"><img decoding=\"async\" class=\"size-large wp-image-244873 aligncenter\" src=\"http:\/\/maybommini.com\/wp-content\/uploads\/2016\/03\/may-bom-xit-rua-may-lanh-12v-1024x666.jpg\" alt=\"may-bom-xit-rua-may-lanh-12v\" width=\"1024\" height=\"666\" srcset=\"https:\/\/maybommini.vn\/wp-content\/uploads\/2016\/03\/may-bom-xit-rua-may-lanh-12v-1024x666.jpg 1024w, https:\/\/maybommini.vn\/wp-content\/uploads\/2016\/03\/may-bom-xit-rua-may-lanh-12v-600x391.jpg 600w, https:\/\/maybommini.vn\/wp-content\/uploads\/2016\/03\/may-bom-xit-rua-may-lanh-12v-300x195.jpg 300w, https:\/\/maybommini.vn\/wp-content\/uploads\/2016\/03\/may-bom-xit-rua-may-lanh-12v-768x500.jpg 768w, https:\/\/maybommini.vn\/wp-content\/uploads\/2016\/03\/may-bom-xit-rua-may-lanh-12v.jpg 1200w\" sizes=\"(max-width: 1024px) 100vw, 1024px\" \/><\/a> <a href=\"http:\/\/maybommini.com\/wp-content\/uploads\/2016\/03\/may-bom-nuoc-mini-gia-re.jpg\" rel=\"attachment wp-att-244872 noopener\" target=\"_blank\"><img decoding=\"async\" class=\"size-large wp-image-244872 aligncenter\" src=\"http:\/\/maybommini.com\/wp-content\/uploads\/2016\/03\/may-bom-nuoc-mini-gia-re-1024x682.jpg\" alt=\"may-bom-nuoc-mini-gia-re\" width=\"1024\" height=\"682\" srcset=\"https:\/\/maybommini.vn\/wp-content\/uploads\/2016\/03\/may-bom-nuoc-mini-gia-re-1024x682.jpg 1024w, https:\/\/maybommini.vn\/wp-content\/uploads\/2016\/03\/may-bom-nuoc-mini-gia-re-600x400.jpg 600w, https:\/\/maybommini.vn\/wp-content\/uploads\/2016\/03\/may-bom-nuoc-mini-gia-re-300x200.jpg 300w, https:\/\/maybommini.vn\/wp-content\/uploads\/2016\/03\/may-bom-nuoc-mini-gia-re-768x512.jpg 768w\" sizes=\"(max-width: 1024px) 100vw, 1024px\" \/><\/a> <a href=\"http:\/\/maybommini.com\/wp-content\/uploads\/2016\/03\/may-bom-mini-12v-120w.jpg\" rel=\"attachment wp-att-244871 noopener\" target=\"_blank\"><img decoding=\"async\" class=\"size-full wp-image-244871 aligncenter\" src=\"http:\/\/maybommini.com\/wp-content\/uploads\/2016\/03\/may-bom-mini-12v-120w.jpg\" alt=\"may-bom-mini-12v-120w\" width=\"550\" height=\"550\" srcset=\"https:\/\/maybommini.vn\/wp-content\/uploads\/2016\/03\/may-bom-mini-12v-120w.jpg 550w, https:\/\/maybommini.vn\/wp-content\/uploads\/2016\/03\/may-bom-mini-12v-120w-300x300.jpg 300w, https:\/\/maybommini.vn\/wp-content\/uploads\/2016\/03\/may-bom-mini-12v-120w-150x150.jpg 150w\" sizes=\"(max-width: 550px) 100vw, 550px\" \/><\/a> <a href=\"http:\/\/maybommini.com\/wp-content\/uploads\/2016\/03\/may-bom-12v-ap-luc-mini.jpg\" rel=\"attachment wp-att-244867 noopener\" target=\"_blank\"><img decoding=\"async\" class=\"size-large wp-image-244867 aligncenter\" src=\"http:\/\/maybommini.com\/wp-content\/uploads\/2016\/03\/may-bom-12v-ap-luc-mini-1024x648.jpg\" alt=\"may-bom-12v-ap-luc-mini\" width=\"1024\" height=\"648\" srcset=\"https:\/\/maybommini.vn\/wp-content\/uploads\/2016\/03\/may-bom-12v-ap-luc-mini-1024x648.jpg 1024w, https:\/\/maybommini.vn\/wp-content\/uploads\/2016\/03\/may-bom-12v-ap-luc-mini-600x380.jpg 600w, https:\/\/maybommini.vn\/wp-content\/uploads\/2016\/03\/may-bom-12v-ap-luc-mini-300x190.jpg 300w, https:\/\/maybommini.vn\/wp-content\/uploads\/2016\/03\/may-bom-12v-ap-luc-mini-768x486.jpg 768w, https:\/\/maybommini.vn\/wp-content\/uploads\/2016\/03\/may-bom-12v-ap-luc-mini.jpg 1200w\" sizes=\"(max-width: 1024px) 100vw, 1024px\" \/><\/a> <a href=\"http:\/\/maybommini.com\/wp-content\/uploads\/2016\/03\/may-bom-ap-luc-mini-12v-120w.jpg\" rel=\"attachment wp-att-244868 noopener\" target=\"_blank\"><img decoding=\"async\" class=\"size-large wp-image-244868 aligncenter\" src=\"http:\/\/maybommini.com\/wp-content\/uploads\/2016\/03\/may-bom-ap-luc-mini-12v-120w-1024x683.jpg\" alt=\"may-bom-ap-luc-mini-12v-120w\" width=\"1024\" height=\"683\" srcset=\"https:\/\/maybommini.vn\/wp-content\/uploads\/2016\/03\/may-bom-ap-luc-mini-12v-120w-1024x683.jpg 1024w, https:\/\/maybommini.vn\/wp-content\/uploads\/2016\/03\/may-bom-ap-luc-mini-12v-120w-600x400.jpg 600w, https:\/\/maybommini.vn\/wp-content\/uploads\/2016\/03\/may-bom-ap-luc-mini-12v-120w-300x200.jpg 300w, https:\/\/maybommini.vn\/wp-content\/uploads\/2016\/03\/may-bom-ap-luc-mini-12v-120w-768x512.jpg 768w, https:\/\/maybommini.vn\/wp-content\/uploads\/2016\/03\/may-bom-ap-luc-mini-12v-120w.jpg 1200w\" sizes=\"(max-width: 1024px) 100vw, 1024px\" \/><\/a> <a href=\"http:\/\/maybommini.com\/wp-content\/uploads\/2016\/03\/may-bom-mini.jpg\" rel=\"attachment wp-att-244869 noopener\" target=\"_blank\"><img decoding=\"async\" class=\"size-large wp-image-244869 aligncenter\" src=\"http:\/\/maybommini.com\/wp-content\/uploads\/2016\/03\/may-bom-mini-752x1024.jpg\" alt=\"may-bom-mini\" width=\"752\" height=\"1024\" srcset=\"https:\/\/maybommini.vn\/wp-content\/uploads\/2016\/03\/may-bom-mini-752x1024.jpg 752w, https:\/\/maybommini.vn\/wp-content\/uploads\/2016\/03\/may-bom-mini-600x818.jpg 600w, https:\/\/maybommini.vn\/wp-content\/uploads\/2016\/03\/may-bom-mini-220x300.jpg 220w, https:\/\/maybommini.vn\/wp-content\/uploads\/2016\/03\/may-bom-mini-768x1046.jpg 768w, https:\/\/maybommini.vn\/wp-content\/uploads\/2016\/03\/may-bom-mini.jpg 1200w\" sizes=\"(max-width: 752px) 100vw, 752px\" \/><\/a> <a href=\"http:\/\/maybommini.com\/wp-content\/uploads\/2016\/03\/may-bom-mini-12v.jpg\" rel=\"attachment wp-att-244870 noopener\" target=\"_blank\"><img decoding=\"async\" class=\"size-large wp-image-244870 aligncenter\" src=\"http:\/\/maybommini.com\/wp-content\/uploads\/2016\/03\/may-bom-mini-12v-781x1024.jpg\" alt=\"may-bom-mini-12v\" width=\"781\" height=\"1024\" srcset=\"https:\/\/maybommini.vn\/wp-content\/uploads\/2016\/03\/may-bom-mini-12v-781x1024.jpg 781w, https:\/\/maybommini.vn\/wp-content\/uploads\/2016\/03\/may-bom-mini-12v-600x787.jpg 600w, https:\/\/maybommini.vn\/wp-content\/uploads\/2016\/03\/may-bom-mini-12v-229x300.jpg 229w, https:\/\/maybommini.vn\/wp-content\/uploads\/2016\/03\/may-bom-mini-12v-768x1007.jpg 768w, https:\/\/maybommini.vn\/wp-content\/uploads\/2016\/03\/may-bom-mini-12v.jpg 1200w\" sizes=\"(max-width: 781px) 100vw, 781px\" \/><\/a> <a href=\"http:\/\/maybommini.com\/wp-content\/uploads\/2016\/03\/bom-nuoc-ap-luc-mini-12v.jpg\" rel=\"attachment wp-att-244864 noopener\" target=\"_blank\"><img decoding=\"async\" class=\"size-large wp-image-244864 aligncenter\" src=\"http:\/\/maybommini.com\/wp-content\/uploads\/2016\/03\/bom-nuoc-ap-luc-mini-12v-1024x683.jpg\" alt=\"bom-nuoc-ap-luc-mini-12v\" width=\"1024\" height=\"683\" srcset=\"https:\/\/maybommini.vn\/wp-content\/uploads\/2016\/03\/bom-nuoc-ap-luc-mini-12v-1024x683.jpg 1024w, https:\/\/maybommini.vn\/wp-content\/uploads\/2016\/03\/bom-nuoc-ap-luc-mini-12v-600x400.jpg 600w, https:\/\/maybommini.vn\/wp-content\/uploads\/2016\/03\/bom-nuoc-ap-luc-mini-12v-300x200.jpg 300w, https:\/\/maybommini.vn\/wp-content\/uploads\/2016\/03\/bom-nuoc-ap-luc-mini-12v-768x512.jpg 768w, https:\/\/maybommini.vn\/wp-content\/uploads\/2016\/03\/bom-nuoc-ap-luc-mini-12v.jpg 1200w\" sizes=\"(max-width: 1024px) 100vw, 1024px\" \/><\/a> <a href=\"http:\/\/maybommini.com\/wp-content\/uploads\/2016\/03\/bom-nuoc-ap-luc-12v-mini.jpg\" rel=\"attachment wp-att-244863 noopener\" target=\"_blank\"><img decoding=\"async\" class=\"size-large wp-image-244863 aligncenter\" src=\"http:\/\/maybommini.com\/wp-content\/uploads\/2016\/03\/bom-nuoc-ap-luc-12v-mini-1024x676.jpg\" alt=\"bom-nuoc-ap-luc-12v-mini\" width=\"1024\" height=\"676\" srcset=\"https:\/\/maybommini.vn\/wp-content\/uploads\/2016\/03\/bom-nuoc-ap-luc-12v-mini-1024x676.jpg 1024w, https:\/\/maybommini.vn\/wp-content\/uploads\/2016\/03\/bom-nuoc-ap-luc-12v-mini-600x396.jpg 600w, https:\/\/maybommini.vn\/wp-content\/uploads\/2016\/03\/bom-nuoc-ap-luc-12v-mini-300x198.jpg 300w, https:\/\/maybommini.vn\/wp-content\/uploads\/2016\/03\/bom-nuoc-ap-luc-12v-mini-768x507.jpg 768w, https:\/\/maybommini.vn\/wp-content\/uploads\/2016\/03\/bom-nuoc-ap-luc-12v-mini.jpg 1200w\" sizes=\"(max-width: 1024px) 100vw, 1024px\" \/><\/a><\/p>\n<p>\u1ed0ng n\u01b0\u1edbc \u00e1p l\u1ef1c v\u00e0 \u1ed1ng n\u01b0\u1edbc v\u00e0o.<\/p>\n<p><a href=\"http:\/\/maybommini.com\/wp-content\/uploads\/2016\/03\/phu-kien-may-bom-nuoc-mini.jpg\" rel=\"attachment wp-att-244878 noopener\" target=\"_blank\"><img decoding=\"async\" class=\"size-large wp-image-244878 aligncenter\" src=\"http:\/\/maybommini.com\/wp-content\/uploads\/2016\/03\/phu-kien-may-bom-nuoc-mini-1024x643.jpg\" alt=\"phu-kien-may-bom-nuoc-mini\" width=\"1024\" height=\"643\" srcset=\"https:\/\/maybommini.vn\/wp-content\/uploads\/2016\/03\/phu-kien-may-bom-nuoc-mini-1024x643.jpg 1024w, https:\/\/maybommini.vn\/wp-content\/uploads\/2016\/03\/phu-kien-may-bom-nuoc-mini-600x377.jpg 600w, https:\/\/maybommini.vn\/wp-content\/uploads\/2016\/03\/phu-kien-may-bom-nuoc-mini-300x188.jpg 300w, https:\/\/maybommini.vn\/wp-content\/uploads\/2016\/03\/phu-kien-may-bom-nuoc-mini-768x482.jpg 768w, https:\/\/maybommini.vn\/wp-content\/uploads\/2016\/03\/phu-kien-may-bom-nuoc-mini.jpg 1200w\" sizes=\"(max-width: 1024px) 100vw, 1024px\" \/><\/a><\/p>\n<h2><strong>GI\u00c1 TR\u1eccN B\u1ed8 R\u1eecA XE MINI 12V 120W : 1.700.000<\/strong><\/h2>\n<ol>\n<li>M\u00e1y b\u01a1m 120W 12V<\/li>\n<li>Bi\u1ebfn th\u1ebf 12V 15A<\/li>\n<li>S\u00fang x\u00edt\u00a0\u00e1p l\u1ef1c cao c\u1ea5p<\/li>\n<li>\u1ed0ng d\u00e2y ra \u00e1p l\u1ef1c 6 m\u00e9t (PU 12mm)<\/li>\n<li>\u1ed0ng d\u00e2y v\u00e0o 3 m\u00e9t<\/li>\n<li>B\u00e9c \u0111\u1ed3ng x\u1ecbt r\u1eeda<\/li>\n<li>D\u00e2y ngu\u1ed3n<\/li>\n<li>N\u1ed1i nhanh cao c\u1ea5p<\/li>\n<\/ol>\n<h2><strong>\u1ee8NG D\u1ee4NG B\u1ed8 X\u1ecaT R\u1eecA 12V\u00a0<\/strong><\/h2>\n<ol>\n<li>R\u1eeda xe m\u00e1y, r\u1eeda xe\u00a0\u00f4to<\/li>\n<li>V\u1ec7 sinh m\u00e1y l\u1ea1nh<\/li>\n<li>Phun thu\u1ed1c tr\u1eeb s\u00e2u<\/li>\n<li>Phun s\u01b0\u01a1ng l\u00e0m m\u00e1t, t\u01b0\u1edbi Lan.<\/li>\n<li>B\u01a1m ho\u00e1 ch\u1ea5t.<\/li>\n<li>T\u0103ng\u00a0\u00e1p tr\u1ee3 l\u1ef1c m\u00e1y n\u01b0\u1edbc n\u00f3ng<\/li>\n<li>Tr\u1ee3 l\u1ef1c m\u00e1y gi\u1eb7t.<\/li>\n<li>Tr\u1ee3 l\u1ef1c b\u01a1m n\u01b0\u1edbc t\u1ee7 l\u1ea1nh<\/li>\n<\/ol>\n<ol>\n<li><a href=\"http:\/\/maybommini.com\/wp-content\/uploads\/2016\/03\/bo-xit-rua-ve-sinh-may-lanh-mini-12v.jpg\" rel=\"attachment wp-att-244866 noopener\" target=\"_blank\"><img decoding=\"async\" class=\"alignnone size-large wp-image-244866\" src=\"http:\/\/maybommini.com\/wp-content\/uploads\/2016\/03\/bo-xit-rua-ve-sinh-may-lanh-mini-12v-1024x661.jpg\" alt=\"bo-xit-rua-ve-sinh-may-lanh-mini-12v\" width=\"1024\" height=\"661\" srcset=\"https:\/\/maybommini.vn\/wp-content\/uploads\/2016\/03\/bo-xit-rua-ve-sinh-may-lanh-mini-12v-1024x661.jpg 1024w, https:\/\/maybommini.vn\/wp-content\/uploads\/2016\/03\/bo-xit-rua-ve-sinh-may-lanh-mini-12v-600x388.jpg 600w, https:\/\/maybommini.vn\/wp-content\/uploads\/2016\/03\/bo-xit-rua-ve-sinh-may-lanh-mini-12v-300x194.jpg 300w, https:\/\/maybommini.vn\/wp-content\/uploads\/2016\/03\/bo-xit-rua-ve-sinh-may-lanh-mini-12v-768x496.jpg 768w, https:\/\/maybommini.vn\/wp-content\/uploads\/2016\/03\/bo-xit-rua-ve-sinh-may-lanh-mini-12v.jpg 1200w\" sizes=\"(max-width: 1024px) 100vw, 1024px\" \/><\/a><\/li>\n<\/ol>\n<h2><strong>MUA M\u00c1Y R\u1eecA XE R\u1eecA M\u00c1Y L\u1ea0NH MINI 12V \u1ede \u0110\u00c2U ?<\/strong><\/h2>\n<p>M\u1ecdi chi ti\u1ebft vui l\u00f2ng li\u00ean h\u1ec7 tr\u1ef1c ti\u1ebfp cho ch\u00fang t\u00f4i \u0111\u1ec3 \u0111\u01b0\u1ee3c t\u01b0 v\u1ea5n theo nhu c\u1ea7u \u0111\u1ec3 c\u00f3 \u0111\u01b0\u1ee3c b\u1ed9 s\u1ea3n ph\u1ea9m t\u1ed1t nh\u1ea5t v\u00e0 ti\u1ebft ki\u1ec7m.B\u1ea1n \u1edf xa v\u1eabn c\u00f3 th\u1ec3 mua h\u00e0ng v\u00e0 giao to\u00e0n qu\u1ed1c<\/p>\n<p><strong>CTY TNHH TH\u01af\u01a0NG M\u1ea0I D\u1ecaCH V\u1ee4 \u0110I\u1ec6N M\u00c1Y TH\u00d4NG MINH<\/strong><br \/>\nHotline : 090 729 4310<br \/>\nEmail : maybommini.com@gmail.com<br \/>\nWebsite : http:\/\/maybommini.com<br \/>\nFacebook : <a href=\"https:\/\/www.facebook.com\/maybommini\" target=\"_blank\" rel=\"noopener\">https:\/\/www.facebook.com\/maybommini<\/a><br \/>\nGoogle : <a href=\"https:\/\/plus.google.com\/ Maybomnuocminiruaxe\" target=\"_blank\" rel=\"noopener\">https:\/\/plus.google.com\/ Maybomnuocminiruaxe<\/a><br \/>\nYoutube demo : <a href=\"https:\/\/www.youtube.com\/bahamasali\" target=\"_blank\" rel=\"noopener\">https:\/\/www.youtube.com\/bahamasali<\/a><\/p>\n","protected":false},"excerpt":{"rendered":"<p>&nbsp;<\/p>\n<ol>\n<li>M\u00e1y b\u01a1m 120W 12V<\/li>\n<li>Bi\u1ebfn th\u1ebf 12V 15A<\/li>\n<li>S\u00fang x\u00edt\u00a0\u00e1p l\u1ef1c cao c\u1ea5p<\/li>\n<li>\u1ed0ng d\u00e2y ra \u00e1p l\u1ef1c 6 m\u00e9t (PU 12mm)<\/li>\n<li>\u1ed0ng d\u00e2y v\u00e0o 3 m\u00e9t<\/li>\n<li>B\u00e9c \u0111\u1ed3ng x\u1ecbt r\u1eeda<\/li>\n<li>D\u00e2y ngu\u1ed3n<\/li>\n<li>N\u1ed1i nhanh cao c\u1ea5p<\/li>\n<\/ol>\n<p><span style=\"color: #ff0000;\"><strong>B\u1ea3o h\u00e0nh ch\u00ednh h\u00e3ng 1 \u0111\u1ed5i 1.<\/strong><\/span><br \/>\n<span style=\"color: #ff0000;\"><strong>Giao h\u00e0ng mi\u1ec5n ph\u00ed n\u1ed9i th\u00e0nh TP.HCM<\/strong><\/span><br \/>\n<span style=\"color: #ff0000;\"><strong>Ship h\u00e0ng \u0111i to\u00e0n qu\u1ed1c.<\/strong><\/span><br \/>\n<span style=\"color: #ff0000;\"><strong>Hotline : 090 729 4310<\/strong><\/span><\/p>\n","protected":false},"featured_media":255998,"comment_status":"open","ping_status":"closed","template":"","meta":[],"product_brand":[],"product_cat":[293],"product_tag":[569,310,311,199,235,206,312,313,314,315,316],"class_list":{"0":"post-255984","1":"product","2":"type-product","3":"status-publish","4":"has-post-thumbnail","6":"product_cat-bo-rua-xe-mini","7":"product_tag-12v-120w","8":"product_tag-12v-80w","9":"product_tag-ap-luc-mini","10":"product_tag-bom-nuoc-ap-luc-mini","11":"product_tag-bom-nuoc-mini","12":"product_tag-may-bom-12v","13":"product_tag-may-bom-propums","14":"product_tag-may-xit-rua-may-lanh","15":"product_tag-smart-pumps","16":"product_tag-tron-bo-xit-rua","17":"product_tag-ve-sinh-may-lanh","19":"first","20":"instock","21":"sale","22":"featured","23":"shipping-taxable","24":"purchasable","25":"product-type-simple"},"_links":{"self":[{"href":"https:\/\/maybommini.vn\/index.php?rest_route=\/wp\/v2\/product\/255984","targetHints":{"allow":["GET"]}}],"collection":[{"href":"https:\/\/maybommini.vn\/index.php?rest_route=\/wp\/v2\/product"}],"about":[{"href":"https:\/\/maybommini.vn\/index.php?rest_route=\/wp\/v2\/types\/product"}],"replies":[{"embeddable":true,"href":"https:\/\/maybommini.vn\/index.php?rest_route=%2Fwp%2Fv2%2Fcomments&post=255984"}],"wp:featuredmedia":[{"embeddable":true,"href":"https:\/\/maybommini.vn\/index.php?rest_route=\/wp\/v2\/media\/255998"}],"wp:attachment":[{"href":"https:\/\/maybommini.vn\/index.php?rest_route=%2Fwp%2Fv2%2Fmedia&parent=255984"}],"wp:term":[{"taxonomy":"product_brand","embeddable":true,"href":"https:\/\/maybommini.vn\/index.php?rest_route=%2Fwp%2Fv2%2Fproduct_brand&post=255984"},{"taxonomy":"product_cat","embeddable":true,"href":"https:\/\/maybommini.vn\/index.php?rest_route=%2Fwp%2Fv2%2Fproduct_cat&post=255984"},{"taxonomy":"product_tag","embeddable":true,"href":"https:\/\/maybommini.vn\/index.php?rest_route=%2Fwp%2Fv2%2Fproduct_tag&post=255984"}],"curies":[{"name":"wp","href":"https:\/\/api.w.org\/{rel}","templated":true}]}}