{"id":255985,"date":"2018-04-12T19:28:08","date_gmt":"2018-04-12T12:28:08","guid":{"rendered":"https:\/\/maybommini.com\/san-pham\/import-placeholder-for-252328"},"modified":"2020-05-25T12:25:11","modified_gmt":"2020-05-25T05:25:11","slug":"may-bom-tro-luc-nuoc-nong-lanh-24v","status":"publish","type":"product","link":"https:\/\/maybommini.vn\/?product=may-bom-tro-luc-nuoc-nong-lanh-24v","title":{"rendered":"M\u00e1y b\u01a1m tr\u1ee3 l\u1ef1c n\u01b0\u1edbc n\u00f3ng l\u1ea1nh 24V"},"content":{"rendered":"<h3><strong>M\u00e1y b\u01a1m tr\u1ee3 l\u1ef1c n\u01b0\u1edbc n\u00f3ng 24V \u00a0l\u00e0 lo\u1ea1i m\u00e1y b\u01a1m chuy\u00ean d\u1ee5ng d\u00f9ng\u00a0\u0111\u1ec3 tr\u1ee3 l\u1ef1c m\u00e1y n\u00f3ng l\u1ea1nh gia\u00a0\u0111\u00ecnh. C\u00f3 th\u1ec3 d\u00f9ng tr\u1ee3 l\u1ef1c h\u1ec7 th\u1ed1ng n\u01b0\u1edbc trong gia\u00a0\u0111\u00ecnh do n\u01b0\u1edbc y\u1ebfu v\u00ec h\u1ec7 th\u1ed1ng b\u1ed3n n\u01b0\u1edbc th\u1ea5p ho\u1eb7c n\u01b0\u1edbc thu\u1ef7 c\u1ee5c y\u1ebfu.<\/strong><\/h3>\n<h2 style=\"text-align: center;\"><strong>M\u00e1y b\u01a1m tr\u1ee3 l\u1ef1c n\u01b0\u1edbc n\u00f3ng l\u1ea1nh 24V<\/strong><\/h2>\n<p><a href=\"http:\/\/maybommini.com\/wp-content\/uploads\/2016\/03\/may-bom-nuoc-24v.jpg\" rel=\"attachment wp-att-244885 noopener\" target=\"_blank\"><img decoding=\"async\" class=\"size-large wp-image-244885 aligncenter\" src=\"http:\/\/maybommini.com\/wp-content\/uploads\/2016\/03\/may-bom-nuoc-24v-1024x683.jpg\" alt=\"may-bom-nuoc-24v\" width=\"1024\" height=\"683\" srcset=\"https:\/\/maybommini.vn\/wp-content\/uploads\/2016\/03\/may-bom-nuoc-24v-1024x683.jpg 1024w, https:\/\/maybommini.vn\/wp-content\/uploads\/2016\/03\/may-bom-nuoc-24v-600x400.jpg 600w, https:\/\/maybommini.vn\/wp-content\/uploads\/2016\/03\/may-bom-nuoc-24v-300x200.jpg 300w, https:\/\/maybommini.vn\/wp-content\/uploads\/2016\/03\/may-bom-nuoc-24v-768x512.jpg 768w, https:\/\/maybommini.vn\/wp-content\/uploads\/2016\/03\/may-bom-nuoc-24v.jpg 1200w\" sizes=\"(max-width: 1024px) 100vw, 1024px\" \/><\/a><\/p>\n<h3><strong>TH\u00d4NG S\u1ed0 K\u1ef8 THU\u1eacT M\u00c1Y B\u01a0M TR\u1ee2 L\u1ef0C<br \/>\n<\/strong>\u0110i\u1ec7n \u00e1p m\u00e1y b\u01a1m: DC 24V<br \/>\nBi\u1ebfn th\u1ebf: 220V -&gt; 24V 4A<br \/>\nL\u01b0u l\u01b0\u1ee3ng: 8L \/ ph\u00fat<br \/>\nB\u01a1m cao: 3 m\u00e9t<br \/>\nNhi\u1ec7t\u00a0\u0111\u1ed9 n\u01b0\u1edbc: 2\u00a0\u0111\u1ed9 C\u00a0\u0111\u1ebfn 120\u00a0\u0111\u1ed9 C<br \/>\nC\u00f4ng t\u1eaft : C\u00f4ng t\u1eaft\u00a0th\u00f4ng minh<br \/>\nHo\u1ea1t\u00a0\u0111\u1ed9ng: T\u1ef1\u00a0\u0111\u1ed9ng t\u1eaft khi kho\u00e1 n\u01b0\u1edbc<br \/>\nH\u1ea3ng ch\u00ednh h\u00e3ng<br \/>\nB\u1ea3o h\u00e0nh: 6 th\u00e1ng<br \/>\nGiao h\u00e0ng mi\u1ec5n ph\u00ed : Q1,Q3, Q5, B\u00ecnh Th\u1ea1nh<br \/>\nShip h\u00e0ng \u0111i to\u00e0n qu\u1ed1c<br \/>\nG\u1ecdi : 090 729 4310<\/h3>\n<p><a href=\"http:\/\/maybommini.com\/wp-content\/uploads\/2016\/03\/may-bom-tro-luc-may-nuoc-nong-24v.jpg\" rel=\"attachment wp-att-244889 noopener\" target=\"_blank\"><img decoding=\"async\" class=\"size-large wp-image-244889 aligncenter\" src=\"http:\/\/maybommini.com\/wp-content\/uploads\/2016\/03\/may-bom-tro-luc-may-nuoc-nong-24v-1024x642.jpg\" alt=\"may-bom-tro-luc-may-nuoc-nong-24v\" width=\"1024\" height=\"642\" srcset=\"https:\/\/maybommini.vn\/wp-content\/uploads\/2016\/03\/may-bom-tro-luc-may-nuoc-nong-24v-1024x642.jpg 1024w, https:\/\/maybommini.vn\/wp-content\/uploads\/2016\/03\/may-bom-tro-luc-may-nuoc-nong-24v-600x376.jpg 600w, https:\/\/maybommini.vn\/wp-content\/uploads\/2016\/03\/may-bom-tro-luc-may-nuoc-nong-24v-300x188.jpg 300w, https:\/\/maybommini.vn\/wp-content\/uploads\/2016\/03\/may-bom-tro-luc-may-nuoc-nong-24v-768x481.jpg 768w, https:\/\/maybommini.vn\/wp-content\/uploads\/2016\/03\/may-bom-tro-luc-may-nuoc-nong-24v.jpg 1200w\" sizes=\"(max-width: 1024px) 100vw, 1024px\" \/><\/a><\/p>\n<h2><strong>GI\u00c1 TR\u1eccN B\u1ed8 TR\u1ee2 L\u1ef0C M\u00c1Y N\u01af\u1edaC N\u00d3NG L\u1ea0NH\u00a0: 790.000<\/strong><\/h2>\n<ol>\n<li>M\u00e1y b\u01a1m 24V<\/li>\n<li>Bi\u1ebfn th\u1ebf 220v ra 24V 4A<\/li>\n<li>D\u00e2y ngu\u1ed3n<\/li>\n<li>C\u00f4ng t\u1eaft t\u1ef1\u00a0\u0111\u1ed9ng<\/li>\n<\/ol>\n<p>M\u00e1y c\u00f3 th\u1ec3 d\u00f9ng tr\u1ee3 l\u1ef1c h\u1ec7 th\u1ed1ng n\u01b0\u1edbc gia\u00a0\u0111\u00ecnh do b\u1ecb y\u1ebfu ho\u1eb7c b\u1ed3n ch\u1ee9a n\u01b0\u1edbc th\u1ea5p kh\u00f4ng\u00a0\u0111\u1ee7\u00a0\u00e1p l\u1ef1c\u00a0\u0111\u1ec3 t\u1eafm, m\u00e1y n\u01b0\u1edbc n\u00f3ng, m\u00e1y gi\u1eb7t.<\/p>\n<p><a href=\"http:\/\/maybommini.com\/wp-content\/uploads\/2016\/03\/may-bom-nuoc-tro-luc-may-nuoc-nong.jpg\" rel=\"attachment wp-att-244888 noopener\" target=\"_blank\"><img decoding=\"async\" class=\"size-large wp-image-244888 aligncenter\" src=\"http:\/\/maybommini.com\/wp-content\/uploads\/2016\/03\/may-bom-nuoc-tro-luc-may-nuoc-nong-1024x679.jpg\" alt=\"may-bom-nuoc-tro-luc-may-nuoc-nong\" width=\"1024\" height=\"679\" srcset=\"https:\/\/maybommini.vn\/wp-content\/uploads\/2016\/03\/may-bom-nuoc-tro-luc-may-nuoc-nong-1024x679.jpg 1024w, https:\/\/maybommini.vn\/wp-content\/uploads\/2016\/03\/may-bom-nuoc-tro-luc-may-nuoc-nong-600x398.jpg 600w, https:\/\/maybommini.vn\/wp-content\/uploads\/2016\/03\/may-bom-nuoc-tro-luc-may-nuoc-nong-300x199.jpg 300w, https:\/\/maybommini.vn\/wp-content\/uploads\/2016\/03\/may-bom-nuoc-tro-luc-may-nuoc-nong-768x509.jpg 768w, https:\/\/maybommini.vn\/wp-content\/uploads\/2016\/03\/may-bom-nuoc-tro-luc-may-nuoc-nong.jpg 1200w\" sizes=\"(max-width: 1024px) 100vw, 1024px\" \/><\/a> <a href=\"http:\/\/maybommini.com\/wp-content\/uploads\/2016\/03\/may-bom-nuoc-mini-24v-tang-ap.jpg\" rel=\"attachment wp-att-244887 noopener\" target=\"_blank\"><img decoding=\"async\" class=\"size-large wp-image-244887 aligncenter\" src=\"http:\/\/maybommini.com\/wp-content\/uploads\/2016\/03\/may-bom-nuoc-mini-24v-tang-ap-1024x716.jpg\" alt=\"may-bom-nuoc-mini-24v-tang-ap\" width=\"1024\" height=\"716\" srcset=\"https:\/\/maybommini.vn\/wp-content\/uploads\/2016\/03\/may-bom-nuoc-mini-24v-tang-ap-1024x716.jpg 1024w, https:\/\/maybommini.vn\/wp-content\/uploads\/2016\/03\/may-bom-nuoc-mini-24v-tang-ap-600x420.jpg 600w, https:\/\/maybommini.vn\/wp-content\/uploads\/2016\/03\/may-bom-nuoc-mini-24v-tang-ap-300x210.jpg 300w, https:\/\/maybommini.vn\/wp-content\/uploads\/2016\/03\/may-bom-nuoc-mini-24v-tang-ap-768x537.jpg 768w, https:\/\/maybommini.vn\/wp-content\/uploads\/2016\/03\/may-bom-nuoc-mini-24v-tang-ap-220x154.jpg 220w, https:\/\/maybommini.vn\/wp-content\/uploads\/2016\/03\/may-bom-nuoc-mini-24v-tang-ap.jpg 1200w\" sizes=\"(max-width: 1024px) 100vw, 1024px\" \/><\/a> <a href=\"http:\/\/maybommini.com\/wp-content\/uploads\/2016\/03\/may-bom-nuoc-24v-tro-luc-voi-sen.jpg\" rel=\"attachment wp-att-244886 noopener\" target=\"_blank\"><img decoding=\"async\" class=\"size-large wp-image-244886 aligncenter\" src=\"http:\/\/maybommini.com\/wp-content\/uploads\/2016\/03\/may-bom-nuoc-24v-tro-luc-voi-sen-1024x683.jpg\" alt=\"may-bom-nuoc-24v-tro-luc-voi-sen\" width=\"1024\" height=\"683\" srcset=\"https:\/\/maybommini.vn\/wp-content\/uploads\/2016\/03\/may-bom-nuoc-24v-tro-luc-voi-sen-1024x683.jpg 1024w, https:\/\/maybommini.vn\/wp-content\/uploads\/2016\/03\/may-bom-nuoc-24v-tro-luc-voi-sen-600x400.jpg 600w, https:\/\/maybommini.vn\/wp-content\/uploads\/2016\/03\/may-bom-nuoc-24v-tro-luc-voi-sen-300x200.jpg 300w, https:\/\/maybommini.vn\/wp-content\/uploads\/2016\/03\/may-bom-nuoc-24v-tro-luc-voi-sen-768x512.jpg 768w, https:\/\/maybommini.vn\/wp-content\/uploads\/2016\/03\/may-bom-nuoc-24v-tro-luc-voi-sen.jpg 1200w\" sizes=\"(max-width: 1024px) 100vw, 1024px\" \/><\/a> <a href=\"http:\/\/maybommini.com\/wp-content\/uploads\/2016\/03\/may-bom-mini-24v.jpg\" rel=\"attachment wp-att-244884 noopener\" target=\"_blank\"><img decoding=\"async\" class=\"size-large wp-image-244884 aligncenter\" src=\"http:\/\/maybommini.com\/wp-content\/uploads\/2016\/03\/may-bom-mini-24v-1024x733.jpg\" alt=\"may-bom-mini-24v\" width=\"1024\" height=\"733\" srcset=\"https:\/\/maybommini.vn\/wp-content\/uploads\/2016\/03\/may-bom-mini-24v-1024x733.jpg 1024w, https:\/\/maybommini.vn\/wp-content\/uploads\/2016\/03\/may-bom-mini-24v-600x430.jpg 600w, https:\/\/maybommini.vn\/wp-content\/uploads\/2016\/03\/may-bom-mini-24v-300x215.jpg 300w, https:\/\/maybommini.vn\/wp-content\/uploads\/2016\/03\/may-bom-mini-24v-768x550.jpg 768w, https:\/\/maybommini.vn\/wp-content\/uploads\/2016\/03\/may-bom-mini-24v.jpg 1200w\" sizes=\"(max-width: 1024px) 100vw, 1024px\" \/><\/a> <a href=\"http:\/\/maybommini.com\/wp-content\/uploads\/2016\/03\/giai-phap-nuoc-yeu-voi-sen-may-bom-mini-24v.jpg\" rel=\"attachment wp-att-244883 noopener\" target=\"_blank\"><img decoding=\"async\" class=\"size-large wp-image-244883 aligncenter\" src=\"http:\/\/maybommini.com\/wp-content\/uploads\/2016\/03\/giai-phap-nuoc-yeu-voi-sen-may-bom-mini-24v-1024x683.jpg\" alt=\"giai-phap-nuoc-yeu-voi-sen-may-bom-mini-24v\" width=\"1024\" height=\"683\" srcset=\"https:\/\/maybommini.vn\/wp-content\/uploads\/2016\/03\/giai-phap-nuoc-yeu-voi-sen-may-bom-mini-24v-1024x683.jpg 1024w, https:\/\/maybommini.vn\/wp-content\/uploads\/2016\/03\/giai-phap-nuoc-yeu-voi-sen-may-bom-mini-24v-600x400.jpg 600w, https:\/\/maybommini.vn\/wp-content\/uploads\/2016\/03\/giai-phap-nuoc-yeu-voi-sen-may-bom-mini-24v-300x200.jpg 300w, https:\/\/maybommini.vn\/wp-content\/uploads\/2016\/03\/giai-phap-nuoc-yeu-voi-sen-may-bom-mini-24v-768x512.jpg 768w, https:\/\/maybommini.vn\/wp-content\/uploads\/2016\/03\/giai-phap-nuoc-yeu-voi-sen-may-bom-mini-24v.jpg 1200w\" sizes=\"(max-width: 1024px) 100vw, 1024px\" \/><\/a><\/p>\n<p>Ho\u1ea1t\u00a0\u0111\u1ed9ng ho\u00e0n to\u00e0n t\u1ef1\u00a0\u0111\u1ed9ng v\u00e0 im\u00a0\u00e1i kh\u00f4ng nh\u01b0 c\u00e1c l\u1ea1o m\u00e1y b\u01a1m th\u00f4ng th\u01b0\u1eddng tr\u00ean th\u1ecb tr\u01b0\u1eddng c\u00f3 ti\u1ebfng k\u00eau kh\u00f3 ch\u1ecbu.<\/p>\n<p><a href=\"http:\/\/maybommini.com\/wp-content\/uploads\/2016\/03\/cong-tap-ap-luc-tu-dong-tat-may-bom.jpg\" rel=\"attachment wp-att-244882 noopener\" target=\"_blank\"><img decoding=\"async\" class=\"size-large wp-image-244882 aligncenter\" src=\"http:\/\/maybommini.com\/wp-content\/uploads\/2016\/03\/cong-tap-ap-luc-tu-dong-tat-may-bom-1024x655.jpg\" alt=\"cong-tap-ap-luc-tu-dong-tat-may-bom\" width=\"1024\" height=\"655\" srcset=\"https:\/\/maybommini.vn\/wp-content\/uploads\/2016\/03\/cong-tap-ap-luc-tu-dong-tat-may-bom-1024x655.jpg 1024w, https:\/\/maybommini.vn\/wp-content\/uploads\/2016\/03\/cong-tap-ap-luc-tu-dong-tat-may-bom-600x384.jpg 600w, https:\/\/maybommini.vn\/wp-content\/uploads\/2016\/03\/cong-tap-ap-luc-tu-dong-tat-may-bom-300x192.jpg 300w, https:\/\/maybommini.vn\/wp-content\/uploads\/2016\/03\/cong-tap-ap-luc-tu-dong-tat-may-bom-768x491.jpg 768w, https:\/\/maybommini.vn\/wp-content\/uploads\/2016\/03\/cong-tap-ap-luc-tu-dong-tat-may-bom.jpg 1200w\" sizes=\"(max-width: 1024px) 100vw, 1024px\" \/><\/a> <a href=\"http:\/\/maybommini.com\/wp-content\/uploads\/2016\/03\/may-bom-tro-luc-nong-lanh-24v.jpg\" rel=\"attachment wp-att-244890 noopener\" target=\"_blank\"><img decoding=\"async\" class=\"size-full wp-image-244890 aligncenter\" src=\"http:\/\/maybommini.com\/wp-content\/uploads\/2016\/03\/may-bom-tro-luc-nong-lanh-24v.jpg\" alt=\"may-bom-tro-luc-nong-lanh-24v\" width=\"550\" height=\"550\" srcset=\"https:\/\/maybommini.vn\/wp-content\/uploads\/2016\/03\/may-bom-tro-luc-nong-lanh-24v.jpg 550w, https:\/\/maybommini.vn\/wp-content\/uploads\/2016\/03\/may-bom-tro-luc-nong-lanh-24v-300x300.jpg 300w, https:\/\/maybommini.vn\/wp-content\/uploads\/2016\/03\/may-bom-tro-luc-nong-lanh-24v-150x150.jpg 150w\" sizes=\"(max-width: 550px) 100vw, 550px\" \/><\/a><\/p>\n<h2><strong>MUA M\u00c1Y B\u01a0M TR\u1ee2 L\u1ef0C N\u00d3NG L\u1ea0NH \u1ede\u00a0\u0110\u00c2U ?\u00a0<\/strong><\/h2>\n<p><strong>V\u0103n ph\u00f2ng giao d\u1ecbch \u00a0Showroom<\/strong><br \/>\n<strong>CTY TNHH TH\u01af\u01a0NG M\u1ea0I D\u1ecaCH V\u1ee4 \u0110I\u1ec6N M\u00c1Y TH\u00d4NG MINH<\/strong><br \/>\nHotline : 090 729 4310<br \/>\nEmail : maybommini.com@gmail.com<br \/>\nWebsite : http:\/\/maybommini.com<br \/>\nFacebook : <a href=\"https:\/\/www.facebook.com\/maybommini\" target=\"_blank\" rel=\"noopener noreferrer\">https:\/\/www.facebook.com\/maybommini<\/a><br \/>\nGoogle : <a href=\"https:\/\/plus.google.com\/ Maybomnuocminiruaxe\" target=\"_blank\" rel=\"noopener noreferrer\">https:\/\/plus.google.com\/ Maybomnuocminiruaxe<\/a><br \/>\nYoutube demo : <a href=\"https:\/\/www.youtube.com\/bahamasali\" target=\"_blank\" rel=\"noopener noreferrer\">https:\/\/www.youtube.com\/bahamasali<\/a><\/p>\n","protected":false},"excerpt":{"rendered":"<p>\u0110i\u1ec7n \u00e1p m\u00e1y b\u01a1m: DC 24V<br \/>\nBi\u1ebfn th\u1ebf: 220V -&gt; 24V 4A<br \/>\nL\u01b0u l\u01b0\u1ee3ng: 8L \/ ph\u00fat<br \/>\nB\u01a1m cao: 3 m\u00e9t<br \/>\nNhi\u1ec7t\u00a0\u0111\u1ed9 n\u01b0\u1edbc: 2\u00a0\u0111\u1ed9 C\u00a0\u0111\u1ebfn 120\u00a0\u0111\u1ed9 C<br \/>\nC\u00f4ng t\u1eaft : C\u00f4ng t\u1eaft\u00a0th\u00f4ng minh<br \/>\nHo\u1ea1t\u00a0\u0111\u1ed9ng: T\u1ef1\u00a0\u0111\u1ed9ng t\u1eaft khi kho\u00e1 n\u01b0\u1edbc<br \/>\nH\u1ea3ng ch\u00ednh h\u00e3ng<br \/>\nB\u1ea3o h\u00e0nh: 3 th\u00e1ng<br \/>\nShip h\u00e0ng \u0111i to\u00e0n qu\u1ed1c<br \/>\nG\u1ecdi : 090 729 4310<\/p>\n","protected":false},"featured_media":256038,"comment_status":"open","ping_status":"closed","template":"","meta":[],"product_brand":[],"product_cat":[334],"product_tag":[267,500,488,501,570,337,338,502,503,504,505,506,507],"class_list":{"0":"post-255985","1":"product","2":"type-product","3":"status-publish","4":"has-post-thumbnail","6":"product_cat-may-bom-tro-luc-tang-ap","7":"product_tag-12v","8":"product_tag-220v","9":"product_tag-24v","10":"product_tag-bom-nuoc-gia-dinh","11":"product_tag-may-bom-24v","12":"product_tag-may-bom-nuoc-nong","13":"product_tag-may-nong-lanh","14":"product_tag-nong-lanh","15":"product_tag-nuoc-yeu","16":"product_tag-tang-ap","17":"product_tag-tang-ap-nong-lanh","18":"product_tag-tro-luc","19":"product_tag-voi-sen-yeu","21":"first","22":"instock","23":"shipping-taxable","24":"product-type-simple"},"_links":{"self":[{"href":"https:\/\/maybommini.vn\/index.php?rest_route=\/wp\/v2\/product\/255985","targetHints":{"allow":["GET"]}}],"collection":[{"href":"https:\/\/maybommini.vn\/index.php?rest_route=\/wp\/v2\/product"}],"about":[{"href":"https:\/\/maybommini.vn\/index.php?rest_route=\/wp\/v2\/types\/product"}],"replies":[{"embeddable":true,"href":"https:\/\/maybommini.vn\/index.php?rest_route=%2Fwp%2Fv2%2Fcomments&post=255985"}],"wp:featuredmedia":[{"embeddable":true,"href":"https:\/\/maybommini.vn\/index.php?rest_route=\/wp\/v2\/media\/256038"}],"wp:attachment":[{"href":"https:\/\/maybommini.vn\/index.php?rest_route=%2Fwp%2Fv2%2Fmedia&parent=255985"}],"wp:term":[{"taxonomy":"product_brand","embeddable":true,"href":"https:\/\/maybommini.vn\/index.php?rest_route=%2Fwp%2Fv2%2Fproduct_brand&post=255985"},{"taxonomy":"product_cat","embeddable":true,"href":"https:\/\/maybommini.vn\/index.php?rest_route=%2Fwp%2Fv2%2Fproduct_cat&post=255985"},{"taxonomy":"product_tag","embeddable":true,"href":"https:\/\/maybommini.vn\/index.php?rest_route=%2Fwp%2Fv2%2Fproduct_tag&post=255985"}],"curies":[{"name":"wp","href":"https:\/\/api.w.org\/{rel}","templated":true}]}}