{"id":255986,"date":"2018-04-12T19:28:08","date_gmt":"2018-04-12T12:28:08","guid":{"rendered":"https:\/\/maybommini.com\/san-pham\/import-placeholder-for-252329"},"modified":"2025-01-26T16:15:01","modified_gmt":"2025-01-26T09:15:01","slug":"nguon-24v-4a-dung-cho-may-bom-nuoc-mini","status":"publish","type":"product","link":"https:\/\/maybommini.vn\/?product=nguon-24v-4a-dung-cho-may-bom-nuoc-mini","title":{"rendered":"Ngu\u1ed3n \u0111i\u1ec7n bi\u1ebfn th\u1ebf adapter dell 220V ra 24V 4A 96W"},"content":{"rendered":"<h3>Chuy\u00ean ph\u00e2n ph\u1ed1i c\u00e1c lo\u1ea1i ngu\u1ed3n \u0111i\u1ec7n bi\u1ebfn th\u1ebf adapter 220V ra 24V 4A 96W s\u1eed d\u1ee5ng cho c\u00e1c thi\u1ebft b\u1ecb \u0111i\u1ec7n 24V DC nh\u01b0 \u0111\u00e8n LED m\u1ea1ch \u0111i\u1ec7n, motor, m\u00e1y m\u00f3c, thi\u1ebft b\u1ecb \u0111i\u1ec7n t\u1eed, m\u00e1y b\u01a1m mini, camera, modem box v\u00e0 thi\u1ebft b\u1ecb kh\u00e1c.<\/h3>\n<p><strong><a href=\"https:\/\/maybommini.com\/wp-content\/uploads\/2018\/04\/nguon-dien-24V-4A-gia-re.jpg\" target=\"_blank\" rel=\"noopener\"><img decoding=\"async\" class=\"size-full wp-image-271580 aligncenter\" src=\"https:\/\/maybommini.com\/wp-content\/uploads\/2018\/04\/nguon-dien-24V-4A-gia-re.jpg\" alt=\"Nguon Dien 24V 4A Gia Re\" width=\"750\" height=\"750\" srcset=\"https:\/\/maybommini.vn\/wp-content\/uploads\/2018\/04\/nguon-dien-24V-4A-gia-re.jpg 750w, https:\/\/maybommini.vn\/wp-content\/uploads\/2018\/04\/nguon-dien-24V-4A-gia-re-300x300.jpg 300w, https:\/\/maybommini.vn\/wp-content\/uploads\/2018\/04\/nguon-dien-24V-4A-gia-re-150x150.jpg 150w, https:\/\/maybommini.vn\/wp-content\/uploads\/2018\/04\/nguon-dien-24V-4A-gia-re-600x600.jpg 600w\" sizes=\"(max-width: 750px) 100vw, 750px\" \/><\/a>TH\u00d4NG S\u1ed0 K\u1ef8 THU\u1eacT<\/strong><br \/>\nTh\u01b0\u01a1ng hi\u1ec7u: Dell<br \/>\nModel: ADP-60NH-B<br \/>\n\u0110i\u1ec7n v\u00e0o: AC 110-260V 50\/60HZ<br \/>\n\u0110i\u1ec7n ra: DC 24V 4A<br \/>\nC\u00f4ng xu\u1ea5t: 96W<br \/>\nLed b\u00e1o ngu\u1ed3n.<br \/>\nD\u00e2y ngu\u1ed3n d\u00e0i 90 cm.<br \/>\nJack c\u1eafm ngu\u1ed3n DC ra 5.5 x 2.1 mm.<br \/>\nS\u1eed d\u1ee5ng d\u00e2y ngu\u1ed3n 220V &#8211; \u0111u\u00f4i IEC 60320 C5 (hoa mai)<br \/>\nK\u00edch th\u01b0\u1edbc: 110 x 48 x 30 mm.<br \/>\nTr\u1ecdng l\u01b0\u1ee3ng: 250 gam.<br \/>\nS\u1ea3n ph\u1ea9m adapter ch\u01b0a k\u00e8m d\u00e2y ngu\u1ed3n 220V.<br \/>\n***** Qu\u00fd kh\u00e1ch l\u01b0u \u00fd ch\u1ecdn s\u1ea3n ph\u1ea9m k\u00e8m theo d\u00e2y ngu\u1ed3n ho\u1eb7c kh\u00f4ng k\u00e8m d\u00e2y ngu\u1ed3n.<\/p>\n<p><strong><a href=\"https:\/\/maybommini.com\/wp-content\/uploads\/2018\/04\/nguon-man-ginh-may-tinh-dell-24v.jpg\" target=\"_blank\" rel=\"noopener\"><img decoding=\"async\" class=\"size-full wp-image-271581 aligncenter\" src=\"https:\/\/maybommini.com\/wp-content\/uploads\/2018\/04\/nguon-man-ginh-may-tinh-dell-24v.jpg\" alt=\"Nguon Man Ginh May Tinh Dell 24v\" width=\"750\" height=\"750\" srcset=\"https:\/\/maybommini.vn\/wp-content\/uploads\/2018\/04\/nguon-man-ginh-may-tinh-dell-24v.jpg 750w, https:\/\/maybommini.vn\/wp-content\/uploads\/2018\/04\/nguon-man-ginh-may-tinh-dell-24v-300x300.jpg 300w, https:\/\/maybommini.vn\/wp-content\/uploads\/2018\/04\/nguon-man-ginh-may-tinh-dell-24v-150x150.jpg 150w, https:\/\/maybommini.vn\/wp-content\/uploads\/2018\/04\/nguon-man-ginh-may-tinh-dell-24v-600x600.jpg 600w\" sizes=\"(max-width: 750px) 100vw, 750px\" \/><\/a><a href=\"https:\/\/maybommini.com\/wp-content\/uploads\/2018\/04\/Adapter-220v-24V-4A-dell.jpg\" target=\"_blank\" rel=\"noopener\"><img decoding=\"async\" class=\"size-full wp-image-271582 aligncenter\" src=\"https:\/\/maybommini.com\/wp-content\/uploads\/2018\/04\/Adapter-220v-24V-4A-dell.jpg\" alt=\"Adapter 220v 24V 4A Dell\" width=\"750\" height=\"750\" srcset=\"https:\/\/maybommini.vn\/wp-content\/uploads\/2018\/04\/Adapter-220v-24V-4A-dell.jpg 750w, https:\/\/maybommini.vn\/wp-content\/uploads\/2018\/04\/Adapter-220v-24V-4A-dell-300x300.jpg 300w, https:\/\/maybommini.vn\/wp-content\/uploads\/2018\/04\/Adapter-220v-24V-4A-dell-150x150.jpg 150w, https:\/\/maybommini.vn\/wp-content\/uploads\/2018\/04\/Adapter-220v-24V-4A-dell-600x600.jpg 600w\" sizes=\"(max-width: 750px) 100vw, 750px\" \/><\/a>H\u01af\u1edaNG D\u1eaaN S\u1eec D\u1ee4NG ADAPTER BI\u1ebeN TH\u1ebe<\/strong><br \/>\nC\u1eafm tr\u1ef1c ti\u1ebfp adapter v\u00e0o ngu\u1ed3n \u0111i\u1ec7n 110V \u2013 220V AC.<br \/>\nNgu\u1ed3n ra 24V s\u1eed d\u1ee5ng jack c\u1eafm ngu\u1ed3n DC 5.5\u00d72.1 mm. \u200b\u200b\u200b\u200b\u200b\u200b<br \/>\nTr\u00e1nh s\u1eed d\u1ee5ng cho thi\u1ebft b\u1ecb qu\u00e1 c\u00f4ng su\u1ea5t c\u1ee7a bi\u1ebfn th\u1ebf adapter.<br \/>\nS\u1eed d\u1ee5ng n\u01a1i tho\u00e1ng m\u00e1t v\u00e0 kh\u00f4 r\u00e1o.<br \/>\nKh\u00f4ng s\u1eed d\u1ee5ng n\u00ean th\u00e1o ra kh\u1ecfi ngu\u1ed3n \u0111i\u1ec7n AC 110v~220V.<\/p>\n<p><strong><a href=\"https:\/\/maybommini.com\/wp-content\/uploads\/2018\/04\/nguon-24v-4a-chinh-hang.jpg\" target=\"_blank\" rel=\"noopener\"><img decoding=\"async\" class=\"size-full wp-image-271585 aligncenter\" src=\"https:\/\/maybommini.com\/wp-content\/uploads\/2018\/04\/nguon-24v-4a-chinh-hang.jpg\" alt=\"Nguon 24v 4a Chinh Hang\" width=\"750\" height=\"750\" srcset=\"https:\/\/maybommini.vn\/wp-content\/uploads\/2018\/04\/nguon-24v-4a-chinh-hang.jpg 750w, https:\/\/maybommini.vn\/wp-content\/uploads\/2018\/04\/nguon-24v-4a-chinh-hang-300x300.jpg 300w, https:\/\/maybommini.vn\/wp-content\/uploads\/2018\/04\/nguon-24v-4a-chinh-hang-150x150.jpg 150w, https:\/\/maybommini.vn\/wp-content\/uploads\/2018\/04\/nguon-24v-4a-chinh-hang-600x600.jpg 600w\" sizes=\"(max-width: 750px) 100vw, 750px\" \/><\/a><\/strong><\/p>\n<p><strong>\u1ee8NG D\u1ee4NG BI\u1ebeN TH\u1ebe NGU\u1ed2N \u0110I\u1ec6N ADAPTER<\/strong><br \/>\nS\u1eed d\u1ee5ng cho m\u00e1y b\u01a1m mini 24V.<br \/>\nS\u1eed d\u1ee5ng cho thi\u1ebft b\u1ecb \u0111i\u1ec7n t\u1eed, m\u1ea1ch \u0111i\u1ec7n t\u1eed.<br \/>\nNgu\u1ed3n \u0111i\u1ec7n cho camera, chu\u00f4ng c\u1eeda, kh\u00f3a c\u1eeda v\u00e2n tay, kh\u00f3a c\u1eeda t\u1ef1 \u0111\u1ed9ng, m\u00e1y ch\u1ea5m c\u00f4ng.<br \/>\nNgu\u1ed3n \u0111i\u1ec7n \u0111\u00e8n LED, \u0111\u00e8n chi\u1ebfu s\u00e1ng.<br \/>\nNgu\u1ed3n \u0111i\u1ec7n loa nghe nh\u1ea1c box.<br \/>\nBi\u1ebfn th\u1ebf ngu\u1ed3n thi\u1ebft b\u1ecb m\u1ea1ng Modem Hub Switch.<br \/>\nNgu\u1ed3n \u0111i\u1ec7n Box TV, Box HDD, M\u00e0n h\u00ecnh, m\u00e1y Pop, m\u00e1y in.<br \/>\nNgu\u1ed3n m\u00e0n h\u00ecnh dell.<br \/>\nNgu\u1ed3n \u0111i\u1ec7n m\u00e1y b\u01a1m phun s\u01b0\u01a1ng.<br \/>\nNgu\u1ed3n \u0111i\u1ec7n m\u00e1y l\u1ecdc n\u01b0\u1edbc RO.<br \/>\nNgu\u1ed3n \u0111i\u1ec7n m\u00e1y b\u01a1m RO.<br \/>\nV\u00e0 s\u1eed d\u1ee5ng l\u00e0m ngu\u1ed3n \u0111i\u1ec7n cho nhi\u1ec1u thi\u1ebft b\u1ecb kh\u00e1c.<\/p>\n<p><strong><a href=\"https:\/\/maybommini.com\/wp-content\/uploads\/2018\/04\/adapter-dell-24v-4a.jpg\" target=\"_blank\" rel=\"noopener\"><img decoding=\"async\" class=\"size-full wp-image-271583 aligncenter\" src=\"https:\/\/maybommini.com\/wp-content\/uploads\/2018\/04\/adapter-dell-24v-4a.jpg\" alt=\"Adapter Dell 24v 4a\" width=\"750\" height=\"750\" srcset=\"https:\/\/maybommini.vn\/wp-content\/uploads\/2018\/04\/adapter-dell-24v-4a.jpg 750w, https:\/\/maybommini.vn\/wp-content\/uploads\/2018\/04\/adapter-dell-24v-4a-300x300.jpg 300w, https:\/\/maybommini.vn\/wp-content\/uploads\/2018\/04\/adapter-dell-24v-4a-150x150.jpg 150w, https:\/\/maybommini.vn\/wp-content\/uploads\/2018\/04\/adapter-dell-24v-4a-600x600.jpg 600w\" sizes=\"(max-width: 750px) 100vw, 750px\" \/><\/a><\/strong> <a href=\"https:\/\/maybommini.com\/wp-content\/uploads\/2018\/04\/nguon-24V-kem-day-nguon.jpg\" target=\"_blank\" rel=\"noopener\"><img decoding=\"async\" class=\"size-full wp-image-271586 aligncenter\" src=\"https:\/\/maybommini.com\/wp-content\/uploads\/2018\/04\/nguon-24V-kem-day-nguon.jpg\" alt=\"Nguon 24V Kem Day Nguon\" width=\"750\" height=\"750\" srcset=\"https:\/\/maybommini.vn\/wp-content\/uploads\/2018\/04\/nguon-24V-kem-day-nguon.jpg 750w, https:\/\/maybommini.vn\/wp-content\/uploads\/2018\/04\/nguon-24V-kem-day-nguon-300x300.jpg 300w, https:\/\/maybommini.vn\/wp-content\/uploads\/2018\/04\/nguon-24V-kem-day-nguon-150x150.jpg 150w, https:\/\/maybommini.vn\/wp-content\/uploads\/2018\/04\/nguon-24V-kem-day-nguon-600x600.jpg 600w\" sizes=\"(max-width: 750px) 100vw, 750px\" \/><\/a><a href=\"https:\/\/maybommini.com\/wp-content\/uploads\/2018\/04\/bien-the-220v-ra-24v-4a.jpg\" target=\"_blank\" rel=\"noopener\"><img decoding=\"async\" class=\"size-full wp-image-271584 aligncenter\" src=\"https:\/\/maybommini.com\/wp-content\/uploads\/2018\/04\/bien-the-220v-ra-24v-4a.jpg\" alt=\"Bien The 220v Ra 24v 4a\" width=\"750\" height=\"750\" srcset=\"https:\/\/maybommini.vn\/wp-content\/uploads\/2018\/04\/bien-the-220v-ra-24v-4a.jpg 750w, https:\/\/maybommini.vn\/wp-content\/uploads\/2018\/04\/bien-the-220v-ra-24v-4a-300x300.jpg 300w, https:\/\/maybommini.vn\/wp-content\/uploads\/2018\/04\/bien-the-220v-ra-24v-4a-150x150.jpg 150w, https:\/\/maybommini.vn\/wp-content\/uploads\/2018\/04\/bien-the-220v-ra-24v-4a-600x600.jpg 600w\" sizes=\"(max-width: 750px) 100vw, 750px\" \/><\/a><\/p>\n<p style=\"text-align: center;\"><strong>Ngu\u1ed3n \u0111i\u1ec7n bi\u1ebfn th\u1ebf adapter dell 220V ra 24V 4A 96W<\/strong><\/p>\n<p><strong>CHUY\u00caN CUNG C\u1ea4P ADAPTER &#8211; BI\u1ebeN TH\u1ebe &#8211; NGU\u1ed2N T\u1ed4 ONG &#8211; BI\u1ebeN TH\u1ebe T\u0102NG PH\u00d4<\/strong><br \/>\nCh\u00fang t\u00f4i nh\u00e0 cung c\u1ea5p ph\u00e2n ph\u1ed1i to\u00e0n qu\u1ed1c c\u00e1c lo\u1ea1i adapter, ngu\u1ed3n \u0111i\u1ec7n, adaptor, ngu\u1ed3n t\u1ed5 ong, ngu\u1ed3n t\u0103ng ph\u00f4 v\u1edbi gi\u00e1 h\u1ee3p l\u00fd v\u00e0 b\u1ea3o h\u00e0nh ch\u00ednh h\u00e3ng.<br \/>\n<strong>CTY TNHH TH\u01af\u01a0NG M\u1ea0I D\u1ecaCH V\u1ee4 \u0110I\u1ec6N M\u00c1Y TH\u00d4NG MINH<br \/>\nWebsite:\u00a0<a href=\"https:\/\/maybommini.com\/\" target=\"_blank\" rel=\"noopener\">https:\/\/maybommini.com<\/a><br \/>\nEmail: Maybommini.com@gmail.com<br \/>\nT\u01af V\u1ea4N K\u1ef8 THU\u1eacT \u2013 MUA H\u00c0NG<br \/>\nTel\/ Zalo: 0908997823 \u2013 0908997872<br \/>\nT\u01b0 v\u1ea5n mua h\u00e0ng: 0907294310 \u2013 02873030399<\/strong><\/p>\n<h3><a class=\"swipebox\" title=\"\" href=\"https:\/\/maybommini.com\/wp-content\/uploads\/2022\/07\/thong-tin-lien-he-may-bom-mini.jpg\" data-rel=\"lightbox-image-bGlnaHRib3gtaW1hZ2UtYkdsbmFIUmliM2d0YVcxaFoyVXRZa2RzYm1GSVVtbGlNMmQwWVZjeGFGb3lWWFJaYTJSelltMUdTVlZ0YkdsTk1tUXdXVlpqZUdGR2IzbFdXRkpPVmtWVk9RPT0=\" data-rl_title=\"\" data-rl_caption=\"\" data-rl_ target=\"_blank\" rel=\"noopener\"><img decoding=\"async\" class=\"size-full wp-image-270584 lazyloaded aligncenter\" src=\"https:\/\/maybommini.com\/wp-content\/uploads\/2022\/07\/thong-tin-lien-he-may-bom-mini.jpg\" sizes=\"(max-width: 750px) 100vw, 750px\" srcset=\"https:\/\/maybommini.com\/wp-content\/uploads\/2022\/07\/thong-tin-lien-he-may-bom-mini.jpg 750w, https:\/\/maybommini.com\/wp-content\/uploads\/2022\/07\/thong-tin-lien-he-may-bom-mini-300x202.jpg 300w, https:\/\/maybommini.com\/wp-content\/uploads\/2022\/07\/thong-tin-lien-he-may-bom-mini-600x405.jpg 600w\" alt=\"Thong Tin Lien He May Bom Mini\" width=\"750\" height=\"506\" data-lazy-srcset=\"https:\/\/maybommini.com\/wp-content\/uploads\/2022\/07\/thong-tin-lien-he-may-bom-mini.jpg 750w, https:\/\/maybommini.com\/wp-content\/uploads\/2022\/07\/thong-tin-lien-he-may-bom-mini-300x202.jpg 300w, https:\/\/maybommini.com\/wp-content\/uploads\/2022\/07\/thong-tin-lien-he-may-bom-mini-600x405.jpg 600w\" data-lazy-sizes=\"(max-width: 750px) 100vw, 750px\" data-lazy-src=\"https:\/\/maybommini.com\/wp-content\/uploads\/2022\/07\/thong-tin-lien-he-may-bom-mini.jpg\" data-was-processed=\"true\" \/><\/a><\/h3>\n<p>&nbsp;<\/p>\n<p style=\"text-align: center;\"><strong>Ngu\u1ed3n 24V 4A\u00a0<\/strong><a href=\"http:\/\/maybommini.com\/wp-content\/uploads\/2016\/03\/bien-the-220v-24v.jpg\" rel=\"attachment wp-att-244894 noopener\" target=\"_blank\"><img decoding=\"async\" class=\"size-full wp-image-244894 aligncenter\" src=\"http:\/\/maybommini.com\/wp-content\/uploads\/2016\/03\/bien-the-220v-24v.jpg\" alt=\"bien-the-220v-24v\" width=\"800\" height=\"533\" srcset=\"https:\/\/maybommini.vn\/wp-content\/uploads\/2016\/03\/bien-the-220v-24v.jpg 800w, https:\/\/maybommini.vn\/wp-content\/uploads\/2016\/03\/bien-the-220v-24v-600x400.jpg 600w, https:\/\/maybommini.vn\/wp-content\/uploads\/2016\/03\/bien-the-220v-24v-300x200.jpg 300w, https:\/\/maybommini.vn\/wp-content\/uploads\/2016\/03\/bien-the-220v-24v-768x512.jpg 768w\" sizes=\"(max-width: 800px) 100vw, 800px\" \/><\/a><\/p>\n<p><a href=\"http:\/\/maybommini.com\/wp-content\/uploads\/2016\/03\/nguon-dell-24v-4a.jpg\" rel=\"attachment wp-att-244895 noopener\" target=\"_blank\"><img decoding=\"async\" class=\"size-full wp-image-244895 aligncenter\" src=\"http:\/\/maybommini.com\/wp-content\/uploads\/2016\/03\/nguon-dell-24v-4a.jpg\" alt=\"nguon-dell-24v-4a\" width=\"800\" height=\"550\" srcset=\"https:\/\/maybommini.vn\/wp-content\/uploads\/2016\/03\/nguon-dell-24v-4a.jpg 800w, https:\/\/maybommini.vn\/wp-content\/uploads\/2016\/03\/nguon-dell-24v-4a-600x413.jpg 600w, https:\/\/maybommini.vn\/wp-content\/uploads\/2016\/03\/nguon-dell-24v-4a-300x206.jpg 300w, https:\/\/maybommini.vn\/wp-content\/uploads\/2016\/03\/nguon-dell-24v-4a-768x528.jpg 768w\" sizes=\"(max-width: 800px) 100vw, 800px\" \/><\/a><\/p>\n<p>&nbsp;<\/p>\n<p><a href=\"http:\/\/maybommini.com\/wp-content\/uploads\/2016\/03\/nguon-dien-may-phun-suong.jpg\" rel=\"attachment wp-att-244896 noopener\" target=\"_blank\"><img decoding=\"async\" class=\"size-full wp-image-244896 aligncenter\" src=\"http:\/\/maybommini.com\/wp-content\/uploads\/2016\/03\/nguon-dien-may-phun-suong.jpg\" alt=\"nguon-dien-may-phun-suong\" width=\"800\" height=\"540\" srcset=\"https:\/\/maybommini.vn\/wp-content\/uploads\/2016\/03\/nguon-dien-may-phun-suong.jpg 800w, https:\/\/maybommini.vn\/wp-content\/uploads\/2016\/03\/nguon-dien-may-phun-suong-600x405.jpg 600w, https:\/\/maybommini.vn\/wp-content\/uploads\/2016\/03\/nguon-dien-may-phun-suong-300x203.jpg 300w, https:\/\/maybommini.vn\/wp-content\/uploads\/2016\/03\/nguon-dien-may-phun-suong-768x518.jpg 768w\" sizes=\"(max-width: 800px) 100vw, 800px\" \/><\/a><\/p>\n<p>V\u1edbi t\u1ea5t c\u1ea3 m\u00e1y b\u01a1m \u00e1p l\u1ef1c mini 24V phun s\u01b0\u01a1ng\u00a0\u0111\u00e2y l\u00e0 lo\u1ea1i ngu\u1ed3n t\u1ed1t s\u1eed d\u1ee5ng l\u00e2u d\u00e0i.<\/p>\n<p>Ch\u00fang t\u00f4i nh\u00e0 cung c\u1ea5p c\u00e1c lo\u1ea1i Adapter bi\u1ebfn th\u1ebf 24V cho m\u00e1y phun s\u01b0\u01a1ng, m\u00e1y b\u01a1m v\u00e0 thi\u1ebft b\u1ecb\u00a0\u0111i\u1ec7n t\u1eed c\u00f3 gi\u00e1 t\u1ed1t v\u00e0 b\u1ea3o h\u00e0nh l\u00e2u d\u00e0i tr\u00ean to\u00e0n qu\u1ed1c. Vui l\u00f2ng li\u00ean h\u1ec7\u00a0\u0111\u1ec3\u00a0\u0111\u01b0\u1ee3c t\u01b0 v\u1ea5n v\u00e0 gi\u00e1 t\u1ed1t h\u01a1n.<\/p>\n<p><strong>CTY TNHH TH\u01af\u01a0NG M\u1ea0I D\u1ecaCH V\u1ee4 \u0110I\u1ec6N M\u00c1Y TH\u00d4NG MINH<\/strong><br \/>\n18Bis\/22\/3 Nguy\u1ec5n Th\u1ecb Minh Khai, Ph\u01b0\u1eddng \u0110akao, Qu\u1eadn 1 , H\u1ed3 Ch\u00ed Minh.<br \/>\nHotline: 090 729 4310<br \/>\nEmail : maybommini.com@gmail.com<br \/>\nWebsite : http:\/\/maybommini.com<br \/>\nFacebook : https:\/\/www.facebook.com\/maybommini<br \/>\nGoogle : https:\/\/plus.google.com\/ Maybomnuocminiruaxe<br \/>\nYoutube demo : https:\/\/www.youtube.com\/bahamasali<\/p>\n<h3 style=\"text-align: center;\">Ngu\u1ed3n 24V 4A d\u00f9ng cho m\u00e1y b\u01a1m n\u01b0\u1edbc mini<\/h3>\n","protected":false},"excerpt":{"rendered":"<p>Th\u01b0\u01a1ng hi\u1ec7u: Dell<br \/>\nModel: ADP-60NH-B<br \/>\n\u0110i\u1ec7n v\u00e0o: AC 110-260V 50\/60HZ<br \/>\n\u0110i\u1ec7n ra: DC 24V 4A<br \/>\nC\u00f4ng xu\u1ea5t: 96W<br \/>\nLed b\u00e1o ngu\u1ed3n.<br \/>\nD\u00e2y ngu\u1ed3n d\u00e0i 90 cm.<br \/>\nJack c\u1eafm ngu\u1ed3n DC ra 5.5 x 2.1 mm.<br \/>\nS\u1eed d\u1ee5ng d\u00e2y ngu\u1ed3n 220V &#8211; \u0111u\u00f4i IEC 60320 C5 (hoa mai)<br \/>\nK\u00edch th\u01b0\u1edbc: 110 x 48 x 30 mm.<br \/>\nTr\u1ecdng l\u01b0\u1ee3ng: 250 gam.<br \/>\nS\u1ea3n ph\u1ea9m adapter ch\u01b0a k\u00e8m d\u00e2y ngu\u1ed3n 220V.<br \/>\nQu\u00fd kh\u00e1ch l\u01b0u \u00fd ch\u1ecdn s\u1ea3n ph\u1ea9m k\u00e8m theo d\u00e2y ngu\u1ed3n ho\u1eb7c kh\u00f4ng k\u00e8m d\u00e2y ngu\u1ed3n.<br \/>\nB\u1ea3o h\u00e0nh: 1 th\u00e1ng<strong><br \/>\nMua s\u1ed1 l\u01b0\u1ee3ng c\u00f3 gi\u00e1 t\u1ed1t<\/strong><\/p>\n","protected":false},"featured_media":271580,"comment_status":"open","ping_status":"closed","template":"","meta":[],"product_brand":[2227],"product_cat":[367,444,214,3132],"product_tag":[340,488,571,572,573,258,574,416,341,575,342,259,361,260,491,261,576,262,277],"class_list":{"0":"post-255986","1":"product","2":"type-product","3":"status-publish","4":"has-post-thumbnail","6":"product_brand-mtm","7":"product_cat-he-thong-phun-suong","8":"product_cat-phu-kien-phun-suong","9":"product_cat-phu-kien-bom-nuoc","10":"product_cat-nguon-dien-bien-the-adapter","11":"product_tag-12v-6a","12":"product_tag-24v","13":"product_tag-24v-4a","14":"product_tag-24vaa","15":"product_tag-adapter","16":"product_tag-adapter-12v","17":"product_tag-adapter-24v","18":"product_tag-bien-the","19":"product_tag-bien-the-12v","20":"product_tag-bien-the-24v","21":"product_tag-chuyen-dien-220v","22":"product_tag-dc-12v","23":"product_tag-may-phun-suong","24":"product_tag-nguon","25":"product_tag-nguon-24v","26":"product_tag-nguon-cho-bom-nuoc-mini","27":"product_tag-nguon-dien","28":"product_tag-nguon-may-rua-xe","29":"product_tag-phun-suong","31":"first","32":"instock","33":"sale","34":"featured","35":"shipping-taxable","36":"purchasable","37":"product-type-simple"},"_links":{"self":[{"href":"https:\/\/maybommini.vn\/index.php?rest_route=\/wp\/v2\/product\/255986","targetHints":{"allow":["GET"]}}],"collection":[{"href":"https:\/\/maybommini.vn\/index.php?rest_route=\/wp\/v2\/product"}],"about":[{"href":"https:\/\/maybommini.vn\/index.php?rest_route=\/wp\/v2\/types\/product"}],"replies":[{"embeddable":true,"href":"https:\/\/maybommini.vn\/index.php?rest_route=%2Fwp%2Fv2%2Fcomments&post=255986"}],"wp:featuredmedia":[{"embeddable":true,"href":"https:\/\/maybommini.vn\/index.php?rest_route=\/wp\/v2\/media\/271580"}],"wp:attachment":[{"href":"https:\/\/maybommini.vn\/index.php?rest_route=%2Fwp%2Fv2%2Fmedia&parent=255986"}],"wp:term":[{"taxonomy":"product_brand","embeddable":true,"href":"https:\/\/maybommini.vn\/index.php?rest_route=%2Fwp%2Fv2%2Fproduct_brand&post=255986"},{"taxonomy":"product_cat","embeddable":true,"href":"https:\/\/maybommini.vn\/index.php?rest_route=%2Fwp%2Fv2%2Fproduct_cat&post=255986"},{"taxonomy":"product_tag","embeddable":true,"href":"https:\/\/maybommini.vn\/index.php?rest_route=%2Fwp%2Fv2%2Fproduct_tag&post=255986"}],"curies":[{"name":"wp","href":"https:\/\/api.w.org\/{rel}","templated":true}]}}