{"id":256016,"date":"2018-04-12T19:28:40","date_gmt":"2018-04-12T12:28:40","guid":{"rendered":"https:\/\/maybommini.com\/san-pham\/import-placeholder-for-252343"},"modified":"2019-10-25T10:33:50","modified_gmt":"2019-10-25T03:33:50","slug":"ong-day-phun-suong-pu-8mm","status":"publish","type":"product","link":"https:\/\/maybommini.vn\/?product=ong-day-phun-suong-pu-8mm","title":{"rendered":"\u1ed0ng phun s\u01b0\u01a1ng PU 8mm"},"content":{"rendered":"<h3><strong>Chuy\u00ean b\u00e1n c\u00e1c lo\u1ea1i \u1ed1ng d\u00e2y phun s\u01b0\u01a1ng PU 8mm l\u00e0 lo\u1ea1i\u00a0\u1ed1ng c\u00f3\u00a0\u0111\u01b0\u1eddng k\u00ednh 8mm chuy\u00ean d\u1ee5ng d\u00f9ng trong c\u00e1c h\u1ec7 th\u1ed1ng phun s\u01b0\u01a1ng l\u00e0m m\u00e1t, t\u01b0\u1edbi lan, l\u00e0m m\u00e1t nh\u00e0 x\u01b0\u1ee1ng, l\u00e0m m\u00e1t qu\u00e1n c\u00e0 ph\u00ea, l\u00e0m m\u00e1t nh\u00e0 h\u00e0ng, v\u01b0\u1eddn\u00a0\u01b0\u01a1m, l\u00e0m m\u00e1t nh\u00e0 y\u1ebfn. Giao h\u00e0ng to\u00e0n qu\u1ed1c gi\u00e1 t\u1ed1t nh\u1ea5t t\u1ea1i Vi\u1ec7t Nam chuy\u00ean phu ki\u1ec7n v\u00e0 thi\u1ebft b\u1ecb phun s\u01b0\u01a1ng cao c\u1ea5p h\u00e0ng\u00a0\u0111\u1ea7u.<\/strong><\/h3>\n<p><a href=\"https:\/\/maybommini.com\/wp-content\/uploads\/2019\/08\/ong-phun-suong-8mm-sieu-ben.jpg\" target=\"_blank\" rel=\"noopener\"><img decoding=\"async\" class=\"size-full wp-image-263145 aligncenter\" src=\"https:\/\/maybommini.com\/wp-content\/uploads\/2019\/08\/ong-phun-suong-8mm-sieu-ben.jpg\" alt=\"Ong Phun Suong 8mm Sieu Ben\" width=\"750\" height=\"750\" srcset=\"https:\/\/maybommini.vn\/wp-content\/uploads\/2019\/08\/ong-phun-suong-8mm-sieu-ben.jpg 750w, https:\/\/maybommini.vn\/wp-content\/uploads\/2019\/08\/ong-phun-suong-8mm-sieu-ben-300x300.jpg 300w, https:\/\/maybommini.vn\/wp-content\/uploads\/2019\/08\/ong-phun-suong-8mm-sieu-ben-150x150.jpg 150w, https:\/\/maybommini.vn\/wp-content\/uploads\/2019\/08\/ong-phun-suong-8mm-sieu-ben-600x600.jpg 600w\" sizes=\"(max-width: 750px) 100vw, 750px\" \/><\/a><\/p>\n<p><strong>TH\u00d4NG S\u1ed0 K\u1ef8 THU\u1eacT<br \/>\n<\/strong>\u1ed0ng lo\u1ea1i: PU<br \/>\n\u0110\u01b0\u1eddng k\u00ednh: 8mm<br \/>\nCh\u1ecbu\u00a0\u0111\u01b0\u1ee3c n\u1eafng m\u01b0a.<br \/>\nU\u1ed1n co t\u1ed1t.<br \/>\nCu\u1ed9n d\u00e0i: 100 m\u00e9t.<\/p>\n<p><a href=\"https:\/\/maybommini.com\/wp-content\/uploads\/2018\/04\/ong-phun-suong-8mm-cao-cap.jpg\" target=\"_blank\" rel=\"noopener\"><img decoding=\"async\" class=\"size-full wp-image-263033 aligncenter\" src=\"https:\/\/maybommini.com\/wp-content\/uploads\/2018\/04\/ong-phun-suong-8mm-cao-cap.jpg\" alt=\"Ong Phun Suong 8mm Cao Cap\" width=\"750\" height=\"750\" srcset=\"https:\/\/maybommini.vn\/wp-content\/uploads\/2018\/04\/ong-phun-suong-8mm-cao-cap.jpg 750w, https:\/\/maybommini.vn\/wp-content\/uploads\/2018\/04\/ong-phun-suong-8mm-cao-cap-300x300.jpg 300w, https:\/\/maybommini.vn\/wp-content\/uploads\/2018\/04\/ong-phun-suong-8mm-cao-cap-150x150.jpg 150w, https:\/\/maybommini.vn\/wp-content\/uploads\/2018\/04\/ong-phun-suong-8mm-cao-cap-600x600.jpg 600w\" sizes=\"(max-width: 750px) 100vw, 750px\" \/><\/a><\/p>\n<p><strong>S\u1eec D\u1ee4NG \u1ed0NG PHUN S\u01af\u01a0NG<br \/>\n<\/strong>\u1ed0ng phun s\u01b0\u01a1ng l\u00e0m m\u00e1t chuy\u00ean d\u1ee5ng l\u00e0m h\u1ec7 th\u1ed1ng phun s\u01b0\u01a1ng l\u00e0m m\u00e1t qu\u00e1n c\u00e0 ph\u00ea.<br \/>\nH\u1ec7 th\u1ed1ng \u1ed1ng phun s\u01b0\u01a1ng l\u00e0m m\u00e1t nh\u00e0 h\u00e0ng.<br \/>\nPhun s\u01b0\u01a1ng l\u00e0m gi\u00e3m kh\u00f3i b\u1ee5i.<br \/>\nPhun s\u01b0\u01a1ng l\u00e0m m\u00e1t nh\u00e0 x\u01b0\u1ee1ng.<br \/>\n\u1ed0ng phun thu\u1ed1c tr\u1eeb s\u00e2u.<br \/>\n\u1ed0ng phun s\u01b0\u01a1ng l\u00e0m m\u00e1t nh\u00e0 y\u1ebfn.<br \/>\nPhun s\u01b0\u01a1ng l\u00e0m m\u00e1t chu\u1ed3ng tr\u1ea1i.<br \/>\nH\u1ec7 th\u1ed1ng \u0111\u01b0\u1eddng \u1ed1ng t\u01b0\u1edbi nh\u1ecf gi\u1ecdt.<br \/>\n\u1ed0ng t\u01b0\u1edbi c\u00e2y t\u1ef1 \u0111\u1ed9ng.<br \/>\nH\u1ec7 th\u1ed1ng \u1ed1ng d\u1ea9n n\u01b0\u1edbc.<br \/>\n\u1ed0ng b\u01a1m n\u01b0\u1edbc \u0111i xa l\u00ean cao.<br \/>\nH\u1ec7 th\u1ed1ng \u1ed1ng b\u01a1m n\u01b0\u1edbc ngo\u00e0i tr\u1eddi.<\/p>\n<p><a href=\"https:\/\/maybommini.com\/wp-content\/uploads\/2018\/04\/phun-suong-tuoi-cay-nha-vuon.jpg\" target=\"_blank\" rel=\"noopener\"><img decoding=\"async\" class=\"size-full wp-image-263713 aligncenter\" src=\"https:\/\/maybommini.com\/wp-content\/uploads\/2018\/04\/phun-suong-tuoi-cay-nha-vuon.jpg\" alt=\"Phun Suong Tuoi Cay Nha Vuon\" width=\"750\" height=\"750\" srcset=\"https:\/\/maybommini.vn\/wp-content\/uploads\/2018\/04\/phun-suong-tuoi-cay-nha-vuon.jpg 750w, https:\/\/maybommini.vn\/wp-content\/uploads\/2018\/04\/phun-suong-tuoi-cay-nha-vuon-300x300.jpg 300w, https:\/\/maybommini.vn\/wp-content\/uploads\/2018\/04\/phun-suong-tuoi-cay-nha-vuon-150x150.jpg 150w, https:\/\/maybommini.vn\/wp-content\/uploads\/2018\/04\/phun-suong-tuoi-cay-nha-vuon-600x600.jpg 600w\" sizes=\"(max-width: 750px) 100vw, 750px\" \/><\/a> <a href=\"https:\/\/maybommini.com\/wp-content\/uploads\/2018\/04\/phun-suong-lam-mat-san-vuon.jpg\" target=\"_blank\" rel=\"noopener\"><img decoding=\"async\" class=\"size-full wp-image-263712 aligncenter\" src=\"https:\/\/maybommini.com\/wp-content\/uploads\/2018\/04\/phun-suong-lam-mat-san-vuon.jpg\" alt=\"Phun Suong Lam Mat San Vuon\" width=\"750\" height=\"750\" srcset=\"https:\/\/maybommini.vn\/wp-content\/uploads\/2018\/04\/phun-suong-lam-mat-san-vuon.jpg 750w, https:\/\/maybommini.vn\/wp-content\/uploads\/2018\/04\/phun-suong-lam-mat-san-vuon-300x300.jpg 300w, https:\/\/maybommini.vn\/wp-content\/uploads\/2018\/04\/phun-suong-lam-mat-san-vuon-150x150.jpg 150w, https:\/\/maybommini.vn\/wp-content\/uploads\/2018\/04\/phun-suong-lam-mat-san-vuon-600x600.jpg 600w\" sizes=\"(max-width: 750px) 100vw, 750px\" \/><\/a> <a href=\"https:\/\/maybommini.com\/wp-content\/uploads\/2018\/04\/phun-suong-lam-mat-noi-cong-cong.jpg\" target=\"_blank\" rel=\"noopener\"><img decoding=\"async\" class=\"size-full wp-image-263711 aligncenter\" src=\"https:\/\/maybommini.com\/wp-content\/uploads\/2018\/04\/phun-suong-lam-mat-noi-cong-cong.jpg\" alt=\"Phun Suong Lam Mat Noi Cong Cong\" width=\"750\" height=\"750\" srcset=\"https:\/\/maybommini.vn\/wp-content\/uploads\/2018\/04\/phun-suong-lam-mat-noi-cong-cong.jpg 750w, https:\/\/maybommini.vn\/wp-content\/uploads\/2018\/04\/phun-suong-lam-mat-noi-cong-cong-300x300.jpg 300w, https:\/\/maybommini.vn\/wp-content\/uploads\/2018\/04\/phun-suong-lam-mat-noi-cong-cong-150x150.jpg 150w, https:\/\/maybommini.vn\/wp-content\/uploads\/2018\/04\/phun-suong-lam-mat-noi-cong-cong-600x600.jpg 600w\" sizes=\"(max-width: 750px) 100vw, 750px\" \/><\/a><\/p>\n<p><a href=\"https:\/\/maybommini.com\/wp-content\/uploads\/2018\/04\/ong-phun-suong-8mm.jpg\" target=\"_blank\" rel=\"noopener\"><img decoding=\"async\" class=\"size-full wp-image-257606 aligncenter\" src=\"https:\/\/maybommini.com\/wp-content\/uploads\/2018\/04\/ong-phun-suong-8mm.jpg\" alt=\"Ong Phun Suong 8mm.jpg\" width=\"750\" height=\"750\" srcset=\"https:\/\/maybommini.vn\/wp-content\/uploads\/2018\/04\/ong-phun-suong-8mm.jpg 750w, https:\/\/maybommini.vn\/wp-content\/uploads\/2018\/04\/ong-phun-suong-8mm-300x300.jpg 300w, https:\/\/maybommini.vn\/wp-content\/uploads\/2018\/04\/ong-phun-suong-8mm-600x600.jpg 600w, https:\/\/maybommini.vn\/wp-content\/uploads\/2018\/04\/ong-phun-suong-8mm-150x150.jpg 150w\" sizes=\"(max-width: 750px) 100vw, 750px\" \/><\/a> <a href=\"https:\/\/maybommini.com\/wp-content\/uploads\/2018\/04\/phun-suong-ong-day.jpg\" target=\"_blank\" rel=\"noopener\"><img decoding=\"async\" class=\"size-full wp-image-256070 aligncenter\" src=\"https:\/\/maybommini.com\/wp-content\/uploads\/2018\/04\/phun-suong-ong-day.jpg\" alt=\"Phun Suong Ong Day.jpg\" width=\"1200\" height=\"983\" srcset=\"https:\/\/maybommini.vn\/wp-content\/uploads\/2018\/04\/phun-suong-ong-day.jpg 1200w, https:\/\/maybommini.vn\/wp-content\/uploads\/2018\/04\/phun-suong-ong-day-600x492.jpg 600w, https:\/\/maybommini.vn\/wp-content\/uploads\/2018\/04\/phun-suong-ong-day-300x246.jpg 300w, https:\/\/maybommini.vn\/wp-content\/uploads\/2018\/04\/phun-suong-ong-day-768x629.jpg 768w, https:\/\/maybommini.vn\/wp-content\/uploads\/2018\/04\/phun-suong-ong-day-1024x839.jpg 1024w\" sizes=\"(max-width: 1200px) 100vw, 1200px\" \/><\/a> <a href=\"https:\/\/maybommini.com\/wp-content\/uploads\/2018\/04\/ong-gan-bec-phun-suong.jpg\" target=\"_blank\" rel=\"noopener\"><img decoding=\"async\" class=\"size-full wp-image-256068 aligncenter\" src=\"https:\/\/maybommini.com\/wp-content\/uploads\/2018\/04\/ong-gan-bec-phun-suong.jpg\" alt=\"Ong Gan Bec Phun Suong.jpg\" width=\"750\" height=\"750\" srcset=\"https:\/\/maybommini.vn\/wp-content\/uploads\/2018\/04\/ong-gan-bec-phun-suong.jpg 750w, https:\/\/maybommini.vn\/wp-content\/uploads\/2018\/04\/ong-gan-bec-phun-suong-300x300.jpg 300w, https:\/\/maybommini.vn\/wp-content\/uploads\/2018\/04\/ong-gan-bec-phun-suong-600x600.jpg 600w, https:\/\/maybommini.vn\/wp-content\/uploads\/2018\/04\/ong-gan-bec-phun-suong-150x150.jpg 150w\" sizes=\"(max-width: 750px) 100vw, 750px\" \/><\/a> <a href=\"https:\/\/maybommini.com\/wp-content\/uploads\/2018\/04\/ong-8mm-phun-suong.jpg\" target=\"_blank\" rel=\"noopener\"><img decoding=\"async\" class=\"size-full wp-image-256066 aligncenter\" src=\"https:\/\/maybommini.com\/wp-content\/uploads\/2018\/04\/ong-8mm-phun-suong.jpg\" alt=\"Ong 8mm Phun Suong.jpg\" width=\"750\" height=\"750\" srcset=\"https:\/\/maybommini.vn\/wp-content\/uploads\/2018\/04\/ong-8mm-phun-suong.jpg 750w, https:\/\/maybommini.vn\/wp-content\/uploads\/2018\/04\/ong-8mm-phun-suong-300x300.jpg 300w, https:\/\/maybommini.vn\/wp-content\/uploads\/2018\/04\/ong-8mm-phun-suong-600x600.jpg 600w, https:\/\/maybommini.vn\/wp-content\/uploads\/2018\/04\/ong-8mm-phun-suong-150x150.jpg 150w\" sizes=\"(max-width: 750px) 100vw, 750px\" \/><\/a> <a href=\"https:\/\/maybommini.com\/wp-content\/uploads\/2018\/04\/lazada-ong-phun-suong-8mm.jpg\" target=\"_blank\" rel=\"noopener\"><img decoding=\"async\" class=\"size-full wp-image-256065 aligncenter\" src=\"https:\/\/maybommini.com\/wp-content\/uploads\/2018\/04\/lazada-ong-phun-suong-8mm.jpg\" alt=\"Lazada Ong Phun Suong 8mm.jpg\" width=\"750\" height=\"750\" srcset=\"https:\/\/maybommini.vn\/wp-content\/uploads\/2018\/04\/lazada-ong-phun-suong-8mm.jpg 750w, https:\/\/maybommini.vn\/wp-content\/uploads\/2018\/04\/lazada-ong-phun-suong-8mm-300x300.jpg 300w, https:\/\/maybommini.vn\/wp-content\/uploads\/2018\/04\/lazada-ong-phun-suong-8mm-600x600.jpg 600w, https:\/\/maybommini.vn\/wp-content\/uploads\/2018\/04\/lazada-ong-phun-suong-8mm-150x150.jpg 150w\" sizes=\"(max-width: 750px) 100vw, 750px\" \/><\/a> <a href=\"https:\/\/maybommini.com\/wp-content\/uploads\/2018\/04\/ban-ong-phun-suong.jpg\" target=\"_blank\" rel=\"noopener\"><img decoding=\"async\" class=\"size-full wp-image-256064 aligncenter\" src=\"https:\/\/maybommini.com\/wp-content\/uploads\/2018\/04\/ban-ong-phun-suong.jpg\" alt=\"Ban Ong Phun Suong.jpg\" width=\"750\" height=\"750\" srcset=\"https:\/\/maybommini.vn\/wp-content\/uploads\/2018\/04\/ban-ong-phun-suong.jpg 750w, https:\/\/maybommini.vn\/wp-content\/uploads\/2018\/04\/ban-ong-phun-suong-300x300.jpg 300w, https:\/\/maybommini.vn\/wp-content\/uploads\/2018\/04\/ban-ong-phun-suong-600x600.jpg 600w, https:\/\/maybommini.vn\/wp-content\/uploads\/2018\/04\/ban-ong-phun-suong-150x150.jpg 150w\" sizes=\"(max-width: 750px) 100vw, 750px\" \/><\/a> <a href=\"https:\/\/maybommini.com\/wp-content\/uploads\/2018\/04\/phu-kien-phun-suong.jpg\" target=\"_blank\" rel=\"noopener\"><img decoding=\"async\" class=\"size-full wp-image-256063 aligncenter\" src=\"https:\/\/maybommini.com\/wp-content\/uploads\/2018\/04\/phu-kien-phun-suong.jpg\" alt=\"Phu Kien Phun Suong.jpg\" width=\"750\" height=\"750\" srcset=\"https:\/\/maybommini.vn\/wp-content\/uploads\/2018\/04\/phu-kien-phun-suong.jpg 750w, https:\/\/maybommini.vn\/wp-content\/uploads\/2018\/04\/phu-kien-phun-suong-300x300.jpg 300w, https:\/\/maybommini.vn\/wp-content\/uploads\/2018\/04\/phu-kien-phun-suong-600x600.jpg 600w, https:\/\/maybommini.vn\/wp-content\/uploads\/2018\/04\/phu-kien-phun-suong-150x150.jpg 150w\" sizes=\"(max-width: 750px) 100vw, 750px\" \/><\/a> <a href=\"https:\/\/maybommini.com\/wp-content\/uploads\/2018\/01\/ong-day-phun-suong-1.jpg\" target=\"_blank\" rel=\"noopener\"><img decoding=\"async\" class=\"size-full wp-image-254254 aligncenter\" src=\"https:\/\/maybommini.com\/wp-content\/uploads\/2018\/01\/ong-day-phun-suong-1.jpg\" alt=\"Ong Day Phun Suong\" width=\"750\" height=\"750\" srcset=\"https:\/\/maybommini.vn\/wp-content\/uploads\/2018\/01\/ong-day-phun-suong-1.jpg 750w, https:\/\/maybommini.vn\/wp-content\/uploads\/2018\/01\/ong-day-phun-suong-1-300x300.jpg 300w, https:\/\/maybommini.vn\/wp-content\/uploads\/2018\/01\/ong-day-phun-suong-1-600x600.jpg 600w, https:\/\/maybommini.vn\/wp-content\/uploads\/2018\/01\/ong-day-phun-suong-1-150x150.jpg 150w, https:\/\/maybommini.vn\/wp-content\/uploads\/2018\/01\/ong-day-phun-suong-1-270x270.jpg 270w, https:\/\/maybommini.vn\/wp-content\/uploads\/2018\/01\/ong-day-phun-suong-1-375x375.jpg 375w, https:\/\/maybommini.vn\/wp-content\/uploads\/2018\/01\/ong-day-phun-suong-1-140x140.jpg 140w, https:\/\/maybommini.vn\/wp-content\/uploads\/2018\/01\/ong-day-phun-suong-1-131x131.jpg 131w, https:\/\/maybommini.vn\/wp-content\/uploads\/2018\/01\/ong-day-phun-suong-1-142x142.jpg 142w, https:\/\/maybommini.vn\/wp-content\/uploads\/2018\/01\/ong-day-phun-suong-1-164x164.jpg 164w, https:\/\/maybommini.vn\/wp-content\/uploads\/2018\/01\/ong-day-phun-suong-1-175x175.jpg 175w, https:\/\/maybommini.vn\/wp-content\/uploads\/2018\/01\/ong-day-phun-suong-1-193x193.jpg 193w, https:\/\/maybommini.vn\/wp-content\/uploads\/2018\/01\/ong-day-phun-suong-1-200x200.jpg 200w, https:\/\/maybommini.vn\/wp-content\/uploads\/2018\/01\/ong-day-phun-suong-1-204x204.jpg 204w, https:\/\/maybommini.vn\/wp-content\/uploads\/2018\/01\/ong-day-phun-suong-1-213x213.jpg 213w, https:\/\/maybommini.vn\/wp-content\/uploads\/2018\/01\/ong-day-phun-suong-1-248x248.jpg 248w, https:\/\/maybommini.vn\/wp-content\/uploads\/2018\/01\/ong-day-phun-suong-1-260x260.jpg 260w\" sizes=\"(max-width: 750px) 100vw, 750px\" \/><\/a> <a href=\"https:\/\/maybommini.com\/wp-content\/uploads\/2018\/01\/ong-phun-suong-8mm.jpg\" target=\"_blank\" rel=\"noopener\"><img decoding=\"async\" class=\"size-full wp-image-255398 aligncenter\" src=\"https:\/\/maybommini.com\/wp-content\/uploads\/2018\/01\/ong-phun-suong-8mm.jpg\" alt=\"Ong Phun Suong 8mm\" width=\"750\" height=\"750\" srcset=\"https:\/\/maybommini.vn\/wp-content\/uploads\/2018\/01\/ong-phun-suong-8mm.jpg 750w, https:\/\/maybommini.vn\/wp-content\/uploads\/2018\/01\/ong-phun-suong-8mm-300x300.jpg 300w, https:\/\/maybommini.vn\/wp-content\/uploads\/2018\/01\/ong-phun-suong-8mm-600x600.jpg 600w, https:\/\/maybommini.vn\/wp-content\/uploads\/2018\/01\/ong-phun-suong-8mm-150x150.jpg 150w\" sizes=\"(max-width: 750px) 100vw, 750px\" \/><\/a> <a href=\"https:\/\/maybommini.com\/wp-content\/uploads\/2016\/03\/phun-suong-ong-day.jpg\" target=\"_blank\" rel=\"noopener\"><img decoding=\"async\" class=\"size-full wp-image-244920 aligncenter\" src=\"https:\/\/maybommini.com\/wp-content\/uploads\/2016\/03\/phun-suong-ong-day.jpg\" alt=\"phun suong ong day\" width=\"1200\" height=\"983\" srcset=\"https:\/\/maybommini.vn\/wp-content\/uploads\/2016\/03\/phun-suong-ong-day.jpg 1200w, https:\/\/maybommini.vn\/wp-content\/uploads\/2016\/03\/phun-suong-ong-day-600x492.jpg 600w, https:\/\/maybommini.vn\/wp-content\/uploads\/2016\/03\/phun-suong-ong-day-300x246.jpg 300w, https:\/\/maybommini.vn\/wp-content\/uploads\/2016\/03\/phun-suong-ong-day-768x629.jpg 768w, https:\/\/maybommini.vn\/wp-content\/uploads\/2016\/03\/phun-suong-ong-day-1024x839.jpg 1024w\" sizes=\"(max-width: 1200px) 100vw, 1200px\" \/><\/a><\/p>\n<p><strong>MUA \u1ed0NG\u00a0PHUN S\u01af\u01a0NG\u00a0\u1ede \u0110\u00c2U ?<br \/>\n<\/strong>M\u1ecdi chi ti\u1ebft vui l\u00f2ng li\u00ean h\u1ec7 tr\u1ef1c ti\u1ebfp cho ch\u00fang t\u00f4i \u0111\u1ec3 \u0111\u01b0\u1ee3c t\u01b0 v\u1ea5n theo nhu c\u1ea7u \u0111\u1ec3 c\u00f3 \u0111\u01b0\u1ee3c b\u1ed9 s\u1ea3n ph\u1ea9m t\u1ed1t nh\u1ea5t v\u00e0 ti\u1ebft ki\u1ec7m.\u00a0B\u1ea1n \u1edf xa v\u1eabn c\u00f3 th\u1ec3 mua h\u00e0ng v\u00e0 giao h\u00e0ng <a title=\"thanh to\u00e1n\" href=\"http:\/\/maybommini.com\/thanh-toan\" target=\"_blank\" rel=\"noopener\">thanh to\u00e1n<\/a> ti\u1ec1n t\u1ea1i nh\u00e0.<br \/>\n\u1ed0ng phun s\u01b0\u01a1ng c\u00f3 th\u1ec3 d\u00f9ng l\u00e0m\u00a0\u1ed1ng d\u1eabn n\u01b0\u1edbc, d\u00f9ng l\u00e0m\u00a0\u1ed1ng phun x\u1ecbt r\u1eeda xe v\u00e0 nhu c\u1ea7u kh\u00e1c .\u1ed0ng phun s\u01b0\u01a1ng\u00a0\u0111\u01b0\u1ee3c nh\u1eadp kh\u1ea9u v\u00e0 ph\u00e2n ph\u1ed1i t\u1ea1i <a href=\"https:\/\/maybommini.com\/\" target=\"_blank\" rel=\"noopener\">MBM &#8211; Maybommini.com<\/a><\/p>\n<p><a href=\"https:\/\/maybommini.com\/wp-content\/uploads\/2016\/03\/ong-day-phun-suong.jpg\" target=\"_blank\" rel=\"noopener\"><img decoding=\"async\" class=\"size-full wp-image-244919 aligncenter\" src=\"https:\/\/maybommini.com\/wp-content\/uploads\/2016\/03\/ong-day-phun-suong.jpg\" alt=\"ong day phun suong\" width=\"550\" height=\"550\" srcset=\"https:\/\/maybommini.vn\/wp-content\/uploads\/2016\/03\/ong-day-phun-suong.jpg 550w, https:\/\/maybommini.vn\/wp-content\/uploads\/2016\/03\/ong-day-phun-suong-300x300.jpg 300w, https:\/\/maybommini.vn\/wp-content\/uploads\/2016\/03\/ong-day-phun-suong-150x150.jpg 150w\" sizes=\"(max-width: 550px) 100vw, 550px\" \/><\/a><\/p>\n<p><strong>CTY TNHH TH\u01af\u01a0NG M\u1ea0I D\u1ecaCH V\u1ee4 \u0110I\u1ec6N M\u00c1Y TH\u00d4NG MINH<\/strong><br \/>\nHotline: 02873030399 &#8211; 0907294310<br \/>\nEmail: maybommini.com@gmail.com<br \/>\nWebsite: http:\/\/maybommini.com<br \/>\nFacebook: <a href=\"https:\/\/www.facebook.com\/maybommini\" target=\"_blank\" rel=\"noopener\">https:\/\/www.facebook.com\/maybommini<\/a><br \/>\nGoogle: <a href=\"https:\/\/plus.google.com\/ Maybomnuocminiruaxe\" target=\"_blank\" rel=\"noopener\">https:\/\/plus.google.com\/ Maybomnuocminiruaxe<\/a><br \/>\nYoutube demo: <a href=\"https:\/\/www.youtube.com\/bahamasali\" target=\"_blank\" rel=\"noopener\">https:\/\/www.youtube.com\/bahamasali<\/a><\/p>\n<h3 style=\"text-align: center;\">\u1ed0ng phun s\u01b0\u01a1ng PU 8mm<\/h3>\n","protected":false},"excerpt":{"rendered":"<p>\u1ed0ng lo\u1ea1i: PU<br \/>\n\u0110\u01b0\u1eddng k\u00ednh: 8mm<br \/>\nCh\u1ecbu\u00a0\u0111\u01b0\u1ee3c n\u1eafng m\u01b0a.<br \/>\nU\u1ed1n co t\u1ed1t.<br \/>\nCu\u1ed9n d\u00e0i: 100 m\u00e9t<br \/>\nS\u1ea3n xu\u1ea5t: Taiwan<br \/>\nPhun s\u01b0\u01a1ng l\u00e0m m\u00e1t<br \/>\nPh\u00e2n ph\u1ed1i: Maybommini.com<br \/>\nH\u00f4\u0309 tr\u01a1\u0323 ky\u0303 thu\u00e2\u0323t vi\u0303nh vi\u00ea\u0303n.<br \/>\n<strong>T\u01af V\u1ea4N K\u1ef8 THU\u1eacT \u2013 MUA H\u00c0NG<br \/>\nMUA S\u1ed0 L\u01af\u1ee2NG C\u00d3 GI\u00c1 S\u1ec8<\/strong><br \/>\n0908997823 \u2013 0908997872<br \/>\n0907294310 \u2013 02873030399<\/p>\n","protected":false},"featured_media":256063,"comment_status":"open","ping_status":"closed","template":"","meta":[],"product_brand":[2227],"product_cat":[444,367,214,2034],"product_tag":[520,923,585,586,3093,277,587,2420,483],"class_list":{"0":"post-256016","1":"product","2":"type-product","3":"status-publish","4":"has-post-thumbnail","6":"product_brand-mtm","7":"product_cat-phu-kien-phun-suong","8":"product_cat-he-thong-phun-suong","9":"product_cat-phu-kien-bom-nuoc","10":"product_cat-ong-day","11":"product_tag-ong-8mm","12":"product_tag-ong-nuoc","13":"product_tag-ong-phun-suong","14":"product_tag-ong-pu","15":"product_tag-ong-tuoi-cay","16":"product_tag-phun-suong","17":"product_tag-phun-suong-lam-mat","18":"product_tag-phun-suong-tuoi-cay","19":"product_tag-pu","21":"first","22":"instock","23":"sale","24":"shipping-taxable","25":"purchasable","26":"product-type-simple"},"_links":{"self":[{"href":"https:\/\/maybommini.vn\/index.php?rest_route=\/wp\/v2\/product\/256016","targetHints":{"allow":["GET"]}}],"collection":[{"href":"https:\/\/maybommini.vn\/index.php?rest_route=\/wp\/v2\/product"}],"about":[{"href":"https:\/\/maybommini.vn\/index.php?rest_route=\/wp\/v2\/types\/product"}],"replies":[{"embeddable":true,"href":"https:\/\/maybommini.vn\/index.php?rest_route=%2Fwp%2Fv2%2Fcomments&post=256016"}],"wp:featuredmedia":[{"embeddable":true,"href":"https:\/\/maybommini.vn\/index.php?rest_route=\/wp\/v2\/media\/256063"}],"wp:attachment":[{"href":"https:\/\/maybommini.vn\/index.php?rest_route=%2Fwp%2Fv2%2Fmedia&parent=256016"}],"wp:term":[{"taxonomy":"product_brand","embeddable":true,"href":"https:\/\/maybommini.vn\/index.php?rest_route=%2Fwp%2Fv2%2Fproduct_brand&post=256016"},{"taxonomy":"product_cat","embeddable":true,"href":"https:\/\/maybommini.vn\/index.php?rest_route=%2Fwp%2Fv2%2Fproduct_cat&post=256016"},{"taxonomy":"product_tag","embeddable":true,"href":"https:\/\/maybommini.vn\/index.php?rest_route=%2Fwp%2Fv2%2Fproduct_tag&post=256016"}],"curies":[{"name":"wp","href":"https:\/\/api.w.org\/{rel}","templated":true}]}}