{"id":256018,"date":"2018-04-12T19:28:41","date_gmt":"2018-04-12T12:28:41","guid":{"rendered":"https:\/\/maybommini.com\/san-pham\/import-placeholder-for-252345"},"modified":"2018-05-14T00:05:41","modified_gmt":"2018-05-13T17:05:41","slug":"dau-cam-nguon-dc-duc","status":"publish","type":"product","link":"https:\/\/maybommini.vn\/?product=dau-cam-nguon-dc-duc","title":{"rendered":"\u0110\u1ea7u c\u1eafm ngu\u1ed3n DC \u0111\u1ef1c"},"content":{"rendered":"<p><strong>\u0110\u1ea7u c\u1eafm ngu\u1ed3n DC \u0111\u1ef1c\u00a0v\u1eb7n v\u00edt kh\u00f4ng c\u1ea7n h\u00e0n, s\u1eed d\u1ee5ng trong c\u00e1c thi\u1ebft b\u1ecb c\u00f3 ngu\u1ed3n DC, m\u00e1y b\u01a1m n\u01b0\u1edbc mini, camera &#8230; Jack DC c\u1ea5m ngu\u1ed3n\u00a0\u0111i\u1ec7n Adapter<\/strong><a href=\"http:\/\/maybommini.com\/wp-content\/uploads\/2016\/03\/dau-noi-nguon-may-bom.jpg\" rel=\"attachment wp-att-244807 noopener\" target=\"_blank\"><br \/>\n<\/a>\u00a0<a href=\"http:\/\/maybommini.com\/wp-content\/uploads\/2016\/03\/dau-noi-nguon-may-bom-duc.jpg\" rel=\"attachment wp-att-244927 noopener\" target=\"_blank\"><img decoding=\"async\" class=\"size-full wp-image-244927 aligncenter\" src=\"http:\/\/maybommini.com\/wp-content\/uploads\/2016\/03\/dau-noi-nguon-may-bom-duc.jpg\" alt=\"dau-noi-nguon-may-bom-duc\" width=\"750\" height=\"485\" srcset=\"https:\/\/maybommini.vn\/wp-content\/uploads\/2016\/03\/dau-noi-nguon-may-bom-duc.jpg 750w, https:\/\/maybommini.vn\/wp-content\/uploads\/2016\/03\/dau-noi-nguon-may-bom-duc-600x388.jpg 600w, https:\/\/maybommini.vn\/wp-content\/uploads\/2016\/03\/dau-noi-nguon-may-bom-duc-300x194.jpg 300w\" sizes=\"(max-width: 750px) 100vw, 750px\" \/><\/a><\/p>\n<p>Female 5.5&#215;2.1mm DC Plug Connector with Screw Terminals<br \/>\n\u0110\u1ea7u c\u1eafm ngu\u1ed3n DC c\u00e1i v\u0103n v\u00edt kh\u00f4ng c\u1ea7n h\u00e0n<br \/>\n\u0110\u1ea7u c\u1eafm ngu\u1ed3n camera<br \/>\nFemale 5.5&#215;2.1mm DC Plug Connector with Screw Terminals<\/p>\n<h3 style=\"text-align: center;\"><strong>\u0110\u1ea6U C\u1eaeM NGU\u1ed2N<\/strong><\/h3>\n<p><img decoding=\"async\" class=\"size-full wp-image-244928 aligncenter\" src=\"http:\/\/maybommini.com\/wp-content\/uploads\/2016\/03\/Jack-DC-duc.jpg\" alt=\"Jack-DC-duc\" width=\"550\" height=\"550\" srcset=\"https:\/\/maybommini.vn\/wp-content\/uploads\/2016\/03\/Jack-DC-duc.jpg 550w, https:\/\/maybommini.vn\/wp-content\/uploads\/2016\/03\/Jack-DC-duc-300x300.jpg 300w, https:\/\/maybommini.vn\/wp-content\/uploads\/2016\/03\/Jack-DC-duc-150x150.jpg 150w\" sizes=\"(max-width: 550px) 100vw, 550px\" \/><\/p>\n<p>\u0110\u1ea5u c\u1eafm ngu\u1ed3n DC l\u00e0 lo\u1ea1i jack c\u1eafm nhanh s\u1eed d\u1ee5ng cho m\u00e1y b\u01a1m\u00a0\u00e1p l\u1ef1c mini 12v 24v, thi\u1ebft b\u1ecb\u00a0\u0111i\u1ec7n 12v 24v kh\u00e1c r\u1ea5t ti\u1ec7n d\u1ee5ng m\u00e0 b\u1ea1n kh\u00f4ng c\u1ea7n ph\u1ea3i h\u00e0n n\u1ed1i d\u00e2y ngu\u1ed3n l\u1ea1i v\u1edbi nhau.<\/p>\n<p>Jack n\u00e0y d\u00f9ng\u00a0\u0111\u01b0\u1ee3c cho c\u00e1c thi\u1ebft b\u1ecb c\u00f3 c\u00f4ng su\u1ea5t d\u01b0\u1edbi 100W ch\u1ecbu t\u1ea3i 8A m\u00e0 kh\u00f4ng b\u1ecb n\u00f3ng ch\u1ea3y.<\/p>\n<p><a href=\"https:\/\/maybommini.com\/wp-content\/uploads\/2018\/04\/Jack-DC-duc-1.jpg\" target=\"_blank\" rel=\"noopener\"><img decoding=\"async\" class=\"size-full wp-image-258484 aligncenter\" src=\"https:\/\/maybommini.com\/wp-content\/uploads\/2018\/04\/Jack-DC-duc-1.jpg\" alt=\"Jack DC Duc\" width=\"750\" height=\"750\" srcset=\"https:\/\/maybommini.vn\/wp-content\/uploads\/2018\/04\/Jack-DC-duc-1.jpg 750w, https:\/\/maybommini.vn\/wp-content\/uploads\/2018\/04\/Jack-DC-duc-1-300x300.jpg 300w, https:\/\/maybommini.vn\/wp-content\/uploads\/2018\/04\/Jack-DC-duc-1-150x150.jpg 150w, https:\/\/maybommini.vn\/wp-content\/uploads\/2018\/04\/Jack-DC-duc-1-600x600.jpg 600w\" sizes=\"(max-width: 750px) 100vw, 750px\" \/><\/a><\/p>\n<p><strong>MUA\u00a0<\/strong><strong>B\u1ed8 JACK C\u1eaeM NGU\u1ed2N DC<\/strong><strong>\u00a0\u1ede \u0110\u00c2U ?<\/strong><\/p>\n<p>M\u1ecdi chi ti\u1ebft vui l\u00f2ng li\u00ean h\u1ec7 tr\u1ef1c ti\u1ebfp cho ch\u00fang t\u00f4i \u0111\u1ec3 \u0111\u01b0\u1ee3c t\u01b0 v\u1ea5n theo nhu c\u1ea7u \u0111\u1ec3 c\u00f3 \u0111\u01b0\u1ee3c b\u1ed9 s\u1ea3n ph\u1ea9m t\u1ed1t nh\u1ea5t v\u00e0 ti\u1ebft ki\u1ec7m.\u00a0B\u1ea1n \u1edf xa v\u1eabn c\u00f3 th\u1ec3 mua h\u00e0ng v\u00e0 giao h\u00e0ng <a title=\"thanh to\u00e1n\" href=\"http:\/\/maybommini.com\/thanh-toan\" target=\"_blank\" rel=\"noopener\">thanh to\u00e1n<\/a> ti\u1ec1n t\u1ea1i nh\u00e0.<\/p>\n<p><strong>CTY TNHH TH\u01af\u01a0NG M\u1ea0I D\u1ecaCH V\u1ee4 \u0110I\u1ec6N M\u00c1Y TH\u00d4NG MINH<\/strong><br \/>\nHotline : 090 729 4310<br \/>\nEmail : maybommini.com@gmail.com<br \/>\nWebsite : http:\/\/maybommini.com<br \/>\nFacebook : <a href=\"https:\/\/www.facebook.com\/maybommini\" target=\"_blank\" rel=\"noopener\">https:\/\/www.facebook.com\/maybommini<\/a><br \/>\nGoogle : <a href=\"https:\/\/plus.google.com\/ Maybomnuocminiruaxe\" target=\"_blank\" rel=\"noopener\">https:\/\/plus.google.com\/ Maybomnuocminiruaxe<\/a><br \/>\nYoutube demo : <a href=\"https:\/\/www.youtube.com\/bahamasali\" target=\"_blank\" rel=\"noopener\">https:\/\/www.youtube.com\/bahamasali<\/a><\/p>\n<h3 style=\"text-align: center;\">\u0110\u1ea7u c\u1eafm ngu\u1ed3n DC \u0111\u1ef1c<\/h3>\n","protected":false},"excerpt":{"rendered":"<p>\u0110\u1ea7u c\u1eafm ngu\u1ed3n DC\u00a0\u0111\u1ef1c<br \/>\nV\u1eb7n v\u00edt kh\u00f4ng c\u1ea7n h\u00e0n<br \/>\nCh\u1ea5t li\u1ec7u nh\u1ef1a cao c\u1ea5p<br \/>\nD\u00f9ng c\u1eafm ngu\u1ed3n DC<br \/>\n\u0110\u1ea7u c\u1eafm ngu\u1ed3n camera<br \/>\nFemale 5.5&#215;2.1mm DC Plug Connector with Screw Terminals<br \/>\nSize: 5.5 x 2.1 mm<\/p>\n","protected":false},"featured_media":258484,"comment_status":"open","ping_status":"closed","template":"","meta":[],"product_brand":[],"product_cat":[257],"product_tag":[539,540,541,231,260,291,542],"class_list":{"0":"post-256018","1":"product","2":"type-product","3":"status-publish","4":"has-post-thumbnail","6":"product_cat-nguon-dien-adapter-sac-pin-binh","7":"product_tag-dc","8":"product_tag-dau-cam","9":"product_tag-jack","10":"product_tag-may-bom-mini","11":"product_tag-nguon","12":"product_tag-phu-kien","13":"product_tag-phu-kien-bom-nuoc-mini","15":"first","16":"instock","17":"sale","18":"shipping-taxable","19":"purchasable","20":"product-type-simple"},"_links":{"self":[{"href":"https:\/\/maybommini.vn\/index.php?rest_route=\/wp\/v2\/product\/256018","targetHints":{"allow":["GET"]}}],"collection":[{"href":"https:\/\/maybommini.vn\/index.php?rest_route=\/wp\/v2\/product"}],"about":[{"href":"https:\/\/maybommini.vn\/index.php?rest_route=\/wp\/v2\/types\/product"}],"replies":[{"embeddable":true,"href":"https:\/\/maybommini.vn\/index.php?rest_route=%2Fwp%2Fv2%2Fcomments&post=256018"}],"wp:featuredmedia":[{"embeddable":true,"href":"https:\/\/maybommini.vn\/index.php?rest_route=\/wp\/v2\/media\/258484"}],"wp:attachment":[{"href":"https:\/\/maybommini.vn\/index.php?rest_route=%2Fwp%2Fv2%2Fmedia&parent=256018"}],"wp:term":[{"taxonomy":"product_brand","embeddable":true,"href":"https:\/\/maybommini.vn\/index.php?rest_route=%2Fwp%2Fv2%2Fproduct_brand&post=256018"},{"taxonomy":"product_cat","embeddable":true,"href":"https:\/\/maybommini.vn\/index.php?rest_route=%2Fwp%2Fv2%2Fproduct_cat&post=256018"},{"taxonomy":"product_tag","embeddable":true,"href":"https:\/\/maybommini.vn\/index.php?rest_route=%2Fwp%2Fv2%2Fproduct_tag&post=256018"}],"curies":[{"name":"wp","href":"https:\/\/api.w.org\/{rel}","templated":true}]}}