{"id":256019,"date":"2018-04-12T19:28:41","date_gmt":"2018-04-12T12:28:41","guid":{"rendered":"https:\/\/maybommini.com\/san-pham\/import-placeholder-for-252346"},"modified":"2025-09-13T19:01:07","modified_gmt":"2025-09-13T12:01:07","slug":"nguon-to-ong-bien-the-220v-ra-24v-40a-960w","status":"publish","type":"product","link":"https:\/\/maybommini.vn\/?product=nguon-to-ong-bien-the-220v-ra-24v-40a-960w","title":{"rendered":"Ngu\u1ed3n t\u1ed5 ong bi\u1ebfn th\u1ebf 220V ra 24V 40A 960W"},"content":{"rendered":"<h3><strong>Cung c\u1ea5p ph\u00e2n ph\u1ed1i ngu\u1ed3n t\u1ed5 ong bi\u1ebfn th\u1ebf 220V ra 24V 40A 960W s\u1eed d\u1ee5ng cho c\u00e1c thi\u1ebft b\u1ecb \u0111i\u1ec7n 12V DC nh\u01b0 \u0111\u00e8n LED m\u1ea1ch \u0111i\u1ec7n, motor, m\u00e1y m\u00f3c, thi\u1ebft b\u1ecb \u0111i\u1ec7n t\u1eed, m\u00e1y b\u01a1m mini, camera, modem box v\u00e0 thi\u1ebft b\u1ecb kh\u00e1c.<\/strong><\/h3>\n<p><a href=\"https:\/\/maybommini.com\/wp-content\/uploads\/2018\/04\/Nguon-to-ong-24V-40A-960W.jpg\" target=\"_blank\" rel=\"noopener\"><img decoding=\"async\" class=\"size-full wp-image-264065 aligncenter\" src=\"https:\/\/maybommini.com\/wp-content\/uploads\/2018\/04\/Nguon-to-ong-24V-40A-960W.jpg\" alt=\"Nguon To Ong 24V 40A 960W\" width=\"750\" height=\"750\" srcset=\"https:\/\/maybommini.vn\/wp-content\/uploads\/2018\/04\/Nguon-to-ong-24V-40A-960W.jpg 750w, https:\/\/maybommini.vn\/wp-content\/uploads\/2018\/04\/Nguon-to-ong-24V-40A-960W-300x300.jpg 300w, https:\/\/maybommini.vn\/wp-content\/uploads\/2018\/04\/Nguon-to-ong-24V-40A-960W-150x150.jpg 150w, https:\/\/maybommini.vn\/wp-content\/uploads\/2018\/04\/Nguon-to-ong-24V-40A-960W-600x600.jpg 600w\" sizes=\"(max-width: 750px) 100vw, 750px\" \/><\/a><\/p>\n<p><strong>TH\u00d4NG S\u1ed0 K\u1ef8 THU\u1eacT<\/strong><br \/>\nModel: NTO-24V-40A<br \/>\n\u0110i\u1ec7n v\u00e0o: AC 110-260V 50\/60HZ<br \/>\n\u0110i\u1ec7n ra: DC 24V 40A<br \/>\nC\u00f4ng xu\u1ea5t: 960W<br \/>\nLed b\u00e1o ngu\u1ed3n.<br \/>\nCh\u1ea5t li\u1ec7u: Nh\u00f4m \u2013 Kim Lo\u1ea1i.<br \/>\nTi\u00eau chu\u1ea9n an to\u00e0n: CE, RoHS, EMC, LVD<br \/>\nCh\u1ee9c n\u0103ng b\u1ea3o v\u1ec7 ng\u1eafn m\u1ea1ch.<br \/>\nC\u00f3 qu\u1ea1t t\u1ea3n nhi\u1ec7t.<br \/>\nK\u00edch th\u01b0\u1edbc: 215 x 112 x 68 mm.<br \/>\nTr\u1ecdng l\u01b0\u1ee3ng: 1500 gam.<\/p>\n<p><a href=\"https:\/\/maybommini.com\/wp-content\/uploads\/2018\/04\/linh-kien-ben-trong-nguon-to-ong.jpg\" rel=\"lightbox[255753] noopener\" target=\"_blank\"><img decoding=\"async\" class=\"size-full wp-image-264048 aligncenter\" src=\"https:\/\/maybommini.com\/wp-content\/uploads\/2018\/04\/linh-kien-ben-trong-nguon-to-ong.jpg\" sizes=\"(max-width: 750px) 100vw, 750px\" srcset=\"https:\/\/maybommini.com\/wp-content\/uploads\/2018\/04\/linh-kien-ben-trong-nguon-to-ong.jpg 750w, https:\/\/maybommini.com\/wp-content\/uploads\/2018\/04\/linh-kien-ben-trong-nguon-to-ong-150x150.jpg 150w, https:\/\/maybommini.com\/wp-content\/uploads\/2018\/04\/linh-kien-ben-trong-nguon-to-ong-300x300.jpg 300w, https:\/\/maybommini.com\/wp-content\/uploads\/2018\/04\/linh-kien-ben-trong-nguon-to-ong-600x600.jpg 600w, https:\/\/maybommini.com\/wp-content\/uploads\/2018\/04\/linh-kien-ben-trong-nguon-to-ong-100x100.jpg 100w\" alt=\"Linh Kien Ben Trong Nguon To Ong\" width=\"750\" height=\"750\" \/><\/a><a href=\"https:\/\/maybommini.com\/wp-content\/uploads\/2018\/04\/nguon-to-ong-1.jpg\" rel=\"lightbox[255753] noopener\" target=\"_blank\"><img decoding=\"async\" class=\"size-full wp-image-264052 aligncenter\" src=\"https:\/\/maybommini.com\/wp-content\/uploads\/2018\/04\/nguon-to-ong-1.jpg\" sizes=\"(max-width: 750px) 100vw, 750px\" srcset=\"https:\/\/maybommini.com\/wp-content\/uploads\/2018\/04\/nguon-to-ong-1.jpg 750w, https:\/\/maybommini.com\/wp-content\/uploads\/2018\/04\/nguon-to-ong-1-150x150.jpg 150w, https:\/\/maybommini.com\/wp-content\/uploads\/2018\/04\/nguon-to-ong-1-300x300.jpg 300w, https:\/\/maybommini.com\/wp-content\/uploads\/2018\/04\/nguon-to-ong-1-600x600.jpg 600w, https:\/\/maybommini.com\/wp-content\/uploads\/2018\/04\/nguon-to-ong-1-100x100.jpg 100w\" alt=\"Nguon To Ong\" width=\"750\" height=\"750\" \/><\/a><a href=\"https:\/\/maybommini.com\/wp-content\/uploads\/2018\/04\/power-supply-12V-24V.jpg\" rel=\"lightbox[255753] noopener\" target=\"_blank\"><img decoding=\"async\" class=\"size-full wp-image-264067 aligncenter\" src=\"https:\/\/maybommini.com\/wp-content\/uploads\/2018\/04\/power-supply-12V-24V.jpg\" sizes=\"(max-width: 750px) 100vw, 750px\" srcset=\"https:\/\/maybommini.com\/wp-content\/uploads\/2018\/04\/power-supply-12V-24V.jpg 750w, https:\/\/maybommini.com\/wp-content\/uploads\/2018\/04\/power-supply-12V-24V-150x150.jpg 150w, https:\/\/maybommini.com\/wp-content\/uploads\/2018\/04\/power-supply-12V-24V-300x300.jpg 300w, https:\/\/maybommini.com\/wp-content\/uploads\/2018\/04\/power-supply-12V-24V-600x600.jpg 600w, https:\/\/maybommini.com\/wp-content\/uploads\/2018\/04\/power-supply-12V-24V-100x100.jpg 100w\" alt=\"Power Supply 12V 24V\" width=\"750\" height=\"750\" \/><\/a><\/p>\n<p><a href=\"https:\/\/maybommini.com\/wp-content\/uploads\/2018\/04\/thong-so-nguon-to-ong-12v-24v.jpg\" rel=\"lightbox[255753] noopener\" target=\"_blank\"><img decoding=\"async\" class=\"size-full wp-image-264068 aligncenter\" src=\"https:\/\/maybommini.com\/wp-content\/uploads\/2018\/04\/thong-so-nguon-to-ong-12v-24v.jpg\" sizes=\"(max-width: 750px) 100vw, 750px\" srcset=\"https:\/\/maybommini.com\/wp-content\/uploads\/2018\/04\/thong-so-nguon-to-ong-12v-24v.jpg 750w, https:\/\/maybommini.com\/wp-content\/uploads\/2018\/04\/thong-so-nguon-to-ong-12v-24v-150x150.jpg 150w, https:\/\/maybommini.com\/wp-content\/uploads\/2018\/04\/thong-so-nguon-to-ong-12v-24v-300x300.jpg 300w, https:\/\/maybommini.com\/wp-content\/uploads\/2018\/04\/thong-so-nguon-to-ong-12v-24v-600x600.jpg 600w, https:\/\/maybommini.com\/wp-content\/uploads\/2018\/04\/thong-so-nguon-to-ong-12v-24v-100x100.jpg 100w\" alt=\"Thong So Nguon To Ong 12v 24v\" width=\"750\" height=\"750\" \/><\/a><\/p>\n<p><a href=\"https:\/\/maybommini.com\/wp-content\/uploads\/2018\/04\/nguon-dien-gia-re-chat-luon.jpg\" rel=\"lightbox[255753] noopener\" target=\"_blank\"><img decoding=\"async\" class=\"size-full wp-image-264051 aligncenter\" src=\"https:\/\/maybommini.com\/wp-content\/uploads\/2018\/04\/nguon-dien-gia-re-chat-luon.jpg\" sizes=\"(max-width: 750px) 100vw, 750px\" srcset=\"https:\/\/maybommini.com\/wp-content\/uploads\/2018\/04\/nguon-dien-gia-re-chat-luon.jpg 750w, https:\/\/maybommini.com\/wp-content\/uploads\/2018\/04\/nguon-dien-gia-re-chat-luon-150x150.jpg 150w, https:\/\/maybommini.com\/wp-content\/uploads\/2018\/04\/nguon-dien-gia-re-chat-luon-300x300.jpg 300w, https:\/\/maybommini.com\/wp-content\/uploads\/2018\/04\/nguon-dien-gia-re-chat-luon-600x600.jpg 600w, https:\/\/maybommini.com\/wp-content\/uploads\/2018\/04\/nguon-dien-gia-re-chat-luon-100x100.jpg 100w\" alt=\"Nguon Dien Gia Re Chat Luon\" width=\"750\" height=\"750\" \/><\/a><\/p>\n<p><strong>H\u01af\u1edaNG D\u1eaaN S\u1eec D\u1ee4NG ADAPTER BI\u1ebeN TH\u1ebe<\/strong><br \/>\nC\u1eafm tr\u1ef1c ti\u1ebfp v\u00e0o ngu\u1ed3n \u0111i\u1ec7n 110V \u2013 220V AC v\u00e0o c\u1ed5ng (L) v\u00e0 (N).<br \/>\nNgu\u1ed3n ra 24V s\u1eed d\u1ee5ng c\u1ed5ng (COM V-) l\u00e0 c\u1ef1c \u00e2m v\u00e0 (V +) l\u00e0 c\u1ef1c d\u01b0\u01a1ng.<br \/>\nTr\u00e1nh s\u1eed d\u1ee5ng cho thi\u1ebft b\u1ecb qu\u00e1 c\u00f4ng su\u1ea5t c\u1ee7a bi\u1ebfn th\u1ebf ngu\u1ed3n \u0111i\u1ec7n t\u1ed5 \u00f4ng.<br \/>\nN\u00ean s\u1eed d\u1ee5ng t\u1ed1i \u0111a 80% c\u00f4ng su\u1ea5t c\u1ee7a ngu\u1ed3n \u0111i\u1ec7n \u0111\u1ec3 \u0111\u1ea3m b\u1ea3o ngu\u1ed3n ho\u1ea1t \u0111\u1ed9ng t\u1ed1t l\u00e2u d\u00e0i.<br \/>\nS\u1eed d\u1ee5ng n\u01a1i tho\u00e1ng m\u00e1t v\u00e0 kh\u00f4 r\u00e1o.<br \/>\nT\u1eaft ngu\u1ed3n \u0111i\u1ec7n AC 110v~220V n\u1ebfu kh\u00f4ng s\u1eed d\u1ee5ng trong th\u1eddi gian d\u00e0i.<\/p>\n<p><a href=\"https:\/\/maybommini.com\/wp-content\/uploads\/2018\/04\/cach-su-dung-nguon-to-ong.jpg\" rel=\"lightbox[255753] noopener\" target=\"_blank\"><img decoding=\"async\" class=\"size-full wp-image-264046 aligncenter\" src=\"https:\/\/maybommini.com\/wp-content\/uploads\/2018\/04\/cach-su-dung-nguon-to-ong.jpg\" sizes=\"(max-width: 750px) 100vw, 750px\" srcset=\"https:\/\/maybommini.com\/wp-content\/uploads\/2018\/04\/cach-su-dung-nguon-to-ong.jpg 750w, https:\/\/maybommini.com\/wp-content\/uploads\/2018\/04\/cach-su-dung-nguon-to-ong-150x150.jpg 150w, https:\/\/maybommini.com\/wp-content\/uploads\/2018\/04\/cach-su-dung-nguon-to-ong-300x300.jpg 300w, https:\/\/maybommini.com\/wp-content\/uploads\/2018\/04\/cach-su-dung-nguon-to-ong-600x600.jpg 600w, https:\/\/maybommini.com\/wp-content\/uploads\/2018\/04\/cach-su-dung-nguon-to-ong-100x100.jpg 100w\" alt=\"Cach Su Dung Nguon To Ong\" width=\"750\" height=\"750\" \/><\/a><a href=\"https:\/\/maybommini.com\/wp-content\/uploads\/2018\/04\/nguon-dien-den-led-va-may-bom-mini.jpg\" rel=\"lightbox[255753] noopener\" target=\"_blank\"><img decoding=\"async\" class=\"size-full wp-image-264050 aligncenter\" src=\"https:\/\/maybommini.com\/wp-content\/uploads\/2018\/04\/nguon-dien-den-led-va-may-bom-mini.jpg\" sizes=\"(max-width: 750px) 100vw, 750px\" srcset=\"https:\/\/maybommini.com\/wp-content\/uploads\/2018\/04\/nguon-dien-den-led-va-may-bom-mini.jpg 750w, https:\/\/maybommini.com\/wp-content\/uploads\/2018\/04\/nguon-dien-den-led-va-may-bom-mini-150x150.jpg 150w, https:\/\/maybommini.com\/wp-content\/uploads\/2018\/04\/nguon-dien-den-led-va-may-bom-mini-300x300.jpg 300w, https:\/\/maybommini.com\/wp-content\/uploads\/2018\/04\/nguon-dien-den-led-va-may-bom-mini-600x600.jpg 600w, https:\/\/maybommini.com\/wp-content\/uploads\/2018\/04\/nguon-dien-den-led-va-may-bom-mini-100x100.jpg 100w\" alt=\"Nguon Dien Den Led Va May Bom Mini\" width=\"750\" height=\"750\" \/><\/a><\/p>\n<p><strong>\u1ee8NG D\u1ee4NG BI\u1ebeN TH\u1ebe NGU\u1ed2N \u0110I\u1ec6N ADAPTER<\/strong><br \/>\nS\u1eed d\u1ee5ng cho m\u00e1y b\u01a1m mini 24V.<br \/>\nS\u1eed d\u1ee5ng cho thi\u1ebft b\u1ecb \u0111i\u1ec7n t\u1eed, m\u1ea1ch \u0111i\u1ec7n t\u1eed.<br \/>\nNgu\u1ed3n \u0111i\u1ec7n cho camera, chu\u00f4ng c\u1eeda, kh\u00f3a c\u1eeda v\u00e2n tay, kh\u00f3a c\u1eeda t\u1ef1 \u0111\u1ed9ng, m\u00e1y ch\u1ea5m c\u00f4ng.<br \/>\nNgu\u1ed3n \u0111i\u1ec7n \u0111\u00e8n LED, \u0111\u00e8n chi\u1ebfu s\u00e1ng.<br \/>\nNgu\u1ed3n \u0111i\u1ec7n loa nghe nh\u1ea1c box.<br \/>\nBi\u1ebfn th\u1ebf ngu\u1ed3n thi\u1ebft b\u1ecb m\u1ea1ng Modem Hub Switch.<br \/>\nNgu\u1ed3n \u0111i\u1ec7n Box TV, Box HDD, M\u00e0n h\u00ecnh, m\u00e1y Pop, ngu\u1ed3n m\u00e1y in 3D<br \/>\nV\u00e0 s\u1eed d\u1ee5ng l\u00e0m ngu\u1ed3n \u0111i\u1ec7n cho nhi\u1ec1u thi\u1ebft b\u1ecb kh\u00e1c.<\/p>\n<p><a href=\"https:\/\/maybommini.com\/wp-content\/uploads\/2018\/04\/ung-dung-nguon-dien-den-LED.jpg\" rel=\"lightbox[255753] noopener\" target=\"_blank\"><img decoding=\"async\" class=\"size-full wp-image-264069 aligncenter\" src=\"https:\/\/maybommini.com\/wp-content\/uploads\/2018\/04\/ung-dung-nguon-dien-den-LED.jpg\" sizes=\"(max-width: 750px) 100vw, 750px\" srcset=\"https:\/\/maybommini.com\/wp-content\/uploads\/2018\/04\/ung-dung-nguon-dien-den-LED.jpg 750w, https:\/\/maybommini.com\/wp-content\/uploads\/2018\/04\/ung-dung-nguon-dien-den-LED-150x150.jpg 150w, https:\/\/maybommini.com\/wp-content\/uploads\/2018\/04\/ung-dung-nguon-dien-den-LED-300x300.jpg 300w, https:\/\/maybommini.com\/wp-content\/uploads\/2018\/04\/ung-dung-nguon-dien-den-LED-600x600.jpg 600w, https:\/\/maybommini.com\/wp-content\/uploads\/2018\/04\/ung-dung-nguon-dien-den-LED-100x100.jpg 100w\" alt=\"Ung Dung Nguon Dien Den LED\" width=\"750\" height=\"750\" \/><\/a><a href=\"https:\/\/maybommini.com\/wp-content\/uploads\/2018\/04\/nguon-12v-24v-den-led-camera-may-bom-nuoc.jpg\" rel=\"lightbox[255753] noopener\" target=\"_blank\"><img decoding=\"async\" class=\"size-full wp-image-264049 aligncenter\" src=\"https:\/\/maybommini.com\/wp-content\/uploads\/2018\/04\/nguon-12v-24v-den-led-camera-may-bom-nuoc.jpg\" sizes=\"(max-width: 750px) 100vw, 750px\" srcset=\"https:\/\/maybommini.com\/wp-content\/uploads\/2018\/04\/nguon-12v-24v-den-led-camera-may-bom-nuoc.jpg 750w, https:\/\/maybommini.com\/wp-content\/uploads\/2018\/04\/nguon-12v-24v-den-led-camera-may-bom-nuoc-150x150.jpg 150w, https:\/\/maybommini.com\/wp-content\/uploads\/2018\/04\/nguon-12v-24v-den-led-camera-may-bom-nuoc-300x300.jpg 300w, https:\/\/maybommini.com\/wp-content\/uploads\/2018\/04\/nguon-12v-24v-den-led-camera-may-bom-nuoc-600x600.jpg 600w, https:\/\/maybommini.com\/wp-content\/uploads\/2018\/04\/nguon-12v-24v-den-led-camera-may-bom-nuoc-100x100.jpg 100w\" alt=\"Nguon 12v 24v Den Led Camera May Bom Nuoc\" width=\"750\" height=\"750\" \/><\/a><a href=\"https:\/\/maybommini.com\/wp-content\/uploads\/2018\/04\/ban-dien-dien-to-ong-chat-luong-chinh-hang.jpg\" rel=\"lightbox[255753] noopener\" target=\"_blank\"><img decoding=\"async\" class=\"size-full wp-image-264045 aligncenter\" src=\"https:\/\/maybommini.com\/wp-content\/uploads\/2018\/04\/ban-dien-dien-to-ong-chat-luong-chinh-hang.jpg\" sizes=\"(max-width: 750px) 100vw, 750px\" srcset=\"https:\/\/maybommini.com\/wp-content\/uploads\/2018\/04\/ban-dien-dien-to-ong-chat-luong-chinh-hang.jpg 750w, https:\/\/maybommini.com\/wp-content\/uploads\/2018\/04\/ban-dien-dien-to-ong-chat-luong-chinh-hang-150x150.jpg 150w, https:\/\/maybommini.com\/wp-content\/uploads\/2018\/04\/ban-dien-dien-to-ong-chat-luong-chinh-hang-300x300.jpg 300w, https:\/\/maybommini.com\/wp-content\/uploads\/2018\/04\/ban-dien-dien-to-ong-chat-luong-chinh-hang-600x600.jpg 600w, https:\/\/maybommini.com\/wp-content\/uploads\/2018\/04\/ban-dien-dien-to-ong-chat-luong-chinh-hang-100x100.jpg 100w\" alt=\"Ban Nguon Dien To Ong Chat Luong Chinh Hang\" width=\"750\" height=\"750\" \/><\/a><\/p>\n<p style=\"text-align: center;\"><a href=\"https:\/\/maybommini.com\/wp-content\/uploads\/2018\/04\/phan-phoi-nguon-to-ong.jpg\" rel=\"lightbox[255753] noopener\" target=\"_blank\"><img decoding=\"async\" class=\"size-full wp-image-264066 aligncenter\" src=\"https:\/\/maybommini.com\/wp-content\/uploads\/2018\/04\/phan-phoi-nguon-to-ong.jpg\" sizes=\"(max-width: 750px) 100vw, 750px\" srcset=\"https:\/\/maybommini.com\/wp-content\/uploads\/2018\/04\/phan-phoi-nguon-to-ong.jpg 750w, https:\/\/maybommini.com\/wp-content\/uploads\/2018\/04\/phan-phoi-nguon-to-ong-150x150.jpg 150w, https:\/\/maybommini.com\/wp-content\/uploads\/2018\/04\/phan-phoi-nguon-to-ong-300x300.jpg 300w, https:\/\/maybommini.com\/wp-content\/uploads\/2018\/04\/phan-phoi-nguon-to-ong-600x600.jpg 600w, https:\/\/maybommini.com\/wp-content\/uploads\/2018\/04\/phan-phoi-nguon-to-ong-100x100.jpg 100w\" alt=\"Phan Phoi Nguon To Ong\" width=\"750\" height=\"750\" \/><\/a><a href=\"https:\/\/maybommini.com\/wp-content\/uploads\/2018\/04\/power-supply-12V-24V.jpg\" rel=\"lightbox[255753] noopener\" target=\"_blank\"><img decoding=\"async\" class=\"size-full wp-image-264067 aligncenter\" src=\"https:\/\/maybommini.com\/wp-content\/uploads\/2018\/04\/power-supply-12V-24V.jpg\" sizes=\"(max-width: 750px) 100vw, 750px\" srcset=\"https:\/\/maybommini.com\/wp-content\/uploads\/2018\/04\/power-supply-12V-24V.jpg 750w, https:\/\/maybommini.com\/wp-content\/uploads\/2018\/04\/power-supply-12V-24V-150x150.jpg 150w, https:\/\/maybommini.com\/wp-content\/uploads\/2018\/04\/power-supply-12V-24V-300x300.jpg 300w, https:\/\/maybommini.com\/wp-content\/uploads\/2018\/04\/power-supply-12V-24V-600x600.jpg 600w, https:\/\/maybommini.com\/wp-content\/uploads\/2018\/04\/power-supply-12V-24V-100x100.jpg 100w\" alt=\"Power Supply 12V 24V\" width=\"750\" height=\"750\" \/><\/a><a href=\"https:\/\/maybommini.com\/wp-content\/uploads\/2018\/04\/nguon-to-ong-1.jpg\" rel=\"lightbox[255753] noopener\" target=\"_blank\"><img decoding=\"async\" class=\"size-full wp-image-264052 aligncenter\" src=\"https:\/\/maybommini.com\/wp-content\/uploads\/2018\/04\/nguon-to-ong-1.jpg\" sizes=\"(max-width: 750px) 100vw, 750px\" srcset=\"https:\/\/maybommini.com\/wp-content\/uploads\/2018\/04\/nguon-to-ong-1.jpg 750w, https:\/\/maybommini.com\/wp-content\/uploads\/2018\/04\/nguon-to-ong-1-150x150.jpg 150w, https:\/\/maybommini.com\/wp-content\/uploads\/2018\/04\/nguon-to-ong-1-300x300.jpg 300w, https:\/\/maybommini.com\/wp-content\/uploads\/2018\/04\/nguon-to-ong-1-600x600.jpg 600w, https:\/\/maybommini.com\/wp-content\/uploads\/2018\/04\/nguon-to-ong-1-100x100.jpg 100w\" alt=\"Nguon To Ong\" width=\"750\" height=\"750\" \/><\/a><a href=\"https:\/\/maybommini.com\/wp-content\/uploads\/2018\/04\/ban-dien-dien-to-ong-chat-luong-chinh-hang.jpg\" rel=\"lightbox[255753] noopener\" target=\"_blank\"><img decoding=\"async\" class=\"size-full wp-image-264045 aligncenter\" src=\"https:\/\/maybommini.com\/wp-content\/uploads\/2018\/04\/ban-dien-dien-to-ong-chat-luong-chinh-hang.jpg\" sizes=\"(max-width: 750px) 100vw, 750px\" srcset=\"https:\/\/maybommini.com\/wp-content\/uploads\/2018\/04\/ban-dien-dien-to-ong-chat-luong-chinh-hang.jpg 750w, https:\/\/maybommini.com\/wp-content\/uploads\/2018\/04\/ban-dien-dien-to-ong-chat-luong-chinh-hang-150x150.jpg 150w, https:\/\/maybommini.com\/wp-content\/uploads\/2018\/04\/ban-dien-dien-to-ong-chat-luong-chinh-hang-300x300.jpg 300w, https:\/\/maybommini.com\/wp-content\/uploads\/2018\/04\/ban-dien-dien-to-ong-chat-luong-chinh-hang-600x600.jpg 600w, https:\/\/maybommini.com\/wp-content\/uploads\/2018\/04\/ban-dien-dien-to-ong-chat-luong-chinh-hang-100x100.jpg 100w\" alt=\"Ban Nguon Dien To Ong Chat Luong Chinh Hang\" width=\"750\" height=\"750\" \/><\/a><a href=\"https:\/\/maybommini.com\/wp-content\/uploads\/2018\/04\/cung-cap-phan-phoi-nguon-dien-bien-the-adapter-nguon-to-ong-gia-tot.jpg\" rel=\"lightbox[255753] noopener\" target=\"_blank\"><img decoding=\"async\" class=\"size-full wp-image-264047 aligncenter\" src=\"https:\/\/maybommini.com\/wp-content\/uploads\/2018\/04\/cung-cap-phan-phoi-nguon-dien-bien-the-adapter-nguon-to-ong-gia-tot.jpg\" sizes=\"(max-width: 750px) 100vw, 750px\" srcset=\"https:\/\/maybommini.com\/wp-content\/uploads\/2018\/04\/cung-cap-phan-phoi-nguon-dien-bien-the-adapter-nguon-to-ong-gia-tot.jpg 750w, https:\/\/maybommini.com\/wp-content\/uploads\/2018\/04\/cung-cap-phan-phoi-nguon-dien-bien-the-adapter-nguon-to-ong-gia-tot-150x150.jpg 150w, https:\/\/maybommini.com\/wp-content\/uploads\/2018\/04\/cung-cap-phan-phoi-nguon-dien-bien-the-adapter-nguon-to-ong-gia-tot-300x300.jpg 300w, https:\/\/maybommini.com\/wp-content\/uploads\/2018\/04\/cung-cap-phan-phoi-nguon-dien-bien-the-adapter-nguon-to-ong-gia-tot-600x600.jpg 600w, https:\/\/maybommini.com\/wp-content\/uploads\/2018\/04\/cung-cap-phan-phoi-nguon-dien-bien-the-adapter-nguon-to-ong-gia-tot-100x100.jpg 100w\" alt=\"Cung Cap Phan Phoi Nguon Dien Bien The Adapter Nguon To Ong Gia Tot\" width=\"750\" height=\"750\" \/><\/a><strong><a href=\"https:\/\/maybommini.com\/san-pham\/nguon-to-ong-bien-the-220v-ra-24v-5a-120w\" target=\"_blank\" rel=\"noopener\">Ngu\u1ed3n t\u1ed5 ong bi\u1ebfn th\u1ebf 220V ra 24V 5A 120W<\/a><br \/>\n<a href=\"https:\/\/maybommini.com\/san-pham\/nguon-to-ong-bien-the-220v-ra-24v-10a-240w\" target=\"_blank\" rel=\"noopener\">Ngu\u1ed3n t\u1ed5 ong bi\u1ebfn th\u1ebf 220V ra 24V 10A 240W<\/a><br \/>\n<a href=\"https:\/\/maybommini.com\/san-pham\/nguon-to-ong-bien-the-220v-ra-24v-15a-360w\" target=\"_blank\" rel=\"noopener\">Ngu\u1ed3n t\u1ed5 ong bi\u1ebfn th\u1ebf 220V ra 24V 15A 360W<\/a><br \/>\n<a href=\"https:\/\/maybommini.com\/san-pham\/nguon-to-ong-bien-the-220v-ra-24v-20a-480w\" target=\"_blank\" rel=\"noopener\">Ngu\u1ed3n t\u1ed5 ong bi\u1ebfn th\u1ebf 220V ra 24V 20A 480W<\/a><br \/>\n<a href=\"https:\/\/maybommini.com\/san-pham\/nguon-to-ong-bien-the-220v-ra-12v-30a-360w\" target=\"_blank\" rel=\"noopener\">Ngu\u1ed3n t\u1ed5 ong bi\u1ebfn th\u1ebf 220V ra 24V 30A 720W<\/a><br \/>\nNgu\u1ed3n t\u1ed5 ong bi\u1ebfn th\u1ebf 220V ra 24V 40A 960W<br \/>\n<\/strong><strong>Power Supply Transformer AC TO DC<\/strong><\/p>\n","protected":false},"excerpt":{"rendered":"<p>Model: NTO-24V-40A<br \/>\n\u0110i\u1ec7n v\u00e0o: AC 110-260V 50\/60HZ<br \/>\n\u0110i\u1ec7n ra: DC 24V 40A<br \/>\nC\u00f4ng xu\u1ea5t: 960W<br \/>\nLed b\u00e1o ngu\u1ed3n.<br \/>\nCh\u1ea5t li\u1ec7u: Nh\u00f4m \u2013 Kim Lo\u1ea1i.<br \/>\nTi\u00eau chu\u1ea9n an to\u00e0n: CE, RoHS, EMC, LVD<br \/>\nCh\u1ee9c n\u0103ng b\u1ea3o v\u1ec7 ng\u1eafn m\u1ea1ch.<br \/>\nC\u00f3 qu\u1ea1t t\u1ea3n nhi\u1ec7t.<br \/>\nK\u00edch th\u01b0\u1edbc: 215 x 112 x 68 mm.<br \/>\nTr\u1ecdng l\u01b0\u1ee3ng: 1500 gam.<br \/>\nB\u1ea3o h\u00e0nh: 1 th\u00e1ng<br \/>\nPh\u00e2n ph\u1ed1i: Maybommini.com<br \/>\nH\u00f4\u0309 tr\u01a1\u0323 ky\u0303 thu\u00e2\u0323t vi\u0303nh vi\u00ea\u0303n.<br \/>\nT\u01af V\u1ea4N K\u1ef8 THU\u1eacT \u2013 MUA H\u00c0NG<br \/>\nMUA S\u1ed0 L\u01af\u1ee2NG C\u00d3 GI\u00c1 S\u1ec8<br \/>\n0908997823 \u2013 0908997872<br \/>\n0907294310 \u2013 02873030399<\/p>\n","protected":false},"featured_media":264065,"comment_status":"open","ping_status":"closed","template":"","meta":[],"product_brand":[2227],"product_cat":[3132,214],"product_tag":[3155,3137,573,416,352,491,576,428,959],"class_list":{"0":"post-256019","1":"product","2":"type-product","3":"status-publish","4":"has-post-thumbnail","6":"product_brand-mtm","7":"product_cat-nguon-dien-bien-the-adapter","8":"product_cat-phu-kien-bom-nuoc","9":"product_tag-24v-40a","10":"product_tag-ac-to-dc","11":"product_tag-adapter","12":"product_tag-bien-the","13":"product_tag-doi-dien","14":"product_tag-nguon-24v","15":"product_tag-nguon-dien","16":"product_tag-nguon-may-bom","17":"product_tag-nguon-to-ong","19":"first","20":"instock","21":"featured","22":"shipping-taxable","23":"product-type-simple"},"_links":{"self":[{"href":"https:\/\/maybommini.vn\/index.php?rest_route=\/wp\/v2\/product\/256019","targetHints":{"allow":["GET"]}}],"collection":[{"href":"https:\/\/maybommini.vn\/index.php?rest_route=\/wp\/v2\/product"}],"about":[{"href":"https:\/\/maybommini.vn\/index.php?rest_route=\/wp\/v2\/types\/product"}],"replies":[{"embeddable":true,"href":"https:\/\/maybommini.vn\/index.php?rest_route=%2Fwp%2Fv2%2Fcomments&post=256019"}],"wp:featuredmedia":[{"embeddable":true,"href":"https:\/\/maybommini.vn\/index.php?rest_route=\/wp\/v2\/media\/264065"}],"wp:attachment":[{"href":"https:\/\/maybommini.vn\/index.php?rest_route=%2Fwp%2Fv2%2Fmedia&parent=256019"}],"wp:term":[{"taxonomy":"product_brand","embeddable":true,"href":"https:\/\/maybommini.vn\/index.php?rest_route=%2Fwp%2Fv2%2Fproduct_brand&post=256019"},{"taxonomy":"product_cat","embeddable":true,"href":"https:\/\/maybommini.vn\/index.php?rest_route=%2Fwp%2Fv2%2Fproduct_cat&post=256019"},{"taxonomy":"product_tag","embeddable":true,"href":"https:\/\/maybommini.vn\/index.php?rest_route=%2Fwp%2Fv2%2Fproduct_tag&post=256019"}],"curies":[{"name":"wp","href":"https:\/\/api.w.org\/{rel}","templated":true}]}}