{"id":256020,"date":"2018-04-12T19:28:41","date_gmt":"2018-04-12T12:28:41","guid":{"rendered":"https:\/\/maybommini.com\/san-pham\/import-placeholder-for-252347"},"modified":"2019-12-28T12:32:23","modified_gmt":"2019-12-28T05:32:23","slug":"nguon-36v-4a-dung-cho-may-bom-nuoc-mini","status":"publish","type":"product","link":"https:\/\/maybommini.vn\/?product=nguon-36v-4a-dung-cho-may-bom-nuoc-mini","title":{"rendered":"Ngu\u1ed3n 36V 4A d\u00f9ng cho m\u00e1y b\u01a1m n\u01b0\u1edbc mini"},"content":{"rendered":"<h3><strong>Ngu\u1ed3n 36V 4A d\u00f9ng cho m\u00e1y b\u01a1m n\u01b0\u1edbc mini \u0111\u00e2y l\u00e0 lo\u1ea1i ngu\u1ed3n chuy\u00ean d\u1ee5ng hay c\u00f2n g\u1ecdi l\u00e0 Adapter \u0111\u00fang c\u00f4ng xu\u1ea5t 48W d\u00f9ng cho m\u00e1y b\u01a1m n\u01b0\u1edbc mini 36V \u00e1p l\u1ef1c d\u00f9ng cho m\u00e1y phun s\u01b0\u01a1ng, m\u00e1y b\u01a1m mini, m\u00e1u l\u1ecdc n\u01b0\u1edbc RO.<\/strong><\/h3>\n<h2 style=\"text-align: center;\"><strong>Ngu\u1ed3n 36V 4A\u00a0<\/strong><\/h2>\n<p><a href=\"http:\/\/maybommini.com\/wp-content\/uploads\/2016\/03\/NGUON-DIEN-MAY-BOM-36V-A4.jpg\" rel=\"attachment wp-att-244951 noopener\" target=\"_blank\"><img decoding=\"async\" class=\"size-large wp-image-244951 aligncenter\" src=\"http:\/\/maybommini.com\/wp-content\/uploads\/2016\/03\/NGUON-DIEN-MAY-BOM-36V-A4-1024x1024.jpg\" alt=\"NGUON-DIEN-MAY-BOM-36V-A4\" width=\"1024\" height=\"1024\" srcset=\"https:\/\/maybommini.vn\/wp-content\/uploads\/2016\/03\/NGUON-DIEN-MAY-BOM-36V-A4-1024x1024.jpg 1024w, https:\/\/maybommini.vn\/wp-content\/uploads\/2016\/03\/NGUON-DIEN-MAY-BOM-36V-A4-300x300.jpg 300w, https:\/\/maybommini.vn\/wp-content\/uploads\/2016\/03\/NGUON-DIEN-MAY-BOM-36V-A4-600x600.jpg 600w, https:\/\/maybommini.vn\/wp-content\/uploads\/2016\/03\/NGUON-DIEN-MAY-BOM-36V-A4-150x150.jpg 150w, https:\/\/maybommini.vn\/wp-content\/uploads\/2016\/03\/NGUON-DIEN-MAY-BOM-36V-A4-768x768.jpg 768w, https:\/\/maybommini.vn\/wp-content\/uploads\/2016\/03\/NGUON-DIEN-MAY-BOM-36V-A4.jpg 1559w\" sizes=\"(max-width: 1024px) 100vw, 1024px\" \/><\/a><\/p>\n<h3><strong>TH\u00d4NG S\u1ed0 K\u1ef8 THU\u1eacT ADAPTER 36V 4A<br \/>\n<\/strong>\u0110i\u1ec7n v\u00e0o : AC 110-260V 50\/60HZ<br \/>\n\u0110i\u1ec7n ra : DC 36V 4A<br \/>\nC\u00f4ng xu\u1ea5t : 144W<br \/>\nLed b\u00e1o : c\u00f3<br \/>\nAC ADAPTER<\/h3>\n<p><a href=\"http:\/\/maybommini.com\/wp-content\/uploads\/2016\/03\/nguon-may-bom-loc-nuoc-RO.jpg\" rel=\"attachment wp-att-244952 noopener\" target=\"_blank\"><img decoding=\"async\" class=\"size-large wp-image-244952 aligncenter\" src=\"http:\/\/maybommini.com\/wp-content\/uploads\/2016\/03\/nguon-may-bom-loc-nuoc-RO-1024x1024.jpg\" alt=\"nguon-may-bom-loc-nuoc-RO\" width=\"1024\" height=\"1024\" srcset=\"https:\/\/maybommini.vn\/wp-content\/uploads\/2016\/03\/nguon-may-bom-loc-nuoc-RO-1024x1024.jpg 1024w, https:\/\/maybommini.vn\/wp-content\/uploads\/2016\/03\/nguon-may-bom-loc-nuoc-RO-300x300.jpg 300w, https:\/\/maybommini.vn\/wp-content\/uploads\/2016\/03\/nguon-may-bom-loc-nuoc-RO-600x600.jpg 600w, https:\/\/maybommini.vn\/wp-content\/uploads\/2016\/03\/nguon-may-bom-loc-nuoc-RO-150x150.jpg 150w, https:\/\/maybommini.vn\/wp-content\/uploads\/2016\/03\/nguon-may-bom-loc-nuoc-RO-768x768.jpg 768w, https:\/\/maybommini.vn\/wp-content\/uploads\/2016\/03\/nguon-may-bom-loc-nuoc-RO.jpg 1793w\" sizes=\"(max-width: 1024px) 100vw, 1024px\" \/><\/a><\/p>\n<h2><strong>Thi\u1ebft k\u1ebf ngu\u1ed3n cho m\u00e1y b\u01a1m mini, m\u00e1y phun s\u01b0\u01a1ng, m\u00e1y l\u1ecdc n\u01b0\u1edbc RO<\/strong><\/h2>\n<p>C\u00f3 thi\u1ebft k\u1ebf h\u00ecnh kh\u1ed1i b\u1eb1ng nh\u1ef1a cao c\u1ea5p. \u0110\u00e2y l\u00e0 lo\u1ea1i ngu\u1ed3n cao c\u1ea5p.\u00a0V\u1edbi t\u1ea5t c\u1ea3 m\u00e1y b\u01a1m \u00e1p l\u1ef1c mini 36V phun s\u01b0\u01a1ng\u00a0\u0111\u00e2y l\u00e0 lo\u1ea1i ngu\u1ed3n t\u1ed1t s\u1eed d\u1ee5ng l\u00e2u d\u00e0i.<\/p>\n<h3 style=\"text-align: center;\"><strong>C\u00e1c chu\u1ea9n Jack c\u1eafm ngu\u1ed3n \u0111i\u1ec7n adapter<\/strong><\/h3>\n<p><a href=\"http:\/\/maybommini.com\/wp-content\/uploads\/2016\/03\/jack-cam-nguon-adapter.jpg\" rel=\"attachment wp-att-244949 noopener\" target=\"_blank\"><img decoding=\"async\" class=\"size-full wp-image-244949 aligncenter\" src=\"http:\/\/maybommini.com\/wp-content\/uploads\/2016\/03\/jack-cam-nguon-adapter.jpg\" alt=\"jack-cam-nguon-adapter\" width=\"750\" height=\"379\" srcset=\"https:\/\/maybommini.vn\/wp-content\/uploads\/2016\/03\/jack-cam-nguon-adapter.jpg 750w, https:\/\/maybommini.vn\/wp-content\/uploads\/2016\/03\/jack-cam-nguon-adapter-600x303.jpg 600w, https:\/\/maybommini.vn\/wp-content\/uploads\/2016\/03\/jack-cam-nguon-adapter-300x152.jpg 300w\" sizes=\"(max-width: 750px) 100vw, 750px\" \/><\/a><\/p>\n<p>V\u1edbi c\u00e1c lo\u1ea1i m\u00e1y b\u01a1m c\u00f3 ngu\u1ed3n \u0111i\u1ec7n 36V nh\u01b0 m\u00e1y b\u01a1m: <a href=\"http:\/\/maybommini.com\/may-bom-mini\/he-thong-phun-suong\/may-phun-suong-50-bec-400g\" target=\"_blank\" rel=\"noopener\">M\u00e1y phun s\u01b0\u1edbng 400G\u00a0<\/a>\u00a0ph\u1ea3i d\u00f9ng \u0111i\u1ec7n 36V n\u00e0y.<\/p>\n<p><a href=\"http:\/\/maybommini.com\/wp-content\/uploads\/2016\/03\/nguon-dien-36V.jpg\" rel=\"attachment wp-att-244950 noopener\" target=\"_blank\"><img decoding=\"async\" class=\"size-large wp-image-244950 aligncenter\" src=\"http:\/\/maybommini.com\/wp-content\/uploads\/2016\/03\/nguon-dien-36V-1024x1024.jpg\" alt=\"nguon-dien-36V\" width=\"1024\" height=\"1024\" srcset=\"https:\/\/maybommini.vn\/wp-content\/uploads\/2016\/03\/nguon-dien-36V-1024x1024.jpg 1024w, https:\/\/maybommini.vn\/wp-content\/uploads\/2016\/03\/nguon-dien-36V-300x300.jpg 300w, https:\/\/maybommini.vn\/wp-content\/uploads\/2016\/03\/nguon-dien-36V-600x600.jpg 600w, https:\/\/maybommini.vn\/wp-content\/uploads\/2016\/03\/nguon-dien-36V-150x150.jpg 150w, https:\/\/maybommini.vn\/wp-content\/uploads\/2016\/03\/nguon-dien-36V-768x768.jpg 768w, https:\/\/maybommini.vn\/wp-content\/uploads\/2016\/03\/nguon-dien-36V.jpg 1383w\" sizes=\"(max-width: 1024px) 100vw, 1024px\" \/><\/a><\/p>\n<h3><strong>T\u01b0 v\u1ea5n mua ngu\u1ed3n (adapter) cho m\u00e1y b\u01a1m mini<\/strong><br \/>\n<strong>CTY TNHH TH\u01af\u01a0NG M\u1ea0I D\u1ecaCH V\u1ee4 \u0110I\u1ec6N M\u00c1Y TH\u00d4NG MINH<\/strong><br \/>\nHotline : 090 729 4310<br \/>\nEmail : maybommini.com@gmail.com<br \/>\nWebsite : http:\/\/maybommini.com<br \/>\nFacebook : <a href=\"https:\/\/www.facebook.com\/maybommini\" target=\"_blank\" rel=\"noopener\">https:\/\/www.facebook.com\/maybommini<\/a><br \/>\nGoogle   : <a href=\"https:\/\/plus.google.com\/ Maybomnuocminiruaxe\" target=\"_blank\" rel=\"noopener\">https:\/\/plus.google.com\/ Maybomnuocminiruaxe<\/a><br \/>\nYoutube demo : <a href=\"https:\/\/www.youtube.com\/bahamasali\" target=\"_blank\" rel=\"noopener\">https:\/\/www.youtube.com\/bahamasali<\/a><\/h3>\n","protected":false},"excerpt":{"rendered":"<p>\u0110i\u1ec7n v\u00e0o : AC 110-260V 50\/60HZ<br \/>\n\u0110i\u1ec7n ra : DC 36V 4A<br \/>\nC\u00f4ng xu\u1ea5t : 144W<br \/>\nLed b\u00e1o : c\u00f3<br \/>\nAC ADAPTER<br \/>\nB\u1ea3o h\u00e0nh: 3 th\u00e1ng 1\u00a0\u0111\u1ed5i 1<\/p>\n","protected":false},"featured_media":256091,"comment_status":"open","ping_status":"closed","template":"","meta":[],"product_brand":[2227],"product_cat":[444,214,3132],"product_tag":[340,488,571,595,573,258,341,342,259,361,260,261,576,596,262,277],"class_list":{"0":"post-256020","1":"product","2":"type-product","3":"status-publish","4":"has-post-thumbnail","6":"product_brand-mtm","7":"product_cat-phu-kien-phun-suong","8":"product_cat-phu-kien-bom-nuoc","9":"product_cat-nguon-dien-bien-the-adapter","10":"product_tag-12v-6a","11":"product_tag-24v","12":"product_tag-24v-4a","13":"product_tag-36v-4a","14":"product_tag-adapter","15":"product_tag-adapter-12v","16":"product_tag-bien-the-12v","17":"product_tag-chuyen-dien-220v","18":"product_tag-dc-12v","19":"product_tag-may-phun-suong","20":"product_tag-nguon","21":"product_tag-nguon-cho-bom-nuoc-mini","22":"product_tag-nguon-dien","23":"product_tag-nguon-mau-loc-nuoc","24":"product_tag-nguon-may-rua-xe","25":"product_tag-phun-suong","27":"first","28":"instock","29":"sale","30":"shipping-taxable","31":"purchasable","32":"product-type-simple"},"_links":{"self":[{"href":"https:\/\/maybommini.vn\/index.php?rest_route=\/wp\/v2\/product\/256020","targetHints":{"allow":["GET"]}}],"collection":[{"href":"https:\/\/maybommini.vn\/index.php?rest_route=\/wp\/v2\/product"}],"about":[{"href":"https:\/\/maybommini.vn\/index.php?rest_route=\/wp\/v2\/types\/product"}],"replies":[{"embeddable":true,"href":"https:\/\/maybommini.vn\/index.php?rest_route=%2Fwp%2Fv2%2Fcomments&post=256020"}],"wp:featuredmedia":[{"embeddable":true,"href":"https:\/\/maybommini.vn\/index.php?rest_route=\/wp\/v2\/media\/256091"}],"wp:attachment":[{"href":"https:\/\/maybommini.vn\/index.php?rest_route=%2Fwp%2Fv2%2Fmedia&parent=256020"}],"wp:term":[{"taxonomy":"product_brand","embeddable":true,"href":"https:\/\/maybommini.vn\/index.php?rest_route=%2Fwp%2Fv2%2Fproduct_brand&post=256020"},{"taxonomy":"product_cat","embeddable":true,"href":"https:\/\/maybommini.vn\/index.php?rest_route=%2Fwp%2Fv2%2Fproduct_cat&post=256020"},{"taxonomy":"product_tag","embeddable":true,"href":"https:\/\/maybommini.vn\/index.php?rest_route=%2Fwp%2Fv2%2Fproduct_tag&post=256020"}],"curies":[{"name":"wp","href":"https:\/\/api.w.org\/{rel}","templated":true}]}}