{"id":256024,"date":"2018-04-12T19:28:43","date_gmt":"2018-04-12T12:28:43","guid":{"rendered":"https:\/\/maybommini.com\/san-pham\/import-placeholder-for-252351"},"modified":"2019-03-11T17:22:37","modified_gmt":"2019-03-11T10:22:37","slug":"may-bom-chim-12v-10l","status":"publish","type":"product","link":"https:\/\/maybommini.vn\/?product=may-bom-chim-12v-10l","title":{"rendered":"M\u00e1y b\u01a1m ch\u00ecm 12V 10L JT-500"},"content":{"rendered":"<p><strong>Chuy\u00ean b\u00e1n c\u00e1c lo\u1ea1i\u00a0m\u00e1y b\u01a1m ch\u00ecm 12V 10L JT-500 la\u0300 loa\u0323i ma\u0301y b\u01a1m mini nho\u0309 go\u0323n du\u0300ng trong h\u00f4\u0300 ca\u0301 ho\u0300n non b\u00f4\u0323 va\u0300 b\u01a1m n\u01b0\u01a1\u0301c bo\u0300n ch\u01b0\u0301a l\u00ean cao ho\u0103\u0323c ra ngoa\u0300i. V\u01a1\u0301i \u01b0u \u0111i\u00ea\u0309m nho\u0309 go\u0323n l\u01b0u l\u01b0\u01a1\u0323ng l\u01a1\u0301n \u0111\u00e2y la\u0300 l\u01b0\u0323a cho\u0323n phu\u0300 h\u01a1\u0323p d\u00f9ng b\u01a1m n\u01b0\u1edbc cho m\u00e1y khoan, m\u00e1y m\u00e0i, m\u00e1y c\u1eaft g\u1ea1ch, m\u00e1y b\u01a1m l\u00e0m m\u00e1t.<\/strong><\/p>\n<p style=\"text-align: center;\"><iframe width=\"750\" height=\"500\" frameborder=\"0\" src=\"https:\/\/www.youtube.com\/embed\/vrEykcZHptM\"><span data-mce-type=\"bookmark\" style=\"display: inline-block; width: 0px; overflow: hidden; line-height: 0;\" class=\"mce_SELRES_start\">\ufeff<\/span><\/iframe><\/p>\n<p><a href=\"https:\/\/maybommini.com\/wp-content\/uploads\/2018\/04\/may-bom-nuoc-chim-12V-JT-500.jpg\" target=\"_blank\" rel=\"noopener\"><img decoding=\"async\" class=\"size-full wp-image-261506 aligncenter\" src=\"https:\/\/maybommini.com\/wp-content\/uploads\/2018\/04\/may-bom-nuoc-chim-12V-JT-500.jpg\" alt=\"May Bom Nuoc Chim 12V JT 500\" width=\"750\" height=\"750\" srcset=\"https:\/\/maybommini.vn\/wp-content\/uploads\/2018\/04\/may-bom-nuoc-chim-12V-JT-500.jpg 750w, https:\/\/maybommini.vn\/wp-content\/uploads\/2018\/04\/may-bom-nuoc-chim-12V-JT-500-300x300.jpg 300w, https:\/\/maybommini.vn\/wp-content\/uploads\/2018\/04\/may-bom-nuoc-chim-12V-JT-500-150x150.jpg 150w, https:\/\/maybommini.vn\/wp-content\/uploads\/2018\/04\/may-bom-nuoc-chim-12V-JT-500-600x600.jpg 600w\" sizes=\"(max-width: 750px) 100vw, 750px\" \/><\/a><\/p>\n<p><strong>TH\u00d4NG S\u1ed0 K\u1ef8 THU\u1eacT<br \/>\n<\/strong>Model: JT-500<strong><br \/>\n<\/strong>\u0110i\u1ec7n \u00e1p: 12V 15V DC<br \/>\nC\u00f4ng su\u1ea5t: 24W<br \/>\nL\u01b0u l\u01b0\u1ee3ng: 10L\/P &#8211; 600L\/H<br \/>\nB\u01a1m cao: 4 m &#8211; 6m<br \/>\n\u0110\u01b0\u1eddng k\u00ednh \u1ed1ng ra: 12 mm<br \/>\nL\u1ed5 v\u00e0o: 9 mm<br \/>\nD\u00e0i: 9.9 cm<br \/>\nR\u1ed9ng: 3.8 cm<br \/>\nM\u00e0u: x\u00e1m<br \/>\nMortor: Kh\u00f4ng ch\u1ed5i than.<br \/>\nCh\u1ea5t Li\u1ec7u: \u0110\u1ed3ng &#8211; Nh\u1ef1a ABS<br \/>\nK\u00edch th\u01b0\u1edbc: 10.8 x 4 x 4 Cm<br \/>\nTr\u1ecdng l\u01b0\u1ee3ng: 150g<br \/>\nB\u1ea3o h\u00e0nh: 3 th\u00e1ng.<\/p>\n<p><a href=\"https:\/\/maybommini.com\/wp-content\/uploads\/2018\/04\/may-bom-nuoc-tha-chim.jpg\" target=\"_blank\" rel=\"noopener\"><img decoding=\"async\" class=\"size-full wp-image-261508 aligncenter\" src=\"https:\/\/maybommini.com\/wp-content\/uploads\/2018\/04\/may-bom-nuoc-tha-chim.jpg\" alt=\"May Bom Nuoc Tha Chim\" width=\"750\" height=\"750\" srcset=\"https:\/\/maybommini.vn\/wp-content\/uploads\/2018\/04\/may-bom-nuoc-tha-chim.jpg 750w, https:\/\/maybommini.vn\/wp-content\/uploads\/2018\/04\/may-bom-nuoc-tha-chim-300x300.jpg 300w, https:\/\/maybommini.vn\/wp-content\/uploads\/2018\/04\/may-bom-nuoc-tha-chim-150x150.jpg 150w, https:\/\/maybommini.vn\/wp-content\/uploads\/2018\/04\/may-bom-nuoc-tha-chim-600x600.jpg 600w\" sizes=\"(max-width: 750px) 100vw, 750px\" \/><\/a> <a href=\"https:\/\/maybommini.com\/wp-content\/uploads\/2018\/04\/su-dung-bom-nuoc-chim-khong-choi-than-12V.jpg\" target=\"_blank\" rel=\"noopener\"><img decoding=\"async\" class=\"size-full wp-image-261509 aligncenter\" src=\"https:\/\/maybommini.com\/wp-content\/uploads\/2018\/04\/su-dung-bom-nuoc-chim-khong-choi-than-12V.jpg\" alt=\"Su Dung Bom Nuoc Chim Khong Choi Than 12V\" width=\"750\" height=\"750\" srcset=\"https:\/\/maybommini.vn\/wp-content\/uploads\/2018\/04\/su-dung-bom-nuoc-chim-khong-choi-than-12V.jpg 750w, https:\/\/maybommini.vn\/wp-content\/uploads\/2018\/04\/su-dung-bom-nuoc-chim-khong-choi-than-12V-300x300.jpg 300w, https:\/\/maybommini.vn\/wp-content\/uploads\/2018\/04\/su-dung-bom-nuoc-chim-khong-choi-than-12V-150x150.jpg 150w, https:\/\/maybommini.vn\/wp-content\/uploads\/2018\/04\/su-dung-bom-nuoc-chim-khong-choi-than-12V-600x600.jpg 600w\" sizes=\"(max-width: 750px) 100vw, 750px\" \/><\/a> <a href=\"https:\/\/maybommini.com\/wp-content\/uploads\/2018\/04\/thong-so-may-bom-chim-JT-500.jpg\" target=\"_blank\" rel=\"noopener\"><img decoding=\"async\" class=\"size-full wp-image-261510 aligncenter\" src=\"https:\/\/maybommini.com\/wp-content\/uploads\/2018\/04\/thong-so-may-bom-chim-JT-500.jpg\" alt=\"Thong So May Bom Chim JT 500\" width=\"750\" height=\"750\" srcset=\"https:\/\/maybommini.vn\/wp-content\/uploads\/2018\/04\/thong-so-may-bom-chim-JT-500.jpg 750w, https:\/\/maybommini.vn\/wp-content\/uploads\/2018\/04\/thong-so-may-bom-chim-JT-500-300x300.jpg 300w, https:\/\/maybommini.vn\/wp-content\/uploads\/2018\/04\/thong-so-may-bom-chim-JT-500-150x150.jpg 150w, https:\/\/maybommini.vn\/wp-content\/uploads\/2018\/04\/thong-so-may-bom-chim-JT-500-600x600.jpg 600w\" sizes=\"(max-width: 750px) 100vw, 750px\" \/><\/a> <a href=\"https:\/\/maybommini.com\/wp-content\/uploads\/2018\/04\/may-bom-nuoc-loi-dong.jpg\" target=\"_blank\" rel=\"noopener\"><img decoding=\"async\" class=\"size-full wp-image-261507 aligncenter\" src=\"https:\/\/maybommini.com\/wp-content\/uploads\/2018\/04\/may-bom-nuoc-loi-dong.jpg\" alt=\"May Bom Nuoc Loi Dong\" width=\"750\" height=\"750\" srcset=\"https:\/\/maybommini.vn\/wp-content\/uploads\/2018\/04\/may-bom-nuoc-loi-dong.jpg 750w, https:\/\/maybommini.vn\/wp-content\/uploads\/2018\/04\/may-bom-nuoc-loi-dong-300x300.jpg 300w, https:\/\/maybommini.vn\/wp-content\/uploads\/2018\/04\/may-bom-nuoc-loi-dong-150x150.jpg 150w, https:\/\/maybommini.vn\/wp-content\/uploads\/2018\/04\/may-bom-nuoc-loi-dong-600x600.jpg 600w\" sizes=\"(max-width: 750px) 100vw, 750px\" \/><\/a><\/p>\n<p><strong>\u1ee8NG D\u1ee4NG M\u00c1Y B\u01a0M CHI\u0300M<br \/>\n<\/strong>B\u01a1m n\u01b0\u1edbc l\u00e0m m\u00e1t m\u00e1y khoan.<br \/>\nB\u01a1m n\u01b0\u1edbc m\u00e1y c\u1eaft g\u1ea1ch.<br \/>\nB\u01a1m n\u01b0\u1edbc m\u00e1y CNC.<br \/>\nB\u01a1m n\u01b0\u1edbc gi\u1ea3i nhi\u1ec7t m\u00e1y khoan b\u00ea t\u00f4ng, khoan t\u01b0\u1eddng.<strong><br \/>\n<\/strong>D\u00f9ng b\u01a1m n\u01b0\u1edbc.<br \/>\nD\u00f9ng b\u01a1m cho h\u1ec7 th\u1ed1ng n\u0103ng l\u01b0\u1ee3ng m\u1eb7t tr\u1eddi.<br \/>\nD\u00f9ng b\u01a1m n\u01b0\u1edbc h\u1ed3 c\u00e1, ch\u1ea5t th\u1ea3i h\u1ed3 c\u00e1.<\/p>\n<p><a href=\"https:\/\/maybommini.com\/wp-content\/uploads\/2018\/04\/may-bom-khong-choi-than-JT-500.jpg\" target=\"_blank\" rel=\"noopener\"><img decoding=\"async\" class=\"size-full wp-image-261505 aligncenter\" src=\"https:\/\/maybommini.com\/wp-content\/uploads\/2018\/04\/may-bom-khong-choi-than-JT-500.jpg\" alt=\"May Bom Khong Choi Than JT 500\" width=\"750\" height=\"750\" srcset=\"https:\/\/maybommini.vn\/wp-content\/uploads\/2018\/04\/may-bom-khong-choi-than-JT-500.jpg 750w, https:\/\/maybommini.vn\/wp-content\/uploads\/2018\/04\/may-bom-khong-choi-than-JT-500-300x300.jpg 300w, https:\/\/maybommini.vn\/wp-content\/uploads\/2018\/04\/may-bom-khong-choi-than-JT-500-150x150.jpg 150w, https:\/\/maybommini.vn\/wp-content\/uploads\/2018\/04\/may-bom-khong-choi-than-JT-500-600x600.jpg 600w\" sizes=\"(max-width: 750px) 100vw, 750px\" \/><\/a> <a href=\"https:\/\/maybommini.com\/wp-content\/uploads\/2018\/04\/bom-nuoc-may-khoan-may-cat-gach.jpg\" target=\"_blank\" rel=\"noopener\"><img decoding=\"async\" class=\"size-full wp-image-261504 aligncenter\" src=\"https:\/\/maybommini.com\/wp-content\/uploads\/2018\/04\/bom-nuoc-may-khoan-may-cat-gach.jpg\" alt=\"Bom Nuoc May Khoan May Cat Gach\" width=\"750\" height=\"750\" srcset=\"https:\/\/maybommini.vn\/wp-content\/uploads\/2018\/04\/bom-nuoc-may-khoan-may-cat-gach.jpg 750w, https:\/\/maybommini.vn\/wp-content\/uploads\/2018\/04\/bom-nuoc-may-khoan-may-cat-gach-300x300.jpg 300w, https:\/\/maybommini.vn\/wp-content\/uploads\/2018\/04\/bom-nuoc-may-khoan-may-cat-gach-150x150.jpg 150w, https:\/\/maybommini.vn\/wp-content\/uploads\/2018\/04\/bom-nuoc-may-khoan-may-cat-gach-600x600.jpg 600w\" sizes=\"(max-width: 750px) 100vw, 750px\" \/><\/a><\/p>\n<p>&nbsp;<\/p>\n<p><strong>MUA M\u00c1Y B\u01a0M CHI\u0300M 12V MINI<\/strong><strong>\u00a0<\/strong><strong>\u1ede \u0110\u00c2U ?<br \/>\n<\/strong>M\u1ecdi chi ti\u1ebft vui l\u00f2ng li\u00ean h\u1ec7 tr\u1ef1c ti\u1ebfp cho ch\u00fang t\u00f4i \u0111\u1ec3 \u0111\u01b0\u1ee3c t\u01b0 v\u1ea5n theo nhu c\u1ea7u \u0111\u1ec3 c\u00f3 \u0111\u01b0\u1ee3c b\u1ed9 s\u1ea3n ph\u1ea9m t\u1ed1t nh\u1ea5t v\u00e0 ti\u1ebft ki\u1ec7m.\u00a0B\u1ea1n \u1edf xa v\u1eabn c\u00f3 th\u1ec3 mua h\u00e0ng v\u00e0 giao h\u00e0ng <a title=\"thanh to\u00e1n\" href=\"http:\/\/maybommini.com\/thanh-toan\" target=\"_blank\" rel=\"noopener\">thanh to\u00e1n<\/a> ti\u1ec1n t\u1ea1i nh\u00e0.<br \/>\nHotline : 090 729 4310<br \/>\nEmail : maybommini.com@gmail.com<br \/>\nWebsite : http:\/\/maybommini.com<br \/>\nFacebook : https:\/\/www.facebook.com\/maybommini<br \/>\nGoogle : https:\/\/plus.google.com\/ Maybomnuocminiruaxe<br \/>\nYoutube demo : https:\/\/www.youtube.com\/bahamasali<\/p>\n<h3 style=\"text-align: center;\">M\u00e1y b\u01a1m ch\u00ecm mini 12V gi\u00e1 t\u1ed1t b\u1ea3o h\u00e0nh ch\u00ednh h\u00e3ng v\u00e0 giao h\u00e0ng t\u1eadn nh\u00e0<\/h3>\n<h3 style=\"text-align: center;\"><strong><em>M\u00e1y b\u01a1m ch\u00ecm 12V 10L JT-500 kh\u00f4ng ch\u1ed5i than<\/em><\/strong><\/h3>\n","protected":false},"excerpt":{"rendered":"<p>Model: JT-500<strong><br \/>\n<\/strong>\u0110i\u1ec7n \u00e1p: 12V 15V DC<br \/>\nC\u00f4ng su\u1ea5t: 24W<br \/>\nL\u01b0u l\u01b0\u1ee3ng: 10L\/P &#8211; 600L\/H<br \/>\nB\u01a1m cao: 4 m &#8211; 6m<br \/>\n\u0110\u01b0\u1eddng k\u00ednh \u1ed1ng ra: 12 mm<br \/>\nL\u1ed5 v\u00e0o: 9 mm<br \/>\nD\u00e0i: 9.9 cm<br \/>\nR\u1ed9ng: 3.8 cm<br \/>\nM\u00e0u: x\u00e1m<br \/>\nMortor: Kh\u00f4ng ch\u1ed5i than.<br \/>\nCh\u1ea5t Li\u1ec7u: \u0110\u1ed3ng &#8211; Nh\u1ef1a ABS<br \/>\nK\u00edch th\u01b0\u1edbc: 10.8 x 4 x 4 Cm<br \/>\nTr\u1ecdng l\u01b0\u1ee3ng: 150g<br \/>\nB\u1ea3o h\u00e0nh: 3 th\u00e1ng.<br \/>\nPh\u00e2n ph\u1ed1i:\u00a0<a href=\"https:\/\/maybomminimbm.vn\/\">M\u00e1y B\u01a1m Mini MBM<\/a><br \/>\nS\u1ea3n ph\u1ea9m cao c\u1ea5p<br \/>\nKh\u1eb3ng \u0111\u1ecbnh \u0111\u1ed9 an to\u00e0n, ch\u1ea5t l\u01b0\u1ee3ng s\u1ea3n ph\u1ea9m v\u1edbi ng\u01b0\u1eddi ti\u00eau d\u00f9ng.<br \/>\n<strong>H\u00f4\u0309 tr\u01a1\u0323 ky\u0303 thu\u00e2\u0323t vi\u0303nh vi\u00ea\u0303n.<\/strong><br \/>\n<strong>T\u01af V\u1ea4N K\u1ef8 THU\u1eacT \u2013 MUA H\u00c0NG<br \/>\n0908997823 \u2013 0908997872<br \/>\n0907294310 \u2013 02873030399<\/strong><\/p>\n","protected":false},"featured_media":261506,"comment_status":"open","ping_status":"closed","template":"","meta":[],"product_brand":[2227],"product_cat":[382],"product_tag":[384,385,2726,713,2727,2553,1458,2728,1459,206,389,390,2724,2725],"class_list":{"0":"post-256024","1":"product","2":"type-product","3":"status-publish","4":"has-post-thumbnail","6":"product_brand-mtm","7":"product_cat-may-bom-chim-12v","8":"product_tag-bom","9":"product_tag-bom-12v-dc","10":"product_tag-bom-nuoc-may-chat-be-tong","11":"product_tag-bom-nuoc-may-khoan","12":"product_tag-jt","13":"product_tag-jt-500","14":"product_tag-jt-550","15":"product_tag-jt500","16":"product_tag-jt550","17":"product_tag-may-bom-12v","18":"product_tag-may-bom-chim","19":"product_tag-may-bom-chim-12v","20":"product_tag-may-bom-lam-mat","21":"product_tag-may-nuoc-may-cat","23":"first","24":"instock","25":"sale","26":"shipping-taxable","27":"purchasable","28":"product-type-simple"},"_links":{"self":[{"href":"https:\/\/maybommini.vn\/index.php?rest_route=\/wp\/v2\/product\/256024","targetHints":{"allow":["GET"]}}],"collection":[{"href":"https:\/\/maybommini.vn\/index.php?rest_route=\/wp\/v2\/product"}],"about":[{"href":"https:\/\/maybommini.vn\/index.php?rest_route=\/wp\/v2\/types\/product"}],"replies":[{"embeddable":true,"href":"https:\/\/maybommini.vn\/index.php?rest_route=%2Fwp%2Fv2%2Fcomments&post=256024"}],"wp:featuredmedia":[{"embeddable":true,"href":"https:\/\/maybommini.vn\/index.php?rest_route=\/wp\/v2\/media\/261506"}],"wp:attachment":[{"href":"https:\/\/maybommini.vn\/index.php?rest_route=%2Fwp%2Fv2%2Fmedia&parent=256024"}],"wp:term":[{"taxonomy":"product_brand","embeddable":true,"href":"https:\/\/maybommini.vn\/index.php?rest_route=%2Fwp%2Fv2%2Fproduct_brand&post=256024"},{"taxonomy":"product_cat","embeddable":true,"href":"https:\/\/maybommini.vn\/index.php?rest_route=%2Fwp%2Fv2%2Fproduct_cat&post=256024"},{"taxonomy":"product_tag","embeddable":true,"href":"https:\/\/maybommini.vn\/index.php?rest_route=%2Fwp%2Fv2%2Fproduct_tag&post=256024"}],"curies":[{"name":"wp","href":"https:\/\/api.w.org\/{rel}","templated":true}]}}