{"id":256026,"date":"2018-04-12T19:28:43","date_gmt":"2018-04-12T12:28:43","guid":{"rendered":"https:\/\/maybommini.com\/san-pham\/import-placeholder-for-252353"},"modified":"2018-05-14T00:00:07","modified_gmt":"2018-05-13T17:00:07","slug":"doi-dien-nang-xe-oto-12v-mini-option-2","status":"publish","type":"product","link":"https:\/\/maybommini.vn\/?product=doi-dien-nang-xe-oto-12v-mini-option-2","title":{"rendered":"\u0110\u1ed9i \u0111i\u1ec7n n\u00e2ng xe \u00d4t\u00f4 12V mini &#8211; Option 2"},"content":{"rendered":"<p><strong>Con \u0110\u1ed9i \u0111i\u1ec7n n\u00e2ng xe \u00d4 t\u00f4 12v l\u00e0 con\u00a0\u0111\u1ed9i s\u1eed d\u1ee5ng\u00a0\u0111i\u1ec7n tr\u1ef1c ti\u1ebfp t\u1eeb\u00a0\u00d4 t\u00f4 b\u1eb1ng\u00a0\u1ed5 m\u1ed3i thu\u1ed1c l\u00e1 ho\u1eb7c d\u00f9ng tr\u1ef1c ti\u1ebfp b\u00ecnh\u00a0\u1eafc quy tr\u00ean xe. N\u00e2ng xe m\u1ed9t c\u00e1ch d\u1ec3 d\u00e0ng v\u00e0 thay b\u00e1nh xe nhanh ch\u00f3ng.<\/strong><\/p>\n<p><a href=\"https:\/\/maybommini.com\/wp-content\/uploads\/2018\/04\/con-doi-oto-dung-dien-12v-1.jpg\" target=\"_blank\" rel=\"noopener\"><img decoding=\"async\" class=\"size-full wp-image-258480 aligncenter\" src=\"https:\/\/maybommini.com\/wp-content\/uploads\/2018\/04\/con-doi-oto-dung-dien-12v-1.jpg\" alt=\"Con Doi Oto Dung Dien 12v\" width=\"750\" height=\"750\" srcset=\"https:\/\/maybommini.vn\/wp-content\/uploads\/2018\/04\/con-doi-oto-dung-dien-12v-1.jpg 750w, https:\/\/maybommini.vn\/wp-content\/uploads\/2018\/04\/con-doi-oto-dung-dien-12v-1-300x300.jpg 300w, https:\/\/maybommini.vn\/wp-content\/uploads\/2018\/04\/con-doi-oto-dung-dien-12v-1-150x150.jpg 150w, https:\/\/maybommini.vn\/wp-content\/uploads\/2018\/04\/con-doi-oto-dung-dien-12v-1-600x600.jpg 600w\" sizes=\"(max-width: 750px) 100vw, 750px\" \/><\/a><\/p>\n<p><strong>Th\u00f4ng s\u1ed1 k\u1ef9 thu\u1eadt\u00a0\u0110\u1ed9i \u0111i\u1ec7n n\u00e2ng xe \u00d4 t\u00f4 12V &#8211; Option 2<br \/>\n<\/strong>Con\u00a0\u0111\u1ed9i\u00a0\u0111i\u1ec7n 12v<br \/>\nS\u00fang m\u1edf \u1ed1c b\u00e1nh xe 12V<br \/>\nD\u00e2y ngu\u1ed3n c\u1ea5m\u00a0\u1ed5 m\u1ed3i thu\u1ed1c\u00a0\u00d4 t\u00f4<br \/>\nD\u00e2y ngu\u1ed3n k\u1eb9p b\u00ecnh\u00a0\u1eafc quy<br \/>\nRemote \u0111i\u1ec1u khi\u1ec3n\u00a0d\u00e2y<br \/>\nRemote \u0111i\u1ec1u khi\u1ec3n kh\u00f4ng d\u00e2y<br \/>\n\u1ed0ng Tu\u00fdp<br \/>\nB\u1ed9 quay tay<br \/>\nB\u1ed9 g\u0103ng tay<br \/>\nVali ch\u1ee9a\u00a0b\u1ed9 n\u00e2ng\u00a0\u0111i\u1ec7n<br \/>\nTr\u1ecdng l\u01b0\u1ee3ng : 3,7 kg<\/p>\n<p><a href=\"http:\/\/maybommini.com\/wp-content\/uploads\/2016\/04\/doi-oto-mini-12v.jpg\" rel=\"attachment wp-att-245013 noopener\" target=\"_blank\"><img decoding=\"async\" class=\"size-full wp-image-245013 aligncenter\" src=\"http:\/\/maybommini.com\/wp-content\/uploads\/2016\/04\/doi-oto-mini-12v.jpg\" alt=\"doi-oto-mini-12v\" width=\"800\" height=\"800\" srcset=\"https:\/\/maybommini.vn\/wp-content\/uploads\/2016\/04\/doi-oto-mini-12v.jpg 800w, https:\/\/maybommini.vn\/wp-content\/uploads\/2016\/04\/doi-oto-mini-12v-300x300.jpg 300w, https:\/\/maybommini.vn\/wp-content\/uploads\/2016\/04\/doi-oto-mini-12v-600x600.jpg 600w, https:\/\/maybommini.vn\/wp-content\/uploads\/2016\/04\/doi-oto-mini-12v-150x150.jpg 150w, https:\/\/maybommini.vn\/wp-content\/uploads\/2016\/04\/doi-oto-mini-12v-768x768.jpg 768w\" sizes=\"(max-width: 800px) 100vw, 800px\" \/><\/a><\/p>\n<p><strong>Th\u00f4ng s\u1ed1 con n\u00e2ng\u00a0\u0111i\u1ec7n 12v<\/strong><\/p>\n<p>Motor n\u00e2ng 12V 10A<br \/>\nChi\u1ec7u t\u1ea3i n\u00e2ng : 2.000 kg (d\u00f9ng t\u1ed1t xe 4\u00a0\u0111\u1ebfn 16 ch\u1ed5)<br \/>\nKh\u1ea3 n\u0103ng n\u00e2ng :\u00a012 &#8211; 35cm<br \/>\nTh\u1eddi gian n\u00e2ng: trong v\u00f2ng 80 gi\u00e2y.<br \/>\nK\u00edch th\u01b0\u1edbc m\u00e1y: 47*29*12.5cm<\/p>\n<p><a href=\"http:\/\/maybommini.com\/wp-content\/uploads\/2016\/04\/con-doi-dien-12v.jpg\" rel=\"attachment wp-att-245009 noopener\" target=\"_blank\"><img decoding=\"async\" class=\"size-full wp-image-245009 aligncenter\" src=\"http:\/\/maybommini.com\/wp-content\/uploads\/2016\/04\/con-doi-dien-12v.jpg\" alt=\"con-doi-dien-12v\" width=\"790\" height=\"480\" srcset=\"https:\/\/maybommini.vn\/wp-content\/uploads\/2016\/04\/con-doi-dien-12v.jpg 790w, https:\/\/maybommini.vn\/wp-content\/uploads\/2016\/04\/con-doi-dien-12v-600x365.jpg 600w, https:\/\/maybommini.vn\/wp-content\/uploads\/2016\/04\/con-doi-dien-12v-300x182.jpg 300w, https:\/\/maybommini.vn\/wp-content\/uploads\/2016\/04\/con-doi-dien-12v-768x467.jpg 768w\" sizes=\"(max-width: 790px) 100vw, 790px\" \/><\/a><\/p>\n<p>\u0110\u1ed9i\u00a0\u0111i\u1ec7n nh\u1ecf g\u1ecdn d\u00f9ng thay l\u1ed1p xe ho\u1eb7c khi xe c\u00f3 s\u1ef1 c\u1ed1 m\u00e0 kh\u00f4ng c\u1ea7n m\u1ea5t nhi\u1ec1u c\u00f4ng s\u1ee9c nh\u01b0 con\u00a0\u0111\u1ed9i n\u00e2ng th\u01b0\u1eddng ph\u1ea3i quay b\u1eb1ng tay.<\/p>\n<p><a href=\"http:\/\/maybommini.com\/wp-content\/uploads\/2016\/04\/sung-ban-oc-thay-banh-xe-oto.jpg\" rel=\"attachment wp-att-245015 noopener\" target=\"_blank\"><img decoding=\"async\" class=\"size-full wp-image-245015 aligncenter\" src=\"http:\/\/maybommini.com\/wp-content\/uploads\/2016\/04\/sung-ban-oc-thay-banh-xe-oto.jpg\" alt=\"sung-ban-oc-thay-banh-xe-oto\" width=\"790\" height=\"556\" srcset=\"https:\/\/maybommini.vn\/wp-content\/uploads\/2016\/04\/sung-ban-oc-thay-banh-xe-oto.jpg 790w, https:\/\/maybommini.vn\/wp-content\/uploads\/2016\/04\/sung-ban-oc-thay-banh-xe-oto-600x422.jpg 600w, https:\/\/maybommini.vn\/wp-content\/uploads\/2016\/04\/sung-ban-oc-thay-banh-xe-oto-300x211.jpg 300w, https:\/\/maybommini.vn\/wp-content\/uploads\/2016\/04\/sung-ban-oc-thay-banh-xe-oto-768x541.jpg 768w, https:\/\/maybommini.vn\/wp-content\/uploads\/2016\/04\/sung-ban-oc-thay-banh-xe-oto-220x154.jpg 220w\" sizes=\"(max-width: 790px) 100vw, 790px\" \/><\/a><\/p>\n<p>B\u1ed9 n\u00e2ng con\u00a0\u0111\u1ed9i\u00a0\u00d4 t\u00f4 r\u1ea5t nh\u1ecf g\u1ecdn\u00a0\u0111\u01b0\u1ee3c b\u1ecf trong th\u00f9ng vali cho n\u00ean b\u1ea1n c\u00f3 th\u1ec3\u00a0\u0111em theo xe r\u1ea5t ti\u1ec7n l\u1ee3i.<\/p>\n<p><a href=\"http:\/\/maybommini.com\/wp-content\/uploads\/2016\/04\/thay-banh-xe-bang-con-doi-oto-dien-12v.jpg\" rel=\"attachment wp-att-245016 noopener\" target=\"_blank\"><img decoding=\"async\" class=\"size-full wp-image-245016 aligncenter\" src=\"http:\/\/maybommini.com\/wp-content\/uploads\/2016\/04\/thay-banh-xe-bang-con-doi-oto-dien-12v.jpg\" alt=\"thay-banh-xe-bang-con-doi-oto-dien-12v\" width=\"790\" height=\"511\" srcset=\"https:\/\/maybommini.vn\/wp-content\/uploads\/2016\/04\/thay-banh-xe-bang-con-doi-oto-dien-12v.jpg 790w, https:\/\/maybommini.vn\/wp-content\/uploads\/2016\/04\/thay-banh-xe-bang-con-doi-oto-dien-12v-600x388.jpg 600w, https:\/\/maybommini.vn\/wp-content\/uploads\/2016\/04\/thay-banh-xe-bang-con-doi-oto-dien-12v-300x194.jpg 300w, https:\/\/maybommini.vn\/wp-content\/uploads\/2016\/04\/thay-banh-xe-bang-con-doi-oto-dien-12v-768x497.jpg 768w\" sizes=\"(max-width: 790px) 100vw, 790px\" \/><\/a> <a href=\"http:\/\/maybommini.com\/wp-content\/uploads\/2016\/04\/cach-thay-banh-xe-oto.jpg\" rel=\"attachment wp-att-245008 noopener\" target=\"_blank\"><img decoding=\"async\" class=\"size-full wp-image-245008 aligncenter\" src=\"http:\/\/maybommini.com\/wp-content\/uploads\/2016\/04\/cach-thay-banh-xe-oto.jpg\" alt=\"cach-thay-banh-xe-oto\" width=\"732\" height=\"269\" srcset=\"https:\/\/maybommini.vn\/wp-content\/uploads\/2016\/04\/cach-thay-banh-xe-oto.jpg 732w, https:\/\/maybommini.vn\/wp-content\/uploads\/2016\/04\/cach-thay-banh-xe-oto-600x220.jpg 600w, https:\/\/maybommini.vn\/wp-content\/uploads\/2016\/04\/cach-thay-banh-xe-oto-300x110.jpg 300w\" sizes=\"(max-width: 732px) 100vw, 732px\" \/><\/a><\/p>\n<p>Thi\u1ebft B\u1ecb N\u00e2ng g\u1ea7m b\u1eb1ng \u0110i\u1ec7n n\u00ean b\u1ea1n ch\u1ec9 c\u1ea7n v\u00e0i thao t\u00e1c \u0111\u01a1n gi\u00e3n l\u00e0 c\u00f3 th\u1ec3 n\u00e2ng xe \u00f4 t\u00f4 l\u00ean m\u1ed9t c\u00e1ch d\u1ec3 d\u00e0ng \u0111\u1ec3 thay l\u1ed1p xe.<a href=\"http:\/\/maybommini.com\/wp-content\/uploads\/2016\/04\/cach-su-dung-con-doi-oto-dien.jpg\" rel=\"attachment wp-att-245007 noopener\" target=\"_blank\"><img decoding=\"async\" class=\"size-large wp-image-245007 aligncenter\" src=\"http:\/\/maybommini.com\/wp-content\/uploads\/2016\/04\/cach-su-dung-con-doi-oto-dien-1024x270.jpg\" alt=\"cach-su-dung-con-doi-oto-dien\" width=\"1024\" height=\"270\" srcset=\"https:\/\/maybommini.vn\/wp-content\/uploads\/2016\/04\/cach-su-dung-con-doi-oto-dien-1024x270.jpg 1024w, https:\/\/maybommini.vn\/wp-content\/uploads\/2016\/04\/cach-su-dung-con-doi-oto-dien-600x158.jpg 600w, https:\/\/maybommini.vn\/wp-content\/uploads\/2016\/04\/cach-su-dung-con-doi-oto-dien-300x79.jpg 300w, https:\/\/maybommini.vn\/wp-content\/uploads\/2016\/04\/cach-su-dung-con-doi-oto-dien-768x203.jpg 768w, https:\/\/maybommini.vn\/wp-content\/uploads\/2016\/04\/cach-su-dung-con-doi-oto-dien.jpg 1316w\" sizes=\"(max-width: 1024px) 100vw, 1024px\" \/><\/a><\/p>\n<p>Thi\u1ebft b\u1ecb thay L\u1ed1p xe \u00f4 t\u00f4 b\u1eb1ng \u0111i\u1ec7n s\u1eed d\u1ee5ng Romete\u00a0\u0111i\u1ec1u khi\u1ec1n t\u1eeb xa c\u00f3 d\u00e2y v\u00e0 kh\u00f4ng d\u00e2y tu\u1ef3 theo Option c\u1ee7a b\u1ed9 n\u00e2ng.<\/p>\n<p><a href=\"http:\/\/maybommini.com\/wp-content\/uploads\/2016\/04\/con-doi-nang-xe-oto.jpg\" rel=\"attachment wp-att-245011 noopener\" target=\"_blank\"><img decoding=\"async\" class=\"size-full wp-image-245011 aligncenter\" src=\"http:\/\/maybommini.com\/wp-content\/uploads\/2016\/04\/con-doi-nang-xe-oto.jpg\" alt=\"con-doi-nang-xe-oto\" width=\"790\" height=\"401\" srcset=\"https:\/\/maybommini.vn\/wp-content\/uploads\/2016\/04\/con-doi-nang-xe-oto.jpg 790w, https:\/\/maybommini.vn\/wp-content\/uploads\/2016\/04\/con-doi-nang-xe-oto-600x305.jpg 600w, https:\/\/maybommini.vn\/wp-content\/uploads\/2016\/04\/con-doi-nang-xe-oto-300x152.jpg 300w, https:\/\/maybommini.vn\/wp-content\/uploads\/2016\/04\/con-doi-nang-xe-oto-768x390.jpg 768w\" sizes=\"(max-width: 790px) 100vw, 790px\" \/><\/a><\/p>\n<p><strong>MUA CON \u0110\u1ed8I \u0110I\u1ec6N \u00d4 T\u1ed4 12V \u1ede \u0110\u00c2U ?<\/strong><\/p>\n<p><a href=\"https:\/\/maybommini.com\/wp-content\/uploads\/2018\/04\/con-doi-oto-dung-dien-12v-1.jpg\" target=\"_blank\" rel=\"noopener\"><img decoding=\"async\" class=\"size-full wp-image-258480 aligncenter\" src=\"https:\/\/maybommini.com\/wp-content\/uploads\/2018\/04\/con-doi-oto-dung-dien-12v-1.jpg\" alt=\"Con Doi Oto Dung Dien 12v\" width=\"750\" height=\"750\" srcset=\"https:\/\/maybommini.vn\/wp-content\/uploads\/2018\/04\/con-doi-oto-dung-dien-12v-1.jpg 750w, https:\/\/maybommini.vn\/wp-content\/uploads\/2018\/04\/con-doi-oto-dung-dien-12v-1-300x300.jpg 300w, https:\/\/maybommini.vn\/wp-content\/uploads\/2018\/04\/con-doi-oto-dung-dien-12v-1-150x150.jpg 150w, https:\/\/maybommini.vn\/wp-content\/uploads\/2018\/04\/con-doi-oto-dung-dien-12v-1-600x600.jpg 600w\" sizes=\"(max-width: 750px) 100vw, 750px\" \/><\/a><\/p>\n<p><strong>CTY TNHH TH\u01af\u01a0NG M\u1ea0I D\u1ecaCH V\u1ee4 \u0110I\u1ec6N M\u00c1Y TH\u00d4NG MINH<\/strong><br \/>\nHotline : 090 729 4310<br \/>\nEmail : maybommini.com@gmail.com<br \/>\nWebsite : http:\/\/maybommini.com<br \/>\nFacebook : <a href=\"https:\/\/www.facebook.com\/maybommini\" target=\"_blank\" rel=\"noopener\">https:\/\/www.facebook.com\/maybommini<\/a><br \/>\nGoogle : <a href=\"https:\/\/plus.google.com\/ Maybomnuocminiruaxe\" target=\"_blank\" rel=\"noopener\">https:\/\/plus.google.com\/ Maybomnuocminiruaxe<\/a><br \/>\nYoutube demo : <a href=\"https:\/\/www.youtube.com\/bahamasali\" target=\"_blank\" rel=\"noopener\">https:\/\/www.youtube.com\/bahamasali<\/a><\/p>\n<h3 style=\"text-align: center;\">\u0110\u1ed9i \u0111i\u1ec7n n\u00e2ng xe \u00d4t\u00f4 12V mini &#8211; Option 2<\/h3>\n","protected":false},"excerpt":{"rendered":"<p>Con\u00a0\u0111\u1ed9i\u00a0\u0111i\u1ec7n 12v<br \/>\nS\u00fang m\u1edf \u1ed1c b\u00e1nh xe 12V<br \/>\nD\u00e2y ngu\u1ed3n c\u1ea5m\u00a0\u1ed5 m\u1ed3i thu\u1ed1c\u00a0\u00d4 t\u00f4<br \/>\nD\u00e2y ngu\u1ed3n k\u1eb9p b\u00ecnh\u00a0\u1eafc quy<br \/>\nRemote \u0111i\u1ec1u khi\u1ec3n\u00a0d\u00e2y<br \/>\nRemote \u0111i\u1ec1u khi\u1ec3n kh\u00f4ng d\u00e2y<br \/>\n\u1ed0ng Tu\u00fdp<br \/>\nB\u1ed9 quay tay<br \/>\nB\u1ed9 g\u0103ng tay<br \/>\nVali ch\u1ee9a\u00a0b\u1ed9 n\u00e2ng\u00a0\u0111i\u1ec7n<br \/>\nTr\u1ecdng l\u01b0\u1ee3ng : 3,7 kg<br \/>\nB\u1ea3o h\u00e0nh : 12 th\u00e1ng\u00a0Ch\u00ednh H\u00e3ng<br \/>\nH\u00e0ng cao c\u1ea5p Trung Qu\u1ed1c<br \/>\nHotline: 090 729 4310<\/p>\n","protected":false},"featured_media":258480,"comment_status":"open","ping_status":"closed","template":"","meta":[],"product_brand":[],"product_cat":[343],"product_tag":[344,345,346,347,348,349,350,351,352,353,354,621,355,356,357],"class_list":{"0":"post-256026","1":"product","2":"type-product","3":"status-publish","4":"has-post-thumbnail","6":"product_cat-thiet-bi-do-choi-oto","7":"product_tag-ban-con-doi-xe-hoi","8":"product_tag-can-ban-con-doi-xe-hoi","9":"product_tag-con-doi-oto","10":"product_tag-con-doi-bo-kich-dien-nang-xe-hoi","11":"product_tag-con-doi-dien","12":"product_tag-con-doi-dien-dung-nang-xe-hoi-xe-khach","13":"product_tag-con-doi-dien-dieu-khien-tu-xa","14":"product_tag-con-doi-dien-o-to","15":"product_tag-doi-dien","16":"product_tag-nang-xe","17":"product_tag-o-to-12v","18":"product_tag-option-2","19":"product_tag-thiet-bi-nang-gam-bang-dien","20":"product_tag-thiet-bi-nang-gam-xe-hoi","21":"product_tag-thiet-bi-thay-lop-xe-o-to-bang-dien-con-doi-dien-o-to","23":"first","24":"instock","25":"sale","26":"shipping-taxable","27":"purchasable","28":"product-type-simple"},"_links":{"self":[{"href":"https:\/\/maybommini.vn\/index.php?rest_route=\/wp\/v2\/product\/256026","targetHints":{"allow":["GET"]}}],"collection":[{"href":"https:\/\/maybommini.vn\/index.php?rest_route=\/wp\/v2\/product"}],"about":[{"href":"https:\/\/maybommini.vn\/index.php?rest_route=\/wp\/v2\/types\/product"}],"replies":[{"embeddable":true,"href":"https:\/\/maybommini.vn\/index.php?rest_route=%2Fwp%2Fv2%2Fcomments&post=256026"}],"wp:featuredmedia":[{"embeddable":true,"href":"https:\/\/maybommini.vn\/index.php?rest_route=\/wp\/v2\/media\/258480"}],"wp:attachment":[{"href":"https:\/\/maybommini.vn\/index.php?rest_route=%2Fwp%2Fv2%2Fmedia&parent=256026"}],"wp:term":[{"taxonomy":"product_brand","embeddable":true,"href":"https:\/\/maybommini.vn\/index.php?rest_route=%2Fwp%2Fv2%2Fproduct_brand&post=256026"},{"taxonomy":"product_cat","embeddable":true,"href":"https:\/\/maybommini.vn\/index.php?rest_route=%2Fwp%2Fv2%2Fproduct_cat&post=256026"},{"taxonomy":"product_tag","embeddable":true,"href":"https:\/\/maybommini.vn\/index.php?rest_route=%2Fwp%2Fv2%2Fproduct_tag&post=256026"}],"curies":[{"name":"wp","href":"https:\/\/api.w.org\/{rel}","templated":true}]}}