{"id":256030,"date":"2018-04-12T19:28:45","date_gmt":"2018-04-12T12:28:45","guid":{"rendered":"https:\/\/maybommini.com\/san-pham\/import-placeholder-for-252357"},"modified":"2018-11-14T16:21:12","modified_gmt":"2018-11-14T09:21:12","slug":"may-bom-chim-220v-2200l-45w","status":"publish","type":"product","link":"https:\/\/maybommini.vn\/?product=may-bom-chim-220v-2200l-45w","title":{"rendered":"M\u00e1y b\u01a1m ch\u00ecm 220V 2200L 45W"},"content":{"rendered":"<h3><strong>M\u00e1y b\u01a1m ch\u00ecm 220V 2200L l\u00e0 lo\u1ea1i m\u00e1y b\u01a1m ch\u00ecm chuy\u00ean d\u1ee5ng\u00a0\u0111\u1ec3 b\u01a1m n\u01b0\u1edbc, b\u01a1m ch\u1ea5t th\u1ea3i h\u1ed3 c\u00e1, m\u00e1y b\u01a1m h\u00f2n non b\u1ed9, m\u00e1y b\u01a1m \u0111\u00e0i phun n\u01b0\u1edbc. M\u00e1y b\u01a1m ch\u00ecm 220V 2200L do maybommini.com ph\u00e2n ph\u1ed1i\u00a0\u0111\u1ed9c quy\u1ec1n to\u00e0n qu\u1ed1c.<\/strong><\/h3>\n<h2 style=\"text-align: center;\">M\u00e1y b\u01a1m ch\u00ecm 220V<\/h2>\n<h3 style=\"text-align: center;\"><a href=\"http:\/\/maybommini.com\/wp-content\/uploads\/2016\/04\/may-bom-ho-ca-dai-phun-nuoc.jpg\" rel=\"attachment wp-att-245055 noopener\" target=\"_blank\"><img decoding=\"async\" class=\"size-full wp-image-245055 aligncenter\" src=\"http:\/\/maybommini.com\/wp-content\/uploads\/2016\/04\/may-bom-ho-ca-dai-phun-nuoc.jpg\" alt=\"may-bom-ho-ca-dai-phun-nuoc\" width=\"600\" height=\"600\" srcset=\"https:\/\/maybommini.vn\/wp-content\/uploads\/2016\/04\/may-bom-ho-ca-dai-phun-nuoc.jpg 600w, https:\/\/maybommini.vn\/wp-content\/uploads\/2016\/04\/may-bom-ho-ca-dai-phun-nuoc-300x300.jpg 300w, https:\/\/maybommini.vn\/wp-content\/uploads\/2016\/04\/may-bom-ho-ca-dai-phun-nuoc-150x150.jpg 150w\" sizes=\"(max-width: 600px) 100vw, 600px\" \/><br \/>\nM\u00e1y b\u01a1m ch\u00ecm 220V 2200L 45W<\/a><\/h3>\n<h3><strong>TH\u00d4NG S\u1ed0 K\u1ef8 THU\u1eacT M\u00c1Y B\u01a0M CH\u00ccM 220V 2200L<\/strong><\/h3>\n<p>\u0110i\u1ec7n \u00e1p: 220V AC<br \/>\nC\u00f4ng su\u1ea5t: 45W<br \/>\nL\u01b0u l\u01b0\u1ee3ng: 2200L\/gi\u1edd<br \/>\nB\u01a1m cao: 2.5 m\u00e9t<br \/>\n\u0110\u01b0\u1eddng k\u00ednh \u1ed1ng ra: 19 mm<br \/>\nK\u00edch th\u01b0\u1edbc: 15,5 * 11,5 * 9.5 cm<br \/>\nM\u00e0u: \u0111en<\/p>\n<p><a href=\"http:\/\/maybommini.com\/wp-content\/uploads\/2016\/04\/may-bom-nuoc-ho-ca.jpg\" rel=\"attachment wp-att-245057 noopener\" target=\"_blank\"><img decoding=\"async\" class=\"size-full wp-image-245057 aligncenter\" src=\"http:\/\/maybommini.com\/wp-content\/uploads\/2016\/04\/may-bom-nuoc-ho-ca.jpg\" alt=\"may-bom-nuoc-ho-ca\" width=\"654\" height=\"598\" srcset=\"https:\/\/maybommini.vn\/wp-content\/uploads\/2016\/04\/may-bom-nuoc-ho-ca.jpg 654w, https:\/\/maybommini.vn\/wp-content\/uploads\/2016\/04\/may-bom-nuoc-ho-ca-600x549.jpg 600w, https:\/\/maybommini.vn\/wp-content\/uploads\/2016\/04\/may-bom-nuoc-ho-ca-300x274.jpg 300w\" sizes=\"(max-width: 654px) 100vw, 654px\" \/><\/a><\/p>\n<p><strong>\u1ee8NG D\u1ee4NG M\u00c1Y B\u01a0M CH\u00ccM DO 220V 2200L<\/strong><\/p>\n<p>D\u00f9ng b\u01a1m n\u01b0\u1edbc.<br \/>\nD\u00f9ng b\u01a1m n\u01b0\u1edbc h\u1ed3 c\u00e1, ch\u1ea5t th\u1ea3i h\u1ed3 c\u00e1.<br \/>\nB\u01a1m n\u01b0\u1edbc t\u01b0\u1edbi c\u00e2y.<br \/>\nB\u01a1m h\u00f2n non b\u1ed9.<br \/>\nB\u01a1m n\u01b0\u1edbc \u0111\u00e0i phun n\u01b0\u1edbc.<br \/>\n<a href=\"http:\/\/maybommini.com\/wp-content\/uploads\/2016\/04\/may-bom-ho-ca-dai-phun-nuoc.jpg\" rel=\"attachment wp-att-245055 noopener\" target=\"_blank\"><img decoding=\"async\" class=\"size-full wp-image-245055 aligncenter\" src=\"http:\/\/maybommini.com\/wp-content\/uploads\/2016\/04\/may-bom-ho-ca-dai-phun-nuoc.jpg\" alt=\"may-bom-ho-ca-dai-phun-nuoc\" width=\"600\" height=\"600\" srcset=\"https:\/\/maybommini.vn\/wp-content\/uploads\/2016\/04\/may-bom-ho-ca-dai-phun-nuoc.jpg 600w, https:\/\/maybommini.vn\/wp-content\/uploads\/2016\/04\/may-bom-ho-ca-dai-phun-nuoc-300x300.jpg 300w, https:\/\/maybommini.vn\/wp-content\/uploads\/2016\/04\/may-bom-ho-ca-dai-phun-nuoc-150x150.jpg 150w\" sizes=\"(max-width: 600px) 100vw, 600px\" \/><\/a><strong>MUA M\u00c1Y B\u01a0M N\u01af\u1edaC MINI\u00a0<\/strong><strong>CH\u00ccM 220V 2200L\u00a0<\/strong><strong>\u1ede \u0110\u00c2U ?<\/strong><\/p>\n<p>M\u1ecdi chi ti\u1ebft vui l\u00f2ng li\u00ean h\u1ec7 tr\u1ef1c ti\u1ebfp cho ch\u00fang t\u00f4i \u0111\u1ec3 \u0111\u01b0\u1ee3c t\u01b0 v\u1ea5n theo nhu c\u1ea7u \u0111\u1ec3 c\u00f3 \u0111\u01b0\u1ee3c b\u1ed9 s\u1ea3n ph\u1ea9m t\u1ed1t nh\u1ea5t v\u00e0 ti\u1ebft ki\u1ec7m.\u00a0B\u1ea1n \u1edf xa v\u1eabn c\u00f3 th\u1ec3 mua h\u00e0ng v\u00e0 giao h\u00e0ng <a title=\"thanh to\u00e1n\" href=\"http:\/\/maybommini.com\/thanh-toan\" target=\"_blank\" rel=\"noopener\">thanh to\u00e1n<\/a> ti\u1ec1n t\u1ea1i nh\u00e0.<\/p>\n<p><strong>CTY TNHH TH\u01af\u01a0NG M\u1ea0I D\u1ecaCH V\u1ee4 \u0110I\u1ec6N M\u00c1Y TH\u00d4NG MINH<\/strong><br \/>\nHotline : 090 729 4310<br \/>\nEmail : maybommini.com@gmail.com<br \/>\nWebsite : http:\/\/maybommini.com<br \/>\nFacebook : <a href=\"https:\/\/www.facebook.com\/maybommini\" target=\"_blank\" rel=\"noopener\">https:\/\/www.facebook.com\/maybommini<\/a><br \/>\nGoogle   : <a href=\"https:\/\/plus.google.com\/ Maybomnuocminiruaxe\" target=\"_blank\" rel=\"noopener\">https:\/\/plus.google.com\/ Maybomnuocminiruaxe<\/a><br \/>\nYoutube demo : <a href=\"https:\/\/www.youtube.com\/bahamasali\" target=\"_blank\" rel=\"noopener\">https:\/\/www.youtube.com\/bahamasali<\/a><\/p>\n","protected":false},"excerpt":{"rendered":"<p>\u0110i\u1ec7n \u00e1p: 220V AC<br \/>\nC\u00f4ng su\u1ea5t: 45W<br \/>\nL\u01b0u l\u01b0\u1ee3ng: 2200L\/gi\u1edd<br \/>\nB\u01a1m cao: 2.5 m\u00e9t<br \/>\n\u0110\u01b0\u1eddng k\u00ednh \u1ed1ng ra: 19 mm<br \/>\nK\u00edch th\u01b0\u1edbc: 15,5 * 11,5 * 9.5 cm<br \/>\nM\u00e0u: \u0111en<br \/>\nB\u1ea3o h\u00e0nh: 6 th\u00e1ng 1 \u0111\u1ed5i 1<br \/>\nHotline: 090 729 4310<\/p>\n","protected":false},"featured_media":256142,"comment_status":"open","ping_status":"closed","template":"","meta":[],"product_brand":[],"product_cat":[381,382,613],"product_tag":[627,384,385,386,387,388,628,629,206,630,389,390],"class_list":{"0":"post-256030","1":"product","2":"type-product","3":"status-publish","4":"has-post-thumbnail","6":"product_cat-may-bom-chim","7":"product_cat-may-bom-chim-12v","8":"product_cat-may-bom-ho-ca","9":"product_tag-2200l","10":"product_tag-bom","11":"product_tag-bom-12v-dc","12":"product_tag-bom-chi","13":"product_tag-bom-dau","14":"product_tag-bom-dau-diesel","15":"product_tag-dai-phun-nuoc","16":"product_tag-hon-non-bo","17":"product_tag-may-bom-12v","18":"product_tag-may-bom-220v","19":"product_tag-may-bom-chim","20":"product_tag-may-bom-chim-12v","22":"first","23":"instock","24":"sale","25":"shipping-taxable","26":"purchasable","27":"product-type-simple"},"_links":{"self":[{"href":"https:\/\/maybommini.vn\/index.php?rest_route=\/wp\/v2\/product\/256030","targetHints":{"allow":["GET"]}}],"collection":[{"href":"https:\/\/maybommini.vn\/index.php?rest_route=\/wp\/v2\/product"}],"about":[{"href":"https:\/\/maybommini.vn\/index.php?rest_route=\/wp\/v2\/types\/product"}],"replies":[{"embeddable":true,"href":"https:\/\/maybommini.vn\/index.php?rest_route=%2Fwp%2Fv2%2Fcomments&post=256030"}],"wp:featuredmedia":[{"embeddable":true,"href":"https:\/\/maybommini.vn\/index.php?rest_route=\/wp\/v2\/media\/256142"}],"wp:attachment":[{"href":"https:\/\/maybommini.vn\/index.php?rest_route=%2Fwp%2Fv2%2Fmedia&parent=256030"}],"wp:term":[{"taxonomy":"product_brand","embeddable":true,"href":"https:\/\/maybommini.vn\/index.php?rest_route=%2Fwp%2Fv2%2Fproduct_brand&post=256030"},{"taxonomy":"product_cat","embeddable":true,"href":"https:\/\/maybommini.vn\/index.php?rest_route=%2Fwp%2Fv2%2Fproduct_cat&post=256030"},{"taxonomy":"product_tag","embeddable":true,"href":"https:\/\/maybommini.vn\/index.php?rest_route=%2Fwp%2Fv2%2Fproduct_tag&post=256030"}],"curies":[{"name":"wp","href":"https:\/\/api.w.org\/{rel}","templated":true}]}}