{"id":256032,"date":"2018-04-12T19:28:45","date_gmt":"2018-04-12T12:28:45","guid":{"rendered":"https:\/\/maybommini.com\/san-pham\/import-placeholder-for-252359"},"modified":"2022-10-21T17:07:28","modified_gmt":"2022-10-21T10:07:28","slug":"loc-nuoc-lon-may-bom-mini","status":"publish","type":"product","link":"https:\/\/maybommini.vn\/?product=loc-nuoc-lon-may-bom-mini","title":{"rendered":"L\u1ecdc n\u01b0\u1edbc l\u1edbn m\u00e1y b\u01a1m mini"},"content":{"rendered":"<h3><strong>L\u1ecdc d\u00f9ng cho <a title=\"m\u00e1y b\u01a1m\" href=\"http:\/\/maybommini.com\/may-bom\" target=\"_blank\" rel=\"noopener\">m\u00e1y b\u01a1m<\/a> n\u01b0\u1edbc mini l\u00e0 ph\u1ee5 ki\u1ec7n kh\u00f4ng th\u1ec3 thi\u1ebfu khi b\u1ea1n s\u1eed d\u1ee5ng m\u00e1y b\u01a1m n\u01b0\u1edbc mini \u0111\u00e2y l\u00e0 ph\u1ee5 ki\u1ec7n tuy nh\u1ecf nh\u01b0ng c\u00f3 nhi\u1ec7m v\u1ee5 l\u1ecdc c\u00e1c b\u1ea9n c\u1ee7a \u1ed1ng v\u00e0o m\u00e1y b\u01a1m m\u1ed9t c\u00e1ch t\u1ed1t nh\u1ea5t.\u00a0<\/strong><\/h3>\n<h2 style=\"text-align: center\">B\u1ed9 l\u1ecdc d\u00f9ng cho m\u00e1y b\u01a1m n\u01b0\u1edbc mini<\/h2>\n<p><a href=\"http:\/\/maybommini.com\/wp-content\/uploads\/2016\/04\/loc-nuoc-may-bom-ap-luc.jpg\" rel=\"attachment wp-att-245089 noopener\" target=\"_blank\"><img decoding=\"async\" class=\"size-full wp-image-245089 aligncenter\" src=\"http:\/\/maybommini.com\/wp-content\/uploads\/2016\/04\/loc-nuoc-may-bom-ap-luc.jpg\" alt=\"loc-nuoc-may-bom-ap-luc\" width=\"750\" height=\"563\" srcset=\"https:\/\/maybommini.vn\/wp-content\/uploads\/2016\/04\/loc-nuoc-may-bom-ap-luc.jpg 750w, https:\/\/maybommini.vn\/wp-content\/uploads\/2016\/04\/loc-nuoc-may-bom-ap-luc-600x450.jpg 600w, https:\/\/maybommini.vn\/wp-content\/uploads\/2016\/04\/loc-nuoc-may-bom-ap-luc-300x225.jpg 300w\" sizes=\"(max-width: 750px) 100vw, 750px\" \/><\/a><\/p>\n<h2>K\u00edch th\u01b0\u1edbc<\/h2>\n<p>\u1ed0ng n\u1ed1i g\u1eafn v\u00e0o c\u00f3 \u0111\u01b0\u1eddng k\u00ednh 9,5 mm th\u00edch h\u1ee3p cho c\u00e1c lo\u1ea1i \u1ed1ng n\u01b0\u1edbc 16 mm \u2013 18mm c\u00f3 th\u1ec3 g\u1eafn v\u00e0o \u0111\u01b0\u1ee3c m\u1ed9t c\u00e1ch d\u1ec3 d\u00e0ng. C\u00f3 thi\u1ebft k\u00e9 nh\u1ecf g\u1ecdn th\u00edch h\u1ee3p cho c\u00e1c lo\u1ea1i m\u00e1y b\u01a1m n\u01b0\u1edbc mini 12V 24V<\/p>\n<p><a href=\"http:\/\/maybommini.com\/wp-content\/uploads\/2016\/04\/loc-nuoc-may-bom-mini.jpg\" rel=\"attachment wp-att-245090 noopener\" target=\"_blank\"><img decoding=\"async\" class=\"size-full wp-image-245090 aligncenter\" src=\"http:\/\/maybommini.com\/wp-content\/uploads\/2016\/04\/loc-nuoc-may-bom-mini.jpg\" alt=\"loc-nuoc-may-bom-mini\" width=\"550\" height=\"550\" srcset=\"https:\/\/maybommini.vn\/wp-content\/uploads\/2016\/04\/loc-nuoc-may-bom-mini.jpg 550w, https:\/\/maybommini.vn\/wp-content\/uploads\/2016\/04\/loc-nuoc-may-bom-mini-300x300.jpg 300w, https:\/\/maybommini.vn\/wp-content\/uploads\/2016\/04\/loc-nuoc-may-bom-mini-150x150.jpg 150w\" sizes=\"(max-width: 550px) 100vw, 550px\" \/><\/a><\/p>\n<h2>M\u1ee5c \u0111\u00edch s\u1eed d\u1ee5ng b\u1ed9 l\u1ecdc d\u00f9ng cho m\u00e1y b\u01a1m n\u01b0\u1edbc mini<\/h2>\n<p>D\u00f9ng cho m\u00e1y gi\u1eb7t, m\u00e1y r\u1eeda xe chuy\u00ean d\u1ee5ng, l\u1ecdc n\u01b0\u1edbc, gi\u00fap b\u1ea3o v\u1ec7 m\u00e1y\u00a0<a title=\"B\u1ed9 r\u1eeda xe mini 12V \u2013 Option 1\" href=\"http:\/\/maybommini.com\/bo-rua-xe-mini-12v-option-1.html\" target=\"_blank\" rel=\"noopener\">r\u1eeda xe mini 12V<\/a> kh\u00f4ng v\u00e0o b\u1ee5i b\u1ea9n, b\u1ec1n h\u01a1n.<\/p>\n<p><a href=\"http:\/\/maybommini.com\/wp-content\/uploads\/2016\/04\/loc-nuoc-may-bom-nuoc.jpg\" rel=\"attachment wp-att-245091 noopener\" target=\"_blank\"><img decoding=\"async\" class=\"size-full wp-image-245091 aligncenter\" src=\"http:\/\/maybommini.com\/wp-content\/uploads\/2016\/04\/loc-nuoc-may-bom-nuoc.jpg\" alt=\"loc-nuoc-may-bom-nuoc\" width=\"636\" height=\"553\" srcset=\"https:\/\/maybommini.vn\/wp-content\/uploads\/2016\/04\/loc-nuoc-may-bom-nuoc.jpg 636w, https:\/\/maybommini.vn\/wp-content\/uploads\/2016\/04\/loc-nuoc-may-bom-nuoc-600x522.jpg 600w, https:\/\/maybommini.vn\/wp-content\/uploads\/2016\/04\/loc-nuoc-may-bom-nuoc-300x261.jpg 300w\" sizes=\"(max-width: 636px) 100vw, 636px\" \/><\/a><\/p>\n<p>C\u00e1c b\u1ea1n c\u00f3 th\u1ec3 g\u1eafn k\u00e8m b\u1ed9 l\u1ecdc n\u00e0y cho m\u00e1y <a title=\"B\u01a1m \u00e1p l\u1ef1c mini\" href=\"http:\/\/maybommini.com\/may-bom-mini\/bom-ap-luc-mini\" target=\"_blank\" rel=\"noopener\">b\u01a1m n\u01b0\u1edbc \u00e1p l\u1ef1c mini<\/a> 12V 24V \u0111\u1ec3 r\u1eeda xe gi\u00fap m\u00e1y ho\u1ea1t \u0111\u1ed9ng t\u1ed1t h\u01a1n v\u00e0 b\u1ec1n h\u01a1n<\/p>\n<p><a href=\"http:\/\/maybommini.com\/wp-content\/uploads\/2016\/04\/bo-loc-nuoc-may-bom.jpg\" rel=\"attachment wp-att-245087 noopener\" target=\"_blank\"><img decoding=\"async\" class=\"size-full wp-image-245087 aligncenter\" src=\"http:\/\/maybommini.com\/wp-content\/uploads\/2016\/04\/bo-loc-nuoc-may-bom.jpg\" alt=\"bo-loc-nuoc-may-bom\" width=\"750\" height=\"563\" srcset=\"https:\/\/maybommini.vn\/wp-content\/uploads\/2016\/04\/bo-loc-nuoc-may-bom.jpg 750w, https:\/\/maybommini.vn\/wp-content\/uploads\/2016\/04\/bo-loc-nuoc-may-bom-600x450.jpg 600w, https:\/\/maybommini.vn\/wp-content\/uploads\/2016\/04\/bo-loc-nuoc-may-bom-300x225.jpg 300w\" sizes=\"(max-width: 750px) 100vw, 750px\" \/><\/a><\/p>\n<h2>Ch\u1ea5t li\u1ec7u b\u1ed9 l\u1ecdc d\u00f9ng cho m\u00e1y b\u01a1m n\u01b0\u1edbc mini<\/h2>\n<p>Ch\u1ea5t li\u1ec7u nh\u1ef1a \u0111\u1eb7c bi\u1ec7t, l\u01b0\u1edbi th\u00e9p kh\u00f4ng r\u1ec9.<\/p>\n<h2><strong>MUA L\u1eccC N\u01af\u1edaC M\u00c1Y B\u01a0M MINI \u1ede \u0110\u00c2U ?<\/strong><\/h2>\n<p>M\u1ecdi chi ti\u1ebft vui l\u00f2ng li\u00ean h\u1ec7 tr\u1ef1c ti\u1ebfp cho ch\u00fang t\u00f4i \u0111\u1ec3 \u0111\u01b0\u1ee3c t\u01b0 v\u1ea5n theo nhu c\u1ea7u \u0111\u1ec3 c\u00f3 \u0111\u01b0\u1ee3c b\u1ed9 s\u1ea3n ph\u1ea9m t\u1ed1t nh\u1ea5t v\u00e0 ti\u1ebft ki\u1ec7m.<\/p>\n<h2><strong>B\u1ea1n \u1edf xa v\u1eabn c\u00f3 th\u1ec3 mua h\u00e0ng v\u00e0 giao to\u00e0n qu\u1ed1c<\/strong><\/h2>\n<p>Hotline : 090 729 4310 \u00a0(24\/24)<br \/>\nEmail : maybommini.com@gmail.com<br \/>\nWebsite : <a title=\"May bom mini\" href=\"http:\/\/maybommini.com\/\" target=\"_blank\" rel=\"noopener\">http:\/\/maybommini.com<\/a><br \/>\nFacebook :\u00a0<a title=\"m\u00e1y b\u01a1m mini\" href=\"https:\/\/www.facebook.com\/maybommini\" target=\"_blank\" rel=\"noopener\">https:\/\/www.facebook.com\/maybommini<\/a><br \/>\nGoogle :\u00a0<a title=\"May bom nuoc mini rua xe\" href=\"https:\/\/plus.google.com\/ Maybomnuocminiruaxe\" target=\"_blank\" rel=\"noopener\">https:\/\/plus.google.com\/ Maybomnuocminiruaxe<\/a><br \/>\nYoutube demo :\u00a0<a title=\"Rua xe bang may bom mini\" href=\"https:\/\/www.youtube.com\/bahamasali\" target=\"_blank\" rel=\"noopener\">https:\/\/www.youtube.com\/bahamasali<\/a><\/p>\n<p>&nbsp;<\/p>\n","protected":false},"excerpt":{"rendered":"<p>H\u00e0ng m\u1edbi 100%<br \/>\nNh\u1eadp \u0110\u00e0i Loan<br \/>\nTh\u00e9p ch\u1ed1ng r\u1ec9<br \/>\nG\u1eafn cho \u1ed1ng d\u00e2y 17mm \u0111\u1ebfn 20mm<br \/>\nD\u00f9ng cho m\u00e1y b\u01a1m mini \u00e1p l\u1ef1c 12V 24V d\u00f9ng r\u1eeda xe m\u00e1y l\u1ea1nh, t\u01b0\u1edbi v\u01b0\u1eddn &#8230;<\/p>\n","protected":false},"featured_media":256159,"comment_status":"open","ping_status":"closed","template":"","meta":[],"product_brand":[2227],"product_cat":[2431,215,214],"product_tag":[286,287,285,235,638,639,288,640,289,275,641,290,291,249,210],"class_list":{"0":"post-256032","1":"product","2":"type-product","3":"status-publish","4":"has-post-thumbnail","6":"product_brand-mtm","7":"product_cat-loc-nuoc","8":"product_cat-phu-kien-xit-rua-ap-luc","9":"product_cat-phu-kien-bom-nuoc","10":"product_tag-bao-ve","11":"product_tag-bo-loc","12":"product_tag-bom-ap-luc","13":"product_tag-bom-nuoc-mini","14":"product_tag-lam-sach-nuoc","15":"product_tag-loc","16":"product_tag-loc-ban","17":"product_tag-loc-lon","18":"product_tag-loc-nuoc","19":"product_tag-mini","20":"product_tag-nuoc-sach","21":"product_tag-ong","22":"product_tag-phu-kien","23":"product_tag-phu-kien-rua-xe","24":"product_tag-rua-xe","25":"product_shipping_class-ha-noi","27":"first","28":"instock","29":"sale","30":"shipping-taxable","31":"purchasable","32":"product-type-simple"},"_links":{"self":[{"href":"https:\/\/maybommini.vn\/index.php?rest_route=\/wp\/v2\/product\/256032","targetHints":{"allow":["GET"]}}],"collection":[{"href":"https:\/\/maybommini.vn\/index.php?rest_route=\/wp\/v2\/product"}],"about":[{"href":"https:\/\/maybommini.vn\/index.php?rest_route=\/wp\/v2\/types\/product"}],"replies":[{"embeddable":true,"href":"https:\/\/maybommini.vn\/index.php?rest_route=%2Fwp%2Fv2%2Fcomments&post=256032"}],"wp:featuredmedia":[{"embeddable":true,"href":"https:\/\/maybommini.vn\/index.php?rest_route=\/wp\/v2\/media\/256159"}],"wp:attachment":[{"href":"https:\/\/maybommini.vn\/index.php?rest_route=%2Fwp%2Fv2%2Fmedia&parent=256032"}],"wp:term":[{"taxonomy":"product_brand","embeddable":true,"href":"https:\/\/maybommini.vn\/index.php?rest_route=%2Fwp%2Fv2%2Fproduct_brand&post=256032"},{"taxonomy":"product_cat","embeddable":true,"href":"https:\/\/maybommini.vn\/index.php?rest_route=%2Fwp%2Fv2%2Fproduct_cat&post=256032"},{"taxonomy":"product_tag","embeddable":true,"href":"https:\/\/maybommini.vn\/index.php?rest_route=%2Fwp%2Fv2%2Fproduct_tag&post=256032"}],"curies":[{"name":"wp","href":"https:\/\/api.w.org\/{rel}","templated":true}]}}