{"id":256033,"date":"2018-04-12T19:28:46","date_gmt":"2018-04-12T12:28:46","guid":{"rendered":"https:\/\/maybommini.com\/san-pham\/import-placeholder-for-252360"},"modified":"2018-05-13T23:56:46","modified_gmt":"2018-05-13T16:56:46","slug":"may-bom-nuoc-12v-luu-luong-lon","status":"publish","type":"product","link":"https:\/\/maybommini.vn\/?product=may-bom-nuoc-12v-luu-luong-lon","title":{"rendered":"M\u00e1y B\u01a1m N\u01b0\u1edbc 12V L\u01b0u L\u01b0\u1ee3ng L\u1edbn"},"content":{"rendered":"<p><strong>M\u00e1y B\u01a1m N\u01b0\u1edbc 12V L\u01b0u L\u01b0\u1ee3ng L\u1edbn l\u00e0 lo\u1ea1i m\u00e1y b\u01a1m c\u00f3 c\u00f4ng su\u1ea5t b\u01a1m l\u1edbn ch\u1ec9 d\u00f9ng \u0111i\u1ec7n DC 12V b\u00ecnh \u1eafc quy, ngu\u1ed3n \u0111i\u1ec7n n\u0103ng l\u01b0\u1ee3ng m\u1eb7t tr\u1eddi v\u00e0 c\u00e1c lo\u1ea1i ngu\u1ed3n 12V kh\u00e1c. M\u00e1y c\u00f3 k\u00edch th\u01b0\u1edbc nh\u1ecf g\u1ecdn d\u1ec3 duy chuy\u1ec3n r\u1ea5t th\u00edch h\u1ee3p m\u1ee5c \u0111\u00edch b\u01a1m n\u01b0\u1edbc l\u01b0u \u0111\u1ed9ng nhanh v\u00e0 \u0111\u1eb7c bi\u1ec7t c\u00f3 kh\u1ea3 n\u0103ng t\u1ef1 m\u1ed3i.<\/strong><\/p>\n<p><a href=\"http:\/\/maybommini.com\/wp-content\/uploads\/2016\/04\/may-bom-nuoc-12v.jpg\" rel=\"attachment wp-att-245108 noopener\" target=\"_blank\"><img decoding=\"async\" class=\"size-full wp-image-245108 aligncenter\" src=\"http:\/\/maybommini.com\/wp-content\/uploads\/2016\/04\/may-bom-nuoc-12v.jpg\" alt=\"may-bom-nuoc-12v\" width=\"790\" height=\"958\" srcset=\"https:\/\/maybommini.vn\/wp-content\/uploads\/2016\/04\/may-bom-nuoc-12v.jpg 790w, https:\/\/maybommini.vn\/wp-content\/uploads\/2016\/04\/may-bom-nuoc-12v-600x728.jpg 600w, https:\/\/maybommini.vn\/wp-content\/uploads\/2016\/04\/may-bom-nuoc-12v-247x300.jpg 247w, https:\/\/maybommini.vn\/wp-content\/uploads\/2016\/04\/may-bom-nuoc-12v-768x931.jpg 768w\" sizes=\"(max-width: 790px) 100vw, 790px\" \/><\/a><\/p>\n<p><strong>TH\u00d4NG S\u1ed0 K\u1ef8 THU\u1eacT C\u1ee6A M\u00c1Y B\u01a0M N\u01af\u1edaC L\u01afU L\u01af\u1ee2NG L\u1edaN 12V<\/strong><br \/>\n\u00b7 Model: XF-360<br \/>\n\u00b7 T\u00ean s\u1ea3n ph\u1ea9m: M\u00e1y B\u01a1m N\u01b0\u1edbc 12V L\u01b0u L\u01b0\u1ee3ng L\u1edbn<br \/>\n\u00b7 \u0110i\u1ec7n \u00e1p s\u1eed d\u1ee5ng: 12V<br \/>\n\u00b7 D\u00f2ng \u0111i\u1ec7n: 30A<br \/>\n\u00b7 C\u00f4ng su\u1ea5t b\u01a1m: 360W<br \/>\n\u00b7 L\u01b0u l\u01b0\u1ee3ng b\u01a1m: 150 L\u00cdT\/PH\u00daT<br \/>\n\u00b7 \u1ed0ng h\u00fat x\u1ea3: 42mm (1,5 inch)<br \/>\n\u00b7 Tr\u1ecdng l\u01b0\u1ee3ng: 3,5 Kg<br \/>\n\u00b7 T\u00ecnh tr\u1ea1ng: H\u00e0ng m\u1edbi 100%<br \/>\n\u00b7 Xu\u1ea5t x\u1ee9: CHINA cao c\u1ea5p<br \/>\n\u00b7 B\u1ea3o h\u00e0nh: 6 th\u00e1ng ch\u00ednh h\u00e3ng<\/p>\n<p><a href=\"http:\/\/maybommini.com\/wp-content\/uploads\/2016\/04\/bom-nuoc-luu-luong-lon-12v.jpg\" rel=\"attachment wp-att-245104 noopener\" target=\"_blank\"><img decoding=\"async\" class=\"size-full wp-image-245104 aligncenter\" src=\"http:\/\/maybommini.com\/wp-content\/uploads\/2016\/04\/bom-nuoc-luu-luong-lon-12v.jpg\" alt=\"bom-nuoc-luu-luong-lon-12v\" width=\"854\" height=\"591\" srcset=\"https:\/\/maybommini.vn\/wp-content\/uploads\/2016\/04\/bom-nuoc-luu-luong-lon-12v.jpg 854w, https:\/\/maybommini.vn\/wp-content\/uploads\/2016\/04\/bom-nuoc-luu-luong-lon-12v-600x415.jpg 600w, https:\/\/maybommini.vn\/wp-content\/uploads\/2016\/04\/bom-nuoc-luu-luong-lon-12v-300x208.jpg 300w, https:\/\/maybommini.vn\/wp-content\/uploads\/2016\/04\/bom-nuoc-luu-luong-lon-12v-768x531.jpg 768w\" sizes=\"(max-width: 854px) 100vw, 854px\" \/><\/a><br \/>\n<strong>I&gt; GI\u1edaI THI\u1ec6U\u00a0M\u00c1Y B\u01a0M N\u01af\u1edaC L\u01afU L\u01af\u1ee2NG L\u1edaN 12V<\/strong><br \/>\n\u0110\u1eb7c bi\u1ec7t th\u00edch h\u1ee3p cho vi\u1ec7c c\u1ea7n b\u01a1m l\u01b0u l\u01b0\u1ee3ng n\u01b0\u1edbc l\u1edbn nh\u1eefng n\u01a1i hoang d\u00e3, \u0111\u1ed3ng ru\u1ed9ng, kh\u00f4ng c\u00f3 \u0111i\u1ec7n, c\u00fap \u0111i\u1ec7n, s\u1eed d\u1ee5ng n\u0103ng l\u01b0\u1ee3ng m\u1eb7t tr\u1eddi, \u1eafc quy.<br \/>\nCh\u1ea5t li\u1ec7u: Nylon k\u1ef9 thu\u1eadt nh\u1ef1a, 100% cu\u1ed9n d\u00e2y \u0111\u1ed3ng nguy\u00ean ch\u1ea5t, \u0111\u1ed9ng c\u01a1 ch\u1ed5i than.<\/p>\n<p><a href=\"http:\/\/maybommini.com\/wp-content\/uploads\/2016\/04\/may-bom-nuoc.jpg\" rel=\"attachment wp-att-245107 noopener\" target=\"_blank\"><img decoding=\"async\" class=\"size-full wp-image-245107 aligncenter\" src=\"http:\/\/maybommini.com\/wp-content\/uploads\/2016\/04\/may-bom-nuoc.jpg\" alt=\"may-bom-nuoc\" width=\"750\" height=\"556\" srcset=\"https:\/\/maybommini.vn\/wp-content\/uploads\/2016\/04\/may-bom-nuoc.jpg 750w, https:\/\/maybommini.vn\/wp-content\/uploads\/2016\/04\/may-bom-nuoc-600x445.jpg 600w, https:\/\/maybommini.vn\/wp-content\/uploads\/2016\/04\/may-bom-nuoc-300x222.jpg 300w\" sizes=\"(max-width: 750px) 100vw, 750px\" \/><\/a><br \/>\n<strong>\u01afu \u0111i\u1ec3m:<\/strong> V\u1edbi s\u1ef1 gia t\u0103ng trong c\u00e1c \u0111\u1ea7u b\u01a1m, \u0111i\u1ec7n v\u00e0 s\u1eed d\u1ee5ng hi\u1ec7n t\u1ea1i s\u1ebd thay \u0111\u1ed5i d\u1ea7n d\u1ea7n gi\u1ea3m xu\u1ed1ng, n\u00e2ng cao hi\u1ec7u qu\u1ea3 n\u0103ng l\u01b0\u1ee3ng.<\/p>\n<p><strong>II&gt; C\u00c1C T\u00cdNH N\u0102NG\u00a0M\u00c1Y B\u01a0M N\u01af\u1edaC L\u01afU L\u01af\u1ee2NG L\u1edaN 12V<\/strong><\/p>\n<p>1. M\u1ed9t thi\u1ebft k\u1ebf th\u1ee7y l\u1ef1c \u0111\u1ed9c \u0111\u00e1o m\u00e0 kh\u00f4ng qu\u00e1 t\u1ea3i, cho ph\u00e9p c\u00e1c m\u00e1y b\u01a1m s\u1ebd ch\u1ea1y tr\u00ean b\u1ea5t k\u1ef3 \u0111i\u1ec1u ki\u1ec7n ho\u1ea1t \u0111\u1ed9ng v\u00e0 kh\u00f4ng b\u1ecb qu\u00e1 t\u1ea3i. C\u00e1c m\u00e1y b\u01a1m c\u00f3 c\u00f4ng su\u1ea5t ng\u01b0\u1ee3c, b\u1ea3o v\u1ec7 nhi\u1ec7t \u0111\u1ed9 cao.<br \/>\n2. \u0110\u1ed9ng c\u01a1 v\u00e0 \u0111\u1ea7u b\u01a1m ch\u1eafc ch\u1eafn nh\u1ecf g\u1ecdn, ti\u1ebfng \u1ed3n th\u1ea5p, v\u00e0 thi\u1ebft k\u1ebf motor DC ti\u1ec7n d\u1ee5ng, so v\u1edbi \u0111\u1ed9ng c\u01a1 m\u00e1y b\u01a1m th\u00f4ng th\u01b0\u1eddng \u0111\u1ec3 \u0111\u1ea3m b\u1ea3o an to\u00e0n l\u00e2u d\u00e0i v\u00e0 \u0111\u00e1ng tin c\u1eady \u0111\u1ec3 s\u1eed d\u1ee5ng.<br \/>\n3. C\u00e1c b\u1ed9 ph\u1eadn b\u01a1m l\u00e0m b\u1eb1ng nylon, ch\u1ed1ng \u0103n m\u00f2n t\u1ed1t, ch\u1ed1ng va \u0111\u1eadp, ch\u1ed1ng l\u00e3o h\u00f3a, ch\u1ed1ng r\u1ec9.<br \/>\n4. M\u00e1y b\u01a1m v\u1edbi \u0111\u01b0\u1eddng k\u00ednh h\u00fat x\u1ea3 l\u00e0 \u1ed1ng 42mm, v\u1edbi l\u01b0u l\u01b0\u1ee3ng l\u00e0 8.000 m\u1ed9t gi\u1edd. Tr\u1ecdng l\u01b0\u1ee3ng 3,5 kg ch\u1ea5t l\u01b0\u1ee3ng, tr\u1ecdng l\u01b0\u1ee3ng nh\u1eb9 v\u00e0 thu\u1eadn ti\u1ec7n.<\/p>\n<p><a href=\"http:\/\/maybommini.com\/wp-content\/uploads\/2016\/04\/may-bom-tuoi-cay-12v.jpg\" rel=\"attachment wp-att-245112 noopener\" target=\"_blank\"><img decoding=\"async\" class=\"size-full wp-image-245112 aligncenter\" src=\"http:\/\/maybommini.com\/wp-content\/uploads\/2016\/04\/may-bom-tuoi-cay-12v.jpg\" alt=\"may-bom-tuoi-cay-12v\" width=\"790\" height=\"584\" srcset=\"https:\/\/maybommini.vn\/wp-content\/uploads\/2016\/04\/may-bom-tuoi-cay-12v.jpg 790w, https:\/\/maybommini.vn\/wp-content\/uploads\/2016\/04\/may-bom-tuoi-cay-12v-600x444.jpg 600w, https:\/\/maybommini.vn\/wp-content\/uploads\/2016\/04\/may-bom-tuoi-cay-12v-300x222.jpg 300w, https:\/\/maybommini.vn\/wp-content\/uploads\/2016\/04\/may-bom-tuoi-cay-12v-768x568.jpg 768w\" sizes=\"(max-width: 790px) 100vw, 790px\" \/><\/a> <a href=\"http:\/\/maybommini.com\/wp-content\/uploads\/2016\/04\/may-bom-nuoc-xe-tuoi-duong-12v.jpg\" rel=\"attachment wp-att-245111 noopener\" target=\"_blank\"><img decoding=\"async\" class=\"size-full wp-image-245111 aligncenter\" src=\"http:\/\/maybommini.com\/wp-content\/uploads\/2016\/04\/may-bom-nuoc-xe-tuoi-duong-12v.jpg\" alt=\"may-bom-nuoc-xe-tuoi-duong-12v\" width=\"500\" height=\"370\" srcset=\"https:\/\/maybommini.vn\/wp-content\/uploads\/2016\/04\/may-bom-nuoc-xe-tuoi-duong-12v.jpg 500w, https:\/\/maybommini.vn\/wp-content\/uploads\/2016\/04\/may-bom-nuoc-xe-tuoi-duong-12v-300x222.jpg 300w\" sizes=\"(max-width: 500px) 100vw, 500px\" \/><\/a> <a href=\"http:\/\/maybommini.com\/wp-content\/uploads\/2016\/04\/may-bom-nuoc-binh-ac-qui.jpg\" rel=\"attachment wp-att-245110 noopener\" target=\"_blank\"><img decoding=\"async\" class=\"size-full wp-image-245110 aligncenter\" src=\"http:\/\/maybommini.com\/wp-content\/uploads\/2016\/04\/may-bom-nuoc-binh-ac-qui.jpg\" alt=\"may-bom-nuoc-binh-ac-qui\" width=\"837\" height=\"544\" srcset=\"https:\/\/maybommini.vn\/wp-content\/uploads\/2016\/04\/may-bom-nuoc-binh-ac-qui.jpg 837w, https:\/\/maybommini.vn\/wp-content\/uploads\/2016\/04\/may-bom-nuoc-binh-ac-qui-600x390.jpg 600w, https:\/\/maybommini.vn\/wp-content\/uploads\/2016\/04\/may-bom-nuoc-binh-ac-qui-300x195.jpg 300w, https:\/\/maybommini.vn\/wp-content\/uploads\/2016\/04\/may-bom-nuoc-binh-ac-qui-768x499.jpg 768w\" sizes=\"(max-width: 837px) 100vw, 837px\" \/><\/a><\/p>\n<p><strong>III&gt; PH\u1ea0M VI \u1ee8NG D\u1ee4NG<\/strong><br \/>\n1. Th\u00edch h\u1ee3p cho c\u00e1c khu v\u01b0\u1eddn, t\u01b0\u1edbi c\u00e2y xanh, v\u01b0\u1eddn c\u00e2y xanh, th\u1ee7y l\u1ee3i, x\u1eed l\u00fd n\u01b0\u1edbc v\u00e0 b\u01a1m n\u01b0\u1edbc h\u1ed9 gia \u0111\u00ecnh.<br \/>\n2. \u0110\u1ec3 t\u01b0\u1edbi rau, bi\u1ec3n tho\u00e1t n\u01b0\u1edbc, v\u1eadn t\u1ea3i th\u1ee7y, c\u0169ng c\u00f3 th\u1ec3 \u0111\u01b0\u1ee3c s\u1eed d\u1ee5ng cho ao tho\u00e1t n\u01b0\u1edbc\u2026<br \/>\n3. M\u00e1y b\u01a1m \u0111\u01b0\u1ee3c g\u1eafn tr\u00ean m\u1ed9t chi\u1ebfc xe ho\u1eb7c m\u1ed9t m\u00e1y k\u00e9o, c\u00f3 th\u1ec3 \u0111\u01b0\u1ee3c s\u1eed d\u1ee5ng \u0111\u1ec3 k\u1ebft n\u1ed1i c\u00e1c ho\u1ea1t \u0111\u1ed9ng di \u0111\u1ed9ng s\u1eed d\u1ee5ng \u0111i\u1ec7n \u1eafc quy \u0111\u1ec3 t\u01b0\u1edbi n\u01b0\u1edbc.<br \/>\n4. S\u1eed d\u1ee5ng tr\u00ean c\u00e1c xe t\u01b0\u1edbi c\u00e2y c\u00f4ng vi\u00ean &#8211; tr\u00ean \u0111\u01b0\u1eddng, t\u01b0\u1edbi b\u1ee5i, t\u01b0\u1edbi ngu\u1ed9i nh\u1ef1a\u2026<\/p>\n<p><a href=\"http:\/\/maybommini.com\/wp-content\/uploads\/2016\/04\/may-bom-12v-xe-tuoi-duong.jpg\" rel=\"attachment wp-att-245106 noopener\" target=\"_blank\"><img decoding=\"async\" class=\"size-full wp-image-245106 aligncenter\" src=\"http:\/\/maybommini.com\/wp-content\/uploads\/2016\/04\/may-bom-12v-xe-tuoi-duong.jpg\" alt=\"may-bom-12v-xe-tuoi-duong\" width=\"790\" height=\"593\" srcset=\"https:\/\/maybommini.vn\/wp-content\/uploads\/2016\/04\/may-bom-12v-xe-tuoi-duong.jpg 790w, https:\/\/maybommini.vn\/wp-content\/uploads\/2016\/04\/may-bom-12v-xe-tuoi-duong-600x450.jpg 600w, https:\/\/maybommini.vn\/wp-content\/uploads\/2016\/04\/may-bom-12v-xe-tuoi-duong-300x225.jpg 300w, https:\/\/maybommini.vn\/wp-content\/uploads\/2016\/04\/may-bom-12v-xe-tuoi-duong-768x576.jpg 768w\" sizes=\"(max-width: 790px) 100vw, 790px\" \/><\/a><strong>IV&gt; CH\u00da \u00dd:<\/strong><br \/>\nS\u1eed d\u1ee5ng \u0111\u00fang \u0111i\u1ec7n \u00e1p v\u00e0 c\u00f4ng su\u1ea5t n\u00eau tr\u00ean c\u1ee7a t\u1eebng s\u1ea3n ph\u1ea9m.<br \/>\nL\u1eafp \u0111\u1eb7t \u1edf \u0111\u1ed9 cao v\u00e0 v\u1ecb tr\u00ed h\u1ee3p l\u00fd.<br \/>\nCh\u00fa \u00fd r\u00e1c \u0111\u01b0\u1ee3c h\u00fat v\u00e0o b\u01a1m v\u00e0 c\u00e1c lo\u1ea1i t\u1ea1p ch\u1ea5t d\u1ea1ng r\u1eafn \u1ea3nh h\u01b0\u1edfng \u0111\u1ebfn c\u00e1nh b\u01a1m.<br \/>\nTr\u00e1nh s\u1eed d\u1ee5ng d\u00e2y k\u00e9o d\u00e0i, n\u1ebfu kh\u00f4ng n\u00f3 s\u1ebd \u1ea3nh h\u01b0\u1edfng \u0111\u1ebfn c\u00f4ng su\u1ea5t b\u01a1m.<br \/>\nM\u00e1y b\u01a1m kh\u00f4ng c\u1ea7n ch\u1ea5t b\u00f4i tr\u01a1n, tuy\u1ec7t \u0111\u1ed1i kh\u00f4ng \u0111\u1ec3 m\u00e1y ch\u1ea1y kh\u00f4.<br \/>\nM\u00e1y b\u01a1m n\u00e0y l\u00e0 t\u1ef1 m\u1ed3i, vui l\u00f2ng \u0111\u1ec3 \u0111\u1ea7u h\u00fat l\u00fac n\u00e0o c\u0169ng c\u00f3 n\u01b0\u1edbc \u0111\u1ec3 b\u01a1m ch\u1ea1y t\u1ed1t.<br \/>\nC\u00f3 th\u1ec3 s\u1eed d\u1ee5ng l\u00fap p\u00ea ho\u1eb7c van 1 chi\u1ec1u \u0111\u1ec3 h\u1ed5 tr\u1ee3 m\u00e1y b\u01a1m ch\u1ea1y t\u1ed1t h\u01a1n.<br \/>\nN\u1ebfu b\u1ecb k\u1eb9t r\u00e1c ho\u1eb7c motor quay kh\u00f3 kh\u0103n th\u00ec th\u00e1o \u0111i\u1ec7n ngay \u0111\u1ec3 ki\u1ec3m tra.<br \/>\nN\u1ebfu m\u00e1y b\u01a1m b\u1ecb l\u1ed7i vui l\u00f2ng li\u00ean h\u1ec7 l\u1ea1i c\u1eeda h\u00e0ng \u0111\u1ec3 \u0111\u01b0\u1ee3c h\u1ed5 tr\u1ee3 s\u1eed l\u00fd, tuy\u1ec7t \u0111\u1ed1i kh\u00f4ng t\u1ef1 \u00fd th\u00e1o m\u00e1y, n\u1ebfu kh\u00f4ng th\u00ec c\u1eeda h\u00e0ng kh\u00f4ng ch\u1ecbu b\u1ea5t k\u1ef3 tr\u00e1ch nhi\u1ec7m n\u00e0o.<\/p>\n<p><a href=\"http:\/\/maybommini.com\/wp-content\/uploads\/2016\/04\/bom-nuoc-mini-12v.jpg\" rel=\"attachment wp-att-245105 noopener\" target=\"_blank\"><img decoding=\"async\" class=\"size-full wp-image-245105 aligncenter\" src=\"http:\/\/maybommini.com\/wp-content\/uploads\/2016\/04\/bom-nuoc-mini-12v.jpg\" alt=\"bom-nuoc-mini-12v\" width=\"750\" height=\"555\" srcset=\"https:\/\/maybommini.vn\/wp-content\/uploads\/2016\/04\/bom-nuoc-mini-12v.jpg 750w, https:\/\/maybommini.vn\/wp-content\/uploads\/2016\/04\/bom-nuoc-mini-12v-600x444.jpg 600w, https:\/\/maybommini.vn\/wp-content\/uploads\/2016\/04\/bom-nuoc-mini-12v-300x222.jpg 300w\" sizes=\"(max-width: 750px) 100vw, 750px\" \/><\/a><\/p>\n<p><strong>MUA\u00a0M\u00c1Y B\u01a0M N\u01af\u1edaC L\u01afU L\u01af\u1ee2NG L\u1edaN 12V \u1ede \u0110\u00c2U ?<br \/>\n<\/strong>M\u1ecdi chi ti\u1ebft vui l\u00f2ng li\u00ean h\u1ec7 tr\u1ef1c ti\u1ebfp cho ch\u00fang t\u00f4i \u0111\u1ec3 \u0111\u01b0\u1ee3c t\u01b0 v\u1ea5n theo nhu c\u1ea7u \u0111\u1ec3 c\u00f3 \u0111\u01b0\u1ee3c b\u1ed9 s\u1ea3n ph\u1ea9m t\u1ed1t nh\u1ea5t v\u00e0 ti\u1ebft ki\u1ec7m.\u00a0B\u1ea1n \u1edf xa v\u1eabn c\u00f3 th\u1ec3 mua h\u00e0ng v\u00e0 giao to\u00e0n qu\u1ed1c<\/p>\n<p><a href=\"https:\/\/maybommini.com\/wp-content\/uploads\/2018\/04\/may-bom-nuoc-12v-luu-luong-lon-1.jpg\" target=\"_blank\" rel=\"noopener\"><img decoding=\"async\" class=\"size-full wp-image-258478 aligncenter\" src=\"https:\/\/maybommini.com\/wp-content\/uploads\/2018\/04\/may-bom-nuoc-12v-luu-luong-lon-1.jpg\" alt=\"May Bom Nuoc 12v Luu Luong Lon\" width=\"750\" height=\"750\" srcset=\"https:\/\/maybommini.vn\/wp-content\/uploads\/2018\/04\/may-bom-nuoc-12v-luu-luong-lon-1.jpg 750w, https:\/\/maybommini.vn\/wp-content\/uploads\/2018\/04\/may-bom-nuoc-12v-luu-luong-lon-1-300x300.jpg 300w, https:\/\/maybommini.vn\/wp-content\/uploads\/2018\/04\/may-bom-nuoc-12v-luu-luong-lon-1-150x150.jpg 150w, https:\/\/maybommini.vn\/wp-content\/uploads\/2018\/04\/may-bom-nuoc-12v-luu-luong-lon-1-600x600.jpg 600w\" sizes=\"(max-width: 750px) 100vw, 750px\" \/><\/a><\/p>\n<p><strong>CTY TNHH TH\u01af\u01a0NG M\u1ea0I D\u1ecaCH V\u1ee4 \u0110I\u1ec6N M\u00c1Y TH\u00d4NG MINH<\/strong><br \/>\nHotline : 090 729 4310<br \/>\nEmail : maybommini.com@gmail.com<br \/>\nWebsite : http:\/\/maybommini.com<br \/>\nFacebook : <a href=\"https:\/\/www.facebook.com\/maybommini\" target=\"_blank\" rel=\"noopener\">https:\/\/www.facebook.com\/maybommini<\/a><br \/>\nGoogle : <a href=\"https:\/\/plus.google.com\/ Maybomnuocminiruaxe\" target=\"_blank\" rel=\"noopener\">https:\/\/plus.google.com\/ Maybomnuocminiruaxe<\/a><br \/>\nYoutube demo : <a href=\"https:\/\/www.youtube.com\/bahamasali\" target=\"_blank\" rel=\"noopener\">https:\/\/www.youtube.com\/bahamasali<\/a><\/p>\n<h3 style=\"text-align: center;\">M\u00e1y B\u01a1m N\u01b0\u1edbc 12V L\u01b0u L\u01b0\u1ee3ng L\u1edbn<\/h3>\n","protected":false},"excerpt":{"rendered":"<h3>\u00b7 Model: XF-360<br \/>\n\u00b7 T\u00ean s\u1ea3n ph\u1ea9m: M\u00e1y B\u01a1m N\u01b0\u1edbc 12V L\u01b0u L\u01b0\u1ee3ng L\u1edbn<br \/>\n\u00b7 \u0110i\u1ec7n \u00e1p s\u1eed d\u1ee5ng: 12V<br \/>\n\u00b7 D\u00f2ng \u0111i\u1ec7n: 30A<br \/>\n\u00b7 C\u00f4ng su\u1ea5t b\u01a1m: 360W<br \/>\n\u00b7 L\u01b0u l\u01b0\u1ee3ng b\u01a1m: 150 L\u00cdT\/PH\u00daT<br \/>\n\u00b7 \u1ed0ng h\u00fat x\u1ea3: 42mm (1,5 inch)<br \/>\n\u00b7 Tr\u1ecdng l\u01b0\u1ee3ng: 3,5 Kg<br \/>\n\u00b7 T\u00ecnh tr\u1ea1ng: H\u00e0ng m\u1edbi 100%<br \/>\n\u00b7 Xu\u1ea5t x\u1ee9: CHINA cao c\u1ea5p<br \/>\n\u00b7 B\u1ea3o h\u00e0nh: 6 th\u00e1ng ch\u00ednh h\u00e3ng<\/h3>\n","protected":false},"featured_media":258478,"comment_status":"open","ping_status":"closed","template":"","meta":[],"product_brand":[],"product_cat":[225,1442],"product_tag":[267,643,489,244,644,645,646,647,648],"class_list":{"0":"post-256033","1":"product","2":"type-product","3":"status-publish","4":"has-post-thumbnail","6":"product_cat-may-bom-nuoc-mini-12v","7":"product_cat-may-bom-tro-luc-12v","8":"product_tag-12v","9":"product_tag-bom-12v","10":"product_tag-bom-nuoc","11":"product_tag-bom-nuoc-12v","12":"product_tag-may-bom-dc","13":"product_tag-may-bom-luu-luon-lon","14":"product_tag-may-bom-tro-luc","15":"product_tag-may-bom-tuoi-cay","16":"product_tag-may-bom-xe-tuoi","18":"first","19":"instock","20":"sale","21":"shipping-taxable","22":"purchasable","23":"product-type-simple"},"_links":{"self":[{"href":"https:\/\/maybommini.vn\/index.php?rest_route=\/wp\/v2\/product\/256033","targetHints":{"allow":["GET"]}}],"collection":[{"href":"https:\/\/maybommini.vn\/index.php?rest_route=\/wp\/v2\/product"}],"about":[{"href":"https:\/\/maybommini.vn\/index.php?rest_route=\/wp\/v2\/types\/product"}],"replies":[{"embeddable":true,"href":"https:\/\/maybommini.vn\/index.php?rest_route=%2Fwp%2Fv2%2Fcomments&post=256033"}],"wp:featuredmedia":[{"embeddable":true,"href":"https:\/\/maybommini.vn\/index.php?rest_route=\/wp\/v2\/media\/258478"}],"wp:attachment":[{"href":"https:\/\/maybommini.vn\/index.php?rest_route=%2Fwp%2Fv2%2Fmedia&parent=256033"}],"wp:term":[{"taxonomy":"product_brand","embeddable":true,"href":"https:\/\/maybommini.vn\/index.php?rest_route=%2Fwp%2Fv2%2Fproduct_brand&post=256033"},{"taxonomy":"product_cat","embeddable":true,"href":"https:\/\/maybommini.vn\/index.php?rest_route=%2Fwp%2Fv2%2Fproduct_cat&post=256033"},{"taxonomy":"product_tag","embeddable":true,"href":"https:\/\/maybommini.vn\/index.php?rest_route=%2Fwp%2Fv2%2Fproduct_tag&post=256033"}],"curies":[{"name":"wp","href":"https:\/\/api.w.org\/{rel}","templated":true}]}}