{"id":256034,"date":"2018-04-12T19:28:46","date_gmt":"2018-04-12T12:28:46","guid":{"rendered":"https:\/\/maybommini.com\/san-pham\/import-placeholder-for-252361"},"modified":"2024-12-03T07:48:46","modified_gmt":"2024-12-03T00:48:46","slug":"cong-tat-cam-bien-dong-chay-12v-24v","status":"publish","type":"product","link":"https:\/\/maybommini.vn\/?product=cong-tat-cam-bien-dong-chay-12v-24v","title":{"rendered":"C\u00f4ng t\u1eaft c\u1ea3m bi\u1ebfn d\u00f2ng ch\u1ea3y 12V 24V"},"content":{"rendered":"<p><strong>C\u00f4ng t\u1eaft c\u1ea3m bi\u1ebfn d\u00f2ng ch\u1ea3y 12V 24V d\u00f9ng cho c\u00e1c lo\u1ea1i m\u00e1y b\u01a1m n\u01b0\u1edbc, b\u01a1m n\u01b0\u1edbc tr\u1ee3 l\u1ef1c, m\u00e1y b\u01a1m t\u0103ng \u00e1p, m\u00e1y b\u01a1m n\u01b0\u1edbc n\u00f3ng l\u1ea1nh. V\u1edbi ch\u1ee9c n\u0103ng t\u1eaft m\u1edf d\u00f2ng \u0111i\u1ec7n theo d\u00f2ng ch\u1ea3y khi s\u1eed d\u1ee5ng m\u00e1y b\u01a1m.<\/strong><\/p>\n<p><a href=\"https:\/\/maybommini.com\/wp-content\/uploads\/2018\/04\/cong-tat-ap-luc-nuoc-12V-24V.jpg\" target=\"_blank\" rel=\"noopener\"><img decoding=\"async\" class=\"size-full wp-image-258580 aligncenter\" src=\"https:\/\/maybommini.com\/wp-content\/uploads\/2018\/04\/cong-tat-ap-luc-nuoc-12V-24V.jpg\" alt=\"Cong Tat Ap Luc Nuoc 12V 24V\" width=\"820\" height=\"820\" srcset=\"https:\/\/maybommini.vn\/wp-content\/uploads\/2018\/04\/cong-tat-ap-luc-nuoc-12V-24V.jpg 820w, https:\/\/maybommini.vn\/wp-content\/uploads\/2018\/04\/cong-tat-ap-luc-nuoc-12V-24V-300x300.jpg 300w, https:\/\/maybommini.vn\/wp-content\/uploads\/2018\/04\/cong-tat-ap-luc-nuoc-12V-24V-150x150.jpg 150w, https:\/\/maybommini.vn\/wp-content\/uploads\/2018\/04\/cong-tat-ap-luc-nuoc-12V-24V-600x600.jpg 600w, https:\/\/maybommini.vn\/wp-content\/uploads\/2018\/04\/cong-tat-ap-luc-nuoc-12V-24V-768x768.jpg 768w\" sizes=\"(max-width: 820px) 100vw, 820px\" \/><\/a><\/p>\n<p><strong>TH\u00d4NG S\u1ed0 K\u1ef8 THU\u1eacT C\u00d4NG T\u1eaeT C\u1ea2M BI\u1ebeN D\u00d2NG CH\u1ea2Y<\/strong><br \/>\n\u0110i\u1ec7n th\u1ebf: 12V 24V<br \/>\nCh\u1ea5t li\u1ec7u: h\u1ee3p kim ch\u1ed1ng r\u1ec9<br \/>\nNhi\u1ec7t \u0111\u1ed9 l\u00e0m vi\u1ec7c: 0 \u0111\u1ebfn 100 \u0111\u1ed9 C<br \/>\nV\u1ecf Nh\u1ef1a: Cao c\u1ea5p<br \/>\nThi\u1ebft b\u1ecb \u0111i\u1ec7n t\u1eed: Cao c\u1ea5p<br \/>\nRen k\u1ebft n\u1ed1i: 21 mm<\/p>\n<p><a href=\"https:\/\/maybommini.com\/wp-content\/uploads\/2018\/04\/cam-bien-dong-chay-2.jpg\" target=\"_blank\" rel=\"noopener\"><img decoding=\"async\" class=\"size-full wp-image-258579 aligncenter\" src=\"https:\/\/maybommini.com\/wp-content\/uploads\/2018\/04\/cam-bien-dong-chay-2.jpg\" alt=\"Cam Bien Dong Chay\" width=\"820\" height=\"820\" srcset=\"https:\/\/maybommini.vn\/wp-content\/uploads\/2018\/04\/cam-bien-dong-chay-2.jpg 820w, https:\/\/maybommini.vn\/wp-content\/uploads\/2018\/04\/cam-bien-dong-chay-2-300x300.jpg 300w, https:\/\/maybommini.vn\/wp-content\/uploads\/2018\/04\/cam-bien-dong-chay-2-150x150.jpg 150w, https:\/\/maybommini.vn\/wp-content\/uploads\/2018\/04\/cam-bien-dong-chay-2-600x600.jpg 600w\" sizes=\"(max-width: 820px) 100vw, 820px\" \/><\/a><\/p>\n<p><strong>\u1ee8NG D\u1ee4NG\u00a0C\u00d4NG T\u1eaeT C\u1ea2M BI\u1ebeN D\u00d2NG CH\u1ea2Y<br \/>\n<\/strong>&#8211; D\u00f9ng cho m\u00e1y b\u01a1m n\u01b0\u1edbc.<br \/>\n&#8211; D\u00f9ng cho m\u00e1y b\u01a1m n\u01b0\u1edbc mini.<br \/>\n&#8211; S\u1eed d\u1ee5ng m\u00e1y b\u01a1m \u00e1p l\u1ef1c.<br \/>\n&#8211; D\u00f9ng m\u00e1y b\u01a1m tr\u1ee3 l\u1ef1c n\u01b0\u1edbc n\u00f3ng l\u1ea1nh.<br \/>\n&#8211; S\u1eed d\u1ee5ng h\u1ec7 th\u1ed1ng n\u01b0\u1edbc c\u00f4ng nghi\u1ec7p.<br \/>\n&#8211; S\u1eed d\u1ee5ng h\u1ec7 th\u1ed1ng n\u01b0\u1edbc gia \u0111\u00ecnh.<br \/>\n&#8211; S\u1eed d\u1ee5ng h\u1ec7 th\u1ed1ng b\u01a1m n\u01b0\u1edbc n\u00f3ng n\u0103ng l\u01b0\u1ee3ng m\u1eb7t tr\u1eddi.<br \/>\n&#8211; S\u1eed d\u1ee5ng h\u1ec7 th\u1ed1ng b\u01a1m t\u1ef1 \u0111\u1ed9ng.<br \/>\n&#8211; S\u1eed d\u1ee5ng b\u01a1m n\u01b0\u1edbc t\u1ef1 \u0111\u1ed9ng d\u00f9ng cho m\u00e1y gi\u1eb7t.<br \/>\n&#8211; S\u1eed d\u1ee5ng b\u01a1m n\u01b0\u1edbc tr\u1ee3 l\u1ef1c nh\u00e0 t\u1eafm.<\/p>\n<p><a href=\"https:\/\/maybommini.com\/wp-content\/uploads\/2018\/04\/tu-dong-tat-mo-may-bom-nuoc12V-24V.jpg\" target=\"_blank\" rel=\"noopener\"><img decoding=\"async\" class=\"size-full wp-image-258581 aligncenter\" src=\"https:\/\/maybommini.com\/wp-content\/uploads\/2018\/04\/tu-dong-tat-mo-may-bom-nuoc12V-24V.jpg\" alt=\"Tu Dong Tat Mo May Bom Nuoc12V 24V\" width=\"820\" height=\"820\" srcset=\"https:\/\/maybommini.vn\/wp-content\/uploads\/2018\/04\/tu-dong-tat-mo-may-bom-nuoc12V-24V.jpg 820w, https:\/\/maybommini.vn\/wp-content\/uploads\/2018\/04\/tu-dong-tat-mo-may-bom-nuoc12V-24V-300x300.jpg 300w, https:\/\/maybommini.vn\/wp-content\/uploads\/2018\/04\/tu-dong-tat-mo-may-bom-nuoc12V-24V-150x150.jpg 150w, https:\/\/maybommini.vn\/wp-content\/uploads\/2018\/04\/tu-dong-tat-mo-may-bom-nuoc12V-24V-600x600.jpg 600w\" sizes=\"(max-width: 820px) 100vw, 820px\" \/><\/a><\/p>\n<p>S\u1eed d\u1ee5ng c\u00f4ng t\u1eaft c\u1ea3m bi\u1ebfn d\u00f2ng ch\u1ea3y gi\u00fap b\u1ea3o v\u1ec7 m\u00e1y b\u01a1m kh\u00f4ng l\u00e0m vi\u1ec7c li\u00ean t\u1ee5c khi kh\u00f4ng s\u1eed d\u1ee5ng n\u01b0\u1edbc.<br \/>\nGi\u00fap ti\u1ebft ki\u1ec7m \u0111i\u1ec7n hi\u1ec7u qu\u1ea3 v\u00e0 th\u00f4ng minh khi s\u1eed d\u1ee5ng m\u00e1y b\u01a1m n\u01b0\u1edbc.<br \/>\nAn to\u00e0n khi s\u1eed d\u1ee5ng trong gia \u0111\u00ecnh v\u00e0 c\u00f4ng nghi\u1ec7p &#8230;.<\/p>\n<p><a href=\"http:\/\/maybommini.com\/wp-content\/uploads\/2016\/05\/van-cam-bien-dong-chay-12v-24v.jpg\" rel=\"attachment wp-att-245123 noopener\" target=\"_blank\"><img decoding=\"async\" class=\"size-full wp-image-245123 aligncenter\" src=\"http:\/\/maybommini.com\/wp-content\/uploads\/2016\/05\/van-cam-bien-dong-chay-12v-24v.jpg\" alt=\"van-cam-bien-dong-chay-12v-24v\" width=\"550\" height=\"550\" srcset=\"https:\/\/maybommini.vn\/wp-content\/uploads\/2016\/05\/van-cam-bien-dong-chay-12v-24v.jpg 550w, https:\/\/maybommini.vn\/wp-content\/uploads\/2016\/05\/van-cam-bien-dong-chay-12v-24v-300x300.jpg 300w, https:\/\/maybommini.vn\/wp-content\/uploads\/2016\/05\/van-cam-bien-dong-chay-12v-24v-150x150.jpg 150w\" sizes=\"(max-width: 550px) 100vw, 550px\" \/><\/a><\/p>\n<p>Kh\u00f4ng c\u00f3 n\u01b0\u1edbc c\u00f4ng t\u1eaft c\u1ea3m bi\u1ebfn s\u1ebb kh\u00f4ng k\u00edch ho\u1ea1t m\u00e1y b\u01a1m.<br \/>\nKhi kh\u00f3a n\u01b0\u1edbc kh\u00f4ng s\u1eed d\u1ee5ng c\u1ea3m bi\u1ebfn t\u1ef1 \u0111\u1ed9ng ng\u1eb7t \u0111i\u1ec7n m\u00e1y b\u01a1m kh\u00f4ng ch\u1ea1y.<\/p>\n<p><strong>MUA C\u00d4NG T\u1eaeT C\u1ea2M BI\u1ebeN D\u00d2NG CH\u1ea2Y \u1ede \u0110\u00c2U ?<\/strong><\/p>\n<p>M\u1ecdi chi ti\u1ebft vui l\u00f2ng li\u00ean h\u1ec7 tr\u1ef1c ti\u1ebfp cho ch\u00fang t\u00f4i \u0111\u1ec3 \u0111\u01b0\u1ee3c t\u01b0 v\u1ea5n theo nhu c\u1ea7u \u0111\u1ec3 c\u00f3 \u0111\u01b0\u1ee3c b\u1ed9 s\u1ea3n ph\u1ea9m t\u1ed1t nh\u1ea5t v\u00e0 ti\u1ebft ki\u1ec7m.\u00a0B\u1ea1n \u1edf xa v\u1eabn c\u00f3 th\u1ec3 mua h\u00e0ng v\u00e0 giao to\u00e0n qu\u1ed1c<\/p>\n<p><a href=\"http:\/\/maybommini.com\/wp-content\/uploads\/2016\/05\/cong-tat-cam-bien-dong-chay.jpg\" rel=\"attachment wp-att-245125 noopener\" target=\"_blank\"><img decoding=\"async\" class=\"size-full wp-image-245125 aligncenter\" src=\"http:\/\/maybommini.com\/wp-content\/uploads\/2016\/05\/cong-tat-cam-bien-dong-chay.jpg\" alt=\"cong-tat-cam-bien-dong-chay\" width=\"750\" height=\"650\" srcset=\"https:\/\/maybommini.vn\/wp-content\/uploads\/2016\/05\/cong-tat-cam-bien-dong-chay.jpg 750w, https:\/\/maybommini.vn\/wp-content\/uploads\/2016\/05\/cong-tat-cam-bien-dong-chay-600x520.jpg 600w, https:\/\/maybommini.vn\/wp-content\/uploads\/2016\/05\/cong-tat-cam-bien-dong-chay-300x260.jpg 300w\" sizes=\"(max-width: 750px) 100vw, 750px\" \/><\/a><\/p>\n<p><strong>CTY TNHH TH\u01af\u01a0NG M\u1ea0I D\u1ecaCH V\u1ee4 \u0110I\u1ec6N M\u00c1Y TH\u00d4NG MINH<\/strong><br \/>\nHotline : 090 729 4310<br \/>\nEmail : maybommini.com@gmail.com<br \/>\nWebsite : http:\/\/maybommini.com<br \/>\nFacebook : <a href=\"https:\/\/www.facebook.com\/maybommini\" target=\"_blank\" rel=\"noopener\">https:\/\/www.facebook.com\/maybommini<\/a><br \/>\nGoogle : <a href=\"https:\/\/plus.google.com\/ Maybomnuocminiruaxe\" target=\"_blank\" rel=\"noopener\">https:\/\/plus.google.com\/ Maybomnuocminiruaxe<\/a><br \/>\nYoutube demo : <a href=\"https:\/\/www.youtube.com\/bahamasali\" target=\"_blank\" rel=\"noopener\">https:\/\/www.youtube.com\/bahamasali<\/a><\/p>\n<h3 style=\"text-align: center;\">C\u00f4ng t\u1eaft c\u1ea3m bi\u1ebfn d\u00f2ng ch\u1ea3y 12V 24V<\/h3>\n","protected":false},"excerpt":{"rendered":"<p>\u0110i\u1ec7n th\u1ebf: 12V 24V<br \/>\nCh\u1ea5t li\u1ec7u: h\u1ee3p kim ch\u1ed1ng r\u1ec9<br \/>\nNhi\u1ec7t \u0111\u1ed9 l\u00e0m vi\u1ec7c: 0 \u0111\u1ebfn 100 \u0111\u1ed9 C<br \/>\nV\u1ecf Nh\u1ef1a: Cao c\u1ea5p<br \/>\nThi\u1ebft b\u1ecb \u0111i\u1ec7n t\u1eed: Cao c\u1ea5p<br \/>\nRen k\u1ebft n\u1ed1i: 21 mm<br \/>\n\u0110\u1ed5i m\u1edbi n\u1ebfu l\u1ed5i trong 7 ng\u00e0y \u0111\u1ea7u.<br \/>\nB\u1ea3o h\u00e0nh: 1 th\u00e1ng<br \/>\nPh\u00e2n ph\u1ed1i: Maybommini.com<br \/>\nH\u00f4\u0309 tr\u01a1\u0323 ky\u0303 thu\u00e2\u0323t vi\u0303nh vi\u00ea\u0303n.<br \/>\n<strong>T\u01af V\u1ea4N K\u1ef8 THU\u1eacT \u2013 MUA H\u00c0NG<br \/>\nMUA S\u1ed0 L\u01af\u1ee2NG C\u00d3 GI\u00c1 S\u1ec8<\/strong><br \/>\n0908997823 \u2013 0908997872<br \/>\n0907294310 \u2013 02873030399<\/p>\n","protected":false},"featured_media":258580,"comment_status":"open","ping_status":"closed","template":"","meta":[],"product_brand":[39],"product_cat":[214,649],"product_tag":[267,500,488,650,651,652,653,626,654,560,655,656],"class_list":{"0":"post-256034","1":"product","2":"type-product","3":"status-publish","4":"has-post-thumbnail","6":"product_brand-mbm","7":"product_cat-phu-kien-bom-nuoc","8":"product_cat-cong-tat-cam-bien-dong-chay","9":"product_tag-12v","10":"product_tag-220v","11":"product_tag-24v","12":"product_tag-cam-bien","13":"product_tag-cam-bien-dong-chay","14":"product_tag-may-nuoc-nong","15":"product_tag-tat-dien-tu-dong","16":"product_tag-tu-dong","17":"product_tag-tu-dong-tat-may-bom","18":"product_tag-van","19":"product_tag-van-cam-vien-dong-chay","20":"product_tag-van-tu-dong","22":"first","23":"instock","24":"sale","25":"shipping-taxable","26":"purchasable","27":"product-type-simple"},"_links":{"self":[{"href":"https:\/\/maybommini.vn\/index.php?rest_route=\/wp\/v2\/product\/256034","targetHints":{"allow":["GET"]}}],"collection":[{"href":"https:\/\/maybommini.vn\/index.php?rest_route=\/wp\/v2\/product"}],"about":[{"href":"https:\/\/maybommini.vn\/index.php?rest_route=\/wp\/v2\/types\/product"}],"replies":[{"embeddable":true,"href":"https:\/\/maybommini.vn\/index.php?rest_route=%2Fwp%2Fv2%2Fcomments&post=256034"}],"wp:featuredmedia":[{"embeddable":true,"href":"https:\/\/maybommini.vn\/index.php?rest_route=\/wp\/v2\/media\/258580"}],"wp:attachment":[{"href":"https:\/\/maybommini.vn\/index.php?rest_route=%2Fwp%2Fv2%2Fmedia&parent=256034"}],"wp:term":[{"taxonomy":"product_brand","embeddable":true,"href":"https:\/\/maybommini.vn\/index.php?rest_route=%2Fwp%2Fv2%2Fproduct_brand&post=256034"},{"taxonomy":"product_cat","embeddable":true,"href":"https:\/\/maybommini.vn\/index.php?rest_route=%2Fwp%2Fv2%2Fproduct_cat&post=256034"},{"taxonomy":"product_tag","embeddable":true,"href":"https:\/\/maybommini.vn\/index.php?rest_route=%2Fwp%2Fv2%2Fproduct_tag&post=256034"}],"curies":[{"name":"wp","href":"https:\/\/api.w.org\/{rel}","templated":true}]}}