{"id":256071,"date":"2018-04-12T19:29:12","date_gmt":"2018-04-12T12:29:12","guid":{"rendered":"https:\/\/maybommini.com\/san-pham\/import-placeholder-for-252365"},"modified":"2018-05-14T00:56:19","modified_gmt":"2018-05-13T17:56:19","slug":"lup-be-nhua-mini-40mm","status":"publish","type":"product","link":"https:\/\/maybommini.vn\/?product=lup-be-nhua-mini-40mm","title":{"rendered":"L\u00fap b\u00ea nh\u1ef1a mini 40mm"},"content":{"rendered":"<h3><strong>L\u00fap b\u00ea nh\u1ef1a mini 40mm l\u00e0 lo\u1ea1i l\u00fap b\u00ea nh\u1ecf g\u1ecdn mini d\u00f9ng cho c\u00e1c lo\u1ea1i m\u00e1y b\u01a1m n\u01b0\u1edbc, m\u00e1y b\u01a1m n\u01b0\u1edbc mini, m\u00e1y b\u01a1m t\u01b0\u1edbi, c\u00e1c lo\u1ea1i m\u00e1y b\u01a1m gi\u1ebfng s\u00e2u &#8230;<\/strong><\/h3>\n<p><a href=\"http:\/\/maybommini.com\/wp-content\/uploads\/2016\/05\/lup-be-may-bom-nuoc-mini.jpg\" rel=\"attachment wp-att-245136 noopener\" target=\"_blank\"><img decoding=\"async\" class=\"size-full wp-image-245136 aligncenter\" src=\"http:\/\/maybommini.com\/wp-content\/uploads\/2016\/05\/lup-be-may-bom-nuoc-mini.jpg\" alt=\"lup-be-may-bom-nuoc-mini\" width=\"550\" height=\"550\" srcset=\"https:\/\/maybommini.vn\/wp-content\/uploads\/2016\/05\/lup-be-may-bom-nuoc-mini.jpg 550w, https:\/\/maybommini.vn\/wp-content\/uploads\/2016\/05\/lup-be-may-bom-nuoc-mini-300x300.jpg 300w, https:\/\/maybommini.vn\/wp-content\/uploads\/2016\/05\/lup-be-may-bom-nuoc-mini-150x150.jpg 150w\" sizes=\"(max-width: 550px) 100vw, 550px\" \/><\/a><\/p>\n<p><strong>THI\u1ebeT K\u1ebe L\u00daP B\u00ca<br \/>\n<\/strong>Lo\u1ea1i: nh\u1ef1a cao c\u1ea5p<br \/>\n\u0110\u01b0\u1eddng k\u00edn Van \u0111\u00e1y: 40 mm<\/p>\n<p><a href=\"http:\/\/maybommini.com\/wp-content\/uploads\/2016\/05\/lup-be-may-bom-nuoc-mini.jpg\" rel=\"attachment wp-att-245136 noopener\" target=\"_blank\"><img decoding=\"async\" class=\"size-full wp-image-245136 aligncenter\" src=\"http:\/\/maybommini.com\/wp-content\/uploads\/2016\/05\/lup-be-may-bom-nuoc-mini.jpg\" alt=\"lup-be-may-bom-nuoc-mini\" width=\"550\" height=\"550\" srcset=\"https:\/\/maybommini.vn\/wp-content\/uploads\/2016\/05\/lup-be-may-bom-nuoc-mini.jpg 550w, https:\/\/maybommini.vn\/wp-content\/uploads\/2016\/05\/lup-be-may-bom-nuoc-mini-300x300.jpg 300w, https:\/\/maybommini.vn\/wp-content\/uploads\/2016\/05\/lup-be-may-bom-nuoc-mini-150x150.jpg 150w\" sizes=\"(max-width: 550px) 100vw, 550px\" \/><\/a><\/p>\n<p>\u0110\u01b0\u1ee3c thi\u1ebft k\u1ebf nh\u1ef1a k\u1ef9 thu\u1eadt ch\u1ea5t l\u01b0\u1ee3ng, kh\u1ea3 n\u0103ng ch\u1ed1ng \u0103n m\u00f2n m\u1ea1nh \u0111\u1ec3 n\u01b0\u1edbc bi\u1ec3n ~~ n\u01b0\u1edbc th\u1ea3i. m\u00e1y b\u01a1m t\u1ef1 m\u1ed3i van \u0111\u00e1y \u0111\u1eb7c bi\u1ec7t.<\/p>\n<p>L\u00fap b\u00ea th\u01b0\u1eddng \u0111\u01b0\u1ee3c c\u00e0i \u0111\u1eb7t \u1edf d\u01b0\u1edbi c\u00f9ng c\u1ee7a \u1ed1ng b\u01a1m h\u00fat ly t\u00e2m, m\u00e1y b\u01a1m \u0111ang ch\u1ea1y khi b\u1ea1n m\u1edf v\u00e0 \u0111\u00f3ng l\u1ea1i khi m\u1ea5t \u0111i\u1ec7n. M\u1ee5c \u0111\u00edch l\u00e0 \u0111\u1ec3 gi\u1eef cho c\u00e1c c\u00e1nh qu\u1ea1t m\u00e1y b\u01a1m v\u00e0 \u0111\u01b0\u1eddng \u1ed1ng v\u00e0o b\u00ean trong ch\u1ee9a \u0111\u1ea7y ch\u1ea5t l\u1ecfng, thi\u1ebft b\u1ecb c\u00f3 th\u1ec3 \u0111\u01b0\u1ee3c b\u1eaft \u0111\u1ea7u t\u1ea1o ra m\u1ed9t ch\u00e2n kh\u00f4ng \u1edf trung t\u00e2m c\u1ee7a c\u00e1nh b\u01a1m, m\u00e1y b\u01a1m c\u00f3 th\u1ec3 \u0111\u01b0\u1ee3c thu\u1eadn l\u1ee3i v\u1eadn chuy\u1ec3n ch\u1ea5t l\u1ecfng. \u0110\u1ed3ng h\u00e0nh c\u00f9ng m\u1ed9t l\u00fac nh\u01b0 m\u1ed9t b\u1ed9 l\u1ecdc v\u00e0 ng\u0103n ch\u1eb7n hi\u1ec7u \u1ee9ng ch\u1ea3y ng\u01b0\u1ee3c n\u01b0\u1edbc!<\/p>\n<p><strong>CTY TNHH TH\u01af\u01a0NG M\u1ea0I D\u1ecaCH V\u1ee4 \u0110I\u1ec6N M\u00c1Y TH\u00d4NG MINH<\/strong><br \/>\nHotline : 090 729 4310<br \/>\nEmail : maybommini.com@gmail.com<br \/>\nWebsite : http:\/\/maybommini.com<br \/>\nFacebook : <a href=\"https:\/\/www.facebook.com\/maybommini\" target=\"_blank\" rel=\"noopener\">https:\/\/www.facebook.com\/maybommini<\/a><br \/>\nGoogle   : <a href=\"https:\/\/plus.google.com\/ Maybomnuocminiruaxe\" target=\"_blank\" rel=\"noopener\">https:\/\/plus.google.com\/ Maybomnuocminiruaxe<\/a><br \/>\nYoutube demo : <a href=\"https:\/\/www.youtube.com\/bahamasali\" target=\"_blank\" rel=\"noopener\">https:\/\/www.youtube.com\/bahamasali<\/a><\/p>\n","protected":false},"excerpt":{"rendered":"<p>Lo\u1ea1i: nh\u1ef1a cao c\u1ea5p<br \/>\n\u0110\u01b0\u1eddng k\u00edn Van \u0111\u00e1y: 40 mm<br \/>\nCh\u1ed1ng \u0103n m\u00f2n<br \/>\nD\u00f9ng cho c\u00e1c lo\u1ea1i m\u00e1y b\u01a1m<\/p>\n","protected":false},"featured_media":256195,"comment_status":"open","ping_status":"closed","template":"","meta":[],"product_brand":[],"product_cat":[214],"product_tag":[658,659,660,661,375,546],"class_list":{"0":"post-256071","1":"product","2":"type-product","3":"status-publish","4":"has-post-thumbnail","6":"product_cat-phu-kien-bom-nuoc","7":"product_tag-be","8":"product_tag-lup","9":"product_tag-lup-be","10":"product_tag-lup-be-mini","11":"product_tag-may-bom-nuoc","12":"product_tag-van-nuoc","14":"first","15":"instock","16":"sale","17":"shipping-taxable","18":"purchasable","19":"product-type-simple"},"_links":{"self":[{"href":"https:\/\/maybommini.vn\/index.php?rest_route=\/wp\/v2\/product\/256071","targetHints":{"allow":["GET"]}}],"collection":[{"href":"https:\/\/maybommini.vn\/index.php?rest_route=\/wp\/v2\/product"}],"about":[{"href":"https:\/\/maybommini.vn\/index.php?rest_route=\/wp\/v2\/types\/product"}],"replies":[{"embeddable":true,"href":"https:\/\/maybommini.vn\/index.php?rest_route=%2Fwp%2Fv2%2Fcomments&post=256071"}],"wp:featuredmedia":[{"embeddable":true,"href":"https:\/\/maybommini.vn\/index.php?rest_route=\/wp\/v2\/media\/256195"}],"wp:attachment":[{"href":"https:\/\/maybommini.vn\/index.php?rest_route=%2Fwp%2Fv2%2Fmedia&parent=256071"}],"wp:term":[{"taxonomy":"product_brand","embeddable":true,"href":"https:\/\/maybommini.vn\/index.php?rest_route=%2Fwp%2Fv2%2Fproduct_brand&post=256071"},{"taxonomy":"product_cat","embeddable":true,"href":"https:\/\/maybommini.vn\/index.php?rest_route=%2Fwp%2Fv2%2Fproduct_cat&post=256071"},{"taxonomy":"product_tag","embeddable":true,"href":"https:\/\/maybommini.vn\/index.php?rest_route=%2Fwp%2Fv2%2Fproduct_tag&post=256071"}],"curies":[{"name":"wp","href":"https:\/\/api.w.org\/{rel}","templated":true}]}}