{"id":256073,"date":"2018-04-12T19:29:13","date_gmt":"2018-04-12T12:29:13","guid":{"rendered":"https:\/\/maybommini.com\/san-pham\/import-placeholder-for-252379"},"modified":"2018-05-14T00:56:46","modified_gmt":"2018-05-13T17:56:46","slug":"mach-cong-tac-cam-bien-do-am-dat-12v","status":"publish","type":"product","link":"https:\/\/maybommini.vn\/?product=mach-cong-tac-cam-bien-do-am-dat-12v","title":{"rendered":"M\u1ea1ch c\u00f4ng t\u1eafc c\u1ea3m bi\u1ebfn \u0111\u1ed9 \u1ea9m \u0111\u1ea5t 12V"},"content":{"rendered":"<p><strong>C\u00f4ng t\u1eafc c\u1ea3m \u1ee9ng \u0111\u1ed9 \u1ea9m \u0111\u1ea5t t\u1ef1 \u0111\u1ed9ng \u0111\u00f3ng \u0111i\u1ec7n khi \u0111\u1ed9 \u1ea9m \u0111\u1ea5t th\u1ea5p h\u01a1n ng\u01b0\u1ee1ng c\u00e0i \u0111\u1eb7t.\u00a0B\u1ed9 ph\u1eadn c\u1ea3m bi\u1ebfn \u0111\u1ed9 \u1ea9m \u0111\u1ea5t s\u1eed d\u1ee5ng m\u1ea1ch ch\u1ea5t l\u01b0\u1ee3ng FR-04 2 m\u1eb7t m\u1ea1 nikel, ch\u1ed1ng oxy h\u00f3a, t\u0129nh \u0111i\u1ec7n. B\u1ed9 ph\u1eadn r\u01a1 le \u0111\u00f3ng c\u1eaft \u0111\u01b0\u1ee3c t\u1ea3i d\u00f2ng cao t\u1edbi 10A v\u00e0 c\u00f4ng su\u1ea5t l\u1edbn.<\/strong><a href=\"http:\/\/maybommini.com\/wp-content\/uploads\/2016\/05\/cam-bien-do-am-12v.jpg\" rel=\"attachment wp-att-245148 noopener\" target=\"_blank\"><img decoding=\"async\" class=\"size-full wp-image-245148 aligncenter\" src=\"http:\/\/maybommini.com\/wp-content\/uploads\/2016\/05\/cam-bien-do-am-12v.jpg\" alt=\"cam-bien-do-am-12v\" width=\"800\" height=\"800\" srcset=\"https:\/\/maybommini.vn\/wp-content\/uploads\/2016\/05\/cam-bien-do-am-12v.jpg 800w, https:\/\/maybommini.vn\/wp-content\/uploads\/2016\/05\/cam-bien-do-am-12v-300x300.jpg 300w, https:\/\/maybommini.vn\/wp-content\/uploads\/2016\/05\/cam-bien-do-am-12v-600x600.jpg 600w, https:\/\/maybommini.vn\/wp-content\/uploads\/2016\/05\/cam-bien-do-am-12v-150x150.jpg 150w, https:\/\/maybommini.vn\/wp-content\/uploads\/2016\/05\/cam-bien-do-am-12v-768x768.jpg 768w\" sizes=\"(max-width: 800px) 100vw, 800px\" \/><\/a><\/p>\n<p>C\u1ea3m bi\u1ebfn \u0111\u1ed9 \u1ea9m \u0111\u1ea5t \u1ee9ng d\u1ee5ng cho nh\u00e0 th\u00f4ng minh \u0111\u01b0\u1ee3c cung c\u1ea5p b\u1edfi MBM.<br \/>\n\u1ee8ng d\u1ee5ng phong ph\u00fa cho \u0111i\u1ec7n gia \u0111\u00ecnh , v\u01b0\u1eddn t\u01b0\u1edbi ti\u00eau t\u1ef1 \u0111\u1ed9ng, \u2026..<\/p>\n<p><img decoding=\"async\" class=\"size-large wp-image-245151 aligncenter\" src=\"http:\/\/maybommini.com\/wp-content\/uploads\/2016\/05\/so-do-cam-bien-do-am-715x1024.jpg\" alt=\"so-do-cam-bien-do-am\" width=\"715\" height=\"1024\" srcset=\"https:\/\/maybommini.vn\/wp-content\/uploads\/2016\/05\/so-do-cam-bien-do-am-715x1024.jpg 715w, https:\/\/maybommini.vn\/wp-content\/uploads\/2016\/05\/so-do-cam-bien-do-am-600x859.jpg 600w, https:\/\/maybommini.vn\/wp-content\/uploads\/2016\/05\/so-do-cam-bien-do-am-209x300.jpg 209w, https:\/\/maybommini.vn\/wp-content\/uploads\/2016\/05\/so-do-cam-bien-do-am.jpg 750w\" sizes=\"(max-width: 715px) 100vw, 715px\" \/><\/p>\n<p><a href=\"http:\/\/maybommini.com\/wp-content\/uploads\/2016\/05\/cam-bien-tu-dong-tat-mo.jpg\" rel=\"attachment wp-att-245150 noopener\" target=\"_blank\"><img decoding=\"async\" class=\"size-full wp-image-245150 aligncenter\" src=\"http:\/\/maybommini.com\/wp-content\/uploads\/2016\/05\/cam-bien-tu-dong-tat-mo.jpg\" alt=\"cam-bien-tu-dong-tat-mo\" width=\"750\" height=\"736\" srcset=\"https:\/\/maybommini.vn\/wp-content\/uploads\/2016\/05\/cam-bien-tu-dong-tat-mo.jpg 750w, https:\/\/maybommini.vn\/wp-content\/uploads\/2016\/05\/cam-bien-tu-dong-tat-mo-600x589.jpg 600w, https:\/\/maybommini.vn\/wp-content\/uploads\/2016\/05\/cam-bien-tu-dong-tat-mo-300x294.jpg 300w\" sizes=\"(max-width: 750px) 100vw, 750px\" \/><\/a><\/p>\n<p>\u0110\u1eb7c bi\u1ec7t l\u00e0 cho nh\u1eefng ng\u01b0\u1eddi ch\u01a1i c\u00e2y c\u1ea3nh, tr\u1ed3ng hoa, rau\u2026<\/p>\n<p><a href=\"http:\/\/maybommini.com\/wp-content\/uploads\/2016\/05\/cam-bien-tu-dong.jpg\" rel=\"attachment wp-att-245149 noopener\" target=\"_blank\"><img decoding=\"async\" class=\"size-full wp-image-245149 aligncenter\" src=\"http:\/\/maybommini.com\/wp-content\/uploads\/2016\/05\/cam-bien-tu-dong.jpg\" alt=\"cam-bien-tu-dong\" width=\"750\" height=\"444\" srcset=\"https:\/\/maybommini.vn\/wp-content\/uploads\/2016\/05\/cam-bien-tu-dong.jpg 750w, https:\/\/maybommini.vn\/wp-content\/uploads\/2016\/05\/cam-bien-tu-dong-600x355.jpg 600w, https:\/\/maybommini.vn\/wp-content\/uploads\/2016\/05\/cam-bien-tu-dong-300x178.jpg 300w\" sizes=\"(max-width: 750px) 100vw, 750px\" \/><\/a><\/p>\n<p>\u0110i\u1ec7n \u00e1p \u0111i\u1ec1u khi\u1ec3n 12V ho\u1eb7c 5V (t\u00f9y ch\u1ecdn)<br \/>\nC\u00f4ng su\u1ea5t ch\u1ecbu t\u1ea3i \u0111\u1ea7u ra 10A, 125-250VAC, 28-30VDC<\/p>\n<h3><strong>\u1ee8NG D\u1ee4NG M\u1ea0CH C\u1ea2M BI\u1ebeN \u0110\u1ed8 \u1ea8M<\/strong><br \/>\nD\u00f9ng trong nh\u00e0 th\u00f4ng minh<br \/>\nD\u00f9ng c\u00e1c lo\u1ea1i m\u00e1y b\u01a1m t\u01b0\u1edbi t\u1ef1 \u0111\u1ed9ng<br \/>\nV\u01b0\u1eddn c\u00e2y c\u1ea3nh.<br \/>\nV\u01b0\u1eddn \u01b0\u01a1m t\u01b0\u1edbi t\u1ef1 \u0111\u1ed9ng.<br \/>\nT\u01b0\u1eddi Lan, c\u00e2y c\u1ea3nh.<br \/>\nH\u1ec7 th\u1ed1ng t\u01b0\u1edbi t\u1ef1 \u0111\u1ed9ng nh\u00e0 k\u00edn<br \/>\nTr\u1ed3ng rau s\u1ea1ch t\u01b0\u1edbi t\u1ef1 \u0111\u1ed9ng<\/h3>\n<p><strong>CTY TNHH TH\u01af\u01a0NG M\u1ea0I D\u1ecaCH V\u1ee4 \u0110I\u1ec6N M\u00c1Y TH\u00d4NG MINH<\/strong><br \/>\nHotline : 090 729 4310<br \/>\nEmail : maybommini.com@gmail.com<br \/>\nWebsite : http:\/\/maybommini.com<br \/>\nFacebook : <a href=\"https:\/\/www.facebook.com\/maybommini\" target=\"_blank\" rel=\"noopener\">https:\/\/www.facebook.com\/maybommini<\/a><br \/>\nGoogle   : <a href=\"https:\/\/plus.google.com\/ Maybomnuocminiruaxe\" target=\"_blank\" rel=\"noopener\">https:\/\/plus.google.com\/ Maybomnuocminiruaxe<\/a><br \/>\nYoutube demo : <a href=\"https:\/\/www.youtube.com\/bahamasali\" target=\"_blank\" rel=\"noopener\">https:\/\/www.youtube.com\/bahamasali<\/a><\/p>\n","protected":false},"excerpt":{"rendered":"<p>\u0110i\u1ec7n \u00e1p \u0111i\u1ec1u khi\u1ec3n 12V ho\u1eb7c 5V (t\u00f9y ch\u1ecdn)<br \/>\nC\u00f4ng su\u1ea5t ch\u1ecbu t\u1ea3i \u0111\u1ea7u ra 10A, 125-250VAC, 28-30VDC<br \/>\n\u0110\u1eb7c bi\u1ec7t l\u00e0 cho nh\u1eefng ng\u01b0\u1eddi ch\u01a1i c\u00e2y c\u1ea3nh, tr\u1ed3ng hoa, rau\u2026<br \/>\nPh\u00e2n ph\u1ed1i : MBM<br \/>\nHotline: 090 729 4310<\/p>\n","protected":false},"featured_media":256202,"comment_status":"open","ping_status":"closed","template":"","meta":[],"product_brand":[],"product_cat":[666],"product_tag":[267,667,650,668,669,670,671,672,673,674,626],"class_list":{"0":"post-256073","1":"product","2":"type-product","3":"status-publish","4":"has-post-thumbnail","6":"product_cat-mach-dien-tu","7":"product_tag-12v","8":"product_tag-cam-am-dat","9":"product_tag-cam-bien","10":"product_tag-cam-bien-do-am","11":"product_tag-dat","12":"product_tag-do-am","13":"product_tag-mac-dien-tu-dong","14":"product_tag-mach-dien-tu","15":"product_tag-nha-thong-minh","16":"product_tag-trong-rau","17":"product_tag-tu-dong","19":"first","20":"instock","21":"sale","22":"shipping-taxable","23":"purchasable","24":"product-type-simple"},"_links":{"self":[{"href":"https:\/\/maybommini.vn\/index.php?rest_route=\/wp\/v2\/product\/256073","targetHints":{"allow":["GET"]}}],"collection":[{"href":"https:\/\/maybommini.vn\/index.php?rest_route=\/wp\/v2\/product"}],"about":[{"href":"https:\/\/maybommini.vn\/index.php?rest_route=\/wp\/v2\/types\/product"}],"replies":[{"embeddable":true,"href":"https:\/\/maybommini.vn\/index.php?rest_route=%2Fwp%2Fv2%2Fcomments&post=256073"}],"wp:featuredmedia":[{"embeddable":true,"href":"https:\/\/maybommini.vn\/index.php?rest_route=\/wp\/v2\/media\/256202"}],"wp:attachment":[{"href":"https:\/\/maybommini.vn\/index.php?rest_route=%2Fwp%2Fv2%2Fmedia&parent=256073"}],"wp:term":[{"taxonomy":"product_brand","embeddable":true,"href":"https:\/\/maybommini.vn\/index.php?rest_route=%2Fwp%2Fv2%2Fproduct_brand&post=256073"},{"taxonomy":"product_cat","embeddable":true,"href":"https:\/\/maybommini.vn\/index.php?rest_route=%2Fwp%2Fv2%2Fproduct_cat&post=256073"},{"taxonomy":"product_tag","embeddable":true,"href":"https:\/\/maybommini.vn\/index.php?rest_route=%2Fwp%2Fv2%2Fproduct_tag&post=256073"}],"curies":[{"name":"wp","href":"https:\/\/api.w.org\/{rel}","templated":true}]}}