{"id":256074,"date":"2018-04-12T19:29:13","date_gmt":"2018-04-12T12:29:13","guid":{"rendered":"https:\/\/maybommini.com\/san-pham\/import-placeholder-for-252380"},"modified":"2025-05-25T16:31:39","modified_gmt":"2025-05-25T09:31:39","slug":"mach-cong-tac-cam-bien-nhiet-do-12v","status":"publish","type":"product","link":"https:\/\/maybommini.vn\/?product=mach-cong-tac-cam-bien-nhiet-do-12v","title":{"rendered":"M\u1ea1ch c\u00f4ng t\u1eafc c\u1ea3m bi\u1ebfn nhi\u1ec7t \u0111\u1ed9 12V"},"content":{"rendered":"<p><strong>M\u1ea1ch c\u00f4ng t\u1eafc c\u1ea3m bi\u1ebfn nhi\u1ec7t \u0111\u1ed9 12V t\u1ef1 \u0111\u1ed9ng b\u1ed9 ph\u1eadn c\u1ea3m bi\u1ebfn nhi\u1ec7t \u0111\u1ed9\u00a0kh\u00f4ng kh\u00ed\u00a0s\u1eed d\u1ee5ng m\u1ea1ch ch\u1ea5t l\u01b0\u1ee3ng, ch\u1ed1ng oxy h\u00f3a, t\u0129nh \u0111i\u1ec7n. B\u1ed9 ph\u1eadn r\u01a1 le \u0111\u00f3ng c\u1eaft \u0111\u01b0\u1ee3c t\u1ea3i d\u00f2ng cao t\u1edbi 20A v\u00e0 c\u00f4ng su\u1ea5t l\u1edbn. T\u1ef1 \u0111\u1ed9ng t\u1eaft m\u1edd thi\u1ebft b\u1ecb, m\u00e1y phun s\u01b0\u01a1ng, m\u00e1y b\u01a1m n\u01b0\u1edbc, thi\u1ebft b\u1ecb l\u00e0m m\u00e1t, t\u1ea1o \u0111\u1ed9 \u1ea9m.<\/strong><\/p>\n<p><strong><a href=\"http:\/\/maybommini.com\/wp-content\/uploads\/2016\/05\/mach-cam-bien-tu-dong.jpg\" rel=\"attachment wp-att-245155 noopener\" target=\"_blank\"><img decoding=\"async\" class=\"size-full wp-image-245155 aligncenter\" src=\"http:\/\/maybommini.com\/wp-content\/uploads\/2016\/05\/mach-cam-bien-tu-dong.jpg\" alt=\"mach-cam-bien-tu-dong\" width=\"709\" height=\"460\" srcset=\"https:\/\/maybommini.vn\/wp-content\/uploads\/2016\/05\/mach-cam-bien-tu-dong.jpg 709w, https:\/\/maybommini.vn\/wp-content\/uploads\/2016\/05\/mach-cam-bien-tu-dong-600x389.jpg 600w, https:\/\/maybommini.vn\/wp-content\/uploads\/2016\/05\/mach-cam-bien-tu-dong-300x195.jpg 300w\" sizes=\"(max-width: 709px) 100vw, 709px\" \/><\/a><\/strong>C\u1ea3m bi\u1ebfn nhi\u1ec7t \u0111\u1ed9\u00a0\u1ee9ng d\u1ee5ng cho nh\u00e0 th\u00f4ng minh \u0111\u01b0\u1ee3c cung c\u1ea5p b\u1edfi MBM.<br \/>\n\u1ee8ng d\u1ee5ng phong ph\u00fa cho \u0111i\u1ec7n gia \u0111\u00ecnh , v\u01b0\u1eddn t\u01b0\u1edbi ti\u00eau t\u1ef1 \u0111\u1ed9ng, \u2026..<br \/>\n\u0110\u1eb7c bi\u1ec7t l\u00e0 cho nh\u1eefng ng\u01b0\u1eddi ch\u01a1i c\u00e2y c\u1ea3nh, tr\u1ed3ng hoa, rau\u2026<\/p>\n<p>\u0110i\u1ec7n \u00e1p \u0111i\u1ec1u khi\u1ec3n 12V.<br \/>\nC\u00f4ng su\u1ea5t ch\u1ecbu t\u1ea3i \u0111\u1ea7u ra 20A 12V DC<\/p>\n<p><a href=\"http:\/\/maybommini.com\/wp-content\/uploads\/2016\/05\/mach-tat-mo-thiet-bi-theo-nhiet-do.jpg\" rel=\"attachment wp-att-245157 noopener\" target=\"_blank\"><img decoding=\"async\" class=\"size-full wp-image-245157 alignright\" src=\"http:\/\/maybommini.com\/wp-content\/uploads\/2016\/05\/mach-tat-mo-thiet-bi-theo-nhiet-do.jpg\" alt=\"mach-tat-mo-thiet-bi-theo-nhiet-do\" width=\"750\" height=\"500\" srcset=\"https:\/\/maybommini.vn\/wp-content\/uploads\/2016\/05\/mach-tat-mo-thiet-bi-theo-nhiet-do.jpg 750w, https:\/\/maybommini.vn\/wp-content\/uploads\/2016\/05\/mach-tat-mo-thiet-bi-theo-nhiet-do-600x400.jpg 600w, https:\/\/maybommini.vn\/wp-content\/uploads\/2016\/05\/mach-tat-mo-thiet-bi-theo-nhiet-do-300x200.jpg 300w\" sizes=\"(max-width: 750px) 100vw, 750px\" \/><\/a><\/p>\n<p>&nbsp;<\/p>\n<p>&nbsp;<\/p>\n<p>&nbsp;<\/p>\n<p>&nbsp;<\/p>\n<p>&nbsp;<\/p>\n<p>&nbsp;<\/p>\n<p>&nbsp;<\/p>\n<p>&nbsp;<\/p>\n<p>&nbsp;<\/p>\n<p>&nbsp;<\/p>\n<p><a href=\"http:\/\/maybommini.com\/wp-content\/uploads\/2016\/05\/mach-cong-tac-cam-vien-nhiet-do.jpg\" rel=\"attachment wp-att-245156 noopener\" target=\"_blank\"><img decoding=\"async\" class=\"size-full wp-image-245156 aligncenter\" src=\"http:\/\/maybommini.com\/wp-content\/uploads\/2016\/05\/mach-cong-tac-cam-vien-nhiet-do.jpg\" alt=\"mach-cong-tac-cam-vien-nhiet-do\" width=\"750\" height=\"750\" srcset=\"https:\/\/maybommini.vn\/wp-content\/uploads\/2016\/05\/mach-cong-tac-cam-vien-nhiet-do.jpg 750w, https:\/\/maybommini.vn\/wp-content\/uploads\/2016\/05\/mach-cong-tac-cam-vien-nhiet-do-300x300.jpg 300w, https:\/\/maybommini.vn\/wp-content\/uploads\/2016\/05\/mach-cong-tac-cam-vien-nhiet-do-600x600.jpg 600w, https:\/\/maybommini.vn\/wp-content\/uploads\/2016\/05\/mach-cong-tac-cam-vien-nhiet-do-150x150.jpg 150w\" sizes=\"(max-width: 750px) 100vw, 750px\" \/><\/a><\/p>\n<h3><strong>\u1ee8NG D\u1ee4NG M\u1ea0CH C\u1ea2M BI\u1ebeN\u00a0NHI\u1ec6T \u0110\u1ed8<\/strong><br \/>\nD\u00f9ng trong nh\u00e0 th\u00f4ng minh<br \/>\nD\u00f9ng c\u00e1c lo\u1ea1i m\u00e1y b\u01a1m t\u01b0\u1edbi t\u1ef1 \u0111\u1ed9ng<br \/>\nV\u01b0\u1eddn c\u00e2y c\u1ea3nh.<br \/>\nV\u01b0\u1eddn \u01b0\u01a1m t\u01b0\u1edbi t\u1ef1 \u0111\u1ed9ng.<br \/>\nT\u01b0\u1eddi Lan, c\u00e2y c\u1ea3nh.<br \/>\nH\u1ec7 th\u1ed1ng t\u01b0\u1edbi t\u1ef1 \u0111\u1ed9ng nh\u00e0 k\u00edn<br \/>\nTr\u1ed3ng rau s\u1ea1ch t\u01b0\u1edbi t\u1ef1 \u0111\u1ed9ng<\/h3>\n<p><a href=\"http:\/\/maybommini.com\/wp-content\/uploads\/2016\/05\/cam-bien-nhiet-do.jpg\" rel=\"attachment wp-att-245154 noopener\" target=\"_blank\"><img decoding=\"async\" class=\"size-full wp-image-245154 aligncenter\" src=\"http:\/\/maybommini.com\/wp-content\/uploads\/2016\/05\/cam-bien-nhiet-do.jpg\" alt=\"cam-bien-nhiet-do\" width=\"750\" height=\"750\" srcset=\"https:\/\/maybommini.vn\/wp-content\/uploads\/2016\/05\/cam-bien-nhiet-do.jpg 750w, https:\/\/maybommini.vn\/wp-content\/uploads\/2016\/05\/cam-bien-nhiet-do-300x300.jpg 300w, https:\/\/maybommini.vn\/wp-content\/uploads\/2016\/05\/cam-bien-nhiet-do-600x600.jpg 600w, https:\/\/maybommini.vn\/wp-content\/uploads\/2016\/05\/cam-bien-nhiet-do-150x150.jpg 150w\" sizes=\"(max-width: 750px) 100vw, 750px\" \/><\/a><\/p>\n<p><strong>CTY TNHH TH\u01af\u01a0NG M\u1ea0I D\u1ecaCH V\u1ee4 \u0110I\u1ec6N M\u00c1Y TH\u00d4NG MINH<\/strong><br \/>\nHotline : 090 729 4310<br \/>\nEmail : maybommini.com@gmail.com<br \/>\nWebsite : http:\/\/maybommini.com<br \/>\nFacebook : <a href=\"https:\/\/www.facebook.com\/maybommini\" target=\"_blank\" rel=\"noopener\">https:\/\/www.facebook.com\/maybommini<\/a><br \/>\nGoogle   : <a href=\"https:\/\/plus.google.com\/ Maybomnuocminiruaxe\" target=\"_blank\" rel=\"noopener\">https:\/\/plus.google.com\/ Maybomnuocminiruaxe<\/a><br \/>\nYoutube demo : <a href=\"https:\/\/www.youtube.com\/bahamasali\" target=\"_blank\" rel=\"noopener\">https:\/\/www.youtube.com\/bahamasali<\/a>i<\/p>\n","protected":false},"excerpt":{"rendered":"<p>\u0110i\u1ec7n \u00e1p \u0111i\u1ec1u khi\u1ec3n 12V<br \/>\nC\u00f4ng su\u1ea5t ch\u1ecbu t\u1ea3i \u0111\u1ea7u ra 20A 12v dc<br \/>\nK\u00edch th\u01b0\u1edbc m\u1ea1ch: 40 x 48.5 mm<br \/>\nK\u00edch th\u01b0\u1edbc thanh c\u1ea3m bi\u1ebfn : 35 mm<br \/>\n\u0110\u1eb7c bi\u1ec7t l\u00e0 cho nh\u1eefng ng\u01b0\u1eddi ch\u01a1i c\u00e2y c\u1ea3nh, tr\u1ed3ng hoa, rau\u2026<br \/>\nPh\u00e2n ph\u1ed1i : MBM<br \/>\nHotline: 090 729 4310<\/p>\n","protected":false},"featured_media":256206,"comment_status":"open","ping_status":"closed","template":"","meta":[],"product_brand":[],"product_cat":[666],"product_tag":[267,667,650,668,675,669,670,671,672,673,676,674,626],"class_list":{"0":"post-256074","1":"product","2":"type-product","3":"status-publish","4":"has-post-thumbnail","6":"product_cat-mach-dien-tu","7":"product_tag-12v","8":"product_tag-cam-am-dat","9":"product_tag-cam-bien","10":"product_tag-cam-bien-do-am","11":"product_tag-cam-bien-nhiet-do","12":"product_tag-dat","13":"product_tag-do-am","14":"product_tag-mac-dien-tu-dong","15":"product_tag-mach-dien-tu","16":"product_tag-nha-thong-minh","17":"product_tag-nhiet-do","18":"product_tag-trong-rau","19":"product_tag-tu-dong","21":"first","22":"instock","23":"sale","24":"shipping-taxable","25":"purchasable","26":"product-type-simple"},"_links":{"self":[{"href":"https:\/\/maybommini.vn\/index.php?rest_route=\/wp\/v2\/product\/256074","targetHints":{"allow":["GET"]}}],"collection":[{"href":"https:\/\/maybommini.vn\/index.php?rest_route=\/wp\/v2\/product"}],"about":[{"href":"https:\/\/maybommini.vn\/index.php?rest_route=\/wp\/v2\/types\/product"}],"replies":[{"embeddable":true,"href":"https:\/\/maybommini.vn\/index.php?rest_route=%2Fwp%2Fv2%2Fcomments&post=256074"}],"wp:featuredmedia":[{"embeddable":true,"href":"https:\/\/maybommini.vn\/index.php?rest_route=\/wp\/v2\/media\/256206"}],"wp:attachment":[{"href":"https:\/\/maybommini.vn\/index.php?rest_route=%2Fwp%2Fv2%2Fmedia&parent=256074"}],"wp:term":[{"taxonomy":"product_brand","embeddable":true,"href":"https:\/\/maybommini.vn\/index.php?rest_route=%2Fwp%2Fv2%2Fproduct_brand&post=256074"},{"taxonomy":"product_cat","embeddable":true,"href":"https:\/\/maybommini.vn\/index.php?rest_route=%2Fwp%2Fv2%2Fproduct_cat&post=256074"},{"taxonomy":"product_tag","embeddable":true,"href":"https:\/\/maybommini.vn\/index.php?rest_route=%2Fwp%2Fv2%2Fproduct_tag&post=256074"}],"curies":[{"name":"wp","href":"https:\/\/api.w.org\/{rel}","templated":true}]}}