{"id":256077,"date":"2018-04-12T19:29:14","date_gmt":"2018-04-12T12:29:14","guid":{"rendered":"https:\/\/maybommini.com\/san-pham\/import-placeholder-for-252393"},"modified":"2019-12-14T22:22:21","modified_gmt":"2019-12-14T15:22:21","slug":"may-bom-hoa-chat-220v-370w-170l-smartpumps-mp-120r","status":"publish","type":"product","link":"https:\/\/maybommini.vn\/?product=may-bom-hoa-chat-220v-370w-170l-smartpumps-mp-120r","title":{"rendered":"M\u00e1y b\u01a1m h\u00f3a ch\u1ea5t 220V 370W 170L SMARTPUMPS MP-120R"},"content":{"rendered":"<p><strong>M\u00e1y b\u01a1m h\u00f3a ch\u1ea5t 220V 370W 170L SMARTPUMPS MP-120R l\u00e0 <a href=\"https:\/\/maybommini.com\/danh-muc\/may-bom-hoa-chat\" target=\"_blank\" rel=\"noopener\">m\u00e1y b\u01a1m h\u00f3a ch\u1ea5t<\/a> chuy\u00ean d\u1ee5ng m\u00e0 c\u00e1c lo\u1ea1i b\u01a1m th\u00f4ng th\u01b0\u1eddng kh\u00e1c kh\u00f4ng b\u01a1m \u0111\u01b0\u1ee3c v\u1edbi thi\u1ebft k\u1ebf ki\u1ec1u b\u01a1m t\u1eeb v\u00e0 motor cao c\u1ea5p ch\u00ednh h\u00e3ng cho Maybommini.com ph\u00e2n ph\u1ed1i. M\u00e1y \u0111\u01b0\u1ee3c b\u1ea3o h\u00e0nh v\u00e0 ph\u00e2n ph\u1ed1i to\u00e0n qu\u1ed1c theo ch\u00ednh s\u00e1ch nh\u00e0 s\u1ea3n su\u1ea5t \u0111\u01b0\u1ee3c ch\u00fang t\u00f4i nh\u1eadp kh\u1ea9u tr\u1ef1c ti\u1ebfp.<\/strong><\/p>\n<p><a href=\"https:\/\/maybommini.com\/wp-content\/uploads\/2018\/04\/May-bom-hoa-chat-220V-370W-170L-Smartpumps.jpg\" target=\"_blank\" rel=\"noopener\"><img decoding=\"async\" class=\"size-full wp-image-264002 aligncenter\" src=\"https:\/\/maybommini.com\/wp-content\/uploads\/2018\/04\/May-bom-hoa-chat-220V-370W-170L-Smartpumps.jpg\" alt=\"May Bom Hoa Chat 220V 370W 170L Smartpumps\" width=\"750\" height=\"750\" srcset=\"https:\/\/maybommini.vn\/wp-content\/uploads\/2018\/04\/May-bom-hoa-chat-220V-370W-170L-Smartpumps.jpg 750w, https:\/\/maybommini.vn\/wp-content\/uploads\/2018\/04\/May-bom-hoa-chat-220V-370W-170L-Smartpumps-300x300.jpg 300w, https:\/\/maybommini.vn\/wp-content\/uploads\/2018\/04\/May-bom-hoa-chat-220V-370W-170L-Smartpumps-150x150.jpg 150w, https:\/\/maybommini.vn\/wp-content\/uploads\/2018\/04\/May-bom-hoa-chat-220V-370W-170L-Smartpumps-600x600.jpg 600w\" sizes=\"(max-width: 750px) 100vw, 750px\" \/><\/a><\/p>\n<p><strong>TH\u00d4NG S\u1ed0 K\u1ef8 THU\u1eacT<\/strong><br \/>\nTh\u01b0\u01a1ng hi\u1ec7u: SMARTPUMPS<br \/>\nModel: MP-120R<br \/>\nT\u00ecnh tr\u1ea1ng: New 100%<br \/>\n\u0110i\u1ec7n \u00e1p: 220V AC<br \/>\nC\u00f4ng su\u1ea5t: 370 W<br \/>\nD\u00f2ng \u0111i\u1ec7n: 1.68 A<br \/>\nT\u1ea7n s\u1ed1 d\u00f2ng \u0111i\u1ec7n: 50Hz &#8211; 60hz<br \/>\nPha \u0111i\u1ec7n: 1 phase.<br \/>\nS\u1ed1 v\u00f2ng quay: 2600 RPM<br \/>\nL\u01b0u l\u01b0\u1ee3ng: 170L LPM<br \/>\n\u0110\u01b0\u1eddng k\u00edn \u1ed1ng h\u00fat: Ren 34 mm.<br \/>\n\u0110\u01b0\u1eddng k\u00edn \u1ed1ng x\u1ea3: Ren 34 mm.<br \/>\nB\u01a1m \u0111\u1ea9y cao: 9 &#8211;\u00a0 10 m\u00e9t.<br \/>\nC\u1ea5p \u0111\u1ed9 b\u1ea3o v\u1ec7: IP44<br \/>\nL\u1edbp b\u1ea3o v\u1ec7: Class B<br \/>\nT\u1ee5 \u0111i\u1ec7n: 0.68\u00a0\u00b5F.<br \/>\nCh\u1ea5t li\u1ec7u: Nh\u1ef1a PP \u2013 \u0110\u1ed3ng.<br \/>\nM\u00e1y b\u01a1m \u0111\u1ed9ng c\u01a1 t\u1eeb.<br \/>\nCh\u1ed1ng \u0103n m\u00f2n v\u00e0 r\u00f2 r\u1ec9 cao c\u1ea5p.<br \/>\nM\u00e1y b\u01a1m tr\u1ee5c n\u1eb1m ngang.<br \/>\nK\u00edch th\u01b0\u1edbc: 359 x 140 x 208 mm<br \/>\nTr\u1ecdng l\u01b0\u1ee3ng: 11 Kg<\/p>\n<p><a href=\"https:\/\/maybommini.com\/wp-content\/uploads\/2018\/04\/May-bom-axit-hoa-chat-220V-MP-120R.jpg\" target=\"_blank\" rel=\"noopener\"><img decoding=\"async\" class=\"size-full wp-image-264001 aligncenter\" src=\"https:\/\/maybommini.com\/wp-content\/uploads\/2018\/04\/May-bom-axit-hoa-chat-220V-MP-120R.jpg\" alt=\"May Bom Axit Hoa Chat 220V MP 120R\" width=\"750\" height=\"750\" srcset=\"https:\/\/maybommini.vn\/wp-content\/uploads\/2018\/04\/May-bom-axit-hoa-chat-220V-MP-120R.jpg 750w, https:\/\/maybommini.vn\/wp-content\/uploads\/2018\/04\/May-bom-axit-hoa-chat-220V-MP-120R-300x300.jpg 300w, https:\/\/maybommini.vn\/wp-content\/uploads\/2018\/04\/May-bom-axit-hoa-chat-220V-MP-120R-150x150.jpg 150w, https:\/\/maybommini.vn\/wp-content\/uploads\/2018\/04\/May-bom-axit-hoa-chat-220V-MP-120R-600x600.jpg 600w\" sizes=\"(max-width: 750px) 100vw, 750px\" \/><\/a> <a href=\"https:\/\/maybommini.com\/wp-content\/uploads\/2018\/04\/Plastic-Cheap-Acid-Resistance-Mini-Magnetic-Drive-Pump-MP-120R.jpg\" target=\"_blank\" rel=\"noopener\"><img decoding=\"async\" class=\"size-full wp-image-264004 aligncenter\" src=\"https:\/\/maybommini.com\/wp-content\/uploads\/2018\/04\/Plastic-Cheap-Acid-Resistance-Mini-Magnetic-Drive-Pump-MP-120R.jpg\" alt=\"Plastic Cheap Acid Resistance Mini Magnetic Drive Pump MP 120R\" width=\"750\" height=\"750\" srcset=\"https:\/\/maybommini.vn\/wp-content\/uploads\/2018\/04\/Plastic-Cheap-Acid-Resistance-Mini-Magnetic-Drive-Pump-MP-120R.jpg 750w, https:\/\/maybommini.vn\/wp-content\/uploads\/2018\/04\/Plastic-Cheap-Acid-Resistance-Mini-Magnetic-Drive-Pump-MP-120R-300x300.jpg 300w, https:\/\/maybommini.vn\/wp-content\/uploads\/2018\/04\/Plastic-Cheap-Acid-Resistance-Mini-Magnetic-Drive-Pump-MP-120R-150x150.jpg 150w, https:\/\/maybommini.vn\/wp-content\/uploads\/2018\/04\/Plastic-Cheap-Acid-Resistance-Mini-Magnetic-Drive-Pump-MP-120R-600x600.jpg 600w\" sizes=\"(max-width: 750px) 100vw, 750px\" \/><\/a> <a href=\"https:\/\/maybommini.com\/wp-content\/uploads\/2018\/04\/chuyen-ban-may-bom-hoa-chat-thuc-pham-chat-luong-Smartpumps.jpg\" target=\"_blank\" rel=\"noopener\"><img decoding=\"async\" class=\"size-full wp-image-264005 aligncenter\" src=\"https:\/\/maybommini.com\/wp-content\/uploads\/2018\/04\/chuyen-ban-may-bom-hoa-chat-thuc-pham-chat-luong-Smartpumps.jpg\" alt=\"Chuyen Ban May Bom Hoa Chat Thuc Pham Chat Luong Smartpumps\" width=\"750\" height=\"750\" srcset=\"https:\/\/maybommini.vn\/wp-content\/uploads\/2018\/04\/chuyen-ban-may-bom-hoa-chat-thuc-pham-chat-luong-Smartpumps.jpg 750w, https:\/\/maybommini.vn\/wp-content\/uploads\/2018\/04\/chuyen-ban-may-bom-hoa-chat-thuc-pham-chat-luong-Smartpumps-300x300.jpg 300w, https:\/\/maybommini.vn\/wp-content\/uploads\/2018\/04\/chuyen-ban-may-bom-hoa-chat-thuc-pham-chat-luong-Smartpumps-150x150.jpg 150w, https:\/\/maybommini.vn\/wp-content\/uploads\/2018\/04\/chuyen-ban-may-bom-hoa-chat-thuc-pham-chat-luong-Smartpumps-600x600.jpg 600w\" sizes=\"(max-width: 750px) 100vw, 750px\" \/><\/a> <a href=\"https:\/\/maybommini.com\/wp-content\/uploads\/2018\/04\/Magnetic-Drive-Pump-120R.jpg\" target=\"_blank\" rel=\"noopener\"><img decoding=\"async\" class=\"size-full wp-image-264006 aligncenter\" src=\"https:\/\/maybommini.com\/wp-content\/uploads\/2018\/04\/Magnetic-Drive-Pump-120R.jpg\" alt=\"Magnetic Drive Pump 120R\" width=\"750\" height=\"750\" srcset=\"https:\/\/maybommini.vn\/wp-content\/uploads\/2018\/04\/Magnetic-Drive-Pump-120R.jpg 750w, https:\/\/maybommini.vn\/wp-content\/uploads\/2018\/04\/Magnetic-Drive-Pump-120R-300x300.jpg 300w, https:\/\/maybommini.vn\/wp-content\/uploads\/2018\/04\/Magnetic-Drive-Pump-120R-150x150.jpg 150w, https:\/\/maybommini.vn\/wp-content\/uploads\/2018\/04\/Magnetic-Drive-Pump-120R-600x600.jpg 600w\" sizes=\"(max-width: 750px) 100vw, 750px\" \/><\/a> <a href=\"https:\/\/maybommini.com\/wp-content\/uploads\/2018\/04\/Magnetic-Drive-Water-Pump-MP-120R.jpg\" target=\"_blank\" rel=\"noopener\"><img decoding=\"async\" class=\"size-full wp-image-264007 aligncenter\" src=\"https:\/\/maybommini.com\/wp-content\/uploads\/2018\/04\/Magnetic-Drive-Water-Pump-MP-120R.jpg\" alt=\"Magnetic Drive Water Pump MP 120R\" width=\"750\" height=\"750\" srcset=\"https:\/\/maybommini.vn\/wp-content\/uploads\/2018\/04\/Magnetic-Drive-Water-Pump-MP-120R.jpg 750w, https:\/\/maybommini.vn\/wp-content\/uploads\/2018\/04\/Magnetic-Drive-Water-Pump-MP-120R-300x300.jpg 300w, https:\/\/maybommini.vn\/wp-content\/uploads\/2018\/04\/Magnetic-Drive-Water-Pump-MP-120R-150x150.jpg 150w, https:\/\/maybommini.vn\/wp-content\/uploads\/2018\/04\/Magnetic-Drive-Water-Pump-MP-120R-600x600.jpg 600w\" sizes=\"(max-width: 750px) 100vw, 750px\" \/><\/a><strong>NGUY\u00caN L\u00dd HO\u1ea0T\u00a0\u0110\u1ed8NG<br \/>\n<\/strong>B\u01a1m th\u1ef1c ph\u1ea9m ho\u00e1 ch\u1ea5t\u00a0d\u00f9ng tr\u1ef1c ti\u1ebfp ngu\u1ed3n \u0111i\u1ec7n 220V v\u00e0 m\u00e1y ch\u1ea1y ho\u1ea1t \u0111\u1ed9ng v\u1edbi ti\u1ebfng \u1ed3n nh\u1ecf v\u00e0 \u00eam \u00e1i.<br \/>\nM\u00e1y b\u01a1m ho\u1ea1t \u0111\u1ed9ng n\u01a1i kh\u00f4 r\u00e1o tho\u00e1ng m\u00e1t tr\u00e1nh \u1ea9m \u01b0\u1edbt.<br \/>\n\u0110\u1ea7u b\u01a1m kh\u00e1ng \u0111\u01b0\u1ee3c t\u1ed1t t\u1ea5t c\u1ea3 c\u00e1c lo\u1ea1i h\u00f3a ch\u1ea5t v\u00e0 th\u1ef1c ph\u1ea9m \u0103n m\u00f2n.<br \/>\nTr\u1ee5c \u0111\u1ed9ng c\u01a1 v\u00e0 \u0111\u1ea7u b\u01a1m \u0111\u01b0\u1ee3c truy\u1ec1n \u0111\u1ed9ng qua nam ch\u00e2m t\u1eeb n\u00ean h\u00f3a ch\u1ea5t kh\u00f4ng \u1ea3nh h\u01b0\u1edfng t\u1edbi \u0111\u1ed9ng c\u01a1.<\/p>\n<p><a href=\"https:\/\/maybommini.com\/wp-content\/uploads\/2018\/04\/bang-thong-so-kich-thuoc-may-bom-hoa-chat.jpg\" target=\"_blank\" rel=\"noopener\"><img decoding=\"async\" class=\"size-full wp-image-262860 aligncenter\" src=\"https:\/\/maybommini.com\/wp-content\/uploads\/2018\/04\/bang-thong-so-kich-thuoc-may-bom-hoa-chat.jpg\" alt=\"Bang Thong So Kich Thuoc May Bom Hoa Chat\" width=\"750\" height=\"750\" srcset=\"https:\/\/maybommini.vn\/wp-content\/uploads\/2018\/04\/bang-thong-so-kich-thuoc-may-bom-hoa-chat.jpg 750w, https:\/\/maybommini.vn\/wp-content\/uploads\/2018\/04\/bang-thong-so-kich-thuoc-may-bom-hoa-chat-300x300.jpg 300w, https:\/\/maybommini.vn\/wp-content\/uploads\/2018\/04\/bang-thong-so-kich-thuoc-may-bom-hoa-chat-150x150.jpg 150w, https:\/\/maybommini.vn\/wp-content\/uploads\/2018\/04\/bang-thong-so-kich-thuoc-may-bom-hoa-chat-600x600.jpg 600w\" sizes=\"(max-width: 750px) 100vw, 750px\" \/><\/a><\/p>\n<p><a href=\"https:\/\/maybommini.com\/wp-content\/uploads\/2019\/05\/cac-loai-may-bom-hoa-chat-220V.jpg\" rel=\"lightbox[261866] noopener\" target=\"_blank\"><img decoding=\"async\" class=\"size-full wp-image-261869 aligncenter\" src=\"https:\/\/maybommini.com\/wp-content\/uploads\/2019\/05\/cac-loai-may-bom-hoa-chat-220V.jpg\" sizes=\"(max-width: 750px) 100vw, 750px\" srcset=\"https:\/\/maybommini.com\/wp-content\/uploads\/2019\/05\/cac-loai-may-bom-hoa-chat-220V.jpg 750w, https:\/\/maybommini.com\/wp-content\/uploads\/2019\/05\/cac-loai-may-bom-hoa-chat-220V-150x150.jpg 150w, https:\/\/maybommini.com\/wp-content\/uploads\/2019\/05\/cac-loai-may-bom-hoa-chat-220V-300x300.jpg 300w, https:\/\/maybommini.com\/wp-content\/uploads\/2019\/05\/cac-loai-may-bom-hoa-chat-220V-600x600.jpg 600w, https:\/\/maybommini.com\/wp-content\/uploads\/2019\/05\/cac-loai-may-bom-hoa-chat-220V-100x100.jpg 100w\" alt=\"Cac Loai May Bom Hoa Chat 220V\" width=\"750\" height=\"750\" \/><\/a><\/p>\n<p><strong>S\u1eec D\u1ee4NG M\u00c1Y B\u01a0M H\u00d3A CH\u1ea4T SMARTPUMPS MP-120R<br \/>\n<\/strong>\u0110\u1eb7c bi\u1ec7t m\u00e1y c\u00f3 kh\u1ea3 n\u0103ng b\u01a1m c\u00e1c lo\u1ea1i ho\u00e1 ch\u1ea5t\u00a0\u0103n m\u00f2n, axit.<br \/>\nB\u01a1m n\u01b0\u1edbc bi\u1ec3n, b\u01a1m dung d\u1ecbch \u0111\u1eb7t bi\u1ec7t, b\u01a1m n\u01b0\u1edbc.<br \/>\nB\u01a1m dung d\u1ecbch, th\u1ef1c th\u1ea9m v\u00e0 nhi\u1ec1u ch\u1ea5t l\u1ecfng kh\u00e1c.<\/p>\n<p><a href=\"https:\/\/maybommini.com\/wp-content\/uploads\/2018\/04\/Nha-cung-cap-cac-loai-may-bom-hoa-chat-cao-cap.jpg\" target=\"_blank\" rel=\"noopener\"><img decoding=\"async\" class=\"size-full wp-image-264003 aligncenter\" src=\"https:\/\/maybommini.com\/wp-content\/uploads\/2018\/04\/Nha-cung-cap-cac-loai-may-bom-hoa-chat-cao-cap.jpg\" alt=\"Nha Cung Cap Cac Loai May Bom Hoa Chat Cao Cap\" width=\"750\" height=\"750\" srcset=\"https:\/\/maybommini.vn\/wp-content\/uploads\/2018\/04\/Nha-cung-cap-cac-loai-may-bom-hoa-chat-cao-cap.jpg 750w, https:\/\/maybommini.vn\/wp-content\/uploads\/2018\/04\/Nha-cung-cap-cac-loai-may-bom-hoa-chat-cao-cap-300x300.jpg 300w, https:\/\/maybommini.vn\/wp-content\/uploads\/2018\/04\/Nha-cung-cap-cac-loai-may-bom-hoa-chat-cao-cap-150x150.jpg 150w, https:\/\/maybommini.vn\/wp-content\/uploads\/2018\/04\/Nha-cung-cap-cac-loai-may-bom-hoa-chat-cao-cap-600x600.jpg 600w\" sizes=\"(max-width: 750px) 100vw, 750px\" \/><\/a>C\u00f4ng nghi\u1ec7p h\u00f3a ch\u1ea5t, C\u00f4ng nghi\u1ec7p natri cacbonat, s\u1ea3n xu\u1ea5t florua, h\u00f3a ch\u1ea5t\u00a0ph\u00e2n b\u00f3n, h\u1ec7 th\u1ed1ng t\u00e1i ch\u1ebf v\u00e0 t\u00e1i ho\u1ea1t \u0111\u1ed9ng c\u1ee7a ch\u1ea5t th\u1ea3i axit, b\u01a1m chuy\u1ec3n axit m\u1ea1nh\u00a0nh\u00e0 m\u00e1y h\u00f3a ch\u1ea5t v\u00e0o ph\u01b0\u01a1ng ti\u1ec7n v\u1eadn chuy\u1ec3n.<br \/>\nNg\u00e0nh d\u01b0\u1ee3c ph\u1ea9m s\u1ea3n xu\u1ea5t luminophor (EL) cho\u00a0ch\u1ea5t b\u00e1n d\u1eabn, thu\u1ed1c tr\u1eeb s\u00e2u, thu\u1ed1c, ch\u1ea5t x\u1eed l\u00fd n\u01b0\u1edbc.<br \/>\nL\u1ecdc c\u00e1c lo\u1ea1i ch\u1ea5t l\u1ecfng m\u1ea1 \u0111i\u1ec7n, s\u1ea3n su\u1ea5t b\u00e1n d\u1eabn.<br \/>\nNg\u00e0nh c\u00f4ng nghi\u1ec7p luy\u1ec7n kim, khai th\u00e1c kho\u00e1ng s\u1ea3n.<br \/>\nS\u1eed d\u1ee5ng b\u01a1m trong c\u00f4ng nghi\u1ec7p th\u1ef1c ph\u1ea9m.<br \/>\nB\u01a1m n\u01b0\u1edbc v\u00e0 x\u1eef l\u00fd n\u01b0\u1edbc th\u1ea3i, n\u01b0\u1edbc bi\u1ec3n, n\u01b0\u1edbc mu\u1ed1i.<br \/>\nV\u00e0 s\u1eed d\u1ee5ng b\u01a1m trong nhi\u1ec1u nh\u00e0nh v\u00e0 l\u0129nh v\u1ef1c kh\u00e1c.<\/p>\n<p><a href=\"https:\/\/maybommini.com\/wp-content\/uploads\/2018\/04\/Giay-chung-nhan-san-pham.jpg\" target=\"_blank\" rel=\"noopener\"><img decoding=\"async\" class=\"size-full wp-image-262864 aligncenter\" src=\"https:\/\/maybommini.com\/wp-content\/uploads\/2018\/04\/Giay-chung-nhan-san-pham.jpg\" alt=\"Giay Chung Nhan San Pham\" width=\"750\" height=\"750\" srcset=\"https:\/\/maybommini.vn\/wp-content\/uploads\/2018\/04\/Giay-chung-nhan-san-pham.jpg 750w, https:\/\/maybommini.vn\/wp-content\/uploads\/2018\/04\/Giay-chung-nhan-san-pham-300x300.jpg 300w, https:\/\/maybommini.vn\/wp-content\/uploads\/2018\/04\/Giay-chung-nhan-san-pham-150x150.jpg 150w, https:\/\/maybommini.vn\/wp-content\/uploads\/2018\/04\/Giay-chung-nhan-san-pham-600x600.jpg 600w\" sizes=\"(max-width: 750px) 100vw, 750px\" \/><\/a><strong>MUA M\u00c1Y B\u01a0M HO\u00c1 CH\u1ea4T\u00a0\u1ede \u0110\u00c2U ?<br \/>\n<\/strong>M\u1ecdi chi ti\u1ebft vui l\u00f2ng li\u00ean h\u1ec7 tr\u1ef1c ti\u1ebfp cho ch\u00fang t\u00f4i \u0111\u1ec3 \u0111\u01b0\u1ee3c t\u01b0 v\u1ea5n theo nhu c\u1ea7u \u0111\u1ec3 c\u00f3 \u0111\u01b0\u1ee3c b\u1ed9 s\u1ea3n ph\u1ea9m t\u1ed1t nh\u1ea5t v\u00e0 ti\u1ebft ki\u1ec7m.\u00a0B\u1ea1n \u1edf xa v\u1eabn c\u00f3 th\u1ec3 mua h\u00e0ng v\u00e0 giao to\u00e0n qu\u1ed1c.<br \/>\n<strong>CTY TNHH TH\u01af\u01a0NG M\u1ea0I D\u1ecaCH V\u1ee4 \u0110I\u1ec6N M\u00c1Y TH\u00d4NG MINH<\/strong><br \/>\n<strong>Hotline:<\/strong> 02873030399 &#8211;\u00a0 0907294310<br \/>\n<strong>Email:<\/strong> maybommini.com@gmail.com<br \/>\n<strong>Website:<\/strong> https:\/\/maybommini.com<br \/>\n<strong>Facebook<\/strong>:\u00a0<a href=\"https:\/\/www.facebook.com\/maybommini%22\" target=\"&quot;_blank&quot;\" rel=\"&quot;noopener&quot;\">https:\/\/www.facebook.com\/maybommini<\/a><br \/>\n<strong>Youtube demo:<\/strong>\u00a0<a href=\"https:\/\/www.youtube.com\/bahamasali%22\" target=\"&quot;_blank&quot;\" rel=\"&quot;noopener&quot;\">https:\/\/www.youtube.com\/bahamasali<\/a><\/p>\n<h3 style=\"text-align: center;\"><a href=\"https:\/\/maybommini.com\/san-pham\/may-bom-hoa-chat-220v-180w-86l-mp-70r\" target=\"_blank\" rel=\"noopener\">M\u00e1y b\u01a1m ho\u00e1 ch\u1ea5t 220V 180W 86L\u00a0SMARTPUMPS MP-70R<\/a><br \/>\n<a href=\"https:\/\/maybommini.com\/san-pham\/may-bom-hoa-chat-220v-250w-120l-mp-100r\" target=\"_blank\" rel=\"noopener\">M\u00e1y b\u01a1m ho\u00e1 ch\u1ea5t 220V 250W 120L SMARTPUMPS MP-100R<\/a><br \/>\nM\u00e1y b\u01a1m h\u00f3a ch\u1ea5t 220V 370W 170L SMARTPUMPS MP-120R<br \/>\nMagnetic Drive Pump &#8211;\u00a0<strong><span data-spm-anchor-id=\"a2g0o.detail.1000023.i0.ffd94f56jXIRoc\">Plastic Material Chemical Pump &#8211;\u00a0MAGNET PUMP<\/span><\/strong><\/h3>\n","protected":false},"excerpt":{"rendered":"<p>Model: MP-120R<br \/>\nT\u00ecnh tr\u1ea1ng: New 100%<br \/>\n\u0110i\u1ec7n \u00e1p: 220V AC<br \/>\nC\u00f4ng su\u1ea5t: 370 W<br \/>\nD\u00f2ng \u0111i\u1ec7n: 1.68 A<br \/>\nT\u1ea7n s\u1ed1 d\u00f2ng \u0111i\u1ec7n: 50Hz &#8211; 60hz<br \/>\nPha \u0111i\u1ec7n: 1 phase.<br \/>\nS\u1ed1 v\u00f2ng quay: 2600 RPM<br \/>\nL\u01b0u l\u01b0\u1ee3ng: 170L LPM<br \/>\n\u0110\u01b0\u1eddng k\u00edn \u1ed1ng h\u00fat: Ren 34 mm.<br \/>\n\u0110\u01b0\u1eddng k\u00edn \u1ed1ng x\u1ea3: Ren 34 mm.<br \/>\nB\u01a1m \u0111\u1ea9y cao: 9 &#8211;\u00a0 10 m\u00e9t.<br \/>\nC\u1ea5p \u0111\u1ed9 b\u1ea3o v\u1ec7: IP44<br \/>\nL\u1edbp b\u1ea3o v\u1ec7: Class B<br \/>\nT\u1ee5 \u0111i\u1ec7n: 0.68\u00a0\u00b5F.<br \/>\nCh\u1ea5t li\u1ec7u: Nh\u1ef1a PP \u2013 \u0110\u1ed3ng.<br \/>\nM\u00e1y b\u01a1m \u0111\u1ed9ng c\u01a1 t\u1eeb.<br \/>\nCh\u1ed1ng \u0103n m\u00f2n v\u00e0 r\u00f2 r\u1ec9 cao c\u1ea5p.<br \/>\nM\u00e1y b\u01a1m tr\u1ee5c n\u1eb1m ngang.<br \/>\nK\u00edch th\u01b0\u1edbc: 359 x 140 x 208 mm<br \/>\nTr\u1ecdng l\u01b0\u1ee3ng: 11 Kg<br \/>\nB\u1ea3o h\u00e0nh: 6 th\u00e1ng<br \/>\nPh\u00e2n ph\u1ed1i: Maybommini.com<br \/>\nH\u00f4\u0309 tr\u01a1\u0323 ky\u0303 thu\u00e2\u0323t vi\u0303nh vi\u00ea\u0303n.<br \/>\n<strong>T\u01af V\u1ea4N K\u1ef8 THU\u1eacT \u2013 MUA H\u00c0NG<br \/>\nMUA S\u1ed0 L\u01af\u1ee2NG C\u00d3 GI\u00c1 S\u1ec8<\/strong><br \/>\n0908997823 \u2013 0908997872<br \/>\n0907294310 \u2013 02873030399<\/p>\n","protected":false},"featured_media":264002,"comment_status":"open","ping_status":"closed","template":"","meta":[],"product_brand":[44],"product_cat":[2004,562],"product_tag":[3123,1336,3119,863,3124,3127,3125,3129,567,3128,3120,1991,3122,3126],"class_list":{"0":"post-256077","1":"product","2":"type-product","3":"status-publish","4":"has-post-thumbnail","6":"product_brand-smartpumps","7":"product_cat-may-bom-hoa-chat-220v","8":"product_cat-may-bom-hoa-chat","9":"product_tag-120r","10":"product_tag-bom-axit","11":"product_tag-bom-chong-an-mon","12":"product_tag-bom-thuc-pham","13":"product_tag-iwaki","14":"product_tag-magnet-pump","15":"product_tag-magnetic-drive-water-pump","16":"product_tag-material-chemical-pump","17":"product_tag-may-bom-hoa-chat","18":"product_tag-may-bom-hoa-chat-220v","19":"product_tag-may-bom-tu","20":"product_tag-may-bom-ure","21":"product_tag-mp-120r","22":"product_tag-plastic-material-chemical-pump","24":"first","25":"instock","26":"sale","27":"featured","28":"shipping-taxable","29":"purchasable","30":"product-type-simple"},"_links":{"self":[{"href":"https:\/\/maybommini.vn\/index.php?rest_route=\/wp\/v2\/product\/256077","targetHints":{"allow":["GET"]}}],"collection":[{"href":"https:\/\/maybommini.vn\/index.php?rest_route=\/wp\/v2\/product"}],"about":[{"href":"https:\/\/maybommini.vn\/index.php?rest_route=\/wp\/v2\/types\/product"}],"replies":[{"embeddable":true,"href":"https:\/\/maybommini.vn\/index.php?rest_route=%2Fwp%2Fv2%2Fcomments&post=256077"}],"wp:featuredmedia":[{"embeddable":true,"href":"https:\/\/maybommini.vn\/index.php?rest_route=\/wp\/v2\/media\/264002"}],"wp:attachment":[{"href":"https:\/\/maybommini.vn\/index.php?rest_route=%2Fwp%2Fv2%2Fmedia&parent=256077"}],"wp:term":[{"taxonomy":"product_brand","embeddable":true,"href":"https:\/\/maybommini.vn\/index.php?rest_route=%2Fwp%2Fv2%2Fproduct_brand&post=256077"},{"taxonomy":"product_cat","embeddable":true,"href":"https:\/\/maybommini.vn\/index.php?rest_route=%2Fwp%2Fv2%2Fproduct_cat&post=256077"},{"taxonomy":"product_tag","embeddable":true,"href":"https:\/\/maybommini.vn\/index.php?rest_route=%2Fwp%2Fv2%2Fproduct_tag&post=256077"}],"curies":[{"name":"wp","href":"https:\/\/api.w.org\/{rel}","templated":true}]}}