{"id":256108,"date":"2018-04-12T19:29:39","date_gmt":"2018-04-12T12:29:39","guid":{"rendered":"https:\/\/maybommini.com\/san-pham\/import-placeholder-for-252395"},"modified":"2026-03-25T06:16:35","modified_gmt":"2026-03-24T23:16:35","slug":"may-phun-son-cam-tay-mini-220v-750w","status":"publish","type":"product","link":"https:\/\/maybommini.vn\/?product=may-phun-son-cam-tay-mini-220v-750w","title":{"rendered":"M\u00e1y phun s\u01a1n c\u1ea7m tay mini 220V 750W"},"content":{"rendered":"<h3><strong>M\u00e1y phun s\u01a1n c\u1ea7m tay mini 220V 750W l\u00e0 lo\u1ea1i m\u00e1y phun s\u01a1n cao c\u1ea5p ho\u1ea1t \u0111\u1ed9ng nh\u1eb9 nh\u00e0ng v\u00e0 linh ho\u1ea1t kh\u00f4ng c\u1ea7n d\u00f9ng b\u00ecnh h\u01a1i nh\u01b0 c\u00e1c lo\u1ea1i m\u00e1y phun s\u01a1n kh\u00e1c. B\u1ea1n c\u00f3 th\u1ec3 d\u1ec3 d\u00e0ng s\u01a1n b\u1ea5t c\u1ee9 n\u01a1i \u0111\u00e2u m\u00e0 b\u1ea1n th\u00edch.<\/strong><\/h3>\n<p><a href=\"http:\/\/maybommini.com\/wp-content\/uploads\/2016\/05\/may-phun-son-mini.jpg\" rel=\"attachment wp-att-245193 noopener\" target=\"_blank\"><img decoding=\"async\" class=\"size-full wp-image-245193 aligncenter\" src=\"http:\/\/maybommini.com\/wp-content\/uploads\/2016\/05\/may-phun-son-mini.jpg\" alt=\"may-phun-son-mini\" width=\"790\" height=\"852\" srcset=\"https:\/\/maybommini.vn\/wp-content\/uploads\/2016\/05\/may-phun-son-mini.jpg 790w, https:\/\/maybommini.vn\/wp-content\/uploads\/2016\/05\/may-phun-son-mini-600x647.jpg 600w, https:\/\/maybommini.vn\/wp-content\/uploads\/2016\/05\/may-phun-son-mini-278x300.jpg 278w, https:\/\/maybommini.vn\/wp-content\/uploads\/2016\/05\/may-phun-son-mini-768x828.jpg 768w\" sizes=\"(max-width: 790px) 100vw, 790px\" \/><\/a><\/p>\n<h3><strong>TH\u00d4NG S\u1ed0 K\u1ef8 THU\u1eacT M\u00c1Y PHUN S\u01a0N MINI<\/strong><br \/>\nTh\u01b0\u01a1ng hi\u1ec7u: FUJIWARA<br \/>\n\u0110i\u1ec7n th\u1ebf: 220V<br \/>\nC\u00f4ng su\u1ea5t: 750W<br \/>\nB\u00ecnh ch\u1ee9a: 900 ml<br \/>\n\u1ed0ng d\u00e2y: 1.8 met<br \/>\nKh\u1ed1i l\u01b0\u1ee3ng: 2.5 Kg<br \/>\nTi\u1ebfng \u1ed3n: 80 db<br \/>\nB\u00e9c phun: t\u00f9y ch\u1ec9nh.<br \/>\nS\u1ea3n xu\u1ea5t: Taiwan Cao C\u1ea5p<br \/>\nB\u1ea3o h\u00e0nh: 1 n\u0103m ch\u00ednh h\u00e3ng.<br \/>\nPh\u00e2n ph\u1ed1i: MBM \u0110\u1ed9c quy\u1ec1n t\u1ea1i VN<\/h3>\n<h3><a href=\"http:\/\/maybommini.com\/wp-content\/uploads\/2016\/05\/may-phun-son-cam-tay-cao-cap-220v.jpg\" rel=\"attachment wp-att-245192 noopener\" target=\"_blank\"><img decoding=\"async\" class=\"size-full wp-image-245192 aligncenter\" src=\"http:\/\/maybommini.com\/wp-content\/uploads\/2016\/05\/may-phun-son-cam-tay-cao-cap-220v.jpg\" alt=\"may-phun-son-cam-tay-cao-cap-220v\" width=\"790\" height=\"781\" srcset=\"https:\/\/maybommini.vn\/wp-content\/uploads\/2016\/05\/may-phun-son-cam-tay-cao-cap-220v.jpg 790w, https:\/\/maybommini.vn\/wp-content\/uploads\/2016\/05\/may-phun-son-cam-tay-cao-cap-220v-600x593.jpg 600w, https:\/\/maybommini.vn\/wp-content\/uploads\/2016\/05\/may-phun-son-cam-tay-cao-cap-220v-300x297.jpg 300w, https:\/\/maybommini.vn\/wp-content\/uploads\/2016\/05\/may-phun-son-cam-tay-cao-cap-220v-768x759.jpg 768w\" sizes=\"(max-width: 790px) 100vw, 790px\" \/><\/a><\/h3>\n<h3><a href=\"http:\/\/maybommini.com\/wp-content\/uploads\/2016\/05\/may-phun-son-tot-nhat.jpg\" rel=\"attachment wp-att-245194 noopener\" target=\"_blank\"><img decoding=\"async\" class=\"size-full wp-image-245194 aligncenter\" src=\"http:\/\/maybommini.com\/wp-content\/uploads\/2016\/05\/may-phun-son-tot-nhat.jpg\" alt=\"may-phun-son-tot-nhat\" width=\"790\" height=\"261\" srcset=\"https:\/\/maybommini.vn\/wp-content\/uploads\/2016\/05\/may-phun-son-tot-nhat.jpg 790w, https:\/\/maybommini.vn\/wp-content\/uploads\/2016\/05\/may-phun-son-tot-nhat-600x198.jpg 600w, https:\/\/maybommini.vn\/wp-content\/uploads\/2016\/05\/may-phun-son-tot-nhat-300x99.jpg 300w, https:\/\/maybommini.vn\/wp-content\/uploads\/2016\/05\/may-phun-son-tot-nhat-768x254.jpg 768w\" sizes=\"(max-width: 790px) 100vw, 790px\" \/><\/a><\/h3>\n<p><strong>\u1ee8NG D\u1ee4NG M\u00c1Y PHUN S\u01a0N MINI C\u1ea6M TAY<\/strong><br \/>\n&#8211; D\u00f9ng phun s\u01a1n.<br \/>\n&#8211; Phun h\u00f3a ch\u1ea5t.<br \/>\n&#8211; Phun thu\u1ed1c.<br \/>\n&#8211; Phun s\u01a1n n\u01b0\u1edbc.<br \/>\n&#8211; Phun s\u01a1n d\u1ea7u.<br \/>\n&#8211; Phun n\u01b0\u1edbc c\u00e1c lo\u1ea1i.<br \/>\n&#8211; D\u00f9ng phun s\u01a1n gia \u0111\u00ecnh, phun s\u01a1n c\u00f4ng nghi\u1ec7p, phun s\u01a1n d\u1ef1 \u00e1n x\u1ea5y d\u1ef1ng,&#8230;.<br \/>\n&#8211; Ti\u1ec7n l\u1ee3i \u0111\u1ec5 s\u1eed d\u1ee5ng thay th\u1ebf v\u00e0 b\u1ea3o tr\u00ec.<\/p>\n<p><a href=\"http:\/\/maybommini.com\/wp-content\/uploads\/2016\/05\/cau-tao-may-phun-son-mini.jpg\" rel=\"attachment wp-att-245190 noopener\" target=\"_blank\"><img decoding=\"async\" class=\"size-full wp-image-245190 aligncenter\" src=\"http:\/\/maybommini.com\/wp-content\/uploads\/2016\/05\/cau-tao-may-phun-son-mini.jpg\" alt=\"cau-tao-may-phun-son-mini\" width=\"790\" height=\"698\" srcset=\"https:\/\/maybommini.vn\/wp-content\/uploads\/2016\/05\/cau-tao-may-phun-son-mini.jpg 790w, https:\/\/maybommini.vn\/wp-content\/uploads\/2016\/05\/cau-tao-may-phun-son-mini-600x530.jpg 600w, https:\/\/maybommini.vn\/wp-content\/uploads\/2016\/05\/cau-tao-may-phun-son-mini-300x265.jpg 300w, https:\/\/maybommini.vn\/wp-content\/uploads\/2016\/05\/cau-tao-may-phun-son-mini-768x679.jpg 768w\" sizes=\"(max-width: 790px) 100vw, 790px\" \/><\/a><\/p>\n<h2><strong>MUA M\u00c1Y PHUN S\u01a0N C\u1ea6M TAY \u1ede \u0110\u00c2U ?<\/strong><\/h2>\n<h3><strong>CTY TNHH TH\u01af\u01a0NG M\u1ea0I D\u1ecaCH V\u1ee4 \u0110I\u1ec6N M\u00c1Y TH\u00d4NG MINH<\/strong><br \/>\nHotline : 090 729 4310<br \/>\nEmail : maybommini.com@gmail.com<br \/>\nWebsite : http:\/\/maybommini.com<br \/>\nFacebook : <a href=\"https:\/\/www.facebook.com\/maybommini\" target=\"_blank\" rel=\"noopener\">https:\/\/www.facebook.com\/maybommini<\/a><br \/>\nGoogle : <a href=\"https:\/\/plus.google.com\/ Maybomnuocminiruaxe\" target=\"_blank\" rel=\"noopener\">https:\/\/plus.google.com\/ Maybomnuocminiruaxe<\/a><br \/>\nYoutube demo : <a href=\"https:\/\/www.youtube.com\/bahamasali\" target=\"_blank\" rel=\"noopener\">https:\/\/www.youtube.com\/bahamasali<\/a><\/h3>\n<p><a href=\"http:\/\/maybommini.com\/wp-content\/uploads\/2016\/05\/ban-may-phun-son.jpg\" rel=\"attachment wp-att-245189 noopener\" target=\"_blank\"><img decoding=\"async\" class=\"size-full wp-image-245189 aligncenter\" src=\"http:\/\/maybommini.com\/wp-content\/uploads\/2016\/05\/ban-may-phun-son.jpg\" alt=\"ban-may-phun-son\" width=\"790\" height=\"737\" srcset=\"https:\/\/maybommini.vn\/wp-content\/uploads\/2016\/05\/ban-may-phun-son.jpg 790w, https:\/\/maybommini.vn\/wp-content\/uploads\/2016\/05\/ban-may-phun-son-600x560.jpg 600w, https:\/\/maybommini.vn\/wp-content\/uploads\/2016\/05\/ban-may-phun-son-300x280.jpg 300w, https:\/\/maybommini.vn\/wp-content\/uploads\/2016\/05\/ban-may-phun-son-768x716.jpg 768w\" sizes=\"(max-width: 790px) 100vw, 790px\" \/><\/a><\/p>\n","protected":false},"excerpt":{"rendered":"<h3>Th\u01b0\u01a1ng hi\u1ec7u: FUJIWARA<br \/>\n\u0110i\u1ec7n th\u1ebf: 220V<br \/>\nC\u00f4ng su\u1ea5t: 750W<br \/>\nB\u00ecnh ch\u1ee9a: 900 ml<br \/>\n\u1ed0ng d\u00e2y: 1.8 met<br \/>\nKh\u1ed1i l\u01b0\u1ee3ng: 2.5 Kg<br \/>\nTi\u1ebfng \u1ed3n: 80 db<br \/>\nB\u00e9c phun: t\u00f9y ch\u1ec9nh.<br \/>\nS\u1ea3n xu\u1ea5t: Taiwan Cao C\u1ea5p<br \/>\nB\u1ea3o h\u00e0nh: 1 n\u0103m ch\u00ednh h\u00e3ng.<br \/>\nPh\u00e2n ph\u1ed1i: MBM \u0110\u1ed9c quy\u1ec1n t\u1ea1i VN<\/h3>\n","protected":false},"featured_media":256234,"comment_status":"open","ping_status":"closed","template":"","meta":[],"product_brand":[],"product_cat":[684],"product_tag":[685,686,687,688,689,690,691,692,693],"class_list":{"0":"post-256108","1":"product","2":"type-product","3":"status-publish","4":"has-post-thumbnail","6":"product_cat-may-phun-son","7":"product_tag-may-phun-son","8":"product_tag-may-phun-son-220v","9":"product_tag-may-phun-son-300w","10":"product_tag-may-phun-son-750w","11":"product_tag-may-phun-son-800w","12":"product_tag-may-phun-son-cam-tay","13":"product_tag-may-phun-son-mini","14":"product_tag-may-son","15":"product_tag-son-mini","17":"first","18":"instock","19":"sale","20":"featured","21":"shipping-taxable","22":"purchasable","23":"product-type-simple"},"_links":{"self":[{"href":"https:\/\/maybommini.vn\/index.php?rest_route=\/wp\/v2\/product\/256108","targetHints":{"allow":["GET"]}}],"collection":[{"href":"https:\/\/maybommini.vn\/index.php?rest_route=\/wp\/v2\/product"}],"about":[{"href":"https:\/\/maybommini.vn\/index.php?rest_route=\/wp\/v2\/types\/product"}],"replies":[{"embeddable":true,"href":"https:\/\/maybommini.vn\/index.php?rest_route=%2Fwp%2Fv2%2Fcomments&post=256108"}],"wp:featuredmedia":[{"embeddable":true,"href":"https:\/\/maybommini.vn\/index.php?rest_route=\/wp\/v2\/media\/256234"}],"wp:attachment":[{"href":"https:\/\/maybommini.vn\/index.php?rest_route=%2Fwp%2Fv2%2Fmedia&parent=256108"}],"wp:term":[{"taxonomy":"product_brand","embeddable":true,"href":"https:\/\/maybommini.vn\/index.php?rest_route=%2Fwp%2Fv2%2Fproduct_brand&post=256108"},{"taxonomy":"product_cat","embeddable":true,"href":"https:\/\/maybommini.vn\/index.php?rest_route=%2Fwp%2Fv2%2Fproduct_cat&post=256108"},{"taxonomy":"product_tag","embeddable":true,"href":"https:\/\/maybommini.vn\/index.php?rest_route=%2Fwp%2Fv2%2Fproduct_tag&post=256108"}],"curies":[{"name":"wp","href":"https:\/\/api.w.org\/{rel}","templated":true}]}}