{"id":256111,"date":"2018-04-12T19:29:40","date_gmt":"2018-04-12T12:29:40","guid":{"rendered":"https:\/\/maybommini.com\/san-pham\/import-placeholder-for-252410"},"modified":"2018-11-14T16:21:11","modified_gmt":"2018-11-14T09:21:11","slug":"cong-tat-dieu-khien-tu-xa-cao-cap-220v","status":"publish","type":"product","link":"https:\/\/maybommini.vn\/?product=cong-tat-dieu-khien-tu-xa-cao-cap-220v","title":{"rendered":"C\u00f4ng t\u1eaft \u0111i\u1ec1u khi\u1ec3n t\u1eeb xa cao c\u1ea5p 220V"},"content":{"rendered":"<h3><strong>C\u00f4ng t\u1eaft \u0111i\u1ec1u khi\u1ec3n t\u1eeb xa cao c\u1ea5p 220V d\u00f9ng \u0111\u1ec3 t\u1eaft m\u1edf c\u00e1c thi\u1ebft b\u1ecb t\u1eeb xa th\u00f4ng qua m\u1ed9t remote nh\u1ecf m\u00f3c kh\u00f3a r\u1ea5t chuy\u00ean nghi\u1ec7p. T\u1eaft m\u1edf c\u00e1c thi\u1ebft b\u1ecb gi\u00e1 d\u1ee5ng, \u0111\u00e8n, qu\u1ea1t, mortor, m\u00e1y b\u01a1m n\u01b0\u1edbc, m\u00e1y b\u01a1m x\u1ecbt v\u1ec7 sinh m\u00e1y l\u1ea1nh &#8230;<\/strong><\/h3>\n<p><a href=\"http:\/\/maybommini.com\/wp-content\/uploads\/2016\/05\/mach-cong-tat-dieu-kien-tu-xa-khong-day.jpg\" rel=\"attachment wp-att-245206 noopener\" target=\"_blank\"><img decoding=\"async\" class=\"size-full wp-image-245206 aligncenter\" src=\"http:\/\/maybommini.com\/wp-content\/uploads\/2016\/05\/mach-cong-tat-dieu-kien-tu-xa-khong-day.jpg\" alt=\"mach-cong-tat-dieu-kien-tu-xa-khong-day\" width=\"800\" height=\"600\" srcset=\"https:\/\/maybommini.vn\/wp-content\/uploads\/2016\/05\/mach-cong-tat-dieu-kien-tu-xa-khong-day.jpg 800w, https:\/\/maybommini.vn\/wp-content\/uploads\/2016\/05\/mach-cong-tat-dieu-kien-tu-xa-khong-day-600x450.jpg 600w, https:\/\/maybommini.vn\/wp-content\/uploads\/2016\/05\/mach-cong-tat-dieu-kien-tu-xa-khong-day-300x225.jpg 300w, https:\/\/maybommini.vn\/wp-content\/uploads\/2016\/05\/mach-cong-tat-dieu-kien-tu-xa-khong-day-768x576.jpg 768w\" sizes=\"(max-width: 800px) 100vw, 800px\" \/><\/a><\/p>\n<p><a href=\"http:\/\/maybommini.com\/wp-content\/uploads\/2016\/05\/cong-tat-dieu-kien-tu-xa-220v.jpg\" rel=\"attachment wp-att-245204 noopener\" target=\"_blank\"><img decoding=\"async\" class=\"alignnone size-full wp-image-245204\" src=\"http:\/\/maybommini.com\/wp-content\/uploads\/2016\/05\/cong-tat-dieu-kien-tu-xa-220v.jpg\" alt=\"cong-tat-dieu-kien-tu-xa-220v\" width=\"550\" height=\"550\" srcset=\"https:\/\/maybommini.vn\/wp-content\/uploads\/2016\/05\/cong-tat-dieu-kien-tu-xa-220v.jpg 550w, https:\/\/maybommini.vn\/wp-content\/uploads\/2016\/05\/cong-tat-dieu-kien-tu-xa-220v-300x300.jpg 300w, https:\/\/maybommini.vn\/wp-content\/uploads\/2016\/05\/cong-tat-dieu-kien-tu-xa-220v-150x150.jpg 150w\" sizes=\"(max-width: 550px) 100vw, 550px\" \/><\/a><\/p>\n<p>&nbsp;<\/p>\n<h3><strong>TH\u00d4NG S\u1ed0 K\u1ef8 THU\u1eacT<\/strong><br \/>\nNgu\u1ed3n \u0111i\u1ec7n : 220V<br \/>\nC\u00f4ng su\u1ea5t ch\u1ecbu t\u1ea3i thi\u1ebft b\u1ecb: 40A &#8211; 500W<br \/>\nKho\u1ea3ng c\u00e1ch \u0111i\u1ec1u khi\u1ec3n: 100 m\u00e9t.<br \/>\nT\u1ea7n s\u1ed1: 315MHZ \/ 433MHz<br \/>\nK\u00edch th\u01b0\u1edbc: 60 \u2179 30 \u2179 13mm<br \/>\nPin remote: 6V.<\/h3>\n<h3><a href=\"http:\/\/maybommini.com\/wp-content\/uploads\/2016\/05\/cong-tat-tu-xa-khong-day.jpg\" rel=\"attachment wp-att-245205 noopener\" target=\"_blank\"><img decoding=\"async\" class=\"size-full wp-image-245205 aligncenter\" src=\"http:\/\/maybommini.com\/wp-content\/uploads\/2016\/05\/cong-tat-tu-xa-khong-day.jpg\" alt=\"cong-tat-tu-xa-khong-day\" width=\"800\" height=\"600\" srcset=\"https:\/\/maybommini.vn\/wp-content\/uploads\/2016\/05\/cong-tat-tu-xa-khong-day.jpg 800w, https:\/\/maybommini.vn\/wp-content\/uploads\/2016\/05\/cong-tat-tu-xa-khong-day-600x450.jpg 600w, https:\/\/maybommini.vn\/wp-content\/uploads\/2016\/05\/cong-tat-tu-xa-khong-day-300x225.jpg 300w, https:\/\/maybommini.vn\/wp-content\/uploads\/2016\/05\/cong-tat-tu-xa-khong-day-768x576.jpg 768w\" sizes=\"(max-width: 800px) 100vw, 800px\" \/><\/a><br \/>\n<strong>\u1ee8NG D\u1ee4NG M\u1ea0CH T\u1eaeT M\u1ede KH\u00d4NG D\u00c2Y<\/strong><br \/>\n&#8211; T\u1eaft m\u1edf thi\u1ebft b\u1ecb gia d\u1ee5ng.<br \/>\n&#8211; M\u00e1y b\u01a1m n\u01b0\u1edbc.<br \/>\n&#8211; M\u00e1y b\u01a1m \u00e1p l\u1ef1c mini.<br \/>\n&#8211; T\u1eaft m\u1edf m\u00e1y phun s\u01b0\u01a1ng.<br \/>\n&#8211; T\u1eaft m\u1edf \u0111\u00e8n.<br \/>\n&#8211; T\u1eaft m\u1edf c\u1eeda nh\u00e0.<br \/>\n&#8211; D\u00f9ng trong nh\u00e0 th\u00f4ng minh.<br \/>\n&#8211; T\u1eaft m\u1edf m\u00e1y b\u01a1m v\u1ec7 sinh m\u00e1y l\u1ea1nh<br \/>\n&#8211; T\u1eaft m\u1edf kh\u00f4ng d\u00e2y c\u00e1c thi\u1ebft b\u1ecb \u0111i\u1ec7n kh\u00e1c.<\/h3>\n<h3><a href=\"http:\/\/maybommini.com\/wp-content\/uploads\/2016\/05\/mach-cong-tat-khong-day.jpg\" rel=\"attachment wp-att-245207 noopener\" target=\"_blank\"><img decoding=\"async\" class=\"size-full wp-image-245207 aligncenter\" src=\"http:\/\/maybommini.com\/wp-content\/uploads\/2016\/05\/mach-cong-tat-khong-day.jpg\" alt=\"mach-cong-tat-khong-day\" width=\"800\" height=\"638\" srcset=\"https:\/\/maybommini.vn\/wp-content\/uploads\/2016\/05\/mach-cong-tat-khong-day.jpg 800w, https:\/\/maybommini.vn\/wp-content\/uploads\/2016\/05\/mach-cong-tat-khong-day-600x479.jpg 600w, https:\/\/maybommini.vn\/wp-content\/uploads\/2016\/05\/mach-cong-tat-khong-day-300x239.jpg 300w, https:\/\/maybommini.vn\/wp-content\/uploads\/2016\/05\/mach-cong-tat-khong-day-768x612.jpg 768w\" sizes=\"(max-width: 800px) 100vw, 800px\" \/><\/a><\/h3>\n<p>C\u00e1ch l\u1eafp c\u00f4ng t\u1eaft kh\u00f4ng d\u00e2y t\u1eeb xa ti\u1ec7n l\u1ee3i d\u1ec3 d\u00e0ng. Th\u00f4ng qua s\u01a1 \u0111\u1ed3 m\u1ea1ch kh\u00f4ng d\u00e2y t\u1eaft m\u1edf 12V 24V 220V.<\/p>\n<h3><a href=\"http:\/\/maybommini.com\/wp-content\/uploads\/2016\/05\/cach-lap-mach-cong-tat-khong-day.jpg\" rel=\"attachment wp-att-245201 noopener\" target=\"_blank\"><img decoding=\"async\" class=\"size-full wp-image-245201 aligncenter\" src=\"http:\/\/maybommini.com\/wp-content\/uploads\/2016\/05\/cach-lap-mach-cong-tat-khong-day.jpg\" alt=\"cach-lap-mach-cong-tat-khong-day\" width=\"704\" height=\"588\" srcset=\"https:\/\/maybommini.vn\/wp-content\/uploads\/2016\/05\/cach-lap-mach-cong-tat-khong-day.jpg 704w, https:\/\/maybommini.vn\/wp-content\/uploads\/2016\/05\/cach-lap-mach-cong-tat-khong-day-600x501.jpg 600w, https:\/\/maybommini.vn\/wp-content\/uploads\/2016\/05\/cach-lap-mach-cong-tat-khong-day-300x251.jpg 300w\" sizes=\"(max-width: 704px) 100vw, 704px\" \/><\/a><\/h3>\n<p><strong>MUA M\u1ea0CH C\u00d4NG T\u1eaeT KH\u00d4NG D\u00c2Y \u1ede \u0110\u00c2U ?<\/strong><br \/>\n<strong>CTY TNHH TH\u01af\u01a0NG M\u1ea0I D\u1ecaCH V\u1ee4 \u0110I\u1ec6N M\u00c1Y TH\u00d4NG MINH<\/strong><br \/>\nHotline : 090 729 4310<br \/>\nEmail : maybommini.com@gmail.com<br \/>\nWebsite : http:\/\/maybommini.com<br \/>\nFacebook : <a href=\"https:\/\/www.facebook.com\/maybommini\" target=\"_blank\" rel=\"noopener\">https:\/\/www.facebook.com\/maybommini<\/a><br \/>\nGoogle   : <a href=\"https:\/\/plus.google.com\/ Maybomnuocminiruaxe\" target=\"_blank\" rel=\"noopener\">https:\/\/plus.google.com\/ Maybomnuocminiruaxe<\/a><br \/>\nYoutube demo : <a href=\"https:\/\/www.youtube.com\/bahamasali\" target=\"_blank\" rel=\"noopener\">https:\/\/www.youtube.com\/bahamasali<\/a><\/p>\n","protected":false},"excerpt":{"rendered":"<h3>Ngu\u1ed3n \u0111i\u1ec7n : 220V<br \/>\nC\u00f4ng su\u1ea5t ch\u1ecbu t\u1ea3i thi\u1ebft b\u1ecb: 40A &#8211; 500W<br \/>\nKho\u1ea3ng c\u00e1ch \u0111i\u1ec1u khi\u1ec3n: 100 m\u00e9t.<br \/>\nT\u1ea7n s\u1ed1: 315MHZ \/ 433MHz<br \/>\nK\u00edch th\u01b0\u1edbc: 60 \u2179 30 \u2179 13mm<br \/>\nPin remote: 6V.<\/h3>\n<p>Tel: 090 729 4310<\/p>\n","protected":false},"featured_media":256245,"comment_status":"open","ping_status":"closed","template":"","meta":[],"product_brand":[],"product_cat":[598],"product_tag":[267,500,488,599,694,600,601,695,696,697,698,602,603,604],"class_list":{"0":"post-256111","1":"product","2":"type-product","3":"status-publish","4":"has-post-thumbnail","6":"product_cat-dieu-khien-tu-xa","7":"product_tag-12v","8":"product_tag-220v","9":"product_tag-24v","10":"product_tag-bo-dieu-khien-tu-xa","11":"product_tag-dieu-khien-tu-xa","12":"product_tag-dien-thoai","13":"product_tag-dieu-khien","14":"product_tag-khong-day","15":"product_tag-mach-dieu-khien","16":"product_tag-tat-mo-khong-dat","17":"product_tag-tat-mo-may-bom-tu-xa","18":"product_tag-thiet-bi-thong-minh","19":"product_tag-tin-nhan","20":"product_tag-tu-xa","22":"first","23":"instock","24":"sale","25":"shipping-taxable","26":"purchasable","27":"product-type-simple"},"_links":{"self":[{"href":"https:\/\/maybommini.vn\/index.php?rest_route=\/wp\/v2\/product\/256111","targetHints":{"allow":["GET"]}}],"collection":[{"href":"https:\/\/maybommini.vn\/index.php?rest_route=\/wp\/v2\/product"}],"about":[{"href":"https:\/\/maybommini.vn\/index.php?rest_route=\/wp\/v2\/types\/product"}],"replies":[{"embeddable":true,"href":"https:\/\/maybommini.vn\/index.php?rest_route=%2Fwp%2Fv2%2Fcomments&post=256111"}],"wp:featuredmedia":[{"embeddable":true,"href":"https:\/\/maybommini.vn\/index.php?rest_route=\/wp\/v2\/media\/256245"}],"wp:attachment":[{"href":"https:\/\/maybommini.vn\/index.php?rest_route=%2Fwp%2Fv2%2Fmedia&parent=256111"}],"wp:term":[{"taxonomy":"product_brand","embeddable":true,"href":"https:\/\/maybommini.vn\/index.php?rest_route=%2Fwp%2Fv2%2Fproduct_brand&post=256111"},{"taxonomy":"product_cat","embeddable":true,"href":"https:\/\/maybommini.vn\/index.php?rest_route=%2Fwp%2Fv2%2Fproduct_cat&post=256111"},{"taxonomy":"product_tag","embeddable":true,"href":"https:\/\/maybommini.vn\/index.php?rest_route=%2Fwp%2Fv2%2Fproduct_tag&post=256111"}],"curies":[{"name":"wp","href":"https:\/\/api.w.org\/{rel}","templated":true}]}}