{"id":256114,"date":"2018-04-12T19:29:41","date_gmt":"2018-04-12T12:29:41","guid":{"rendered":"https:\/\/maybommini.com\/san-pham\/import-placeholder-for-252425"},"modified":"2019-10-23T12:29:46","modified_gmt":"2019-10-23T05:29:46","slug":"timer-hen-gio-dien-tu-15-chuong-trinh-l701-24v","status":"publish","type":"product","link":"https:\/\/maybommini.vn\/?product=timer-hen-gio-dien-tu-15-chuong-trinh-l701-24v","title":{"rendered":"Timer h\u1eb9n gi\u1edd \u0111i\u1ec7n t\u1eed 15 ch\u01b0\u01a1ng tr\u00ecnh L701 &#8211; 24V"},"content":{"rendered":"<p><strong>Timer h\u1eb9n gi\u1edd \u0111i\u1ec7n t\u1eed L701 &#8211; 24V gi\u00fap B\u1ea1n kh\u00f4ng ph\u1ea3i ch\u1edd \u0111\u1ee3i \u0111\u1ec3 t\u1eaft \u0111i\u1ec7n, t\u1eaft qu\u1ea1t trong ph\u00f2ng, ch\u1edd n\u01b0\u1edbc \u0111\u1ea7y v\u00e0 t\u1eaft m\u00e1y b\u01a1m n\u01b0\u1edbc, canh gi\u1edd t\u1eaft m\u1edf \u0111\u00e8n qu\u1ea3ng c\u00e1o, t\u1ef1 \u0111\u1ed9ng t\u1eaft m\u1edf m\u00e1y phun s\u01b0\u01a1ng, t\u1eaft m\u1edf t\u1ef1 \u0111\u1ed9ng h\u1ec7 th\u1ed1ng t\u01b0\u1edbi c\u00e2y&#8230;<\/strong><\/p>\n<p><img decoding=\"async\" class=\"size-full wp-image-255283 aligncenter\" src=\"http:\/\/maybommini.com.vn\/wp-content\/uploads\/2018\/01\/timer-hen-gio-24v-1.jpg\" alt=\"Timer Hen Gio 24v\" width=\"600\" height=\"600\" srcset=\"https:\/\/maybommini.vn\/wp-content\/uploads\/2018\/01\/timer-hen-gio-24v-1.jpg 600w, https:\/\/maybommini.vn\/wp-content\/uploads\/2018\/01\/timer-hen-gio-24v-1-150x150.jpg 150w, https:\/\/maybommini.vn\/wp-content\/uploads\/2018\/01\/timer-hen-gio-24v-1-300x300.jpg 300w, https:\/\/maybommini.vn\/wp-content\/uploads\/2018\/01\/timer-hen-gio-24v-1-100x100.jpg 100w\" sizes=\"(max-width: 600px) 100vw, 600px\" \/><\/p>\n<p>Ti\u1ebft ki\u1ec7m \u0111i\u1ec7n trong nh\u00e0, c\u00e1c thi\u1ebft b\u1ecb \u0111i\u1ec7n trong nh\u00e0 nh\u01b0: \u0111\u00e8n, qu\u1ea1t, c\u01a1m \u0111i\u1ec7n, \u0111\u00e8n h\u00e0nh lang, \u0111\u00e8n c\u1ea7u thang\u2026 s\u1ebd t\u1ef1 \u0111\u1ed9ng b\u1eadt v\u00e0 t\u1eaft theo gi\u1edd b\u1ea1n mong mu\u1ed1n, ti\u1ebft ki\u1ec7m r\u1ea5t nhi\u1ec1u \u0111i\u1ec7n cho gia \u0111\u00ecnh b\u1ea1n.\u00a0B\u1ed9 h\u1eb9n gi\u1edd \u0111i\u1ec7n t\u1eed t\u1eaft\/m\u1edf thi\u1ebft b\u1ecb t\u1ef1 \u0111\u1ed9ng th\u00f4ng minh ti\u1ebft ki\u1ec7m \u0111i\u1ec7n L701 &#8211; 24V.<\/p>\n<p><img decoding=\"async\" class=\"size-full wp-image-255281 aligncenter\" src=\"http:\/\/maybommini.com.vn\/wp-content\/uploads\/2018\/01\/timer-1.jpg\" alt=\"Timer\" width=\"600\" height=\"600\" srcset=\"https:\/\/maybommini.vn\/wp-content\/uploads\/2018\/01\/timer-1.jpg 600w, https:\/\/maybommini.vn\/wp-content\/uploads\/2018\/01\/timer-1-150x150.jpg 150w, https:\/\/maybommini.vn\/wp-content\/uploads\/2018\/01\/timer-1-300x300.jpg 300w, https:\/\/maybommini.vn\/wp-content\/uploads\/2018\/01\/timer-1-100x100.jpg 100w\" sizes=\"(max-width: 600px) 100vw, 600px\" \/><\/p>\n<p><strong>\u1ee8NG D\u1ee4NG TIMER H\u1eb8N GI\u1edc \u0110I\u1ec6N T\u1eec L701 &#8211; 24V<\/strong><\/p>\n<p>\u0110\u00e8n chi\u1ebfu s\u00e1ng \u1edf nh\u1eefng khu v\u1ef1c c\u00f4ng c\u1ed9ng t\u1ef1 b\u1eadt \u0111\u00e8n l\u00fac 18h t\u1ed1i v\u00e0 t\u1eaft l\u00fac 6h s\u00e1ng m\u1ed7i ng\u00e0y.Thi\u1ebft b\u1ecb \u0111i\u1ec7n trang tr\u00ed, qu\u1ea3ng c\u00e1o t\u1ef1 b\u1eadt l\u1ee9c 17h30 (tr\u1eddi nh\u00e1 nhem t\u1ed1i) v\u00e0 t\u1ef1 \u0111\u1ed9ng t\u1eaft l\u00fac 24h t\u1ed1i (\u0111i ng\u1ee7 kh\u00f4ng c\u1ea7n d\u00f9ng t\u1edbi \u0111\u00e8n trang tr\u00ed =&gt; tr\u00e1nh r\u1ee7i ro x\u1ea3y ra s\u1ef1 c\u1ed1 \u0111i\u1ec7n, \u0111\u1ed3ng th\u1eddi ti\u1ebft ki\u1ec7m \u0111i\u1ec7n)M\u00e1y l\u1ea1nh trong v\u0103n ph\u00f2ng l\u00e0m vi\u1ec7c t\u1ef1 b\u1eadt l\u00fac 7h s\u00e1ng v\u00e0 t\u1eaft l\u00fac 11h30 tr\u01b0a (ngh\u1ec9 tr\u01b0a), r\u1ed3i \u0111\u1ebfn 13h b\u1eadt l\u1ea1i cho \u0111\u1ebfn 17h chi\u1ec1u t\u1ef1 \u0111\u1ed9ng t\u1eaft =&gt; tr\u00e1nh l\u00e3ng ph\u00ed \u0111i\u1ec7n ngo\u00e0i gi\u1edd l\u00e0m vi\u1ec7c.H\u1eb9n gi\u1edd b\u1eadt m\u00e1y b\u01a1m n\u01b0\u1edbc t\u01b0\u1edbi c\u00e2y, m\u00e1y s\u1ee5c kh\u00ed c\u00e1c tr\u1ea1i nu\u00f4i th\u1ee7y s\u1ea3n,&#8230; r\u1ed3i t\u1eaft t\u1ef1 \u0111\u1ed9ng m\u1ed7i ng\u00e0y =&gt; ch\u00ednh x\u00e1c, hi\u1ec7u qu\u1ea3, kh\u00f4ng t\u1ed1n c\u00f4ng s\u1ee9c v\u00e0 th\u1eddi gian.V\u00e0 v\u00f4 s\u1ed1 \u1ee9ng d\u1ee5ng trong cu\u1ed9c s\u1ed1ng m\u00e0 b\u1ea1n c\u00f3 th\u1ec3 ngh\u0129 ra \u0111\u1ec3 \u1ee9ng d\u1ee5ng b\u1ed9 h\u1eb9n gi\u1edd t\u1eaft\/m\u1edf thi\u1ebft b\u1ecb t\u1ef1 \u0111\u1ed9ng th\u00f4ng minh n\u00e0y.<\/p>\n<p><a href=\"http:\/\/maybommini.com\/wp-content\/uploads\/2016\/05\/cau-tao-timer-hen-gio.jpg\" rel=\"attachment wp-att-245226 noopener\" target=\"_blank\"><img decoding=\"async\" class=\"size-large wp-image-245226 aligncenter\" src=\"http:\/\/maybommini.com\/wp-content\/uploads\/2016\/05\/cau-tao-timer-hen-gio-467x1024.jpg\" alt=\"cau-tao-timer-hen-gio\" width=\"467\" height=\"1024\" srcset=\"https:\/\/maybommini.vn\/wp-content\/uploads\/2016\/05\/cau-tao-timer-hen-gio-467x1024.jpg 467w, https:\/\/maybommini.vn\/wp-content\/uploads\/2016\/05\/cau-tao-timer-hen-gio-600x1315.jpg 600w, https:\/\/maybommini.vn\/wp-content\/uploads\/2016\/05\/cau-tao-timer-hen-gio-137x300.jpg 137w, https:\/\/maybommini.vn\/wp-content\/uploads\/2016\/05\/cau-tao-timer-hen-gio.jpg 750w\" sizes=\"(max-width: 467px) 100vw, 467px\" \/><\/a><\/p>\n<h4 style=\"text-align: center;\">h\u1eb9n gi\u1edd \u0111i\u1ec7n t\u1eed<\/h4>\n<p><img decoding=\"async\" class=\"size-medium wp-image-255280 aligncenter\" src=\"http:\/\/maybommini.com.vn\/wp-content\/uploads\/2018\/01\/hen-gio-tat-mo-thiet-bi-1-300x300.jpg\" alt=\"Hen Gio Tat Mo Thiet Bi\" width=\"300\" height=\"300\" srcset=\"https:\/\/maybommini.vn\/wp-content\/uploads\/2018\/01\/hen-gio-tat-mo-thiet-bi-1-300x300.jpg 300w, https:\/\/maybommini.vn\/wp-content\/uploads\/2018\/01\/hen-gio-tat-mo-thiet-bi-1-150x150.jpg 150w, https:\/\/maybommini.vn\/wp-content\/uploads\/2018\/01\/hen-gio-tat-mo-thiet-bi-1.jpg 600w\" sizes=\"(max-width: 300px) 100vw, 300px\" \/> <img decoding=\"async\" class=\"size-medium wp-image-255279 aligncenter\" src=\"http:\/\/maybommini.com.vn\/wp-content\/uploads\/2018\/01\/hen-gio-dien-tu-cao-cap-1-300x300.jpg\" alt=\"Hen Gio Dien Tu Cao Cap\" width=\"300\" height=\"300\" srcset=\"https:\/\/maybommini.vn\/wp-content\/uploads\/2018\/01\/hen-gio-dien-tu-cao-cap-1-300x300.jpg 300w, https:\/\/maybommini.vn\/wp-content\/uploads\/2018\/01\/hen-gio-dien-tu-cao-cap-1-150x150.jpg 150w, https:\/\/maybommini.vn\/wp-content\/uploads\/2018\/01\/hen-gio-dien-tu-cao-cap-1.jpg 600w\" sizes=\"(max-width: 300px) 100vw, 300px\" \/> <img decoding=\"async\" class=\"size-medium wp-image-255278 aligncenter\" src=\"http:\/\/maybommini.com.vn\/wp-content\/uploads\/2018\/01\/hen-gio-dien-tu-12v-24v-220v-1-300x300.jpg\" alt=\"Hen Gio Dien Tu 12v 24v 220v\" width=\"300\" height=\"300\" srcset=\"https:\/\/maybommini.vn\/wp-content\/uploads\/2018\/01\/hen-gio-dien-tu-12v-24v-220v-1-300x300.jpg 300w, https:\/\/maybommini.vn\/wp-content\/uploads\/2018\/01\/hen-gio-dien-tu-12v-24v-220v-1-150x150.jpg 150w, https:\/\/maybommini.vn\/wp-content\/uploads\/2018\/01\/hen-gio-dien-tu-12v-24v-220v-1.jpg 600w\" sizes=\"(max-width: 300px) 100vw, 300px\" \/><br \/>\nB\u1ed9 h\u1eb9n gi\u1edd t\u1eaft\/m\u1edf thi\u1ebft b\u1ecb t\u1ef1 \u0111\u1ed9ng th\u00f4ng minh n\u00e0y gi\u00fap b\u1ea1n ti\u1ebft ki\u1ec7m th\u1eddi gian, c\u00e1c thi\u1ebft b\u1ecb \u0111i\u1ec7n s\u1ebd t\u1ef1 \u0111\u1ed9ng \u0111\u01b0\u1ee3c t\u1eaft\/m\u1edf v\u1edbi th\u1eddi gian b\u1ea1n \u0111\u1ecbnh tr\u01b0\u1edbc.<br \/>\nB\u1ea1n ch\u1ec9 c\u1ea7n c\u00e0i \u0111\u1eb7t 1 l\u1ea7n cho c\u00e1c thi\u1ebft b\u1ecb, v\u00e0 timer s\u1ebd l\u00e0m vi\u1ec7c \u0111\u00f3ng m\u1edf \u0111\u00fang th\u1eddi gian b\u1ea1n c\u00e0i \u0111\u1eb7t v\u00e0 b\u1ed9 nh\u1edb c\u1ee7a n\u00f3 s\u1ebd kh\u00f4ng m\u1ea5t \u0111i cho d\u00f9 b\u1ecb c\u00fap \u0111i\u1ec7n (\u0111i\u1ec1u m\u00e0 c\u00e1c b\u1ed9 h\u1eb9n gi\u1edd b\u1eb1ng c\u01a1 kh\u00f4ng l\u00e0m \u0111\u01b0\u1ee3c).<\/p>\n<p><a href=\"http:\/\/maybommini.com\/wp-content\/uploads\/2016\/05\/ban-hen-gio-dien-tu-12v-24v-220v.jpg\" rel=\"attachment wp-att-245230 noopener\" target=\"_blank\"><img decoding=\"async\" class=\"size-large wp-image-245230 aligncenter\" src=\"http:\/\/maybommini.com\/wp-content\/uploads\/2016\/05\/ban-hen-gio-dien-tu-12v-24v-220v-570x1024.jpg\" alt=\"ban-hen-gio-dien-tu-12v-24v-220v\" width=\"570\" height=\"1024\" srcset=\"https:\/\/maybommini.vn\/wp-content\/uploads\/2016\/05\/ban-hen-gio-dien-tu-12v-24v-220v-570x1024.jpg 570w, https:\/\/maybommini.vn\/wp-content\/uploads\/2016\/05\/ban-hen-gio-dien-tu-12v-24v-220v-600x1078.jpg 600w, https:\/\/maybommini.vn\/wp-content\/uploads\/2016\/05\/ban-hen-gio-dien-tu-12v-24v-220v-167x300.jpg 167w, https:\/\/maybommini.vn\/wp-content\/uploads\/2016\/05\/ban-hen-gio-dien-tu-12v-24v-220v.jpg 750w\" sizes=\"(max-width: 570px) 100vw, 570px\" \/><\/a><\/p>\n<p><strong>\u0110\u1eb6C T\u00cdNH K\u1ef8 THU\u1eacT L701 &#8211; 24V<br \/>\n<\/strong>Ngu\u1ed3n \u0111i\u1ec7n: 24V DC\/50Hz<br \/>\nC\u00f4ng su\u1ea5t t\u1ea3i t\u1ee9c th\u1eddi t\u1ed1i \u0111a: 16A, 24V<br \/>\nD\u00e3y \u0111i\u1ec7n \u00e1p l\u00e0m vi\u1ec7c: 24V<br \/>\nC\u00f4ng su\u1ea5t ti\u00eau th\u1ee5: &lt; 1W<br \/>\nC\u00f3 15 b\u1ed9 nh\u1edb c\u00e0i \u0111\u1eb7t ON v\u00e0 15 b\u1ed9 nh\u1edb c\u00e0i \u0111\u1eb7t OFF m\u1ed9t ng\u00e0y.<br \/>\nKho\u1ea3ng c\u00e1ch th\u1eddi gian c\u00e0i \u0111\u1eb7t t\u1eaft\/m\u1edf t\u1ed1i thi\u1ec3u 1 Ph\u00fat<br \/>\nKho\u1ea3ng c\u00e1ch th\u1eddi gian c\u00e0i \u0111\u1eb7t t\u1eaft\/m\u1edf t\u1ed1i \u0111a 168h (1 tu\u1ea7n l\u1ec5).<br \/>\nC\u00f3 pin ch\u1edd khi m\u1ea5t \u0111i\u1ec7n =&gt; kh\u00f4ng b\u1ecb m\u1ea5t b\u1ed9 nh\u1edb h\u1eb9n gi\u1edd.<br \/>\nC\u00f3 th\u1ec3 ch\u1ecdn l\u1ecbch l\u00e0m vi\u1ec7c cho timer trong c\u1ea3 tu\u1ea7n ho\u1eb7c t\u1eebng ng\u00e0y ri\u00eang l\u1ebb trong tu\u1ea7n.<br \/>\nSai s\u1ed1 th\u1eddi gian c\u1ee7a \u0111\u1ed3ng h\u1ed3 chu\u1ea9n tr\u00ean m\u00e1y: kh\u00f4ng qu\u00e1 0.5s\/ng\u00e0y<br \/>\nNhi\u1ec7t \u0111\u1ed9 l\u00e0m vi\u1ec7c: -25 \u0111\u1ed9 C&#8230; 60 \u0111\u1ed9 C<br \/>\n\u0110\u1ed9 \u1ea9m m\u00f4i tr\u01b0\u1eddng l\u00e0m vi\u1ec7c &lt; 95%<br \/>\nM\u00e0n h\u00ecnh: LCD<br \/>\nCh\u1ea5t li\u1ec7u: ABS<br \/>\nTi\u00eau chu\u1ea9n: CE GS<\/p>\n<p><strong>C\u00c1CH C\u00c0I \u0110\u1eb6T TIMER H\u1eb8N GI\u1edc T\u1ef0 \u0110\u1ed8NG<\/strong><\/p>\n<p><a href=\"http:\/\/maybommini.com\/wp-content\/uploads\/2016\/05\/cach-gan-timer-hen-gio.jpg\" rel=\"attachment wp-att-245227 noopener\" target=\"_blank\"><img decoding=\"async\" class=\"size-full wp-image-245227 aligncenter\" src=\"http:\/\/maybommini.com\/wp-content\/uploads\/2016\/05\/cach-gan-timer-hen-gio.jpg\" alt=\"cach-gan-timer-hen-gio\" width=\"750\" height=\"589\" srcset=\"https:\/\/maybommini.vn\/wp-content\/uploads\/2016\/05\/cach-gan-timer-hen-gio.jpg 750w, https:\/\/maybommini.vn\/wp-content\/uploads\/2016\/05\/cach-gan-timer-hen-gio-600x471.jpg 600w, https:\/\/maybommini.vn\/wp-content\/uploads\/2016\/05\/cach-gan-timer-hen-gio-300x236.jpg 300w\" sizes=\"(max-width: 750px) 100vw, 750px\" \/><\/a><\/p>\n<p><strong>MUA TIMER H\u1eb8N GI\u1edc T\u1ef0 \u0110\u1ed8NG \u1ede \u0110\u00c2U ?<br \/>\n<\/strong><strong>CTY TNHH TH\u01af\u01a0NG M\u1ea0I D\u1ecaCH V\u1ee4 \u0110I\u1ec6N M\u00c1Y TH\u00d4NG MINH<\/strong><br \/>\nHotline : 090 729 4310<br \/>\nEmail : maybommini.com@gmail.com<br \/>\nWebsite : http:\/\/maybommini.com<br \/>\nFacebook : <a href=\"https:\/\/www.facebook.com\/maybommini\" target=\"_blank\" rel=\"noopener\">https:\/\/www.facebook.com\/maybommini<\/a><br \/>\nGoogle   : <a href=\"https:\/\/plus.google.com\/ Maybomnuocminiruaxe\" target=\"_blank\" rel=\"noopener\">https:\/\/plus.google.com\/ Maybomnuocminiruaxe<\/a><br \/>\nYoutube demo : <a href=\"https:\/\/www.youtube.com\/bahamasali\" target=\"_blank\" rel=\"noopener\">https:\/\/www.youtube.com\/bahamasali<\/a><\/p>\n<p>&nbsp;<\/p>\n<p><a href=\"http:\/\/maybommini.com\/wp-content\/uploads\/2016\/05\/chung-nhan-tieu-chuan-timer-hen-gio.jpg\" rel=\"attachment wp-att-245229 noopener\" target=\"_blank\"><img decoding=\"async\" class=\"size-full wp-image-245229 aligncenter\" src=\"http:\/\/maybommini.com\/wp-content\/uploads\/2016\/05\/chung-nhan-tieu-chuan-timer-hen-gio.jpg\" alt=\"chung-nhan-tieu-chuan-timer-hen-gio\" width=\"713\" height=\"353\" srcset=\"https:\/\/maybommini.vn\/wp-content\/uploads\/2016\/05\/chung-nhan-tieu-chuan-timer-hen-gio.jpg 713w, https:\/\/maybommini.vn\/wp-content\/uploads\/2016\/05\/chung-nhan-tieu-chuan-timer-hen-gio-600x297.jpg 600w, https:\/\/maybommini.vn\/wp-content\/uploads\/2016\/05\/chung-nhan-tieu-chuan-timer-hen-gio-300x149.jpg 300w\" sizes=\"(max-width: 713px) 100vw, 713px\" \/><\/a><\/p>\n","protected":false},"excerpt":{"rendered":"<p>Ngu\u1ed3n \u0111i\u1ec7n: 24V DC\/50Hz<br \/>\nC\u00f4ng su\u1ea5t t\u1ea3i t\u1ee9c th\u1eddi t\u1ed1i \u0111a: 16A, 24V<br \/>\nD\u00e3y \u0111i\u1ec7n \u00e1p l\u00e0m vi\u1ec7c: 24V<br \/>\nC\u00f4ng su\u1ea5t ti\u00eau th\u1ee5: &lt; 1W<br \/>\nC\u00f3 15 b\u1ed9 nh\u1edb c\u00e0i \u0111\u1eb7t ON v\u00e0 15 b\u1ed9 nh\u1edb c\u00e0i \u0111\u1eb7t OFF m\u1ed9t ng\u00e0y.<br \/>\nKho\u1ea3ng c\u00e1ch th\u1eddi gian c\u00e0i \u0111\u1eb7t t\u1eaft\/m\u1edf t\u1ed1i thi\u1ec3u 1 Ph\u00fat<br \/>\nKho\u1ea3ng c\u00e1ch th\u1eddi gian c\u00e0i \u0111\u1eb7t t\u1eaft\/m\u1edf t\u1ed1i \u0111a 168h (1 tu\u1ea7n l\u1ec5).<br \/>\nC\u00f3 pin ch\u1edd khi m\u1ea5t \u0111i\u1ec7n =&gt; kh\u00f4ng b\u1ecb m\u1ea5t b\u1ed9 nh\u1edb h\u1eb9n gi\u1edd.<br \/>\nC\u00f3 th\u1ec3 ch\u1ecdn l\u1ecbch l\u00e0m vi\u1ec7c cho timer trong c\u1ea3 tu\u1ea7n ho\u1eb7c t\u1eebng ng\u00e0y ri\u00eang l\u1ebb trong tu\u1ea7n.<br \/>\nSai s\u1ed1 th\u1eddi gian c\u1ee7a \u0111\u1ed3ng h\u1ed3 chu\u1ea9n tr\u00ean m\u00e1y: kh\u00f4ng qu\u00e1 0.5s\/ng\u00e0y<br \/>\nNhi\u1ec7t \u0111\u1ed9 l\u00e0m vi\u1ec7c: -25 \u0111\u1ed9 C&#8230; 60 \u0111\u1ed9 C<br \/>\n\u0110\u1ed9 \u1ea9m m\u00f4i tr\u01b0\u1eddng l\u00e0m vi\u1ec7c &lt; 95%<br \/>\nM\u00e0n h\u00ecnh: LCD<br \/>\nCh\u1ea5t li\u1ec7u: ABS<br \/>\nTi\u00eau chu\u1ea9n: CE GS<\/p>\n","protected":false},"featured_media":256263,"comment_status":"open","ping_status":"closed","template":"","meta":[],"product_brand":[],"product_cat":[605,444],"product_tag":[500,488,699,606,607,624,700,701,361,608,609,610,625,611,626,612,474],"class_list":{"0":"post-256114","1":"product","2":"type-product","3":"status-publish","4":"has-post-thumbnail","6":"product_cat-timer-hen-gio","7":"product_cat-phu-kien-phun-suong","8":"product_tag-220v","9":"product_tag-24v","10":"product_tag-cach-cai-dat-timer","11":"product_tag-dien-tu","12":"product_tag-hen-gio","13":"product_tag-hen-gio-tu-dong","14":"product_tag-l701","15":"product_tag-l701-220v","16":"product_tag-may-phun-suong","17":"product_tag-tat-mo-tu-dong-he-thong","18":"product_tag-tiet-kiem-dien","19":"product_tag-timer","20":"product_tag-timer-hen-gio","21":"product_tag-ts-839-eu","22":"product_tag-tu-dong","23":"product_tag-tu-dong-tat-mo","24":"product_tag-tuoi-cay","26":"first","27":"instock","28":"sale","29":"shipping-taxable","30":"purchasable","31":"product-type-simple"},"_links":{"self":[{"href":"https:\/\/maybommini.vn\/index.php?rest_route=\/wp\/v2\/product\/256114","targetHints":{"allow":["GET"]}}],"collection":[{"href":"https:\/\/maybommini.vn\/index.php?rest_route=\/wp\/v2\/product"}],"about":[{"href":"https:\/\/maybommini.vn\/index.php?rest_route=\/wp\/v2\/types\/product"}],"replies":[{"embeddable":true,"href":"https:\/\/maybommini.vn\/index.php?rest_route=%2Fwp%2Fv2%2Fcomments&post=256114"}],"wp:featuredmedia":[{"embeddable":true,"href":"https:\/\/maybommini.vn\/index.php?rest_route=\/wp\/v2\/media\/256263"}],"wp:attachment":[{"href":"https:\/\/maybommini.vn\/index.php?rest_route=%2Fwp%2Fv2%2Fmedia&parent=256114"}],"wp:term":[{"taxonomy":"product_brand","embeddable":true,"href":"https:\/\/maybommini.vn\/index.php?rest_route=%2Fwp%2Fv2%2Fproduct_brand&post=256114"},{"taxonomy":"product_cat","embeddable":true,"href":"https:\/\/maybommini.vn\/index.php?rest_route=%2Fwp%2Fv2%2Fproduct_cat&post=256114"},{"taxonomy":"product_tag","embeddable":true,"href":"https:\/\/maybommini.vn\/index.php?rest_route=%2Fwp%2Fv2%2Fproduct_tag&post=256114"}],"curies":[{"name":"wp","href":"https:\/\/api.w.org\/{rel}","templated":true}]}}