{"id":256146,"date":"2018-04-12T19:30:02","date_gmt":"2018-04-12T12:30:02","guid":{"rendered":"https:\/\/maybommini.com\/san-pham\/import-placeholder-for-252426"},"modified":"2018-05-14T00:46:49","modified_gmt":"2018-05-13T17:46:49","slug":"noi-ong-nhanh-duoi-cai","status":"publish","type":"product","link":"https:\/\/maybommini.vn\/?product=noi-ong-nhanh-duoi-cai","title":{"rendered":"N\u1ed1i \u1ed1ng nhanh &#8211; \u0111u\u00f4i c\u00e1i"},"content":{"rendered":"<p><strong>N\u1ed1i \u1ed1ng nhanh \u0111u\u00f4i c\u00e1i d\u00f9ng \u0111\u1ec3 k\u1ebft n\u1ed1i \u1ed1ng n\u01b0\u1edbc v\u00e0o c\u00e1c v\u00f2i n\u01b0\u1edbc t\u1ea1i nh\u00e0 th\u1eadt ti\u1ec7n d\u1ee5ng v\u00e0 nanh ch\u1ed1ng \u0111\u1ec3 t\u01b0\u1edbi c\u00e2u, m\u00e1y b\u01a1m n\u01b0\u1edbc, &#8230;<\/strong><\/p>\n<p><a href=\"http:\/\/maybommini.com\/wp-content\/uploads\/2016\/05\/noi-ong-nhanh-duoi-cai.jpg\" rel=\"attachment wp-att-245242 noopener\" target=\"_blank\"><img decoding=\"async\" class=\"size-large wp-image-245242 aligncenter\" src=\"http:\/\/maybommini.com\/wp-content\/uploads\/2016\/05\/noi-ong-nhanh-duoi-cai.jpg\" alt=\"noi-ong-nhanh-duoi-cai\" width=\"497\" height=\"380\" srcset=\"https:\/\/maybommini.vn\/wp-content\/uploads\/2016\/05\/noi-ong-nhanh-duoi-cai.jpg 497w, https:\/\/maybommini.vn\/wp-content\/uploads\/2016\/05\/noi-ong-nhanh-duoi-cai-300x229.jpg 300w\" sizes=\"(max-width: 497px) 100vw, 497px\" \/><\/a> <a href=\"http:\/\/maybommini.com\/wp-content\/uploads\/2016\/05\/noi-ong-nhanh-duoi-cai-12mm.jpg\" rel=\"attachment wp-att-245243 noopener\" target=\"_blank\"><img decoding=\"async\" class=\"size-large wp-image-245243 aligncenter\" src=\"http:\/\/maybommini.com\/wp-content\/uploads\/2016\/05\/noi-ong-nhanh-duoi-cai-12mm.jpg\" alt=\"noi-ong-nhanh-duoi-cai-12mm\" width=\"668\" height=\"336\" srcset=\"https:\/\/maybommini.vn\/wp-content\/uploads\/2016\/05\/noi-ong-nhanh-duoi-cai-12mm.jpg 668w, https:\/\/maybommini.vn\/wp-content\/uploads\/2016\/05\/noi-ong-nhanh-duoi-cai-12mm-600x302.jpg 600w, https:\/\/maybommini.vn\/wp-content\/uploads\/2016\/05\/noi-ong-nhanh-duoi-cai-12mm-300x151.jpg 300w\" sizes=\"(max-width: 668px) 100vw, 668px\" \/><\/a><\/p>\n<p><a href=\"http:\/\/maybommini.com\/wp-content\/uploads\/2016\/05\/ong-day-xit-rua-xe-tuoi-cay.jpg\" rel=\"attachment wp-att-245245 noopener\" target=\"_blank\"><img decoding=\"async\" class=\"size-full wp-image-245245 aligncenter\" src=\"http:\/\/maybommini.com\/wp-content\/uploads\/2016\/05\/ong-day-xit-rua-xe-tuoi-cay.jpg\" alt=\"ong-day-xit-rua-xe-tuoi-cay\" width=\"584\" height=\"510\" srcset=\"https:\/\/maybommini.vn\/wp-content\/uploads\/2016\/05\/ong-day-xit-rua-xe-tuoi-cay.jpg 584w, https:\/\/maybommini.vn\/wp-content\/uploads\/2016\/05\/ong-day-xit-rua-xe-tuoi-cay-300x262.jpg 300w\" sizes=\"(max-width: 584px) 100vw, 584px\" \/><\/a><\/p>\n<p>\u0110\u01b0\u1ee3c thi\u1ebft k\u1ebf cho ph\u00e9p n\u1ed1i nhanh c\u00e1c lo\u1ea1i v\u00f2i n\u01b0\u1edbc t\u1ea1i gia \u0111\u00ecnh v\u00e0 g\u1eafn ch\u1eb7c b\u1eb1ng kh\u00f3a c\u1ed5 d\u00ea nhanh ch\u1ed1ng.<\/p>\n<p><a href=\"https:\/\/maybommini.com\/wp-content\/uploads\/2018\/04\/duoi-noi-nhanh-cai-1.jpg\" target=\"_blank\" rel=\"noopener\"><img decoding=\"async\" class=\"size-full wp-image-258505 aligncenter\" src=\"https:\/\/maybommini.com\/wp-content\/uploads\/2018\/04\/duoi-noi-nhanh-cai-1.jpg\" alt=\"Duoi Noi Nhanh Cai\" width=\"750\" height=\"750\" srcset=\"https:\/\/maybommini.vn\/wp-content\/uploads\/2018\/04\/duoi-noi-nhanh-cai-1.jpg 750w, https:\/\/maybommini.vn\/wp-content\/uploads\/2018\/04\/duoi-noi-nhanh-cai-1-300x300.jpg 300w, https:\/\/maybommini.vn\/wp-content\/uploads\/2018\/04\/duoi-noi-nhanh-cai-1-150x150.jpg 150w, https:\/\/maybommini.vn\/wp-content\/uploads\/2018\/04\/duoi-noi-nhanh-cai-1-600x600.jpg 600w\" sizes=\"(max-width: 750px) 100vw, 750px\" \/><\/a><\/p>\n<h3 style=\"text-align: center;\">N\u1ed1i \u1ed1ng nhanh &#8211; \u0111u\u00f4i c\u00e1i<\/h3>\n","protected":false},"excerpt":{"rendered":"<p>N\u1ed1i \u1ed1ng nhanh \u0111u\u00f4i c\u00e1i<br \/>\nLo\u1ea1i: \u0111u\u00f4i c\u00e1o n\u1ed1i nhanh<br \/>\nCh\u1ea5t li\u1ec7u: nh\u1ef1a ABS<br \/>\n\u0110\u01b0\u1eddng k\u00edn \u1ed1ng : 12 mm<\/p>\n","protected":false},"featured_media":258505,"comment_status":"open","ping_status":"closed","template":"","meta":[],"product_brand":[],"product_cat":[2034,215],"product_tag":[702,662,518,663,548,664,665],"class_list":{"0":"post-256146","1":"product","2":"type-product","3":"status-publish","4":"has-post-thumbnail","6":"product_cat-ong-day","7":"product_cat-phu-kien-xit-rua-ap-luc","8":"product_tag-duoi-cai","9":"product_tag-duoi-duc","10":"product_tag-noi-nhanh","11":"product_tag-noi-ong","12":"product_tag-noi-ong-nhanh","13":"product_tag-romine","14":"product_tag-voi-romine","16":"first","17":"instock","18":"shipping-taxable","19":"purchasable","20":"product-type-simple"},"_links":{"self":[{"href":"https:\/\/maybommini.vn\/index.php?rest_route=\/wp\/v2\/product\/256146","targetHints":{"allow":["GET"]}}],"collection":[{"href":"https:\/\/maybommini.vn\/index.php?rest_route=\/wp\/v2\/product"}],"about":[{"href":"https:\/\/maybommini.vn\/index.php?rest_route=\/wp\/v2\/types\/product"}],"replies":[{"embeddable":true,"href":"https:\/\/maybommini.vn\/index.php?rest_route=%2Fwp%2Fv2%2Fcomments&post=256146"}],"wp:featuredmedia":[{"embeddable":true,"href":"https:\/\/maybommini.vn\/index.php?rest_route=\/wp\/v2\/media\/258505"}],"wp:attachment":[{"href":"https:\/\/maybommini.vn\/index.php?rest_route=%2Fwp%2Fv2%2Fmedia&parent=256146"}],"wp:term":[{"taxonomy":"product_brand","embeddable":true,"href":"https:\/\/maybommini.vn\/index.php?rest_route=%2Fwp%2Fv2%2Fproduct_brand&post=256146"},{"taxonomy":"product_cat","embeddable":true,"href":"https:\/\/maybommini.vn\/index.php?rest_route=%2Fwp%2Fv2%2Fproduct_cat&post=256146"},{"taxonomy":"product_tag","embeddable":true,"href":"https:\/\/maybommini.vn\/index.php?rest_route=%2Fwp%2Fv2%2Fproduct_tag&post=256146"}],"curies":[{"name":"wp","href":"https:\/\/api.w.org\/{rel}","templated":true}]}}