{"id":256147,"date":"2018-04-12T19:30:02","date_gmt":"2018-04-12T12:30:02","guid":{"rendered":"https:\/\/maybommini.com\/san-pham\/import-placeholder-for-252427"},"modified":"2025-12-03T22:13:17","modified_gmt":"2025-12-03T15:13:17","slug":"may-bom-chim-220v-hqb-2000","status":"publish","type":"product","link":"https:\/\/maybommini.vn\/?product=may-bom-chim-220v-hqb-2000","title":{"rendered":"M\u00e1y b\u01a1m ch\u00ecm 220V 24W 1400L SUNSUN HQB-2000"},"content":{"rendered":"<h3><strong>M\u00e1y b\u01a1m ch\u00ecm HQB-2000 l\u00e0 lo\u1ea1i m\u00e1y b\u01a1m ch\u00ecm chuy\u00ean d\u1ee5ng\u00a0\u0111\u1ec3 b\u01a1m ch\u1ea5t th\u1ea3i, n\u01b0\u1edbc h\u1ed3 c\u00e1, b\u01a1m n\u01b0\u1edbc h\u00f2n non b\u1ed9.\u00a0\u0110\u00e2y l\u00e0 lo\u1ea1i <a href=\"https:\/\/maybommini.com\/danh-muc\/may-bom-chim\" target=\"_blank\" rel=\"noopener\">m\u00e1y b\u01a1m ch\u00ecm<\/a> c\u00f3 c\u00f4ng su\u1ea5t kh\u00e1 l\u1edbn v\u00e0 l\u01b0u l\u01b0\u1ee3ng b\u01a1m m\u1ea1nh\u00a0\u0111\u1ea1t 1400L\/H.<\/strong><\/h3>\n<p><a href=\"https:\/\/maybommini.com\/wp-content\/uploads\/2018\/04\/bom-nuoc-chim-HQB-2000.jpg\" target=\"_blank\" rel=\"noopener\"><img decoding=\"async\" class=\"size-full wp-image-259720 aligncenter\" src=\"https:\/\/maybommini.com\/wp-content\/uploads\/2018\/04\/bom-nuoc-chim-HQB-2000.jpg\" alt=\"Bom Nuoc Chim HQB 2000\" width=\"820\" height=\"820\" srcset=\"https:\/\/maybommini.vn\/wp-content\/uploads\/2018\/04\/bom-nuoc-chim-HQB-2000.jpg 820w, https:\/\/maybommini.vn\/wp-content\/uploads\/2018\/04\/bom-nuoc-chim-HQB-2000-300x300.jpg 300w, https:\/\/maybommini.vn\/wp-content\/uploads\/2018\/04\/bom-nuoc-chim-HQB-2000-150x150.jpg 150w, https:\/\/maybommini.vn\/wp-content\/uploads\/2018\/04\/bom-nuoc-chim-HQB-2000-600x600.jpg 600w\" sizes=\"(max-width: 820px) 100vw, 820px\" \/><\/a><\/p>\n<p><strong>TH\u00d4NG S\u1ed0 K\u1ef8 THU\u1eacT<br \/>\n<\/strong>Model:\u00a0HQB-2000<br \/>\n\u0110i\u1ec7n th\u1ebf: 220V<br \/>\nC\u00f4ng su\u1ea5t b\u01a1m: 24W<br \/>\nL\u01b0u l\u01b0\u1ee3ng b\u01a1m: 1400 L\/H<br \/>\n\u1ed0ng ra: 16mm<br \/>\nB\u01a1m cao: 1.8 met<br \/>\nCh\u00ecm s\u00e2u t\u1ed1i \u0111a: 2 met<br \/>\nMotor : Kh\u00f4ng ch\u1ed5i than<br \/>\nCh\u1ea5t li\u1ec7u: \u0110\u1ed3ng \u2013 Nh\u1ef1a ABS<br \/>\nTi\u00eau chu\u1ea9n kh\u00e1n n\u01b0\u1edbc: IPX8<br \/>\nTr\u1ecdng l\u01b0\u1ee3ng: 0.8 Kg<br \/>\nTi\u00eau chu\u1ea9n Ch\u00e2u \u00c2u : CE<br \/>\nHo\u1ea1t \u0111\u1ed9ng y\u00ean t\u0129nh.<br \/>\nCh\u1ea1y li\u00ean t\u1ee5c 24\/24 t\u1ed1t.<br \/>\nTi\u1ebft ki\u1ec7m \u0111i\u1ec7n.<br \/>\nT\u00ecnh tr\u1ea1ng: H\u00e0ng m\u1edbi 100%<br \/>\nKh\u1eb3ng \u0111\u1ecbnh \u0111\u1ed9 an to\u00e0n, ch\u1ea5t l\u01b0\u1ee3ng s\u1ea3n ph\u1ea9m v\u1edbi ng\u01b0\u1eddi ti\u00eau dung.<br \/>\nB\u1ea3o h\u00e0ng: 3 th\u00e1ng<br \/>\nPh\u00e2n ph\u1ed1i:\u00a0<a href=\"https:\/\/maybomminimbm.vn\/\" target=\"_blank\" rel=\"noopener\">M\u00e1y B\u01a1m Mini MBM<\/a><br \/>\nTel: 0907294310<\/p>\n<p><a href=\"https:\/\/maybommini.com\/wp-content\/uploads\/2018\/04\/thong-so-ky-thuat-may-bom-chim-HQB-3.jpg\" target=\"_blank\" rel=\"noopener\"><img decoding=\"async\" class=\"size-full wp-image-259730 aligncenter\" src=\"https:\/\/maybommini.com\/wp-content\/uploads\/2018\/04\/thong-so-ky-thuat-may-bom-chim-HQB-3.jpg\" alt=\"Thong So Ky Thuat May Bom Chim HQB\" width=\"820\" height=\"820\" srcset=\"https:\/\/maybommini.vn\/wp-content\/uploads\/2018\/04\/thong-so-ky-thuat-may-bom-chim-HQB-3.jpg 820w, https:\/\/maybommini.vn\/wp-content\/uploads\/2018\/04\/thong-so-ky-thuat-may-bom-chim-HQB-3-300x300.jpg 300w, https:\/\/maybommini.vn\/wp-content\/uploads\/2018\/04\/thong-so-ky-thuat-may-bom-chim-HQB-3-150x150.jpg 150w, https:\/\/maybommini.vn\/wp-content\/uploads\/2018\/04\/thong-so-ky-thuat-may-bom-chim-HQB-3-600x600.jpg 600w\" sizes=\"(max-width: 820px) 100vw, 820px\" \/><\/a><a href=\"https:\/\/maybommini.com\/wp-content\/uploads\/2018\/04\/may-bom-khong-choi-than-HQB.jpg\" target=\"_blank\" rel=\"noopener\"><img decoding=\"async\" class=\"size-full wp-image-259724 aligncenter\" src=\"https:\/\/maybommini.com\/wp-content\/uploads\/2018\/04\/may-bom-khong-choi-than-HQB.jpg\" alt=\"May Bom Khong Choi Than HQB\" width=\"820\" height=\"820\" srcset=\"https:\/\/maybommini.vn\/wp-content\/uploads\/2018\/04\/may-bom-khong-choi-than-HQB.jpg 820w, https:\/\/maybommini.vn\/wp-content\/uploads\/2018\/04\/may-bom-khong-choi-than-HQB-300x300.jpg 300w, https:\/\/maybommini.vn\/wp-content\/uploads\/2018\/04\/may-bom-khong-choi-than-HQB-150x150.jpg 150w, https:\/\/maybommini.vn\/wp-content\/uploads\/2018\/04\/may-bom-khong-choi-than-HQB-600x600.jpg 600w, https:\/\/maybommini.vn\/wp-content\/uploads\/2018\/04\/may-bom-khong-choi-than-HQB-768x768.jpg 768w\" sizes=\"(max-width: 820px) 100vw, 820px\" \/><\/a><\/p>\n<p><strong>H\u01af\u1edaNG D\u1ea8N S\u1eec D\u1ee4NG M\u00c1Y B\u01a0M N\u01af\u1edaC CH\u00ccM<\/strong><br \/>\n&#8211; D\u00f9ng m\u00e1y b\u01a1m \u0111\u1eb7t trong n\u01b0\u1edbc.<br \/>\n&#8211; K\u1ebft n\u1ed1i \u1ed1ng d\u1eabn n\u01b0\u1edbc ra ngo\u00e0i.<br \/>\n&#8211; C\u1ea5m ngu\u1ed3n \u0111i\u1ec7n.<br \/>\n&#8211; Th\u00e1o r\u1ed3i \u0111\u1ea7u l\u1ecdc l\u01b0\u1edbi l\u1ecdc \u0111\u1ec3 v\u1ec7 sinh khi d\u00f9ng th\u1eddi gian d\u00e0i.<br \/>\n&#8211; Tr\u00e1nh kh\u00f4ng \u0111\u01b0\u1ee3c b\u01a1m kh\u00f4 khi c\u1ea1n n\u01b0\u1edbc.<br \/>\n&#8211; M\u00e1y c\u00f3 th\u1ec3 ch\u1ea1y ho\u1ea1t \u0111\u1ed9ng li\u00ean t\u1ee5c 24\/24 kh\u00f4ng c\u1ea7n ngh\u1ec9.<br \/>\n&#8211; C\u00f3 th\u1ec1 b\u01a1m \u0111\u01b0\u1ee3c c\u1eadn b\u1ea9n.<br \/>\n&#8211; Kh\u00f4ng d\u00f9ng b\u01a1m ho\u00e1 ch\u1ea5t c\u00f3 t\u00ednh axit, x\u0103ng d\u1ea7u nh\u1edbt.<\/p>\n<p><a href=\"https:\/\/maybommini.com\/wp-content\/uploads\/2018\/04\/su-dung-may-bom-nuoc-ngap.jpg\" target=\"_blank\" rel=\"noopener\"><img decoding=\"async\" class=\"size-full wp-image-259729 aligncenter\" src=\"https:\/\/maybommini.com\/wp-content\/uploads\/2018\/04\/su-dung-may-bom-nuoc-ngap.jpg\" alt=\"Su Dung May Bom Nuoc Ngap\" width=\"820\" height=\"820\" srcset=\"https:\/\/maybommini.vn\/wp-content\/uploads\/2018\/04\/su-dung-may-bom-nuoc-ngap.jpg 820w, https:\/\/maybommini.vn\/wp-content\/uploads\/2018\/04\/su-dung-may-bom-nuoc-ngap-300x300.jpg 300w, https:\/\/maybommini.vn\/wp-content\/uploads\/2018\/04\/su-dung-may-bom-nuoc-ngap-150x150.jpg 150w, https:\/\/maybommini.vn\/wp-content\/uploads\/2018\/04\/su-dung-may-bom-nuoc-ngap-600x600.jpg 600w\" sizes=\"(max-width: 820px) 100vw, 820px\" \/><\/a> <a href=\"https:\/\/maybommini.com\/wp-content\/uploads\/2018\/04\/may-bom-hon-non-bo-be-ca.jpg\" target=\"_blank\" rel=\"noopener\"><img decoding=\"async\" class=\"size-full wp-image-259723 aligncenter\" src=\"https:\/\/maybommini.com\/wp-content\/uploads\/2018\/04\/may-bom-hon-non-bo-be-ca.jpg\" alt=\"May Bom Hon Non Bo Be Ca\" width=\"820\" height=\"820\" srcset=\"https:\/\/maybommini.vn\/wp-content\/uploads\/2018\/04\/may-bom-hon-non-bo-be-ca.jpg 820w, https:\/\/maybommini.vn\/wp-content\/uploads\/2018\/04\/may-bom-hon-non-bo-be-ca-300x300.jpg 300w, https:\/\/maybommini.vn\/wp-content\/uploads\/2018\/04\/may-bom-hon-non-bo-be-ca-150x150.jpg 150w, https:\/\/maybommini.vn\/wp-content\/uploads\/2018\/04\/may-bom-hon-non-bo-be-ca-600x600.jpg 600w, https:\/\/maybommini.vn\/wp-content\/uploads\/2018\/04\/may-bom-hon-non-bo-be-ca-768x768.jpg 768w\" sizes=\"(max-width: 820px) 100vw, 820px\" \/><\/a> <a href=\"https:\/\/maybommini.com\/wp-content\/uploads\/2018\/04\/may-bom-nuoc-chay-lien-tuc.jpg\" target=\"_blank\" rel=\"noopener\"><img decoding=\"async\" class=\"size-full wp-image-259725 aligncenter\" src=\"https:\/\/maybommini.com\/wp-content\/uploads\/2018\/04\/may-bom-nuoc-chay-lien-tuc.jpg\" alt=\"May Bom Nuoc Chay Lien Tuc\" width=\"820\" height=\"820\" srcset=\"https:\/\/maybommini.vn\/wp-content\/uploads\/2018\/04\/may-bom-nuoc-chay-lien-tuc.jpg 820w, https:\/\/maybommini.vn\/wp-content\/uploads\/2018\/04\/may-bom-nuoc-chay-lien-tuc-300x300.jpg 300w, https:\/\/maybommini.vn\/wp-content\/uploads\/2018\/04\/may-bom-nuoc-chay-lien-tuc-150x150.jpg 150w, https:\/\/maybommini.vn\/wp-content\/uploads\/2018\/04\/may-bom-nuoc-chay-lien-tuc-600x600.jpg 600w\" sizes=\"(max-width: 820px) 100vw, 820px\" \/><\/a><\/p>\n<p><strong>\u1ee8NG D\u1ee4NG M\u00c1Y B\u01a0M CH\u00ccM<\/strong><strong><br \/>\n<\/strong>D\u00f9ng\u00a0\u0111\u1ec3 b\u01a1m ch\u1ea5t th\u1ea3i.<br \/>\nM\u00e1y b\u01a1m h\u00f2n non b\u1ed9.<br \/>\nM\u00e1y b\u01a1m h\u1ed3 c\u00e1.<br \/>\nM\u00e1y b\u01a1m l\u1ecdc n\u01b0\u1edbc h\u1ed3 c\u00e1.<br \/>\nM\u00e1y b\u01a1m n\u01b0\u1edbc tu\u1ea7n ho\u00e0n.<br \/>\nB\u01a1m n\u01b0\u1edbc ng\u1eadp trong nh\u00e0.<br \/>\nB\u01a1m c\u1ea5p n\u01b0\u1edbc v\u00e0o b\u1ec3 ch\u1ee9a.<br \/>\nD\u00f9ng b\u01a1m n\u01b0\u1edbc thu\u1ef7 canh.<br \/>\nB\u01a1m n\u01b0\u1edbc b\u1ec3 c\u00e1 nu\u00f4i.<br \/>\nD\u00f9ng b\u01a1m n\u01b0\u1edbc ng\u1eadp, n\u01b0\u1edbc m\u01b0a.<br \/>\nD\u00f9ng l\u00e0m m\u00e1y b\u01a1m tr\u1ed9n ho\u00e1 ch\u1ea5t, ph\u00e2n b\u00f3n thu\u1ed1c s\u00e2u.<br \/>\nM\u00e1y b\u01a1m d\u00f9ng trong h\u1ec7 th\u1ed1ng t\u01b0\u1edbi c\u1ea5p n\u01b0\u1edbc.<\/p>\n<p><a href=\"https:\/\/maybommini.com\/wp-content\/uploads\/2018\/04\/may-bom-nuoc-chim-220v-cao-cap.jpg\" target=\"_blank\" rel=\"noopener\"><img decoding=\"async\" class=\"size-full wp-image-259727 aligncenter\" src=\"https:\/\/maybommini.com\/wp-content\/uploads\/2018\/04\/may-bom-nuoc-chim-220v-cao-cap.jpg\" alt=\"May Bom Nuoc Chim 220v Cao Cap\" width=\"820\" height=\"820\" srcset=\"https:\/\/maybommini.vn\/wp-content\/uploads\/2018\/04\/may-bom-nuoc-chim-220v-cao-cap.jpg 820w, https:\/\/maybommini.vn\/wp-content\/uploads\/2018\/04\/may-bom-nuoc-chim-220v-cao-cap-300x300.jpg 300w, https:\/\/maybommini.vn\/wp-content\/uploads\/2018\/04\/may-bom-nuoc-chim-220v-cao-cap-150x150.jpg 150w, https:\/\/maybommini.vn\/wp-content\/uploads\/2018\/04\/may-bom-nuoc-chim-220v-cao-cap-600x600.jpg 600w\" sizes=\"(max-width: 820px) 100vw, 820px\" \/><\/a> <a href=\"https:\/\/maybommini.com\/wp-content\/uploads\/2018\/04\/may-bom-thac-nuoc-gia-re.jpg\" target=\"_blank\" rel=\"noopener\"><img decoding=\"async\" class=\"size-full wp-image-259728 aligncenter\" src=\"https:\/\/maybommini.com\/wp-content\/uploads\/2018\/04\/may-bom-thac-nuoc-gia-re.jpg\" alt=\"May Bom Thac Nuoc Gia Re\" width=\"820\" height=\"820\" srcset=\"https:\/\/maybommini.vn\/wp-content\/uploads\/2018\/04\/may-bom-thac-nuoc-gia-re.jpg 820w, https:\/\/maybommini.vn\/wp-content\/uploads\/2018\/04\/may-bom-thac-nuoc-gia-re-300x300.jpg 300w, https:\/\/maybommini.vn\/wp-content\/uploads\/2018\/04\/may-bom-thac-nuoc-gia-re-150x150.jpg 150w, https:\/\/maybommini.vn\/wp-content\/uploads\/2018\/04\/may-bom-thac-nuoc-gia-re-600x600.jpg 600w\" sizes=\"(max-width: 820px) 100vw, 820px\" \/><\/a><strong>MUA M\u00c1Y B\u01a0M N\u01af\u1edaC CH\u00ccM\u00a0<\/strong><strong>\u1ede \u0110\u00c2U ?<br \/>\n<\/strong>M\u1ecdi chi ti\u1ebft vui l\u00f2ng li\u00ean h\u1ec7 tr\u1ef1c ti\u1ebfp cho ch\u00fang t\u00f4i \u0111\u1ec3 \u0111\u01b0\u1ee3c t\u01b0 v\u1ea5n theo nhu c\u1ea7u \u0111\u1ec3 c\u00f3 \u0111\u01b0\u1ee3c b\u1ed9 s\u1ea3n ph\u1ea9m t\u1ed1t nh\u1ea5t v\u00e0 ti\u1ebft ki\u1ec7m.\u00a0B\u1ea1n \u1edf xa v\u1eabn c\u00f3 th\u1ec3 mua h\u00e0ng v\u00e0 giao h\u00e0ng <a title=\"thanh to\u00e1n\" href=\"http:\/\/maybommini.com\/thanh-toan\" target=\"_blank\" rel=\"noopener\">thanh to\u00e1n<\/a> ti\u1ec1n t\u1ea1i nh\u00e0.<br \/>\nKh\u00f4ng th\u1ec3 s\u1eed d\u1ee5ng b\u01a1m c\u00e1c n\u01b0\u1edbc ch\u1ea5t ki\u1ec1m, \u0103n m\u00f2n, ax\u00edt,&#8230; C\u00f3 th\u1ec3 g\u00e2y h\u1ea1i ch\u00e1y m\u00e1y b\u01a1m.<\/p>\n<p><a href=\"https:\/\/maybommini.com\/wp-content\/uploads\/2018\/04\/cung-cap-phan-phoi-may-bom-chim-12v-24v-220v.jpg\" target=\"_blank\" rel=\"noopener\"><img decoding=\"async\" class=\"size-full wp-image-259721 aligncenter\" src=\"https:\/\/maybommini.com\/wp-content\/uploads\/2018\/04\/cung-cap-phan-phoi-may-bom-chim-12v-24v-220v.jpg\" alt=\"Cung Cap Phan Phoi May Bom Chim 12v 24v 220v\" width=\"820\" height=\"820\" srcset=\"https:\/\/maybommini.vn\/wp-content\/uploads\/2018\/04\/cung-cap-phan-phoi-may-bom-chim-12v-24v-220v.jpg 820w, https:\/\/maybommini.vn\/wp-content\/uploads\/2018\/04\/cung-cap-phan-phoi-may-bom-chim-12v-24v-220v-300x300.jpg 300w, https:\/\/maybommini.vn\/wp-content\/uploads\/2018\/04\/cung-cap-phan-phoi-may-bom-chim-12v-24v-220v-150x150.jpg 150w, https:\/\/maybommini.vn\/wp-content\/uploads\/2018\/04\/cung-cap-phan-phoi-may-bom-chim-12v-24v-220v-600x600.jpg 600w, https:\/\/maybommini.vn\/wp-content\/uploads\/2018\/04\/cung-cap-phan-phoi-may-bom-chim-12v-24v-220v-768x768.jpg 768w\" sizes=\"(max-width: 820px) 100vw, 820px\" \/><\/a><\/p>\n<p><strong>CTY TNHH TH\u01af\u01a0NG M\u1ea0I D\u1ecaCH V\u1ee4 \u0110I\u1ec6N M\u00c1Y TH\u00d4NG MINH<\/strong><br \/>\nHotline : 090 729 4310<br \/>\nEmail : maybommini.com@gmail.com<br \/>\nWebsite : https:\/\/maybommini.com<br \/>\nFacebook :\u00a0<a href=\"https:\/\/www.facebook.com\/maybommini\" target=\"_blank\" rel=\"noopener\">https:\/\/www.facebook.com\/maybommini<\/a><br \/>\nGoogle :\u00a0<a href=\"https:\/\/plus.google.com\/%20Maybomnuocminiruaxe\" target=\"_blank\" rel=\"noopener\">https:\/\/plus.google.com\/ Maybomnuocminiruaxe<\/a><br \/>\nYoutube demo :\u00a0<a href=\"https:\/\/www.youtube.com\/bahamasali\" target=\"_blank\" rel=\"noopener\">https:\/\/www.youtube.com\/bahamasali<\/a>ali<\/p>\n<p><a href=\"https:\/\/maybommini.com\/wp-content\/uploads\/2017\/10\/may-bom-mini-shop-ban-hang-uy-tin.jpg\" target=\"_blank\" rel=\"noopener\"><img decoding=\"async\" class=\"size-full wp-image-249726 aligncenter\" src=\"https:\/\/maybommini.com\/wp-content\/uploads\/2017\/10\/may-bom-mini-shop-ban-hang-uy-tin.jpg\" alt=\"May Bom Mini Shop Ban Hang Uy Tin\" width=\"570\" height=\"140\" srcset=\"https:\/\/maybommini.vn\/wp-content\/uploads\/2017\/10\/may-bom-mini-shop-ban-hang-uy-tin.jpg 570w, https:\/\/maybommini.vn\/wp-content\/uploads\/2017\/10\/may-bom-mini-shop-ban-hang-uy-tin-300x74.jpg 300w\" sizes=\"(max-width: 570px) 100vw, 570px\" \/><\/a><\/p>\n<h3 style=\"text-align: center;\"><strong>M\u00c1Y B\u01a0M N\u01af\u1edaC CH\u00ccM H\u1ed2 C\u00c1 H\u00d2N NON B\u1ed8 THU\u1ef6 CANH N\u01af\u1edaC TH\u1ea2I<br \/>\nM\u00e1y b\u01a1m ch\u00ecm 220V 24W 1400L SUNSUN HQB-2000<br \/>\n<\/strong><\/h3>\n","protected":false},"excerpt":{"rendered":"<p>Model:\u00a0HQB-2000<br \/>\n\u0110i\u1ec7n th\u1ebf: 220V<br \/>\nC\u00f4ng su\u1ea5t b\u01a1m: 24W<br \/>\nL\u01b0u l\u01b0\u1ee3ng b\u01a1m: 1400 L\/H<br \/>\n\u1ed0ng ra: 16mm<br \/>\nB\u01a1m cao: 1.8 met<br \/>\nCh\u00ecm s\u00e2u t\u1ed1i \u0111a: 2 met<br \/>\nMotor : Kh\u00f4ng ch\u1ed5i than<br \/>\nCh\u1ea5t li\u1ec7u: \u0110\u1ed3ng \u2013 Nh\u1ef1a ABS<br \/>\nTi\u00eau chu\u1ea9n kh\u00e1n n\u01b0\u1edbc: IPX8<br \/>\nTr\u1ecdng l\u01b0\u1ee3ng: 0.8 Kg<br \/>\nTi\u00eau chu\u1ea9n Ch\u00e2u \u00c2u : CE<br \/>\nHo\u1ea1t \u0111\u1ed9ng y\u00ean t\u0129nh.<br \/>\nCh\u1ea1y li\u00ean t\u1ee5c 24\/24 t\u1ed1t.<br \/>\nTi\u1ebft ki\u1ec7m \u0111i\u1ec7n.<br \/>\nT\u00ecnh tr\u1ea1ng: H\u00e0ng m\u1edbi 100%<br \/>\nB\u1ea3o h\u00e0nh: 3 th\u00e1ng<br \/>\nPh\u00e2n ph\u1ed1i: Maybommini.com<br \/>\nH\u00f4\u0309 tr\u01a1\u0323 ky\u0303 thu\u00e2\u0323t vi\u0303nh vi\u00ea\u0303n.<br \/>\n<strong>T\u01af V\u1ea4N K\u1ef8 THU\u1eacT \u2013 MUA H\u00c0NG<br \/>\nMUA S\u1ed0 L\u01af\u1ee2NG C\u00d3 GI\u00c1 S\u1ec8<\/strong><br \/>\n0908997823 \u2013 0908997872<br \/>\n0907294310 \u2013 02873030399<\/p>\n","protected":false},"featured_media":259720,"comment_status":"open","ping_status":"closed","template":"","meta":[],"product_brand":[2362],"product_cat":[775,381],"product_tag":[703,704,500,391,705,392,393,235,706,629,707,2388,389,231,394,2334],"class_list":{"0":"post-256147","1":"product","2":"type-product","3":"status-publish","4":"has-post-thumbnail","6":"product_brand-sunsun","7":"product_cat-may-bom-chim-220v","8":"product_cat-may-bom-chim","9":"product_tag-1400l","10":"product_tag-2000l","11":"product_tag-220v","12":"product_tag-bom-chat-thai","13":"product_tag-bom-chim","14":"product_tag-bom-chim-12v","15":"product_tag-bom-chim-24v","16":"product_tag-bom-nuoc-mini","17":"product_tag-ho-ca","18":"product_tag-hon-non-bo","19":"product_tag-hqb","20":"product_tag-hqb-2000","21":"product_tag-may-bom-chim","22":"product_tag-may-bom-mini","23":"product_tag-may-bom-tuoi","24":"product_tag-sunsun","26":"first","27":"instock","28":"sale","29":"featured","30":"shipping-taxable","31":"purchasable","32":"product-type-simple"},"_links":{"self":[{"href":"https:\/\/maybommini.vn\/index.php?rest_route=\/wp\/v2\/product\/256147","targetHints":{"allow":["GET"]}}],"collection":[{"href":"https:\/\/maybommini.vn\/index.php?rest_route=\/wp\/v2\/product"}],"about":[{"href":"https:\/\/maybommini.vn\/index.php?rest_route=\/wp\/v2\/types\/product"}],"replies":[{"embeddable":true,"href":"https:\/\/maybommini.vn\/index.php?rest_route=%2Fwp%2Fv2%2Fcomments&post=256147"}],"wp:featuredmedia":[{"embeddable":true,"href":"https:\/\/maybommini.vn\/index.php?rest_route=\/wp\/v2\/media\/259720"}],"wp:attachment":[{"href":"https:\/\/maybommini.vn\/index.php?rest_route=%2Fwp%2Fv2%2Fmedia&parent=256147"}],"wp:term":[{"taxonomy":"product_brand","embeddable":true,"href":"https:\/\/maybommini.vn\/index.php?rest_route=%2Fwp%2Fv2%2Fproduct_brand&post=256147"},{"taxonomy":"product_cat","embeddable":true,"href":"https:\/\/maybommini.vn\/index.php?rest_route=%2Fwp%2Fv2%2Fproduct_cat&post=256147"},{"taxonomy":"product_tag","embeddable":true,"href":"https:\/\/maybommini.vn\/index.php?rest_route=%2Fwp%2Fv2%2Fproduct_tag&post=256147"}],"curies":[{"name":"wp","href":"https:\/\/api.w.org\/{rel}","templated":true}]}}