{"id":256149,"date":"2018-04-12T19:30:03","date_gmt":"2018-04-12T12:30:03","guid":{"rendered":"https:\/\/maybommini.com\/san-pham\/import-placeholder-for-252441"},"modified":"2024-12-25T09:09:39","modified_gmt":"2024-12-25T02:09:39","slug":"may-bom-chim-mini-12v-5m","status":"publish","type":"product","link":"https:\/\/maybommini.vn\/?product=may-bom-chim-mini-12v-5m","title":{"rendered":"M\u00e1y b\u01a1m ch\u00ecm mini 12V 5M"},"content":{"rendered":"<h3><strong>M\u00e1y b\u01a1m ch\u00ecm mini 12V 5M l\u00e0 lo\u1ea1i m\u00e1y b\u01a1m mini\u00a0\u00e1p l\u1ef1c nh\u1ecf d\u00f9ng\u00a0\u0111\u1ec3 b\u01a1m n\u01b0\u1edbc, b\u01a1m n\u01b0\u1edbc l\u00e0m m\u00e1t m\u00e1y khoan c\u1eaft b\u00ea t\u00f4ng, m\u00e1y b\u01a1m m\u00e1y m\u00e1i kim lo\u1ea1i, m\u00e1y b\u01a1m CNC,.<\/strong>&#8230;<\/h3>\n<p><a href=\"https:\/\/maybommini.com\/wp-content\/uploads\/2018\/04\/bo-may-bom-nuoc-mini-30W-4L.jpg\" target=\"_blank\" rel=\"noopener\"><img decoding=\"async\" class=\"size-full wp-image-261282 aligncenter\" src=\"https:\/\/maybommini.com\/wp-content\/uploads\/2018\/04\/bo-may-bom-nuoc-mini-30W-4L.jpg\" alt=\"Bo May Bom Nuoc Mini 30W 4L\" width=\"750\" height=\"750\" srcset=\"https:\/\/maybommini.vn\/wp-content\/uploads\/2018\/04\/bo-may-bom-nuoc-mini-30W-4L.jpg 750w, https:\/\/maybommini.vn\/wp-content\/uploads\/2018\/04\/bo-may-bom-nuoc-mini-30W-4L-300x300.jpg 300w, https:\/\/maybommini.vn\/wp-content\/uploads\/2018\/04\/bo-may-bom-nuoc-mini-30W-4L-150x150.jpg 150w, https:\/\/maybommini.vn\/wp-content\/uploads\/2018\/04\/bo-may-bom-nuoc-mini-30W-4L-600x600.jpg 600w\" sizes=\"(max-width: 750px) 100vw, 750px\" \/><\/a><\/p>\n<p><strong>TH\u00d4NG S\u1ed0 K\u1ef8 THU\u1eacT<\/strong><br \/>\n\u0110i\u1ec7n th\u1ebf: 12V<br \/>\nC\u00f4ng su\u1ea5t: 30W<br \/>\nB\u01a1m cao: 5 m\u00e9t<br \/>\nL\u01b0u l\u01b0\u1ee3ng: 4 L\/P<br \/>\nChi\u1ec1u cao b\u01a1m: 8cm<br \/>\n\u0110\u01b0\u1eddng k\u00ednh b\u01a1m: 3.2CM<br \/>\nNhi\u1ec7t \u0111\u1ed9 ho\u1ea1t \u0111\u1ed9ng: 0-80 \u0111\u1ed9<br \/>\n\u0110\u1ea7u v\u00e0o: 16mm<br \/>\n\u0110\u1ea7u ra: 6mm<br \/>\nK\u00e8m Adapter 12V.<\/p>\n<p><a href=\"https:\/\/maybommini.com\/wp-content\/uploads\/2018\/04\/may-bom-chim-12v-30w-4l.jpg\" target=\"_blank\" rel=\"noopener\"><img decoding=\"async\" class=\"size-full wp-image-261283 aligncenter\" src=\"https:\/\/maybommini.com\/wp-content\/uploads\/2018\/04\/may-bom-chim-12v-30w-4l.jpg\" alt=\"May Bom Chim 12v 30w 4l\" width=\"750\" height=\"750\" srcset=\"https:\/\/maybommini.vn\/wp-content\/uploads\/2018\/04\/may-bom-chim-12v-30w-4l.jpg 750w, https:\/\/maybommini.vn\/wp-content\/uploads\/2018\/04\/may-bom-chim-12v-30w-4l-300x300.jpg 300w, https:\/\/maybommini.vn\/wp-content\/uploads\/2018\/04\/may-bom-chim-12v-30w-4l-150x150.jpg 150w, https:\/\/maybommini.vn\/wp-content\/uploads\/2018\/04\/may-bom-chim-12v-30w-4l-600x600.jpg 600w\" sizes=\"(max-width: 750px) 100vw, 750px\" \/><\/a> <a href=\"https:\/\/maybommini.com\/wp-content\/uploads\/2018\/04\/may-bom-chim-12v-kem-nguon-dien.jpg\" target=\"_blank\" rel=\"noopener\"><img decoding=\"async\" class=\"size-full wp-image-261284 aligncenter\" src=\"https:\/\/maybommini.com\/wp-content\/uploads\/2018\/04\/may-bom-chim-12v-kem-nguon-dien.jpg\" alt=\"May Bom Chim 12v Kem Nguon Dien\" width=\"750\" height=\"750\" srcset=\"https:\/\/maybommini.vn\/wp-content\/uploads\/2018\/04\/may-bom-chim-12v-kem-nguon-dien.jpg 750w, https:\/\/maybommini.vn\/wp-content\/uploads\/2018\/04\/may-bom-chim-12v-kem-nguon-dien-300x300.jpg 300w, https:\/\/maybommini.vn\/wp-content\/uploads\/2018\/04\/may-bom-chim-12v-kem-nguon-dien-150x150.jpg 150w, https:\/\/maybommini.vn\/wp-content\/uploads\/2018\/04\/may-bom-chim-12v-kem-nguon-dien-600x600.jpg 600w\" sizes=\"(max-width: 750px) 100vw, 750px\" \/><\/a> <a href=\"https:\/\/maybommini.com\/wp-content\/uploads\/2018\/04\/bo-may-bom-chim-mini-12v-4l.jpg\" target=\"_blank\" rel=\"noopener\"><img decoding=\"async\" class=\"size-full wp-image-261281 aligncenter\" src=\"https:\/\/maybommini.com\/wp-content\/uploads\/2018\/04\/bo-may-bom-chim-mini-12v-4l.jpg\" alt=\"Bo May Bom Chim Mini 12v 4l\" width=\"750\" height=\"750\" srcset=\"https:\/\/maybommini.vn\/wp-content\/uploads\/2018\/04\/bo-may-bom-chim-mini-12v-4l.jpg 750w, https:\/\/maybommini.vn\/wp-content\/uploads\/2018\/04\/bo-may-bom-chim-mini-12v-4l-300x300.jpg 300w, https:\/\/maybommini.vn\/wp-content\/uploads\/2018\/04\/bo-may-bom-chim-mini-12v-4l-150x150.jpg 150w, https:\/\/maybommini.vn\/wp-content\/uploads\/2018\/04\/bo-may-bom-chim-mini-12v-4l-600x600.jpg 600w\" sizes=\"(max-width: 750px) 100vw, 750px\" \/><\/a><\/p>\n<p><strong>\u1ee8NG D\u1ee4NG M\u00c1Y B\u01a0M MINI 12V 5M<\/strong><br \/>\n&#8211; S\u1eed d\u1ee5ng r\u1ed9ng r\u00e3i trong c\u00e1c m\u00e1y khoan c\u1eaft, khe m\u00e1y c\u1eaft, m\u00e1y b\u01a1m l\u00e0m m\u00e1t h\u1ec7 th\u1ed1ng m\u00e1y t\u1ea1o h\u00ecnh, M\u00e1y CNC, v\u00f2i phun n\u01b0\u1edbc, vv.<br \/>\n&#8211; M\u00e1y b\u01a1m n\u01b0\u1edbc cho m\u00e1y c\u1eaft\u00a0\u0111\u00e1 hoa c\u01b0\u01a1ng, m\u00e1y b\u01a1m n\u01b0\u1edbc m\u00e1y m\u00e0i, &#8230;.<br \/>\n&#8211; C\u00f3 th\u1ec3 \u0111\u01b0\u1ee3c s\u1eed d\u1ee5ng nh\u01b0 gi\u00e1o d\u1ee5c, khoa h\u1ecdc v\u00e0 c\u00f4ng ngh\u1ec7, tr\u00ecnh di\u1ec5n s\u1ea3n ph\u1ea9m m\u1edbi v\u1edbi n\u01b0\u1edbc;<br \/>\n&#8211; C\u00f3 th\u1ec3 \u0111\u01b0\u1ee3c s\u1eed d\u1ee5ng cho ph\u00f2ng t\u1eafm, b\u1ec3 c\u00e1, rockeries, \u0111\u00e0i phun n\u01b0\u1edbc, vv &#8230;.<\/p>\n<p><a href=\"https:\/\/maybommini.com\/wp-content\/uploads\/2018\/04\/su-dung-may-bom-nuoc-chim-12v.jpg\" target=\"_blank\" rel=\"noopener\"><img decoding=\"async\" class=\"size-full wp-image-261285 aligncenter\" src=\"https:\/\/maybommini.com\/wp-content\/uploads\/2018\/04\/su-dung-may-bom-nuoc-chim-12v.jpg\" alt=\"Su Dung May Bom Nuoc Chim 12v\" width=\"750\" height=\"750\" srcset=\"https:\/\/maybommini.vn\/wp-content\/uploads\/2018\/04\/su-dung-may-bom-nuoc-chim-12v.jpg 750w, https:\/\/maybommini.vn\/wp-content\/uploads\/2018\/04\/su-dung-may-bom-nuoc-chim-12v-300x300.jpg 300w, https:\/\/maybommini.vn\/wp-content\/uploads\/2018\/04\/su-dung-may-bom-nuoc-chim-12v-150x150.jpg 150w, https:\/\/maybommini.vn\/wp-content\/uploads\/2018\/04\/su-dung-may-bom-nuoc-chim-12v-600x600.jpg 600w\" sizes=\"(max-width: 750px) 100vw, 750px\" \/><\/a> <a href=\"https:\/\/maybommini.com\/wp-content\/uploads\/2018\/04\/ung-dung-may-bom-chim-12v-30w.jpg\" target=\"_blank\" rel=\"noopener\"><img decoding=\"async\" class=\"size-full wp-image-261280 aligncenter\" src=\"https:\/\/maybommini.com\/wp-content\/uploads\/2018\/04\/ung-dung-may-bom-chim-12v-30w.jpg\" alt=\"Ung Dung May Bom Chim 12v 30w\" width=\"750\" height=\"750\" srcset=\"https:\/\/maybommini.vn\/wp-content\/uploads\/2018\/04\/ung-dung-may-bom-chim-12v-30w.jpg 750w, https:\/\/maybommini.vn\/wp-content\/uploads\/2018\/04\/ung-dung-may-bom-chim-12v-30w-300x300.jpg 300w, https:\/\/maybommini.vn\/wp-content\/uploads\/2018\/04\/ung-dung-may-bom-chim-12v-30w-150x150.jpg 150w, https:\/\/maybommini.vn\/wp-content\/uploads\/2018\/04\/ung-dung-may-bom-chim-12v-30w-600x600.jpg 600w\" sizes=\"(max-width: 750px) 100vw, 750px\" \/><\/a><\/p>\n<p><strong>MUA M\u00c1Y B\u01a0M N\u01af\u1edaC MINI\u00a0\u1ede\u00a0\u0110\u00c2U ?<\/strong><br \/>\n<strong>CTY TNHH TH\u01af\u01a0NG M\u1ea0I D\u1ecaCH V\u1ee4 \u0110I\u1ec6N M\u00c1Y TH\u00d4NG MINH<\/strong><br \/>\nHotline : 090 729 4310<br \/>\nEmail : maybommini.com@gmail.com<br \/>\nWebsite : http:\/\/maybommini.com<br \/>\nFacebook : https:\/\/www.facebook.com\/maybommini<br \/>\nGoogle : https:\/\/plus.google.com\/ Maybomnuocminiruaxe<br \/>\nYoutube demo : https:\/\/www.youtube.com\/bahamasali<\/p>\n<h2 style=\"text-align: center;\"><em><strong>M\u00e1y b\u01a1m ch\u00ecm mini 12V 5M<\/strong><\/em><\/h2>\n","protected":false},"excerpt":{"rendered":"<p>\u0110i\u1ec7n th\u1ebf: 12V<br \/>\nC\u00f4ng su\u1ea5t: 30W<br \/>\nB\u01a1m cao: 5 m\u00e9t<br \/>\nL\u01b0u l\u01b0\u1ee3ng: 4 L\/P<br \/>\nChi\u1ec1u cao b\u01a1m: 8cm<br \/>\n\u0110\u01b0\u1eddng k\u00ednh b\u01a1m: 3.2CM<br \/>\nNhi\u1ec7t \u0111\u1ed9 ho\u1ea1t \u0111\u1ed9ng: 0-80 \u0111\u1ed9<br \/>\n\u0110\u1ea7u v\u00e0o: 16mm<br \/>\n\u0110\u1ea7u ra: 6mm<br \/>\nK\u00e8m Adapter 12V.<br \/>\nB\u1ea3o h\u00e0nh: 3 th\u00e1ng.<br \/>\nS\u1ea3n ph\u1ea9m cao c\u1ea5p<br \/>\nKh\u1eb3ng \u0111\u1ecbnh \u0111\u1ed9 an to\u00e0n, ch\u1ea5t l\u01b0\u1ee3ng s\u1ea3n ph\u1ea9m v\u1edbi ng\u01b0\u1eddi ti\u00eau dung.<br \/>\n<strong>H\u00f4\u0309 tr\u01a1\u0323 ky\u0303 thu\u00e2\u0323t vi\u0303nh vi\u00ea\u0303n.<\/strong><br \/>\n<strong>T\u01af V\u1ea4N K\u1ef8 THU\u1eacT \u2013 MUA H\u00c0NG<br \/>\n0908997823 \u2013 0908997872<br \/>\n0907294310 \u2013 02873030399<\/strong><\/p>\n","protected":false},"featured_media":261282,"comment_status":"open","ping_status":"closed","template":"","meta":[],"product_brand":[2227],"product_cat":[382,381],"product_tag":[267,812,2680,2681,713,235,714,715,716,717,231],"class_list":{"0":"post-256149","1":"product","2":"type-product","3":"status-publish","4":"has-post-thumbnail","6":"product_brand-mtm","7":"product_cat-may-bom-chim-12v","8":"product_cat-may-bom-chim","9":"product_tag-12v","10":"product_tag-12v-30w","11":"product_tag-12v-5m","12":"product_tag-4l","13":"product_tag-bom-nuoc-may-khoan","14":"product_tag-bom-nuoc-mini","15":"product_tag-mat-bom-lam-mat","16":"product_tag-mat-cat","17":"product_tag-may-bom-cat-da-hoa-cuong","18":"product_tag-may-bom-cnc","19":"product_tag-may-bom-mini","21":"first","22":"instock","23":"sale","24":"featured","25":"shipping-taxable","26":"purchasable","27":"product-type-simple"},"_links":{"self":[{"href":"https:\/\/maybommini.vn\/index.php?rest_route=\/wp\/v2\/product\/256149","targetHints":{"allow":["GET"]}}],"collection":[{"href":"https:\/\/maybommini.vn\/index.php?rest_route=\/wp\/v2\/product"}],"about":[{"href":"https:\/\/maybommini.vn\/index.php?rest_route=\/wp\/v2\/types\/product"}],"replies":[{"embeddable":true,"href":"https:\/\/maybommini.vn\/index.php?rest_route=%2Fwp%2Fv2%2Fcomments&post=256149"}],"wp:featuredmedia":[{"embeddable":true,"href":"https:\/\/maybommini.vn\/index.php?rest_route=\/wp\/v2\/media\/261282"}],"wp:attachment":[{"href":"https:\/\/maybommini.vn\/index.php?rest_route=%2Fwp%2Fv2%2Fmedia&parent=256149"}],"wp:term":[{"taxonomy":"product_brand","embeddable":true,"href":"https:\/\/maybommini.vn\/index.php?rest_route=%2Fwp%2Fv2%2Fproduct_brand&post=256149"},{"taxonomy":"product_cat","embeddable":true,"href":"https:\/\/maybommini.vn\/index.php?rest_route=%2Fwp%2Fv2%2Fproduct_cat&post=256149"},{"taxonomy":"product_tag","embeddable":true,"href":"https:\/\/maybommini.vn\/index.php?rest_route=%2Fwp%2Fv2%2Fproduct_tag&post=256149"}],"curies":[{"name":"wp","href":"https:\/\/api.w.org\/{rel}","templated":true}]}}